{"id":17805,"date":"2024-09-20T12:25:04","date_gmt":"2024-09-20T10:25:04","guid":{"rendered":"https:\/\/beatrice-mueller.de\/ueber-beatrice-mueller\/"},"modified":"2025-05-21T13:02:34","modified_gmt":"2025-05-21T11:02:34","slug":"ueber-beatrice-mueller","status":"publish","type":"page","link":"https:\/\/beatrice-mueller.de\/en\/ueber-beatrice-mueller\/","title":{"rendered":"About Beatrice M\u00fcller"},"content":{"rendered":"\n<style type=\"text\/css\" data-created_by=\"avia_inline_auto\" id=\"style-css-av-a3bnc-4e6cde240b6be3ee0022a7133affb933\">\n.avia-section.av-a3bnc-4e6cde240b6be3ee0022a7133affb933{\nbackground-repeat:no-repeat;\nbackground-image:url(https:\/\/beatrice-mueller.de\/wp-content\/uploads\/2021\/11\/BM_Homepage-Bildvorlage_BeatriceMueller-NEU.jpg);\nbackground-position:50% 0%;\nbackground-attachment:scroll;\n}\n<\/style>\n<div id='av_section_1'  class='avia-section av-a3bnc-4e6cde240b6be3ee0022a7133affb933 main_color avia-section-default avia-no-border-styling  avia-builder-el-0  el_before_av_one_half  avia-builder-el-first  avia-full-stretch avia-bg-style-scroll av-minimum-height av-minimum-height-75 av-height-75  container_wrap sidebar_right'  data-section-bg-repeat='stretch' data-av_minimum_height_pc='75' data-av_min_height_opt='75'><div class='container av-section-cont-open' ><main  role=\"main\" itemprop=\"mainContentOfPage\"  class='template-page content  av-content-small alpha units'><div class='post-entry post-entry-type-page post-entry-17805'><div class='entry-content-wrapper clearfix'>\n\n<style type=\"text\/css\" data-created_by=\"avia_inline_auto\" id=\"style-css-av-l4eeacny-3bbd51044ccd1549c727b77cb0aa9172\">\n#top .av-special-heading.av-l4eeacny-3bbd51044ccd1549c727b77cb0aa9172{\npadding-bottom:10px;\ncolor:#ffffff;\n}\nbody .av-special-heading.av-l4eeacny-3bbd51044ccd1549c727b77cb0aa9172 .av-special-heading-tag .heading-char{\nfont-size:25px;\n}\n.av-special-heading.av-l4eeacny-3bbd51044ccd1549c727b77cb0aa9172 .special-heading-inner-border{\nborder-color:#ffffff;\n}\n.av-special-heading.av-l4eeacny-3bbd51044ccd1549c727b77cb0aa9172 .av-subheading{\nfont-size:34px;\n}\n<\/style>\n<div  id=\"caption-bottom\"  class='av-special-heading av-l4eeacny-3bbd51044ccd1549c727b77cb0aa9172 av-special-heading-h1 custom-color-heading blockquote modern-quote modern-centered  avia-builder-el-1  avia-builder-el-no-sibling '><h1 class='av-special-heading-tag '  itemprop=\"headline\"  >About Beatrice M\u00fcller<\/h1><div class=\"special-heading-border\"><div class=\"special-heading-inner-border\"><\/div><\/div><\/div>\n<\/div><\/div><\/main><!-- close content main element --><\/div><\/div><div id='after_section_1'  class='main_color av_default_container_wrap container_wrap sidebar_right'  ><div class='container av-section-cont-open' ><div class='template-page content  av-content-small alpha units'><div class='post-entry post-entry-type-page post-entry-17805'><div class='entry-content-wrapper clearfix'><div class='flex_column_table av-kvha6m77-d5819ee43a034c4c3b5df9b598db1238 sc-av_one_half av-equal-height-column-flextable'><div  class='flex_column av-kvha6m77-d5819ee43a034c4c3b5df9b598db1238 av_one_half  avia-builder-el-2  el_after_av_section  el_before_av_one_half  avia-builder-el-first  first flex_column_table_cell av-equal-height-column av-align-top  '     ><section  class='av_textblock_section av-kvha55fp-888287d2aff15bdc796fbb2f69086671 '   itemscope=\"itemscope\" itemtype=\"https:\/\/schema.org\/CreativeWork\" ><div class='avia_textblock'  itemprop=\"text\" ><p>It all began at 17. Beatrice M\u00fcller decided to follow her own path. She applied to the Otto Falckenberg Drama School in Munich and was invited to take the entrance exam. She passed the entrance exam on the first attempt. However, according to the state school&#8217;s rules, she was too young to enter directly. She then left Germany and completed her Abitur (university entrance qualification) in England. There she decided to become a goldsmith \u2013 in other words, to learn a solid craft. Her classical goldsmith training was followed by a master craftsman&#8217;s examination and studies at the Academy of Jewelry and Design in Idar-Oberstein, where she graduated as a &#8220;State-Certified Designer.&#8221; She subsequently received the award for gemstone and jewelry design.<\/p>\n<p>In 1992, Beatrice <span class=\"error-spellcheck\" data-word=\"M\u00fcller\" data-suggestion=\"Miller|Muller|Mueller|Mahler|Mullet|Smeller\">M\u00fcller<\/span> founded the <span class=\"sc-dcJsrY jPczCJ AT-ate-chip--compact ate-chip--marker  ate-chip ate-chip--compact ate-chip--marker\" data-segment=\"gid_0\" data-type=\"g\"><span class=\"sc-dcJsrY jCHvdx AT-ate-chip--compact ate-chip--marker  ate-chip ate-chip--compact ate-chip--marker\" data-segment=\"gid_1\" data-type=\"g\">Schmuck Design <span class=\"error-spellcheck\" data-word=\"Objekte\" data-suggestion=\"Object|Objurgate|Abjectness\">Objekte<\/span><span class=\"sc-dcJsrY iMLoHX AT-ate-chip--compact ate-chip--marker  ate-chip ate-chip--compact ate-chip--marker\" data-segment=\"gid_2\" data-type=\"g\">\u00ae<\/span> studio<\/span><\/span> in Stein near Nuremberg. Since then, she has made a name for herself in the jewelry industry \u2013 both nationally and internationally.<\/p>\n<\/div><\/section><\/div><div class='av-flex-placeholder'><\/div><div  class='flex_column av-eauw8-890e45f2cc427cbaa227a101394b0d71 av_one_half  avia-builder-el-4  el_after_av_one_half  el_before_av_one_full  flex_column_table_cell av-equal-height-column av-align-top  '     ><section  class='av_textblock_section av-kvha6gdr-4f688de1e6d78aca741f86011206d628 '   itemscope=\"itemscope\" itemtype=\"https:\/\/schema.org\/CreativeWork\" ><div class='avia_textblock'  itemprop=\"text\" ><p>Enthusiastic customers, as well as various awards and honorary membership in \u201cwho\u2019s who\u201d are testament to this.<\/p>\n<p>Her extraordinary collections testify not only to her inexhaustible creativity, but also to her courage to defy conventions, whether in terms of form or material. She not only works with the finest metals, but also with concrete and brass.<\/p>\n<p>&#8220;I make themes wearable&#8221;: This maxim applies to all of Beatrice M\u00fcller&#8217;s jewelry and objects. Behind every creation\u2014whether her own designs or commissioned pieces\u2014lies a message, an emotion, a thought, or an anecdote.<\/p>\n<p>Recently, the jewelry designer and entrepreneur has taken a further path and is also working as <span class=\"sc-dcJsrY jPczCJ AT-ate-chip--compact ate-chip--marker  ate-chip ate-chip--compact ate-chip--marker\" data-segment=\"gid_0\" data-type=\"g\">a mentor<\/span> and speaker.<\/p>\n<\/div><\/section><\/div><\/div><!--close column table wrapper. Autoclose: 1 --><div  class='flex_column av-1wnazs-c977d794a7e22e36ab451ea9f16a2611 av_one_full  avia-builder-el-6  el_after_av_one_half  avia-builder-el-last  first flex_column_div  column-top-margin'     ><p>\n<style type=\"text\/css\" data-created_by=\"avia_inline_auto\" id=\"style-css-av-kvha77zl-8a548e11dfae356a77a729eb418fe0bd\">\n#top .av-special-heading.av-kvha77zl-8a548e11dfae356a77a729eb418fe0bd{\npadding-bottom:10px;\n}\nbody .av-special-heading.av-kvha77zl-8a548e11dfae356a77a729eb418fe0bd .av-special-heading-tag .heading-char{\nfont-size:25px;\n}\n.av-special-heading.av-kvha77zl-8a548e11dfae356a77a729eb418fe0bd .av-subheading{\nfont-size:15px;\n}\n<\/style>\n<div  class='av-special-heading av-kvha77zl-8a548e11dfae356a77a729eb418fe0bd av-special-heading-h2 blockquote modern-quote  avia-builder-el-7  el_before_av_textblock  avia-builder-el-first '><h2 class='av-special-heading-tag '  itemprop=\"headline\"  >Vita<\/h2><div class=\"special-heading-border\"><div class=\"special-heading-inner-border\"><\/div><\/div><\/div><br \/>\n<section  class='av_textblock_section av-kvha8ema-d5284dcc7941ab5bbe051c9348c96eb8 '   itemscope=\"itemscope\" itemtype=\"https:\/\/schema.org\/CreativeWork\" ><div class='avia_textblock'  itemprop=\"text\" ><table>\n<tbody>\n<tr>\n<td width=\"130\"><strong>1983-1986<\/strong><\/td>\n<td>Training as a goldsmith<\/td>\n<\/tr>\n<tr>\n<td width=\"130\"><strong>1986-1989<\/strong><\/td>\n<td>Worked as a journeyman goldsmith<\/td>\n<\/tr>\n<tr>\n<td width=\"130\"><strong>1989-1994<\/strong><\/td>\n<td>Studied jewelry design at the University of Applied Sciences for Jewelry and Design, Idar-Oberstein, graduated as a state-certified designer, simultaneously trained as a master goldsmith<\/td>\n<\/tr>\n<tr>\n<td width=\"130\"><strong>1990<\/strong><\/td>\n<td>Award in gemstone and jewelry design<\/td>\n<\/tr>\n<tr>\n<td width=\"130\"><strong>since 1991<\/strong><\/td>\n<td>Working for the industry and jewelry manufacturers<\/td>\n<\/tr>\n<tr>\n<td width=\"130\"><strong>1992<\/strong><\/td>\n<td>Founded <a href=\"https:\/\/beatrice-mueller.de\/atelier\/\"><strong>ATELIER SCHMUCK DESIGN OBJEKTE<sup>\u00ae<\/sup><\/strong><\/a><\/td>\n<\/tr>\n<tr>\n<td width=\"130\"><strong>1993-1999<\/strong><\/td>\n<td>Various exhibitions in Nuremberg, throughout Germany, and abroad; TV appearances on RTL, Sat 1, and Bavarian Broadcasting, various reports<\/td>\n<\/tr>\n<tr>\n<td width=\"130\"><strong>since 1994<\/strong><\/td>\n<td>Themed exhibitions in own atelier spaces, fashion shows<\/td>\n<\/tr>\n<tr>\n<td width=\"130\"><strong>since 1996<\/strong><\/td>\n<td>Painting on canvas and sculptural painting<\/td>\n<\/tr>\n<tr>\n<td width=\"130\"><strong>1999<\/strong><\/td>\n<td>Patent for hat and body jewelry<\/td>\n<\/tr>\n<tr>\n<td width=\"130\"><strong>2000<\/strong><\/td>\n<td>Honorary member of Who\u2019s Who<\/td>\n<\/tr>\n<tr>\n<td width=\"130\"><strong>2001<\/strong><\/td>\n<td>Patent for <a href=\"https:\/\/beatrice-mueller.de\/en\/kollektion\/antennas\/\"><strong>ANTENNEN<\/strong><\/a><\/td>\n<\/tr>\n<tr>\n<td width=\"130\"><strong>2002<\/strong><\/td>\n<td>Inclusion of the jewelry theme <a href=\"https:\/\/beatrice-mueller.de\/en\/kollektion\/antennas\/\"><strong>ANTENNEN<\/strong><\/a> in the Gallery of Designer Jewelry Stuart Moore, New York and San Francisco; various exhibitions domestically and internationally<\/td>\n<\/tr>\n<tr>\n<td width=\"130\"><strong>2004<\/strong><\/td>\n<td>Founded <a href=\"https:\/\/beatrice-mueller.de\/en\/splendor-and-glory\/\"><strong>Glanz und Gloria by Beatrice M\u00fcller\u00a9<\/strong><\/a><\/td>\n<\/tr>\n<tr>\n<td width=\"130\"><strong>2011<\/strong><\/td>\n<td>Award in the men\u2019s jewelry category at the Platinum Promenade competition by the Platinum Guild Germany for the lapel sticker from the collection <a href=\"https:\/\/beatrice-mueller.de\/en\/he-who-can-can\/\"><strong>WER KANN, DER KANN<\/strong><\/a><\/td>\n<\/tr>\n<tr>\n<td width=\"130\"><strong>2012<\/strong><\/td>\n<td>20 years of <a href=\"https:\/\/beatrice-mueller.de\/atelier\/\"><strong>ATELIER SCHMUCK DESIGN OBJEKTE<sup>\u00ae<\/sup><\/strong><\/a><\/td>\n<\/tr>\n<tr>\n<td><strong>2012<\/strong><\/td>\n<td>The collection <a href=\"https:\/\/beatrice-mueller.de\/second-skin\/\"><strong>SECOND SKIN<\/strong><\/a> created in collaboration with the <a href=\"https:\/\/www.wolfordshop.de\/\" target=\"_blank\" rel=\"noopener\">Wolford brand<\/a><\/td>\n<\/tr>\n<tr>\n<td><strong>2013<\/strong><\/td>\n<td>Collaboration with the Rosenthal manufactory and patent for the collection <a href=\"https:\/\/beatrice-mueller.de\/perfect-glas\/\"><strong>PERFECT GLAS<\/strong><\/a>. The atelier becomes an official \u201cRosenthal Approved Shop\u201d<\/td>\n<\/tr>\n<tr>\n<td><strong>2015<\/strong><\/td>\n<td>The collection <a href=\"https:\/\/beatrice-mueller.de\/en\/x-design\/\"><strong>X-Design<\/strong><\/a> is created, centered around the theme \u201cNo Stress\u201d<\/td>\n<\/tr>\n<tr>\n<td><strong>2017\/2018<\/strong><\/td>\n<td>Collaboration with <a href=\"https:\/\/www.golfhouse.de\/\" target=\"_blank\" rel=\"noopener\">Golf House Nuremberg<\/a><\/td>\n<\/tr>\n<tr>\n<td><strong>2020<\/strong><\/td>\n<td>The Corona crisis inspires the collection <a href=\"https:\/\/beatrice-mueller.de\/en\/cunz-x\/\"><strong>CuNz-x<\/strong><\/a> with anti-Corona jewelry made of brass<\/td>\n<\/tr>\n<tr>\n<td><strong>2020<\/strong><\/td>\n<td>Book publication: <strong>\u201cJewelry is not decoration \u2026 and the wearer is not a billboard\u201d<\/strong><\/td>\n<\/tr>\n<tr>\n<td><strong>2020<\/strong><\/td>\n<td>Winner of the international <strong>Speaker Slam World Championship<\/strong><\/td>\n<\/tr>\n<tr>\n<td><strong>2021<\/strong><\/td>\n<td>Working as a <a href=\"https:\/\/beatrice-mueller.de\/en\/mentor\/\"><strong>mentor and speaker<\/strong><\/a><\/td>\n<\/tr>\n<\/tbody>\n<\/table>\n<\/div><\/section><\/p><\/div><\/p>\n","protected":false},"excerpt":{"rendered":"","protected":false},"author":1,"featured_media":0,"parent":0,"menu_order":0,"comment_status":"closed","ping_status":"closed","template":"","meta":{"_glsr_average":0,"_glsr_ranking":0,"_glsr_reviews":0,"footnotes":""},"class_list":["post-17805","page","type-page","status-publish","hentry"],"yoast_head":"<!-- This site is optimized with the Yoast SEO plugin v25.6 - https:\/\/yoast.com\/wordpress\/plugins\/seo\/ -->\n<title>About Beatrice M\u00fcller - Beatrice M\u00fcller<\/title>\n<meta name=\"description\" content=\"It all began at 17. Beatrice M\u00fcller decided to follow her own path. She applied to the Otto Falckenberg Drama School.\" \/>\n<meta name=\"robots\" content=\"index, follow, max-snippet:-1, max-image-preview:large, max-video-preview:-1\" \/>\n<link rel=\"canonical\" href=\"https:\/\/beatrice-mueller.de\/en\/ueber-beatrice-mueller\/\" \/>\n<meta property=\"og:locale\" content=\"en_US\" \/>\n<meta property=\"og:type\" content=\"article\" \/>\n<meta property=\"og:title\" content=\"About Beatrice M\u00fcller - Beatrice M\u00fcller\" \/>\n<meta property=\"og:description\" content=\"It all began at 17. Beatrice M\u00fcller decided to follow her own path. She applied to the Otto Falckenberg Drama School.\" \/>\n<meta property=\"og:url\" content=\"https:\/\/beatrice-mueller.de\/en\/ueber-beatrice-mueller\/\" \/>\n<meta property=\"og:site_name\" content=\"Beatrice M\u00fcller\" \/>\n<meta property=\"article:modified_time\" content=\"2025-05-21T11:02:34+00:00\" \/>\n<meta name=\"twitter:card\" content=\"summary_large_image\" \/>\n<meta name=\"twitter:label1\" content=\"Est. reading time\" \/>\n\t<meta name=\"twitter:data1\" content=\"4 minutes\" \/>\n<script type=\"application\/ld+json\" class=\"yoast-schema-graph\">{\"@context\":\"https:\/\/schema.org\",\"@graph\":[{\"@type\":\"WebPage\",\"@id\":\"https:\/\/beatrice-mueller.de\/en\/ueber-beatrice-mueller\/\",\"url\":\"https:\/\/beatrice-mueller.de\/en\/ueber-beatrice-mueller\/\",\"name\":\"About Beatrice M\u00fcller - Beatrice M\u00fcller\",\"isPartOf\":{\"@id\":\"https:\/\/beatrice-mueller.de\/en\/#website\"},\"datePublished\":\"2024-09-20T10:25:04+00:00\",\"dateModified\":\"2025-05-21T11:02:34+00:00\",\"description\":\"It all began at 17. Beatrice M\u00fcller decided to follow her own path. She applied to the Otto Falckenberg Drama School.\",\"breadcrumb\":{\"@id\":\"https:\/\/beatrice-mueller.de\/en\/ueber-beatrice-mueller\/#breadcrumb\"},\"inLanguage\":\"en-US\",\"potentialAction\":[{\"@type\":\"ReadAction\",\"target\":[\"https:\/\/beatrice-mueller.de\/en\/ueber-beatrice-mueller\/\"]}]},{\"@type\":\"BreadcrumbList\",\"@id\":\"https:\/\/beatrice-mueller.de\/en\/ueber-beatrice-mueller\/#breadcrumb\",\"itemListElement\":[{\"@type\":\"ListItem\",\"position\":1,\"name\":\"Startseite\",\"item\":\"https:\/\/beatrice-mueller.de\/en\/\"},{\"@type\":\"ListItem\",\"position\":2,\"name\":\"About Beatrice M\u00fcller\"}]},{\"@type\":\"WebSite\",\"@id\":\"https:\/\/beatrice-mueller.de\/en\/#website\",\"url\":\"https:\/\/beatrice-mueller.de\/en\/\",\"name\":\"Beatrice M\u00fcller\",\"description\":\"Schmuckdesign\",\"potentialAction\":[{\"@type\":\"SearchAction\",\"target\":{\"@type\":\"EntryPoint\",\"urlTemplate\":\"https:\/\/beatrice-mueller.de\/en\/?s={search_term_string}\"},\"query-input\":{\"@type\":\"PropertyValueSpecification\",\"valueRequired\":true,\"valueName\":\"search_term_string\"}}],\"inLanguage\":\"en-US\"}]}<\/script>\n<!-- \/ Yoast SEO plugin. -->","yoast_head_json":{"title":"About Beatrice M\u00fcller - Beatrice M\u00fcller","description":"It all began at 17. Beatrice M\u00fcller decided to follow her own path. She applied to the Otto Falckenberg Drama School.","robots":{"index":"index","follow":"follow","max-snippet":"max-snippet:-1","max-image-preview":"max-image-preview:large","max-video-preview":"max-video-preview:-1"},"canonical":"https:\/\/beatrice-mueller.de\/en\/ueber-beatrice-mueller\/","og_locale":"en_US","og_type":"article","og_title":"About Beatrice M\u00fcller - Beatrice M\u00fcller","og_description":"It all began at 17. Beatrice M\u00fcller decided to follow her own path. She applied to the Otto Falckenberg Drama School.","og_url":"https:\/\/beatrice-mueller.de\/en\/ueber-beatrice-mueller\/","og_site_name":"Beatrice M\u00fcller","article_modified_time":"2025-05-21T11:02:34+00:00","twitter_card":"summary_large_image","twitter_misc":{"Est. reading time":"4 minutes"},"schema":{"@context":"https:\/\/schema.org","@graph":[{"@type":"WebPage","@id":"https:\/\/beatrice-mueller.de\/en\/ueber-beatrice-mueller\/","url":"https:\/\/beatrice-mueller.de\/en\/ueber-beatrice-mueller\/","name":"About Beatrice M\u00fcller - Beatrice M\u00fcller","isPartOf":{"@id":"https:\/\/beatrice-mueller.de\/en\/#website"},"datePublished":"2024-09-20T10:25:04+00:00","dateModified":"2025-05-21T11:02:34+00:00","description":"It all began at 17. Beatrice M\u00fcller decided to follow her own path. She applied to the Otto Falckenberg Drama School.","breadcrumb":{"@id":"https:\/\/beatrice-mueller.de\/en\/ueber-beatrice-mueller\/#breadcrumb"},"inLanguage":"en-US","potentialAction":[{"@type":"ReadAction","target":["https:\/\/beatrice-mueller.de\/en\/ueber-beatrice-mueller\/"]}]},{"@type":"BreadcrumbList","@id":"https:\/\/beatrice-mueller.de\/en\/ueber-beatrice-mueller\/#breadcrumb","itemListElement":[{"@type":"ListItem","position":1,"name":"Startseite","item":"https:\/\/beatrice-mueller.de\/en\/"},{"@type":"ListItem","position":2,"name":"About Beatrice M\u00fcller"}]},{"@type":"WebSite","@id":"https:\/\/beatrice-mueller.de\/en\/#website","url":"https:\/\/beatrice-mueller.de\/en\/","name":"Beatrice M\u00fcller","description":"Schmuckdesign","potentialAction":[{"@type":"SearchAction","target":{"@type":"EntryPoint","urlTemplate":"https:\/\/beatrice-mueller.de\/en\/?s={search_term_string}"},"query-input":{"@type":"PropertyValueSpecification","valueRequired":true,"valueName":"search_term_string"}}],"inLanguage":"en-US"}]}},"_links":{"self":[{"href":"https:\/\/beatrice-mueller.de\/en\/wp-json\/wp\/v2\/pages\/17805","targetHints":{"allow":["GET"]}}],"collection":[{"href":"https:\/\/beatrice-mueller.de\/en\/wp-json\/wp\/v2\/pages"}],"about":[{"href":"https:\/\/beatrice-mueller.de\/en\/wp-json\/wp\/v2\/types\/page"}],"author":[{"embeddable":true,"href":"https:\/\/beatrice-mueller.de\/en\/wp-json\/wp\/v2\/users\/1"}],"replies":[{"embeddable":true,"href":"https:\/\/beatrice-mueller.de\/en\/wp-json\/wp\/v2\/comments?post=17805"}],"version-history":[{"count":9,"href":"https:\/\/beatrice-mueller.de\/en\/wp-json\/wp\/v2\/pages\/17805\/revisions"}],"predecessor-version":[{"id":35372,"href":"https:\/\/beatrice-mueller.de\/en\/wp-json\/wp\/v2\/pages\/17805\/revisions\/35372"}],"wp:attachment":[{"href":"https:\/\/beatrice-mueller.de\/en\/wp-json\/wp\/v2\/media?parent=17805"}],"curies":[{"name":"wp","href":"https:\/\/api.w.org\/{rel}","templated":true}]}}