{"id":19635,"date":"2024-10-18T15:00:05","date_gmt":"2024-10-18T13:00:05","guid":{"rendered":"https:\/\/beatrice-mueller.de\/wintertraeume\/"},"modified":"2024-10-18T15:00:05","modified_gmt":"2024-10-18T13:00:05","slug":"wintertraeume","status":"publish","type":"page","link":"https:\/\/beatrice-mueller.de\/en\/wintertraeume\/","title":{"rendered":"Wintertraeume"},"content":{"rendered":"<div id='av_section_1'  class='avia-section av-2nhrcxo-74c1bbb529e585baeb333eb5b25f4252 main_color avia-section-default avia-no-border-styling  avia-builder-el-0  el_before_av_one_half  avia-builder-el-first  avia-bg-style-scroll container_wrap sidebar_right'  ><div class='container av-section-cont-open' ><main  role=\"main\" itemprop=\"mainContentOfPage\"  class='template-page content  av-content-small alpha units'><div class='post-entry post-entry-type-page post-entry-19635'><div class='entry-content-wrapper clearfix'>\n<div class='flex_column_table av-ly2n9kal-86a48fd2531e3bd07273fccd0264d1fd sc-av_one_half av-equal-height-column-flextable'>\n<style type=\"text\/css\" data-created_by=\"avia_inline_auto\" id=\"style-css-av-ly2n9kal-86a48fd2531e3bd07273fccd0264d1fd\">\n#top .flex_column_table.av-equal-height-column-flextable.av-ly2n9kal-86a48fd2531e3bd07273fccd0264d1fd{\nmargin-top:0px;\nmargin-bottom:0px;\n}\n<\/style>\n<div  class='flex_column av-ly2n9kal-86a48fd2531e3bd07273fccd0264d1fd av_one_half  avia-builder-el-1  el_before_av_one_half  avia-builder-el-first  first flex_column_table_cell av-equal-height-column av-align-top  '     ><p>\n<style type=\"text\/css\" data-created_by=\"avia_inline_auto\" id=\"style-css-av-3mrxjw8-4dcac43d2933a600bce454136779767c\">\n#top .av-special-heading.av-3mrxjw8-4dcac43d2933a600bce454136779767c{\npadding-bottom:10px;\n}\nbody .av-special-heading.av-3mrxjw8-4dcac43d2933a600bce454136779767c .av-special-heading-tag .heading-char{\nfont-size:25px;\n}\n.av-special-heading.av-3mrxjw8-4dcac43d2933a600bce454136779767c .av-subheading{\nfont-size:15px;\n}\n<\/style>\n<div  class='av-special-heading av-3mrxjw8-4dcac43d2933a600bce454136779767c av-special-heading-h1 blockquote modern-quote  avia-builder-el-2  el_before_av_heading  avia-builder-el-first '><h1 class='av-special-heading-tag '  itemprop=\"headline\"  >Wintertr\u00e4ume 2024 <\/h1><div class='av-subheading av-subheading_below'><p>Sternenzauber im Schloss Faber-Castell<\/p>\n<\/div><div class=\"special-heading-border\"><div class=\"special-heading-inner-border\"><\/div><\/div><\/div><br \/>\n\n<style type=\"text\/css\" data-created_by=\"avia_inline_auto\" id=\"style-css-av-m2er1lf6-a4f2c6adbeff024bb18c0caccd7331e6\">\n#top .av-special-heading.av-m2er1lf6-a4f2c6adbeff024bb18c0caccd7331e6{\npadding-bottom:10px;\n}\nbody .av-special-heading.av-m2er1lf6-a4f2c6adbeff024bb18c0caccd7331e6 .av-special-heading-tag .heading-char{\nfont-size:25px;\n}\n.av-special-heading.av-m2er1lf6-a4f2c6adbeff024bb18c0caccd7331e6 .av-subheading{\nfont-size:15px;\n}\n<\/style>\n<div  class='av-special-heading av-m2er1lf6-a4f2c6adbeff024bb18c0caccd7331e6 av-special-heading-h3 blockquote modern-quote  avia-builder-el-3  el_after_av_heading  el_before_av_textblock '><h3 class='av-special-heading-tag '  itemprop=\"headline\"  >15.11. \/ 16. 11. \/ 17.11.2024<\/h3><div class=\"special-heading-border\"><div class=\"special-heading-inner-border\"><\/div><\/div><\/div><br \/>\n<section  class='av_textblock_section av-ly2n2uke-3d6f20c9ebf000f9f50efc273d3ce9fc '   itemscope=\"itemscope\" itemtype=\"https:\/\/schema.org\/CreativeWork\" ><div class='avia_textblock'  itemprop=\"text\" ><p>Willkommen zu \u201cWintertr\u00e4ume 2024\u201d im Schloss Faber-Castell, wo das Motto \u201cStern\u201d im Mittelpunkt steht. Lassen Sie sich von einer Ausstellung voller f\u00fchlbarer und tragbarer Energie verzaubern \u2013 mit einzigartigen Meteoriten, funkelndem Schmuck und faszinierenden Designobjekten, die die Magie des Himmels widerspiegeln.<\/p>\n<p>Im Jagdzimmer erwarten Sie erlesene handwerkliche Kunstwerke aus unserer eigenen Goldschmiedewerkstatt. Lassen Sie sich von der meisterhaften Verarbeitung und dem unverwechselbaren Stil inspirieren. Gerne k\u00f6nnen Sie einen pers\u00f6nlichen Beratungstermin vereinbaren, um mit unseren losen Edelsteinen Ihr eigenes, individuelles Schmuckst\u00fcck anfertigen zu lassen.<\/p>\n<p>F\u00fcr ein exklusives Erlebnis steht Ihnen au\u00dferdem unser Diamant-Experte in der stilvollen Tabaklounge zur Verf\u00fcgung. Vereinbaren Sie hierf\u00fcr einen Termin \u00fcber unser Formular.<\/p>\n<p>Erleben Sie \u201cWintertr\u00e4ume 2024\u201d \u2013 eine Ausstellung, die Sternenzauber und meisterhafte Handwerkskunst in perfekter Harmonie vereint.<\/p>\n<\/div><\/section><br \/>\n\n<style type=\"text\/css\" data-created_by=\"avia_inline_auto\" id=\"style-css-av-ly2n5zkr-fa9a39378b2fd94b5a7f4f94a9551a7e\">\n#top .avia-icon-list-container.av-ly2n5zkr-fa9a39378b2fd94b5a7f4f94a9551a7e .iconlist_icon{\nbackground-color:#262626;\n}\n<\/style>\n<div  class='avia-icon-list-container av-ly2n5zkr-fa9a39378b2fd94b5a7f4f94a9551a7e  avia-builder-el-5  el_after_av_textblock  avia-builder-el-last '><ul class='avia-icon-list avia_animate_when_almost_visible avia-icon-list-left av-iconlist-big av-ly2n5zkr-fa9a39378b2fd94b5a7f4f94a9551a7e avia-iconlist-animate'>\n<li><div class='iconlist_icon av-ly2n4um9-c224ebe01374796db6209425bf7c2409 avia-font-entypo-fontello'><span class='iconlist-char' aria-hidden='true' data-av_icon='\ue862' data-av_iconfont='entypo-fontello'><\/span><\/div><article class=\"article-icon-entry \"  itemscope=\"itemscope\" itemtype=\"https:\/\/schema.org\/CreativeWork\" ><div class=\"iconlist_content_wrap\"><header class=\"entry-content-header\" aria-label=\"Icon: Wann?\"><h4 class='av_iconlist_title iconlist_title  '  itemprop=\"headline\" >Wann?<\/h4><\/header><div class='iconlist_content '  itemprop=\"text\" ><p>FREITAG 15.NOV. 2024<br \/>\n14 -22 UHR<br \/>\nSAMSTAG 16.NOV 2024<br \/>\n11 -21 UHR<br \/>\nSONNTAG 17.NOV.2024<br \/>\n11 -19 UHR<\/p>\n<\/div><\/div><footer class=\"entry-footer\"><\/footer><\/article><div class=\"iconlist-timeline\"><\/div><\/li>\n<li><div class='iconlist_icon av-ly2n7c1w-1ec8057d0379e603a76177cdefdc4fab avia-font-entypo-fontello'><span class='iconlist-char' aria-hidden='true' data-av_icon='\ue842' data-av_iconfont='entypo-fontello'><\/span><\/div><article class=\"article-icon-entry \"  itemscope=\"itemscope\" itemtype=\"https:\/\/schema.org\/CreativeWork\" ><div class=\"iconlist_content_wrap\"><header class=\"entry-content-header\" aria-label=\"Icon: Wo?\"><h4 class='av_iconlist_title iconlist_title  '  itemprop=\"headline\" >Wo?<\/h4><\/header><div class='iconlist_content '  itemprop=\"text\" ><p>Graf von Faber-Castell&#8217;sches Schloss<br \/>\nRednitzstra\u00dfe 2<br \/>\n90547 Stein<\/p>\n<\/div><\/div><footer class=\"entry-footer\"><\/footer><\/article><div class=\"iconlist-timeline\"><\/div><\/li>\n<\/ul><\/div><\/p><\/div><div class='av-flex-placeholder'><\/div>\n<style type=\"text\/css\" data-created_by=\"avia_inline_auto\" id=\"style-css-av-1nxvtss-28210baf7c67f66af22bc7626f56dc3b\">\n#top .flex_column_table.av-equal-height-column-flextable.av-1nxvtss-28210baf7c67f66af22bc7626f56dc3b{\nmargin-top:0px;\nmargin-bottom:0px;\n}\n<\/style>\n<div  class='flex_column av-1nxvtss-28210baf7c67f66af22bc7626f56dc3b av_one_half  avia-builder-el-6  el_after_av_one_half  avia-builder-el-last  flex_column_table_cell av-equal-height-column av-align-top  '     ><style type=\"text\/css\" data-created_by=\"avia_inline_auto\" id=\"style-css-av-m0w5lwq2-102046395a0036dc6612eecac7bf7d37\">\n.avia-image-container.av-m0w5lwq2-102046395a0036dc6612eecac7bf7d37 img.avia_image{\nbox-shadow:none;\n}\n.avia-image-container.av-m0w5lwq2-102046395a0036dc6612eecac7bf7d37 .av-image-caption-overlay-center{\ncolor:#ffffff;\n}\n<\/style>\n<div  class='avia-image-container av-m0w5lwq2-102046395a0036dc6612eecac7bf7d37 av-styling- avia-align-center  avia-builder-el-7  avia-builder-el-no-sibling '   itemprop=\"image\" itemscope=\"itemscope\" itemtype=\"https:\/\/schema.org\/ImageObject\" ><div class=\"avia-image-container-inner\"><div class=\"avia-image-overlay-wrap\"><img decoding=\"async\" fetchpriority=\"high\" class='wp-image-17954 avia-img-lazy-loading-not-17954 avia_image ' src=\"https:\/\/beatrice-mueller.de\/wp-content\/uploads\/Einladung_Insta_Canva.jpg\" alt='' title='Tulpin (Banner (Quadratisch)) - 10'  height=\"1080\" width=\"1080\"  itemprop=\"thumbnailUrl\" srcset=\"https:\/\/beatrice-mueller.de\/wp-content\/uploads\/Einladung_Insta_Canva.jpg 1080w, https:\/\/beatrice-mueller.de\/wp-content\/uploads\/Einladung_Insta_Canva-300x300.jpg 300w, https:\/\/beatrice-mueller.de\/wp-content\/uploads\/Einladung_Insta_Canva-1030x1030.jpg 1030w, https:\/\/beatrice-mueller.de\/wp-content\/uploads\/Einladung_Insta_Canva-80x80.jpg 80w, https:\/\/beatrice-mueller.de\/wp-content\/uploads\/Einladung_Insta_Canva-768x768.jpg 768w, https:\/\/beatrice-mueller.de\/wp-content\/uploads\/Einladung_Insta_Canva-36x36.jpg 36w, https:\/\/beatrice-mueller.de\/wp-content\/uploads\/Einladung_Insta_Canva-180x180.jpg 180w, https:\/\/beatrice-mueller.de\/wp-content\/uploads\/Einladung_Insta_Canva-705x705.jpg 705w, https:\/\/beatrice-mueller.de\/wp-content\/uploads\/Einladung_Insta_Canva-120x120.jpg 120w, https:\/\/beatrice-mueller.de\/wp-content\/uploads\/Einladung_Insta_Canva-450x450.jpg 450w, https:\/\/beatrice-mueller.de\/wp-content\/uploads\/Einladung_Insta_Canva-600x600.jpg 600w, https:\/\/beatrice-mueller.de\/wp-content\/uploads\/Einladung_Insta_Canva-100x100.jpg 100w\" sizes=\"(max-width: 1080px) 100vw, 1080px\" \/><\/div><\/div><\/div><\/div><\/div><!--close column table wrapper. Autoclose: 1 --><\/div><\/div><\/main><!-- close content main element --><\/div><\/div><div id='after_section_1'  class='main_color av_default_container_wrap container_wrap sidebar_right'  ><div class='container av-section-cont-open' ><div class='template-page content  av-content-small alpha units'><div class='post-entry post-entry-type-page post-entry-19635'><div class='entry-content-wrapper clearfix'><div  class='flex_column av-327n6bc-75ae2fa5c02a3401d4e283ef0839c059 av_one_half  avia-builder-el-8  el_after_av_section  el_before_av_one_half  avia-builder-el-first  first flex_column_div  '     ><style type=\"text\/css\" data-created_by=\"avia_inline_auto\" id=\"style-css-av-1yhbdmk-5d159ca6dc0492e1be96f7c194d8a9cd\">\n#top .av-special-heading.av-1yhbdmk-5d159ca6dc0492e1be96f7c194d8a9cd{\npadding-bottom:10px;\n}\nbody .av-special-heading.av-1yhbdmk-5d159ca6dc0492e1be96f7c194d8a9cd .av-special-heading-tag .heading-char{\nfont-size:25px;\n}\n.av-special-heading.av-1yhbdmk-5d159ca6dc0492e1be96f7c194d8a9cd .av-subheading{\nfont-size:15px;\n}\n<\/style>\n<div  class='av-special-heading av-1yhbdmk-5d159ca6dc0492e1be96f7c194d8a9cd av-special-heading-h2 blockquote modern-quote  avia-builder-el-9  avia-builder-el-no-sibling '><h2 class='av-special-heading-tag '  itemprop=\"headline\"  >Wintertr\u00e4ume 2024 <\/h2><div class='av-subheading av-subheading_below'><p>Die Welt der Diamanten im Raum Tabaklounge<\/p>\n<\/div><div class=\"special-heading-border\"><div class=\"special-heading-inner-border\"><\/div><\/div><\/div><\/div><\/p>\n<div  class='flex_column av-2fuxp2w-ac696fd909739605ef0880ed48def37b av_one_half  avia-builder-el-10  el_after_av_one_half  el_before_av_one_half  flex_column_div  '     ><\/div>\n<div  class='flex_column av-23haqs8-9fd896389076ce65ad3bbbc32a0075f3 av_one_half  avia-builder-el-11  el_after_av_one_half  el_before_av_one_half  first flex_column_div  column-top-margin'     ><section  class='av_textblock_section av-1p7wnug-d073bb351abc77dad22f91b0e72b09c8 '   itemscope=\"itemscope\" itemtype=\"https:\/\/schema.org\/CreativeWork\" ><div class='avia_textblock'  itemprop=\"text\" ><p>Betreten Sie die funkelnde Welt der Diamanten durch den Eingang im strahlenden Spiegelsaal und lassen Sie sich im Raum Tabaklounge verzaubern. In einer privaten Sitzung f\u00fcr bis zu vier Personen bieten wir Ihnen nach vorheriger Terminvereinbarung die M\u00f6glichkeit, unsere erlesenen Brillanten und Diamanten aus n\u00e4chster N\u00e4he zu erleben.<\/p>\n<p>Unsere Experten f\u00fchren Sie in die faszinierende Welt der \u201c4 Cs\u201d \u2013 Carat (Karat), Color (Farbe), Clarity (Reinheit) und Cut (Schliff) \u2013 ein und erl\u00e4utern, was diese Qualit\u00e4tsmerkmale \u00fcber die Edelsteine aussagen.<\/p>\n<\/div><\/section><\/div>\n<div  class='flex_column av-19c3ygo-39b4455747e95310bb7b06095b40da1c av_one_half  avia-builder-el-13  el_after_av_one_half  el_before_av_one_full  flex_column_div  column-top-margin'     ><section  class='av_textblock_section av-m2euxxd0-71e06b129f8a06d9259653119d36d322 '   itemscope=\"itemscope\" itemtype=\"https:\/\/schema.org\/CreativeWork\" ><div class='avia_textblock'  itemprop=\"text\" ><section class=\"av_textblock_section av-nk27x4-3c180168cc64f6ba5a669046b6b3c4a7 \">\n<div class=\"avia_textblock\">\n<p>Mit au\u00dfergew\u00f6hnlichen Bestimmungswerkzeugen wie einem Refraktometer machen wir die einzigartigen Eigenschaften der Diamanten sichtbar und erlebbar.<\/p>\n<p>Vereinbaren Sie Ihren pers\u00f6nlichen Termin \u00fcber das Formular auf unserer Homepage und erleben Sie die Magie der Edelsteine im Raum Tabaklounge. Der Eingang befindet sich im prachtvollen Spiegelsaal.<\/p>\n<\/div>\n<\/section>\n<\/div><\/section><\/div>\n<div  class='flex_column av-k8by60-06f204d30ad36488022392fd40af128e av_one_full  avia-builder-el-15  el_after_av_one_half  el_before_av_section  avia-builder-el-last  first flex_column_div  column-top-margin'     ><div  class='avia-buttonrow-wrap av-ly8fjr3o-ea475ac5f87696070f3fb904db977740 avia-buttonrow-center  avia-builder-el-16  avia-builder-el-no-sibling '>\n\n<style type=\"text\/css\" data-created_by=\"avia_inline_auto\" id=\"style-css-av-ly8fl58e-49df8d44627868735e8477173cc9e445\">\n#top #wrap_all .avia-button.av-ly8fl58e-49df8d44627868735e8477173cc9e445{\nmargin-bottom:5px;\nmargin-right:3px;\nmargin-left:3px;\n}\n<\/style>\n<a href='#anmeldung'  class='avia-button av-ly8fl58e-49df8d44627868735e8477173cc9e445 avia-icon_select-yes-left-icon avia-size-small avia-color-theme-color'   aria-label=\"Jetzt zum Brillantenseminar anmelden\"><span class='avia_button_icon avia_button_icon_left ' aria-hidden='true' data-av_icon='\ue80c' data-av_iconfont='entypo-fontello'><\/span><span class='avia_iconbox_title' >Jetzt zum Brillantenseminar anmelden<\/span><\/a>\n<\/div><\/div>\n<\/div><\/div><\/div><!-- close content main div --><\/div><\/div><div id='av_section_2'  class='avia-section av-180cyrg-d3b25f5f99eb3c02403e4cf69758065c main_color avia-section-default avia-no-border-styling  avia-builder-el-17  el_after_av_one_full  el_before_av_section  avia-bg-style-scroll container_wrap sidebar_right'  ><div class='container av-section-cont-open' ><div class='template-page content  av-content-small alpha units'><div class='post-entry post-entry-type-page post-entry-19635'><div class='entry-content-wrapper clearfix'>\n\n<style type=\"text\/css\" data-created_by=\"avia_inline_auto\" id=\"style-css-av-jru7q4-310faf17f6b1abf34f182a6207a62934\">\n#top .av-special-heading.av-jru7q4-310faf17f6b1abf34f182a6207a62934{\npadding-bottom:10px;\n}\nbody .av-special-heading.av-jru7q4-310faf17f6b1abf34f182a6207a62934 .av-special-heading-tag .heading-char{\nfont-size:25px;\n}\n.av-special-heading.av-jru7q4-310faf17f6b1abf34f182a6207a62934 .av-subheading{\nfont-size:15px;\n}\n<\/style>\n<div  class='av-special-heading av-jru7q4-310faf17f6b1abf34f182a6207a62934 av-special-heading-h2 blockquote modern-quote  avia-builder-el-18  el_before_av_google_map  avia-builder-el-no-sibling '><h2 class='av-special-heading-tag '  itemprop=\"headline\"  >So kommst du zum Graf von Faber-Castell\u2019sches Schloss<\/h2><div class=\"special-heading-border\"><div class=\"special-heading-inner-border\"><\/div><\/div><\/div>\n<div  class='av_gmaps_sc_main_wrap av_gmaps_main_wrap '><div id='av_gmap_0' class='avia-google-map-container avia-google-map-sc av_gmaps_show_unconditionally av-no-fallback-img ' data-mapid='av_gmap_0'  style='height: 400px;'><a class=\"av_gmaps_browser_disabled av_text_confirm_link av_text_confirm_link_visible\" href=\"https:\/\/www.google.com\/maps\/search\/?api=1&#038;query=Rednitzstra\u00dfe%202%2090547%20Stein\" target=\"_blank\" rel=\"noopener\">Maps were disabled by the visitor on this site. Click to open the map in a new window.<\/a><\/div><\/div>\n\n<\/div><\/div><\/div><!-- close content main div --><\/div><\/div>\n<style type=\"text\/css\" data-created_by=\"avia_inline_auto\" id=\"style-css-av-tqm0v0-fbed8f4df03f60065daadfe3be4252c0\">\n.avia-section.av-tqm0v0-fbed8f4df03f60065daadfe3be4252c0{\nbackground-color:#575756;\nbackground-image:unset;\n}\n<\/style>\n<div id='anmeldung'  class='avia-section av-tqm0v0-fbed8f4df03f60065daadfe3be4252c0 main_color avia-section-default avia-no-border-styling  avia-builder-el-20  el_after_av_section  avia-builder-el-last  avia-bg-style-scroll container_wrap sidebar_right'  ><div class='container av-section-cont-open' ><div class='template-page content  av-content-small alpha units'><div class='post-entry post-entry-type-page post-entry-19635'><div class='entry-content-wrapper clearfix'>\n<div  class='flex_column av-1rv3uho-595fd484aaddf77c2348d4d45dd54336 av_one_fifth  avia-builder-el-21  el_before_av_three_fifth  avia-builder-el-first  first flex_column_div  '     ><\/div>\n<style type=\"text\/css\" data-created_by=\"avia_inline_auto\" id=\"style-css-av-1buhj3w-280fcce9df6dbe6862f1f7918fa3eaf0\">\n.flex_column.av-1buhj3w-280fcce9df6dbe6862f1f7918fa3eaf0{\nborder-radius:20px 20px 20px 20px;\npadding:20px 20px 20px 20px;\nbackground-color:#ffffff;\n}\n<\/style>\n<div  class='flex_column av-1buhj3w-280fcce9df6dbe6862f1f7918fa3eaf0 av_three_fifth  avia-builder-el-22  el_after_av_one_fifth  el_before_av_one_fifth  flex_column_div  '     ><p>\n<style type=\"text\/css\" data-created_by=\"avia_inline_auto\" id=\"style-css-av-ly2mzroc-dd2baec8ec3ec82d72b466989aa3013a\">\n#top .av-special-heading.av-ly2mzroc-dd2baec8ec3ec82d72b466989aa3013a{\npadding-bottom:10px;\ncolor:#000000;\n}\nbody .av-special-heading.av-ly2mzroc-dd2baec8ec3ec82d72b466989aa3013a .av-special-heading-tag .heading-char{\nfont-size:25px;\n}\n.av-special-heading.av-ly2mzroc-dd2baec8ec3ec82d72b466989aa3013a .special-heading-inner-border{\nborder-color:#000000;\n}\n.av-special-heading.av-ly2mzroc-dd2baec8ec3ec82d72b466989aa3013a .av-subheading{\nfont-size:15px;\n}\n<\/style>\n<div  class='av-special-heading av-ly2mzroc-dd2baec8ec3ec82d72b466989aa3013a av-special-heading-h2 custom-color-heading blockquote modern-quote modern-centered  avia-builder-el-23  el_before_av_codeblock  avia-builder-el-first '><h2 class='av-special-heading-tag '  itemprop=\"headline\"  >Zur Veranstaltung anmelden<\/h2><div class=\"special-heading-border\"><div class=\"special-heading-inner-border\"><\/div><\/div><\/div><br \/>\n<\/p><\/div><div  class='flex_column av-pk1hz0-f5c168e47aaeec554206385046120965 av_one_fifth  avia-builder-el-25  el_after_av_three_fifth  avia-builder-el-last  flex_column_div  '     ><\/div>\n<\/div><\/div><\/div><!-- close content main div --><\/div><\/div><div id='after_section_3'  class='main_color av_default_container_wrap container_wrap sidebar_right'  ><div class='container av-section-cont-open' ><div class='template-page content  av-content-small alpha units'><div class='post-entry post-entry-type-page post-entry-19635'><div class='entry-content-wrapper clearfix'>\n","protected":false},"excerpt":{"rendered":"","protected":false},"author":1,"featured_media":17954,"parent":0,"menu_order":0,"comment_status":"closed","ping_status":"closed","template":"","meta":{"_glsr_average":0,"_glsr_ranking":0,"_glsr_reviews":0,"footnotes":""},"class_list":["post-19635","page","type-page","status-publish","has-post-thumbnail","hentry"],"yoast_head":"<!-- This site is optimized with the Yoast SEO plugin v25.6 - https:\/\/yoast.com\/wordpress\/plugins\/seo\/ -->\n<title>Wintertraeume - Beatrice M\u00fcller<\/title>\n<meta name=\"description\" content=\"Entdecke unsere Mailand-Kreationen bei Cocktails, Mini-Bowls und au\u00dfergew\u00f6hnlichem Schmuck im sommerlichen Ambiente.\" \/>\n<meta name=\"robots\" content=\"index, follow, max-snippet:-1, max-image-preview:large, max-video-preview:-1\" \/>\n<link rel=\"canonical\" href=\"https:\/\/beatrice-mueller.de\/en\/wintertraeume\/\" \/>\n<meta property=\"og:locale\" content=\"en_US\" \/>\n<meta property=\"og:type\" content=\"article\" \/>\n<meta property=\"og:title\" content=\"Wintertraeume - Beatrice M\u00fcller\" \/>\n<meta property=\"og:description\" content=\"Entdecke unsere Mailand-Kreationen bei Cocktails, Mini-Bowls und au\u00dfergew\u00f6hnlichem Schmuck im sommerlichen Ambiente.\" \/>\n<meta property=\"og:url\" content=\"https:\/\/beatrice-mueller.de\/en\/wintertraeume\/\" \/>\n<meta property=\"og:site_name\" content=\"Beatrice M\u00fcller\" \/>\n<meta property=\"og:image\" content=\"https:\/\/beatrice-mueller.de\/wp-content\/uploads\/Einladung_Insta_Canva.jpg\" \/>\n\t<meta property=\"og:image:width\" content=\"1080\" \/>\n\t<meta property=\"og:image:height\" content=\"1080\" \/>\n\t<meta property=\"og:image:type\" content=\"image\/jpeg\" \/>\n<meta name=\"twitter:card\" content=\"summary_large_image\" \/>\n<meta name=\"twitter:label1\" content=\"Est. reading time\" \/>\n\t<meta name=\"twitter:data1\" content=\"3 minutes\" \/>\n<script type=\"application\/ld+json\" class=\"yoast-schema-graph\">{\"@context\":\"https:\/\/schema.org\",\"@graph\":[{\"@type\":\"WebPage\",\"@id\":\"https:\/\/beatrice-mueller.de\/en\/wintertraeume\/\",\"url\":\"https:\/\/beatrice-mueller.de\/en\/wintertraeume\/\",\"name\":\"Wintertraeume - Beatrice M\u00fcller\",\"isPartOf\":{\"@id\":\"https:\/\/beatrice-mueller.de\/en\/#website\"},\"primaryImageOfPage\":{\"@id\":\"https:\/\/beatrice-mueller.de\/en\/wintertraeume\/#primaryimage\"},\"image\":{\"@id\":\"https:\/\/beatrice-mueller.de\/en\/wintertraeume\/#primaryimage\"},\"thumbnailUrl\":\"https:\/\/beatrice-mueller.de\/wp-content\/uploads\/Einladung_Insta_Canva.jpg\",\"datePublished\":\"2024-10-18T13:00:05+00:00\",\"description\":\"Entdecke unsere Mailand-Kreationen bei Cocktails, Mini-Bowls und au\u00dfergew\u00f6hnlichem Schmuck im sommerlichen Ambiente.\",\"breadcrumb\":{\"@id\":\"https:\/\/beatrice-mueller.de\/en\/wintertraeume\/#breadcrumb\"},\"inLanguage\":\"en-US\",\"potentialAction\":[{\"@type\":\"ReadAction\",\"target\":[\"https:\/\/beatrice-mueller.de\/en\/wintertraeume\/\"]}]},{\"@type\":\"ImageObject\",\"inLanguage\":\"en-US\",\"@id\":\"https:\/\/beatrice-mueller.de\/en\/wintertraeume\/#primaryimage\",\"url\":\"https:\/\/beatrice-mueller.de\/wp-content\/uploads\/Einladung_Insta_Canva.jpg\",\"contentUrl\":\"https:\/\/beatrice-mueller.de\/wp-content\/uploads\/Einladung_Insta_Canva.jpg\",\"width\":1080,\"height\":1080},{\"@type\":\"BreadcrumbList\",\"@id\":\"https:\/\/beatrice-mueller.de\/en\/wintertraeume\/#breadcrumb\",\"itemListElement\":[{\"@type\":\"ListItem\",\"position\":1,\"name\":\"Startseite\",\"item\":\"https:\/\/beatrice-mueller.de\/en\/\"},{\"@type\":\"ListItem\",\"position\":2,\"name\":\"Wintertraeume\"}]},{\"@type\":\"WebSite\",\"@id\":\"https:\/\/beatrice-mueller.de\/en\/#website\",\"url\":\"https:\/\/beatrice-mueller.de\/en\/\",\"name\":\"Beatrice M\u00fcller\",\"description\":\"Schmuckdesign\",\"potentialAction\":[{\"@type\":\"SearchAction\",\"target\":{\"@type\":\"EntryPoint\",\"urlTemplate\":\"https:\/\/beatrice-mueller.de\/en\/?s={search_term_string}\"},\"query-input\":{\"@type\":\"PropertyValueSpecification\",\"valueRequired\":true,\"valueName\":\"search_term_string\"}}],\"inLanguage\":\"en-US\"}]}<\/script>\n<!-- \/ Yoast SEO plugin. -->","yoast_head_json":{"title":"Wintertraeume - Beatrice M\u00fcller","description":"Entdecke unsere Mailand-Kreationen bei Cocktails, Mini-Bowls und au\u00dfergew\u00f6hnlichem Schmuck im sommerlichen Ambiente.","robots":{"index":"index","follow":"follow","max-snippet":"max-snippet:-1","max-image-preview":"max-image-preview:large","max-video-preview":"max-video-preview:-1"},"canonical":"https:\/\/beatrice-mueller.de\/en\/wintertraeume\/","og_locale":"en_US","og_type":"article","og_title":"Wintertraeume - Beatrice M\u00fcller","og_description":"Entdecke unsere Mailand-Kreationen bei Cocktails, Mini-Bowls und au\u00dfergew\u00f6hnlichem Schmuck im sommerlichen Ambiente.","og_url":"https:\/\/beatrice-mueller.de\/en\/wintertraeume\/","og_site_name":"Beatrice M\u00fcller","og_image":[{"width":1080,"height":1080,"url":"https:\/\/beatrice-mueller.de\/wp-content\/uploads\/Einladung_Insta_Canva.jpg","type":"image\/jpeg"}],"twitter_card":"summary_large_image","twitter_misc":{"Est. reading time":"3 minutes"},"schema":{"@context":"https:\/\/schema.org","@graph":[{"@type":"WebPage","@id":"https:\/\/beatrice-mueller.de\/en\/wintertraeume\/","url":"https:\/\/beatrice-mueller.de\/en\/wintertraeume\/","name":"Wintertraeume - Beatrice M\u00fcller","isPartOf":{"@id":"https:\/\/beatrice-mueller.de\/en\/#website"},"primaryImageOfPage":{"@id":"https:\/\/beatrice-mueller.de\/en\/wintertraeume\/#primaryimage"},"image":{"@id":"https:\/\/beatrice-mueller.de\/en\/wintertraeume\/#primaryimage"},"thumbnailUrl":"https:\/\/beatrice-mueller.de\/wp-content\/uploads\/Einladung_Insta_Canva.jpg","datePublished":"2024-10-18T13:00:05+00:00","description":"Entdecke unsere Mailand-Kreationen bei Cocktails, Mini-Bowls und au\u00dfergew\u00f6hnlichem Schmuck im sommerlichen Ambiente.","breadcrumb":{"@id":"https:\/\/beatrice-mueller.de\/en\/wintertraeume\/#breadcrumb"},"inLanguage":"en-US","potentialAction":[{"@type":"ReadAction","target":["https:\/\/beatrice-mueller.de\/en\/wintertraeume\/"]}]},{"@type":"ImageObject","inLanguage":"en-US","@id":"https:\/\/beatrice-mueller.de\/en\/wintertraeume\/#primaryimage","url":"https:\/\/beatrice-mueller.de\/wp-content\/uploads\/Einladung_Insta_Canva.jpg","contentUrl":"https:\/\/beatrice-mueller.de\/wp-content\/uploads\/Einladung_Insta_Canva.jpg","width":1080,"height":1080},{"@type":"BreadcrumbList","@id":"https:\/\/beatrice-mueller.de\/en\/wintertraeume\/#breadcrumb","itemListElement":[{"@type":"ListItem","position":1,"name":"Startseite","item":"https:\/\/beatrice-mueller.de\/en\/"},{"@type":"ListItem","position":2,"name":"Wintertraeume"}]},{"@type":"WebSite","@id":"https:\/\/beatrice-mueller.de\/en\/#website","url":"https:\/\/beatrice-mueller.de\/en\/","name":"Beatrice M\u00fcller","description":"Schmuckdesign","potentialAction":[{"@type":"SearchAction","target":{"@type":"EntryPoint","urlTemplate":"https:\/\/beatrice-mueller.de\/en\/?s={search_term_string}"},"query-input":{"@type":"PropertyValueSpecification","valueRequired":true,"valueName":"search_term_string"}}],"inLanguage":"en-US"}]}},"_links":{"self":[{"href":"https:\/\/beatrice-mueller.de\/en\/wp-json\/wp\/v2\/pages\/19635","targetHints":{"allow":["GET"]}}],"collection":[{"href":"https:\/\/beatrice-mueller.de\/en\/wp-json\/wp\/v2\/pages"}],"about":[{"href":"https:\/\/beatrice-mueller.de\/en\/wp-json\/wp\/v2\/types\/page"}],"author":[{"embeddable":true,"href":"https:\/\/beatrice-mueller.de\/en\/wp-json\/wp\/v2\/users\/1"}],"replies":[{"embeddable":true,"href":"https:\/\/beatrice-mueller.de\/en\/wp-json\/wp\/v2\/comments?post=19635"}],"version-history":[{"count":0,"href":"https:\/\/beatrice-mueller.de\/en\/wp-json\/wp\/v2\/pages\/19635\/revisions"}],"wp:featuredmedia":[{"embeddable":true,"href":"https:\/\/beatrice-mueller.de\/en\/wp-json\/wp\/v2\/media\/17954"}],"wp:attachment":[{"href":"https:\/\/beatrice-mueller.de\/en\/wp-json\/wp\/v2\/media?parent=19635"}],"curies":[{"name":"wp","href":"https:\/\/api.w.org\/{rel}","templated":true}]}}