{"id":19647,"date":"2024-07-01T09:13:05","date_gmt":"2024-07-01T07:13:05","guid":{"rendered":"https:\/\/beatrice-mueller.de\/illusion\/"},"modified":"2024-07-01T09:13:05","modified_gmt":"2024-07-01T07:13:05","slug":"illusion","status":"publish","type":"page","link":"https:\/\/beatrice-mueller.de\/en\/illusion\/","title":{"rendered":"ILLUSION"},"content":{"rendered":"<div id='av_section_1'  class='avia-section av-2nhrcxo-74c1bbb529e585baeb333eb5b25f4252 main_color avia-section-default avia-no-border-styling  avia-builder-el-0  el_before_av_section  avia-builder-el-first  avia-bg-style-scroll container_wrap sidebar_right'  ><div class='container av-section-cont-open' ><main  role=\"main\" itemprop=\"mainContentOfPage\"  class='template-page content  av-content-small alpha units'><div class='post-entry post-entry-type-page post-entry-19647'><div class='entry-content-wrapper clearfix'>\n<div class='flex_column_table av-ly2n9kal-86a48fd2531e3bd07273fccd0264d1fd sc-av_one_half av-equal-height-column-flextable'>\n<style type=\"text\/css\" data-created_by=\"avia_inline_auto\" id=\"style-css-av-ly2n9kal-86a48fd2531e3bd07273fccd0264d1fd\">\n#top .flex_column_table.av-equal-height-column-flextable.av-ly2n9kal-86a48fd2531e3bd07273fccd0264d1fd{\nmargin-top:0px;\nmargin-bottom:0px;\n}\n<\/style>\n<div  class='flex_column av-ly2n9kal-86a48fd2531e3bd07273fccd0264d1fd av_one_half  avia-builder-el-1  el_before_av_one_half  avia-builder-el-first  first flex_column_table_cell av-equal-height-column av-align-top  '     ><p>\n<style type=\"text\/css\" data-created_by=\"avia_inline_auto\" id=\"style-css-av-1yhbdmk-961436f514ddc5f9be84ec8b7f9ec5ea\">\n#top .av-special-heading.av-1yhbdmk-961436f514ddc5f9be84ec8b7f9ec5ea{\npadding-bottom:10px;\n}\nbody .av-special-heading.av-1yhbdmk-961436f514ddc5f9be84ec8b7f9ec5ea .av-special-heading-tag .heading-char{\nfont-size:25px;\n}\n.av-special-heading.av-1yhbdmk-961436f514ddc5f9be84ec8b7f9ec5ea .av-subheading{\nfont-size:15px;\n}\n<\/style>\n<div  class='av-special-heading av-1yhbdmk-961436f514ddc5f9be84ec8b7f9ec5ea av-special-heading-h1 blockquote modern-quote  avia-builder-el-2  el_before_av_textblock  avia-builder-el-first '><h1 class='av-special-heading-tag '  itemprop=\"headline\"  >ILLUSION: 5.\/6. Oktober 2024<\/h1><div class=\"special-heading-border\"><div class=\"special-heading-inner-border\"><\/div><\/div><\/div><br \/>\n<section  class='av_textblock_section av-ly2n2uke-3d6f20c9ebf000f9f50efc273d3ce9fc '   itemscope=\"itemscope\" itemtype=\"https:\/\/schema.org\/CreativeWork\" ><div class='avia_textblock'  itemprop=\"text\" ><div class=\"x11i5rnm xat24cr x1mh8g0r x1vvkbs xtlvy1s x126k92a\">\n<div dir=\"auto\" style=\"text-align: start\">In einer Welt voller Gegens\u00e4tze zeigen wir in unserer Ausstellung Illusion Schmuck, der Tradition und Moderne spielerisch verbindet.<\/div>\n<div dir=\"auto\" style=\"text-align: start\">Entdecken Sie einzigartige Kreationen, die barocken Glanz mit der Leichtigkeit einer Zuckerkette verschmelzen lassen und die Kunst unserer Zeit reflektieren.<\/div>\n<div dir=\"auto\" style=\"text-align: start\">Erleben sie die Spannung und Sch\u00f6nheit in einer Zeit des Wandels mit Arbeiten aus unserer Werkstatt.<\/div>\n<\/div>\n<p>Freue Dich auf:<\/p>\n<ul>\n<li>Atemberaubende Schmuckst\u00fccke \ud83d\udc8e\u2728<\/li>\n<li>Erfrischende Cocktails \ud83c\udf78<\/li>\n<li>Leckere Mini-Bowls \ud83e\udd59<\/li>\n<li>ein <strong>Freigetr\u00e4nk<\/strong> an der Bar (<a href=\"#anmeldung\">bei Anmeldung<\/a>)\ud83c\udf79<\/li>\n<\/ul>\n<p><strong>Besonderheiten:<\/strong> Dieses Event steht ganz unter dem Motto ILLUSION. Genie\u00dfe die entspannte und inspirierende Umgebung, feiere mit uns die Kunst des Schmucks.<\/p>\n<\/div><\/section><br \/>\n\n<style type=\"text\/css\" data-created_by=\"avia_inline_auto\" id=\"style-css-av-ly2n5zkr-fa9a39378b2fd94b5a7f4f94a9551a7e\">\n#top .avia-icon-list-container.av-ly2n5zkr-fa9a39378b2fd94b5a7f4f94a9551a7e .iconlist_icon{\nbackground-color:#262626;\n}\n<\/style>\n<div  class='avia-icon-list-container av-ly2n5zkr-fa9a39378b2fd94b5a7f4f94a9551a7e  avia-builder-el-4  el_after_av_textblock  el_before_av_buttonrow '><ul class='avia-icon-list avia_animate_when_almost_visible avia-icon-list-left av-iconlist-big av-ly2n5zkr-fa9a39378b2fd94b5a7f4f94a9551a7e avia-iconlist-animate'>\n<li><div class='iconlist_icon av-ly2n4um9-c224ebe01374796db6209425bf7c2409 avia-font-entypo-fontello'><span class='iconlist-char' aria-hidden='true' data-av_icon='\ue862' data-av_iconfont='entypo-fontello'><\/span><\/div><article class=\"article-icon-entry \"  itemscope=\"itemscope\" itemtype=\"https:\/\/schema.org\/CreativeWork\" ><div class=\"iconlist_content_wrap\"><header class=\"entry-content-header\" aria-label=\"Icon: Wann?\"><h4 class='av_iconlist_title iconlist_title  '  itemprop=\"headline\" >Wann?<\/h4><\/header><div class='iconlist_content '  itemprop=\"text\" ><div class=\"x11i5rnm xat24cr x1mh8g0r x1vvkbs xtlvy1s x126k92a\">\n<div dir=\"auto\" style=\"text-align: start\">SAMSTAG 05.OKT.2024 11 -21 UHR<\/div>\n<div dir=\"auto\" style=\"text-align: start\">SONNTAG 06.OKT.2024 11 -20 UHR<\/div>\n<\/div>\n<\/div><\/div><footer class=\"entry-footer\"><\/footer><\/article><div class=\"iconlist-timeline\"><\/div><\/li>\n<li><div class='iconlist_icon av-ly2n7c1w-1ec8057d0379e603a76177cdefdc4fab avia-font-entypo-fontello'><span class='iconlist-char' aria-hidden='true' data-av_icon='\ue842' data-av_iconfont='entypo-fontello'><\/span><\/div><article class=\"article-icon-entry \"  itemscope=\"itemscope\" itemtype=\"https:\/\/schema.org\/CreativeWork\" ><div class=\"iconlist_content_wrap\"><header class=\"entry-content-header\" aria-label=\"Icon: Wo?\"><h4 class='av_iconlist_title iconlist_title  '  itemprop=\"headline\" >Wo?<\/h4><\/header><div class='iconlist_content '  itemprop=\"text\" ><p>ATELIER SCHMUCK DESIGN OBJEKTE<br \/>\nHauptstra\u00dfe 51<br \/>\n90547 Stein<\/p>\n<\/div><\/div><footer class=\"entry-footer\"><\/footer><\/article><div class=\"iconlist-timeline\"><\/div><\/li>\n<\/ul><\/div><br \/>\n<div  class='avia-buttonrow-wrap av-ly8fjr3o-ea475ac5f87696070f3fb904db977740 avia-buttonrow-center  avia-builder-el-5  el_after_av_iconlist  avia-builder-el-last '>\n\n<style type=\"text\/css\" data-created_by=\"avia_inline_auto\" id=\"style-css-av-ly8fl58e-996e0f44bae658cbfdabb8882eb4ad52\">\n#top #wrap_all .avia-button.av-ly8fl58e-996e0f44bae658cbfdabb8882eb4ad52{\nmargin-bottom:5px;\nmargin-right:3px;\nmargin-left:3px;\n}\n<\/style>\n<a href='#anmeldung'  class='avia-button av-ly8fl58e-996e0f44bae658cbfdabb8882eb4ad52 avia-icon_select-yes-left-icon avia-size-small avia-color-theme-color'   aria-label=\"Zur Veranstaltung anmelden\"><span class='avia_button_icon avia_button_icon_left ' aria-hidden='true' data-av_icon='\ue80c' data-av_iconfont='entypo-fontello'><\/span><span class='avia_iconbox_title' >Zur Veranstaltung anmelden<\/span><\/a>\n\n<style type=\"text\/css\" data-created_by=\"avia_inline_auto\" id=\"style-css-av-ly8fjnbm-a4e712017cddac664d1fe2b2a0084741\">\n#top #wrap_all .avia-button.av-ly8fjnbm-a4e712017cddac664d1fe2b2a0084741{\nmargin-bottom:5px;\nmargin-right:3px;\nmargin-left:3px;\n}\n<\/style>\n<a href='https:\/\/beatrice-mueller.de\/wp-content\/uploads\/first-friday-juli.ics' class='avia-button av-ly8fjnbm-a4e712017cddac664d1fe2b2a0084741 avia-icon_select-yes-left-icon avia-size-small avia-color-theme-color' target=\"_blank\" rel=\"noopener noreferrer\" aria-label=\"Termin im Kalender speichern\"><span class='avia_button_icon avia_button_icon_left ' aria-hidden='true' data-av_icon='\ue82d' data-av_iconfont='entypo-fontello'><\/span><span class='avia_iconbox_title' >Termin im Kalender speichern<\/span><\/a>\n<\/div><\/p><\/div><div class='av-flex-placeholder'><\/div>\n<style type=\"text\/css\" data-created_by=\"avia_inline_auto\" id=\"style-css-av-1nxvtss-28210baf7c67f66af22bc7626f56dc3b\">\n#top .flex_column_table.av-equal-height-column-flextable.av-1nxvtss-28210baf7c67f66af22bc7626f56dc3b{\nmargin-top:0px;\nmargin-bottom:0px;\n}\n<\/style>\n<div  class='flex_column av-1nxvtss-28210baf7c67f66af22bc7626f56dc3b av_one_half  avia-builder-el-6  el_after_av_one_half  avia-builder-el-last  flex_column_table_cell av-equal-height-column av-align-top  '     ><style type=\"text\/css\" data-created_by=\"avia_inline_auto\" id=\"style-css-av-m0w5lwq2-f296d17a46535594fd3f746e262897d6\">\n.avia-image-container.av-m0w5lwq2-f296d17a46535594fd3f746e262897d6 img.avia_image{\nbox-shadow:none;\n}\n.avia-image-container.av-m0w5lwq2-f296d17a46535594fd3f746e262897d6 .av-image-caption-overlay-center{\ncolor:#ffffff;\n}\n<\/style>\n<div  class='avia-image-container av-m0w5lwq2-f296d17a46535594fd3f746e262897d6 av-styling- avia-align-center  avia-builder-el-7  avia-builder-el-no-sibling '   itemprop=\"image\" itemscope=\"itemscope\" itemtype=\"https:\/\/schema.org\/ImageObject\" ><div class=\"avia-image-container-inner\"><div class=\"avia-image-overlay-wrap\"><img decoding=\"async\" fetchpriority=\"high\" class='wp-image-40098 avia-img-lazy-loading-not-40098 avia_image ' src=\"https:\/\/beatrice-mueller.de\/wp-content\/uploads\/Einladung-illustion-1030x525.jpg\" alt='' title='Einladungskarte Illusion (210 x 105 mm) (214 x 109 mm)'  height=\"525\" width=\"1030\"  itemprop=\"thumbnailUrl\" srcset=\"https:\/\/beatrice-mueller.de\/wp-content\/uploads\/Einladung-illustion-1030x525.jpg 1030w, https:\/\/beatrice-mueller.de\/wp-content\/uploads\/Einladung-illustion-300x153.jpg 300w, https:\/\/beatrice-mueller.de\/wp-content\/uploads\/Einladung-illustion-768x391.jpg 768w, https:\/\/beatrice-mueller.de\/wp-content\/uploads\/Einladung-illustion-1536x782.jpg 1536w, https:\/\/beatrice-mueller.de\/wp-content\/uploads\/Einladung-illustion-2048x1043.jpg 2048w, https:\/\/beatrice-mueller.de\/wp-content\/uploads\/Einladung-illustion-1500x764.jpg 1500w, https:\/\/beatrice-mueller.de\/wp-content\/uploads\/Einladung-illustion-705x359.jpg 705w, https:\/\/beatrice-mueller.de\/wp-content\/uploads\/Einladung-illustion-450x229.jpg 450w, https:\/\/beatrice-mueller.de\/wp-content\/uploads\/Einladung-illustion-600x306.jpg 600w\" sizes=\"(max-width: 1030px) 100vw, 1030px\" \/><\/div><\/div><\/div><\/div><\/div><!--close column table wrapper. Autoclose: 1 --><\/div><\/div><\/main><!-- close content main element --><\/div><\/div><div id='av_section_2'  class='avia-section av-180cyrg-d3b25f5f99eb3c02403e4cf69758065c main_color avia-section-default avia-no-border-styling  avia-builder-el-8  el_after_av_section  el_before_av_section  avia-bg-style-scroll container_wrap sidebar_right'  ><div class='container av-section-cont-open' ><div class='template-page content  av-content-small alpha units'><div class='post-entry post-entry-type-page post-entry-19647'><div class='entry-content-wrapper clearfix'>\n\n<style type=\"text\/css\" data-created_by=\"avia_inline_auto\" id=\"style-css-av-jru7q4-48d12462f84106f00a7771a9517c0efe\">\n#top .av-special-heading.av-jru7q4-48d12462f84106f00a7771a9517c0efe{\npadding-bottom:10px;\n}\nbody .av-special-heading.av-jru7q4-48d12462f84106f00a7771a9517c0efe .av-special-heading-tag .heading-char{\nfont-size:25px;\n}\n.av-special-heading.av-jru7q4-48d12462f84106f00a7771a9517c0efe .av-subheading{\nfont-size:15px;\n}\n<\/style>\n<div  class='av-special-heading av-jru7q4-48d12462f84106f00a7771a9517c0efe av-special-heading-h2 blockquote modern-quote  avia-builder-el-9  el_before_av_google_map  avia-builder-el-no-sibling '><h2 class='av-special-heading-tag '  itemprop=\"headline\"  >So kommst du zum Atelier<\/h2><div class=\"special-heading-border\"><div class=\"special-heading-inner-border\"><\/div><\/div><\/div>\n<div  class='av_gmaps_sc_main_wrap av_gmaps_main_wrap '><div id='av_gmap_0' class='avia-google-map-container avia-google-map-sc av_gmaps_show_unconditionally av-no-fallback-img ' data-mapid='av_gmap_0'  style='height: 400px;'><a class=\"av_gmaps_browser_disabled av_text_confirm_link av_text_confirm_link_visible\" href=\"https:\/\/www.google.com\/maps\/search\/?api=1&#038;query=Hauptstra\u00dfe%2051%2090547%20Stein\" target=\"_blank\" rel=\"noopener\">Maps were disabled by the visitor on this site. Click to open the map in a new window.<\/a><\/div><\/div>\n<\/p>\n<\/div><\/div><\/div><!-- close content main div --><\/div><\/div>\n<style type=\"text\/css\" data-created_by=\"avia_inline_auto\" id=\"style-css-av-tqm0v0-a5ebda3f708b0325b8c5dfd466ef1fb4\">\n.avia-section.av-tqm0v0-a5ebda3f708b0325b8c5dfd466ef1fb4{\nbackground-color:#575756;\nbackground-image:unset;\n}\n<\/style>\n<div id='anmeldung'  class='avia-section av-tqm0v0-a5ebda3f708b0325b8c5dfd466ef1fb4 main_color avia-section-default avia-no-border-styling  avia-builder-el-11  el_after_av_section  avia-builder-el-last  avia-bg-style-scroll container_wrap sidebar_right'  ><div class='container av-section-cont-open' ><div class='template-page content  av-content-small alpha units'><div class='post-entry post-entry-type-page post-entry-19647'><div class='entry-content-wrapper clearfix'>\n<div  class='flex_column av-1rv3uho-595fd484aaddf77c2348d4d45dd54336 av_one_fifth  avia-builder-el-12  el_before_av_three_fifth  avia-builder-el-first  first flex_column_div  '     ><\/div><div  class='flex_column av-1buhj3w-8807f59d006f7ce31843ecb3b3e62300 av_three_fifth  avia-builder-el-13  el_after_av_one_fifth  el_before_av_one_fifth  flex_column_div  '     ><p>\n<style type=\"text\/css\" data-created_by=\"avia_inline_auto\" id=\"style-css-av-ly2mzroc-a7fce2689e0844c69a38cc9a7babcc85\">\n#top .av-special-heading.av-ly2mzroc-a7fce2689e0844c69a38cc9a7babcc85{\npadding-bottom:10px;\ncolor:#ffffff;\n}\nbody .av-special-heading.av-ly2mzroc-a7fce2689e0844c69a38cc9a7babcc85 .av-special-heading-tag .heading-char{\nfont-size:25px;\n}\n.av-special-heading.av-ly2mzroc-a7fce2689e0844c69a38cc9a7babcc85 .special-heading-inner-border{\nborder-color:#ffffff;\n}\n.av-special-heading.av-ly2mzroc-a7fce2689e0844c69a38cc9a7babcc85 .av-subheading{\nfont-size:15px;\n}\n<\/style>\n<div  class='av-special-heading av-ly2mzroc-a7fce2689e0844c69a38cc9a7babcc85 av-special-heading-h2 custom-color-heading blockquote modern-quote modern-centered  avia-builder-el-14  el_before_av_contact  avia-builder-el-first '><h2 class='av-special-heading-tag '  itemprop=\"headline\"  >Zur Veranstaltung anmelen<\/h2><div class=\"special-heading-border\"><div class=\"special-heading-inner-border\"><\/div><\/div><\/div><br \/>\n<form action=\"https:\/\/beatrice-mueller.de\/en\/illusion\/\" method=\"post\" data-fields-with-error=\"Found errors in the following field(s):\" class=\"avia_ajax_form av-form-labels-hidden   avia-builder-el-15  el_after_av_heading  avia-builder-el-last  av-show-form-errors   \" data-avia-form-id=\"1\" data-avia-redirect='' ><fieldset><p class='  first_form  form_element form_fullwidth' id='element_avia_1_1'><label for=\"avia_1_1\">Name <abbr class=\"required\" title=\"required\">*<\/abbr><\/label> <input name=\"avia_1_1\" class=\"text_input is_empty\" type=\"text\" id=\"avia_1_1\" value=\"\"  placeholder='Name*'\/><\/p><p class='  first_form  form_element form_element_half' id='element_avia_2_1'><label for=\"avia_2_1\">E-Mail <abbr class=\"required\" title=\"required\">*<\/abbr><\/label> <input name=\"avia_2_1\" class=\"text_input is_email\" type=\"text\" id=\"avia_2_1\" value=\"\"  placeholder='E-Mail*'\/><\/p><p class='  form_element form_element_half' id='element_avia_3_1'><label for=\"avia_3_1\">Telefon<\/label> <input name=\"avia_3_1\" class=\"text_input \" type=\"text\" id=\"avia_3_1\" value=\"\"  placeholder='Telefon'\/><\/p><p class='  first_form  form_element form_fullwidth' id='element_avia_4_1'><label for=\"avia_4_1\">Anzahl Personen (bitte ausw\u00e4hlen)<\/label><select  name=\"avia_4_1\" class=\"select \" id=\"avia_4_1\"><option class=\"av-placeholder\" disabled=\"disabled\" selected=\"selected\" value=''>Anzahl Personen (bitte ausw\u00e4hlen)<\/option><option   value='1'>1<\/option><option   value='2'>2<\/option><option   value='3'>3<\/option><option   value='4'>4<\/option><option   value='5'>5<\/option><option   value='6'>6<\/option><option   value='7'>7<\/option><option   value='8'>8<\/option><option   value='9'>9<\/option><option   value='10'>10<\/option><\/select><\/p><p class=\"hidden\"><input type=\"text\" name=\"avia_5_1\" class=\"hidden \" id=\"avia_5_1\" value=\"\" \/><\/p><p class=' av_form_privacy_check av_contact_privacy_check first_form  form_element form_fullwidth' id='element_avia_6_1'><input  name=\"avia_6_1\" class=\"input_checkbox is_empty\" type=\"checkbox\" id=\"avia_6_1\" value=\"true\"\/><label class=\"input_checkbox_label\" for=\"avia_6_1\">I have read and accept the <a href='https:\/\/beatrice-mueller.de\/datenschutzerklaerung\/' target='_blank' rel=\"noopener\">Privacy Policy<\/a>. <abbr class=\"required\" title=\"required\">*<\/abbr><\/label><\/p><p class=\"form_element \"><input type=\"hidden\" value=\"1\" name=\"avia_generated_form1\" \/><input type=\"submit\" value=\"Senden\" class=\"button\"  data-sending-label=\"Sending\"\/><\/p><\/fieldset><\/form><div id=\"ajaxresponse_1\" class=\"ajaxresponse ajaxresponse_1 hidden\"><\/div><\/p><\/div><div  class='flex_column av-pk1hz0-f5c168e47aaeec554206385046120965 av_one_fifth  avia-builder-el-16  el_after_av_three_fifth  avia-builder-el-last  flex_column_div  '     ><\/div>\n<\/div><\/div><\/div><!-- close content main div --><\/div><\/div><div id='after_section_3'  class='main_color av_default_container_wrap container_wrap sidebar_right'  ><div class='container av-section-cont-open' ><div class='template-page content  av-content-small alpha units'><div class='post-entry post-entry-type-page post-entry-19647'><div class='entry-content-wrapper clearfix'>\n","protected":false},"excerpt":{"rendered":"","protected":false},"author":1,"featured_media":19640,"parent":0,"menu_order":0,"comment_status":"closed","ping_status":"closed","template":"","meta":{"_glsr_average":0,"_glsr_ranking":0,"_glsr_reviews":0,"footnotes":""},"class_list":["post-19647","page","type-page","status-publish","has-post-thumbnail","hentry"],"yoast_head":"<!-- This site is optimized with the Yoast SEO plugin v25.6 - https:\/\/yoast.com\/wordpress\/plugins\/seo\/ -->\n<title>ILLUSION - Beatrice M\u00fcller<\/title>\n<meta name=\"description\" content=\"Entdecke unsere Mailand-Kreationen bei Cocktails, Mini-Bowls und au\u00dfergew\u00f6hnlichem Schmuck im sommerlichen Ambiente.\" \/>\n<meta name=\"robots\" content=\"index, follow, max-snippet:-1, max-image-preview:large, max-video-preview:-1\" \/>\n<link rel=\"canonical\" href=\"https:\/\/beatrice-mueller.de\/en\/illusion\/\" \/>\n<meta property=\"og:locale\" content=\"en_US\" \/>\n<meta property=\"og:type\" content=\"article\" \/>\n<meta property=\"og:title\" content=\"ILLUSION - Beatrice M\u00fcller\" \/>\n<meta property=\"og:description\" content=\"Entdecke unsere Mailand-Kreationen bei Cocktails, Mini-Bowls und au\u00dfergew\u00f6hnlichem Schmuck im sommerlichen Ambiente.\" \/>\n<meta property=\"og:url\" content=\"https:\/\/beatrice-mueller.de\/en\/illusion\/\" \/>\n<meta property=\"og:site_name\" content=\"Beatrice M\u00fcller\" \/>\n<meta property=\"og:image\" content=\"https:\/\/beatrice-mueller.de\/wp-content\/uploads\/Barocke-bonbonvoyage-1030x952.png\" \/>\n\t<meta property=\"og:image:width\" content=\"1030\" \/>\n\t<meta property=\"og:image:height\" content=\"952\" \/>\n\t<meta property=\"og:image:type\" content=\"image\/png\" \/>\n<meta name=\"twitter:card\" content=\"summary_large_image\" \/>\n<meta name=\"twitter:label1\" content=\"Est. reading time\" \/>\n\t<meta name=\"twitter:data1\" content=\"2 minutes\" \/>\n<script type=\"application\/ld+json\" class=\"yoast-schema-graph\">{\"@context\":\"https:\/\/schema.org\",\"@graph\":[{\"@type\":\"WebPage\",\"@id\":\"https:\/\/beatrice-mueller.de\/en\/illusion\/\",\"url\":\"https:\/\/beatrice-mueller.de\/en\/illusion\/\",\"name\":\"ILLUSION - Beatrice M\u00fcller\",\"isPartOf\":{\"@id\":\"https:\/\/beatrice-mueller.de\/en\/#website\"},\"primaryImageOfPage\":{\"@id\":\"https:\/\/beatrice-mueller.de\/en\/illusion\/#primaryimage\"},\"image\":{\"@id\":\"https:\/\/beatrice-mueller.de\/en\/illusion\/#primaryimage\"},\"thumbnailUrl\":\"https:\/\/beatrice-mueller.de\/wp-content\/uploads\/Barocke-bonbonvoyage.png\",\"datePublished\":\"2024-07-01T07:13:05+00:00\",\"description\":\"Entdecke unsere Mailand-Kreationen bei Cocktails, Mini-Bowls und au\u00dfergew\u00f6hnlichem Schmuck im sommerlichen Ambiente.\",\"breadcrumb\":{\"@id\":\"https:\/\/beatrice-mueller.de\/en\/illusion\/#breadcrumb\"},\"inLanguage\":\"en-US\",\"potentialAction\":[{\"@type\":\"ReadAction\",\"target\":[\"https:\/\/beatrice-mueller.de\/en\/illusion\/\"]}]},{\"@type\":\"ImageObject\",\"inLanguage\":\"en-US\",\"@id\":\"https:\/\/beatrice-mueller.de\/en\/illusion\/#primaryimage\",\"url\":\"https:\/\/beatrice-mueller.de\/wp-content\/uploads\/Barocke-bonbonvoyage.png\",\"contentUrl\":\"https:\/\/beatrice-mueller.de\/wp-content\/uploads\/Barocke-bonbonvoyage.png\",\"width\":2808,\"height\":2596},{\"@type\":\"BreadcrumbList\",\"@id\":\"https:\/\/beatrice-mueller.de\/en\/illusion\/#breadcrumb\",\"itemListElement\":[{\"@type\":\"ListItem\",\"position\":1,\"name\":\"Startseite\",\"item\":\"https:\/\/beatrice-mueller.de\/en\/\"},{\"@type\":\"ListItem\",\"position\":2,\"name\":\"ILLUSION\"}]},{\"@type\":\"WebSite\",\"@id\":\"https:\/\/beatrice-mueller.de\/en\/#website\",\"url\":\"https:\/\/beatrice-mueller.de\/en\/\",\"name\":\"Beatrice M\u00fcller\",\"description\":\"Schmuckdesign\",\"potentialAction\":[{\"@type\":\"SearchAction\",\"target\":{\"@type\":\"EntryPoint\",\"urlTemplate\":\"https:\/\/beatrice-mueller.de\/en\/?s={search_term_string}\"},\"query-input\":{\"@type\":\"PropertyValueSpecification\",\"valueRequired\":true,\"valueName\":\"search_term_string\"}}],\"inLanguage\":\"en-US\"}]}<\/script>\n<!-- \/ Yoast SEO plugin. -->","yoast_head_json":{"title":"ILLUSION - Beatrice M\u00fcller","description":"Entdecke unsere Mailand-Kreationen bei Cocktails, Mini-Bowls und au\u00dfergew\u00f6hnlichem Schmuck im sommerlichen Ambiente.","robots":{"index":"index","follow":"follow","max-snippet":"max-snippet:-1","max-image-preview":"max-image-preview:large","max-video-preview":"max-video-preview:-1"},"canonical":"https:\/\/beatrice-mueller.de\/en\/illusion\/","og_locale":"en_US","og_type":"article","og_title":"ILLUSION - Beatrice M\u00fcller","og_description":"Entdecke unsere Mailand-Kreationen bei Cocktails, Mini-Bowls und au\u00dfergew\u00f6hnlichem Schmuck im sommerlichen Ambiente.","og_url":"https:\/\/beatrice-mueller.de\/en\/illusion\/","og_site_name":"Beatrice M\u00fcller","og_image":[{"width":1030,"height":952,"url":"https:\/\/beatrice-mueller.de\/wp-content\/uploads\/Barocke-bonbonvoyage-1030x952.png","type":"image\/png"}],"twitter_card":"summary_large_image","twitter_misc":{"Est. reading time":"2 minutes"},"schema":{"@context":"https:\/\/schema.org","@graph":[{"@type":"WebPage","@id":"https:\/\/beatrice-mueller.de\/en\/illusion\/","url":"https:\/\/beatrice-mueller.de\/en\/illusion\/","name":"ILLUSION - Beatrice M\u00fcller","isPartOf":{"@id":"https:\/\/beatrice-mueller.de\/en\/#website"},"primaryImageOfPage":{"@id":"https:\/\/beatrice-mueller.de\/en\/illusion\/#primaryimage"},"image":{"@id":"https:\/\/beatrice-mueller.de\/en\/illusion\/#primaryimage"},"thumbnailUrl":"https:\/\/beatrice-mueller.de\/wp-content\/uploads\/Barocke-bonbonvoyage.png","datePublished":"2024-07-01T07:13:05+00:00","description":"Entdecke unsere Mailand-Kreationen bei Cocktails, Mini-Bowls und au\u00dfergew\u00f6hnlichem Schmuck im sommerlichen Ambiente.","breadcrumb":{"@id":"https:\/\/beatrice-mueller.de\/en\/illusion\/#breadcrumb"},"inLanguage":"en-US","potentialAction":[{"@type":"ReadAction","target":["https:\/\/beatrice-mueller.de\/en\/illusion\/"]}]},{"@type":"ImageObject","inLanguage":"en-US","@id":"https:\/\/beatrice-mueller.de\/en\/illusion\/#primaryimage","url":"https:\/\/beatrice-mueller.de\/wp-content\/uploads\/Barocke-bonbonvoyage.png","contentUrl":"https:\/\/beatrice-mueller.de\/wp-content\/uploads\/Barocke-bonbonvoyage.png","width":2808,"height":2596},{"@type":"BreadcrumbList","@id":"https:\/\/beatrice-mueller.de\/en\/illusion\/#breadcrumb","itemListElement":[{"@type":"ListItem","position":1,"name":"Startseite","item":"https:\/\/beatrice-mueller.de\/en\/"},{"@type":"ListItem","position":2,"name":"ILLUSION"}]},{"@type":"WebSite","@id":"https:\/\/beatrice-mueller.de\/en\/#website","url":"https:\/\/beatrice-mueller.de\/en\/","name":"Beatrice M\u00fcller","description":"Schmuckdesign","potentialAction":[{"@type":"SearchAction","target":{"@type":"EntryPoint","urlTemplate":"https:\/\/beatrice-mueller.de\/en\/?s={search_term_string}"},"query-input":{"@type":"PropertyValueSpecification","valueRequired":true,"valueName":"search_term_string"}}],"inLanguage":"en-US"}]}},"_links":{"self":[{"href":"https:\/\/beatrice-mueller.de\/en\/wp-json\/wp\/v2\/pages\/19647","targetHints":{"allow":["GET"]}}],"collection":[{"href":"https:\/\/beatrice-mueller.de\/en\/wp-json\/wp\/v2\/pages"}],"about":[{"href":"https:\/\/beatrice-mueller.de\/en\/wp-json\/wp\/v2\/types\/page"}],"author":[{"embeddable":true,"href":"https:\/\/beatrice-mueller.de\/en\/wp-json\/wp\/v2\/users\/1"}],"replies":[{"embeddable":true,"href":"https:\/\/beatrice-mueller.de\/en\/wp-json\/wp\/v2\/comments?post=19647"}],"version-history":[{"count":0,"href":"https:\/\/beatrice-mueller.de\/en\/wp-json\/wp\/v2\/pages\/19647\/revisions"}],"wp:featuredmedia":[{"embeddable":true,"href":"https:\/\/beatrice-mueller.de\/en\/wp-json\/wp\/v2\/media\/19640"}],"wp:attachment":[{"href":"https:\/\/beatrice-mueller.de\/en\/wp-json\/wp\/v2\/media?parent=19647"}],"curies":[{"name":"wp","href":"https:\/\/api.w.org\/{rel}","templated":true}]}}