{"id":19679,"date":"2021-11-18T12:05:23","date_gmt":"2021-11-18T11:05:23","guid":{"rendered":"https:\/\/beatrice-mueller.de\/spruchsammlung\/"},"modified":"2021-11-18T12:05:23","modified_gmt":"2021-11-18T11:05:23","slug":"spruchsammlung","status":"publish","type":"page","link":"https:\/\/beatrice-mueller.de\/en\/spruchsammlung\/","title":{"rendered":"Spruchsammlung"},"content":{"rendered":"\n<style type=\"text\/css\" data-created_by=\"avia_inline_auto\" id=\"style-css-av-81mnnz-ac5849a14a34facdd0acfa9fc7ea297f\">\n.avia-section.av-81mnnz-ac5849a14a34facdd0acfa9fc7ea297f{\nbackground-color:#0a0a0a;\nbackground-image:unset;\n}\n<\/style>\n<div id='av_section_1'  class='avia-section av-81mnnz-ac5849a14a34facdd0acfa9fc7ea297f main_color avia-section-default avia-no-border-styling  avia-builder-el-0  avia-builder-el-no-sibling  avia-bg-style-scroll container_wrap sidebar_right'  ><div class='container av-section-cont-open' ><main  role=\"main\" itemprop=\"mainContentOfPage\"  class='template-page content  av-content-small alpha units'><div class='post-entry post-entry-type-page post-entry-19679'><div class='entry-content-wrapper clearfix'>\n<div  class='flex_column av-5qkorz-46856f436c72434d22197dc955c4b3e1 av_one_half  avia-builder-el-1  el_before_av_one_half  avia-builder-el-first  first flex_column_div  '     ><style type=\"text\/css\" data-created_by=\"avia_inline_auto\" id=\"style-css-av-kw4ujb5g-7ec96902e516d8b0a8aa33c0ed8f9b8f\">\n.avia-image-container.av-kw4ujb5g-7ec96902e516d8b0a8aa33c0ed8f9b8f img.avia_image{\nbox-shadow:none;\n}\n.avia-image-container.av-kw4ujb5g-7ec96902e516d8b0a8aa33c0ed8f9b8f .av-image-caption-overlay-center{\ncolor:#ffffff;\n}\n<\/style>\n<div  class='avia-image-container av-kw4ujb5g-7ec96902e516d8b0a8aa33c0ed8f9b8f av-styling- avia-align-center  avia-builder-el-2  avia-builder-el-no-sibling '   itemprop=\"image\" itemscope=\"itemscope\" itemtype=\"https:\/\/schema.org\/ImageObject\" ><div class=\"avia-image-container-inner\"><div class=\"avia-image-overlay-wrap\"><img decoding=\"async\" fetchpriority=\"high\" class='wp-image-19680 avia-img-lazy-loading-not-19680 avia_image ' src=\"https:\/\/beatrice-mueller.de\/wp-content\/uploads\/2021\/11\/Broschuere_Schmuck-ist-keine-dokoration-1-1030x1030.jpg\" alt='' title='Broschuere_Schmuck-ist-keine-dokoration (1)'  height=\"1030\" width=\"1030\"  itemprop=\"thumbnailUrl\" srcset=\"https:\/\/beatrice-mueller.de\/wp-content\/uploads\/2021\/11\/Broschuere_Schmuck-ist-keine-dokoration-1-1030x1030.jpg 1030w, https:\/\/beatrice-mueller.de\/wp-content\/uploads\/2021\/11\/Broschuere_Schmuck-ist-keine-dokoration-1-300x300.jpg 300w, https:\/\/beatrice-mueller.de\/wp-content\/uploads\/2021\/11\/Broschuere_Schmuck-ist-keine-dokoration-1-100x100.jpg 100w, https:\/\/beatrice-mueller.de\/wp-content\/uploads\/2021\/11\/Broschuere_Schmuck-ist-keine-dokoration-1-600x600.jpg 600w, https:\/\/beatrice-mueller.de\/wp-content\/uploads\/2021\/11\/Broschuere_Schmuck-ist-keine-dokoration-1-80x80.jpg 80w, https:\/\/beatrice-mueller.de\/wp-content\/uploads\/2021\/11\/Broschuere_Schmuck-ist-keine-dokoration-1-768x768.jpg 768w, https:\/\/beatrice-mueller.de\/wp-content\/uploads\/2021\/11\/Broschuere_Schmuck-ist-keine-dokoration-1-1536x1536.jpg 1536w, https:\/\/beatrice-mueller.de\/wp-content\/uploads\/2021\/11\/Broschuere_Schmuck-ist-keine-dokoration-1-36x36.jpg 36w, https:\/\/beatrice-mueller.de\/wp-content\/uploads\/2021\/11\/Broschuere_Schmuck-ist-keine-dokoration-1-180x180.jpg 180w, https:\/\/beatrice-mueller.de\/wp-content\/uploads\/2021\/11\/Broschuere_Schmuck-ist-keine-dokoration-1-1500x1500.jpg 1500w, https:\/\/beatrice-mueller.de\/wp-content\/uploads\/2021\/11\/Broschuere_Schmuck-ist-keine-dokoration-1-705x705.jpg 705w, https:\/\/beatrice-mueller.de\/wp-content\/uploads\/2021\/11\/Broschuere_Schmuck-ist-keine-dokoration-1.jpg 1819w\" sizes=\"(max-width: 1030px) 100vw, 1030px\" \/><\/div><\/div><\/div><\/div><div  class='flex_column av-46fxv3-5a8482692b845e2e4a8ff37dbafc4ef7 av_one_half  avia-builder-el-3  el_after_av_one_half  avia-builder-el-last  flex_column_div  '     ><p>\n<style type=\"text\/css\" data-created_by=\"avia_inline_auto\" id=\"style-css-av-kw4uk289-c3a3135696f1c96c82f100b58800f4a2\">\n#top .av-special-heading.av-kw4uk289-c3a3135696f1c96c82f100b58800f4a2{\npadding-bottom:10px;\ncolor:#ffffff;\n}\nbody .av-special-heading.av-kw4uk289-c3a3135696f1c96c82f100b58800f4a2 .av-special-heading-tag .heading-char{\nfont-size:25px;\n}\n.av-special-heading.av-kw4uk289-c3a3135696f1c96c82f100b58800f4a2 .special-heading-inner-border{\nborder-color:#ffffff;\n}\n.av-special-heading.av-kw4uk289-c3a3135696f1c96c82f100b58800f4a2 .av-subheading{\nfont-size:15px;\n}\n<\/style>\n<div  class='av-special-heading av-kw4uk289-c3a3135696f1c96c82f100b58800f4a2 av-special-heading-h1 custom-color-heading blockquote modern-quote  avia-builder-el-4  el_before_av_hr  avia-builder-el-first '><h1 class='av-special-heading-tag '  itemprop=\"headline\"  >KUNST KOMMT VON K\u00d6NNEN<\/h1><div class='av_custom_color av-subheading av-subheading_below'><p>Die Spruchsammlung von Beatrice M\u00fcller<\/p>\n<\/div><div class=\"special-heading-border\"><div class=\"special-heading-inner-border\"><\/div><\/div><\/div><br \/>\n\n<style type=\"text\/css\" data-created_by=\"avia_inline_auto\" id=\"style-css-av-2f7pf3-ff209a01fdc612df11dffda68b6e58e8\">\n#top .hr.hr-invisible.av-2f7pf3-ff209a01fdc612df11dffda68b6e58e8{\nheight:50px;\n}\n<\/style>\n<div  class='hr av-2f7pf3-ff209a01fdc612df11dffda68b6e58e8 hr-invisible  avia-builder-el-5  el_after_av_heading  el_before_av_textblock '><span class='hr-inner '><span class=\"hr-inner-style\"><\/span><\/span><\/div><br \/>\n\n<style type=\"text\/css\" data-created_by=\"avia_inline_auto\" id=\"style-css-av-kwak8jp9-f665229c89580517546de3d9aac848b5\">\n#top .av_textblock_section.av-kwak8jp9-f665229c89580517546de3d9aac848b5 .avia_textblock{\ncolor:#ffffff;\n}\n<\/style>\n<section  class='av_textblock_section av-kwak8jp9-f665229c89580517546de3d9aac848b5 '   itemscope=\"itemscope\" itemtype=\"https:\/\/schema.org\/CreativeWork\" ><div class='avia_textblock av_inherit_color'  itemprop=\"text\" ><p>Ein kurzweiliges B\u00fcchlein mit Gedanken, Weisheiten und Erfahrungen von Beatrice M\u00fcller \u2013 komprimiert und zu Papier gebracht \u2026<\/p>\n<\/div><\/section><br \/>\n<div  class='avia-button-wrap av-kw4ukd94-8139ef7140db7911a58343b682a3f64a-wrap avia-button-left  avia-builder-el-7  el_after_av_textblock  avia-builder-el-last '>\n<style type=\"text\/css\" data-created_by=\"avia_inline_auto\" id=\"style-css-av-kw4ukd94-8139ef7140db7911a58343b682a3f64a\">\n#top #wrap_all .avia-button.av-kw4ukd94-8139ef7140db7911a58343b682a3f64a:hover{\ncolor:white;\ntransition:all 0.4s ease-in-out;\n}\n<\/style>\n<a href='https:\/\/www.cunz-x.shop\/collections\/spruchsammlung-1\/products\/kunst-kommt-von-konnen-spruchsammlung' class='avia-button av-kw4ukd94-8139ef7140db7911a58343b682a3f64a av-link-btn avia-icon_select-yes-left-icon avia-size-medium avia-position-left avia-color-light avia-font-color-theme-color' target=\"_blank\" rel=\"noopener noreferrer\" aria-label=\"weitere Details\"><span class='avia_button_icon avia_button_icon_left' aria-hidden='true' data-av_icon='\ue835' data-av_iconfont='entypo-fontello'><\/span><span class='avia_iconbox_title' >weitere Details<\/span><span class='avia_button_background avia-button avia-color-light' ><\/span><\/a><\/div><\/p><\/div><\/div><\/div><\/main><!-- close content main element --><\/div><\/div><div id='after_section_1'  class='main_color av_default_container_wrap container_wrap sidebar_right'  ><div class='container av-section-cont-open' ><div class='template-page content  av-content-small alpha units'><div class='post-entry post-entry-type-page post-entry-19679'><div class='entry-content-wrapper clearfix'>\n","protected":false},"excerpt":{"rendered":"","protected":false},"author":1,"featured_media":0,"parent":0,"menu_order":0,"comment_status":"closed","ping_status":"closed","template":"","meta":{"_glsr_average":0,"_glsr_ranking":0,"_glsr_reviews":0,"footnotes":""},"class_list":["post-19679","page","type-page","status-publish","hentry"],"yoast_head":"<!-- This site is optimized with the Yoast SEO plugin v25.6 - https:\/\/yoast.com\/wordpress\/plugins\/seo\/ -->\n<title>Spruchsammlung - Beatrice M\u00fcller<\/title>\n<meta name=\"description\" content=\"Kunst kommt von K\u00f6nnen. Das sagt auch Beatrice M\u00fcller in ihrer Spruchsammlung. Ein kurzweiliges B\u00fcchlein mit Gedanken, Weisheiten\" \/>\n<meta name=\"robots\" content=\"index, follow, max-snippet:-1, max-image-preview:large, max-video-preview:-1\" \/>\n<link rel=\"canonical\" href=\"https:\/\/beatrice-mueller.de\/en\/spruchsammlung\/\" \/>\n<meta property=\"og:locale\" content=\"en_US\" \/>\n<meta property=\"og:type\" content=\"article\" \/>\n<meta property=\"og:title\" content=\"Spruchsammlung - Beatrice M\u00fcller\" \/>\n<meta property=\"og:description\" content=\"Kunst kommt von K\u00f6nnen. Das sagt auch Beatrice M\u00fcller in ihrer Spruchsammlung. Ein kurzweiliges B\u00fcchlein mit Gedanken, Weisheiten\" \/>\n<meta property=\"og:url\" content=\"https:\/\/beatrice-mueller.de\/en\/spruchsammlung\/\" \/>\n<meta property=\"og:site_name\" content=\"Beatrice M\u00fcller\" \/>\n<meta name=\"twitter:card\" content=\"summary_large_image\" \/>\n<meta name=\"twitter:label1\" content=\"Est. reading time\" \/>\n\t<meta name=\"twitter:data1\" content=\"1 minute\" \/>\n<script type=\"application\/ld+json\" class=\"yoast-schema-graph\">{\"@context\":\"https:\/\/schema.org\",\"@graph\":[{\"@type\":\"WebPage\",\"@id\":\"https:\/\/beatrice-mueller.de\/en\/spruchsammlung\/\",\"url\":\"https:\/\/beatrice-mueller.de\/en\/spruchsammlung\/\",\"name\":\"Spruchsammlung - Beatrice M\u00fcller\",\"isPartOf\":{\"@id\":\"https:\/\/beatrice-mueller.de\/en\/#website\"},\"datePublished\":\"2021-11-18T11:05:23+00:00\",\"description\":\"Kunst kommt von K\u00f6nnen. Das sagt auch Beatrice M\u00fcller in ihrer Spruchsammlung. Ein kurzweiliges B\u00fcchlein mit Gedanken, Weisheiten\",\"breadcrumb\":{\"@id\":\"https:\/\/beatrice-mueller.de\/en\/spruchsammlung\/#breadcrumb\"},\"inLanguage\":\"en-US\",\"potentialAction\":[{\"@type\":\"ReadAction\",\"target\":[\"https:\/\/beatrice-mueller.de\/en\/spruchsammlung\/\"]}]},{\"@type\":\"BreadcrumbList\",\"@id\":\"https:\/\/beatrice-mueller.de\/en\/spruchsammlung\/#breadcrumb\",\"itemListElement\":[{\"@type\":\"ListItem\",\"position\":1,\"name\":\"Startseite\",\"item\":\"https:\/\/beatrice-mueller.de\/en\/\"},{\"@type\":\"ListItem\",\"position\":2,\"name\":\"Spruchsammlung\"}]},{\"@type\":\"WebSite\",\"@id\":\"https:\/\/beatrice-mueller.de\/en\/#website\",\"url\":\"https:\/\/beatrice-mueller.de\/en\/\",\"name\":\"Beatrice M\u00fcller\",\"description\":\"Schmuckdesign\",\"potentialAction\":[{\"@type\":\"SearchAction\",\"target\":{\"@type\":\"EntryPoint\",\"urlTemplate\":\"https:\/\/beatrice-mueller.de\/en\/?s={search_term_string}\"},\"query-input\":{\"@type\":\"PropertyValueSpecification\",\"valueRequired\":true,\"valueName\":\"search_term_string\"}}],\"inLanguage\":\"en-US\"}]}<\/script>\n<!-- \/ Yoast SEO plugin. -->","yoast_head_json":{"title":"Spruchsammlung - Beatrice M\u00fcller","description":"Kunst kommt von K\u00f6nnen. Das sagt auch Beatrice M\u00fcller in ihrer Spruchsammlung. Ein kurzweiliges B\u00fcchlein mit Gedanken, Weisheiten","robots":{"index":"index","follow":"follow","max-snippet":"max-snippet:-1","max-image-preview":"max-image-preview:large","max-video-preview":"max-video-preview:-1"},"canonical":"https:\/\/beatrice-mueller.de\/en\/spruchsammlung\/","og_locale":"en_US","og_type":"article","og_title":"Spruchsammlung - Beatrice M\u00fcller","og_description":"Kunst kommt von K\u00f6nnen. Das sagt auch Beatrice M\u00fcller in ihrer Spruchsammlung. Ein kurzweiliges B\u00fcchlein mit Gedanken, Weisheiten","og_url":"https:\/\/beatrice-mueller.de\/en\/spruchsammlung\/","og_site_name":"Beatrice M\u00fcller","twitter_card":"summary_large_image","twitter_misc":{"Est. reading time":"1 minute"},"schema":{"@context":"https:\/\/schema.org","@graph":[{"@type":"WebPage","@id":"https:\/\/beatrice-mueller.de\/en\/spruchsammlung\/","url":"https:\/\/beatrice-mueller.de\/en\/spruchsammlung\/","name":"Spruchsammlung - Beatrice M\u00fcller","isPartOf":{"@id":"https:\/\/beatrice-mueller.de\/en\/#website"},"datePublished":"2021-11-18T11:05:23+00:00","description":"Kunst kommt von K\u00f6nnen. Das sagt auch Beatrice M\u00fcller in ihrer Spruchsammlung. Ein kurzweiliges B\u00fcchlein mit Gedanken, Weisheiten","breadcrumb":{"@id":"https:\/\/beatrice-mueller.de\/en\/spruchsammlung\/#breadcrumb"},"inLanguage":"en-US","potentialAction":[{"@type":"ReadAction","target":["https:\/\/beatrice-mueller.de\/en\/spruchsammlung\/"]}]},{"@type":"BreadcrumbList","@id":"https:\/\/beatrice-mueller.de\/en\/spruchsammlung\/#breadcrumb","itemListElement":[{"@type":"ListItem","position":1,"name":"Startseite","item":"https:\/\/beatrice-mueller.de\/en\/"},{"@type":"ListItem","position":2,"name":"Spruchsammlung"}]},{"@type":"WebSite","@id":"https:\/\/beatrice-mueller.de\/en\/#website","url":"https:\/\/beatrice-mueller.de\/en\/","name":"Beatrice M\u00fcller","description":"Schmuckdesign","potentialAction":[{"@type":"SearchAction","target":{"@type":"EntryPoint","urlTemplate":"https:\/\/beatrice-mueller.de\/en\/?s={search_term_string}"},"query-input":{"@type":"PropertyValueSpecification","valueRequired":true,"valueName":"search_term_string"}}],"inLanguage":"en-US"}]}},"_links":{"self":[{"href":"https:\/\/beatrice-mueller.de\/en\/wp-json\/wp\/v2\/pages\/19679","targetHints":{"allow":["GET"]}}],"collection":[{"href":"https:\/\/beatrice-mueller.de\/en\/wp-json\/wp\/v2\/pages"}],"about":[{"href":"https:\/\/beatrice-mueller.de\/en\/wp-json\/wp\/v2\/types\/page"}],"author":[{"embeddable":true,"href":"https:\/\/beatrice-mueller.de\/en\/wp-json\/wp\/v2\/users\/1"}],"replies":[{"embeddable":true,"href":"https:\/\/beatrice-mueller.de\/en\/wp-json\/wp\/v2\/comments?post=19679"}],"version-history":[{"count":0,"href":"https:\/\/beatrice-mueller.de\/en\/wp-json\/wp\/v2\/pages\/19679\/revisions"}],"wp:attachment":[{"href":"https:\/\/beatrice-mueller.de\/en\/wp-json\/wp\/v2\/media?parent=19679"}],"curies":[{"name":"wp","href":"https:\/\/api.w.org\/{rel}","templated":true}]}}