{"id":19682,"date":"2021-11-02T00:27:06","date_gmt":"2021-11-01T23:27:06","guid":{"rendered":"https:\/\/beatrice-mueller.de\/beatrice-mueller\/"},"modified":"2021-11-02T00:27:06","modified_gmt":"2021-11-01T23:27:06","slug":"beatrice-mueller","status":"publish","type":"page","link":"https:\/\/beatrice-mueller.de\/en\/beatrice-mueller\/","title":{"rendered":"Beatrice M\u00fcller"},"content":{"rendered":"\n<style type=\"text\/css\" data-created_by=\"avia_inline_auto\" id=\"style-css-av-e0tci0-447501720e3fbadffc2a8b3a8bd9c401\">\n#top .av-special-heading.av-e0tci0-447501720e3fbadffc2a8b3a8bd9c401{\npadding-bottom:10px;\n}\nbody .av-special-heading.av-e0tci0-447501720e3fbadffc2a8b3a8bd9c401 .av-special-heading-tag .heading-char{\nfont-size:25px;\n}\n.av-special-heading.av-e0tci0-447501720e3fbadffc2a8b3a8bd9c401 .av-subheading{\nfont-size:15px;\n}\n<\/style>\n<div  class='av-special-heading av-e0tci0-447501720e3fbadffc2a8b3a8bd9c401 av-special-heading-h1 blockquote modern-quote modern-centered  avia-builder-el-0  el_before_av_one_half  avia-builder-el-first '><h1 class='av-special-heading-tag '  itemprop=\"headline\"  >\u00dcber Beatrice M\u00fcller<\/h1><div class=\"special-heading-border\"><div class=\"special-heading-inner-border\"><\/div><\/div><\/div>\n<div class='flex_column_table av-d44v3s-e4086df8f332e42e55b7cd1b9b2e119b sc-av_one_half av-equal-height-column-flextable'><div  class='flex_column av-d44v3s-e4086df8f332e42e55b7cd1b9b2e119b av_one_half  avia-builder-el-1  el_after_av_heading  el_before_av_one_half  first flex_column_table_cell av-equal-height-column av-align-top  '     ><section  class='av_textblock_section av-aejhmg-4e93a720d48b5d06df59f58d2146314f '   itemscope=\"itemscope\" itemtype=\"https:\/\/schema.org\/CreativeWork\" ><div class='avia_textblock'  itemprop=\"text\" ><p>\u201eSo facettenreich wie ein Brillant\u201c \u2013 diese Worte w\u00e4hlte einst eine Weggef\u00e4hrtin zur Beschreibung von Beatrice M\u00fcller. Es sind treffende Worte \u00fcber eine Person, die so vielseitig und komplex ist, dass man sie nur schwer beschreiben kann. Beatrice M\u00fcller ist Goldschmiedemeisterin, studierte Schmuckdesignerin, K\u00fcnstlerin, Freigeist, aber auch erfolgreiche Unternehmerin und Mutter von zwei Kindern.<\/p>\n<p>1992 gr\u00fcndete sie das <a href=\"https:\/\/beatrice-mueller.de\/atelier\/\">Atelier Schmuck Design Objekte<sup>\u00ae<\/sup><\/a> in Stein bei N\u00fcrnberg. \u201eIch mache Themen tragbar\u201c: Dieses Motto nimmt sie stets f\u00fcr sich in Anspruch. Hinter jedem ihrer Schmuckst\u00fccke steckt eine Botschaft, eine Emotion, ein Gedanke, eine Anekdote, ein Traum oder Wunsch. Sie erkennt die W\u00fcnsche, Bed\u00fcrfnisse und Anliegen ihrer Kundinnen und Kunden und setzt diese in Schmuck um. Dar\u00fcber hinaus stehen immer wieder eigene Themen und Botschaften im Mittelpunkt ihrer filigranen Arbeiten. Grenzen kennt ihre Kreativit\u00e4t dabei keine.<\/p>\n<\/div><\/section><\/div>\n<div class='av-flex-placeholder'><\/div><div  class='flex_column av-8ku3aw-6e85919df218f285e072e49f0d2151bd av_one_half  avia-builder-el-3  el_after_av_one_half  el_before_av_one_full  flex_column_table_cell av-equal-height-column av-align-top  '     ><section  class='av_textblock_section av-7am7m0-bf9cfca03e3e506449dfc28f3ded0c5d '   itemscope=\"itemscope\" itemtype=\"https:\/\/schema.org\/CreativeWork\" ><div class='avia_textblock'  itemprop=\"text\" ><p>Grenzenlos scheint auch ihre Energie, ihre Kraft, ihr Mut. Ihre Vita zeigt eindr\u00fccklich, dass sie sich durch Hindernisse oder Krisen, wie derzeit die Corona-Pandemie, nicht einsch\u00fcchtern l\u00e4sst. Beatrice M\u00fcller geht ihren Weg \u2013 auch wenn sie die Stra\u00dfe daf\u00fcr oftmals selbst bauen muss. Und ihr Weg war bisher durchaus erfolgreich. Begeisterte Kunden national wie international bezeugen dies ebenso wie diverse Auszeichnungen, Awards und die Ehrenmitgliedschaft bei \u201eWho is Who\u201c.<\/p>\n<p>Auf ihrem Weg setzt Beatrice M\u00fcller nun einen neuen Meilenstein: Als <a href=\"https:\/\/beatrice-mueller.de\/en\/mentor\/\">Mentorin<\/a> und Begleiterin f\u00fcr Einzelpersonen sowie als Speakerin vor gro\u00dfem Publikum teilt sie k\u00fcnftig ihre Erfahrungen, die Geheimnisse ihrer Energie, ihrer Kreativit\u00e4t und ihres unternehmerischen Know-hows und zeigt anderen, wie auch diese ihren eigenen Weg finden und erfolgreich beschreiten k\u00f6nnen.<\/p>\n<\/div><\/section><\/div><\/div><!--close column table wrapper. Autoclose: 1 -->\n<div  class='flex_column av-60dwhk-77778d6824612b57b1d20d836965d86c av_one_full  avia-builder-el-5  el_after_av_one_half  avia-builder-el-last  first flex_column_div  column-top-margin'     ><p>\n<style type=\"text\/css\" data-created_by=\"avia_inline_auto\" id=\"style-css-av-4hqb5k-a087295cacf9807c653c7d416349ba16\">\n#top .av-special-heading.av-4hqb5k-a087295cacf9807c653c7d416349ba16{\npadding-bottom:10px;\n}\nbody .av-special-heading.av-4hqb5k-a087295cacf9807c653c7d416349ba16 .av-special-heading-tag .heading-char{\nfont-size:25px;\n}\n.av-special-heading.av-4hqb5k-a087295cacf9807c653c7d416349ba16 .av-subheading{\nfont-size:15px;\n}\n<\/style>\n<div  class='av-special-heading av-4hqb5k-a087295cacf9807c653c7d416349ba16 av-special-heading-h2 blockquote modern-quote  avia-builder-el-6  el_before_av_textblock  avia-builder-el-first '><h2 class='av-special-heading-tag '  itemprop=\"headline\"  >Vita<\/h2><div class=\"special-heading-border\"><div class=\"special-heading-inner-border\"><\/div><\/div><\/div><br \/>\n<section  class='av_textblock_section av-2s7di0-2d587b2b8005dfeee87b1d679d1ef1f9 '   itemscope=\"itemscope\" itemtype=\"https:\/\/schema.org\/CreativeWork\" ><div class='avia_textblock'  itemprop=\"text\" ><table>\n<tbody>\n<tr>\n<td width=\"130\"><strong>1983-1986<\/strong><\/td>\n<td>Ausbildung zur Goldschmiedin<\/td>\n<\/tr>\n<tr>\n<td width=\"130\"><strong>1989-1994<\/strong><\/td>\n<td>Studium der Schmuckgestaltung an der Fachhoch\u00adschule f\u00fcr Schmuck und Gestaltung, Idar-Oberstein, mit dem Abschluss Staatlich gepr\u00fcfte Designerin, parallel Ausbildung zur Goldschmiedemeisterin<\/td>\n<\/tr>\n<tr>\n<td width=\"130\"><strong>1992<\/strong><\/td>\n<td>Gr\u00fcndung vom <a href=\"https:\/\/beatrice-mueller.de\/atelier\/\"><strong>ATELIER SCHMUCK DESIGN OBJEKTE<sup>\u00ae<\/sup><\/strong><\/a><\/td>\n<\/tr>\n<tr>\n<td width=\"130\"><strong>1993-1999<\/strong><\/td>\n<td>Diverse Ausstellungen in N\u00fcrnberg, deutschlandweit und im Ausland<br \/>\nFernsehauftritte bei RTL, Sat 1 und Bayrischer Rund\u00adfunk, diverse Reportagen<\/td>\n<\/tr>\n<tr>\n<td width=\"130\"><strong>2000<\/strong><\/td>\n<td>Ehrenmitglied bei Who is Who<\/td>\n<\/tr>\n<tr>\n<td width=\"130\"><strong>2002<\/strong><\/td>\n<td>Aufnahme des Schmuckthemas <a href=\"https:\/\/beatrice-mueller.de\/en\/kollektion\/antennas\/\"><strong>ANTENNEN <\/strong><\/a>in die Gallery of Designer Jewelry Stuart Moore, New York und San Francisco, diverse Ausstellungen im In- und Ausland<\/td>\n<\/tr>\n<tr>\n<td width=\"130\"><strong>2004<\/strong><\/td>\n<td>Gr\u00fcndung von <strong><a href=\"https:\/\/beatrice-mueller.de\/en\/splendor-and-glory\/\">Glanz und Gloria by Beatrice M\u00fcller<\/a><sup>\u00a9<\/sup><\/strong><\/td>\n<\/tr>\n<tr>\n<td width=\"130\"><strong>2011<\/strong><\/td>\n<td>Award in der Kategorie M\u00e4nnerschmuck f\u00fcr den Revers-Sticker aus der Kollektion <strong><a href=\"https:\/\/beatrice-mueller.de\/en\/he-who-can-can\/\">WER KANN, DER KANN<\/a> &#8230;<\/strong><\/td>\n<\/tr>\n<tr>\n<td><strong>2012<\/strong><\/td>\n<td>Entstehung der Kollektion <a href=\"https:\/\/beatrice-mueller.de\/second-skin\/\"><strong>SECOND SKIN<\/strong><\/a><\/td>\n<\/tr>\n<tr>\n<td><strong>2013<\/strong><\/td>\n<td>Entstehung der Kollektion <a href=\"https:\/\/beatrice-mueller.de\/perfect-glas\/\"><strong>PERFECT GLAS<\/strong><sup>\u00ae<\/sup><\/a><strong> i<\/strong>n Kooperation mit der <a href=\"https:\/\/www.rosenthal.de\/de\/\" target=\"_blank\" rel=\"noopener\">Manufaktur Rosenthal<\/a>.<\/td>\n<\/tr>\n<tr>\n<td><strong>2015<\/strong><\/td>\n<td>Die Kollektion <a href=\"https:\/\/beatrice-mueller.de\/en\/x-design\/\"><strong>X-Design<\/strong><\/a> entsteht, mit dem Thema \u201eNo Stress\u201c im Mittelpunkt.<\/td>\n<\/tr>\n<tr>\n<td><strong>2020<\/strong><\/td>\n<td>Entstehung der Kollektion <a href=\"https:\/\/beatrice-mueller.de\/en\/cunz-x\/\"><strong>CuNz-x<\/strong><\/a> mit Anti-Corona-Schmuck aus Messing<\/td>\n<\/tr>\n<tr>\n<td><strong>2020<\/strong><\/td>\n<td>Erscheinung des Buches: <strong>\u201eSchmuck ist keine Dekoration <\/strong><\/p>\n<p><strong>\u2026und der Tr\u00e4ger keine Litfa\u00dfs\u00e4ule\u201c<\/strong><\/td>\n<\/tr>\n<tr>\n<td><strong>2020<\/strong><\/td>\n<td>Gewinnerin der internationalen <strong>Speaker-Slam-Weltmeisterschaft<\/strong><\/td>\n<\/tr>\n<tr>\n<td><strong>2021<\/strong><\/td>\n<td>T\u00e4tig als <a href=\"https:\/\/beatrice-mueller.de\/en\/mentor\/\"><strong>Mentorin und Speakerin<\/strong><\/a><\/td>\n<\/tr>\n<\/tbody>\n<\/table>\n<\/div><\/section><\/p><\/div>\n","protected":false},"excerpt":{"rendered":"","protected":false},"author":1,"featured_media":0,"parent":0,"menu_order":0,"comment_status":"closed","ping_status":"closed","template":"","meta":{"_glsr_average":0,"_glsr_ranking":0,"_glsr_reviews":0,"footnotes":""},"class_list":["post-19682","page","type-page","status-publish","hentry"],"yoast_head":"<!-- This site is optimized with the Yoast SEO plugin v25.6 - https:\/\/yoast.com\/wordpress\/plugins\/seo\/ -->\n<title>Beatrice M\u00fcller - Beatrice M\u00fcller<\/title>\n<meta name=\"description\" content=\"\u201eSo facettenreich wie ein Brillant\u201c \u2013 diese Worte w\u00e4hlte einst eine Weggef\u00e4hrtin zur Beschreibung von Beatrice M\u00fcller. Es sind treffende ...\" \/>\n<meta name=\"robots\" content=\"index, follow, max-snippet:-1, max-image-preview:large, max-video-preview:-1\" \/>\n<link rel=\"canonical\" href=\"https:\/\/beatrice-mueller.de\/en\/beatrice-mueller\/\" \/>\n<meta property=\"og:locale\" content=\"en_US\" \/>\n<meta property=\"og:type\" content=\"article\" \/>\n<meta property=\"og:title\" content=\"Beatrice M\u00fcller - Beatrice M\u00fcller\" \/>\n<meta property=\"og:description\" content=\"\u201eSo facettenreich wie ein Brillant\u201c \u2013 diese Worte w\u00e4hlte einst eine Weggef\u00e4hrtin zur Beschreibung von Beatrice M\u00fcller. Es sind treffende ...\" \/>\n<meta property=\"og:url\" content=\"https:\/\/beatrice-mueller.de\/en\/beatrice-mueller\/\" \/>\n<meta property=\"og:site_name\" content=\"Beatrice M\u00fcller\" \/>\n<meta name=\"twitter:card\" content=\"summary_large_image\" \/>\n<meta name=\"twitter:label1\" content=\"Est. reading time\" \/>\n\t<meta name=\"twitter:data1\" content=\"3 minutes\" \/>\n<script type=\"application\/ld+json\" class=\"yoast-schema-graph\">{\"@context\":\"https:\/\/schema.org\",\"@graph\":[{\"@type\":\"WebPage\",\"@id\":\"https:\/\/beatrice-mueller.de\/en\/beatrice-mueller\/\",\"url\":\"https:\/\/beatrice-mueller.de\/en\/beatrice-mueller\/\",\"name\":\"Beatrice M\u00fcller - Beatrice M\u00fcller\",\"isPartOf\":{\"@id\":\"https:\/\/beatrice-mueller.de\/en\/#website\"},\"datePublished\":\"2021-11-01T23:27:06+00:00\",\"description\":\"\u201eSo facettenreich wie ein Brillant\u201c \u2013 diese Worte w\u00e4hlte einst eine Weggef\u00e4hrtin zur Beschreibung von Beatrice M\u00fcller. Es sind treffende ...\",\"breadcrumb\":{\"@id\":\"https:\/\/beatrice-mueller.de\/en\/beatrice-mueller\/#breadcrumb\"},\"inLanguage\":\"en-US\",\"potentialAction\":[{\"@type\":\"ReadAction\",\"target\":[\"https:\/\/beatrice-mueller.de\/en\/beatrice-mueller\/\"]}]},{\"@type\":\"BreadcrumbList\",\"@id\":\"https:\/\/beatrice-mueller.de\/en\/beatrice-mueller\/#breadcrumb\",\"itemListElement\":[{\"@type\":\"ListItem\",\"position\":1,\"name\":\"Startseite\",\"item\":\"https:\/\/beatrice-mueller.de\/en\/\"},{\"@type\":\"ListItem\",\"position\":2,\"name\":\"Beatrice M\u00fcller\"}]},{\"@type\":\"WebSite\",\"@id\":\"https:\/\/beatrice-mueller.de\/en\/#website\",\"url\":\"https:\/\/beatrice-mueller.de\/en\/\",\"name\":\"Beatrice M\u00fcller\",\"description\":\"Schmuckdesign\",\"potentialAction\":[{\"@type\":\"SearchAction\",\"target\":{\"@type\":\"EntryPoint\",\"urlTemplate\":\"https:\/\/beatrice-mueller.de\/en\/?s={search_term_string}\"},\"query-input\":{\"@type\":\"PropertyValueSpecification\",\"valueRequired\":true,\"valueName\":\"search_term_string\"}}],\"inLanguage\":\"en-US\"}]}<\/script>\n<!-- \/ Yoast SEO plugin. -->","yoast_head_json":{"title":"Beatrice M\u00fcller - Beatrice M\u00fcller","description":"\u201eSo facettenreich wie ein Brillant\u201c \u2013 diese Worte w\u00e4hlte einst eine Weggef\u00e4hrtin zur Beschreibung von Beatrice M\u00fcller. Es sind treffende ...","robots":{"index":"index","follow":"follow","max-snippet":"max-snippet:-1","max-image-preview":"max-image-preview:large","max-video-preview":"max-video-preview:-1"},"canonical":"https:\/\/beatrice-mueller.de\/en\/beatrice-mueller\/","og_locale":"en_US","og_type":"article","og_title":"Beatrice M\u00fcller - Beatrice M\u00fcller","og_description":"\u201eSo facettenreich wie ein Brillant\u201c \u2013 diese Worte w\u00e4hlte einst eine Weggef\u00e4hrtin zur Beschreibung von Beatrice M\u00fcller. Es sind treffende ...","og_url":"https:\/\/beatrice-mueller.de\/en\/beatrice-mueller\/","og_site_name":"Beatrice M\u00fcller","twitter_card":"summary_large_image","twitter_misc":{"Est. reading time":"3 minutes"},"schema":{"@context":"https:\/\/schema.org","@graph":[{"@type":"WebPage","@id":"https:\/\/beatrice-mueller.de\/en\/beatrice-mueller\/","url":"https:\/\/beatrice-mueller.de\/en\/beatrice-mueller\/","name":"Beatrice M\u00fcller - Beatrice M\u00fcller","isPartOf":{"@id":"https:\/\/beatrice-mueller.de\/en\/#website"},"datePublished":"2021-11-01T23:27:06+00:00","description":"\u201eSo facettenreich wie ein Brillant\u201c \u2013 diese Worte w\u00e4hlte einst eine Weggef\u00e4hrtin zur Beschreibung von Beatrice M\u00fcller. Es sind treffende ...","breadcrumb":{"@id":"https:\/\/beatrice-mueller.de\/en\/beatrice-mueller\/#breadcrumb"},"inLanguage":"en-US","potentialAction":[{"@type":"ReadAction","target":["https:\/\/beatrice-mueller.de\/en\/beatrice-mueller\/"]}]},{"@type":"BreadcrumbList","@id":"https:\/\/beatrice-mueller.de\/en\/beatrice-mueller\/#breadcrumb","itemListElement":[{"@type":"ListItem","position":1,"name":"Startseite","item":"https:\/\/beatrice-mueller.de\/en\/"},{"@type":"ListItem","position":2,"name":"Beatrice M\u00fcller"}]},{"@type":"WebSite","@id":"https:\/\/beatrice-mueller.de\/en\/#website","url":"https:\/\/beatrice-mueller.de\/en\/","name":"Beatrice M\u00fcller","description":"Schmuckdesign","potentialAction":[{"@type":"SearchAction","target":{"@type":"EntryPoint","urlTemplate":"https:\/\/beatrice-mueller.de\/en\/?s={search_term_string}"},"query-input":{"@type":"PropertyValueSpecification","valueRequired":true,"valueName":"search_term_string"}}],"inLanguage":"en-US"}]}},"_links":{"self":[{"href":"https:\/\/beatrice-mueller.de\/en\/wp-json\/wp\/v2\/pages\/19682","targetHints":{"allow":["GET"]}}],"collection":[{"href":"https:\/\/beatrice-mueller.de\/en\/wp-json\/wp\/v2\/pages"}],"about":[{"href":"https:\/\/beatrice-mueller.de\/en\/wp-json\/wp\/v2\/types\/page"}],"author":[{"embeddable":true,"href":"https:\/\/beatrice-mueller.de\/en\/wp-json\/wp\/v2\/users\/1"}],"replies":[{"embeddable":true,"href":"https:\/\/beatrice-mueller.de\/en\/wp-json\/wp\/v2\/comments?post=19682"}],"version-history":[{"count":0,"href":"https:\/\/beatrice-mueller.de\/en\/wp-json\/wp\/v2\/pages\/19682\/revisions"}],"wp:attachment":[{"href":"https:\/\/beatrice-mueller.de\/en\/wp-json\/wp\/v2\/media?parent=19682"}],"curies":[{"name":"wp","href":"https:\/\/api.w.org\/{rel}","templated":true}]}}