{"id":19692,"date":"2021-10-12T09:57:39","date_gmt":"2021-10-12T07:57:39","guid":{"rendered":"https:\/\/beatrice-mueller.de\/tischkultur\/"},"modified":"2025-02-23T17:20:12","modified_gmt":"2025-02-23T16:20:12","slug":"tischkultur","status":"publish","type":"page","link":"https:\/\/beatrice-mueller.de\/en\/tischkultur\/","title":{"rendered":"Table culture"},"content":{"rendered":"\n<style type=\"text\/css\" data-created_by=\"avia_inline_auto\" id=\"style-css-av-kv86w9dd-cef4537ae49bed5ee48947948f0ecf71\">\n#top .av-special-heading.av-kv86w9dd-cef4537ae49bed5ee48947948f0ecf71{\npadding-bottom:10px;\n}\nbody .av-special-heading.av-kv86w9dd-cef4537ae49bed5ee48947948f0ecf71 .av-special-heading-tag .heading-char{\nfont-size:25px;\n}\n.av-special-heading.av-kv86w9dd-cef4537ae49bed5ee48947948f0ecf71 .av-subheading{\nfont-size:15px;\n}\n<\/style>\n<div  class='av-special-heading av-kv86w9dd-cef4537ae49bed5ee48947948f0ecf71 av-special-heading-h1 blockquote modern-quote modern-centered  avia-builder-el-0  el_before_av_textblock  avia-builder-el-first '><h1 class='av-special-heading-tag '  itemprop=\"headline\"  >Table culture<\/h1><div class=\"special-heading-border\"><div class=\"special-heading-inner-border\"><\/div><\/div><\/div>\n<section  class='av_textblock_section av-kv86wfc1-3ba2f98c79adc0886440a0bbacbd90f3 '   itemscope=\"itemscope\" itemtype=\"https:\/\/schema.org\/CreativeWork\" ><div class='avia_textblock'  itemprop=\"text\" ><p style=\"text-align: center;\">table setting, home accessories, glass, wine glasses, champagne glasses, aperitif, gift idea, valuable gifts, everyday gifts, meaningful gifts, drinking vessel, glass set, individual wine glass, customizable glasses<\/p>\n<\/div><\/section>\n<div id='av-masonry-1' class='av-masonry av-kv86wxm1-b31a4656bdb0ffdf30731c2d312ff4c2 noHover av-fixed-size av-large-gap av-hover-overlay-grayscale av-masonry-animation-active av-masonry-col-4 av-caption-on-hover av-caption-style- av-masonry-entries av-orientation-portrait ' data-post_id=\"19692\"><div class=\"av-masonry-container isotope av-js-disabled\"><div class='av-masonry-entry isotope-item av-masonry-item-no-image '><\/div><a href=\"https:\/\/beatrice-mueller.de\/en\/kollektion\/perfect-glas\/\"  id='av-masonry-1-item-19534' data-av-masonry-item='19534' class='av-masonry-entry isotope-item post-19534 portfolio type-portfolio status-publish has-post-thumbnail hentry portfolio_entries-table-culture  av-masonry-item-with-image' title=\"PERFECT_Glas_Champagnerglas_Fuga_Faber_Castell_StadtStein_F_Startbild-1\"   itemscope=\"itemscope\" itemtype=\"https:\/\/schema.org\/CreativeWork\" ><div class='av-inner-masonry-sizer'><\/div><figure class='av-inner-masonry main_color'><div class=\"av-masonry-outerimage-container\"><div class='av-masonry-image-container' style=\"background-image: url(https:\/\/beatrice-mueller.de\/wp-content\/uploads\/2021\/09\/PERFECT_Glas_Champagnerglas_Fuga_Faber_Castell_StadtStein_F_Startbild-1.jpg);\"  title=\"PERFECT_Glas_Champagnerglas_Fuga_Faber_Castell_StadtStein_F_Startbild-1\" ><\/div><\/div><figcaption class='av-inner-masonry-content site-background'><div class='av-inner-masonry-content-pos'><div class='av-inner-masonry-content-pos-content'><div class='avia-arrow'><\/div><h3 class='av-masonry-entry-title entry-title '  itemprop=\"headline\" >Perfect Glas\u00ae<\/h3><\/div><\/div><\/figcaption><\/figure><\/a><!--end av-masonry entry--><\/div><\/div>\n","protected":false},"excerpt":{"rendered":"","protected":false},"author":1,"featured_media":3751,"parent":0,"menu_order":0,"comment_status":"closed","ping_status":"closed","template":"","meta":{"_glsr_average":0,"_glsr_ranking":0,"_glsr_reviews":0,"footnotes":""},"class_list":["post-19692","page","type-page","status-publish","has-post-thumbnail","hentry"],"yoast_head":"<!-- This site is optimized with the Yoast SEO plugin v25.6 - https:\/\/yoast.com\/wordpress\/plugins\/seo\/ -->\n<title>Table culture - Beatrice M\u00fcller<\/title>\n<meta name=\"description\" content=\"Verschiedene Wohnaccessoires Tischkultur, Wohnaccessoires, Glas, Weingl\u00e4ser, Champagnergl\u00e4ser, Apperitif, Geschenkidee, Dekoration\" \/>\n<meta name=\"robots\" content=\"index, follow, max-snippet:-1, max-image-preview:large, max-video-preview:-1\" \/>\n<link rel=\"canonical\" href=\"https:\/\/beatrice-mueller.de\/en\/tischkultur\/\" \/>\n<meta property=\"og:locale\" content=\"en_US\" \/>\n<meta property=\"og:type\" content=\"article\" \/>\n<meta property=\"og:title\" content=\"Tischkultur by Beatrice M\u00fcller\" \/>\n<meta property=\"og:description\" content=\"gedeckter Tisch, Wohnaccessoires, Glas, Weingl\u00e4ser, Champagnergl\u00e4ser, Apperitif, Geschenkidee, wertvolle Geschenke, Alltagsgeschenke, sinnvolle Geschenke, Trinkgef\u00e4\u00df, Gl\u00e4serset, individuelles Weinglas, individualsierbare Gl\u00e4ser\" \/>\n<meta property=\"og:url\" content=\"https:\/\/beatrice-mueller.de\/en\/tischkultur\/\" \/>\n<meta property=\"og:site_name\" content=\"Beatrice M\u00fcller\" \/>\n<meta property=\"article:modified_time\" content=\"2025-02-23T16:20:12+00:00\" \/>\n<meta property=\"og:image\" content=\"https:\/\/beatrice-mueller.de\/wp-content\/uploads\/2021\/10\/perfect1.jpg\" \/>\n\t<meta property=\"og:image:width\" content=\"800\" \/>\n\t<meta property=\"og:image:height\" content=\"500\" \/>\n\t<meta property=\"og:image:type\" content=\"image\/jpeg\" \/>\n<meta name=\"twitter:card\" content=\"summary_large_image\" \/>\n<meta name=\"twitter:label1\" content=\"Est. reading time\" \/>\n\t<meta name=\"twitter:data1\" content=\"1 minute\" \/>\n<script type=\"application\/ld+json\" class=\"yoast-schema-graph\">{\"@context\":\"https:\/\/schema.org\",\"@graph\":[{\"@type\":\"WebPage\",\"@id\":\"https:\/\/beatrice-mueller.de\/en\/tischkultur\/\",\"url\":\"https:\/\/beatrice-mueller.de\/en\/tischkultur\/\",\"name\":\"Table culture - Beatrice M\u00fcller\",\"isPartOf\":{\"@id\":\"https:\/\/beatrice-mueller.de\/en\/#website\"},\"primaryImageOfPage\":{\"@id\":\"https:\/\/beatrice-mueller.de\/en\/tischkultur\/#primaryimage\"},\"image\":{\"@id\":\"https:\/\/beatrice-mueller.de\/en\/tischkultur\/#primaryimage\"},\"thumbnailUrl\":\"https:\/\/beatrice-mueller.de\/wp-content\/uploads\/2021\/09\/PERFECT_Glas_Champagnerglas_Fuga_Faber_Castell_StadtStein_F_Startbild-1.jpg\",\"datePublished\":\"2021-10-12T07:57:39+00:00\",\"dateModified\":\"2025-02-23T16:20:12+00:00\",\"description\":\"Verschiedene Wohnaccessoires Tischkultur, Wohnaccessoires, Glas, Weingl\u00e4ser, Champagnergl\u00e4ser, Apperitif, Geschenkidee, Dekoration\",\"breadcrumb\":{\"@id\":\"https:\/\/beatrice-mueller.de\/en\/tischkultur\/#breadcrumb\"},\"inLanguage\":\"en-US\",\"potentialAction\":[{\"@type\":\"ReadAction\",\"target\":[\"https:\/\/beatrice-mueller.de\/en\/tischkultur\/\"]}]},{\"@type\":\"ImageObject\",\"inLanguage\":\"en-US\",\"@id\":\"https:\/\/beatrice-mueller.de\/en\/tischkultur\/#primaryimage\",\"url\":\"https:\/\/beatrice-mueller.de\/wp-content\/uploads\/2021\/09\/PERFECT_Glas_Champagnerglas_Fuga_Faber_Castell_StadtStein_F_Startbild-1.jpg\",\"contentUrl\":\"https:\/\/beatrice-mueller.de\/wp-content\/uploads\/2021\/09\/PERFECT_Glas_Champagnerglas_Fuga_Faber_Castell_StadtStein_F_Startbild-1.jpg\",\"width\":280,\"height\":380},{\"@type\":\"BreadcrumbList\",\"@id\":\"https:\/\/beatrice-mueller.de\/en\/tischkultur\/#breadcrumb\",\"itemListElement\":[{\"@type\":\"ListItem\",\"position\":1,\"name\":\"Startseite\",\"item\":\"https:\/\/beatrice-mueller.de\/en\/\"},{\"@type\":\"ListItem\",\"position\":2,\"name\":\"Table culture\"}]},{\"@type\":\"WebSite\",\"@id\":\"https:\/\/beatrice-mueller.de\/en\/#website\",\"url\":\"https:\/\/beatrice-mueller.de\/en\/\",\"name\":\"Beatrice M\u00fcller\",\"description\":\"Schmuckdesign\",\"potentialAction\":[{\"@type\":\"SearchAction\",\"target\":{\"@type\":\"EntryPoint\",\"urlTemplate\":\"https:\/\/beatrice-mueller.de\/en\/?s={search_term_string}\"},\"query-input\":{\"@type\":\"PropertyValueSpecification\",\"valueRequired\":true,\"valueName\":\"search_term_string\"}}],\"inLanguage\":\"en-US\"}]}<\/script>\n<!-- \/ Yoast SEO plugin. -->","yoast_head_json":{"title":"Table culture - Beatrice M\u00fcller","description":"Verschiedene Wohnaccessoires Tischkultur, Wohnaccessoires, Glas, Weingl\u00e4ser, Champagnergl\u00e4ser, Apperitif, Geschenkidee, Dekoration","robots":{"index":"index","follow":"follow","max-snippet":"max-snippet:-1","max-image-preview":"max-image-preview:large","max-video-preview":"max-video-preview:-1"},"canonical":"https:\/\/beatrice-mueller.de\/en\/tischkultur\/","og_locale":"en_US","og_type":"article","og_title":"Tischkultur by Beatrice M\u00fcller","og_description":"gedeckter Tisch, Wohnaccessoires, Glas, Weingl\u00e4ser, Champagnergl\u00e4ser, Apperitif, Geschenkidee, wertvolle Geschenke, Alltagsgeschenke, sinnvolle Geschenke, Trinkgef\u00e4\u00df, Gl\u00e4serset, individuelles Weinglas, individualsierbare Gl\u00e4ser","og_url":"https:\/\/beatrice-mueller.de\/en\/tischkultur\/","og_site_name":"Beatrice M\u00fcller","article_modified_time":"2025-02-23T16:20:12+00:00","og_image":[{"width":800,"height":500,"url":"https:\/\/beatrice-mueller.de\/wp-content\/uploads\/2021\/10\/perfect1.jpg","type":"image\/jpeg"}],"twitter_card":"summary_large_image","twitter_misc":{"Est. reading time":"1 minute"},"schema":{"@context":"https:\/\/schema.org","@graph":[{"@type":"WebPage","@id":"https:\/\/beatrice-mueller.de\/en\/tischkultur\/","url":"https:\/\/beatrice-mueller.de\/en\/tischkultur\/","name":"Table culture - Beatrice M\u00fcller","isPartOf":{"@id":"https:\/\/beatrice-mueller.de\/en\/#website"},"primaryImageOfPage":{"@id":"https:\/\/beatrice-mueller.de\/en\/tischkultur\/#primaryimage"},"image":{"@id":"https:\/\/beatrice-mueller.de\/en\/tischkultur\/#primaryimage"},"thumbnailUrl":"https:\/\/beatrice-mueller.de\/wp-content\/uploads\/2021\/09\/PERFECT_Glas_Champagnerglas_Fuga_Faber_Castell_StadtStein_F_Startbild-1.jpg","datePublished":"2021-10-12T07:57:39+00:00","dateModified":"2025-02-23T16:20:12+00:00","description":"Verschiedene Wohnaccessoires Tischkultur, Wohnaccessoires, Glas, Weingl\u00e4ser, Champagnergl\u00e4ser, Apperitif, Geschenkidee, Dekoration","breadcrumb":{"@id":"https:\/\/beatrice-mueller.de\/en\/tischkultur\/#breadcrumb"},"inLanguage":"en-US","potentialAction":[{"@type":"ReadAction","target":["https:\/\/beatrice-mueller.de\/en\/tischkultur\/"]}]},{"@type":"ImageObject","inLanguage":"en-US","@id":"https:\/\/beatrice-mueller.de\/en\/tischkultur\/#primaryimage","url":"https:\/\/beatrice-mueller.de\/wp-content\/uploads\/2021\/09\/PERFECT_Glas_Champagnerglas_Fuga_Faber_Castell_StadtStein_F_Startbild-1.jpg","contentUrl":"https:\/\/beatrice-mueller.de\/wp-content\/uploads\/2021\/09\/PERFECT_Glas_Champagnerglas_Fuga_Faber_Castell_StadtStein_F_Startbild-1.jpg","width":280,"height":380},{"@type":"BreadcrumbList","@id":"https:\/\/beatrice-mueller.de\/en\/tischkultur\/#breadcrumb","itemListElement":[{"@type":"ListItem","position":1,"name":"Startseite","item":"https:\/\/beatrice-mueller.de\/en\/"},{"@type":"ListItem","position":2,"name":"Table culture"}]},{"@type":"WebSite","@id":"https:\/\/beatrice-mueller.de\/en\/#website","url":"https:\/\/beatrice-mueller.de\/en\/","name":"Beatrice M\u00fcller","description":"Schmuckdesign","potentialAction":[{"@type":"SearchAction","target":{"@type":"EntryPoint","urlTemplate":"https:\/\/beatrice-mueller.de\/en\/?s={search_term_string}"},"query-input":{"@type":"PropertyValueSpecification","valueRequired":true,"valueName":"search_term_string"}}],"inLanguage":"en-US"}]}},"_links":{"self":[{"href":"https:\/\/beatrice-mueller.de\/en\/wp-json\/wp\/v2\/pages\/19692","targetHints":{"allow":["GET"]}}],"collection":[{"href":"https:\/\/beatrice-mueller.de\/en\/wp-json\/wp\/v2\/pages"}],"about":[{"href":"https:\/\/beatrice-mueller.de\/en\/wp-json\/wp\/v2\/types\/page"}],"author":[{"embeddable":true,"href":"https:\/\/beatrice-mueller.de\/en\/wp-json\/wp\/v2\/users\/1"}],"replies":[{"embeddable":true,"href":"https:\/\/beatrice-mueller.de\/en\/wp-json\/wp\/v2\/comments?post=19692"}],"version-history":[{"count":2,"href":"https:\/\/beatrice-mueller.de\/en\/wp-json\/wp\/v2\/pages\/19692\/revisions"}],"predecessor-version":[{"id":25681,"href":"https:\/\/beatrice-mueller.de\/en\/wp-json\/wp\/v2\/pages\/19692\/revisions\/25681"}],"wp:featuredmedia":[{"embeddable":true,"href":"https:\/\/beatrice-mueller.de\/en\/wp-json\/wp\/v2\/media\/3751"}],"wp:attachment":[{"href":"https:\/\/beatrice-mueller.de\/en\/wp-json\/wp\/v2\/media?parent=19692"}],"curies":[{"name":"wp","href":"https:\/\/api.w.org\/{rel}","templated":true}]}}