{"id":19695,"date":"2021-09-27T05:21:50","date_gmt":"2021-09-27T03:21:50","guid":{"rendered":"https:\/\/beatrice-mueller.de\/der-extravagante-siegelring-aus-nuernberg-von-beatrice-mueller\/"},"modified":"2021-09-27T05:21:50","modified_gmt":"2021-09-27T03:21:50","slug":"der-extravagante-siegelring-aus-nuernberg-von-beatrice-mueller","status":"publish","type":"page","link":"https:\/\/beatrice-mueller.de\/en\/der-extravagante-siegelring-aus-nuernberg-von-beatrice-mueller\/","title":{"rendered":"180 Grad\u00ae"},"content":{"rendered":"<div id='av-layout-grid-1'  class='av-layout-grid-container av-95llgz-7d4dc799ebdb8b4c6b0b519bbebdac08 entry-content-wrapper main_color av-flex-cells  avia-builder-el-0  el_before_av_masonry_gallery  avia-builder-el-first   container_wrap sidebar_right'  >\n<div class='flex_cell av-7onqcz-0e76f3eaf53c9db3262a705f8b63acec av-gridrow-cell av_one_half no_margin  avia-builder-el-1  el_before_av_cell_one_half  avia-builder-el-first '  ><div class='flex_cell_inner'>\n<style type=\"text\/css\" data-created_by=\"avia_inline_auto\" id=\"style-css-av-6jc19f-f390257837b4739f64a73a92992aa49a\">\n#top .avia-gallery.av-6jc19f-f390257837b4739f64a73a92992aa49a .avia-gallery-thumb a{\nwidth:33.3333%;\n}\n<\/style>\n<div  class='avia-gallery av-6jc19f-f390257837b4739f64a73a92992aa49a avia_animate_when_visible  avia-builder-el-2  avia-builder-el-no-sibling  avia_lazyload av-slideshow-ui av-loop-manual-endless av-control-hidden av-navigate-arrows av-navigate-dots hover-effect av-control-hidden avia-gallery-animate avia-gallery-1'  itemprop=\"image\" itemscope=\"itemscope\" itemtype=\"https:\/\/schema.org\/ImageObject\" ><meta itemprop=\"contentURL\" content=\"https:\/\/beatrice-mueller.de\/en\/der-extravagante-siegelring-aus-nuernberg-von-beatrice-mueller\/\"><a class='avia-gallery-big fakeLightbox lightbox avia-gallery-big-crop-thumb ' href=\"https:\/\/beatrice-mueller.de\/wp-content\/uploads\/2021\/09\/Ringe_180_GRAD_II_GOLF-1030x1030.jpg\" data-srcset=\"https:\/\/beatrice-mueller.de\/wp-content\/uploads\/2021\/09\/Ringe_180_GRAD_II_GOLF-1030x1030.jpg 1030w, https:\/\/beatrice-mueller.de\/wp-content\/uploads\/2021\/09\/Ringe_180_GRAD_II_GOLF-300x300.jpg 300w, https:\/\/beatrice-mueller.de\/wp-content\/uploads\/2021\/09\/Ringe_180_GRAD_II_GOLF-100x100.jpg 100w, https:\/\/beatrice-mueller.de\/wp-content\/uploads\/2021\/09\/Ringe_180_GRAD_II_GOLF-600x600.jpg 600w, https:\/\/beatrice-mueller.de\/wp-content\/uploads\/2021\/09\/Ringe_180_GRAD_II_GOLF-80x80.jpg 80w, https:\/\/beatrice-mueller.de\/wp-content\/uploads\/2021\/09\/Ringe_180_GRAD_II_GOLF-768x768.jpg 768w, https:\/\/beatrice-mueller.de\/wp-content\/uploads\/2021\/09\/Ringe_180_GRAD_II_GOLF-36x36.jpg 36w, https:\/\/beatrice-mueller.de\/wp-content\/uploads\/2021\/09\/Ringe_180_GRAD_II_GOLF-180x180.jpg 180w, https:\/\/beatrice-mueller.de\/wp-content\/uploads\/2021\/09\/Ringe_180_GRAD_II_GOLF-705x705.jpg 705w, https:\/\/beatrice-mueller.de\/wp-content\/uploads\/2021\/09\/Ringe_180_GRAD_II_GOLF.jpg 1134w\" data-sizes=\"(max-width: 1030px) 100vw, 1030px\"  data-onclick='1' title='Ringe_180_GRAD_II_GOLF' ><span class='avia-gallery-big-inner'  itemprop=\"thumbnailUrl\" ><img decoding=\"async\" fetchpriority=\"high\" class=\"wp-image-4095 avia-img-lazy-loading-not-4095\"  width=\"1134\" height=\"1134\" src=\"https:\/\/beatrice-mueller.de\/wp-content\/uploads\/2021\/09\/Ringe_180_GRAD_II_GOLF.jpg\" title='Ringe_180_GRAD_II_GOLF' alt='' srcset=\"https:\/\/beatrice-mueller.de\/wp-content\/uploads\/2021\/09\/Ringe_180_GRAD_II_GOLF.jpg 1134w, https:\/\/beatrice-mueller.de\/wp-content\/uploads\/2021\/09\/Ringe_180_GRAD_II_GOLF-300x300.jpg 300w, https:\/\/beatrice-mueller.de\/wp-content\/uploads\/2021\/09\/Ringe_180_GRAD_II_GOLF-100x100.jpg 100w, https:\/\/beatrice-mueller.de\/wp-content\/uploads\/2021\/09\/Ringe_180_GRAD_II_GOLF-600x600.jpg 600w, https:\/\/beatrice-mueller.de\/wp-content\/uploads\/2021\/09\/Ringe_180_GRAD_II_GOLF-1030x1030.jpg 1030w, https:\/\/beatrice-mueller.de\/wp-content\/uploads\/2021\/09\/Ringe_180_GRAD_II_GOLF-80x80.jpg 80w, https:\/\/beatrice-mueller.de\/wp-content\/uploads\/2021\/09\/Ringe_180_GRAD_II_GOLF-768x768.jpg 768w, https:\/\/beatrice-mueller.de\/wp-content\/uploads\/2021\/09\/Ringe_180_GRAD_II_GOLF-36x36.jpg 36w, https:\/\/beatrice-mueller.de\/wp-content\/uploads\/2021\/09\/Ringe_180_GRAD_II_GOLF-180x180.jpg 180w, https:\/\/beatrice-mueller.de\/wp-content\/uploads\/2021\/09\/Ringe_180_GRAD_II_GOLF-705x705.jpg 705w\" sizes=\"(max-width: 1134px) 100vw, 1134px\" \/><\/span><\/a><div class='avia-gallery-thumb'><a href=\"https:\/\/beatrice-mueller.de\/wp-content\/uploads\/2021\/09\/Ringe_180_GRAD_II_GOLF-1030x1030.jpg\" data-srcset=\"https:\/\/beatrice-mueller.de\/wp-content\/uploads\/2021\/09\/Ringe_180_GRAD_II_GOLF-1030x1030.jpg 1030w, https:\/\/beatrice-mueller.de\/wp-content\/uploads\/2021\/09\/Ringe_180_GRAD_II_GOLF-300x300.jpg 300w, https:\/\/beatrice-mueller.de\/wp-content\/uploads\/2021\/09\/Ringe_180_GRAD_II_GOLF-100x100.jpg 100w, https:\/\/beatrice-mueller.de\/wp-content\/uploads\/2021\/09\/Ringe_180_GRAD_II_GOLF-600x600.jpg 600w, https:\/\/beatrice-mueller.de\/wp-content\/uploads\/2021\/09\/Ringe_180_GRAD_II_GOLF-80x80.jpg 80w, https:\/\/beatrice-mueller.de\/wp-content\/uploads\/2021\/09\/Ringe_180_GRAD_II_GOLF-768x768.jpg 768w, https:\/\/beatrice-mueller.de\/wp-content\/uploads\/2021\/09\/Ringe_180_GRAD_II_GOLF-36x36.jpg 36w, https:\/\/beatrice-mueller.de\/wp-content\/uploads\/2021\/09\/Ringe_180_GRAD_II_GOLF-180x180.jpg 180w, https:\/\/beatrice-mueller.de\/wp-content\/uploads\/2021\/09\/Ringe_180_GRAD_II_GOLF-705x705.jpg 705w, https:\/\/beatrice-mueller.de\/wp-content\/uploads\/2021\/09\/Ringe_180_GRAD_II_GOLF.jpg 1134w\" data-sizes=\"(max-width: 1030px) 100vw, 1030px\" data-rel='gallery-1' data-prev-img='https:\/\/beatrice-mueller.de\/wp-content\/uploads\/2021\/09\/Ringe_180_GRAD_II_GOLF.jpg' class='first_thumb lightbox ' data-onclick='1' title='Ringe_180_GRAD_II_GOLF'  itemprop=\"thumbnailUrl\"  ><img decoding=\"async\" fetchpriority=\"high\" class=\"wp-image-4095 avia-img-lazy-loading-not-4095\"   src=\"https:\/\/beatrice-mueller.de\/wp-content\/uploads\/2021\/09\/Ringe_180_GRAD_II_GOLF-495x400.jpg\" width=\"495\" height=\"400\"  title='Ringe_180_GRAD_II_GOLF' alt='' srcset=\"https:\/\/beatrice-mueller.de\/wp-content\/uploads\/2021\/09\/Ringe_180_GRAD_II_GOLF-495x400.jpg 495w, https:\/\/beatrice-mueller.de\/wp-content\/uploads\/2021\/09\/Ringe_180_GRAD_II_GOLF-845x684.jpg 845w\" sizes=\"(max-width: 495px) 100vw, 495px\" \/><div class='big-prev-fake'><img decoding=\"async\" loading=\"lazy\" class=\"wp-image-4095 avia-img-lazy-loading-4095\"  width=\"1134\" height=\"1134\" src=\"https:\/\/beatrice-mueller.de\/wp-content\/uploads\/2021\/09\/Ringe_180_GRAD_II_GOLF.jpg\" title='Ringe_180_GRAD_II_GOLF' alt='' srcset=\"https:\/\/beatrice-mueller.de\/wp-content\/uploads\/2021\/09\/Ringe_180_GRAD_II_GOLF.jpg 1134w, https:\/\/beatrice-mueller.de\/wp-content\/uploads\/2021\/09\/Ringe_180_GRAD_II_GOLF-300x300.jpg 300w, https:\/\/beatrice-mueller.de\/wp-content\/uploads\/2021\/09\/Ringe_180_GRAD_II_GOLF-100x100.jpg 100w, https:\/\/beatrice-mueller.de\/wp-content\/uploads\/2021\/09\/Ringe_180_GRAD_II_GOLF-600x600.jpg 600w, https:\/\/beatrice-mueller.de\/wp-content\/uploads\/2021\/09\/Ringe_180_GRAD_II_GOLF-1030x1030.jpg 1030w, https:\/\/beatrice-mueller.de\/wp-content\/uploads\/2021\/09\/Ringe_180_GRAD_II_GOLF-80x80.jpg 80w, https:\/\/beatrice-mueller.de\/wp-content\/uploads\/2021\/09\/Ringe_180_GRAD_II_GOLF-768x768.jpg 768w, https:\/\/beatrice-mueller.de\/wp-content\/uploads\/2021\/09\/Ringe_180_GRAD_II_GOLF-36x36.jpg 36w, https:\/\/beatrice-mueller.de\/wp-content\/uploads\/2021\/09\/Ringe_180_GRAD_II_GOLF-180x180.jpg 180w, https:\/\/beatrice-mueller.de\/wp-content\/uploads\/2021\/09\/Ringe_180_GRAD_II_GOLF-705x705.jpg 705w\" sizes=\"auto, (max-width: 1134px) 100vw, 1134px\" \/><\/div><\/a><a href=\"https:\/\/beatrice-mueller.de\/wp-content\/uploads\/2021\/09\/titelbild_oben_180_Grad.jpg\" data-srcset=\"https:\/\/beatrice-mueller.de\/wp-content\/uploads\/2021\/09\/titelbild_oben_180_Grad.jpg 454w, https:\/\/beatrice-mueller.de\/wp-content\/uploads\/2021\/09\/titelbild_oben_180_Grad-300x180.jpg 300w\" data-sizes=\"(max-width: 454px) 100vw, 454px\" data-rel='gallery-1' data-prev-img='https:\/\/beatrice-mueller.de\/wp-content\/uploads\/2021\/09\/titelbild_oben_180_Grad.jpg' class='lightbox ' data-onclick='2' title='titelbild_oben_180_Grad'  itemprop=\"thumbnailUrl\"  ><img decoding=\"async\" fetchpriority=\"high\" class=\"wp-image-4091 avia-img-lazy-loading-not-4091\"   src=\"https:\/\/beatrice-mueller.de\/wp-content\/uploads\/2021\/09\/titelbild_oben_180_Grad.jpg\" width=\"454\" height=\"273\"  title='titelbild_oben_180_Grad' alt='' srcset=\"https:\/\/beatrice-mueller.de\/wp-content\/uploads\/2021\/09\/titelbild_oben_180_Grad.jpg 454w, https:\/\/beatrice-mueller.de\/wp-content\/uploads\/2021\/09\/titelbild_oben_180_Grad-300x180.jpg 300w\" sizes=\"(max-width: 454px) 100vw, 454px\" \/><div class='big-prev-fake'><img decoding=\"async\" loading=\"lazy\" class=\"wp-image-4091 avia-img-lazy-loading-4091\"  width=\"454\" height=\"273\" src=\"https:\/\/beatrice-mueller.de\/wp-content\/uploads\/2021\/09\/titelbild_oben_180_Grad.jpg\" title='titelbild_oben_180_Grad' alt='' srcset=\"https:\/\/beatrice-mueller.de\/wp-content\/uploads\/2021\/09\/titelbild_oben_180_Grad.jpg 454w, https:\/\/beatrice-mueller.de\/wp-content\/uploads\/2021\/09\/titelbild_oben_180_Grad-300x180.jpg 300w\" sizes=\"auto, (max-width: 454px) 100vw, 454px\" \/><\/div><\/a><a href=\"https:\/\/beatrice-mueller.de\/wp-content\/uploads\/2021\/10\/Manschettenknoepfe_180_GRAD_RG_GG-8-1030x1030.jpg\" data-srcset=\"https:\/\/beatrice-mueller.de\/wp-content\/uploads\/2021\/10\/Manschettenknoepfe_180_GRAD_RG_GG-8-1030x1030.jpg 1030w, https:\/\/beatrice-mueller.de\/wp-content\/uploads\/2021\/10\/Manschettenknoepfe_180_GRAD_RG_GG-8-300x300.jpg 300w, https:\/\/beatrice-mueller.de\/wp-content\/uploads\/2021\/10\/Manschettenknoepfe_180_GRAD_RG_GG-8-100x100.jpg 100w, https:\/\/beatrice-mueller.de\/wp-content\/uploads\/2021\/10\/Manschettenknoepfe_180_GRAD_RG_GG-8-600x600.jpg 600w, https:\/\/beatrice-mueller.de\/wp-content\/uploads\/2021\/10\/Manschettenknoepfe_180_GRAD_RG_GG-8-80x80.jpg 80w, https:\/\/beatrice-mueller.de\/wp-content\/uploads\/2021\/10\/Manschettenknoepfe_180_GRAD_RG_GG-8-768x768.jpg 768w, https:\/\/beatrice-mueller.de\/wp-content\/uploads\/2021\/10\/Manschettenknoepfe_180_GRAD_RG_GG-8-36x36.jpg 36w, https:\/\/beatrice-mueller.de\/wp-content\/uploads\/2021\/10\/Manschettenknoepfe_180_GRAD_RG_GG-8-180x180.jpg 180w, https:\/\/beatrice-mueller.de\/wp-content\/uploads\/2021\/10\/Manschettenknoepfe_180_GRAD_RG_GG-8-705x705.jpg 705w, https:\/\/beatrice-mueller.de\/wp-content\/uploads\/2021\/10\/Manschettenknoepfe_180_GRAD_RG_GG-8.jpg 1134w\" data-sizes=\"(max-width: 1030px) 100vw, 1030px\" data-rel='gallery-1' data-prev-img='https:\/\/beatrice-mueller.de\/wp-content\/uploads\/2021\/10\/Manschettenknoepfe_180_GRAD_RG_GG-8.jpg' class='lightbox ' data-onclick='3' title='Manschettenknoepfe_180_GRAD_RG_GG'  itemprop=\"thumbnailUrl\"  ><img decoding=\"async\" fetchpriority=\"high\" class=\"wp-image-4680 avia-img-lazy-loading-not-4680\"   src=\"https:\/\/beatrice-mueller.de\/wp-content\/uploads\/2021\/10\/Manschettenknoepfe_180_GRAD_RG_GG-8-495x400.jpg\" width=\"495\" height=\"400\"  title='Manschettenknoepfe_180_GRAD_RG_GG' alt='' srcset=\"https:\/\/beatrice-mueller.de\/wp-content\/uploads\/2021\/10\/Manschettenknoepfe_180_GRAD_RG_GG-8-495x400.jpg 495w, https:\/\/beatrice-mueller.de\/wp-content\/uploads\/2021\/10\/Manschettenknoepfe_180_GRAD_RG_GG-8-845x684.jpg 845w\" sizes=\"(max-width: 495px) 100vw, 495px\" \/><div class='big-prev-fake'><img decoding=\"async\" loading=\"lazy\" class=\"wp-image-4680 avia-img-lazy-loading-4680\"  width=\"1134\" height=\"1134\" src=\"https:\/\/beatrice-mueller.de\/wp-content\/uploads\/2021\/10\/Manschettenknoepfe_180_GRAD_RG_GG-8.jpg\" title='Manschettenknoepfe_180_GRAD_RG_GG' alt='' srcset=\"https:\/\/beatrice-mueller.de\/wp-content\/uploads\/2021\/10\/Manschettenknoepfe_180_GRAD_RG_GG-8.jpg 1134w, https:\/\/beatrice-mueller.de\/wp-content\/uploads\/2021\/10\/Manschettenknoepfe_180_GRAD_RG_GG-8-300x300.jpg 300w, https:\/\/beatrice-mueller.de\/wp-content\/uploads\/2021\/10\/Manschettenknoepfe_180_GRAD_RG_GG-8-100x100.jpg 100w, https:\/\/beatrice-mueller.de\/wp-content\/uploads\/2021\/10\/Manschettenknoepfe_180_GRAD_RG_GG-8-600x600.jpg 600w, https:\/\/beatrice-mueller.de\/wp-content\/uploads\/2021\/10\/Manschettenknoepfe_180_GRAD_RG_GG-8-1030x1030.jpg 1030w, https:\/\/beatrice-mueller.de\/wp-content\/uploads\/2021\/10\/Manschettenknoepfe_180_GRAD_RG_GG-8-80x80.jpg 80w, https:\/\/beatrice-mueller.de\/wp-content\/uploads\/2021\/10\/Manschettenknoepfe_180_GRAD_RG_GG-8-768x768.jpg 768w, https:\/\/beatrice-mueller.de\/wp-content\/uploads\/2021\/10\/Manschettenknoepfe_180_GRAD_RG_GG-8-36x36.jpg 36w, https:\/\/beatrice-mueller.de\/wp-content\/uploads\/2021\/10\/Manschettenknoepfe_180_GRAD_RG_GG-8-180x180.jpg 180w, https:\/\/beatrice-mueller.de\/wp-content\/uploads\/2021\/10\/Manschettenknoepfe_180_GRAD_RG_GG-8-705x705.jpg 705w\" sizes=\"auto, (max-width: 1134px) 100vw, 1134px\" \/><\/div><\/a><\/div><\/div>\n<\/div><\/div><div class='flex_cell av-3yy7bn-91387abb851117b4979bba4406295fdf av-gridrow-cell av_one_half no_margin  avia-builder-el-3  el_after_av_cell_one_half  avia-builder-el-last '  ><div class='flex_cell_inner'><p>\n<style type=\"text\/css\" data-created_by=\"avia_inline_auto\" id=\"style-css-av-kv9xwom9-568036e5d4c103897effdb48faf42d32\">\n#top .av-special-heading.av-kv9xwom9-568036e5d4c103897effdb48faf42d32{\npadding-bottom:10px;\n}\nbody .av-special-heading.av-kv9xwom9-568036e5d4c103897effdb48faf42d32 .av-special-heading-tag .heading-char{\nfont-size:25px;\n}\n.av-special-heading.av-kv9xwom9-568036e5d4c103897effdb48faf42d32 .av-subheading{\nfont-size:15px;\n}\n<\/style>\n<div  class='av-special-heading av-kv9xwom9-568036e5d4c103897effdb48faf42d32 av-special-heading-h1 blockquote modern-quote  avia-builder-el-4  el_before_av_hr  avia-builder-el-first '><h1 class='av-special-heading-tag '  itemprop=\"headline\"  >180 Grad<sup>\u00ae<\/sup><\/h1><div class=\"special-heading-border\"><div class=\"special-heading-inner-border\"><\/div><\/div><\/div><br \/>\n<div  class='hr av-2wx177-50feca0bd6117e3beaf15cb4df279cda hr-default  avia-builder-el-5  el_after_av_heading  el_before_av_textblock '><span class='hr-inner '><span class=\"hr-inner-style\"><\/span><\/span><\/div><br \/>\n<section  class='av_textblock_section av-kv9xx2ow-71cf6c1f6888a1b1b246494716838f33 '   itemscope=\"itemscope\" itemtype=\"https:\/\/schema.org\/CreativeWork\" ><div class='avia_textblock'  itemprop=\"text\" ><div id=\"sdo-contentpage-right\">\n<div class=\"product-info\">\n<p>Der extravagante Siegelring 180 GRAD\u00ae ist ein Original von Beatrice M\u00fcller.\u00a0 180-Grad-Wendungen sind Ausbruch aus dem Gewohnten und gleichzeitig Aufbruch in das Neue.<\/p>\n<p>Das doppelte Siegeln ist Symbol f\u00fcr die Wendungen, die die Tr\u00e4gerin und der Tr\u00e4ger im Leben machen. Der Anfang ist das aktive Entscheiden zur Ver\u00e4nderung \u2013 Drehung der Hand, so oder so. Das Startsymbol zur neuen Richtung \u2013 das Siegeln selbst.<\/p>\n<p>Gleichzeitig steht der extravagante Siegelring 180 GRAD\u00ae f\u00fcr die Macht, die man \u00fcber seinen eigenen Lebenswandel hat und f\u00fcr die W\u00fcrde mit der man sich selbst begegnet.<\/p>\n<p>Der bewusste Verzicht auf den typischen Siegelstein unterstreicht die Goldschmiedekunst und filigrane Handarbeit. Den Siegelring selbst gibt es in verschiedenen Ausf\u00fchrungen, z. B. in massiven Ausf\u00fchrungen oder in filigranen Ausf\u00fchrungen. Der Siegelring 180 GRAD\u00ae kann sowohl als Damenring als auch als Herrenring getragen werden.<\/p>\n<p>Hier geht es zu einem Artikel \u00fcber den extravaganten Siegelring 180 GRAD\u00ae von Beatrice M\u00fcller: <a href=\"https:\/\/www.shots.media\/accessoires\/2022\/beatrice-mueller-siegelringe-mit-individuellen-botschaften\/89800\">https:\/\/www.shots.media\/accessoires\/2022\/beatrice-mueller-siegelringe-mit-individuellen-botschaften\/89800<\/a><\/p>\n<\/div>\n<\/div>\n<\/div><\/section><\/p>\n<\/div><\/div><\/div><div id='av-masonry-1' class='av-masonry av-kv9y01mi-29106c24b21c83709fda207305b7351e noHover av-fixed-size av-large-gap av-hover-overlay- av-masonry-animation-active av-masonry-col-flexible av-caption-always av-caption-style- av-masonry-gallery av-orientation-portrait ' data-post_id=\"19695\"><div class=\"av-masonry-container isotope av-js-disabled\"><div class='av-masonry-entry isotope-item av-masonry-item-no-image '><\/div><div id='av-masonry-1-item-4092' data-av-masonry-item='4092' class='av-masonry-entry isotope-item post-4092 attachment type-attachment status-inherit hentry  av-masonry-item-with-image'    itemprop=\"thumbnailUrl\" ><div class='av-inner-masonry-sizer'><\/div><figure class='av-inner-masonry main_color'><div class=\"av-masonry-outerimage-container\"><div class='av-masonry-image-container' style=\"background-image: url(https:\/\/beatrice-mueller.de\/wp-content\/uploads\/2021\/09\/Ring_180_GRAD_II_GG_Siege_Krone_180_GRAD_750-705x705.jpg);\"  title=\"Ring_180_GRAD_II_GG_Siege_Krone_180_GRAD_750\" ><\/div><\/div><\/figure><\/div><!--end av-masonry entry--><div id='av-masonry-1-item-4093' data-av-masonry-item='4093' class='av-masonry-entry isotope-item post-4093 attachment type-attachment status-inherit hentry  av-masonry-item-with-image'    itemprop=\"thumbnailUrl\" ><div class='av-inner-masonry-sizer'><\/div><figure class='av-inner-masonry main_color'><div class=\"av-masonry-outerimage-container\"><div class='av-masonry-image-container' style=\"background-image: url(https:\/\/beatrice-mueller.de\/wp-content\/uploads\/2021\/09\/Ring_180_GRAD_II_RG_Siegel_Krone_180_GRAD_750-705x705.jpg);\"  title=\"Ring_180_GRAD_II_RG_Siegel_Krone_180_GRAD_750\" ><\/div><\/div><\/figure><\/div><!--end av-masonry entry--><div id='av-masonry-1-item-4094' data-av-masonry-item='4094' class='av-masonry-entry isotope-item post-4094 attachment type-attachment status-inherit hentry  av-masonry-item-with-image'    itemprop=\"thumbnailUrl\" ><div class='av-inner-masonry-sizer'><\/div><figure class='av-inner-masonry main_color'><div class=\"av-masonry-outerimage-container\"><div class='av-masonry-image-container' style=\"background-image: url(https:\/\/beatrice-mueller.de\/wp-content\/uploads\/2021\/09\/Ring_180_GRAD_II_WG_Siegel_Krone_180_GRAD_750-705x705.jpg);\"  title=\"Ring_180_GRAD_II_WG_Siegel_Krone_180_GRAD_750\" ><\/div><\/div><\/figure><\/div><!--end av-masonry entry--><div id='av-masonry-1-item-4095' data-av-masonry-item='4095' class='av-masonry-entry isotope-item post-4095 attachment type-attachment status-inherit hentry  av-masonry-item-with-image'    itemprop=\"thumbnailUrl\" ><div class='av-inner-masonry-sizer'><\/div><figure class='av-inner-masonry main_color'><div class=\"av-masonry-outerimage-container\"><div class='av-masonry-image-container' style=\"background-image: url(https:\/\/beatrice-mueller.de\/wp-content\/uploads\/2021\/09\/Ringe_180_GRAD_II_GOLF-705x705.jpg);\"  title=\"Ringe_180_GRAD_II_GOLF\" ><\/div><\/div><\/figure><\/div><!--end av-masonry entry--><\/div><\/div><\/p>\n","protected":false},"excerpt":{"rendered":"","protected":false},"author":1,"featured_media":0,"parent":0,"menu_order":0,"comment_status":"closed","ping_status":"closed","template":"","meta":{"_glsr_average":0,"_glsr_ranking":0,"_glsr_reviews":0,"footnotes":""},"class_list":["post-19695","page","type-page","status-publish","hentry"],"yoast_head":"<!-- This site is optimized with the Yoast SEO plugin v25.6 - https:\/\/yoast.com\/wordpress\/plugins\/seo\/ -->\n<title>Beatrice M\u00fcller - 180 Grad\u00ae - Der extravagante Siegelring<\/title>\n<meta name=\"description\" content=\"Der extravagante Siegelring aus N\u00fcrnberg. Der Siegelring 180 GRAD\u00ae hat zwei Siegel und ist ein Original von Beatrice M\u00fcller.\" \/>\n<meta name=\"robots\" content=\"index, follow, max-snippet:-1, max-image-preview:large, max-video-preview:-1\" \/>\n<link rel=\"canonical\" href=\"https:\/\/beatrice-mueller.de\/en\/der-extravagante-siegelring-aus-nuernberg-von-beatrice-mueller\/\" \/>\n<meta property=\"og:locale\" content=\"en_US\" \/>\n<meta property=\"og:type\" content=\"article\" \/>\n<meta property=\"og:title\" content=\"Beatrice M\u00fcller - 180 Grad\u00ae - Der extravagante Siegelring\" \/>\n<meta property=\"og:description\" content=\"Der extravagante Siegelring aus N\u00fcrnberg. Der Siegelring 180 GRAD\u00ae hat zwei Siegel und ist ein Original von Beatrice M\u00fcller.\" \/>\n<meta property=\"og:url\" content=\"https:\/\/beatrice-mueller.de\/en\/der-extravagante-siegelring-aus-nuernberg-von-beatrice-mueller\/\" \/>\n<meta property=\"og:site_name\" content=\"Beatrice M\u00fcller\" \/>\n<meta name=\"twitter:card\" content=\"summary_large_image\" \/>\n<meta name=\"twitter:label1\" content=\"Est. reading time\" \/>\n\t<meta name=\"twitter:data1\" content=\"2 minutes\" \/>\n<script type=\"application\/ld+json\" class=\"yoast-schema-graph\">{\"@context\":\"https:\/\/schema.org\",\"@graph\":[{\"@type\":\"WebPage\",\"@id\":\"https:\/\/beatrice-mueller.de\/en\/der-extravagante-siegelring-aus-nuernberg-von-beatrice-mueller\/\",\"url\":\"https:\/\/beatrice-mueller.de\/en\/der-extravagante-siegelring-aus-nuernberg-von-beatrice-mueller\/\",\"name\":\"Beatrice M\u00fcller - 180 Grad\u00ae - Der extravagante Siegelring\",\"isPartOf\":{\"@id\":\"https:\/\/beatrice-mueller.de\/en\/#website\"},\"datePublished\":\"2021-09-27T03:21:50+00:00\",\"description\":\"Der extravagante Siegelring aus N\u00fcrnberg. Der Siegelring 180 GRAD\u00ae hat zwei Siegel und ist ein Original von Beatrice M\u00fcller.\",\"breadcrumb\":{\"@id\":\"https:\/\/beatrice-mueller.de\/en\/der-extravagante-siegelring-aus-nuernberg-von-beatrice-mueller\/#breadcrumb\"},\"inLanguage\":\"en-US\",\"potentialAction\":[{\"@type\":\"ReadAction\",\"target\":[\"https:\/\/beatrice-mueller.de\/en\/der-extravagante-siegelring-aus-nuernberg-von-beatrice-mueller\/\"]}]},{\"@type\":\"BreadcrumbList\",\"@id\":\"https:\/\/beatrice-mueller.de\/en\/der-extravagante-siegelring-aus-nuernberg-von-beatrice-mueller\/#breadcrumb\",\"itemListElement\":[{\"@type\":\"ListItem\",\"position\":1,\"name\":\"Startseite\",\"item\":\"https:\/\/beatrice-mueller.de\/en\/\"},{\"@type\":\"ListItem\",\"position\":2,\"name\":\"180 Grad\u00ae\"}]},{\"@type\":\"WebSite\",\"@id\":\"https:\/\/beatrice-mueller.de\/en\/#website\",\"url\":\"https:\/\/beatrice-mueller.de\/en\/\",\"name\":\"Beatrice M\u00fcller\",\"description\":\"Schmuckdesign\",\"potentialAction\":[{\"@type\":\"SearchAction\",\"target\":{\"@type\":\"EntryPoint\",\"urlTemplate\":\"https:\/\/beatrice-mueller.de\/en\/?s={search_term_string}\"},\"query-input\":{\"@type\":\"PropertyValueSpecification\",\"valueRequired\":true,\"valueName\":\"search_term_string\"}}],\"inLanguage\":\"en-US\"}]}<\/script>\n<!-- \/ Yoast SEO plugin. -->","yoast_head_json":{"title":"Beatrice M\u00fcller - 180 Grad\u00ae - Der extravagante Siegelring","description":"Der extravagante Siegelring aus N\u00fcrnberg. Der Siegelring 180 GRAD\u00ae hat zwei Siegel und ist ein Original von Beatrice M\u00fcller.","robots":{"index":"index","follow":"follow","max-snippet":"max-snippet:-1","max-image-preview":"max-image-preview:large","max-video-preview":"max-video-preview:-1"},"canonical":"https:\/\/beatrice-mueller.de\/en\/der-extravagante-siegelring-aus-nuernberg-von-beatrice-mueller\/","og_locale":"en_US","og_type":"article","og_title":"Beatrice M\u00fcller - 180 Grad\u00ae - Der extravagante Siegelring","og_description":"Der extravagante Siegelring aus N\u00fcrnberg. Der Siegelring 180 GRAD\u00ae hat zwei Siegel und ist ein Original von Beatrice M\u00fcller.","og_url":"https:\/\/beatrice-mueller.de\/en\/der-extravagante-siegelring-aus-nuernberg-von-beatrice-mueller\/","og_site_name":"Beatrice M\u00fcller","twitter_card":"summary_large_image","twitter_misc":{"Est. reading time":"2 minutes"},"schema":{"@context":"https:\/\/schema.org","@graph":[{"@type":"WebPage","@id":"https:\/\/beatrice-mueller.de\/en\/der-extravagante-siegelring-aus-nuernberg-von-beatrice-mueller\/","url":"https:\/\/beatrice-mueller.de\/en\/der-extravagante-siegelring-aus-nuernberg-von-beatrice-mueller\/","name":"Beatrice M\u00fcller - 180 Grad\u00ae - Der extravagante Siegelring","isPartOf":{"@id":"https:\/\/beatrice-mueller.de\/en\/#website"},"datePublished":"2021-09-27T03:21:50+00:00","description":"Der extravagante Siegelring aus N\u00fcrnberg. Der Siegelring 180 GRAD\u00ae hat zwei Siegel und ist ein Original von Beatrice M\u00fcller.","breadcrumb":{"@id":"https:\/\/beatrice-mueller.de\/en\/der-extravagante-siegelring-aus-nuernberg-von-beatrice-mueller\/#breadcrumb"},"inLanguage":"en-US","potentialAction":[{"@type":"ReadAction","target":["https:\/\/beatrice-mueller.de\/en\/der-extravagante-siegelring-aus-nuernberg-von-beatrice-mueller\/"]}]},{"@type":"BreadcrumbList","@id":"https:\/\/beatrice-mueller.de\/en\/der-extravagante-siegelring-aus-nuernberg-von-beatrice-mueller\/#breadcrumb","itemListElement":[{"@type":"ListItem","position":1,"name":"Startseite","item":"https:\/\/beatrice-mueller.de\/en\/"},{"@type":"ListItem","position":2,"name":"180 Grad\u00ae"}]},{"@type":"WebSite","@id":"https:\/\/beatrice-mueller.de\/en\/#website","url":"https:\/\/beatrice-mueller.de\/en\/","name":"Beatrice M\u00fcller","description":"Schmuckdesign","potentialAction":[{"@type":"SearchAction","target":{"@type":"EntryPoint","urlTemplate":"https:\/\/beatrice-mueller.de\/en\/?s={search_term_string}"},"query-input":{"@type":"PropertyValueSpecification","valueRequired":true,"valueName":"search_term_string"}}],"inLanguage":"en-US"}]}},"_links":{"self":[{"href":"https:\/\/beatrice-mueller.de\/en\/wp-json\/wp\/v2\/pages\/19695","targetHints":{"allow":["GET"]}}],"collection":[{"href":"https:\/\/beatrice-mueller.de\/en\/wp-json\/wp\/v2\/pages"}],"about":[{"href":"https:\/\/beatrice-mueller.de\/en\/wp-json\/wp\/v2\/types\/page"}],"author":[{"embeddable":true,"href":"https:\/\/beatrice-mueller.de\/en\/wp-json\/wp\/v2\/users\/1"}],"replies":[{"embeddable":true,"href":"https:\/\/beatrice-mueller.de\/en\/wp-json\/wp\/v2\/comments?post=19695"}],"version-history":[{"count":0,"href":"https:\/\/beatrice-mueller.de\/en\/wp-json\/wp\/v2\/pages\/19695\/revisions"}],"wp:attachment":[{"href":"https:\/\/beatrice-mueller.de\/en\/wp-json\/wp\/v2\/media?parent=19695"}],"curies":[{"name":"wp","href":"https:\/\/api.w.org\/{rel}","templated":true}]}}