{"id":18956,"date":"2022-12-13T21:54:21","date_gmt":"2025-02-03T03:53:59","guid":{"rendered":"https:\/\/beatrice-mueller.de\/produkt\/the-book-by-beatrice-mueller\/"},"modified":"2025-02-23T12:35:08","modified_gmt":"2025-02-23T11:35:08","slug":"the-book-by-beatrice-mueller","status":"publish","type":"product","link":"https:\/\/beatrice-mueller.de\/en\/product\/the-book-by-beatrice-mueller\/","title":{"rendered":"The book by Beatrice M\u00fcller"},"content":{"rendered":"<p><span style=\"display: inline-block;width: 0px;overflow: hidden;line-height: 0\" data-mce-type=\"bookmark\" class=\"mce_SELRES_start\"><\/span>What is the meaning of jewelry? Beatrice M\u00fcller addresses the topic in a review of her professional career. With the title &#8220;Jewelry is not decoration&#8230;and the wearer is not an advertising column,&#8221; the newly qualified author puts on paper what her works of art have long embodied. They convey messages that capture the spirit of the times and highlight the personality of the wearer.   <\/p>\n<p>The book invites you on a journey that begins before the studio was founded and leads you through the creation of the most extraordinary projects in the life of the jewelry designer. The pages are decorated with lots of photos of her milestones and her most famous works. In passages that are sometimes longer, sometimes shorter, Beatrice M\u00fcller explains what her rings and collections are all about. The second part of the book shows some of the studio owner&#8217;s success stories and awards that have received press attention. Peppered with little stories and anecdotes, it looks back at the eventful life of an artist who didn&#8217;t want to be one at first.    <\/p>\n","protected":false},"excerpt":{"rendered":"<p>What is the meaning of jewelry? Beatrice M\u00fcller addresses the topic in a review of her professional career. With the title &#8220;Jewelry is not decoration&#8230;and the wearer is not an advertising column,&#8221; the newly qualified author puts on paper what her works of art have long embodied. They convey messages that capture the spirit of [&hellip;]<\/p>\n","protected":false},"featured_media":3422,"comment_status":"closed","ping_status":"closed","template":"","meta":{"_glsr_average":0,"_glsr_ranking":0,"_glsr_reviews":0},"product_brand":[],"product_cat":[468],"product_tag":[],"class_list":{"0":"post-18956","1":"product","2":"type-product","3":"status-publish","4":"has-post-thumbnail","6":"product_cat-books","8":"first","9":"instock","10":"taxable","11":"shipping-taxable","12":"purchasable","13":"product-type-simple"},"exclude_global_add_ons":[],"addons":[],"yoast_head":"<!-- This site is optimized with the Yoast SEO plugin v25.6 - https:\/\/yoast.com\/wordpress\/plugins\/seo\/ -->\n<title>The book by Beatrice M\u00fcller - Beatrice M\u00fcller<\/title>\n<meta name=\"description\" content=\"What is the significance of jewelry? Beatrice M\u00fcller addresses this topic in a review of her professional career.\" \/>\n<meta name=\"robots\" content=\"index, follow, max-snippet:-1, max-image-preview:large, max-video-preview:-1\" \/>\n<link rel=\"canonical\" href=\"https:\/\/beatrice-mueller.de\/en\/product\/the-book-by-beatrice-mueller\/\" \/>\n<meta property=\"og:locale\" content=\"en_US\" \/>\n<meta property=\"og:type\" content=\"article\" \/>\n<meta property=\"og:title\" content=\"The book by Beatrice M\u00fcller - Beatrice M\u00fcller\" \/>\n<meta property=\"og:description\" content=\"What is the significance of jewelry? Beatrice M\u00fcller addresses this topic in a review of her professional career.\" \/>\n<meta property=\"og:url\" content=\"https:\/\/beatrice-mueller.de\/en\/product\/the-book-by-beatrice-mueller\/\" \/>\n<meta property=\"og:site_name\" content=\"Beatrice M\u00fcller\" \/>\n<meta property=\"article:modified_time\" content=\"2025-02-23T11:35:08+00:00\" \/>\n<meta property=\"og:image\" content=\"https:\/\/beatrice-mueller.de\/wp-content\/uploads\/2020\/10\/beatrice-mueller-buch-klein.jpg\" \/>\n\t<meta property=\"og:image:width\" content=\"914\" \/>\n\t<meta property=\"og:image:height\" content=\"1208\" \/>\n\t<meta property=\"og:image:type\" content=\"image\/jpeg\" \/>\n<meta name=\"twitter:card\" content=\"summary_large_image\" \/>\n<meta name=\"twitter:label1\" content=\"Est. reading time\" \/>\n\t<meta name=\"twitter:data1\" content=\"1 minute\" \/>\n<script type=\"application\/ld+json\" class=\"yoast-schema-graph\">{\"@context\":\"https:\/\/schema.org\",\"@graph\":[{\"@type\":\"WebPage\",\"@id\":\"https:\/\/beatrice-mueller.de\/en\/product\/the-book-by-beatrice-mueller\/\",\"url\":\"https:\/\/beatrice-mueller.de\/en\/product\/the-book-by-beatrice-mueller\/\",\"name\":\"The book by Beatrice M\u00fcller - Beatrice M\u00fcller\",\"isPartOf\":{\"@id\":\"https:\/\/beatrice-mueller.de\/en\/#website\"},\"primaryImageOfPage\":{\"@id\":\"https:\/\/beatrice-mueller.de\/en\/product\/the-book-by-beatrice-mueller\/#primaryimage\"},\"image\":{\"@id\":\"https:\/\/beatrice-mueller.de\/en\/product\/the-book-by-beatrice-mueller\/#primaryimage\"},\"thumbnailUrl\":\"https:\/\/beatrice-mueller.de\/wp-content\/uploads\/2020\/10\/beatrice-mueller-buch-klein.jpg\",\"datePublished\":\"2025-02-03T03:53:59+00:00\",\"dateModified\":\"2025-02-23T11:35:08+00:00\",\"description\":\"What is the significance of jewelry? Beatrice M\u00fcller addresses this topic in a review of her professional career.\",\"breadcrumb\":{\"@id\":\"https:\/\/beatrice-mueller.de\/en\/product\/the-book-by-beatrice-mueller\/#breadcrumb\"},\"inLanguage\":\"en-US\",\"potentialAction\":[{\"@type\":\"ReadAction\",\"target\":[\"https:\/\/beatrice-mueller.de\/en\/product\/the-book-by-beatrice-mueller\/\"]}]},{\"@type\":\"ImageObject\",\"inLanguage\":\"en-US\",\"@id\":\"https:\/\/beatrice-mueller.de\/en\/product\/the-book-by-beatrice-mueller\/#primaryimage\",\"url\":\"https:\/\/beatrice-mueller.de\/wp-content\/uploads\/2020\/10\/beatrice-mueller-buch-klein.jpg\",\"contentUrl\":\"https:\/\/beatrice-mueller.de\/wp-content\/uploads\/2020\/10\/beatrice-mueller-buch-klein.jpg\",\"width\":914,\"height\":1208},{\"@type\":\"BreadcrumbList\",\"@id\":\"https:\/\/beatrice-mueller.de\/en\/product\/the-book-by-beatrice-mueller\/#breadcrumb\",\"itemListElement\":[{\"@type\":\"ListItem\",\"position\":1,\"name\":\"Startseite\",\"item\":\"https:\/\/beatrice-mueller.de\/en\/\"},{\"@type\":\"ListItem\",\"position\":2,\"name\":\"Shop\",\"item\":\"https:\/\/beatrice-mueller.de\/en\/shop\/\"},{\"@type\":\"ListItem\",\"position\":3,\"name\":\"The book by Beatrice M\u00fcller\"}]},{\"@type\":\"WebSite\",\"@id\":\"https:\/\/beatrice-mueller.de\/en\/#website\",\"url\":\"https:\/\/beatrice-mueller.de\/en\/\",\"name\":\"Beatrice M\u00fcller\",\"description\":\"Schmuckdesign\",\"potentialAction\":[{\"@type\":\"SearchAction\",\"target\":{\"@type\":\"EntryPoint\",\"urlTemplate\":\"https:\/\/beatrice-mueller.de\/en\/?s={search_term_string}\"},\"query-input\":{\"@type\":\"PropertyValueSpecification\",\"valueRequired\":true,\"valueName\":\"search_term_string\"}}],\"inLanguage\":\"en-US\"}]}<\/script>\n<!-- \/ Yoast SEO plugin. -->","yoast_head_json":{"title":"The book by Beatrice M\u00fcller - Beatrice M\u00fcller","description":"What is the significance of jewelry? Beatrice M\u00fcller addresses this topic in a review of her professional career.","robots":{"index":"index","follow":"follow","max-snippet":"max-snippet:-1","max-image-preview":"max-image-preview:large","max-video-preview":"max-video-preview:-1"},"canonical":"https:\/\/beatrice-mueller.de\/en\/product\/the-book-by-beatrice-mueller\/","og_locale":"en_US","og_type":"article","og_title":"The book by Beatrice M\u00fcller - Beatrice M\u00fcller","og_description":"What is the significance of jewelry? Beatrice M\u00fcller addresses this topic in a review of her professional career.","og_url":"https:\/\/beatrice-mueller.de\/en\/product\/the-book-by-beatrice-mueller\/","og_site_name":"Beatrice M\u00fcller","article_modified_time":"2025-02-23T11:35:08+00:00","og_image":[{"width":914,"height":1208,"url":"https:\/\/beatrice-mueller.de\/wp-content\/uploads\/2020\/10\/beatrice-mueller-buch-klein.jpg","type":"image\/jpeg"}],"twitter_card":"summary_large_image","twitter_misc":{"Est. reading time":"1 minute"},"schema":{"@context":"https:\/\/schema.org","@graph":[{"@type":"WebPage","@id":"https:\/\/beatrice-mueller.de\/en\/product\/the-book-by-beatrice-mueller\/","url":"https:\/\/beatrice-mueller.de\/en\/product\/the-book-by-beatrice-mueller\/","name":"The book by Beatrice M\u00fcller - Beatrice M\u00fcller","isPartOf":{"@id":"https:\/\/beatrice-mueller.de\/en\/#website"},"primaryImageOfPage":{"@id":"https:\/\/beatrice-mueller.de\/en\/product\/the-book-by-beatrice-mueller\/#primaryimage"},"image":{"@id":"https:\/\/beatrice-mueller.de\/en\/product\/the-book-by-beatrice-mueller\/#primaryimage"},"thumbnailUrl":"https:\/\/beatrice-mueller.de\/wp-content\/uploads\/2020\/10\/beatrice-mueller-buch-klein.jpg","datePublished":"2025-02-03T03:53:59+00:00","dateModified":"2025-02-23T11:35:08+00:00","description":"What is the significance of jewelry? Beatrice M\u00fcller addresses this topic in a review of her professional career.","breadcrumb":{"@id":"https:\/\/beatrice-mueller.de\/en\/product\/the-book-by-beatrice-mueller\/#breadcrumb"},"inLanguage":"en-US","potentialAction":[{"@type":"ReadAction","target":["https:\/\/beatrice-mueller.de\/en\/product\/the-book-by-beatrice-mueller\/"]}]},{"@type":"ImageObject","inLanguage":"en-US","@id":"https:\/\/beatrice-mueller.de\/en\/product\/the-book-by-beatrice-mueller\/#primaryimage","url":"https:\/\/beatrice-mueller.de\/wp-content\/uploads\/2020\/10\/beatrice-mueller-buch-klein.jpg","contentUrl":"https:\/\/beatrice-mueller.de\/wp-content\/uploads\/2020\/10\/beatrice-mueller-buch-klein.jpg","width":914,"height":1208},{"@type":"BreadcrumbList","@id":"https:\/\/beatrice-mueller.de\/en\/product\/the-book-by-beatrice-mueller\/#breadcrumb","itemListElement":[{"@type":"ListItem","position":1,"name":"Startseite","item":"https:\/\/beatrice-mueller.de\/en\/"},{"@type":"ListItem","position":2,"name":"Shop","item":"https:\/\/beatrice-mueller.de\/en\/shop\/"},{"@type":"ListItem","position":3,"name":"The book by Beatrice M\u00fcller"}]},{"@type":"WebSite","@id":"https:\/\/beatrice-mueller.de\/en\/#website","url":"https:\/\/beatrice-mueller.de\/en\/","name":"Beatrice M\u00fcller","description":"Schmuckdesign","potentialAction":[{"@type":"SearchAction","target":{"@type":"EntryPoint","urlTemplate":"https:\/\/beatrice-mueller.de\/en\/?s={search_term_string}"},"query-input":{"@type":"PropertyValueSpecification","valueRequired":true,"valueName":"search_term_string"}}],"inLanguage":"en-US"}]}},"_links":{"self":[{"href":"https:\/\/beatrice-mueller.de\/en\/wp-json\/wp\/v2\/product\/18956","targetHints":{"allow":["GET"]}}],"collection":[{"href":"https:\/\/beatrice-mueller.de\/en\/wp-json\/wp\/v2\/product"}],"about":[{"href":"https:\/\/beatrice-mueller.de\/en\/wp-json\/wp\/v2\/types\/product"}],"replies":[{"embeddable":true,"href":"https:\/\/beatrice-mueller.de\/en\/wp-json\/wp\/v2\/comments?post=18956"}],"wp:featuredmedia":[{"embeddable":true,"href":"https:\/\/beatrice-mueller.de\/en\/wp-json\/wp\/v2\/media\/3422"}],"wp:attachment":[{"href":"https:\/\/beatrice-mueller.de\/en\/wp-json\/wp\/v2\/media?parent=18956"}],"wp:term":[{"taxonomy":"product_brand","embeddable":true,"href":"https:\/\/beatrice-mueller.de\/en\/wp-json\/wp\/v2\/product_brand?post=18956"},{"taxonomy":"product_cat","embeddable":true,"href":"https:\/\/beatrice-mueller.de\/en\/wp-json\/wp\/v2\/product_cat?post=18956"},{"taxonomy":"product_tag","embeddable":true,"href":"https:\/\/beatrice-mueller.de\/en\/wp-json\/wp\/v2\/product_tag?post=18956"}],"curies":[{"name":"wp","href":"https:\/\/api.w.org\/{rel}","templated":true}]}}