{"id":20021,"date":"2022-03-17T08:21:55","date_gmt":"2022-03-17T07:21:55","guid":{"rendered":"https:\/\/beatrice-mueller.de\/produkt\/armband-no-stress-925-silber-gelbgold-platiniert\/"},"modified":"2022-03-17T08:21:55","modified_gmt":"2022-03-17T07:21:55","slug":"armband-no-stress-925-silber-gelbgold-platiniert","status":"publish","type":"product","link":"https:\/\/beatrice-mueller.de\/en\/product\/armband-no-stress-925-silber-gelbgold-platiniert\/","title":{"rendered":"Armband NO STRESS 925 Silber Gelbgold platiniert"},"content":{"rendered":"<p>Kennst Du das Problem Stress zu haben? Das Label X-Design by Beatrice M\u00fcller steht f\u00fcr NO STRESS. Seit 2015 zeigt der rote Faden in unseren Collectionen die Richtung an. Die Themen sind lebensnah und werden in den Produkten greifbar: NO STRESS, Entschleunigung und bewusstes Sein sind unser\u00a0Thema. Das gedrehte T zeigt, dass eine Ver\u00e4nderung der Ausrichtung gen\u00fcgt, um Stress die Kraft zu nehmen.<\/p>\n<p>Trage bewusst NO STRESS\u00a0und lass Dich von der Hektik des Alltags nicht beeinflussen.\u00a0W\u00e4hle dein Lieblingsarmband aus und integriere den NO STRESS Gedanken in dein Leben.<\/p>\n<p><u>Eigenschaften:<\/u><\/p>\n<p><span style=\"color: #ff0000\">\u2718<\/span> Die Kordel ist in 16 verschiedenen Farben verf\u00fcgbar.<\/p>\n<p><span style=\"color: #ff0000\">\u2718<\/span> Passt dank Schiebew\u00fcrfel an jedes Handgelenk.<\/p>\n<p><span style=\"color: #ff0000\">\u2718<\/span> Das Lieblingsarmband gibt es in drei\u00a0Oberfl\u00e4chen und drei Farben<\/p>\n<p><span data-mce-mark=\"1\">\u00a0<\/span><\/p>\n<div class=\"product--description\">\n<table border=\"0\">\n<tbody>\n<tr>\n<td><span data-mce-mark=\"1\"><strong>Material Schmuck<\/strong><\/span><\/td>\n<td><span data-mce-mark=\"1\">925 Silber Gelbgold platiniert<\/span><\/td>\n<\/tr>\n<tr>\n<td><span data-mce-mark=\"1\"><strong>Oberfl\u00e4che<\/strong><\/span><\/td>\n<td><span data-mce-mark=\"1\">poliert \/ flie\u00dfmatt \/ diamantmatt<\/span><\/td>\n<\/tr>\n<tr>\n<td><span data-mce-mark=\"1\"><strong>Pl\u00e4ttchen\u00a0\u00f8<\/strong><\/span><\/td>\n<td><span data-mce-mark=\"1\">14,9 mm<\/span><\/td>\n<\/tr>\n<tr>\n<td><span data-mce-mark=\"1\"><strong>Materialst\u00e4rke\u00a0Pl\u00e4tchen<\/strong><\/span><\/td>\n<td><span data-mce-mark=\"1\">0,9 mm<\/span><\/td>\n<\/tr>\n<tr>\n<td><span data-mce-mark=\"1\"><strong>Band<\/strong><\/span><\/td>\n<td><span data-mce-mark=\"1\">Industriegarn, absolut rei\u00dffest<br \/>\n<\/span><\/td>\n<\/tr>\n<\/tbody>\n<\/table>\n<\/div>\n","protected":false},"excerpt":{"rendered":"<p>Kennst Du das Problem Stress zu haben? Das Label X-Design by Beatrice M\u00fcller steht f\u00fcr NO STRESS. Seit 2015 zeigt der rote Faden in unseren Collectionen die Richtung an. Die Themen sind lebensnah und werden in den Produkten greifbar: NO STRESS, Entschleunigung und bewusstes Sein sind unser\u00a0Thema. Das gedrehte T zeigt, dass eine Ver\u00e4nderung der [&hellip;]<\/p>\n","protected":false},"featured_media":20023,"comment_status":"closed","ping_status":"closed","template":"","meta":{"_glsr_average":0,"_glsr_ranking":0,"_glsr_reviews":0},"product_brand":[],"product_cat":[531],"product_tag":[532,533,530],"class_list":{"0":"post-20021","1":"product","2":"type-product","3":"status-publish","4":"has-post-thumbnail","6":"product_cat-bracelet-en","7":"product_tag-bracelets-en","8":"product_tag-no-stress-bracelet","9":"product_tag-x-design-en","10":"pa_fadenfarbe-amethyst-en","11":"pa_fadenfarbe-beige-en","12":"pa_fadenfarbe-black","13":"pa_fadenfarbe-blue","14":"pa_fadenfarbe-coral-red","15":"pa_fadenfarbe-dark-blue","16":"pa_fadenfarbe-dark-pink","17":"pa_fadenfarbe-garnet-red","18":"pa_fadenfarbe-gray","19":"pa_fadenfarbe-green","20":"pa_fadenfarbe-hunting-green","21":"pa_fadenfarbe-olive-en","22":"pa_fadenfarbe-purple","23":"pa_fadenfarbe-red","24":"pa_fadenfarbe-turquoise-en","25":"pa_fadenfarbe-yellow","26":"pa_marke-x-design-en","27":"pa_oberflaeche-plaettchen-diamantmatt-en-2","28":"pa_oberflaeche-plaettchen-fliessmatt-en-2","29":"pa_oberflaeche-plaettchen-poliert-en","31":"first","32":"instock","33":"taxable","34":"shipping-taxable","35":"purchasable","36":"product-type-variable"},"exclude_global_add_ons":[],"addons":[],"yoast_head":"<!-- This site is optimized with the Yoast SEO plugin v25.6 - https:\/\/yoast.com\/wordpress\/plugins\/seo\/ -->\n<title>Armband NO STRESS 925 Silber Gelbgold platiniert - Beatrice M\u00fcller<\/title>\n<meta name=\"robots\" content=\"index, follow, max-snippet:-1, max-image-preview:large, max-video-preview:-1\" \/>\n<link rel=\"canonical\" href=\"https:\/\/beatrice-mueller.de\/en\/product\/armband-no-stress-925-silber-gelbgold-platiniert\/\" \/>\n<meta property=\"og:locale\" content=\"en_US\" \/>\n<meta property=\"og:type\" content=\"article\" \/>\n<meta property=\"og:title\" content=\"Armband NO STRESS 925 Silber Gelbgold platiniert - Beatrice M\u00fcller\" \/>\n<meta property=\"og:description\" content=\"Kennst Du das Problem Stress zu haben? Das Label X-Design by Beatrice M\u00fcller steht f\u00fcr NO STRESS. Seit 2015 zeigt der rote Faden in unseren Collectionen die Richtung an. Die Themen sind lebensnah und werden in den Produkten greifbar: NO STRESS, Entschleunigung und bewusstes Sein sind unser\u00a0Thema. Das gedrehte T zeigt, dass eine Ver\u00e4nderung der [&hellip;]\" \/>\n<meta property=\"og:url\" content=\"https:\/\/beatrice-mueller.de\/en\/product\/armband-no-stress-925-silber-gelbgold-platiniert\/\" \/>\n<meta property=\"og:site_name\" content=\"Beatrice M\u00fcller\" \/>\n<meta property=\"og:image\" content=\"https:\/\/beatrice-mueller.de\/wp-content\/uploads\/2022\/02\/No_Stress_Armband_gelb_ganz_poliert_blau.jpg\" \/>\n\t<meta property=\"og:image:width\" content=\"938\" \/>\n\t<meta property=\"og:image:height\" content=\"986\" \/>\n\t<meta property=\"og:image:type\" content=\"image\/jpeg\" \/>\n<meta name=\"twitter:card\" content=\"summary_large_image\" \/>\n<meta name=\"twitter:label1\" content=\"Est. reading time\" \/>\n\t<meta name=\"twitter:data1\" content=\"1 minute\" \/>\n<script type=\"application\/ld+json\" class=\"yoast-schema-graph\">{\"@context\":\"https:\/\/schema.org\",\"@graph\":[{\"@type\":\"WebPage\",\"@id\":\"https:\/\/beatrice-mueller.de\/en\/product\/armband-no-stress-925-silber-gelbgold-platiniert\/\",\"url\":\"https:\/\/beatrice-mueller.de\/en\/product\/armband-no-stress-925-silber-gelbgold-platiniert\/\",\"name\":\"Armband NO STRESS 925 Silber Gelbgold platiniert - Beatrice M\u00fcller\",\"isPartOf\":{\"@id\":\"https:\/\/beatrice-mueller.de\/en\/#website\"},\"primaryImageOfPage\":{\"@id\":\"https:\/\/beatrice-mueller.de\/en\/product\/armband-no-stress-925-silber-gelbgold-platiniert\/#primaryimage\"},\"image\":{\"@id\":\"https:\/\/beatrice-mueller.de\/en\/product\/armband-no-stress-925-silber-gelbgold-platiniert\/#primaryimage\"},\"thumbnailUrl\":\"https:\/\/beatrice-mueller.de\/wp-content\/uploads\/2022\/02\/No_Stress_Armband_gelb_ganz_poliert_blau.jpg\",\"datePublished\":\"2022-03-17T07:21:55+00:00\",\"breadcrumb\":{\"@id\":\"https:\/\/beatrice-mueller.de\/en\/product\/armband-no-stress-925-silber-gelbgold-platiniert\/#breadcrumb\"},\"inLanguage\":\"en-US\",\"potentialAction\":[{\"@type\":\"ReadAction\",\"target\":[\"https:\/\/beatrice-mueller.de\/en\/product\/armband-no-stress-925-silber-gelbgold-platiniert\/\"]}]},{\"@type\":\"ImageObject\",\"inLanguage\":\"en-US\",\"@id\":\"https:\/\/beatrice-mueller.de\/en\/product\/armband-no-stress-925-silber-gelbgold-platiniert\/#primaryimage\",\"url\":\"https:\/\/beatrice-mueller.de\/wp-content\/uploads\/2022\/02\/No_Stress_Armband_gelb_ganz_poliert_blau.jpg\",\"contentUrl\":\"https:\/\/beatrice-mueller.de\/wp-content\/uploads\/2022\/02\/No_Stress_Armband_gelb_ganz_poliert_blau.jpg\",\"width\":938,\"height\":986},{\"@type\":\"BreadcrumbList\",\"@id\":\"https:\/\/beatrice-mueller.de\/en\/product\/armband-no-stress-925-silber-gelbgold-platiniert\/#breadcrumb\",\"itemListElement\":[{\"@type\":\"ListItem\",\"position\":1,\"name\":\"Startseite\",\"item\":\"https:\/\/beatrice-mueller.de\/en\/\"},{\"@type\":\"ListItem\",\"position\":2,\"name\":\"Shop\",\"item\":\"https:\/\/beatrice-mueller.de\/en\/shop\/\"},{\"@type\":\"ListItem\",\"position\":3,\"name\":\"Armband NO STRESS 925 Silber Gelbgold platiniert\"}]},{\"@type\":\"WebSite\",\"@id\":\"https:\/\/beatrice-mueller.de\/en\/#website\",\"url\":\"https:\/\/beatrice-mueller.de\/en\/\",\"name\":\"Beatrice M\u00fcller\",\"description\":\"Schmuckdesign\",\"potentialAction\":[{\"@type\":\"SearchAction\",\"target\":{\"@type\":\"EntryPoint\",\"urlTemplate\":\"https:\/\/beatrice-mueller.de\/en\/?s={search_term_string}\"},\"query-input\":{\"@type\":\"PropertyValueSpecification\",\"valueRequired\":true,\"valueName\":\"search_term_string\"}}],\"inLanguage\":\"en-US\"}]}<\/script>\n<!-- \/ Yoast SEO plugin. -->","yoast_head_json":{"title":"Armband NO STRESS 925 Silber Gelbgold platiniert - Beatrice M\u00fcller","robots":{"index":"index","follow":"follow","max-snippet":"max-snippet:-1","max-image-preview":"max-image-preview:large","max-video-preview":"max-video-preview:-1"},"canonical":"https:\/\/beatrice-mueller.de\/en\/product\/armband-no-stress-925-silber-gelbgold-platiniert\/","og_locale":"en_US","og_type":"article","og_title":"Armband NO STRESS 925 Silber Gelbgold platiniert - Beatrice M\u00fcller","og_description":"Kennst Du das Problem Stress zu haben? Das Label X-Design by Beatrice M\u00fcller steht f\u00fcr NO STRESS. Seit 2015 zeigt der rote Faden in unseren Collectionen die Richtung an. Die Themen sind lebensnah und werden in den Produkten greifbar: NO STRESS, Entschleunigung und bewusstes Sein sind unser\u00a0Thema. Das gedrehte T zeigt, dass eine Ver\u00e4nderung der [&hellip;]","og_url":"https:\/\/beatrice-mueller.de\/en\/product\/armband-no-stress-925-silber-gelbgold-platiniert\/","og_site_name":"Beatrice M\u00fcller","og_image":[{"width":938,"height":986,"url":"https:\/\/beatrice-mueller.de\/wp-content\/uploads\/2022\/02\/No_Stress_Armband_gelb_ganz_poliert_blau.jpg","type":"image\/jpeg"}],"twitter_card":"summary_large_image","twitter_misc":{"Est. reading time":"1 minute"},"schema":{"@context":"https:\/\/schema.org","@graph":[{"@type":"WebPage","@id":"https:\/\/beatrice-mueller.de\/en\/product\/armband-no-stress-925-silber-gelbgold-platiniert\/","url":"https:\/\/beatrice-mueller.de\/en\/product\/armband-no-stress-925-silber-gelbgold-platiniert\/","name":"Armband NO STRESS 925 Silber Gelbgold platiniert - Beatrice M\u00fcller","isPartOf":{"@id":"https:\/\/beatrice-mueller.de\/en\/#website"},"primaryImageOfPage":{"@id":"https:\/\/beatrice-mueller.de\/en\/product\/armband-no-stress-925-silber-gelbgold-platiniert\/#primaryimage"},"image":{"@id":"https:\/\/beatrice-mueller.de\/en\/product\/armband-no-stress-925-silber-gelbgold-platiniert\/#primaryimage"},"thumbnailUrl":"https:\/\/beatrice-mueller.de\/wp-content\/uploads\/2022\/02\/No_Stress_Armband_gelb_ganz_poliert_blau.jpg","datePublished":"2022-03-17T07:21:55+00:00","breadcrumb":{"@id":"https:\/\/beatrice-mueller.de\/en\/product\/armband-no-stress-925-silber-gelbgold-platiniert\/#breadcrumb"},"inLanguage":"en-US","potentialAction":[{"@type":"ReadAction","target":["https:\/\/beatrice-mueller.de\/en\/product\/armband-no-stress-925-silber-gelbgold-platiniert\/"]}]},{"@type":"ImageObject","inLanguage":"en-US","@id":"https:\/\/beatrice-mueller.de\/en\/product\/armband-no-stress-925-silber-gelbgold-platiniert\/#primaryimage","url":"https:\/\/beatrice-mueller.de\/wp-content\/uploads\/2022\/02\/No_Stress_Armband_gelb_ganz_poliert_blau.jpg","contentUrl":"https:\/\/beatrice-mueller.de\/wp-content\/uploads\/2022\/02\/No_Stress_Armband_gelb_ganz_poliert_blau.jpg","width":938,"height":986},{"@type":"BreadcrumbList","@id":"https:\/\/beatrice-mueller.de\/en\/product\/armband-no-stress-925-silber-gelbgold-platiniert\/#breadcrumb","itemListElement":[{"@type":"ListItem","position":1,"name":"Startseite","item":"https:\/\/beatrice-mueller.de\/en\/"},{"@type":"ListItem","position":2,"name":"Shop","item":"https:\/\/beatrice-mueller.de\/en\/shop\/"},{"@type":"ListItem","position":3,"name":"Armband NO STRESS 925 Silber Gelbgold platiniert"}]},{"@type":"WebSite","@id":"https:\/\/beatrice-mueller.de\/en\/#website","url":"https:\/\/beatrice-mueller.de\/en\/","name":"Beatrice M\u00fcller","description":"Schmuckdesign","potentialAction":[{"@type":"SearchAction","target":{"@type":"EntryPoint","urlTemplate":"https:\/\/beatrice-mueller.de\/en\/?s={search_term_string}"},"query-input":{"@type":"PropertyValueSpecification","valueRequired":true,"valueName":"search_term_string"}}],"inLanguage":"en-US"}]}},"_links":{"self":[{"href":"https:\/\/beatrice-mueller.de\/en\/wp-json\/wp\/v2\/product\/20021","targetHints":{"allow":["GET"]}}],"collection":[{"href":"https:\/\/beatrice-mueller.de\/en\/wp-json\/wp\/v2\/product"}],"about":[{"href":"https:\/\/beatrice-mueller.de\/en\/wp-json\/wp\/v2\/types\/product"}],"replies":[{"embeddable":true,"href":"https:\/\/beatrice-mueller.de\/en\/wp-json\/wp\/v2\/comments?post=20021"}],"wp:featuredmedia":[{"embeddable":true,"href":"https:\/\/beatrice-mueller.de\/en\/wp-json\/wp\/v2\/media\/20023"}],"wp:attachment":[{"href":"https:\/\/beatrice-mueller.de\/en\/wp-json\/wp\/v2\/media?parent=20021"}],"wp:term":[{"taxonomy":"product_brand","embeddable":true,"href":"https:\/\/beatrice-mueller.de\/en\/wp-json\/wp\/v2\/product_brand?post=20021"},{"taxonomy":"product_cat","embeddable":true,"href":"https:\/\/beatrice-mueller.de\/en\/wp-json\/wp\/v2\/product_cat?post=20021"},{"taxonomy":"product_tag","embeddable":true,"href":"https:\/\/beatrice-mueller.de\/en\/wp-json\/wp\/v2\/product_tag?post=20021"}],"curies":[{"name":"wp","href":"https:\/\/api.w.org\/{rel}","templated":true}]}}