{"id":20036,"date":"2022-03-17T08:21:37","date_gmt":"2022-03-17T07:21:37","guid":{"rendered":"https:\/\/beatrice-mueller.de\/produkt\/armband-stone-no-stress-2-reihig-roter-granat-gruener-beryll-blauer-lapislazuli\/"},"modified":"2022-03-17T08:21:37","modified_gmt":"2022-03-17T07:21:37","slug":"armband-stone-no-stress-2-reihig-roter-granat-gruener-beryll-blauer-lapislazuli","status":"publish","type":"product","link":"https:\/\/beatrice-mueller.de\/en\/product\/armband-stone-no-stress-2-reihig-roter-granat-gruener-beryll-blauer-lapislazuli\/","title":{"rendered":"Armband STONE NO STRESS 2-reihig Roter Granat \/ Gr\u00fcner Beryll \/ Blauer Lapislazuli"},"content":{"rendered":"<div class=\"content--title\" style=\"text-align: left\">\n<p>Nat\u00fcrliche Edelsteine glitzern doppelt aufgereiht an deinem Handgelenk &#8211; welcher Stein passt zu dir?<\/p>\n<p>Vielleicht der satt blaue Lapislazuli, der Ruhe und Gelassenheit ausstrahlt?<\/p>\n<p>Lieber der leuchtende, gr\u00fcne Beryll, dem Vernunft und Weisheit nachgesagt wird?<\/p>\n<p>Oder doch eher der tiefrote Granat, der dir Mut und Disziplin schenkt?<\/p>\n<p>Entscheide dich f\u00fcr deinen Lieblingsstein und schm\u00fccke dich mit ihm!<\/p>\n<p><span style=\"text-decoration: underline\">Eigenschaften:<\/span><\/p>\n<p><span style=\"color: #ff0000\">\u2718<\/span> Armband mit 73 facettierten Edelsteinen pro Reihe in sehr hoher AA-Qualit\u00e4t.<\/p>\n<p><span style=\"color: #ff0000\">\u2718<\/span> Die Steine sind robust und f\u00fcr t\u00e4gliches Tragen perfekt geeignet.<\/p>\n<p><span style=\"color: #ff0000\">\u2718<\/span> Gr\u00f6\u00dfenverstellbares Band mit Schiebew\u00fcrfel aus Silikon.<\/p>\n<div class=\"product--description\">\n<table border=\"0\">\n<tbody>\n<tr>\n<td><strong>Material Schmuck<\/strong><\/td>\n<td>925 Silber<\/td>\n<\/tr>\n<tr>\n<td><strong>Band<\/strong><\/td>\n<td>Industriegarn, rei\u00dffest<\/td>\n<\/tr>\n<tr>\n<td><strong>Farbe 1<br \/>\n<\/strong><\/td>\n<td>Roter Granat,\u00a0\u00f8 2,0 mm<\/td>\n<\/tr>\n<tr>\n<td><strong>Farbe 2<br \/>\n<\/strong><\/td>\n<td>Gr\u00fcner Beryll,\u00a0\u00f8 2,0 mm<\/td>\n<\/tr>\n<tr>\n<td><strong>Farbe 3<br \/>\n<\/strong><\/td>\n<td>Blauer Lapislazuli,\u00a0\u00f8 2,0 mm<\/td>\n<\/tr>\n<\/tbody>\n<\/table>\n<\/div>\n<\/div>\n","protected":false},"excerpt":{"rendered":"<p>Nat\u00fcrliche Edelsteine glitzern doppelt aufgereiht an deinem Handgelenk &#8211; welcher Stein passt zu dir? Vielleicht der satt blaue Lapislazuli, der Ruhe und Gelassenheit ausstrahlt? Lieber der leuchtende, gr\u00fcne Beryll, dem Vernunft und Weisheit nachgesagt wird? Oder doch eher der tiefrote Granat, der dir Mut und Disziplin schenkt? Entscheide dich f\u00fcr deinen Lieblingsstein und schm\u00fccke dich [&hellip;]<\/p>\n","protected":false},"featured_media":20038,"comment_status":"closed","ping_status":"closed","template":"","meta":{"_glsr_average":0,"_glsr_ranking":0,"_glsr_reviews":0},"product_brand":[],"product_cat":[531],"product_tag":[532,533,530],"class_list":{"0":"post-20036","1":"product","2":"type-product","3":"status-publish","4":"has-post-thumbnail","6":"product_cat-bracelet-en","7":"product_tag-bracelets-en","8":"product_tag-no-stress-bracelet","9":"product_tag-x-design-en","10":"pa_farbe-blue-lapis-lazuli","11":"pa_farbe-green-beryl","12":"pa_farbe-red-garnet","13":"pa_marke-x-design-en","14":"pa_material-oesen-silber-gelb-platiniert-en-en","15":"pa_material-oesen-silber-rot-platiniert-en-en","16":"pa_material-oesen-silber-weiss-palladiniert-en-en","18":"first","19":"instock","20":"taxable","21":"shipping-taxable","22":"purchasable","23":"product-type-variable"},"exclude_global_add_ons":[],"addons":[],"yoast_head":"<!-- This site is optimized with the Yoast SEO plugin v25.6 - https:\/\/yoast.com\/wordpress\/plugins\/seo\/ -->\n<title>Armband STONE NO STRESS 2-reihig Roter Granat \/ Gr\u00fcner Beryll \/ Blauer Lapislazuli - Beatrice M\u00fcller<\/title>\n<meta name=\"robots\" content=\"index, follow, max-snippet:-1, max-image-preview:large, max-video-preview:-1\" \/>\n<link rel=\"canonical\" href=\"https:\/\/beatrice-mueller.de\/en\/product\/armband-stone-no-stress-2-reihig-roter-granat-gruener-beryll-blauer-lapislazuli\/\" \/>\n<meta property=\"og:locale\" content=\"en_US\" \/>\n<meta property=\"og:type\" content=\"article\" \/>\n<meta property=\"og:title\" content=\"Armband STONE NO STRESS 2-reihig Roter Granat \/ Gr\u00fcner Beryll \/ Blauer Lapislazuli - Beatrice M\u00fcller\" \/>\n<meta property=\"og:description\" content=\"Nat\u00fcrliche Edelsteine glitzern doppelt aufgereiht an deinem Handgelenk &#8211; welcher Stein passt zu dir? Vielleicht der satt blaue Lapislazuli, der Ruhe und Gelassenheit ausstrahlt? Lieber der leuchtende, gr\u00fcne Beryll, dem Vernunft und Weisheit nachgesagt wird? Oder doch eher der tiefrote Granat, der dir Mut und Disziplin schenkt? Entscheide dich f\u00fcr deinen Lieblingsstein und schm\u00fccke dich [&hellip;]\" \/>\n<meta property=\"og:url\" content=\"https:\/\/beatrice-mueller.de\/en\/product\/armband-stone-no-stress-2-reihig-roter-granat-gruener-beryll-blauer-lapislazuli\/\" \/>\n<meta property=\"og:site_name\" content=\"Beatrice M\u00fcller\" \/>\n<meta property=\"og:image\" content=\"https:\/\/beatrice-mueller.de\/wp-content\/uploads\/2022\/02\/X-Design_Steinarmband_zweireihig_roter_Granat_silber.jpg\" \/>\n\t<meta property=\"og:image:width\" content=\"1000\" \/>\n\t<meta property=\"og:image:height\" content=\"1000\" \/>\n\t<meta property=\"og:image:type\" content=\"image\/jpeg\" \/>\n<meta name=\"twitter:card\" content=\"summary_large_image\" \/>\n<meta name=\"twitter:label1\" content=\"Est. reading time\" \/>\n\t<meta name=\"twitter:data1\" content=\"1 minute\" \/>\n<script type=\"application\/ld+json\" class=\"yoast-schema-graph\">{\"@context\":\"https:\/\/schema.org\",\"@graph\":[{\"@type\":\"WebPage\",\"@id\":\"https:\/\/beatrice-mueller.de\/en\/product\/armband-stone-no-stress-2-reihig-roter-granat-gruener-beryll-blauer-lapislazuli\/\",\"url\":\"https:\/\/beatrice-mueller.de\/en\/product\/armband-stone-no-stress-2-reihig-roter-granat-gruener-beryll-blauer-lapislazuli\/\",\"name\":\"Armband STONE NO STRESS 2-reihig Roter Granat \/ Gr\u00fcner Beryll \/ Blauer Lapislazuli - Beatrice M\u00fcller\",\"isPartOf\":{\"@id\":\"https:\/\/beatrice-mueller.de\/en\/#website\"},\"primaryImageOfPage\":{\"@id\":\"https:\/\/beatrice-mueller.de\/en\/product\/armband-stone-no-stress-2-reihig-roter-granat-gruener-beryll-blauer-lapislazuli\/#primaryimage\"},\"image\":{\"@id\":\"https:\/\/beatrice-mueller.de\/en\/product\/armband-stone-no-stress-2-reihig-roter-granat-gruener-beryll-blauer-lapislazuli\/#primaryimage\"},\"thumbnailUrl\":\"https:\/\/beatrice-mueller.de\/wp-content\/uploads\/2022\/02\/X-Design_Steinarmband_zweireihig_roter_Granat_silber.jpg\",\"datePublished\":\"2022-03-17T07:21:37+00:00\",\"breadcrumb\":{\"@id\":\"https:\/\/beatrice-mueller.de\/en\/product\/armband-stone-no-stress-2-reihig-roter-granat-gruener-beryll-blauer-lapislazuli\/#breadcrumb\"},\"inLanguage\":\"en-US\",\"potentialAction\":[{\"@type\":\"ReadAction\",\"target\":[\"https:\/\/beatrice-mueller.de\/en\/product\/armband-stone-no-stress-2-reihig-roter-granat-gruener-beryll-blauer-lapislazuli\/\"]}]},{\"@type\":\"ImageObject\",\"inLanguage\":\"en-US\",\"@id\":\"https:\/\/beatrice-mueller.de\/en\/product\/armband-stone-no-stress-2-reihig-roter-granat-gruener-beryll-blauer-lapislazuli\/#primaryimage\",\"url\":\"https:\/\/beatrice-mueller.de\/wp-content\/uploads\/2022\/02\/X-Design_Steinarmband_zweireihig_roter_Granat_silber.jpg\",\"contentUrl\":\"https:\/\/beatrice-mueller.de\/wp-content\/uploads\/2022\/02\/X-Design_Steinarmband_zweireihig_roter_Granat_silber.jpg\",\"width\":1000,\"height\":1000},{\"@type\":\"BreadcrumbList\",\"@id\":\"https:\/\/beatrice-mueller.de\/en\/product\/armband-stone-no-stress-2-reihig-roter-granat-gruener-beryll-blauer-lapislazuli\/#breadcrumb\",\"itemListElement\":[{\"@type\":\"ListItem\",\"position\":1,\"name\":\"Startseite\",\"item\":\"https:\/\/beatrice-mueller.de\/en\/\"},{\"@type\":\"ListItem\",\"position\":2,\"name\":\"Shop\",\"item\":\"https:\/\/beatrice-mueller.de\/en\/shop\/\"},{\"@type\":\"ListItem\",\"position\":3,\"name\":\"Armband STONE NO STRESS 2-reihig Roter Granat \/ Gr\u00fcner Beryll \/ Blauer Lapislazuli\"}]},{\"@type\":\"WebSite\",\"@id\":\"https:\/\/beatrice-mueller.de\/en\/#website\",\"url\":\"https:\/\/beatrice-mueller.de\/en\/\",\"name\":\"Beatrice M\u00fcller\",\"description\":\"Schmuckdesign\",\"potentialAction\":[{\"@type\":\"SearchAction\",\"target\":{\"@type\":\"EntryPoint\",\"urlTemplate\":\"https:\/\/beatrice-mueller.de\/en\/?s={search_term_string}\"},\"query-input\":{\"@type\":\"PropertyValueSpecification\",\"valueRequired\":true,\"valueName\":\"search_term_string\"}}],\"inLanguage\":\"en-US\"}]}<\/script>\n<!-- \/ Yoast SEO plugin. -->","yoast_head_json":{"title":"Armband STONE NO STRESS 2-reihig Roter Granat \/ Gr\u00fcner Beryll \/ Blauer Lapislazuli - Beatrice M\u00fcller","robots":{"index":"index","follow":"follow","max-snippet":"max-snippet:-1","max-image-preview":"max-image-preview:large","max-video-preview":"max-video-preview:-1"},"canonical":"https:\/\/beatrice-mueller.de\/en\/product\/armband-stone-no-stress-2-reihig-roter-granat-gruener-beryll-blauer-lapislazuli\/","og_locale":"en_US","og_type":"article","og_title":"Armband STONE NO STRESS 2-reihig Roter Granat \/ Gr\u00fcner Beryll \/ Blauer Lapislazuli - Beatrice M\u00fcller","og_description":"Nat\u00fcrliche Edelsteine glitzern doppelt aufgereiht an deinem Handgelenk &#8211; welcher Stein passt zu dir? Vielleicht der satt blaue Lapislazuli, der Ruhe und Gelassenheit ausstrahlt? Lieber der leuchtende, gr\u00fcne Beryll, dem Vernunft und Weisheit nachgesagt wird? Oder doch eher der tiefrote Granat, der dir Mut und Disziplin schenkt? Entscheide dich f\u00fcr deinen Lieblingsstein und schm\u00fccke dich [&hellip;]","og_url":"https:\/\/beatrice-mueller.de\/en\/product\/armband-stone-no-stress-2-reihig-roter-granat-gruener-beryll-blauer-lapislazuli\/","og_site_name":"Beatrice M\u00fcller","og_image":[{"width":1000,"height":1000,"url":"https:\/\/beatrice-mueller.de\/wp-content\/uploads\/2022\/02\/X-Design_Steinarmband_zweireihig_roter_Granat_silber.jpg","type":"image\/jpeg"}],"twitter_card":"summary_large_image","twitter_misc":{"Est. reading time":"1 minute"},"schema":{"@context":"https:\/\/schema.org","@graph":[{"@type":"WebPage","@id":"https:\/\/beatrice-mueller.de\/en\/product\/armband-stone-no-stress-2-reihig-roter-granat-gruener-beryll-blauer-lapislazuli\/","url":"https:\/\/beatrice-mueller.de\/en\/product\/armband-stone-no-stress-2-reihig-roter-granat-gruener-beryll-blauer-lapislazuli\/","name":"Armband STONE NO STRESS 2-reihig Roter Granat \/ Gr\u00fcner Beryll \/ Blauer Lapislazuli - Beatrice M\u00fcller","isPartOf":{"@id":"https:\/\/beatrice-mueller.de\/en\/#website"},"primaryImageOfPage":{"@id":"https:\/\/beatrice-mueller.de\/en\/product\/armband-stone-no-stress-2-reihig-roter-granat-gruener-beryll-blauer-lapislazuli\/#primaryimage"},"image":{"@id":"https:\/\/beatrice-mueller.de\/en\/product\/armband-stone-no-stress-2-reihig-roter-granat-gruener-beryll-blauer-lapislazuli\/#primaryimage"},"thumbnailUrl":"https:\/\/beatrice-mueller.de\/wp-content\/uploads\/2022\/02\/X-Design_Steinarmband_zweireihig_roter_Granat_silber.jpg","datePublished":"2022-03-17T07:21:37+00:00","breadcrumb":{"@id":"https:\/\/beatrice-mueller.de\/en\/product\/armband-stone-no-stress-2-reihig-roter-granat-gruener-beryll-blauer-lapislazuli\/#breadcrumb"},"inLanguage":"en-US","potentialAction":[{"@type":"ReadAction","target":["https:\/\/beatrice-mueller.de\/en\/product\/armband-stone-no-stress-2-reihig-roter-granat-gruener-beryll-blauer-lapislazuli\/"]}]},{"@type":"ImageObject","inLanguage":"en-US","@id":"https:\/\/beatrice-mueller.de\/en\/product\/armband-stone-no-stress-2-reihig-roter-granat-gruener-beryll-blauer-lapislazuli\/#primaryimage","url":"https:\/\/beatrice-mueller.de\/wp-content\/uploads\/2022\/02\/X-Design_Steinarmband_zweireihig_roter_Granat_silber.jpg","contentUrl":"https:\/\/beatrice-mueller.de\/wp-content\/uploads\/2022\/02\/X-Design_Steinarmband_zweireihig_roter_Granat_silber.jpg","width":1000,"height":1000},{"@type":"BreadcrumbList","@id":"https:\/\/beatrice-mueller.de\/en\/product\/armband-stone-no-stress-2-reihig-roter-granat-gruener-beryll-blauer-lapislazuli\/#breadcrumb","itemListElement":[{"@type":"ListItem","position":1,"name":"Startseite","item":"https:\/\/beatrice-mueller.de\/en\/"},{"@type":"ListItem","position":2,"name":"Shop","item":"https:\/\/beatrice-mueller.de\/en\/shop\/"},{"@type":"ListItem","position":3,"name":"Armband STONE NO STRESS 2-reihig Roter Granat \/ Gr\u00fcner Beryll \/ Blauer Lapislazuli"}]},{"@type":"WebSite","@id":"https:\/\/beatrice-mueller.de\/en\/#website","url":"https:\/\/beatrice-mueller.de\/en\/","name":"Beatrice M\u00fcller","description":"Schmuckdesign","potentialAction":[{"@type":"SearchAction","target":{"@type":"EntryPoint","urlTemplate":"https:\/\/beatrice-mueller.de\/en\/?s={search_term_string}"},"query-input":{"@type":"PropertyValueSpecification","valueRequired":true,"valueName":"search_term_string"}}],"inLanguage":"en-US"}]}},"_links":{"self":[{"href":"https:\/\/beatrice-mueller.de\/en\/wp-json\/wp\/v2\/product\/20036","targetHints":{"allow":["GET"]}}],"collection":[{"href":"https:\/\/beatrice-mueller.de\/en\/wp-json\/wp\/v2\/product"}],"about":[{"href":"https:\/\/beatrice-mueller.de\/en\/wp-json\/wp\/v2\/types\/product"}],"replies":[{"embeddable":true,"href":"https:\/\/beatrice-mueller.de\/en\/wp-json\/wp\/v2\/comments?post=20036"}],"wp:featuredmedia":[{"embeddable":true,"href":"https:\/\/beatrice-mueller.de\/en\/wp-json\/wp\/v2\/media\/20038"}],"wp:attachment":[{"href":"https:\/\/beatrice-mueller.de\/en\/wp-json\/wp\/v2\/media?parent=20036"}],"wp:term":[{"taxonomy":"product_brand","embeddable":true,"href":"https:\/\/beatrice-mueller.de\/en\/wp-json\/wp\/v2\/product_brand?post=20036"},{"taxonomy":"product_cat","embeddable":true,"href":"https:\/\/beatrice-mueller.de\/en\/wp-json\/wp\/v2\/product_cat?post=20036"},{"taxonomy":"product_tag","embeddable":true,"href":"https:\/\/beatrice-mueller.de\/en\/wp-json\/wp\/v2\/product_tag?post=20036"}],"curies":[{"name":"wp","href":"https:\/\/api.w.org\/{rel}","templated":true}]}}