{"id":20048,"date":"2022-03-17T08:21:13","date_gmt":"2022-03-17T07:21:13","guid":{"rendered":"https:\/\/beatrice-mueller.de\/produkt\/kette-no-stress-925-silber-rosegold-platiniert\/"},"modified":"2022-03-17T08:21:13","modified_gmt":"2022-03-17T07:21:13","slug":"kette-no-stress-925-silber-rosegold-platiniert","status":"publish","type":"product","link":"https:\/\/beatrice-mueller.de\/en\/product\/kette-no-stress-925-silber-rosegold-platiniert\/","title":{"rendered":"Kette NO STRESS 925 Silber Ros\u00e9gold platiniert"},"content":{"rendered":"<div class=\"content--title\" style=\"text-align: left\">Die st\u00e4ndige Alltagshektik muss nicht sein! W\u00e4hle deine Lieblingskette aus und integriere den NO STRESS Gedanken in dein Leben.<\/div>\n<p>&nbsp;<\/p>\n<div class=\"product--description\">\n<p><u>Eigenschaften:<\/u><\/p>\n<p><span style=\"color: #ff0000\">\u2718<\/span> Die Kordel ist in 16 verschiedenen Farben verf\u00fcgbar.<\/p>\n<p><span style=\"color: #ff0000\">\u2718<\/span> Passt sich dank Schiebew\u00fcrfel an die Halsform an.<\/p>\n<p><span style=\"color: #ff0000\">\u2718<\/span> Auf Wunsch polierte oder matte Silberoberfl\u00e4che.<\/p>\n<p>&nbsp;<\/p>\n<table border=\"0\">\n<tbody>\n<tr>\n<td><span data-mce-mark=\"1\"><strong>Material Schmuck<\/strong><\/span><\/td>\n<td>925 Silber Ros\u00e9gold platiniert<\/td>\n<\/tr>\n<tr>\n<td><span data-mce-mark=\"1\"><strong>Oberfl\u00e4che<\/strong><\/span><\/td>\n<td><span data-mce-mark=\"1\">poliert \/ flie\u00dfmatt \/ diamantmatt<\/span><\/td>\n<\/tr>\n<tr>\n<td><span data-mce-mark=\"1\"><strong>Pl\u00e4ttchen\u00a0\u00f8<\/strong><\/span><\/td>\n<td><span data-mce-mark=\"1\">14,9 mm<\/span><\/td>\n<\/tr>\n<tr>\n<td><span data-mce-mark=\"1\"><strong>Materialst\u00e4rke\u00a0Pl\u00e4ttchen<\/strong><\/span><\/td>\n<td><span data-mce-mark=\"1\">0,8 mm<\/span><\/td>\n<\/tr>\n<tr>\n<td><span data-mce-mark=\"1\"><strong>Band<\/strong><\/span><\/td>\n<td><span data-mce-mark=\"1\">Industriegarn, rei\u00dffest<br \/>\n<\/span><\/td>\n<\/tr>\n<\/tbody>\n<\/table>\n<\/div>\n","protected":false},"excerpt":{"rendered":"<p>Die st\u00e4ndige Alltagshektik muss nicht sein! W\u00e4hle deine Lieblingskette aus und integriere den NO STRESS Gedanken in dein Leben. &nbsp; Eigenschaften: \u2718 Die Kordel ist in 16 verschiedenen Farben verf\u00fcgbar. \u2718 Passt sich dank Schiebew\u00fcrfel an die Halsform an. \u2718 Auf Wunsch polierte oder matte Silberoberfl\u00e4che. &nbsp; Material Schmuck 925 Silber Ros\u00e9gold platiniert Oberfl\u00e4che poliert [&hellip;]<\/p>\n","protected":false},"featured_media":20050,"comment_status":"closed","ping_status":"closed","template":"","meta":{"_glsr_average":0,"_glsr_ranking":0,"_glsr_reviews":0},"product_brand":[],"product_cat":[500],"product_tag":[543,544,530],"class_list":{"0":"post-20048","1":"product","2":"type-product","3":"status-publish","4":"has-post-thumbnail","6":"product_cat-necklaces","7":"product_tag-chains","8":"product_tag-no-stress-necklace","9":"product_tag-x-design-en","10":"pa_fadenfarbe-amethyst-en","11":"pa_fadenfarbe-beige-en","12":"pa_fadenfarbe-black","13":"pa_fadenfarbe-blue","14":"pa_fadenfarbe-coral-red","15":"pa_fadenfarbe-dark-blue","16":"pa_fadenfarbe-dark-pink","17":"pa_fadenfarbe-garnet-red","18":"pa_fadenfarbe-gray","19":"pa_fadenfarbe-green","20":"pa_fadenfarbe-jade-green","21":"pa_fadenfarbe-olive-en","22":"pa_fadenfarbe-purple","23":"pa_fadenfarbe-red","24":"pa_fadenfarbe-turquoise-en","25":"pa_fadenfarbe-yellow","26":"pa_marke-x-design-en","27":"pa_oberflaeche-plaettchen-diamantmatt-en-2","28":"pa_oberflaeche-plaettchen-fliessmatt-en-2","29":"pa_oberflaeche-plaettchen-poliert-en","31":"first","32":"instock","33":"taxable","34":"shipping-taxable","35":"purchasable","36":"product-type-variable"},"exclude_global_add_ons":[],"addons":[],"yoast_head":"<!-- This site is optimized with the Yoast SEO plugin v25.6 - https:\/\/yoast.com\/wordpress\/plugins\/seo\/ -->\n<title>Kette NO STRESS 925 Silber Ros\u00e9gold platiniert - Beatrice M\u00fcller<\/title>\n<meta name=\"robots\" content=\"index, follow, max-snippet:-1, max-image-preview:large, max-video-preview:-1\" \/>\n<link rel=\"canonical\" href=\"https:\/\/beatrice-mueller.de\/en\/product\/kette-no-stress-925-silber-rosegold-platiniert\/\" \/>\n<meta property=\"og:locale\" content=\"en_US\" \/>\n<meta property=\"og:type\" content=\"article\" \/>\n<meta property=\"og:title\" content=\"Kette NO STRESS 925 Silber Ros\u00e9gold platiniert - Beatrice M\u00fcller\" \/>\n<meta property=\"og:description\" content=\"Die st\u00e4ndige Alltagshektik muss nicht sein! W\u00e4hle deine Lieblingskette aus und integriere den NO STRESS Gedanken in dein Leben. &nbsp; Eigenschaften: \u2718 Die Kordel ist in 16 verschiedenen Farben verf\u00fcgbar. \u2718 Passt sich dank Schiebew\u00fcrfel an die Halsform an. \u2718 Auf Wunsch polierte oder matte Silberoberfl\u00e4che. &nbsp; Material Schmuck 925 Silber Ros\u00e9gold platiniert Oberfl\u00e4che poliert [&hellip;]\" \/>\n<meta property=\"og:url\" content=\"https:\/\/beatrice-mueller.de\/en\/product\/kette-no-stress-925-silber-rosegold-platiniert\/\" \/>\n<meta property=\"og:site_name\" content=\"Beatrice M\u00fcller\" \/>\n<meta property=\"og:image\" content=\"https:\/\/beatrice-mueller.de\/wp-content\/uploads\/2022\/02\/No_Stress_Halskette_ganz_rot_poliert_tuerkis.jpg\" \/>\n\t<meta property=\"og:image:width\" content=\"737\" \/>\n\t<meta property=\"og:image:height\" content=\"737\" \/>\n\t<meta property=\"og:image:type\" content=\"image\/jpeg\" \/>\n<meta name=\"twitter:card\" content=\"summary_large_image\" \/>\n<meta name=\"twitter:label1\" content=\"Est. reading time\" \/>\n\t<meta name=\"twitter:data1\" content=\"1 minute\" \/>\n<script type=\"application\/ld+json\" class=\"yoast-schema-graph\">{\"@context\":\"https:\/\/schema.org\",\"@graph\":[{\"@type\":\"WebPage\",\"@id\":\"https:\/\/beatrice-mueller.de\/en\/product\/kette-no-stress-925-silber-rosegold-platiniert\/\",\"url\":\"https:\/\/beatrice-mueller.de\/en\/product\/kette-no-stress-925-silber-rosegold-platiniert\/\",\"name\":\"Kette NO STRESS 925 Silber Ros\u00e9gold platiniert - Beatrice M\u00fcller\",\"isPartOf\":{\"@id\":\"https:\/\/beatrice-mueller.de\/en\/#website\"},\"primaryImageOfPage\":{\"@id\":\"https:\/\/beatrice-mueller.de\/en\/product\/kette-no-stress-925-silber-rosegold-platiniert\/#primaryimage\"},\"image\":{\"@id\":\"https:\/\/beatrice-mueller.de\/en\/product\/kette-no-stress-925-silber-rosegold-platiniert\/#primaryimage\"},\"thumbnailUrl\":\"https:\/\/beatrice-mueller.de\/wp-content\/uploads\/2022\/02\/No_Stress_Halskette_ganz_rot_poliert_tuerkis.jpg\",\"datePublished\":\"2022-03-17T07:21:13+00:00\",\"breadcrumb\":{\"@id\":\"https:\/\/beatrice-mueller.de\/en\/product\/kette-no-stress-925-silber-rosegold-platiniert\/#breadcrumb\"},\"inLanguage\":\"en-US\",\"potentialAction\":[{\"@type\":\"ReadAction\",\"target\":[\"https:\/\/beatrice-mueller.de\/en\/product\/kette-no-stress-925-silber-rosegold-platiniert\/\"]}]},{\"@type\":\"ImageObject\",\"inLanguage\":\"en-US\",\"@id\":\"https:\/\/beatrice-mueller.de\/en\/product\/kette-no-stress-925-silber-rosegold-platiniert\/#primaryimage\",\"url\":\"https:\/\/beatrice-mueller.de\/wp-content\/uploads\/2022\/02\/No_Stress_Halskette_ganz_rot_poliert_tuerkis.jpg\",\"contentUrl\":\"https:\/\/beatrice-mueller.de\/wp-content\/uploads\/2022\/02\/No_Stress_Halskette_ganz_rot_poliert_tuerkis.jpg\",\"width\":737,\"height\":737},{\"@type\":\"BreadcrumbList\",\"@id\":\"https:\/\/beatrice-mueller.de\/en\/product\/kette-no-stress-925-silber-rosegold-platiniert\/#breadcrumb\",\"itemListElement\":[{\"@type\":\"ListItem\",\"position\":1,\"name\":\"Startseite\",\"item\":\"https:\/\/beatrice-mueller.de\/en\/\"},{\"@type\":\"ListItem\",\"position\":2,\"name\":\"Shop\",\"item\":\"https:\/\/beatrice-mueller.de\/en\/shop\/\"},{\"@type\":\"ListItem\",\"position\":3,\"name\":\"Kette NO STRESS 925 Silber Ros\u00e9gold platiniert\"}]},{\"@type\":\"WebSite\",\"@id\":\"https:\/\/beatrice-mueller.de\/en\/#website\",\"url\":\"https:\/\/beatrice-mueller.de\/en\/\",\"name\":\"Beatrice M\u00fcller\",\"description\":\"Schmuckdesign\",\"potentialAction\":[{\"@type\":\"SearchAction\",\"target\":{\"@type\":\"EntryPoint\",\"urlTemplate\":\"https:\/\/beatrice-mueller.de\/en\/?s={search_term_string}\"},\"query-input\":{\"@type\":\"PropertyValueSpecification\",\"valueRequired\":true,\"valueName\":\"search_term_string\"}}],\"inLanguage\":\"en-US\"}]}<\/script>\n<!-- \/ Yoast SEO plugin. -->","yoast_head_json":{"title":"Kette NO STRESS 925 Silber Ros\u00e9gold platiniert - Beatrice M\u00fcller","robots":{"index":"index","follow":"follow","max-snippet":"max-snippet:-1","max-image-preview":"max-image-preview:large","max-video-preview":"max-video-preview:-1"},"canonical":"https:\/\/beatrice-mueller.de\/en\/product\/kette-no-stress-925-silber-rosegold-platiniert\/","og_locale":"en_US","og_type":"article","og_title":"Kette NO STRESS 925 Silber Ros\u00e9gold platiniert - Beatrice M\u00fcller","og_description":"Die st\u00e4ndige Alltagshektik muss nicht sein! W\u00e4hle deine Lieblingskette aus und integriere den NO STRESS Gedanken in dein Leben. &nbsp; Eigenschaften: \u2718 Die Kordel ist in 16 verschiedenen Farben verf\u00fcgbar. \u2718 Passt sich dank Schiebew\u00fcrfel an die Halsform an. \u2718 Auf Wunsch polierte oder matte Silberoberfl\u00e4che. &nbsp; Material Schmuck 925 Silber Ros\u00e9gold platiniert Oberfl\u00e4che poliert [&hellip;]","og_url":"https:\/\/beatrice-mueller.de\/en\/product\/kette-no-stress-925-silber-rosegold-platiniert\/","og_site_name":"Beatrice M\u00fcller","og_image":[{"width":737,"height":737,"url":"https:\/\/beatrice-mueller.de\/wp-content\/uploads\/2022\/02\/No_Stress_Halskette_ganz_rot_poliert_tuerkis.jpg","type":"image\/jpeg"}],"twitter_card":"summary_large_image","twitter_misc":{"Est. reading time":"1 minute"},"schema":{"@context":"https:\/\/schema.org","@graph":[{"@type":"WebPage","@id":"https:\/\/beatrice-mueller.de\/en\/product\/kette-no-stress-925-silber-rosegold-platiniert\/","url":"https:\/\/beatrice-mueller.de\/en\/product\/kette-no-stress-925-silber-rosegold-platiniert\/","name":"Kette NO STRESS 925 Silber Ros\u00e9gold platiniert - Beatrice M\u00fcller","isPartOf":{"@id":"https:\/\/beatrice-mueller.de\/en\/#website"},"primaryImageOfPage":{"@id":"https:\/\/beatrice-mueller.de\/en\/product\/kette-no-stress-925-silber-rosegold-platiniert\/#primaryimage"},"image":{"@id":"https:\/\/beatrice-mueller.de\/en\/product\/kette-no-stress-925-silber-rosegold-platiniert\/#primaryimage"},"thumbnailUrl":"https:\/\/beatrice-mueller.de\/wp-content\/uploads\/2022\/02\/No_Stress_Halskette_ganz_rot_poliert_tuerkis.jpg","datePublished":"2022-03-17T07:21:13+00:00","breadcrumb":{"@id":"https:\/\/beatrice-mueller.de\/en\/product\/kette-no-stress-925-silber-rosegold-platiniert\/#breadcrumb"},"inLanguage":"en-US","potentialAction":[{"@type":"ReadAction","target":["https:\/\/beatrice-mueller.de\/en\/product\/kette-no-stress-925-silber-rosegold-platiniert\/"]}]},{"@type":"ImageObject","inLanguage":"en-US","@id":"https:\/\/beatrice-mueller.de\/en\/product\/kette-no-stress-925-silber-rosegold-platiniert\/#primaryimage","url":"https:\/\/beatrice-mueller.de\/wp-content\/uploads\/2022\/02\/No_Stress_Halskette_ganz_rot_poliert_tuerkis.jpg","contentUrl":"https:\/\/beatrice-mueller.de\/wp-content\/uploads\/2022\/02\/No_Stress_Halskette_ganz_rot_poliert_tuerkis.jpg","width":737,"height":737},{"@type":"BreadcrumbList","@id":"https:\/\/beatrice-mueller.de\/en\/product\/kette-no-stress-925-silber-rosegold-platiniert\/#breadcrumb","itemListElement":[{"@type":"ListItem","position":1,"name":"Startseite","item":"https:\/\/beatrice-mueller.de\/en\/"},{"@type":"ListItem","position":2,"name":"Shop","item":"https:\/\/beatrice-mueller.de\/en\/shop\/"},{"@type":"ListItem","position":3,"name":"Kette NO STRESS 925 Silber Ros\u00e9gold platiniert"}]},{"@type":"WebSite","@id":"https:\/\/beatrice-mueller.de\/en\/#website","url":"https:\/\/beatrice-mueller.de\/en\/","name":"Beatrice M\u00fcller","description":"Schmuckdesign","potentialAction":[{"@type":"SearchAction","target":{"@type":"EntryPoint","urlTemplate":"https:\/\/beatrice-mueller.de\/en\/?s={search_term_string}"},"query-input":{"@type":"PropertyValueSpecification","valueRequired":true,"valueName":"search_term_string"}}],"inLanguage":"en-US"}]}},"_links":{"self":[{"href":"https:\/\/beatrice-mueller.de\/en\/wp-json\/wp\/v2\/product\/20048","targetHints":{"allow":["GET"]}}],"collection":[{"href":"https:\/\/beatrice-mueller.de\/en\/wp-json\/wp\/v2\/product"}],"about":[{"href":"https:\/\/beatrice-mueller.de\/en\/wp-json\/wp\/v2\/types\/product"}],"replies":[{"embeddable":true,"href":"https:\/\/beatrice-mueller.de\/en\/wp-json\/wp\/v2\/comments?post=20048"}],"wp:featuredmedia":[{"embeddable":true,"href":"https:\/\/beatrice-mueller.de\/en\/wp-json\/wp\/v2\/media\/20050"}],"wp:attachment":[{"href":"https:\/\/beatrice-mueller.de\/en\/wp-json\/wp\/v2\/media?parent=20048"}],"wp:term":[{"taxonomy":"product_brand","embeddable":true,"href":"https:\/\/beatrice-mueller.de\/en\/wp-json\/wp\/v2\/product_brand?post=20048"},{"taxonomy":"product_cat","embeddable":true,"href":"https:\/\/beatrice-mueller.de\/en\/wp-json\/wp\/v2\/product_cat?post=20048"},{"taxonomy":"product_tag","embeddable":true,"href":"https:\/\/beatrice-mueller.de\/en\/wp-json\/wp\/v2\/product_tag?post=20048"}],"curies":[{"name":"wp","href":"https:\/\/api.w.org\/{rel}","templated":true}]}}