{"id":20081,"date":"2022-03-17T08:20:34","date_gmt":"2022-03-17T07:20:34","guid":{"rendered":"https:\/\/beatrice-mueller.de\/produkt\/pin-no-stress-925-silber\/"},"modified":"2022-03-17T08:20:34","modified_gmt":"2022-03-17T07:20:34","slug":"pin-no-stress-925-silber","status":"publish","type":"product","link":"https:\/\/beatrice-mueller.de\/en\/product\/pin-no-stress-925-silber\/","title":{"rendered":"Pin NO STRESS 925 Silber"},"content":{"rendered":"<div class=\"product--description\"><\/div>\n<div class=\"product--description\">Ein unauff\u00e4lliges Accessoire mit auff\u00e4lligem Design &#8211; passend f\u00fcr jede Gelegenheit. Das verwendete Silber gibt dem Pin einen sch\u00f6nen Glanz. Der Anstecker verziert Taschen, Jacken oder Hosen und ermutigt dich zu einem bewussten Umgang mit stressigen Situationen.<\/div>\n<p>&nbsp;<\/p>\n<div class=\"product--description\">\n<p><span style=\"color: #ff0000;\">\u2718<\/span> Poliert oder matt erh\u00e4ltlich<\/p>\n<p><span style=\"color: #ff0000;\">\u2718<\/span> verf\u00fcgbar in vier Farben.<\/p>\n<\/div>\n<p>&nbsp;<\/p>\n<table border=\"0\">\n<tbody>\n<tr>\n<td><strong>Material Schmuck<\/strong><\/td>\n<td>925\u00a0Silber<\/td>\n<\/tr>\n<tr>\n<td><strong>Oberfl\u00e4che<\/strong><\/td>\n<td>poliert \/ flie\u00dfmatt \/ diamantmatt<\/td>\n<\/tr>\n<tr>\n<td><strong>Farbe<\/strong><\/td>\n<td>gold\u00a0\/ silber\u00a0\/\u00a0ros\u00e9 \/ schwarz<\/td>\n<\/tr>\n<tr>\n<td><strong>Gr\u00f6\u00dfe<br \/>\n<\/strong><\/td>\n<td>10mm x 10mm<\/td>\n<\/tr>\n<\/tbody>\n<\/table>\n","protected":false},"excerpt":{"rendered":"<p>Ein unauff\u00e4lliges Accessoire mit auff\u00e4lligem Design &#8211; passend f\u00fcr jede Gelegenheit. Das verwendete Silber gibt dem Pin einen sch\u00f6nen Glanz. Der Anstecker verziert Taschen, Jacken oder Hosen und ermutigt dich zu einem bewussten Umgang mit stressigen Situationen. &nbsp; \u2718 Poliert oder matt erh\u00e4ltlich \u2718 verf\u00fcgbar in vier Farben. &nbsp; Material Schmuck 925\u00a0Silber Oberfl\u00e4che poliert \/ [&hellip;]<\/p>\n","protected":false},"featured_media":20083,"comment_status":"closed","ping_status":"closed","template":"","meta":{"_glsr_average":0,"_glsr_ranking":0,"_glsr_reviews":0},"product_brand":[],"product_cat":[534],"product_tag":[553,530],"class_list":{"0":"post-20081","1":"product","2":"type-product","3":"status-publish","4":"has-post-thumbnail","6":"product_cat-accessoires-en","7":"product_tag-accessoires-en","8":"product_tag-x-design-en","9":"pa_farbe-silver-black-rhodium-plated","10":"pa_farbe-silver-red-platinum-plated","11":"pa_farbe-silver-white-palladinated","12":"pa_farbe-yellow-platinum-plated-silver","13":"pa_marke-x-design-en","14":"pa_material-diamantmatt-en-2","15":"pa_material-fliessmatt-en-2","16":"pa_material-poliert-en-2","18":"first","19":"instock","20":"taxable","21":"shipping-taxable","22":"purchasable","23":"product-type-variable"},"exclude_global_add_ons":[],"addons":[],"yoast_head":"<!-- This site is optimized with the Yoast SEO plugin v25.6 - https:\/\/yoast.com\/wordpress\/plugins\/seo\/ -->\n<title>Pin NO STRESS 925 Silber - Beatrice M\u00fcller<\/title>\n<meta name=\"robots\" content=\"index, follow, max-snippet:-1, max-image-preview:large, max-video-preview:-1\" \/>\n<link rel=\"canonical\" href=\"https:\/\/beatrice-mueller.de\/en\/product\/pin-no-stress-925-silber\/\" \/>\n<meta property=\"og:locale\" content=\"en_US\" \/>\n<meta property=\"og:type\" content=\"article\" \/>\n<meta property=\"og:title\" content=\"Pin NO STRESS 925 Silber - Beatrice M\u00fcller\" \/>\n<meta property=\"og:description\" content=\"Ein unauff\u00e4lliges Accessoire mit auff\u00e4lligem Design &#8211; passend f\u00fcr jede Gelegenheit. Das verwendete Silber gibt dem Pin einen sch\u00f6nen Glanz. Der Anstecker verziert Taschen, Jacken oder Hosen und ermutigt dich zu einem bewussten Umgang mit stressigen Situationen. &nbsp; \u2718 Poliert oder matt erh\u00e4ltlich \u2718 verf\u00fcgbar in vier Farben. &nbsp; Material Schmuck 925\u00a0Silber Oberfl\u00e4che poliert \/ [&hellip;]\" \/>\n<meta property=\"og:url\" content=\"https:\/\/beatrice-mueller.de\/en\/product\/pin-no-stress-925-silber\/\" \/>\n<meta property=\"og:site_name\" content=\"Beatrice M\u00fcller\" \/>\n<meta property=\"og:image\" content=\"https:\/\/beatrice-mueller.de\/wp-content\/uploads\/2022\/02\/Sticker-Gold-NS-2.jpg\" \/>\n\t<meta property=\"og:image:width\" content=\"794\" \/>\n\t<meta property=\"og:image:height\" content=\"794\" \/>\n\t<meta property=\"og:image:type\" content=\"image\/jpeg\" \/>\n<meta name=\"twitter:card\" content=\"summary_large_image\" \/>\n<script type=\"application\/ld+json\" class=\"yoast-schema-graph\">{\"@context\":\"https:\/\/schema.org\",\"@graph\":[{\"@type\":\"WebPage\",\"@id\":\"https:\/\/beatrice-mueller.de\/en\/product\/pin-no-stress-925-silber\/\",\"url\":\"https:\/\/beatrice-mueller.de\/en\/product\/pin-no-stress-925-silber\/\",\"name\":\"Pin NO STRESS 925 Silber - Beatrice M\u00fcller\",\"isPartOf\":{\"@id\":\"https:\/\/beatrice-mueller.de\/en\/#website\"},\"primaryImageOfPage\":{\"@id\":\"https:\/\/beatrice-mueller.de\/en\/product\/pin-no-stress-925-silber\/#primaryimage\"},\"image\":{\"@id\":\"https:\/\/beatrice-mueller.de\/en\/product\/pin-no-stress-925-silber\/#primaryimage\"},\"thumbnailUrl\":\"https:\/\/beatrice-mueller.de\/wp-content\/uploads\/2022\/02\/Sticker-Gold-NS-2.jpg\",\"datePublished\":\"2022-03-17T07:20:34+00:00\",\"breadcrumb\":{\"@id\":\"https:\/\/beatrice-mueller.de\/en\/product\/pin-no-stress-925-silber\/#breadcrumb\"},\"inLanguage\":\"en-US\",\"potentialAction\":[{\"@type\":\"ReadAction\",\"target\":[\"https:\/\/beatrice-mueller.de\/en\/product\/pin-no-stress-925-silber\/\"]}]},{\"@type\":\"ImageObject\",\"inLanguage\":\"en-US\",\"@id\":\"https:\/\/beatrice-mueller.de\/en\/product\/pin-no-stress-925-silber\/#primaryimage\",\"url\":\"https:\/\/beatrice-mueller.de\/wp-content\/uploads\/2022\/02\/Sticker-Gold-NS-2.jpg\",\"contentUrl\":\"https:\/\/beatrice-mueller.de\/wp-content\/uploads\/2022\/02\/Sticker-Gold-NS-2.jpg\",\"width\":794,\"height\":794},{\"@type\":\"BreadcrumbList\",\"@id\":\"https:\/\/beatrice-mueller.de\/en\/product\/pin-no-stress-925-silber\/#breadcrumb\",\"itemListElement\":[{\"@type\":\"ListItem\",\"position\":1,\"name\":\"Startseite\",\"item\":\"https:\/\/beatrice-mueller.de\/en\/\"},{\"@type\":\"ListItem\",\"position\":2,\"name\":\"Shop\",\"item\":\"https:\/\/beatrice-mueller.de\/en\/shop\/\"},{\"@type\":\"ListItem\",\"position\":3,\"name\":\"Pin NO STRESS 925 Silber\"}]},{\"@type\":\"WebSite\",\"@id\":\"https:\/\/beatrice-mueller.de\/en\/#website\",\"url\":\"https:\/\/beatrice-mueller.de\/en\/\",\"name\":\"Beatrice M\u00fcller\",\"description\":\"Schmuckdesign\",\"potentialAction\":[{\"@type\":\"SearchAction\",\"target\":{\"@type\":\"EntryPoint\",\"urlTemplate\":\"https:\/\/beatrice-mueller.de\/en\/?s={search_term_string}\"},\"query-input\":{\"@type\":\"PropertyValueSpecification\",\"valueRequired\":true,\"valueName\":\"search_term_string\"}}],\"inLanguage\":\"en-US\"}]}<\/script>\n<!-- \/ Yoast SEO plugin. -->","yoast_head_json":{"title":"Pin NO STRESS 925 Silber - Beatrice M\u00fcller","robots":{"index":"index","follow":"follow","max-snippet":"max-snippet:-1","max-image-preview":"max-image-preview:large","max-video-preview":"max-video-preview:-1"},"canonical":"https:\/\/beatrice-mueller.de\/en\/product\/pin-no-stress-925-silber\/","og_locale":"en_US","og_type":"article","og_title":"Pin NO STRESS 925 Silber - Beatrice M\u00fcller","og_description":"Ein unauff\u00e4lliges Accessoire mit auff\u00e4lligem Design &#8211; passend f\u00fcr jede Gelegenheit. Das verwendete Silber gibt dem Pin einen sch\u00f6nen Glanz. Der Anstecker verziert Taschen, Jacken oder Hosen und ermutigt dich zu einem bewussten Umgang mit stressigen Situationen. &nbsp; \u2718 Poliert oder matt erh\u00e4ltlich \u2718 verf\u00fcgbar in vier Farben. &nbsp; Material Schmuck 925\u00a0Silber Oberfl\u00e4che poliert \/ [&hellip;]","og_url":"https:\/\/beatrice-mueller.de\/en\/product\/pin-no-stress-925-silber\/","og_site_name":"Beatrice M\u00fcller","og_image":[{"width":794,"height":794,"url":"https:\/\/beatrice-mueller.de\/wp-content\/uploads\/2022\/02\/Sticker-Gold-NS-2.jpg","type":"image\/jpeg"}],"twitter_card":"summary_large_image","schema":{"@context":"https:\/\/schema.org","@graph":[{"@type":"WebPage","@id":"https:\/\/beatrice-mueller.de\/en\/product\/pin-no-stress-925-silber\/","url":"https:\/\/beatrice-mueller.de\/en\/product\/pin-no-stress-925-silber\/","name":"Pin NO STRESS 925 Silber - Beatrice M\u00fcller","isPartOf":{"@id":"https:\/\/beatrice-mueller.de\/en\/#website"},"primaryImageOfPage":{"@id":"https:\/\/beatrice-mueller.de\/en\/product\/pin-no-stress-925-silber\/#primaryimage"},"image":{"@id":"https:\/\/beatrice-mueller.de\/en\/product\/pin-no-stress-925-silber\/#primaryimage"},"thumbnailUrl":"https:\/\/beatrice-mueller.de\/wp-content\/uploads\/2022\/02\/Sticker-Gold-NS-2.jpg","datePublished":"2022-03-17T07:20:34+00:00","breadcrumb":{"@id":"https:\/\/beatrice-mueller.de\/en\/product\/pin-no-stress-925-silber\/#breadcrumb"},"inLanguage":"en-US","potentialAction":[{"@type":"ReadAction","target":["https:\/\/beatrice-mueller.de\/en\/product\/pin-no-stress-925-silber\/"]}]},{"@type":"ImageObject","inLanguage":"en-US","@id":"https:\/\/beatrice-mueller.de\/en\/product\/pin-no-stress-925-silber\/#primaryimage","url":"https:\/\/beatrice-mueller.de\/wp-content\/uploads\/2022\/02\/Sticker-Gold-NS-2.jpg","contentUrl":"https:\/\/beatrice-mueller.de\/wp-content\/uploads\/2022\/02\/Sticker-Gold-NS-2.jpg","width":794,"height":794},{"@type":"BreadcrumbList","@id":"https:\/\/beatrice-mueller.de\/en\/product\/pin-no-stress-925-silber\/#breadcrumb","itemListElement":[{"@type":"ListItem","position":1,"name":"Startseite","item":"https:\/\/beatrice-mueller.de\/en\/"},{"@type":"ListItem","position":2,"name":"Shop","item":"https:\/\/beatrice-mueller.de\/en\/shop\/"},{"@type":"ListItem","position":3,"name":"Pin NO STRESS 925 Silber"}]},{"@type":"WebSite","@id":"https:\/\/beatrice-mueller.de\/en\/#website","url":"https:\/\/beatrice-mueller.de\/en\/","name":"Beatrice M\u00fcller","description":"Schmuckdesign","potentialAction":[{"@type":"SearchAction","target":{"@type":"EntryPoint","urlTemplate":"https:\/\/beatrice-mueller.de\/en\/?s={search_term_string}"},"query-input":{"@type":"PropertyValueSpecification","valueRequired":true,"valueName":"search_term_string"}}],"inLanguage":"en-US"}]}},"_links":{"self":[{"href":"https:\/\/beatrice-mueller.de\/en\/wp-json\/wp\/v2\/product\/20081","targetHints":{"allow":["GET"]}}],"collection":[{"href":"https:\/\/beatrice-mueller.de\/en\/wp-json\/wp\/v2\/product"}],"about":[{"href":"https:\/\/beatrice-mueller.de\/en\/wp-json\/wp\/v2\/types\/product"}],"replies":[{"embeddable":true,"href":"https:\/\/beatrice-mueller.de\/en\/wp-json\/wp\/v2\/comments?post=20081"}],"wp:featuredmedia":[{"embeddable":true,"href":"https:\/\/beatrice-mueller.de\/en\/wp-json\/wp\/v2\/media\/20083"}],"wp:attachment":[{"href":"https:\/\/beatrice-mueller.de\/en\/wp-json\/wp\/v2\/media?parent=20081"}],"wp:term":[{"taxonomy":"product_brand","embeddable":true,"href":"https:\/\/beatrice-mueller.de\/en\/wp-json\/wp\/v2\/product_brand?post=20081"},{"taxonomy":"product_cat","embeddable":true,"href":"https:\/\/beatrice-mueller.de\/en\/wp-json\/wp\/v2\/product_cat?post=20081"},{"taxonomy":"product_tag","embeddable":true,"href":"https:\/\/beatrice-mueller.de\/en\/wp-json\/wp\/v2\/product_tag?post=20081"}],"curies":[{"name":"wp","href":"https:\/\/api.w.org\/{rel}","templated":true}]}}