{"id":20094,"date":"2022-03-17T08:20:32","date_gmt":"2022-03-17T07:20:32","guid":{"rendered":"https:\/\/beatrice-mueller.de\/produkt\/sneaker-socken-no-stress\/"},"modified":"2025-03-18T14:52:58","modified_gmt":"2025-03-18T13:52:58","slug":"sneaker-socken-no-stress","status":"publish","type":"product","link":"https:\/\/beatrice-mueller.de\/en\/product\/sneaker-socken-no-stress\/","title":{"rendered":"Sneaker-Socken NO STRESS"},"content":{"rendered":"<div class=\"content--title\">Unsere bequemen Socken\u00a0machen dein Outfit besonders und zeigen deine Pers\u00f6nlichkeit. Entspann dich mit\u00a0ihnen oder mach deinen Lieben ein tolles Geschenk. In diesen Stressfrei-Socken f\u00fchlst du dich \u00fcberall wohl.<\/div>\n<p>&nbsp;<\/p>\n<p>Das eingestrickte Logo NO STRESS zeigt auf was Du stehst mit was Du gehst \ud83d\ude42<\/p>\n<p><span style=\"text-decoration: underline;\">Eigenschaften:<\/span><\/p>\n<p><span style=\"color: #ff0000;\">\u2718<\/span> Hoher Baumwollanteil, schmeichelt dem Fu\u00df und l\u00e4sst ihn atmen.<\/p>\n<p><span style=\"color: #ff0000;\">\u2718<\/span> Erh\u00e4ltlich in zwei verschiedenen Gr\u00f6\u00dfen, wahlweise in hellgrau oder dunkelgrau.<\/p>\n<p><span style=\"color: #ff0000;\">\u2718<\/span> Maschinenwaschbar.<\/p>\n<table border=\"0\" frame=\"box\">\n<tbody>\n<tr>\n<td><strong>Material<\/strong><\/td>\n<\/tr>\n<tr>\n<td>78% Baumwolle<\/td>\n<\/tr>\n<tr>\n<td>19% Polyamid<\/td>\n<\/tr>\n<tr>\n<td>\u00a03% Elastan<\/td>\n<\/tr>\n<\/tbody>\n<\/table>\n<div class=\"product--description\"><\/div>\n","protected":false},"excerpt":{"rendered":"<p>Unsere bequemen Socken\u00a0machen dein Outfit besonders und zeigen deine Pers\u00f6nlichkeit. Entspann dich mit\u00a0ihnen oder mach deinen Lieben ein tolles Geschenk. In diesen Stressfrei-Socken f\u00fchlst du dich \u00fcberall wohl. &nbsp; Das eingestrickte Logo NO STRESS zeigt auf was Du stehst mit was Du gehst \ud83d\ude42 Eigenschaften: \u2718 Hoher Baumwollanteil, schmeichelt dem Fu\u00df und l\u00e4sst ihn atmen. [&hellip;]<\/p>\n","protected":false},"featured_media":20095,"comment_status":"closed","ping_status":"closed","template":"","meta":{"_glsr_average":0,"_glsr_ranking":0,"_glsr_reviews":0},"product_brand":[],"product_cat":[549],"product_tag":[545,1546,530],"class_list":{"0":"post-20094","1":"product","2":"type-product","3":"status-publish","4":"has-post-thumbnail","6":"product_cat-clothing","7":"product_tag-clothing","8":"product_tag-gift","9":"product_tag-x-design-en","10":"pa_farbe-dark-gray","11":"pa_farbe-light-gray","12":"pa_groesse-35-38-en-2","13":"pa_groesse-39-42-en-2","14":"pa_marke-x-design-en","16":"first","17":"instock","18":"taxable","19":"shipping-taxable","20":"purchasable","21":"product-type-variable"},"exclude_global_add_ons":[],"addons":[],"yoast_head":"<!-- This site is optimized with the Yoast SEO plugin v25.6 - https:\/\/yoast.com\/wordpress\/plugins\/seo\/ -->\n<title>Sneaker-Socken NO STRESS - Beatrice M\u00fcller<\/title>\n<meta name=\"robots\" content=\"index, follow, max-snippet:-1, max-image-preview:large, max-video-preview:-1\" \/>\n<link rel=\"canonical\" href=\"https:\/\/beatrice-mueller.de\/en\/product\/sneaker-socken-no-stress\/\" \/>\n<meta property=\"og:locale\" content=\"en_US\" \/>\n<meta property=\"og:type\" content=\"article\" \/>\n<meta property=\"og:title\" content=\"Sneaker-Socken NO STRESS - Beatrice M\u00fcller\" \/>\n<meta property=\"og:description\" content=\"Unsere bequemen Socken\u00a0machen dein Outfit besonders und zeigen deine Pers\u00f6nlichkeit. Entspann dich mit\u00a0ihnen oder mach deinen Lieben ein tolles Geschenk. In diesen Stressfrei-Socken f\u00fchlst du dich \u00fcberall wohl. &nbsp; Das eingestrickte Logo NO STRESS zeigt auf was Du stehst mit was Du gehst \ud83d\ude42 Eigenschaften: \u2718 Hoher Baumwollanteil, schmeichelt dem Fu\u00df und l\u00e4sst ihn atmen. [&hellip;]\" \/>\n<meta property=\"og:url\" content=\"https:\/\/beatrice-mueller.de\/en\/product\/sneaker-socken-no-stress\/\" \/>\n<meta property=\"og:site_name\" content=\"Beatrice M\u00fcller\" \/>\n<meta property=\"article:modified_time\" content=\"2025-03-18T13:52:58+00:00\" \/>\n<meta property=\"og:image\" content=\"https:\/\/beatrice-mueller.de\/wp-content\/uploads\/2022\/02\/NO-STRESS-Socken-Sneakers_Hellgrau39-42.jpg\" \/>\n\t<meta property=\"og:image:width\" content=\"827\" \/>\n\t<meta property=\"og:image:height\" content=\"766\" \/>\n\t<meta property=\"og:image:type\" content=\"image\/jpeg\" \/>\n<meta name=\"twitter:card\" content=\"summary_large_image\" \/>\n<script type=\"application\/ld+json\" class=\"yoast-schema-graph\">{\"@context\":\"https:\/\/schema.org\",\"@graph\":[{\"@type\":\"WebPage\",\"@id\":\"https:\/\/beatrice-mueller.de\/en\/product\/sneaker-socken-no-stress\/\",\"url\":\"https:\/\/beatrice-mueller.de\/en\/product\/sneaker-socken-no-stress\/\",\"name\":\"Sneaker-Socken NO STRESS - Beatrice M\u00fcller\",\"isPartOf\":{\"@id\":\"https:\/\/beatrice-mueller.de\/en\/#website\"},\"primaryImageOfPage\":{\"@id\":\"https:\/\/beatrice-mueller.de\/en\/product\/sneaker-socken-no-stress\/#primaryimage\"},\"image\":{\"@id\":\"https:\/\/beatrice-mueller.de\/en\/product\/sneaker-socken-no-stress\/#primaryimage\"},\"thumbnailUrl\":\"https:\/\/beatrice-mueller.de\/wp-content\/uploads\/2022\/02\/NO-STRESS-Socken-Sneakers_Hellgrau39-42.jpg\",\"datePublished\":\"2022-03-17T07:20:32+00:00\",\"dateModified\":\"2025-03-18T13:52:58+00:00\",\"breadcrumb\":{\"@id\":\"https:\/\/beatrice-mueller.de\/en\/product\/sneaker-socken-no-stress\/#breadcrumb\"},\"inLanguage\":\"en-US\",\"potentialAction\":[{\"@type\":\"ReadAction\",\"target\":[\"https:\/\/beatrice-mueller.de\/en\/product\/sneaker-socken-no-stress\/\"]}]},{\"@type\":\"ImageObject\",\"inLanguage\":\"en-US\",\"@id\":\"https:\/\/beatrice-mueller.de\/en\/product\/sneaker-socken-no-stress\/#primaryimage\",\"url\":\"https:\/\/beatrice-mueller.de\/wp-content\/uploads\/2022\/02\/NO-STRESS-Socken-Sneakers_Hellgrau39-42.jpg\",\"contentUrl\":\"https:\/\/beatrice-mueller.de\/wp-content\/uploads\/2022\/02\/NO-STRESS-Socken-Sneakers_Hellgrau39-42.jpg\",\"width\":827,\"height\":766},{\"@type\":\"BreadcrumbList\",\"@id\":\"https:\/\/beatrice-mueller.de\/en\/product\/sneaker-socken-no-stress\/#breadcrumb\",\"itemListElement\":[{\"@type\":\"ListItem\",\"position\":1,\"name\":\"Startseite\",\"item\":\"https:\/\/beatrice-mueller.de\/en\/\"},{\"@type\":\"ListItem\",\"position\":2,\"name\":\"Shop\",\"item\":\"https:\/\/beatrice-mueller.de\/en\/shop\/\"},{\"@type\":\"ListItem\",\"position\":3,\"name\":\"Sneaker-Socken NO STRESS\"}]},{\"@type\":\"WebSite\",\"@id\":\"https:\/\/beatrice-mueller.de\/en\/#website\",\"url\":\"https:\/\/beatrice-mueller.de\/en\/\",\"name\":\"Beatrice M\u00fcller\",\"description\":\"Schmuckdesign\",\"potentialAction\":[{\"@type\":\"SearchAction\",\"target\":{\"@type\":\"EntryPoint\",\"urlTemplate\":\"https:\/\/beatrice-mueller.de\/en\/?s={search_term_string}\"},\"query-input\":{\"@type\":\"PropertyValueSpecification\",\"valueRequired\":true,\"valueName\":\"search_term_string\"}}],\"inLanguage\":\"en-US\"}]}<\/script>\n<!-- \/ Yoast SEO plugin. -->","yoast_head_json":{"title":"Sneaker-Socken NO STRESS - Beatrice M\u00fcller","robots":{"index":"index","follow":"follow","max-snippet":"max-snippet:-1","max-image-preview":"max-image-preview:large","max-video-preview":"max-video-preview:-1"},"canonical":"https:\/\/beatrice-mueller.de\/en\/product\/sneaker-socken-no-stress\/","og_locale":"en_US","og_type":"article","og_title":"Sneaker-Socken NO STRESS - Beatrice M\u00fcller","og_description":"Unsere bequemen Socken\u00a0machen dein Outfit besonders und zeigen deine Pers\u00f6nlichkeit. Entspann dich mit\u00a0ihnen oder mach deinen Lieben ein tolles Geschenk. In diesen Stressfrei-Socken f\u00fchlst du dich \u00fcberall wohl. &nbsp; Das eingestrickte Logo NO STRESS zeigt auf was Du stehst mit was Du gehst \ud83d\ude42 Eigenschaften: \u2718 Hoher Baumwollanteil, schmeichelt dem Fu\u00df und l\u00e4sst ihn atmen. [&hellip;]","og_url":"https:\/\/beatrice-mueller.de\/en\/product\/sneaker-socken-no-stress\/","og_site_name":"Beatrice M\u00fcller","article_modified_time":"2025-03-18T13:52:58+00:00","og_image":[{"width":827,"height":766,"url":"https:\/\/beatrice-mueller.de\/wp-content\/uploads\/2022\/02\/NO-STRESS-Socken-Sneakers_Hellgrau39-42.jpg","type":"image\/jpeg"}],"twitter_card":"summary_large_image","schema":{"@context":"https:\/\/schema.org","@graph":[{"@type":"WebPage","@id":"https:\/\/beatrice-mueller.de\/en\/product\/sneaker-socken-no-stress\/","url":"https:\/\/beatrice-mueller.de\/en\/product\/sneaker-socken-no-stress\/","name":"Sneaker-Socken NO STRESS - Beatrice M\u00fcller","isPartOf":{"@id":"https:\/\/beatrice-mueller.de\/en\/#website"},"primaryImageOfPage":{"@id":"https:\/\/beatrice-mueller.de\/en\/product\/sneaker-socken-no-stress\/#primaryimage"},"image":{"@id":"https:\/\/beatrice-mueller.de\/en\/product\/sneaker-socken-no-stress\/#primaryimage"},"thumbnailUrl":"https:\/\/beatrice-mueller.de\/wp-content\/uploads\/2022\/02\/NO-STRESS-Socken-Sneakers_Hellgrau39-42.jpg","datePublished":"2022-03-17T07:20:32+00:00","dateModified":"2025-03-18T13:52:58+00:00","breadcrumb":{"@id":"https:\/\/beatrice-mueller.de\/en\/product\/sneaker-socken-no-stress\/#breadcrumb"},"inLanguage":"en-US","potentialAction":[{"@type":"ReadAction","target":["https:\/\/beatrice-mueller.de\/en\/product\/sneaker-socken-no-stress\/"]}]},{"@type":"ImageObject","inLanguage":"en-US","@id":"https:\/\/beatrice-mueller.de\/en\/product\/sneaker-socken-no-stress\/#primaryimage","url":"https:\/\/beatrice-mueller.de\/wp-content\/uploads\/2022\/02\/NO-STRESS-Socken-Sneakers_Hellgrau39-42.jpg","contentUrl":"https:\/\/beatrice-mueller.de\/wp-content\/uploads\/2022\/02\/NO-STRESS-Socken-Sneakers_Hellgrau39-42.jpg","width":827,"height":766},{"@type":"BreadcrumbList","@id":"https:\/\/beatrice-mueller.de\/en\/product\/sneaker-socken-no-stress\/#breadcrumb","itemListElement":[{"@type":"ListItem","position":1,"name":"Startseite","item":"https:\/\/beatrice-mueller.de\/en\/"},{"@type":"ListItem","position":2,"name":"Shop","item":"https:\/\/beatrice-mueller.de\/en\/shop\/"},{"@type":"ListItem","position":3,"name":"Sneaker-Socken NO STRESS"}]},{"@type":"WebSite","@id":"https:\/\/beatrice-mueller.de\/en\/#website","url":"https:\/\/beatrice-mueller.de\/en\/","name":"Beatrice M\u00fcller","description":"Schmuckdesign","potentialAction":[{"@type":"SearchAction","target":{"@type":"EntryPoint","urlTemplate":"https:\/\/beatrice-mueller.de\/en\/?s={search_term_string}"},"query-input":{"@type":"PropertyValueSpecification","valueRequired":true,"valueName":"search_term_string"}}],"inLanguage":"en-US"}]}},"_links":{"self":[{"href":"https:\/\/beatrice-mueller.de\/en\/wp-json\/wp\/v2\/product\/20094","targetHints":{"allow":["GET"]}}],"collection":[{"href":"https:\/\/beatrice-mueller.de\/en\/wp-json\/wp\/v2\/product"}],"about":[{"href":"https:\/\/beatrice-mueller.de\/en\/wp-json\/wp\/v2\/types\/product"}],"replies":[{"embeddable":true,"href":"https:\/\/beatrice-mueller.de\/en\/wp-json\/wp\/v2\/comments?post=20094"}],"wp:featuredmedia":[{"embeddable":true,"href":"https:\/\/beatrice-mueller.de\/en\/wp-json\/wp\/v2\/media\/20095"}],"wp:attachment":[{"href":"https:\/\/beatrice-mueller.de\/en\/wp-json\/wp\/v2\/media?parent=20094"}],"wp:term":[{"taxonomy":"product_brand","embeddable":true,"href":"https:\/\/beatrice-mueller.de\/en\/wp-json\/wp\/v2\/product_brand?post=20094"},{"taxonomy":"product_cat","embeddable":true,"href":"https:\/\/beatrice-mueller.de\/en\/wp-json\/wp\/v2\/product_cat?post=20094"},{"taxonomy":"product_tag","embeddable":true,"href":"https:\/\/beatrice-mueller.de\/en\/wp-json\/wp\/v2\/product_tag?post=20094"}],"curies":[{"name":"wp","href":"https:\/\/api.w.org\/{rel}","templated":true}]}}