{"id":20150,"date":"2022-03-17T08:19:28","date_gmt":"2022-03-17T07:19:28","guid":{"rendered":"https:\/\/beatrice-mueller.de\/produkt\/ring-luxury-no-stress-x-925-silber\/"},"modified":"2025-03-20T03:54:57","modified_gmt":"2025-03-20T02:54:57","slug":"ring-luxury-no-stress-x-925-silber","status":"publish","type":"product","link":"https:\/\/beatrice-mueller.de\/en\/product\/ring-luxury-no-stress-x-925-silber\/","title":{"rendered":"Ring LUXURY NO STRESS X 925 silver"},"content":{"rendered":"<div>\n<div  class='avia-video av-38xt4b-8bd55c8ad6efdd9268c92032f8136538 avia-video-16-9 av-no-preview-image avia-video-load-always avia-video-html5'  itemprop=\"video\" itemtype=\"https:\/\/schema.org\/VideoObject\"  data-original_url='https:\/\/beatrice-mueller.de\/wp-content\/uploads\/No-Stress_01-1.mp4'><video class='avia_video'    preload=\"auto\"  controls id='player_20150_191382495_12601715'><source src='https:\/\/beatrice-mueller.de\/wp-content\/uploads\/No-Stress_01-1.mp4' type='video\/mp4' \/><\/video><\/div>\n<\/div>\n<div class=\"product--description\">Das besondere Etwas f\u00fcr Damen, die geradlinigen Silberschmuck lieben: Der Luxusring NO STRESS. Er kommt bewusst ohne zierende Steine aus und setzt stattdessen auf den roten Faden als Leitlinie. Ein echtes Allroundtalent, das sich den verschiedensten Outfits gekonnt anpasst.<\/div>\n<p><strong>Achtung: Dieser Ring ist aktuell nur in Gr\u00f6\u00dfe 56 verf\u00fcgbar.<\/strong><\/p>\n<p><span style=\"text-decoration: underline;\">Eigenschaften:<\/span><\/p>\n<p><span style=\"color: #ff0000;\">\u2718<\/span> Inklusive Zertifikat und Echtheitsstempel auf der Ringinnenschiene.<\/p>\n<p><span style=\"color: #ff0000;\">\u2718<\/span> Au\u00dfergew\u00f6hnliche Struktur dank Einarbeitung des Fadens.<\/p>\n<p><span style=\"color: #ff0000;\">\u2718<\/span> Hergestellt in der hauseigenen Werkstatt, von Hand gepr\u00fcfte Qualit\u00e4t.<\/p>\n<table border=\"0\" frame=\"box\">\n<tbody>\n<tr>\n<td><span data-mce-mark=\"1\"><strong>Material Schmuck<\/strong><\/span><\/td>\n<td>925 Silber<\/td>\n<\/tr>\n<tr>\n<td><span data-mce-mark=\"1\"><strong>Oberfl\u00e4che<\/strong><\/span><\/td>\n<td><span data-mce-mark=\"1\">strukturiert<\/span><\/td>\n<\/tr>\n<tr>\n<td><span data-mce-mark=\"1\"><strong>H\u00f6he<\/strong><\/span><\/td>\n<td>3,0 mm<\/td>\n<\/tr>\n<tr>\n<td><span data-mce-mark=\"1\"><strong>Breite<\/strong><\/span><\/td>\n<td>14,5 mm<\/td>\n<\/tr>\n<tr>\n<td><span data-mce-mark=\"1\"><strong>Besondere Merkmale\u00a0<\/strong><\/span><\/td>\n<td><span data-mce-mark=\"1\">roter Faden\u00a0 \u00a0 \u00a0 \u00a0 \u00a0\u00a0<\/span><\/td>\n<\/tr>\n<\/tbody>\n<\/table>\n<p><strong>DIE RICHTIGE RINGGR\u00d6SSE ERMITTELN<\/strong><\/p>\n<p>Die Ringgr\u00f6\u00dfe von NO STRESS Ringen wird anhand des inneren Ringumfangs ermittelt. Um den richtigen Ringumfang herauszufinden, ben\u00f6tigst du lediglich einen Faden oder ein St\u00fcck Papier.<\/p>\n<p><span data-mce-mark=\"1\">Wickle den Faden oder das Papier um die Stelle an dem Finger, an welchem du den Ring tragen m\u00f6chtest und messe im Anschluss die L\u00e4nge.\u00a0Die gemessenen Millimeter spiegeln den inneren Ringumfang wieder.<\/span><span data-mce-mark=\"1\">\u00a0<\/span><\/p>\n<table border=\"0\">\n<tbody>\n<tr>\n<td><span data-mce-mark=\"1\"><strong>gemessener Umfang Ringma\u00df (mm)<\/strong><\/span><\/td>\n<td><span data-mce-mark=\"1\"><strong>Durchmesser Ringma\u00df (mm)<\/strong><\/span><\/td>\n<\/tr>\n<tr>\n<td><span data-mce-mark=\"1\">52<\/span><\/td>\n<td><span data-mce-mark=\"1\">16.5<\/span><\/td>\n<\/tr>\n<tr>\n<td><span data-mce-mark=\"1\">53<\/span><\/td>\n<td><span data-mce-mark=\"1\">17<\/span><\/td>\n<\/tr>\n<tr>\n<td><span data-mce-mark=\"1\">54<\/span><\/td>\n<td><span data-mce-mark=\"1\">17,25<\/span><\/td>\n<\/tr>\n<tr>\n<td><span data-mce-mark=\"1\">55<\/span><\/td>\n<td><span data-mce-mark=\"1\">17,5<\/span><\/td>\n<\/tr>\n<tr>\n<td><span data-mce-mark=\"1\">56<\/span><\/td>\n<td><span data-mce-mark=\"1\">18<\/span><\/td>\n<\/tr>\n<tr>\n<td><span data-mce-mark=\"1\">57<\/span><\/td>\n<td><span data-mce-mark=\"1\">18,25<\/span><\/td>\n<\/tr>\n<tr>\n<td><span data-mce-mark=\"1\">58<\/span><\/td>\n<td><span data-mce-mark=\"1\">18,5<\/span><\/td>\n<\/tr>\n<tr>\n<td><span data-mce-mark=\"1\">59<\/span><\/td>\n<td><span data-mce-mark=\"1\">19<\/span><\/td>\n<\/tr>\n<tr>\n<td><span data-mce-mark=\"1\">60<\/span><\/td>\n<td><span data-mce-mark=\"1\">19,25<\/span><\/td>\n<\/tr>\n<tr>\n<td><span data-mce-mark=\"1\">61<\/span><\/td>\n<td><span data-mce-mark=\"1\">19,5<\/span><\/td>\n<\/tr>\n<tr>\n<td><span data-mce-mark=\"1\">62<\/span><\/td>\n<td><span data-mce-mark=\"1\">19,75<\/span><\/td>\n<\/tr>\n<tr>\n<td><span data-mce-mark=\"1\">63<\/span><\/td>\n<td><span data-mce-mark=\"1\">20<\/span><\/td>\n<\/tr>\n<tr>\n<td><span data-mce-mark=\"1\">64<\/span><\/td>\n<td><span data-mce-mark=\"1\">20,25<\/span><\/td>\n<\/tr>\n<tr>\n<td><span data-mce-mark=\"1\">65<\/span><\/td>\n<td><span data-mce-mark=\"1\">20,5<br \/>\n<\/span><\/td>\n<\/tr>\n<\/tbody>\n<\/table>\n","protected":false},"excerpt":{"rendered":"<p>Das besondere Etwas f\u00fcr Damen, die geradlinigen Silberschmuck lieben: Der Luxusring NO STRESS. Er kommt bewusst ohne zierende Steine aus und setzt stattdessen auf den roten Faden als Leitlinie. Ein echtes Allroundtalent, das sich den verschiedensten Outfits gekonnt anpasst. Achtung: Dieser Ring ist aktuell nur in Gr\u00f6\u00dfe 56 verf\u00fcgbar. Eigenschaften: \u2718 Inklusive Zertifikat und Echtheitsstempel [&hellip;]<\/p>\n","protected":false},"featured_media":20151,"comment_status":"closed","ping_status":"closed","template":"","meta":{"_glsr_average":0,"_glsr_ranking":0,"_glsr_reviews":0},"product_brand":[],"product_cat":[529],"product_tag":[552,530],"class_list":{"0":"post-20150","1":"product","2":"type-product","3":"status-publish","4":"has-post-thumbnail","6":"product_cat-ring-en-2","7":"product_tag-rings","8":"product_tag-x-design-en","9":"pa_groesse-52-16-5-o-en-2","10":"pa_groesse-53-17-0-o-en-2","11":"pa_groesse-54-17-25-o-en-2","12":"pa_groesse-55-17-5-o-en-2","13":"pa_groesse-56-18-0-o-en-2","14":"pa_groesse-57-18-25-o-en-2","15":"pa_groesse-58-18-5-o-en-2","16":"pa_groesse-59-19-0-o-en-2","17":"pa_groesse-60-19-25-o-en-2","18":"pa_groesse-61-19-5-o-en-2","19":"pa_groesse-62-19-75-o-en-2","20":"pa_groesse-63-20-0-o-en-2","21":"pa_groesse-64-20-25-o-en-2","22":"pa_groesse-65-20-5-o-en-2","24":"first","25":"instock","26":"taxable","27":"shipping-taxable","28":"product-type-variable"},"exclude_global_add_ons":[],"addons":[],"yoast_head":"<!-- This site is optimized with the Yoast SEO plugin v25.6 - https:\/\/yoast.com\/wordpress\/plugins\/seo\/ -->\n<title>Ring LUXURY NO STRESS X 925 silver - Beatrice M\u00fcller<\/title>\n<meta name=\"robots\" content=\"index, follow, max-snippet:-1, max-image-preview:large, max-video-preview:-1\" \/>\n<link rel=\"canonical\" href=\"https:\/\/beatrice-mueller.de\/en\/product\/ring-luxury-no-stress-x-925-silber\/\" \/>\n<meta property=\"og:locale\" content=\"en_US\" \/>\n<meta property=\"og:type\" content=\"article\" \/>\n<meta property=\"og:title\" content=\"Ring LUXURY NO STRESS X 925 silver - Beatrice M\u00fcller\" \/>\n<meta property=\"og:description\" content=\"Das besondere Etwas f\u00fcr Damen, die geradlinigen Silberschmuck lieben: Der Luxusring NO STRESS. Er kommt bewusst ohne zierende Steine aus und setzt stattdessen auf den roten Faden als Leitlinie. Ein echtes Allroundtalent, das sich den verschiedensten Outfits gekonnt anpasst. Achtung: Dieser Ring ist aktuell nur in Gr\u00f6\u00dfe 56 verf\u00fcgbar. Eigenschaften: \u2718 Inklusive Zertifikat und Echtheitsstempel [&hellip;]\" \/>\n<meta property=\"og:url\" content=\"https:\/\/beatrice-mueller.de\/en\/product\/ring-luxury-no-stress-x-925-silber\/\" \/>\n<meta property=\"og:site_name\" content=\"Beatrice M\u00fcller\" \/>\n<meta property=\"article:modified_time\" content=\"2025-03-20T02:54:57+00:00\" \/>\n<meta property=\"og:image\" content=\"https:\/\/beatrice-mueller.de\/wp-content\/uploads\/2022\/02\/LUXURYRingNOSTRESSX925_2Silber.jpg\" \/>\n\t<meta property=\"og:image:width\" content=\"800\" \/>\n\t<meta property=\"og:image:height\" content=\"800\" \/>\n\t<meta property=\"og:image:type\" content=\"image\/jpeg\" \/>\n<meta name=\"twitter:card\" content=\"summary_large_image\" \/>\n<meta name=\"twitter:label1\" content=\"Est. reading time\" \/>\n\t<meta name=\"twitter:data1\" content=\"1 minute\" \/>\n<script type=\"application\/ld+json\" class=\"yoast-schema-graph\">{\"@context\":\"https:\/\/schema.org\",\"@graph\":[{\"@type\":\"WebPage\",\"@id\":\"https:\/\/beatrice-mueller.de\/en\/product\/ring-luxury-no-stress-x-925-silber\/\",\"url\":\"https:\/\/beatrice-mueller.de\/en\/product\/ring-luxury-no-stress-x-925-silber\/\",\"name\":\"Ring LUXURY NO STRESS X 925 silver - Beatrice M\u00fcller\",\"isPartOf\":{\"@id\":\"https:\/\/beatrice-mueller.de\/en\/#website\"},\"primaryImageOfPage\":{\"@id\":\"https:\/\/beatrice-mueller.de\/en\/product\/ring-luxury-no-stress-x-925-silber\/#primaryimage\"},\"image\":{\"@id\":\"https:\/\/beatrice-mueller.de\/en\/product\/ring-luxury-no-stress-x-925-silber\/#primaryimage\"},\"thumbnailUrl\":\"https:\/\/beatrice-mueller.de\/wp-content\/uploads\/2022\/02\/LUXURYRingNOSTRESSX925_2Silber.jpg\",\"datePublished\":\"2022-03-17T07:19:28+00:00\",\"dateModified\":\"2025-03-20T02:54:57+00:00\",\"breadcrumb\":{\"@id\":\"https:\/\/beatrice-mueller.de\/en\/product\/ring-luxury-no-stress-x-925-silber\/#breadcrumb\"},\"inLanguage\":\"en-US\",\"potentialAction\":[{\"@type\":\"ReadAction\",\"target\":[\"https:\/\/beatrice-mueller.de\/en\/product\/ring-luxury-no-stress-x-925-silber\/\"]}]},{\"@type\":\"ImageObject\",\"inLanguage\":\"en-US\",\"@id\":\"https:\/\/beatrice-mueller.de\/en\/product\/ring-luxury-no-stress-x-925-silber\/#primaryimage\",\"url\":\"https:\/\/beatrice-mueller.de\/wp-content\/uploads\/2022\/02\/LUXURYRingNOSTRESSX925_2Silber.jpg\",\"contentUrl\":\"https:\/\/beatrice-mueller.de\/wp-content\/uploads\/2022\/02\/LUXURYRingNOSTRESSX925_2Silber.jpg\",\"width\":800,\"height\":800},{\"@type\":\"BreadcrumbList\",\"@id\":\"https:\/\/beatrice-mueller.de\/en\/product\/ring-luxury-no-stress-x-925-silber\/#breadcrumb\",\"itemListElement\":[{\"@type\":\"ListItem\",\"position\":1,\"name\":\"Startseite\",\"item\":\"https:\/\/beatrice-mueller.de\/en\/\"},{\"@type\":\"ListItem\",\"position\":2,\"name\":\"Shop\",\"item\":\"https:\/\/beatrice-mueller.de\/en\/shop\/\"},{\"@type\":\"ListItem\",\"position\":3,\"name\":\"Ring LUXURY NO STRESS X 925 silver\"}]},{\"@type\":\"WebSite\",\"@id\":\"https:\/\/beatrice-mueller.de\/en\/#website\",\"url\":\"https:\/\/beatrice-mueller.de\/en\/\",\"name\":\"Beatrice M\u00fcller\",\"description\":\"Schmuckdesign\",\"potentialAction\":[{\"@type\":\"SearchAction\",\"target\":{\"@type\":\"EntryPoint\",\"urlTemplate\":\"https:\/\/beatrice-mueller.de\/en\/?s={search_term_string}\"},\"query-input\":{\"@type\":\"PropertyValueSpecification\",\"valueRequired\":true,\"valueName\":\"search_term_string\"}}],\"inLanguage\":\"en-US\"}]}<\/script>\n<!-- \/ Yoast SEO plugin. -->","yoast_head_json":{"title":"Ring LUXURY NO STRESS X 925 silver - Beatrice M\u00fcller","robots":{"index":"index","follow":"follow","max-snippet":"max-snippet:-1","max-image-preview":"max-image-preview:large","max-video-preview":"max-video-preview:-1"},"canonical":"https:\/\/beatrice-mueller.de\/en\/product\/ring-luxury-no-stress-x-925-silber\/","og_locale":"en_US","og_type":"article","og_title":"Ring LUXURY NO STRESS X 925 silver - Beatrice M\u00fcller","og_description":"Das besondere Etwas f\u00fcr Damen, die geradlinigen Silberschmuck lieben: Der Luxusring NO STRESS. Er kommt bewusst ohne zierende Steine aus und setzt stattdessen auf den roten Faden als Leitlinie. Ein echtes Allroundtalent, das sich den verschiedensten Outfits gekonnt anpasst. Achtung: Dieser Ring ist aktuell nur in Gr\u00f6\u00dfe 56 verf\u00fcgbar. Eigenschaften: \u2718 Inklusive Zertifikat und Echtheitsstempel [&hellip;]","og_url":"https:\/\/beatrice-mueller.de\/en\/product\/ring-luxury-no-stress-x-925-silber\/","og_site_name":"Beatrice M\u00fcller","article_modified_time":"2025-03-20T02:54:57+00:00","og_image":[{"width":800,"height":800,"url":"https:\/\/beatrice-mueller.de\/wp-content\/uploads\/2022\/02\/LUXURYRingNOSTRESSX925_2Silber.jpg","type":"image\/jpeg"}],"twitter_card":"summary_large_image","twitter_misc":{"Est. reading time":"1 minute"},"schema":{"@context":"https:\/\/schema.org","@graph":[{"@type":"WebPage","@id":"https:\/\/beatrice-mueller.de\/en\/product\/ring-luxury-no-stress-x-925-silber\/","url":"https:\/\/beatrice-mueller.de\/en\/product\/ring-luxury-no-stress-x-925-silber\/","name":"Ring LUXURY NO STRESS X 925 silver - Beatrice M\u00fcller","isPartOf":{"@id":"https:\/\/beatrice-mueller.de\/en\/#website"},"primaryImageOfPage":{"@id":"https:\/\/beatrice-mueller.de\/en\/product\/ring-luxury-no-stress-x-925-silber\/#primaryimage"},"image":{"@id":"https:\/\/beatrice-mueller.de\/en\/product\/ring-luxury-no-stress-x-925-silber\/#primaryimage"},"thumbnailUrl":"https:\/\/beatrice-mueller.de\/wp-content\/uploads\/2022\/02\/LUXURYRingNOSTRESSX925_2Silber.jpg","datePublished":"2022-03-17T07:19:28+00:00","dateModified":"2025-03-20T02:54:57+00:00","breadcrumb":{"@id":"https:\/\/beatrice-mueller.de\/en\/product\/ring-luxury-no-stress-x-925-silber\/#breadcrumb"},"inLanguage":"en-US","potentialAction":[{"@type":"ReadAction","target":["https:\/\/beatrice-mueller.de\/en\/product\/ring-luxury-no-stress-x-925-silber\/"]}]},{"@type":"ImageObject","inLanguage":"en-US","@id":"https:\/\/beatrice-mueller.de\/en\/product\/ring-luxury-no-stress-x-925-silber\/#primaryimage","url":"https:\/\/beatrice-mueller.de\/wp-content\/uploads\/2022\/02\/LUXURYRingNOSTRESSX925_2Silber.jpg","contentUrl":"https:\/\/beatrice-mueller.de\/wp-content\/uploads\/2022\/02\/LUXURYRingNOSTRESSX925_2Silber.jpg","width":800,"height":800},{"@type":"BreadcrumbList","@id":"https:\/\/beatrice-mueller.de\/en\/product\/ring-luxury-no-stress-x-925-silber\/#breadcrumb","itemListElement":[{"@type":"ListItem","position":1,"name":"Startseite","item":"https:\/\/beatrice-mueller.de\/en\/"},{"@type":"ListItem","position":2,"name":"Shop","item":"https:\/\/beatrice-mueller.de\/en\/shop\/"},{"@type":"ListItem","position":3,"name":"Ring LUXURY NO STRESS X 925 silver"}]},{"@type":"WebSite","@id":"https:\/\/beatrice-mueller.de\/en\/#website","url":"https:\/\/beatrice-mueller.de\/en\/","name":"Beatrice M\u00fcller","description":"Schmuckdesign","potentialAction":[{"@type":"SearchAction","target":{"@type":"EntryPoint","urlTemplate":"https:\/\/beatrice-mueller.de\/en\/?s={search_term_string}"},"query-input":{"@type":"PropertyValueSpecification","valueRequired":true,"valueName":"search_term_string"}}],"inLanguage":"en-US"}]}},"_links":{"self":[{"href":"https:\/\/beatrice-mueller.de\/en\/wp-json\/wp\/v2\/product\/20150","targetHints":{"allow":["GET"]}}],"collection":[{"href":"https:\/\/beatrice-mueller.de\/en\/wp-json\/wp\/v2\/product"}],"about":[{"href":"https:\/\/beatrice-mueller.de\/en\/wp-json\/wp\/v2\/types\/product"}],"replies":[{"embeddable":true,"href":"https:\/\/beatrice-mueller.de\/en\/wp-json\/wp\/v2\/comments?post=20150"}],"wp:featuredmedia":[{"embeddable":true,"href":"https:\/\/beatrice-mueller.de\/en\/wp-json\/wp\/v2\/media\/20151"}],"wp:attachment":[{"href":"https:\/\/beatrice-mueller.de\/en\/wp-json\/wp\/v2\/media?parent=20150"}],"wp:term":[{"taxonomy":"product_brand","embeddable":true,"href":"https:\/\/beatrice-mueller.de\/en\/wp-json\/wp\/v2\/product_brand?post=20150"},{"taxonomy":"product_cat","embeddable":true,"href":"https:\/\/beatrice-mueller.de\/en\/wp-json\/wp\/v2\/product_cat?post=20150"},{"taxonomy":"product_tag","embeddable":true,"href":"https:\/\/beatrice-mueller.de\/en\/wp-json\/wp\/v2\/product_tag?post=20150"}],"curies":[{"name":"wp","href":"https:\/\/api.w.org\/{rel}","templated":true}]}}