{"id":20209,"date":"2022-03-17T08:18:47","date_gmt":"2022-03-17T07:18:47","guid":{"rendered":"https:\/\/beatrice-mueller.de\/produkt\/ring-wohlig-neusilber\/"},"modified":"2025-03-20T03:55:21","modified_gmt":"2025-03-20T02:55:21","slug":"ring-wohlig-neusilber","status":"publish","type":"product","link":"https:\/\/beatrice-mueller.de\/en\/product\/ring-wohlig-neusilber\/","title":{"rendered":"Ring COZY nickel silver"},"content":{"rendered":"<div class=\"product--description\">\n<div  class='avia-video av-jpve7n-632d6c0882ba172f7714b7d7154a6329 avia-video-16-9 av-no-preview-image avia-video-load-always avia-video-html5'  itemprop=\"video\" itemtype=\"https:\/\/schema.org\/VideoObject\"  data-original_url='https:\/\/beatrice-mueller.de\/wp-content\/uploads\/Wohlig-Ring_01-1-1.mp4'><video class='avia_video'    preload=\"auto\"  controls id='player_20209_966270198_18172281'><source src='https:\/\/beatrice-mueller.de\/wp-content\/uploads\/Wohlig-Ring_01-1-1.mp4' type='video\/mp4' \/><\/video><\/div>\n<h2><strong>Handschmeichler aus &#8220;Neusilber&#8221;<\/strong><\/h2>\n<h3>Ein Ring zum Wohlf\u00fchlen<\/h3>\n<p>Wie man sich bettet, so liegt man, das wusste schon der Volksmund. Mit anderen Worten, es h\u00e4ngt von dir selbst ab, wie du dein Leben gestaltest. Gestalte es so, dass du gl\u00fccklich bist und dich wohlf\u00fchlst.<br \/>\nMach dir dein Leben so bequem wie ein Sofa. Polstere es aus mit Kissen und Decken. F\u00fchle dich rundum wohl und lass deinen Ring dazu beitragen.<\/p>\n<p>Der sanft geschwungene Ring &#8220;Wohlig&#8221; erinnert in seiner Formgebung an die vielen weichen Kissen auf einem Sofa zum <span class=\"wrongWord\">Wohlf\u00fclen<\/span>. Der elegante Glanz vermittelt eine Aura von St\u00e4rke. Sie steht dabei in Kontrast zu den weichen Formen, die Gem\u00fctlichkeit ausstrahlen. Beides gibt dem Schmuckst\u00fcck eine ganz besondere Wirkung. Jede einzelne Rundung des Ringes erinnert dich daran, dich in deinem Leben weich und gem\u00fctlich einzurichten.<\/p>\n<p>Zur Fertigung des Ringes &#8220;Wohlig&#8221; verwenden wir ein neues Material, &#8220;<span class=\"wrongWord\">Neusilber<\/span>&#8220;. Das ist eine <span class=\"wrongWord\">Kupfer-Nickel-Zink-Legierung<\/span>, die in ihrem Aussehen dem Silber sehr \u00e4hnelt und besonders robust ist.<br \/>\nJeder <span class=\"wrongWord\">Handschmeichler<\/span> wird in unserer hauseigenen Werkstatt geformt und wird von Hand auf seine Qualit\u00e4t hin \u00fcberpr\u00fcft, bevor er auf die Reise zu dir geht. Herstellung und Lieferung dauern in etwa 7 Werktage.<\/p>\n<h3>Eigenschaften:<\/h3>\n<\/div>\n<p><span style=\"color: #ff0000;\">\u2718<\/span> Mit Zertifikat! Die Echtheitsstempel befinden sich auf der Ringschiene.<\/p>\n<p><span style=\"color: #ff0000;\">\u2718<\/span> Handwerkskunst aus eigenem Hause &#8211; handgepr\u00fcfte Qualit\u00e4t<\/p>\n<div class=\"product--description\">\n<table border=\"0\">\n<tbody>\n<tr>\n<td><span data-mce-mark=\"1\"><strong>Material Schmuck<\/strong><\/span><\/td>\n<td><span data-mce-mark=\"1\">Neusilber<br \/>\n<\/span><\/td>\n<\/tr>\n<tr>\n<td><span data-mce-mark=\"1\"><strong>Oberfl\u00e4che<\/strong><\/span><\/td>\n<td><span data-mce-mark=\"1\">poliert<\/span><\/td>\n<\/tr>\n<tr>\n<td><b>H\u00f6he<\/b><\/td>\n<td><span data-mce-mark=\"1\">5,0 mm<\/span><\/td>\n<\/tr>\n<tr>\n<td><strong>Breite\u00a0<\/strong><\/td>\n<td><span data-mce-mark=\"1\">13 mm<\/span><\/td>\n<\/tr>\n<\/tbody>\n<\/table>\n<p><strong>DIE RICHTIGE RINGGR\u00d6SSE ERMITTELN<\/strong><\/p>\n<p>Die Ringgr\u00f6\u00dfe vom Ring wird anhand des inneren Ringumfangs ermittelt. Um den richtigen Ringumfang herauszufinden, ben\u00f6tigst du lediglich einen Faden oder ein St\u00fcck Papier.<\/p>\n<p><span data-mce-mark=\"1\">Wickle den Faden oder das Papier um die Stelle an dem Finger, an welchem du den Ring tragen m\u00f6chtest und messe im Anschluss die L\u00e4nge.\u00a0Die gemessenen Millimeter spiegeln den inneren Ringumfang wieder.<\/span><span data-mce-mark=\"1\">\u00a0<\/span><\/p>\n<table border=\"0\">\n<tbody>\n<tr>\n<td><span data-mce-mark=\"1\"><strong>gemessener Umfang Ringma\u00df (mm)<\/strong><\/span><\/td>\n<td><span data-mce-mark=\"1\"><strong>Durchmesser Ringma\u00df (mm)<\/strong><\/span><\/td>\n<\/tr>\n<tr>\n<td><span data-mce-mark=\"1\">52<\/span><\/td>\n<td><span data-mce-mark=\"1\">16.5<\/span><\/td>\n<\/tr>\n<tr>\n<td><span data-mce-mark=\"1\">53<\/span><\/td>\n<td><span data-mce-mark=\"1\">17<\/span><\/td>\n<\/tr>\n<tr>\n<td><span data-mce-mark=\"1\">54<\/span><\/td>\n<td><span data-mce-mark=\"1\">17,25<\/span><\/td>\n<\/tr>\n<tr>\n<td><span data-mce-mark=\"1\">55<\/span><\/td>\n<td><span data-mce-mark=\"1\">17,5<\/span><\/td>\n<\/tr>\n<tr>\n<td><span data-mce-mark=\"1\">56<\/span><\/td>\n<td><span data-mce-mark=\"1\">18<\/span><\/td>\n<\/tr>\n<tr>\n<td><span data-mce-mark=\"1\">57<\/span><\/td>\n<td><span data-mce-mark=\"1\">18,25<\/span><\/td>\n<\/tr>\n<tr>\n<td><span data-mce-mark=\"1\">58<\/span><\/td>\n<td><span data-mce-mark=\"1\">18,5<\/span><\/td>\n<\/tr>\n<tr>\n<td><span data-mce-mark=\"1\">59<\/span><\/td>\n<td><span data-mce-mark=\"1\">19<\/span><\/td>\n<\/tr>\n<tr>\n<td><span data-mce-mark=\"1\">60<\/span><\/td>\n<td><span data-mce-mark=\"1\">19,25<\/span><\/td>\n<\/tr>\n<tr>\n<td><span data-mce-mark=\"1\">61<\/span><\/td>\n<td><span data-mce-mark=\"1\">19,5<\/span><\/td>\n<\/tr>\n<tr>\n<td><span data-mce-mark=\"1\">62<\/span><\/td>\n<td><span data-mce-mark=\"1\">19,75<\/span><\/td>\n<\/tr>\n<tr>\n<td><span data-mce-mark=\"1\">63<\/span><\/td>\n<td><span data-mce-mark=\"1\">20<\/span><\/td>\n<\/tr>\n<tr>\n<td><span data-mce-mark=\"1\">64<\/span><\/td>\n<td><span data-mce-mark=\"1\">20,25<\/span><\/td>\n<\/tr>\n<tr>\n<td><span data-mce-mark=\"1\">65<\/span><\/td>\n<td><span data-mce-mark=\"1\">20,5<br \/>\n<\/span><\/td>\n<\/tr>\n<\/tbody>\n<\/table>\n<\/div>\n","protected":false},"excerpt":{"rendered":"<p>Handschmeichler aus &#8220;Neusilber&#8221; Ein Ring zum Wohlf\u00fchlen Wie man sich bettet, so liegt man, das wusste schon der Volksmund. Mit anderen Worten, es h\u00e4ngt von dir selbst ab, wie du dein Leben gestaltest. Gestalte es so, dass du gl\u00fccklich bist und dich wohlf\u00fchlst. Mach dir dein Leben so bequem wie ein Sofa. Polstere es aus [&hellip;]<\/p>\n","protected":false},"featured_media":20210,"comment_status":"closed","ping_status":"closed","template":"","meta":{"_glsr_average":0,"_glsr_ranking":0,"_glsr_reviews":0},"product_brand":[],"product_cat":[529],"product_tag":[552,530],"class_list":{"0":"post-20209","1":"product","2":"type-product","3":"status-publish","4":"has-post-thumbnail","6":"product_cat-ring-en-2","7":"product_tag-rings","8":"product_tag-x-design-en","9":"pa_groesse-52-16-5-o-en-2","10":"pa_groesse-53-17-0-o-en-2","11":"pa_groesse-54-17-25-o-en-2","12":"pa_groesse-55-17-5-o-en-2","13":"pa_groesse-56-18-0-o-en-2","14":"pa_groesse-57-18-25-o-en-2","15":"pa_groesse-58-18-5-o-en-2","16":"pa_groesse-59-19-0-o-en-2","17":"pa_groesse-60-19-25-o-en-2","18":"pa_groesse-61-19-5-o-en-2","19":"pa_groesse-62-19-75-o-en-2","20":"pa_groesse-63-20-0-o-en-2","21":"pa_groesse-64-20-25-o-en-2","22":"pa_groesse-65-20-5-o-en-2","24":"first","25":"instock","26":"taxable","27":"shipping-taxable","28":"product-type-variable"},"exclude_global_add_ons":[],"addons":[],"yoast_head":"<!-- This site is optimized with the Yoast SEO plugin v25.6 - https:\/\/yoast.com\/wordpress\/plugins\/seo\/ -->\n<title>Ring COZY nickel silver - Beatrice M\u00fcller<\/title>\n<meta name=\"robots\" content=\"index, follow, max-snippet:-1, max-image-preview:large, max-video-preview:-1\" \/>\n<link rel=\"canonical\" href=\"https:\/\/beatrice-mueller.de\/en\/product\/ring-wohlig-neusilber\/\" \/>\n<meta property=\"og:locale\" content=\"en_US\" \/>\n<meta property=\"og:type\" content=\"article\" \/>\n<meta property=\"og:title\" content=\"Ring COZY nickel silver - Beatrice M\u00fcller\" \/>\n<meta property=\"og:description\" content=\"Handschmeichler aus &#8220;Neusilber&#8221; Ein Ring zum Wohlf\u00fchlen Wie man sich bettet, so liegt man, das wusste schon der Volksmund. Mit anderen Worten, es h\u00e4ngt von dir selbst ab, wie du dein Leben gestaltest. Gestalte es so, dass du gl\u00fccklich bist und dich wohlf\u00fchlst. Mach dir dein Leben so bequem wie ein Sofa. Polstere es aus [&hellip;]\" \/>\n<meta property=\"og:url\" content=\"https:\/\/beatrice-mueller.de\/en\/product\/ring-wohlig-neusilber\/\" \/>\n<meta property=\"og:site_name\" content=\"Beatrice M\u00fcller\" \/>\n<meta property=\"article:modified_time\" content=\"2025-03-20T02:55:21+00:00\" \/>\n<meta property=\"og:image\" content=\"https:\/\/beatrice-mueller.de\/wp-content\/uploads\/2022\/02\/X-Design_Ring_Wohlig.jpg\" \/>\n\t<meta property=\"og:image:width\" content=\"1000\" \/>\n\t<meta property=\"og:image:height\" content=\"1000\" \/>\n\t<meta property=\"og:image:type\" content=\"image\/jpeg\" \/>\n<meta name=\"twitter:card\" content=\"summary_large_image\" \/>\n<meta name=\"twitter:label1\" content=\"Est. reading time\" \/>\n\t<meta name=\"twitter:data1\" content=\"2 minutes\" \/>\n<script type=\"application\/ld+json\" class=\"yoast-schema-graph\">{\"@context\":\"https:\/\/schema.org\",\"@graph\":[{\"@type\":\"WebPage\",\"@id\":\"https:\/\/beatrice-mueller.de\/en\/product\/ring-wohlig-neusilber\/\",\"url\":\"https:\/\/beatrice-mueller.de\/en\/product\/ring-wohlig-neusilber\/\",\"name\":\"Ring COZY nickel silver - Beatrice M\u00fcller\",\"isPartOf\":{\"@id\":\"https:\/\/beatrice-mueller.de\/en\/#website\"},\"primaryImageOfPage\":{\"@id\":\"https:\/\/beatrice-mueller.de\/en\/product\/ring-wohlig-neusilber\/#primaryimage\"},\"image\":{\"@id\":\"https:\/\/beatrice-mueller.de\/en\/product\/ring-wohlig-neusilber\/#primaryimage\"},\"thumbnailUrl\":\"https:\/\/beatrice-mueller.de\/wp-content\/uploads\/2022\/02\/X-Design_Ring_Wohlig.jpg\",\"datePublished\":\"2022-03-17T07:18:47+00:00\",\"dateModified\":\"2025-03-20T02:55:21+00:00\",\"breadcrumb\":{\"@id\":\"https:\/\/beatrice-mueller.de\/en\/product\/ring-wohlig-neusilber\/#breadcrumb\"},\"inLanguage\":\"en-US\",\"potentialAction\":[{\"@type\":\"ReadAction\",\"target\":[\"https:\/\/beatrice-mueller.de\/en\/product\/ring-wohlig-neusilber\/\"]}]},{\"@type\":\"ImageObject\",\"inLanguage\":\"en-US\",\"@id\":\"https:\/\/beatrice-mueller.de\/en\/product\/ring-wohlig-neusilber\/#primaryimage\",\"url\":\"https:\/\/beatrice-mueller.de\/wp-content\/uploads\/2022\/02\/X-Design_Ring_Wohlig.jpg\",\"contentUrl\":\"https:\/\/beatrice-mueller.de\/wp-content\/uploads\/2022\/02\/X-Design_Ring_Wohlig.jpg\",\"width\":1000,\"height\":1000},{\"@type\":\"BreadcrumbList\",\"@id\":\"https:\/\/beatrice-mueller.de\/en\/product\/ring-wohlig-neusilber\/#breadcrumb\",\"itemListElement\":[{\"@type\":\"ListItem\",\"position\":1,\"name\":\"Startseite\",\"item\":\"https:\/\/beatrice-mueller.de\/en\/\"},{\"@type\":\"ListItem\",\"position\":2,\"name\":\"Shop\",\"item\":\"https:\/\/beatrice-mueller.de\/en\/shop\/\"},{\"@type\":\"ListItem\",\"position\":3,\"name\":\"Ring COZY nickel silver\"}]},{\"@type\":\"WebSite\",\"@id\":\"https:\/\/beatrice-mueller.de\/en\/#website\",\"url\":\"https:\/\/beatrice-mueller.de\/en\/\",\"name\":\"Beatrice M\u00fcller\",\"description\":\"Schmuckdesign\",\"potentialAction\":[{\"@type\":\"SearchAction\",\"target\":{\"@type\":\"EntryPoint\",\"urlTemplate\":\"https:\/\/beatrice-mueller.de\/en\/?s={search_term_string}\"},\"query-input\":{\"@type\":\"PropertyValueSpecification\",\"valueRequired\":true,\"valueName\":\"search_term_string\"}}],\"inLanguage\":\"en-US\"}]}<\/script>\n<!-- \/ Yoast SEO plugin. -->","yoast_head_json":{"title":"Ring COZY nickel silver - Beatrice M\u00fcller","robots":{"index":"index","follow":"follow","max-snippet":"max-snippet:-1","max-image-preview":"max-image-preview:large","max-video-preview":"max-video-preview:-1"},"canonical":"https:\/\/beatrice-mueller.de\/en\/product\/ring-wohlig-neusilber\/","og_locale":"en_US","og_type":"article","og_title":"Ring COZY nickel silver - Beatrice M\u00fcller","og_description":"Handschmeichler aus &#8220;Neusilber&#8221; Ein Ring zum Wohlf\u00fchlen Wie man sich bettet, so liegt man, das wusste schon der Volksmund. Mit anderen Worten, es h\u00e4ngt von dir selbst ab, wie du dein Leben gestaltest. Gestalte es so, dass du gl\u00fccklich bist und dich wohlf\u00fchlst. Mach dir dein Leben so bequem wie ein Sofa. Polstere es aus [&hellip;]","og_url":"https:\/\/beatrice-mueller.de\/en\/product\/ring-wohlig-neusilber\/","og_site_name":"Beatrice M\u00fcller","article_modified_time":"2025-03-20T02:55:21+00:00","og_image":[{"width":1000,"height":1000,"url":"https:\/\/beatrice-mueller.de\/wp-content\/uploads\/2022\/02\/X-Design_Ring_Wohlig.jpg","type":"image\/jpeg"}],"twitter_card":"summary_large_image","twitter_misc":{"Est. reading time":"2 minutes"},"schema":{"@context":"https:\/\/schema.org","@graph":[{"@type":"WebPage","@id":"https:\/\/beatrice-mueller.de\/en\/product\/ring-wohlig-neusilber\/","url":"https:\/\/beatrice-mueller.de\/en\/product\/ring-wohlig-neusilber\/","name":"Ring COZY nickel silver - Beatrice M\u00fcller","isPartOf":{"@id":"https:\/\/beatrice-mueller.de\/en\/#website"},"primaryImageOfPage":{"@id":"https:\/\/beatrice-mueller.de\/en\/product\/ring-wohlig-neusilber\/#primaryimage"},"image":{"@id":"https:\/\/beatrice-mueller.de\/en\/product\/ring-wohlig-neusilber\/#primaryimage"},"thumbnailUrl":"https:\/\/beatrice-mueller.de\/wp-content\/uploads\/2022\/02\/X-Design_Ring_Wohlig.jpg","datePublished":"2022-03-17T07:18:47+00:00","dateModified":"2025-03-20T02:55:21+00:00","breadcrumb":{"@id":"https:\/\/beatrice-mueller.de\/en\/product\/ring-wohlig-neusilber\/#breadcrumb"},"inLanguage":"en-US","potentialAction":[{"@type":"ReadAction","target":["https:\/\/beatrice-mueller.de\/en\/product\/ring-wohlig-neusilber\/"]}]},{"@type":"ImageObject","inLanguage":"en-US","@id":"https:\/\/beatrice-mueller.de\/en\/product\/ring-wohlig-neusilber\/#primaryimage","url":"https:\/\/beatrice-mueller.de\/wp-content\/uploads\/2022\/02\/X-Design_Ring_Wohlig.jpg","contentUrl":"https:\/\/beatrice-mueller.de\/wp-content\/uploads\/2022\/02\/X-Design_Ring_Wohlig.jpg","width":1000,"height":1000},{"@type":"BreadcrumbList","@id":"https:\/\/beatrice-mueller.de\/en\/product\/ring-wohlig-neusilber\/#breadcrumb","itemListElement":[{"@type":"ListItem","position":1,"name":"Startseite","item":"https:\/\/beatrice-mueller.de\/en\/"},{"@type":"ListItem","position":2,"name":"Shop","item":"https:\/\/beatrice-mueller.de\/en\/shop\/"},{"@type":"ListItem","position":3,"name":"Ring COZY nickel silver"}]},{"@type":"WebSite","@id":"https:\/\/beatrice-mueller.de\/en\/#website","url":"https:\/\/beatrice-mueller.de\/en\/","name":"Beatrice M\u00fcller","description":"Schmuckdesign","potentialAction":[{"@type":"SearchAction","target":{"@type":"EntryPoint","urlTemplate":"https:\/\/beatrice-mueller.de\/en\/?s={search_term_string}"},"query-input":{"@type":"PropertyValueSpecification","valueRequired":true,"valueName":"search_term_string"}}],"inLanguage":"en-US"}]}},"_links":{"self":[{"href":"https:\/\/beatrice-mueller.de\/en\/wp-json\/wp\/v2\/product\/20209","targetHints":{"allow":["GET"]}}],"collection":[{"href":"https:\/\/beatrice-mueller.de\/en\/wp-json\/wp\/v2\/product"}],"about":[{"href":"https:\/\/beatrice-mueller.de\/en\/wp-json\/wp\/v2\/types\/product"}],"replies":[{"embeddable":true,"href":"https:\/\/beatrice-mueller.de\/en\/wp-json\/wp\/v2\/comments?post=20209"}],"wp:featuredmedia":[{"embeddable":true,"href":"https:\/\/beatrice-mueller.de\/en\/wp-json\/wp\/v2\/media\/20210"}],"wp:attachment":[{"href":"https:\/\/beatrice-mueller.de\/en\/wp-json\/wp\/v2\/media?parent=20209"}],"wp:term":[{"taxonomy":"product_brand","embeddable":true,"href":"https:\/\/beatrice-mueller.de\/en\/wp-json\/wp\/v2\/product_brand?post=20209"},{"taxonomy":"product_cat","embeddable":true,"href":"https:\/\/beatrice-mueller.de\/en\/wp-json\/wp\/v2\/product_cat?post=20209"},{"taxonomy":"product_tag","embeddable":true,"href":"https:\/\/beatrice-mueller.de\/en\/wp-json\/wp\/v2\/product_tag?post=20209"}],"curies":[{"name":"wp","href":"https:\/\/api.w.org\/{rel}","templated":true}]}}