{"id":18832,"date":"2025-02-02T06:14:19","date_gmt":"2025-02-02T05:14:19","guid":{"rendered":"https:\/\/beatrice-mueller.de\/a-propos-de-beatrice-mueller\/"},"modified":"2025-02-03T04:44:23","modified_gmt":"2025-02-03T03:44:23","slug":"a-propos-de-beatrice-mueller","status":"publish","type":"page","link":"https:\/\/beatrice-mueller.de\/fr\/a-propos-de-beatrice-mueller\/","title":{"rendered":"\u00c0 propos de Beatrice M\u00fcller"},"content":{"rendered":"\n<style type=\"text\/css\" data-created_by=\"avia_inline_auto\" id=\"style-css-av-a3bnc-4e6cde240b6be3ee0022a7133affb933\">\n.avia-section.av-a3bnc-4e6cde240b6be3ee0022a7133affb933{\nbackground-repeat:no-repeat;\nbackground-image:url(https:\/\/beatrice-mueller.de\/wp-content\/uploads\/2021\/11\/BM_Homepage-Bildvorlage_BeatriceMueller-NEU.jpg);\nbackground-position:50% 0%;\nbackground-attachment:scroll;\n}\n<\/style>\n<div id='av_section_1'  class='avia-section av-a3bnc-4e6cde240b6be3ee0022a7133affb933 main_color avia-section-default avia-no-border-styling  avia-builder-el-0  el_before_av_one_half  avia-builder-el-first  avia-full-stretch avia-bg-style-scroll av-minimum-height av-minimum-height-75 av-height-75  container_wrap sidebar_right'  data-section-bg-repeat='stretch' data-av_minimum_height_pc='75' data-av_min_height_opt='75'><div class='container av-section-cont-open' ><main  role=\"main\" itemprop=\"mainContentOfPage\"  class='template-page content  av-content-small alpha units'><div class='post-entry post-entry-type-page post-entry-18832'><div class='entry-content-wrapper clearfix'>\n\n<style type=\"text\/css\" data-created_by=\"avia_inline_auto\" id=\"style-css-av-l4eeacny-1d91a2f1576b61acc0d6615feb7746da\">\n#top .av-special-heading.av-l4eeacny-1d91a2f1576b61acc0d6615feb7746da{\npadding-bottom:10px;\ncolor:#ffffff;\n}\nbody .av-special-heading.av-l4eeacny-1d91a2f1576b61acc0d6615feb7746da .av-special-heading-tag .heading-char{\nfont-size:25px;\n}\n.av-special-heading.av-l4eeacny-1d91a2f1576b61acc0d6615feb7746da .special-heading-inner-border{\nborder-color:#ffffff;\n}\n.av-special-heading.av-l4eeacny-1d91a2f1576b61acc0d6615feb7746da .av-subheading{\nfont-size:34px;\n}\n<\/style>\n<div  id=\"caption-bottom\"  class='av-special-heading av-l4eeacny-1d91a2f1576b61acc0d6615feb7746da av-special-heading-h1 custom-color-heading blockquote modern-quote modern-centered  avia-builder-el-1  avia-builder-el-no-sibling '><h1 class='av-special-heading-tag '  itemprop=\"headline\"  >\u00c0 PROPOS DE BEATRICE M\u00dcLLER<\/h1><div class=\"special-heading-border\"><div class=\"special-heading-inner-border\"><\/div><\/div><\/div>\n<\/div><\/div><\/main><!-- close content main element --><\/div><\/div><div id='after_section_1'  class='main_color av_default_container_wrap container_wrap sidebar_right'  ><div class='container av-section-cont-open' ><div class='template-page content  av-content-small alpha units'><div class='post-entry post-entry-type-page post-entry-18832'><div class='entry-content-wrapper clearfix'>\n<div class='flex_column_table av-kvha6m77-d5819ee43a034c4c3b5df9b598db1238 sc-av_one_half av-equal-height-column-flextable'><div  class='flex_column av-kvha6m77-d5819ee43a034c4c3b5df9b598db1238 av_one_half  avia-builder-el-2  el_after_av_section  el_before_av_one_half  avia-builder-el-first  first flex_column_table_cell av-equal-height-column av-align-top  '     ><section  class='av_textblock_section av-kvha55fp-888287d2aff15bdc796fbb2f69086671 '   itemscope=\"itemscope\" itemtype=\"https:\/\/schema.org\/CreativeWork\" ><div class='avia_textblock'  itemprop=\"text\" ><p>Tout a commenc\u00e9 \u00e0 17 ans. Beatrice M\u00fcller a d\u00e9cid\u00e9 de suivre sa propre voie. Elle s&#8217;est inscrite \u00e0 l&#8217;\u00e9cole de th\u00e9\u00e2tre Otto Falckenberg \u00e0 Munich et a \u00e9t\u00e9 invit\u00e9e \u00e0 passer l&#8217;examen d&#8217;entr\u00e9e. Elle a r\u00e9ussi l&#8217;examen d&#8217;entr\u00e9e du premier coup. Cependant, selon le r\u00e8glement de l&#8217;\u00e9cole publique, elle \u00e9tait trop jeune pour y entrer directement. Elle a donc quitt\u00e9 l&#8217;Allemagne pour passer son baccalaur\u00e9at en Angleterre. C&#8217;est l\u00e0 qu&#8217;elle a d\u00e9cid\u00e9 de devenir orf\u00e8vre, c&#8217;est-\u00e0-dire d&#8217;apprendre un m\u00e9tier solide. Sa formation classique d&#8217;orf\u00e8vre est suivie d&#8217;un examen de ma\u00eetrise et d&#8217;\u00e9tudes \u00e0 l&#8217;\u00c9cole sup\u00e9rieure de bijouterie et de design d&#8217;Idar-Oberstein, o\u00f9 elle obtient le titre de &#8220;Staatlich gepr\u00fcfte Designerin&#8221;. Enfin, elle obtient le prix de cr\u00e9ation de pierres pr\u00e9cieuses et de bijoux. En 1992, Beatrice M\u00fcller fonde le <a href=\"https:\/\/beatrice-mueller.de\/atelier\/\"><strong>Atelier Schmuck Design Objekte<sup>\u00ae<\/sup>. <\/strong><\/a>\u00e0 Stein pr\u00e8s de Nuremberg. Depuis, elle s&#8217;est fait un nom dans le secteur de la bijouterie, tant au niveau national qu&#8217;international.<\/p>\n<\/div><\/section><\/div><div class='av-flex-placeholder'><\/div><div  class='flex_column av-eauw8-890e45f2cc427cbaa227a101394b0d71 av_one_half  avia-builder-el-4  el_after_av_one_half  el_before_av_one_full  flex_column_table_cell av-equal-height-column av-align-top  '     ><section  class='av_textblock_section av-kvha6gdr-f0015528da766b66ef6d7c941a847345 '   itemscope=\"itemscope\" itemtype=\"https:\/\/schema.org\/CreativeWork\" ><div class='avia_textblock'  itemprop=\"text\" ><p>Des clients enthousiastes, ainsi que diverses distinctions et l&#8217;affiliation honorifique au &#8220;who is who&#8221; en t\u00e9moignent. Ses collections exceptionnelles t\u00e9moignent non seulement de sa cr\u00e9ativit\u00e9 in\u00e9puisable, mais aussi de son courage \u00e0 d\u00e9fier les conventions. Que ce soit au niveau des formes ou des mat\u00e9riaux. Ainsi, elle ne travaille pas seulement les m\u00e9taux les plus pr\u00e9cieux, mais aussi le b\u00e9ton ou le laiton. &#8220;Je rends les th\u00e8mes portables&#8221; : cette maxime s&#8217;applique \u00e0 tous les bijoux et objets de Beatrice M\u00fcller. Derri\u00e8re chaque cr\u00e9ation &#8211; qu&#8217;il s&#8217;agisse de ses propres dessins ou de travaux de commande &#8211; se cache un message, une \u00e9motion, une pens\u00e9e ou une anecdote. Depuis peu, la cr\u00e9atrice de bijoux et entrepreneuse s&#8217;est engag\u00e9e dans une autre voie et travaille \u00e9galement comme <a href=\"\">mentor<\/a> et conf\u00e9renci\u00e8re.<\/p>\n<\/div><\/section><\/div><\/div><!--close column table wrapper. Autoclose: 1 --><\/p>\n<div  class='flex_column av-1wnazs-c977d794a7e22e36ab451ea9f16a2611 av_one_full  avia-builder-el-6  el_after_av_one_half  avia-builder-el-last  first flex_column_div  column-top-margin'     ><p>\n<style type=\"text\/css\" data-created_by=\"avia_inline_auto\" id=\"style-css-av-kvha77zl-8a548e11dfae356a77a729eb418fe0bd\">\n#top .av-special-heading.av-kvha77zl-8a548e11dfae356a77a729eb418fe0bd{\npadding-bottom:10px;\n}\nbody .av-special-heading.av-kvha77zl-8a548e11dfae356a77a729eb418fe0bd .av-special-heading-tag .heading-char{\nfont-size:25px;\n}\n.av-special-heading.av-kvha77zl-8a548e11dfae356a77a729eb418fe0bd .av-subheading{\nfont-size:15px;\n}\n<\/style>\n<div  class='av-special-heading av-kvha77zl-8a548e11dfae356a77a729eb418fe0bd av-special-heading-h2 blockquote modern-quote  avia-builder-el-7  el_before_av_textblock  avia-builder-el-first '><h2 class='av-special-heading-tag '  itemprop=\"headline\"  >Vita<\/h2><div class=\"special-heading-border\"><div class=\"special-heading-inner-border\"><\/div><\/div><\/div><br \/>\n<section  class='av_textblock_section av-kvha8ema-cd62e6a6d048776296e00ea855aedcc3 '   itemscope=\"itemscope\" itemtype=\"https:\/\/schema.org\/CreativeWork\" ><div class='avia_textblock'  itemprop=\"text\" ><table>\n<tbody>\n<tr>\n<td width=\"130\"><strong>1983-1986<\/strong><\/td>\n<td>Formation d&#8217;orf\u00e8vre<\/td>\n<\/tr>\n<tr>\n<td width=\"130\"><strong>1986-1989<\/strong><\/td>\n<td>Active en tant qu&#8217;apprentie orf\u00e8vre<\/td>\n<\/tr>\n<tr>\n<td width=\"130\"><strong>1989-1994<\/strong><\/td>\n<td>\u00c9tudes de cr\u00e9ation de bijoux \u00e0 la Fachhochschule f\u00fcr Schmuck und Gestaltung, Idar-Oberstein,<br \/>\navec obtention du dipl\u00f4me d&#8217;\u00c9tat de designer, parall\u00e8lement \u00e0 une formation de ma\u00eetre orf\u00e8vre.<\/td>\n<\/tr>\n<tr>\n<td width=\"130\"><strong>1990<\/strong><\/td>\n<td>Distinction dans la cr\u00e9ation de pierres pr\u00e9cieuses et de bijoux<\/td>\n<\/tr>\n<tr>\n<td width=\"130\"><strong>depuis 1991<\/strong><\/td>\n<td>Travail pour l&#8217;industrie et les fabricants de bijoux<\/td>\n<\/tr>\n<tr>\n<td width=\"130\"><strong>1992<\/strong><\/td>\n<td>Cr\u00e9ation de l&#8217;entreprise <a href=\"https:\/\/beatrice-mueller.de\/atelier\/\"><strong>ATELIER SCHMUCK DESIGN OBJEKTE\u00ae (<sup>OBJETS<\/sup> DE DESIGN)<\/strong><\/a><\/td>\n<\/tr>\n<tr>\n<td width=\"130\"><strong>1993-1999<\/strong><\/td>\n<td>Diverses expositions \u00e0 Nuremberg, dans toute l&#8217;Allemagne et \u00e0 l&#8217;\u00e9tranger<br \/>\nApparitions \u00e0 la t\u00e9l\u00e9vision sur RTL, Sat 1 et Bayrischer Rundfunk, divers reportages<\/td>\n<\/tr>\n<tr>\n<td width=\"130\"><strong>depuis 1994<\/strong><\/td>\n<td>Expositions th\u00e9matiques dans ses propres locaux d&#8217;atelier, d\u00e9fil\u00e9s de mode<\/td>\n<\/tr>\n<tr>\n<td width=\"130\"><strong>depuis 1996<\/strong><\/td>\n<td>Peinture sur toile et sculpture picturale<\/td>\n<\/tr>\n<tr>\n<td width=\"130\"><strong>1999<\/strong><\/td>\n<td>Brevet pour les bijoux de chapeau et de corps<\/td>\n<\/tr>\n<tr>\n<td width=\"130\"><strong>2000<\/strong><\/td>\n<td>Membre honoraire de Who is Who<\/td>\n<\/tr>\n<tr>\n<td width=\"130\"><strong>2001<\/strong><\/td>\n<td>Brevet pour <a href=\"https:\/\/beatrice-mueller.de\/kollektion\/antennen\/\"><strong>ANTENNES<\/strong><\/a><\/td>\n<\/tr>\n<tr>\n<td width=\"130\"><strong>2002<\/strong><\/td>\n<td>Enregistrement du th\u00e8me des bijoux <a href=\"https:\/\/beatrice-mueller.de\/kollektion\/antennen\/\"><strong>ANTENNES <\/strong><\/a>\u00e0 la Gallery of Designer Jewelry Stuart Moore, New York et<br \/>\nSan Francisco diverses expositions en Suisse et \u00e0 l&#8217;\u00e9tranger<\/td>\n<\/tr>\n<tr>\n<td width=\"130\"><strong>2004<\/strong><\/td>\n<td>Cr\u00e9ation de <a href=\"https:\/\/beatrice-mueller.de\/glanz-und-gloria\/\"><strong>Brillance et Gloire by Beatrice M\u00fcller\u00a9<\/strong><\/a><\/td>\n<\/tr>\n<tr>\n<td width=\"130\"><strong>2011<\/strong><\/td>\n<td>Award dans la cat\u00e9gorie Bijoux pour hommes du concours Platin Promenade<br \/>\nde la Guilde du Platine Allemagne pour le sticker de revers de la collection <strong><a href=\"https:\/\/beatrice-mueller.de\/wer-kann-der-kann-wkdk\/\">WER KANN, DER KANN<\/a>&#8230;<\/strong><\/td>\n<\/tr>\n<tr>\n<td width=\"130\"><strong>2012<\/strong><\/td>\n<td>20e anniversaire de <a href=\"https:\/\/beatrice-mueller.de\/atelier\/\">l&#8217;ATELIER SCHMUCK DESIGN <sup>OBJEKTE\u00ae<\/sup>.<\/a><\/td>\n<\/tr>\n<tr>\n<td><strong>2012<\/strong><\/td>\n<td>La collection <a href=\"https:\/\/beatrice-mueller.de\/second-skin\/\"><strong>SECOND SKIN<\/strong><\/a> est cr\u00e9\u00e9e en coop\u00e9ration avec la <a href=\"https:\/\/www.wolfordshop.de\/\" target=\"_blank\" rel=\"noopener\">marque Wolford<\/a><\/td>\n<\/tr>\n<tr>\n<td><strong>2013<\/strong><\/td>\n<td>Coop\u00e9ration avec la manufacture Rosenthal et brevet sur la collection <a href=\"https:\/\/beatrice-mueller.de\/perfect-glas\/\"><strong>PERFECT GLAS<\/strong><\/a>. L&#8217;atelier devient officiellement &#8220;Rosenthal Approved Shop&#8221;. <\/td>\n<\/tr>\n<tr>\n<td><strong>2015<\/strong><\/td>\n<td>La collection <a href=\"https:\/\/beatrice-mueller.de\/x-design\/\"><strong>X-Design<\/strong><\/a> voit le jour. Elle est centr\u00e9e sur le th\u00e8me &#8220;No Stress&#8221;. <\/td>\n<\/tr>\n<tr>\n<td><strong>2017\/2018<\/strong><\/td>\n<td>Coop\u00e9ration avec le <a href=\"https:\/\/www.golfhouse.de\/\" target=\"_blank\" rel=\"noopener\">Golf House N\u00fcrnberg<\/a><\/td>\n<\/tr>\n<tr>\n<td><strong>2020<\/strong><\/td>\n<td>La crise de Corona inspire la collection <a href=\"https:\/\/beatrice-mueller.de\/cunz-x\/\"><strong>CuNz-x<\/strong><\/a> avec des bijoux anti-Corona en laiton<\/td>\n<\/tr>\n<tr>\n<td><strong>2020<\/strong><\/td>\n<td>Parution d&#8217;un livre : <strong>&#8220;Les bijoux ne sont pas des d\u00e9corations <\/strong><\/p>\n<p><strong>&#8230;et le porteur n&#8217;est pas une colonne publicitaire&#8221;.<\/strong><\/td>\n<\/tr>\n<tr>\n<td><strong>2020<\/strong><\/td>\n<td>Vainqueur du <strong>championnat du monde de speaker slam<\/strong><\/td>\n<\/tr>\n<tr>\n<td><strong>2021<\/strong><\/td>\n<td>Active en tant que <a href=\"https:\/\/beatrice-mueller.de\/mentorin\/\"><strong>Mentor et conf\u00e9rencier<\/strong><\/a><\/td>\n<\/tr>\n<\/tbody>\n<\/table>\n<\/div><\/section><\/p><\/div>\n","protected":false},"excerpt":{"rendered":"","protected":false},"author":1,"featured_media":0,"parent":0,"menu_order":0,"comment_status":"closed","ping_status":"closed","template":"","meta":{"_glsr_average":0,"_glsr_ranking":0,"_glsr_reviews":0,"footnotes":""},"class_list":["post-18832","page","type-page","status-publish","hentry"],"yoast_head":"<!-- This site is optimized with the Yoast SEO plugin v25.6 - https:\/\/yoast.com\/wordpress\/plugins\/seo\/ -->\n<title>\u00c0 propos de Beatrice M\u00fcller - Beatrice M\u00fcller<\/title>\n<meta name=\"description\" content=\"Tout a commenc\u00e9 \u00e0 17 ans. Beatrice M\u00fcller a d\u00e9cid\u00e9 de suivre sa propre voie. Elle s&#039;est inscrite \u00e0 l&#039;\u00e9cole de th\u00e9\u00e2tre Otto Falckenberg.\" \/>\n<meta name=\"robots\" content=\"index, follow, max-snippet:-1, max-image-preview:large, max-video-preview:-1\" \/>\n<link rel=\"canonical\" href=\"https:\/\/beatrice-mueller.de\/fr\/a-propos-de-beatrice-mueller\/\" \/>\n<meta property=\"og:locale\" content=\"fr_FR\" \/>\n<meta property=\"og:type\" content=\"article\" \/>\n<meta property=\"og:title\" content=\"\u00c0 propos de Beatrice M\u00fcller - Beatrice M\u00fcller\" \/>\n<meta property=\"og:description\" content=\"Tout a commenc\u00e9 \u00e0 17 ans. Beatrice M\u00fcller a d\u00e9cid\u00e9 de suivre sa propre voie. Elle s&#039;est inscrite \u00e0 l&#039;\u00e9cole de th\u00e9\u00e2tre Otto Falckenberg.\" \/>\n<meta property=\"og:url\" content=\"https:\/\/beatrice-mueller.de\/fr\/a-propos-de-beatrice-mueller\/\" \/>\n<meta property=\"og:site_name\" content=\"Beatrice M\u00fcller\" \/>\n<meta property=\"article:modified_time\" content=\"2025-02-03T03:44:23+00:00\" \/>\n<meta name=\"twitter:card\" content=\"summary_large_image\" \/>\n<meta name=\"twitter:label1\" content=\"Dur\u00e9e de lecture estim\u00e9e\" \/>\n\t<meta name=\"twitter:data1\" content=\"4 minutes\" \/>\n<script type=\"application\/ld+json\" class=\"yoast-schema-graph\">{\"@context\":\"https:\/\/schema.org\",\"@graph\":[{\"@type\":\"WebPage\",\"@id\":\"https:\/\/beatrice-mueller.de\/fr\/a-propos-de-beatrice-mueller\/\",\"url\":\"https:\/\/beatrice-mueller.de\/fr\/a-propos-de-beatrice-mueller\/\",\"name\":\"\u00c0 propos de Beatrice M\u00fcller - Beatrice M\u00fcller\",\"isPartOf\":{\"@id\":\"https:\/\/beatrice-mueller.de\/fr\/#website\"},\"datePublished\":\"2025-02-02T05:14:19+00:00\",\"dateModified\":\"2025-02-03T03:44:23+00:00\",\"description\":\"Tout a commenc\u00e9 \u00e0 17 ans. Beatrice M\u00fcller a d\u00e9cid\u00e9 de suivre sa propre voie. Elle s'est inscrite \u00e0 l'\u00e9cole de th\u00e9\u00e2tre Otto Falckenberg.\",\"breadcrumb\":{\"@id\":\"https:\/\/beatrice-mueller.de\/fr\/a-propos-de-beatrice-mueller\/#breadcrumb\"},\"inLanguage\":\"fr-FR\",\"potentialAction\":[{\"@type\":\"ReadAction\",\"target\":[\"https:\/\/beatrice-mueller.de\/fr\/a-propos-de-beatrice-mueller\/\"]}]},{\"@type\":\"BreadcrumbList\",\"@id\":\"https:\/\/beatrice-mueller.de\/fr\/a-propos-de-beatrice-mueller\/#breadcrumb\",\"itemListElement\":[{\"@type\":\"ListItem\",\"position\":1,\"name\":\"Startseite\",\"item\":\"https:\/\/beatrice-mueller.de\/fr\/\"},{\"@type\":\"ListItem\",\"position\":2,\"name\":\"\u00c0 propos de Beatrice M\u00fcller\"}]},{\"@type\":\"WebSite\",\"@id\":\"https:\/\/beatrice-mueller.de\/fr\/#website\",\"url\":\"https:\/\/beatrice-mueller.de\/fr\/\",\"name\":\"Beatrice M\u00fcller\",\"description\":\"Schmuckdesign\",\"potentialAction\":[{\"@type\":\"SearchAction\",\"target\":{\"@type\":\"EntryPoint\",\"urlTemplate\":\"https:\/\/beatrice-mueller.de\/fr\/?s={search_term_string}\"},\"query-input\":{\"@type\":\"PropertyValueSpecification\",\"valueRequired\":true,\"valueName\":\"search_term_string\"}}],\"inLanguage\":\"fr-FR\"}]}<\/script>\n<!-- \/ Yoast SEO plugin. -->","yoast_head_json":{"title":"\u00c0 propos de Beatrice M\u00fcller - Beatrice M\u00fcller","description":"Tout a commenc\u00e9 \u00e0 17 ans. Beatrice M\u00fcller a d\u00e9cid\u00e9 de suivre sa propre voie. Elle s'est inscrite \u00e0 l'\u00e9cole de th\u00e9\u00e2tre Otto Falckenberg.","robots":{"index":"index","follow":"follow","max-snippet":"max-snippet:-1","max-image-preview":"max-image-preview:large","max-video-preview":"max-video-preview:-1"},"canonical":"https:\/\/beatrice-mueller.de\/fr\/a-propos-de-beatrice-mueller\/","og_locale":"fr_FR","og_type":"article","og_title":"\u00c0 propos de Beatrice M\u00fcller - Beatrice M\u00fcller","og_description":"Tout a commenc\u00e9 \u00e0 17 ans. Beatrice M\u00fcller a d\u00e9cid\u00e9 de suivre sa propre voie. Elle s'est inscrite \u00e0 l'\u00e9cole de th\u00e9\u00e2tre Otto Falckenberg.","og_url":"https:\/\/beatrice-mueller.de\/fr\/a-propos-de-beatrice-mueller\/","og_site_name":"Beatrice M\u00fcller","article_modified_time":"2025-02-03T03:44:23+00:00","twitter_card":"summary_large_image","twitter_misc":{"Dur\u00e9e de lecture estim\u00e9e":"4 minutes"},"schema":{"@context":"https:\/\/schema.org","@graph":[{"@type":"WebPage","@id":"https:\/\/beatrice-mueller.de\/fr\/a-propos-de-beatrice-mueller\/","url":"https:\/\/beatrice-mueller.de\/fr\/a-propos-de-beatrice-mueller\/","name":"\u00c0 propos de Beatrice M\u00fcller - Beatrice M\u00fcller","isPartOf":{"@id":"https:\/\/beatrice-mueller.de\/fr\/#website"},"datePublished":"2025-02-02T05:14:19+00:00","dateModified":"2025-02-03T03:44:23+00:00","description":"Tout a commenc\u00e9 \u00e0 17 ans. Beatrice M\u00fcller a d\u00e9cid\u00e9 de suivre sa propre voie. Elle s'est inscrite \u00e0 l'\u00e9cole de th\u00e9\u00e2tre Otto Falckenberg.","breadcrumb":{"@id":"https:\/\/beatrice-mueller.de\/fr\/a-propos-de-beatrice-mueller\/#breadcrumb"},"inLanguage":"fr-FR","potentialAction":[{"@type":"ReadAction","target":["https:\/\/beatrice-mueller.de\/fr\/a-propos-de-beatrice-mueller\/"]}]},{"@type":"BreadcrumbList","@id":"https:\/\/beatrice-mueller.de\/fr\/a-propos-de-beatrice-mueller\/#breadcrumb","itemListElement":[{"@type":"ListItem","position":1,"name":"Startseite","item":"https:\/\/beatrice-mueller.de\/fr\/"},{"@type":"ListItem","position":2,"name":"\u00c0 propos de Beatrice M\u00fcller"}]},{"@type":"WebSite","@id":"https:\/\/beatrice-mueller.de\/fr\/#website","url":"https:\/\/beatrice-mueller.de\/fr\/","name":"Beatrice M\u00fcller","description":"Schmuckdesign","potentialAction":[{"@type":"SearchAction","target":{"@type":"EntryPoint","urlTemplate":"https:\/\/beatrice-mueller.de\/fr\/?s={search_term_string}"},"query-input":{"@type":"PropertyValueSpecification","valueRequired":true,"valueName":"search_term_string"}}],"inLanguage":"fr-FR"}]}},"_links":{"self":[{"href":"https:\/\/beatrice-mueller.de\/fr\/wp-json\/wp\/v2\/pages\/18832","targetHints":{"allow":["GET"]}}],"collection":[{"href":"https:\/\/beatrice-mueller.de\/fr\/wp-json\/wp\/v2\/pages"}],"about":[{"href":"https:\/\/beatrice-mueller.de\/fr\/wp-json\/wp\/v2\/types\/page"}],"author":[{"embeddable":true,"href":"https:\/\/beatrice-mueller.de\/fr\/wp-json\/wp\/v2\/users\/1"}],"replies":[{"embeddable":true,"href":"https:\/\/beatrice-mueller.de\/fr\/wp-json\/wp\/v2\/comments?post=18832"}],"version-history":[{"count":3,"href":"https:\/\/beatrice-mueller.de\/fr\/wp-json\/wp\/v2\/pages\/18832\/revisions"}],"predecessor-version":[{"id":18947,"href":"https:\/\/beatrice-mueller.de\/fr\/wp-json\/wp\/v2\/pages\/18832\/revisions\/18947"}],"wp:attachment":[{"href":"https:\/\/beatrice-mueller.de\/fr\/wp-json\/wp\/v2\/media?parent=18832"}],"curies":[{"name":"wp","href":"https:\/\/api.w.org\/{rel}","templated":true}]}}