{"id":19274,"date":"2025-02-11T10:36:36","date_gmt":"2025-02-11T09:36:36","guid":{"rendered":"https:\/\/beatrice-mueller.de\/avis-des-clients\/"},"modified":"2025-02-16T12:47:37","modified_gmt":"2025-02-16T11:47:37","slug":"avis-des-clients","status":"publish","type":"page","link":"https:\/\/beatrice-mueller.de\/fr\/avis-des-clients\/","title":{"rendered":"Avis des clients"},"content":{"rendered":"\n<style type=\"text\/css\" data-created_by=\"avia_inline_auto\" id=\"style-css-av-a43ff-8e4423f7798be6db1158daeb136dd5c5\">\n#top .av-special-heading.av-a43ff-8e4423f7798be6db1158daeb136dd5c5{\npadding-bottom:50px;\n}\nbody .av-special-heading.av-a43ff-8e4423f7798be6db1158daeb136dd5c5 .av-special-heading-tag .heading-char{\nfont-size:25px;\n}\n.av-special-heading.av-a43ff-8e4423f7798be6db1158daeb136dd5c5 .av-subheading{\nfont-size:15px;\n}\n<\/style>\n<div  class='av-special-heading av-a43ff-8e4423f7798be6db1158daeb136dd5c5 av-special-heading-h1 blockquote modern-quote modern-centered  avia-builder-el-0  el_before_av_two_fifth  avia-builder-el-first '><h1 class='av-special-heading-tag '  itemprop=\"headline\"  >Avis des clients<\/h1><div class=\"special-heading-border\"><div class=\"special-heading-inner-border\"><\/div><\/div><\/div>\n\n<style type=\"text\/css\" data-created_by=\"avia_inline_auto\" id=\"style-css-av-d4g8l-9e04e2e70d968203be9b64b8e859a1af\">\n.flex_column.av-d4g8l-9e04e2e70d968203be9b64b8e859a1af{\nborder-radius:0px 0px 0px 0px;\npadding:0px 0px 0px 0px;\n}\n<\/style>\n<div  class='flex_column av-d4g8l-9e04e2e70d968203be9b64b8e859a1af av_two_fifth  avia-builder-el-1  el_after_av_heading  el_before_av_three_fifth  first flex_column_div av-zero-column-padding  '     ><p><br \/>\n\n<style type=\"text\/css\" data-created_by=\"avia_inline_auto\" id=\"style-css-av-khyjnb5d-291044120d5076f6e4e7670c7493c9a0\">\n#top .av-special-heading.av-khyjnb5d-291044120d5076f6e4e7670c7493c9a0{\npadding-bottom:10px;\n}\nbody .av-special-heading.av-khyjnb5d-291044120d5076f6e4e7670c7493c9a0 .av-special-heading-tag .heading-char{\nfont-size:25px;\n}\n.av-special-heading.av-khyjnb5d-291044120d5076f6e4e7670c7493c9a0 .av-subheading{\nfont-size:15px;\n}\n<\/style>\n<div  class='av-special-heading av-khyjnb5d-291044120d5076f6e4e7670c7493c9a0 av-special-heading-h3 blockquote modern-quote  avia-builder-el-3  el_after_av_codeblock  el_before_av_codeblock '><h3 class='av-special-heading-tag '  itemprop=\"headline\"  >Avis<\/h3><div class=\"special-heading-border\"><div class=\"special-heading-inner-border\"><\/div><\/div><\/div><br \/>\n<\/p><\/div>\n\n<style type=\"text\/css\" data-created_by=\"avia_inline_auto\" id=\"style-css-av-9xpu5-06da611f308cfe68601b7adb06c6c4ab\">\n.flex_column.av-9xpu5-06da611f308cfe68601b7adb06c6c4ab{\nborder-radius:0px 0px 0px 0px;\npadding:30px 30px 30px 30px;\nbackground-color:#575756;\n}\n<\/style>\n<div  id=\"review-form\"  class='flex_column av-9xpu5-06da611f308cfe68601b7adb06c6c4ab av_three_fifth  avia-builder-el-5  el_after_av_two_fifth  avia-builder-el-last  flex_column_div  '     ><\/div>\n","protected":false},"excerpt":{"rendered":"","protected":false},"author":1,"featured_media":0,"parent":0,"menu_order":0,"comment_status":"closed","ping_status":"closed","template":"","meta":{"_glsr_average":0,"_glsr_ranking":0,"_glsr_reviews":0,"footnotes":""},"class_list":["post-19274","page","type-page","status-publish","hentry"],"yoast_head":"<!-- This site is optimized with the Yoast SEO plugin v25.6 - https:\/\/yoast.com\/wordpress\/plugins\/seo\/ -->\n<title>Avis des clients - Beatrice M\u00fcller<\/title>\n<meta name=\"robots\" content=\"index, follow, max-snippet:-1, max-image-preview:large, max-video-preview:-1\" \/>\n<link rel=\"canonical\" href=\"https:\/\/beatrice-mueller.de\/fr\/avis-des-clients\/\" \/>\n<meta property=\"og:locale\" content=\"fr_FR\" \/>\n<meta property=\"og:type\" content=\"article\" \/>\n<meta property=\"og:title\" content=\"Avis des clients - Beatrice M\u00fcller\" \/>\n<meta property=\"og:url\" content=\"https:\/\/beatrice-mueller.de\/fr\/avis-des-clients\/\" \/>\n<meta property=\"og:site_name\" content=\"Beatrice M\u00fcller\" \/>\n<meta property=\"article:modified_time\" content=\"2025-02-16T11:47:37+00:00\" \/>\n<meta name=\"twitter:card\" content=\"summary_large_image\" \/>\n<meta name=\"twitter:label1\" content=\"Dur\u00e9e de lecture estim\u00e9e\" \/>\n\t<meta name=\"twitter:data1\" content=\"2 minutes\" \/>\n<script type=\"application\/ld+json\" class=\"yoast-schema-graph\">{\"@context\":\"https:\/\/schema.org\",\"@graph\":[{\"@type\":\"WebPage\",\"@id\":\"https:\/\/beatrice-mueller.de\/fr\/avis-des-clients\/\",\"url\":\"https:\/\/beatrice-mueller.de\/fr\/avis-des-clients\/\",\"name\":\"Avis des clients - Beatrice M\u00fcller\",\"isPartOf\":{\"@id\":\"https:\/\/beatrice-mueller.de\/fr\/#website\"},\"datePublished\":\"2025-02-11T09:36:36+00:00\",\"dateModified\":\"2025-02-16T11:47:37+00:00\",\"breadcrumb\":{\"@id\":\"https:\/\/beatrice-mueller.de\/fr\/avis-des-clients\/#breadcrumb\"},\"inLanguage\":\"fr-FR\",\"potentialAction\":[{\"@type\":\"ReadAction\",\"target\":[\"https:\/\/beatrice-mueller.de\/fr\/avis-des-clients\/\"]}]},{\"@type\":\"BreadcrumbList\",\"@id\":\"https:\/\/beatrice-mueller.de\/fr\/avis-des-clients\/#breadcrumb\",\"itemListElement\":[{\"@type\":\"ListItem\",\"position\":1,\"name\":\"Startseite\",\"item\":\"https:\/\/beatrice-mueller.de\/fr\/\"},{\"@type\":\"ListItem\",\"position\":2,\"name\":\"Avis des clients\"}]},{\"@type\":\"WebSite\",\"@id\":\"https:\/\/beatrice-mueller.de\/fr\/#website\",\"url\":\"https:\/\/beatrice-mueller.de\/fr\/\",\"name\":\"Beatrice M\u00fcller\",\"description\":\"Schmuckdesign\",\"potentialAction\":[{\"@type\":\"SearchAction\",\"target\":{\"@type\":\"EntryPoint\",\"urlTemplate\":\"https:\/\/beatrice-mueller.de\/fr\/?s={search_term_string}\"},\"query-input\":{\"@type\":\"PropertyValueSpecification\",\"valueRequired\":true,\"valueName\":\"search_term_string\"}}],\"inLanguage\":\"fr-FR\"}]}<\/script>\n<!-- \/ Yoast SEO plugin. -->","yoast_head_json":{"title":"Avis des clients - Beatrice M\u00fcller","robots":{"index":"index","follow":"follow","max-snippet":"max-snippet:-1","max-image-preview":"max-image-preview:large","max-video-preview":"max-video-preview:-1"},"canonical":"https:\/\/beatrice-mueller.de\/fr\/avis-des-clients\/","og_locale":"fr_FR","og_type":"article","og_title":"Avis des clients - Beatrice M\u00fcller","og_url":"https:\/\/beatrice-mueller.de\/fr\/avis-des-clients\/","og_site_name":"Beatrice M\u00fcller","article_modified_time":"2025-02-16T11:47:37+00:00","twitter_card":"summary_large_image","twitter_misc":{"Dur\u00e9e de lecture estim\u00e9e":"2 minutes"},"schema":{"@context":"https:\/\/schema.org","@graph":[{"@type":"WebPage","@id":"https:\/\/beatrice-mueller.de\/fr\/avis-des-clients\/","url":"https:\/\/beatrice-mueller.de\/fr\/avis-des-clients\/","name":"Avis des clients - Beatrice M\u00fcller","isPartOf":{"@id":"https:\/\/beatrice-mueller.de\/fr\/#website"},"datePublished":"2025-02-11T09:36:36+00:00","dateModified":"2025-02-16T11:47:37+00:00","breadcrumb":{"@id":"https:\/\/beatrice-mueller.de\/fr\/avis-des-clients\/#breadcrumb"},"inLanguage":"fr-FR","potentialAction":[{"@type":"ReadAction","target":["https:\/\/beatrice-mueller.de\/fr\/avis-des-clients\/"]}]},{"@type":"BreadcrumbList","@id":"https:\/\/beatrice-mueller.de\/fr\/avis-des-clients\/#breadcrumb","itemListElement":[{"@type":"ListItem","position":1,"name":"Startseite","item":"https:\/\/beatrice-mueller.de\/fr\/"},{"@type":"ListItem","position":2,"name":"Avis des clients"}]},{"@type":"WebSite","@id":"https:\/\/beatrice-mueller.de\/fr\/#website","url":"https:\/\/beatrice-mueller.de\/fr\/","name":"Beatrice M\u00fcller","description":"Schmuckdesign","potentialAction":[{"@type":"SearchAction","target":{"@type":"EntryPoint","urlTemplate":"https:\/\/beatrice-mueller.de\/fr\/?s={search_term_string}"},"query-input":{"@type":"PropertyValueSpecification","valueRequired":true,"valueName":"search_term_string"}}],"inLanguage":"fr-FR"}]}},"_links":{"self":[{"href":"https:\/\/beatrice-mueller.de\/fr\/wp-json\/wp\/v2\/pages\/19274","targetHints":{"allow":["GET"]}}],"collection":[{"href":"https:\/\/beatrice-mueller.de\/fr\/wp-json\/wp\/v2\/pages"}],"about":[{"href":"https:\/\/beatrice-mueller.de\/fr\/wp-json\/wp\/v2\/types\/page"}],"author":[{"embeddable":true,"href":"https:\/\/beatrice-mueller.de\/fr\/wp-json\/wp\/v2\/users\/1"}],"replies":[{"embeddable":true,"href":"https:\/\/beatrice-mueller.de\/fr\/wp-json\/wp\/v2\/comments?post=19274"}],"version-history":[{"count":2,"href":"https:\/\/beatrice-mueller.de\/fr\/wp-json\/wp\/v2\/pages\/19274\/revisions"}],"predecessor-version":[{"id":19276,"href":"https:\/\/beatrice-mueller.de\/fr\/wp-json\/wp\/v2\/pages\/19274\/revisions\/19276"}],"wp:attachment":[{"href":"https:\/\/beatrice-mueller.de\/fr\/wp-json\/wp\/v2\/media?parent=19274"}],"curies":[{"name":"wp","href":"https:\/\/api.w.org\/{rel}","templated":true}]}}