{"id":19285,"date":"2025-02-11T10:36:40","date_gmt":"2025-02-11T09:36:40","guid":{"rendered":"https:\/\/beatrice-mueller.de\/imprimer\/"},"modified":"2025-03-14T19:07:37","modified_gmt":"2025-03-14T18:07:37","slug":"imprimer","status":"publish","type":"page","link":"https:\/\/beatrice-mueller.de\/fr\/imprimer\/","title":{"rendered":"imprimer"},"content":{"rendered":"\n<h1 class=\"wp-block-heading\">imprimer<\/h1>\n\n<p><strong><span style=\"font-size: 16px;\">Informations conform\u00e9ment au \u00a7 5 TMG :<\/span><\/strong><\/p>\n\n<p>Beatrice M\u00fcller<br\/>Atelier Schmuck Design Objekte<br\/>Hauptstra\u00dfe 51<br\/>90547 Stein<\/p>\n\n<h2 class=\"wp-block-heading\">Contact:<\/h2>\n\n<figure class=\"wp-block-table\"><table class=\"has-fixed-layout\"><tbody><tr><td>T\u00e9l\u00e9phone:<\/td><td>+49 (0)911 &#8211; 67 49 58<\/td><\/tr><tr><td>Fax:<\/td><td>+49 (0)911 &#8211; 6 89 87 71<\/td><\/tr><tr><td>E-mail:<\/td><td>info@schmuck-design-objekte.de<\/td><\/tr><\/tbody><\/table><\/figure>\n\n<h2 class=\"wp-block-heading\">Num\u00e9ro de TVA :<\/h2>\n\n<p>Num\u00e9ro d&#8217;identification TVA selon l&#8217;article 27a de la loi sur la TVA :<br\/> DE159058028<\/p>\n\n<p>Source: <em><a href=\"http:\/\/www.e-recht24.de\/\" rel=\"nofollow\">http:\/\/www.e-recht24.de<\/a><\/em><\/p>\n\n<div class=\"page-header\">\n<h1>CLAUSE DE NON-RESPONSABILIT\u00c9<\/h1>\n<\/div>\n\n<p><strong>Responsabilit\u00e9 du contenu<\/strong><\/p>\n\n<p>En tant que prestataire de services, nous sommes responsables de nos propres contenus de ces sites Web conform\u00e9ment \u00e0 l&#8217;article 7, paragraphe 1 de la loi allemande sur les t\u00e9l\u00e9m\u00e9dias (TMG). Toutefois, conform\u00e9ment aux \u00a7\u00a7 8 \u00e0 10 TMG, nous ne sommes pas tenus, en tant que prestataires de services, de surveiller les informations de tiers transmises ou stock\u00e9es ni d&#8217;enqu\u00eater sur les circonstances indiquant des activit\u00e9s ill\u00e9gales. Les obligations de supprimer ou de bloquer l&#8217;utilisation des informations en vertu des lois g\u00e9n\u00e9rales restent inchang\u00e9es. La responsabilit\u00e9 \u00e0 cet \u00e9gard n\u2019est toutefois possible qu\u2019au moment de la connaissance d\u2019une violation concr\u00e8te de la loi. Si nous avons connaissance de telles violations de la loi, nous supprimerons imm\u00e9diatement ce contenu.     <\/p>\n\n<p><strong>Responsabilit\u00e9 pour les liens<\/strong><\/p>\n\n<p>Notre offre contient des liens vers des sites Web externes de tiers sur le contenu desquels nous n&#8217;avons aucune influence. Par cons\u00e9quent, nous ne pouvons accepter aucune responsabilit\u00e9 pour ce contenu tiers. Le fournisseur ou l&#8217;exploitant respectif des pages est toujours responsable du contenu des pages li\u00e9es. Les pages li\u00e9es ont \u00e9t\u00e9 v\u00e9rifi\u00e9es au moment de la cr\u00e9ation du lien afin de d\u00e9celer d&#8217;\u00e9ventuelles violations de la loi. Le contenu ill\u00e9gal n&#8217;\u00e9tait pas reconnaissable au moment de la cr\u00e9ation du lien. Toutefois, un contr\u00f4le permanent du contenu des pages li\u00e9es n&#8217;est pas raisonnable sans preuve concr\u00e8te d&#8217;une violation de la loi. Si nous avons connaissance de violations de la loi, nous supprimerons imm\u00e9diatement ces liens.      <\/p>\n\n<p><strong>droits d&#8217;auteur<\/strong><\/p>\n\n<p>Les contenus et \u0153uvres de ces pages cr\u00e9\u00e9s par les exploitants du site sont soumis \u00e0 la loi allemande sur le droit d&#8217;auteur. La reproduction, le traitement, la diffusion et toute forme d&#8217;exploitation en dehors des limites du droit d&#8217;auteur n\u00e9cessitent le consentement \u00e9crit de l&#8217;auteur ou du cr\u00e9ateur concern\u00e9. Les t\u00e9l\u00e9chargements et copies de ce site ne sont autoris\u00e9s que pour un usage priv\u00e9 et non commercial. Dans la mesure o\u00f9 le contenu de ce site n&#8217;a pas \u00e9t\u00e9 cr\u00e9\u00e9 par l&#8217;op\u00e9rateur, les droits d&#8217;auteur de tiers sont respect\u00e9s. En particulier, le contenu tiers est marqu\u00e9 comme tel. Si vous avez n\u00e9anmoins connaissance d\u2019une violation du droit d\u2019auteur, veuillez nous en informer. Si nous avons connaissance d\u2019une violation de la loi, nous supprimerons imm\u00e9diatement ce contenu.      <\/p>\n\n<p><em>R\u00e9f\u00e9rence source : <a href=\"http:\/\/www.e-recht24.de\/muster-disclaimer.htm\" target=\"_blank\" rel=\"nofollow noopener noreferrer\">Clause de non-responsabilit\u00e9<\/a> de eRecht24, le portail juridique en ligne de l&#8217;avocat S\u00f6ren Siebert<\/em><br\/><div class=\"woocommerce woocommerce-gzd woocommerce-gzd-complaints-shortcode\">\n\t\t\t<h3>Alternative Dispute Resolution in accordance with Art. 14 (1) ODR-VO and \u00a7 36 VSBG:<\/h3>\n\t\nZur Teilnahme an einem Streitbeilegungsverfahren vor einer Verbraucherschlichtungsstelle sind wir nicht verpflichtet und nicht bereit.<\/div><\/p>\n","protected":false},"excerpt":{"rendered":"<p>imprimer Informations conform\u00e9ment au \u00a7 5 TMG : Beatrice M\u00fcllerAtelier Schmuck Design ObjekteHauptstra\u00dfe 5190547 Stein Contact: T\u00e9l\u00e9phone: +49 (0)911 &#8211; 67 49 58 Fax: +49 (0)911 &#8211; 6 89 87 71 E-mail: info@schmuck-design-objekte.de Num\u00e9ro de TVA : Num\u00e9ro d&#8217;identification TVA selon l&#8217;article 27a de la loi sur la TVA : DE159058028 Source: http:\/\/www.e-recht24.de CLAUSE DE [&hellip;]<\/p>\n","protected":false},"author":1,"featured_media":0,"parent":0,"menu_order":0,"comment_status":"closed","ping_status":"closed","template":"","meta":{"_glsr_average":0,"_glsr_ranking":0,"_glsr_reviews":0,"footnotes":""},"class_list":["post-19285","page","type-page","status-publish","hentry"],"yoast_head":"<!-- This site is optimized with the Yoast SEO plugin v25.6 - https:\/\/yoast.com\/wordpress\/plugins\/seo\/ -->\n<title>imprimer - Beatrice M\u00fcller<\/title>\n<meta name=\"robots\" content=\"index, follow, max-snippet:-1, max-image-preview:large, max-video-preview:-1\" \/>\n<link rel=\"canonical\" href=\"https:\/\/beatrice-mueller.de\/fr\/imprimer\/\" \/>\n<meta property=\"og:locale\" content=\"fr_FR\" \/>\n<meta property=\"og:type\" content=\"article\" \/>\n<meta property=\"og:title\" content=\"imprimer - Beatrice M\u00fcller\" \/>\n<meta property=\"og:description\" content=\"imprimer Informations conform\u00e9ment au \u00a7 5 TMG : Beatrice M\u00fcllerAtelier Schmuck Design ObjekteHauptstra\u00dfe 5190547 Stein Contact: T\u00e9l\u00e9phone: +49 (0)911 &#8211; 67 49 58 Fax: +49 (0)911 &#8211; 6 89 87 71 E-mail: info@schmuck-design-objekte.de Num\u00e9ro de TVA : Num\u00e9ro d&#8217;identification TVA selon l&#8217;article 27a de la loi sur la TVA : DE159058028 Source: http:\/\/www.e-recht24.de CLAUSE DE [&hellip;]\" \/>\n<meta property=\"og:url\" content=\"https:\/\/beatrice-mueller.de\/fr\/imprimer\/\" \/>\n<meta property=\"og:site_name\" content=\"Beatrice M\u00fcller\" \/>\n<meta property=\"article:modified_time\" content=\"2025-03-14T18:07:37+00:00\" \/>\n<meta name=\"twitter:card\" content=\"summary_large_image\" \/>\n<meta name=\"twitter:label1\" content=\"Dur\u00e9e de lecture estim\u00e9e\" \/>\n\t<meta name=\"twitter:data1\" content=\"2 minutes\" \/>\n<script type=\"application\/ld+json\" class=\"yoast-schema-graph\">{\"@context\":\"https:\/\/schema.org\",\"@graph\":[{\"@type\":\"WebPage\",\"@id\":\"https:\/\/beatrice-mueller.de\/fr\/imprimer\/\",\"url\":\"https:\/\/beatrice-mueller.de\/fr\/imprimer\/\",\"name\":\"imprimer - Beatrice M\u00fcller\",\"isPartOf\":{\"@id\":\"https:\/\/beatrice-mueller.de\/fr\/#website\"},\"datePublished\":\"2025-02-11T09:36:40+00:00\",\"dateModified\":\"2025-03-14T18:07:37+00:00\",\"breadcrumb\":{\"@id\":\"https:\/\/beatrice-mueller.de\/fr\/imprimer\/#breadcrumb\"},\"inLanguage\":\"fr-FR\",\"potentialAction\":[{\"@type\":\"ReadAction\",\"target\":[\"https:\/\/beatrice-mueller.de\/fr\/imprimer\/\"]}]},{\"@type\":\"BreadcrumbList\",\"@id\":\"https:\/\/beatrice-mueller.de\/fr\/imprimer\/#breadcrumb\",\"itemListElement\":[{\"@type\":\"ListItem\",\"position\":1,\"name\":\"Startseite\",\"item\":\"https:\/\/beatrice-mueller.de\/fr\/\"},{\"@type\":\"ListItem\",\"position\":2,\"name\":\"imprimer\"}]},{\"@type\":\"WebSite\",\"@id\":\"https:\/\/beatrice-mueller.de\/fr\/#website\",\"url\":\"https:\/\/beatrice-mueller.de\/fr\/\",\"name\":\"Beatrice M\u00fcller\",\"description\":\"Schmuckdesign\",\"potentialAction\":[{\"@type\":\"SearchAction\",\"target\":{\"@type\":\"EntryPoint\",\"urlTemplate\":\"https:\/\/beatrice-mueller.de\/fr\/?s={search_term_string}\"},\"query-input\":{\"@type\":\"PropertyValueSpecification\",\"valueRequired\":true,\"valueName\":\"search_term_string\"}}],\"inLanguage\":\"fr-FR\"}]}<\/script>\n<!-- \/ Yoast SEO plugin. -->","yoast_head_json":{"title":"imprimer - Beatrice M\u00fcller","robots":{"index":"index","follow":"follow","max-snippet":"max-snippet:-1","max-image-preview":"max-image-preview:large","max-video-preview":"max-video-preview:-1"},"canonical":"https:\/\/beatrice-mueller.de\/fr\/imprimer\/","og_locale":"fr_FR","og_type":"article","og_title":"imprimer - Beatrice M\u00fcller","og_description":"imprimer Informations conform\u00e9ment au \u00a7 5 TMG : Beatrice M\u00fcllerAtelier Schmuck Design ObjekteHauptstra\u00dfe 5190547 Stein Contact: T\u00e9l\u00e9phone: +49 (0)911 &#8211; 67 49 58 Fax: +49 (0)911 &#8211; 6 89 87 71 E-mail: info@schmuck-design-objekte.de Num\u00e9ro de TVA : Num\u00e9ro d&#8217;identification TVA selon l&#8217;article 27a de la loi sur la TVA : DE159058028 Source: http:\/\/www.e-recht24.de CLAUSE DE [&hellip;]","og_url":"https:\/\/beatrice-mueller.de\/fr\/imprimer\/","og_site_name":"Beatrice M\u00fcller","article_modified_time":"2025-03-14T18:07:37+00:00","twitter_card":"summary_large_image","twitter_misc":{"Dur\u00e9e de lecture estim\u00e9e":"2 minutes"},"schema":{"@context":"https:\/\/schema.org","@graph":[{"@type":"WebPage","@id":"https:\/\/beatrice-mueller.de\/fr\/imprimer\/","url":"https:\/\/beatrice-mueller.de\/fr\/imprimer\/","name":"imprimer - Beatrice M\u00fcller","isPartOf":{"@id":"https:\/\/beatrice-mueller.de\/fr\/#website"},"datePublished":"2025-02-11T09:36:40+00:00","dateModified":"2025-03-14T18:07:37+00:00","breadcrumb":{"@id":"https:\/\/beatrice-mueller.de\/fr\/imprimer\/#breadcrumb"},"inLanguage":"fr-FR","potentialAction":[{"@type":"ReadAction","target":["https:\/\/beatrice-mueller.de\/fr\/imprimer\/"]}]},{"@type":"BreadcrumbList","@id":"https:\/\/beatrice-mueller.de\/fr\/imprimer\/#breadcrumb","itemListElement":[{"@type":"ListItem","position":1,"name":"Startseite","item":"https:\/\/beatrice-mueller.de\/fr\/"},{"@type":"ListItem","position":2,"name":"imprimer"}]},{"@type":"WebSite","@id":"https:\/\/beatrice-mueller.de\/fr\/#website","url":"https:\/\/beatrice-mueller.de\/fr\/","name":"Beatrice M\u00fcller","description":"Schmuckdesign","potentialAction":[{"@type":"SearchAction","target":{"@type":"EntryPoint","urlTemplate":"https:\/\/beatrice-mueller.de\/fr\/?s={search_term_string}"},"query-input":{"@type":"PropertyValueSpecification","valueRequired":true,"valueName":"search_term_string"}}],"inLanguage":"fr-FR"}]}},"_links":{"self":[{"href":"https:\/\/beatrice-mueller.de\/fr\/wp-json\/wp\/v2\/pages\/19285","targetHints":{"allow":["GET"]}}],"collection":[{"href":"https:\/\/beatrice-mueller.de\/fr\/wp-json\/wp\/v2\/pages"}],"about":[{"href":"https:\/\/beatrice-mueller.de\/fr\/wp-json\/wp\/v2\/types\/page"}],"author":[{"embeddable":true,"href":"https:\/\/beatrice-mueller.de\/fr\/wp-json\/wp\/v2\/users\/1"}],"replies":[{"embeddable":true,"href":"https:\/\/beatrice-mueller.de\/fr\/wp-json\/wp\/v2\/comments?post=19285"}],"version-history":[{"count":2,"href":"https:\/\/beatrice-mueller.de\/fr\/wp-json\/wp\/v2\/pages\/19285\/revisions"}],"predecessor-version":[{"id":26308,"href":"https:\/\/beatrice-mueller.de\/fr\/wp-json\/wp\/v2\/pages\/19285\/revisions\/26308"}],"wp:attachment":[{"href":"https:\/\/beatrice-mueller.de\/fr\/wp-json\/wp\/v2\/media?parent=19285"}],"curies":[{"name":"wp","href":"https:\/\/api.w.org\/{rel}","templated":true}]}}