{"id":19314,"date":"2025-02-11T10:38:32","date_gmt":"2025-02-11T09:38:32","guid":{"rendered":"https:\/\/beatrice-mueller.de\/semaine-de-la-mode-de-milan\/"},"modified":"2025-02-16T12:47:01","modified_gmt":"2025-02-16T11:47:01","slug":"semaine-de-la-mode-de-milan","status":"publish","type":"page","link":"https:\/\/beatrice-mueller.de\/fr\/semaine-de-la-mode-de-milan\/","title":{"rendered":"Semaine de la mode de Milan"},"content":{"rendered":"\n<style type=\"text\/css\" data-created_by=\"avia_inline_auto\" id=\"style-css-av-lzxuond8-035c018d2f9e3592d31452ea55711e2d\">\n.avia-section.av-lzxuond8-035c018d2f9e3592d31452ea55711e2d{\nbackground-repeat:no-repeat;\nbackground-image:url(https:\/\/beatrice-mueller.de\/wp-content\/uploads\/Banner-Apfel-scaled.jpg);\nbackground-position:50% 50%;\nbackground-attachment:scroll;\n}\n<\/style>\n<div id='av_section_1'  class='avia-section av-lzxuond8-035c018d2f9e3592d31452ea55711e2d main_color avia-section-default avia-no-border-styling  avia-builder-el-0  el_before_av_one_half  avia-builder-el-first  avia-full-stretch avia-bg-style-scroll av-minimum-height av-minimum-height-75 av-height-75  container_wrap sidebar_right'  data-section-bg-repeat='stretch' data-av_minimum_height_pc='75' data-av_min_height_opt='75'><div class='container av-section-cont-open' ><main  role=\"main\" itemprop=\"mainContentOfPage\"  class='template-page content  av-content-small alpha units'><div class='post-entry post-entry-type-page post-entry-19314'><div class='entry-content-wrapper clearfix'>\n\n<style type=\"text\/css\" data-created_by=\"avia_inline_auto\" id=\"style-css-av-lzxufu6n-2ed19f78620d971eca53ae03250ed093\">\n#top .av-special-heading.av-lzxufu6n-2ed19f78620d971eca53ae03250ed093{\npadding-bottom:10px;\ncolor:#020202;\n}\nbody .av-special-heading.av-lzxufu6n-2ed19f78620d971eca53ae03250ed093 .av-special-heading-tag .heading-char{\nfont-size:25px;\n}\n.av-special-heading.av-lzxufu6n-2ed19f78620d971eca53ae03250ed093 .special-heading-inner-border{\nborder-color:#020202;\n}\n.av-special-heading.av-lzxufu6n-2ed19f78620d971eca53ae03250ed093 .av-subheading{\nfont-size:34px;\n}\n<\/style>\n<div  id=\"caption-bottom\"  class='av-special-heading av-lzxufu6n-2ed19f78620d971eca53ae03250ed093 av-special-heading-h1 custom-color-heading blockquote modern-quote modern-centered  avia-builder-el-1  avia-builder-el-no-sibling '><h1 class='av-special-heading-tag '  itemprop=\"headline\"  >SEMAINE DE LA MODE \u00c0 MILAN<\/h1><div class='av_custom_color av-subheading av-subheading_below'><p>REVIVEZ LA FASCINATION DES BIJOUX<\/p>\n<\/div><div class=\"special-heading-border\"><div class=\"special-heading-inner-border\"><\/div><\/div><\/div>\n<\/div><\/div><\/main><!-- close content main element --><\/div><\/div><div id='after_section_1'  class='main_color av_default_container_wrap container_wrap sidebar_right'  ><div class='container av-section-cont-open' ><div class='template-page content  av-content-small alpha units'><div class='post-entry post-entry-type-page post-entry-19314'><div class='entry-content-wrapper clearfix'>\n<div  class='flex_column av-26q1toz-4cb628abdeec5bc9a96ee68a91366883 av_one_half  avia-builder-el-2  el_after_av_section  el_before_av_one_half  avia-builder-el-first  first flex_column_div  '     ><div  class='avia-button-wrap av-lzxwbz8z-c5b90a42fc63d4a8c901fef71c155fdb-wrap avia-button-center  avia-builder-el-3  avia-builder-el-no-sibling '><a href=''  class='avia-button av-lzxwbz8z-c5b90a42fc63d4a8c901fef71c155fdb av-link-btn avia-icon_select-no avia-size-small avia-position-center avia-color-theme-color'   aria-label=\"VERRE PARFAIT\"><span class='avia_iconbox_title' >VERRE PARFAIT<\/span><\/a><\/div><\/div>\n<div  class='flex_column av-1n5nvw3-28f71da3072b8b50848fccb517bf9046 av_one_half  avia-builder-el-4  el_after_av_one_half  el_before_av_one_half  flex_column_div  '     ><div  class='avia-button-wrap av-lzxwcccv-edbfa4f874546242c696f67270ffffeb-wrap avia-button-center  avia-builder-el-5  avia-builder-el-no-sibling '><a href=''  class='avia-button av-lzxwcccv-edbfa4f874546242c696f67270ffffeb av-link-btn avia-icon_select-no avia-size-small avia-position-center avia-color-theme-color'   aria-label=\"GLOIRE ET GLOIRE\"><span class='avia_iconbox_title' >GLOIRE ET GLOIRE<\/span><\/a><\/div><\/div>\n<div  class='flex_column av-19xntqr-7d655697e573db913eba9cbd70b95493 av_one_half  avia-builder-el-6  el_after_av_one_half  el_before_av_one_half  first flex_column_div  column-top-margin'     ><style type=\"text\/css\" data-created_by=\"avia_inline_auto\" id=\"style-css-av-lzxw66ub-9e8f20f8f46d58fe9a32ed8fb8670e76\">\n.avia-image-container.av-lzxw66ub-9e8f20f8f46d58fe9a32ed8fb8670e76 img.avia_image{\nbox-shadow:none;\n}\n.avia-image-container.av-lzxw66ub-9e8f20f8f46d58fe9a32ed8fb8670e76 .av-image-caption-overlay-center{\ncolor:#ffffff;\n}\n<\/style>\n<div  class='avia-image-container av-lzxw66ub-9e8f20f8f46d58fe9a32ed8fb8670e76 av-styling- avia-align-center  avia-builder-el-7  avia-builder-el-no-sibling '   itemprop=\"image\" itemscope=\"itemscope\" itemtype=\"https:\/\/schema.org\/ImageObject\" ><div class=\"avia-image-container-inner\"><div class=\"avia-image-overlay-wrap\"><img decoding=\"async\" fetchpriority=\"high\" class='wp-image-19317 avia-img-lazy-loading-not-19317 avia_image ' src=\"https:\/\/beatrice-mueller.de\/wp-content\/uploads\/IMG_8516.png\" alt='' title='IMG_8516'  height=\"848\" width=\"690\"  itemprop=\"thumbnailUrl\" srcset=\"https:\/\/beatrice-mueller.de\/wp-content\/uploads\/IMG_8516.png 690w, https:\/\/beatrice-mueller.de\/wp-content\/uploads\/IMG_8516-244x300.png 244w, https:\/\/beatrice-mueller.de\/wp-content\/uploads\/IMG_8516-574x705.png 574w, https:\/\/beatrice-mueller.de\/wp-content\/uploads\/IMG_8516-450x553.png 450w, https:\/\/beatrice-mueller.de\/wp-content\/uploads\/IMG_8516-600x737.png 600w\" sizes=\"(max-width: 690px) 100vw, 690px\" \/><\/div><\/div><\/div><\/div><div  class='flex_column av-k9ei8j-278e8f3aa4664dbdaa0e4bb54ab964a0 av_one_half  avia-builder-el-8  el_after_av_one_half  el_before_av_one_third  flex_column_div  column-top-margin'     ><section  class='av_textblock_section av-lzxw87n3-9f0fcca4e7e114164246ee1ba1153b32 '   itemscope=\"itemscope\" itemtype=\"https:\/\/schema.org\/CreativeWork\" ><div class='avia_textblock'  itemprop=\"text\" ><p><strong>PERFECT GLAS <sup>\u00ae<\/sup><\/strong> est l&#8217;association de verres de haute qualit\u00e9 provenant de fabricants de verre traditionnels avec des \u00e9l\u00e9ments d\u00e9coratifs uniques et distinctifs. Un jeu avec des connexions mat\u00e9rielles et id\u00e9ales, avec des souvenirs. Parce que chaque disque repr\u00e9sente un moment particulier, une \u00e9tape importante sur le chemin de la vie. De cette fa\u00e7on, un seul verre devient une s\u00e9rie de petites anecdotes qui s\u2019additionnent pour former une histoire tr\u00e8s personnelle.<\/p>\n<\/div><\/section><\/div><\/p>\n<div  class='flex_column av-av_one_third-a2cef933b0a555f25d1e39b22a8e9dae av_one_third  avia-builder-el-10  el_after_av_one_half  el_before_av_one_third  first flex_column_div  column-top-margin'     ><style type=\"text\/css\" data-created_by=\"avia_inline_auto\" id=\"style-css-av-av_image-c51d9838ea9d5f783549c4b7b6f60286\">\n.avia-image-container.av-av_image-c51d9838ea9d5f783549c4b7b6f60286 img.avia_image{\nbox-shadow:none;\n}\n.avia-image-container.av-av_image-c51d9838ea9d5f783549c4b7b6f60286 .av-image-caption-overlay-center{\ncolor:#ffffff;\n}\n<\/style>\n<div  class='avia-image-container av-av_image-c51d9838ea9d5f783549c4b7b6f60286 av-styling- avia-align-center  avia-builder-el-11  avia-builder-el-no-sibling '   itemprop=\"image\" itemscope=\"itemscope\" itemtype=\"https:\/\/schema.org\/ImageObject\" ><div class=\"avia-image-container-inner\"><div class=\"avia-image-overlay-wrap\"><img decoding=\"async\" fetchpriority=\"high\" class='wp-image-19319 avia-img-lazy-loading-not-19319 avia_image ' src=\"https:\/\/beatrice-mueller.de\/wp-content\/uploads\/alpha-rot-mini-krone-300x200.jpg\" alt='' title='Fuga Burgunder Glas 23'  height=\"200\" width=\"300\"  itemprop=\"thumbnailUrl\" srcset=\"https:\/\/beatrice-mueller.de\/wp-content\/uploads\/alpha-rot-mini-krone-300x200.jpg 300w, https:\/\/beatrice-mueller.de\/wp-content\/uploads\/alpha-rot-mini-krone-1030x687.jpg 1030w, https:\/\/beatrice-mueller.de\/wp-content\/uploads\/alpha-rot-mini-krone-768x512.jpg 768w, https:\/\/beatrice-mueller.de\/wp-content\/uploads\/alpha-rot-mini-krone-1536x1024.jpg 1536w, https:\/\/beatrice-mueller.de\/wp-content\/uploads\/alpha-rot-mini-krone-2048x1365.jpg 2048w, https:\/\/beatrice-mueller.de\/wp-content\/uploads\/alpha-rot-mini-krone-1500x1000.jpg 1500w, https:\/\/beatrice-mueller.de\/wp-content\/uploads\/alpha-rot-mini-krone-705x470.jpg 705w, https:\/\/beatrice-mueller.de\/wp-content\/uploads\/alpha-rot-mini-krone-450x300.jpg 450w, https:\/\/beatrice-mueller.de\/wp-content\/uploads\/alpha-rot-mini-krone-600x400.jpg 600w\" sizes=\"(max-width: 300px) 100vw, 300px\" \/><\/div><\/div><\/div><\/div><div  class='flex_column av-av_one_third-538dd737667e19053994a94b9156413b av_one_third  avia-builder-el-12  el_after_av_one_third  el_before_av_one_third  flex_column_div  column-top-margin'     ><style type=\"text\/css\" data-created_by=\"avia_inline_auto\" id=\"style-css-av-av_image-c51d9838ea9d5f783549c4b7b6f60286\">\n.avia-image-container.av-av_image-c51d9838ea9d5f783549c4b7b6f60286 img.avia_image{\nbox-shadow:none;\n}\n.avia-image-container.av-av_image-c51d9838ea9d5f783549c4b7b6f60286 .av-image-caption-overlay-center{\ncolor:#ffffff;\n}\n<\/style>\n<div  class='avia-image-container av-av_image-c51d9838ea9d5f783549c4b7b6f60286 av-styling- avia-align-center  avia-builder-el-13  avia-builder-el-no-sibling '   itemprop=\"image\" itemscope=\"itemscope\" itemtype=\"https:\/\/schema.org\/ImageObject\" ><div class=\"avia-image-container-inner\"><div class=\"avia-image-overlay-wrap\"><img decoding=\"async\" fetchpriority=\"high\" class='wp-image-19319 avia-img-lazy-loading-not-19319 avia_image ' src=\"https:\/\/beatrice-mueller.de\/wp-content\/uploads\/alpha-rot-mini-krone-300x200.jpg\" alt='' title='Fuga Burgunder Glas 23'  height=\"200\" width=\"300\"  itemprop=\"thumbnailUrl\" srcset=\"https:\/\/beatrice-mueller.de\/wp-content\/uploads\/alpha-rot-mini-krone-300x200.jpg 300w, https:\/\/beatrice-mueller.de\/wp-content\/uploads\/alpha-rot-mini-krone-1030x687.jpg 1030w, https:\/\/beatrice-mueller.de\/wp-content\/uploads\/alpha-rot-mini-krone-768x512.jpg 768w, https:\/\/beatrice-mueller.de\/wp-content\/uploads\/alpha-rot-mini-krone-1536x1024.jpg 1536w, https:\/\/beatrice-mueller.de\/wp-content\/uploads\/alpha-rot-mini-krone-2048x1365.jpg 2048w, https:\/\/beatrice-mueller.de\/wp-content\/uploads\/alpha-rot-mini-krone-1500x1000.jpg 1500w, https:\/\/beatrice-mueller.de\/wp-content\/uploads\/alpha-rot-mini-krone-705x470.jpg 705w, https:\/\/beatrice-mueller.de\/wp-content\/uploads\/alpha-rot-mini-krone-450x300.jpg 450w, https:\/\/beatrice-mueller.de\/wp-content\/uploads\/alpha-rot-mini-krone-600x400.jpg 600w\" sizes=\"(max-width: 300px) 100vw, 300px\" \/><\/div><\/div><\/div><\/div><div  class='flex_column av-av_one_third-538dd737667e19053994a94b9156413b av_one_third  avia-builder-el-14  el_after_av_one_third  el_before_av_one_third  flex_column_div  column-top-margin'     ><style type=\"text\/css\" data-created_by=\"avia_inline_auto\" id=\"style-css-av-av_image-c51d9838ea9d5f783549c4b7b6f60286\">\n.avia-image-container.av-av_image-c51d9838ea9d5f783549c4b7b6f60286 img.avia_image{\nbox-shadow:none;\n}\n.avia-image-container.av-av_image-c51d9838ea9d5f783549c4b7b6f60286 .av-image-caption-overlay-center{\ncolor:#ffffff;\n}\n<\/style>\n<div  class='avia-image-container av-av_image-c51d9838ea9d5f783549c4b7b6f60286 av-styling- avia-align-center  avia-builder-el-15  avia-builder-el-no-sibling '   itemprop=\"image\" itemscope=\"itemscope\" itemtype=\"https:\/\/schema.org\/ImageObject\" ><div class=\"avia-image-container-inner\"><div class=\"avia-image-overlay-wrap\"><img decoding=\"async\" fetchpriority=\"high\" class='wp-image-19319 avia-img-lazy-loading-not-19319 avia_image ' src=\"https:\/\/beatrice-mueller.de\/wp-content\/uploads\/alpha-rot-mini-krone-300x200.jpg\" alt='' title='Fuga Burgunder Glas 23'  height=\"200\" width=\"300\"  itemprop=\"thumbnailUrl\" srcset=\"https:\/\/beatrice-mueller.de\/wp-content\/uploads\/alpha-rot-mini-krone-300x200.jpg 300w, https:\/\/beatrice-mueller.de\/wp-content\/uploads\/alpha-rot-mini-krone-1030x687.jpg 1030w, https:\/\/beatrice-mueller.de\/wp-content\/uploads\/alpha-rot-mini-krone-768x512.jpg 768w, https:\/\/beatrice-mueller.de\/wp-content\/uploads\/alpha-rot-mini-krone-1536x1024.jpg 1536w, https:\/\/beatrice-mueller.de\/wp-content\/uploads\/alpha-rot-mini-krone-2048x1365.jpg 2048w, https:\/\/beatrice-mueller.de\/wp-content\/uploads\/alpha-rot-mini-krone-1500x1000.jpg 1500w, https:\/\/beatrice-mueller.de\/wp-content\/uploads\/alpha-rot-mini-krone-705x470.jpg 705w, https:\/\/beatrice-mueller.de\/wp-content\/uploads\/alpha-rot-mini-krone-450x300.jpg 450w, https:\/\/beatrice-mueller.de\/wp-content\/uploads\/alpha-rot-mini-krone-600x400.jpg 600w\" sizes=\"(max-width: 300px) 100vw, 300px\" \/><\/div><\/div><\/div><\/div><div  class='flex_column av-av_one_third-a2cef933b0a555f25d1e39b22a8e9dae av_one_third  avia-builder-el-16  el_after_av_one_third  el_before_av_one_third  first flex_column_div  column-top-margin'     ><style type=\"text\/css\" data-created_by=\"avia_inline_auto\" id=\"style-css-av-av_image-c51d9838ea9d5f783549c4b7b6f60286\">\n.avia-image-container.av-av_image-c51d9838ea9d5f783549c4b7b6f60286 img.avia_image{\nbox-shadow:none;\n}\n.avia-image-container.av-av_image-c51d9838ea9d5f783549c4b7b6f60286 .av-image-caption-overlay-center{\ncolor:#ffffff;\n}\n<\/style>\n<div  class='avia-image-container av-av_image-c51d9838ea9d5f783549c4b7b6f60286 av-styling- avia-align-center  avia-builder-el-17  avia-builder-el-no-sibling '   itemprop=\"image\" itemscope=\"itemscope\" itemtype=\"https:\/\/schema.org\/ImageObject\" ><div class=\"avia-image-container-inner\"><div class=\"avia-image-overlay-wrap\"><img decoding=\"async\" fetchpriority=\"high\" class='wp-image-19319 avia-img-lazy-loading-not-19319 avia_image ' src=\"https:\/\/beatrice-mueller.de\/wp-content\/uploads\/alpha-rot-mini-krone-300x200.jpg\" alt='' title='Fuga Burgunder Glas 23'  height=\"200\" width=\"300\"  itemprop=\"thumbnailUrl\" srcset=\"https:\/\/beatrice-mueller.de\/wp-content\/uploads\/alpha-rot-mini-krone-300x200.jpg 300w, https:\/\/beatrice-mueller.de\/wp-content\/uploads\/alpha-rot-mini-krone-1030x687.jpg 1030w, https:\/\/beatrice-mueller.de\/wp-content\/uploads\/alpha-rot-mini-krone-768x512.jpg 768w, https:\/\/beatrice-mueller.de\/wp-content\/uploads\/alpha-rot-mini-krone-1536x1024.jpg 1536w, https:\/\/beatrice-mueller.de\/wp-content\/uploads\/alpha-rot-mini-krone-2048x1365.jpg 2048w, https:\/\/beatrice-mueller.de\/wp-content\/uploads\/alpha-rot-mini-krone-1500x1000.jpg 1500w, https:\/\/beatrice-mueller.de\/wp-content\/uploads\/alpha-rot-mini-krone-705x470.jpg 705w, https:\/\/beatrice-mueller.de\/wp-content\/uploads\/alpha-rot-mini-krone-450x300.jpg 450w, https:\/\/beatrice-mueller.de\/wp-content\/uploads\/alpha-rot-mini-krone-600x400.jpg 600w\" sizes=\"(max-width: 300px) 100vw, 300px\" \/><\/div><\/div><\/div><\/div><div  class='flex_column av-av_one_third-538dd737667e19053994a94b9156413b av_one_third  avia-builder-el-18  el_after_av_one_third  el_before_av_one_third  flex_column_div  column-top-margin'     ><style type=\"text\/css\" data-created_by=\"avia_inline_auto\" id=\"style-css-av-lzy3nk92-3792f04fddbbf0bd0ea555dc87a21b0f\">\n.avia-image-container.av-lzy3nk92-3792f04fddbbf0bd0ea555dc87a21b0f img.avia_image{\nbox-shadow:none;\n}\n.avia-image-container.av-lzy3nk92-3792f04fddbbf0bd0ea555dc87a21b0f .av-image-caption-overlay-center{\ncolor:#ffffff;\n}\n<\/style>\n<div  class='avia-image-container av-lzy3nk92-3792f04fddbbf0bd0ea555dc87a21b0f av-styling- avia-align-center  avia-builder-el-19  avia-builder-el-no-sibling '   itemprop=\"image\" itemscope=\"itemscope\" itemtype=\"https:\/\/schema.org\/ImageObject\" ><div class=\"avia-image-container-inner\"><div class=\"avia-image-overlay-wrap\"><img decoding=\"async\" fetchpriority=\"high\" class='wp-image-19319 avia-img-lazy-loading-not-19319 avia_image ' src=\"https:\/\/beatrice-mueller.de\/wp-content\/uploads\/alpha-rot-mini-krone-300x200.jpg\" alt='' title='Fuga Burgunder Glas 23'  height=\"200\" width=\"300\"  itemprop=\"thumbnailUrl\" srcset=\"https:\/\/beatrice-mueller.de\/wp-content\/uploads\/alpha-rot-mini-krone-300x200.jpg 300w, https:\/\/beatrice-mueller.de\/wp-content\/uploads\/alpha-rot-mini-krone-1030x687.jpg 1030w, https:\/\/beatrice-mueller.de\/wp-content\/uploads\/alpha-rot-mini-krone-768x512.jpg 768w, https:\/\/beatrice-mueller.de\/wp-content\/uploads\/alpha-rot-mini-krone-1536x1024.jpg 1536w, https:\/\/beatrice-mueller.de\/wp-content\/uploads\/alpha-rot-mini-krone-2048x1365.jpg 2048w, https:\/\/beatrice-mueller.de\/wp-content\/uploads\/alpha-rot-mini-krone-1500x1000.jpg 1500w, https:\/\/beatrice-mueller.de\/wp-content\/uploads\/alpha-rot-mini-krone-705x470.jpg 705w, https:\/\/beatrice-mueller.de\/wp-content\/uploads\/alpha-rot-mini-krone-450x300.jpg 450w, https:\/\/beatrice-mueller.de\/wp-content\/uploads\/alpha-rot-mini-krone-600x400.jpg 600w\" sizes=\"(max-width: 300px) 100vw, 300px\" \/><\/div><\/div><\/div><\/div><div  class='flex_column av-av_one_third-538dd737667e19053994a94b9156413b av_one_third  avia-builder-el-20  el_after_av_one_third  avia-builder-el-last  flex_column_div  column-top-margin'     ><style type=\"text\/css\" data-created_by=\"avia_inline_auto\" id=\"style-css-av-av_image-c51d9838ea9d5f783549c4b7b6f60286\">\n.avia-image-container.av-av_image-c51d9838ea9d5f783549c4b7b6f60286 img.avia_image{\nbox-shadow:none;\n}\n.avia-image-container.av-av_image-c51d9838ea9d5f783549c4b7b6f60286 .av-image-caption-overlay-center{\ncolor:#ffffff;\n}\n<\/style>\n<div  class='avia-image-container av-av_image-c51d9838ea9d5f783549c4b7b6f60286 av-styling- avia-align-center  avia-builder-el-21  avia-builder-el-no-sibling '   itemprop=\"image\" itemscope=\"itemscope\" itemtype=\"https:\/\/schema.org\/ImageObject\" ><div class=\"avia-image-container-inner\"><div class=\"avia-image-overlay-wrap\"><img decoding=\"async\" fetchpriority=\"high\" class='wp-image-19319 avia-img-lazy-loading-not-19319 avia_image ' src=\"https:\/\/beatrice-mueller.de\/wp-content\/uploads\/alpha-rot-mini-krone-300x200.jpg\" alt='' title='Fuga Burgunder Glas 23'  height=\"200\" width=\"300\"  itemprop=\"thumbnailUrl\" srcset=\"https:\/\/beatrice-mueller.de\/wp-content\/uploads\/alpha-rot-mini-krone-300x200.jpg 300w, https:\/\/beatrice-mueller.de\/wp-content\/uploads\/alpha-rot-mini-krone-1030x687.jpg 1030w, https:\/\/beatrice-mueller.de\/wp-content\/uploads\/alpha-rot-mini-krone-768x512.jpg 768w, https:\/\/beatrice-mueller.de\/wp-content\/uploads\/alpha-rot-mini-krone-1536x1024.jpg 1536w, https:\/\/beatrice-mueller.de\/wp-content\/uploads\/alpha-rot-mini-krone-2048x1365.jpg 2048w, https:\/\/beatrice-mueller.de\/wp-content\/uploads\/alpha-rot-mini-krone-1500x1000.jpg 1500w, https:\/\/beatrice-mueller.de\/wp-content\/uploads\/alpha-rot-mini-krone-705x470.jpg 705w, https:\/\/beatrice-mueller.de\/wp-content\/uploads\/alpha-rot-mini-krone-450x300.jpg 450w, https:\/\/beatrice-mueller.de\/wp-content\/uploads\/alpha-rot-mini-krone-600x400.jpg 600w\" sizes=\"(max-width: 300px) 100vw, 300px\" \/><\/div><\/div><\/div><\/div><\/p>\n","protected":false},"excerpt":{"rendered":"","protected":false},"author":1,"featured_media":0,"parent":0,"menu_order":0,"comment_status":"closed","ping_status":"closed","template":"","meta":{"_glsr_average":0,"_glsr_ranking":0,"_glsr_reviews":0,"footnotes":""},"class_list":["post-19314","page","type-page","status-publish","hentry"],"yoast_head":"<!-- This site is optimized with the Yoast SEO plugin v25.6 - https:\/\/yoast.com\/wordpress\/plugins\/seo\/ -->\n<title>Semaine de la mode de Milan - Beatrice M\u00fcller<\/title>\n<meta name=\"robots\" content=\"index, follow, max-snippet:-1, max-image-preview:large, max-video-preview:-1\" \/>\n<link rel=\"canonical\" href=\"https:\/\/beatrice-mueller.de\/fr\/semaine-de-la-mode-de-milan\/\" \/>\n<meta property=\"og:locale\" content=\"fr_FR\" \/>\n<meta property=\"og:type\" content=\"article\" \/>\n<meta property=\"og:title\" content=\"Semaine de la mode de Milan - Beatrice M\u00fcller\" \/>\n<meta property=\"og:url\" content=\"https:\/\/beatrice-mueller.de\/fr\/semaine-de-la-mode-de-milan\/\" \/>\n<meta property=\"og:site_name\" content=\"Beatrice M\u00fcller\" \/>\n<meta property=\"article:modified_time\" content=\"2025-02-16T11:47:01+00:00\" \/>\n<meta name=\"twitter:card\" content=\"summary_large_image\" \/>\n<meta name=\"twitter:label1\" content=\"Dur\u00e9e de lecture estim\u00e9e\" \/>\n\t<meta name=\"twitter:data1\" content=\"43 minutes\" \/>\n<script type=\"application\/ld+json\" class=\"yoast-schema-graph\">{\"@context\":\"https:\/\/schema.org\",\"@graph\":[{\"@type\":\"WebPage\",\"@id\":\"https:\/\/beatrice-mueller.de\/fr\/semaine-de-la-mode-de-milan\/\",\"url\":\"https:\/\/beatrice-mueller.de\/fr\/semaine-de-la-mode-de-milan\/\",\"name\":\"Semaine de la mode de Milan - Beatrice M\u00fcller\",\"isPartOf\":{\"@id\":\"https:\/\/beatrice-mueller.de\/fr\/#website\"},\"datePublished\":\"2025-02-11T09:38:32+00:00\",\"dateModified\":\"2025-02-16T11:47:01+00:00\",\"breadcrumb\":{\"@id\":\"https:\/\/beatrice-mueller.de\/fr\/semaine-de-la-mode-de-milan\/#breadcrumb\"},\"inLanguage\":\"fr-FR\",\"potentialAction\":[{\"@type\":\"ReadAction\",\"target\":[\"https:\/\/beatrice-mueller.de\/fr\/semaine-de-la-mode-de-milan\/\"]}]},{\"@type\":\"BreadcrumbList\",\"@id\":\"https:\/\/beatrice-mueller.de\/fr\/semaine-de-la-mode-de-milan\/#breadcrumb\",\"itemListElement\":[{\"@type\":\"ListItem\",\"position\":1,\"name\":\"Startseite\",\"item\":\"https:\/\/beatrice-mueller.de\/fr\/\"},{\"@type\":\"ListItem\",\"position\":2,\"name\":\"Semaine de la mode de Milan\"}]},{\"@type\":\"WebSite\",\"@id\":\"https:\/\/beatrice-mueller.de\/fr\/#website\",\"url\":\"https:\/\/beatrice-mueller.de\/fr\/\",\"name\":\"Beatrice M\u00fcller\",\"description\":\"Schmuckdesign\",\"potentialAction\":[{\"@type\":\"SearchAction\",\"target\":{\"@type\":\"EntryPoint\",\"urlTemplate\":\"https:\/\/beatrice-mueller.de\/fr\/?s={search_term_string}\"},\"query-input\":{\"@type\":\"PropertyValueSpecification\",\"valueRequired\":true,\"valueName\":\"search_term_string\"}}],\"inLanguage\":\"fr-FR\"}]}<\/script>\n<!-- \/ Yoast SEO plugin. -->","yoast_head_json":{"title":"Semaine de la mode de Milan - Beatrice M\u00fcller","robots":{"index":"index","follow":"follow","max-snippet":"max-snippet:-1","max-image-preview":"max-image-preview:large","max-video-preview":"max-video-preview:-1"},"canonical":"https:\/\/beatrice-mueller.de\/fr\/semaine-de-la-mode-de-milan\/","og_locale":"fr_FR","og_type":"article","og_title":"Semaine de la mode de Milan - Beatrice M\u00fcller","og_url":"https:\/\/beatrice-mueller.de\/fr\/semaine-de-la-mode-de-milan\/","og_site_name":"Beatrice M\u00fcller","article_modified_time":"2025-02-16T11:47:01+00:00","twitter_card":"summary_large_image","twitter_misc":{"Dur\u00e9e de lecture estim\u00e9e":"43 minutes"},"schema":{"@context":"https:\/\/schema.org","@graph":[{"@type":"WebPage","@id":"https:\/\/beatrice-mueller.de\/fr\/semaine-de-la-mode-de-milan\/","url":"https:\/\/beatrice-mueller.de\/fr\/semaine-de-la-mode-de-milan\/","name":"Semaine de la mode de Milan - Beatrice M\u00fcller","isPartOf":{"@id":"https:\/\/beatrice-mueller.de\/fr\/#website"},"datePublished":"2025-02-11T09:38:32+00:00","dateModified":"2025-02-16T11:47:01+00:00","breadcrumb":{"@id":"https:\/\/beatrice-mueller.de\/fr\/semaine-de-la-mode-de-milan\/#breadcrumb"},"inLanguage":"fr-FR","potentialAction":[{"@type":"ReadAction","target":["https:\/\/beatrice-mueller.de\/fr\/semaine-de-la-mode-de-milan\/"]}]},{"@type":"BreadcrumbList","@id":"https:\/\/beatrice-mueller.de\/fr\/semaine-de-la-mode-de-milan\/#breadcrumb","itemListElement":[{"@type":"ListItem","position":1,"name":"Startseite","item":"https:\/\/beatrice-mueller.de\/fr\/"},{"@type":"ListItem","position":2,"name":"Semaine de la mode de Milan"}]},{"@type":"WebSite","@id":"https:\/\/beatrice-mueller.de\/fr\/#website","url":"https:\/\/beatrice-mueller.de\/fr\/","name":"Beatrice M\u00fcller","description":"Schmuckdesign","potentialAction":[{"@type":"SearchAction","target":{"@type":"EntryPoint","urlTemplate":"https:\/\/beatrice-mueller.de\/fr\/?s={search_term_string}"},"query-input":{"@type":"PropertyValueSpecification","valueRequired":true,"valueName":"search_term_string"}}],"inLanguage":"fr-FR"}]}},"_links":{"self":[{"href":"https:\/\/beatrice-mueller.de\/fr\/wp-json\/wp\/v2\/pages\/19314","targetHints":{"allow":["GET"]}}],"collection":[{"href":"https:\/\/beatrice-mueller.de\/fr\/wp-json\/wp\/v2\/pages"}],"about":[{"href":"https:\/\/beatrice-mueller.de\/fr\/wp-json\/wp\/v2\/types\/page"}],"author":[{"embeddable":true,"href":"https:\/\/beatrice-mueller.de\/fr\/wp-json\/wp\/v2\/users\/1"}],"replies":[{"embeddable":true,"href":"https:\/\/beatrice-mueller.de\/fr\/wp-json\/wp\/v2\/comments?post=19314"}],"version-history":[{"count":2,"href":"https:\/\/beatrice-mueller.de\/fr\/wp-json\/wp\/v2\/pages\/19314\/revisions"}],"predecessor-version":[{"id":19646,"href":"https:\/\/beatrice-mueller.de\/fr\/wp-json\/wp\/v2\/pages\/19314\/revisions\/19646"}],"wp:attachment":[{"href":"https:\/\/beatrice-mueller.de\/fr\/wp-json\/wp\/v2\/media?parent=19314"}],"curies":[{"name":"wp","href":"https:\/\/api.w.org\/{rel}","templated":true}]}}