{"id":19376,"date":"2025-02-11T10:38:41","date_gmt":"2025-02-11T09:38:41","guid":{"rendered":"https:\/\/beatrice-mueller.de\/revue\/"},"modified":"2025-02-11T10:38:41","modified_gmt":"2025-02-11T09:38:41","slug":"revue","status":"publish","type":"page","link":"https:\/\/beatrice-mueller.de\/fr\/revue\/","title":{"rendered":"revue"},"content":{"rendered":"<div  class='flex_column av-nqjs0s-3615555e85d7103bacfe4f5a34408801 av_one_full  avia-builder-el-0  el_before_av_one_full  avia-builder-el-first  first flex_column_div  '     ><style type=\"text\/css\" data-created_by=\"avia_inline_auto\" id=\"style-css-av-l6ewx2rg-009ad143e534608e6a4ae4c0b52ce4c2\">\n#top .av-special-heading.av-l6ewx2rg-009ad143e534608e6a4ae4c0b52ce4c2{\npadding-bottom:10px;\n}\nbody .av-special-heading.av-l6ewx2rg-009ad143e534608e6a4ae4c0b52ce4c2 .av-special-heading-tag .heading-char{\nfont-size:25px;\n}\n.av-special-heading.av-l6ewx2rg-009ad143e534608e6a4ae4c0b52ce4c2 .av-subheading{\nfont-size:15px;\n}\n<\/style>\n<div  class='av-special-heading av-l6ewx2rg-009ad143e534608e6a4ae4c0b52ce4c2 av-special-heading-h1 blockquote modern-quote modern-centered  avia-builder-el-1  avia-builder-el-no-sibling '><h1 class='av-special-heading-tag '  itemprop=\"headline\"  >revue<\/h1><div class=\"special-heading-border\"><div class=\"special-heading-inner-border\"><\/div><\/div><\/div><\/div><div  class='flex_column av-t5po4c-b50845ee67cd5bd433175eba628348b5 av_one_full  avia-builder-el-2  el_after_av_one_full  avia-builder-el-last  first flex_column_div  column-top-margin'     ><div id='av-masonry-1' class='av-masonry av-l6ex39f5-a656b39b5bff08a0efee5d1a85cc1e15 noHover av-fixed-size av-large-gap av-hover-overlay-active av-masonry-animation-active av-masonry-col-3 av-caption-always av-caption-style- av-masonry-entries av-orientation-square ' data-post_id=\"19376\"><div class=\"av-masonry-container isotope av-js-disabled\"><div class='av-masonry-entry isotope-item av-masonry-item-no-image '><\/div><a href=\"https:\/\/beatrice-mueller.de\/fr\/illusion\/\"  id='av-masonry-1-item-27556' data-av-masonry-item='27556' class='av-masonry-entry isotope-item post-27556 post type-post status-publish format-standard has-post-thumbnail hentry category-atelier-schmuck-design-objets category-non-classifiee  av-masonry-item-with-image' title=\"Einladungskarte Illusion (210 x 105 mm) (214 x 109 mm) (420 x 297 mm) (297 x 420 mm) (595 x 840 mm) (595 x 841 mm) (1500 x 841 mm) (1200 x 1200 mm) (2)\"   itemscope=\"itemscope\" itemtype=\"https:\/\/schema.org\/CreativeWork\" ><div class='av-inner-masonry-sizer'><\/div><figure class='av-inner-masonry main_color'><div class=\"av-masonry-outerimage-container\"><div class='av-masonry-image-container' style=\"background-image: url(https:\/\/beatrice-mueller.de\/wp-content\/uploads\/Einladungskarte-Illusion-210-x-105-mm-214-x-109-mm-420-x-297-mm-297-x-420-mm-595-x-840-mm-595-x-841-mm-1500-x-841-mm-1200-x-1200-mm-2-705x705.png);\"  title=\"Einladungskarte Illusion (210 x 105 mm) (214 x 109 mm) (420 x 297 mm) (297 x 420 mm) (595 x 840 mm) (595 x 841 mm) (1500 x 841 mm) (1200 x 1200 mm) (2)\" ><\/div><\/div><\/figure><\/a><!--end av-masonry entry--><a href=\"https:\/\/beatrice-mueller.de\/fr\/succes-au-championnat-du-monde-international-de-speaker-slam\/\"  id='av-masonry-1-item-27129' data-av-masonry-item='27129' class='av-masonry-entry isotope-item post-27129 post type-post status-publish format-standard has-post-thumbnail hentry category-beatrice-mueller-fr  av-masonry-item-with-image' title=\"beatrice-mueller-hermann-scherer\"   itemscope=\"itemscope\" itemtype=\"https:\/\/schema.org\/CreativeWork\" ><div class='av-inner-masonry-sizer'><\/div><figure class='av-inner-masonry main_color'><div class=\"av-masonry-outerimage-container\"><div class='av-masonry-image-container' style=\"background-image: url(https:\/\/beatrice-mueller.de\/wp-content\/uploads\/2020\/10\/beatrice-mueller-hermann-scherer-705x470.jpg);\"  title=\"beatrice-mueller-hermann-scherer\" ><\/div><\/div><\/figure><\/a><!--end av-masonry entry--><a href=\"https:\/\/beatrice-mueller.de\/fr\/longue-nuit-et-journee-portes-ouvertes\/\"  id='av-masonry-1-item-27081' data-av-masonry-item='27081' class='av-masonry-entry isotope-item post-27081 post type-post status-publish format-standard has-post-thumbnail hentry category-atelier-schmuck-design-objets  av-masonry-item-with-image' title=\"Tag-offenen-Tur-2021\"   itemscope=\"itemscope\" itemtype=\"https:\/\/schema.org\/CreativeWork\" ><div class='av-inner-masonry-sizer'><\/div><figure class='av-inner-masonry main_color'><div class=\"av-masonry-outerimage-container\"><div class='av-masonry-image-container' style=\"background-image: url(https:\/\/beatrice-mueller.de\/wp-content\/uploads\/2021\/09\/Tag-offenen-Tur-2021-705x454.jpeg);\"  title=\"Tag-offenen-Tur-2021\" ><\/div><\/div><\/figure><\/a><!--end av-masonry entry--><a href=\"https:\/\/beatrice-mueller.de\/fr\/a-la-television-beatrice-mueller-celebre-le-1er-anniversaire-de-cunz-x\/\"  id='av-masonry-1-item-27083' data-av-masonry-item='27083' class='av-masonry-entry isotope-item post-27083 post type-post status-publish format-standard has-post-thumbnail hentry category-beatrice-mueller-fr category-beatrice-mueller-conferenciere category-cunz-fr  av-masonry-item-with-image' title=\"mutmacherschmuck-corona\"   itemscope=\"itemscope\" itemtype=\"https:\/\/schema.org\/CreativeWork\" ><div class='av-inner-masonry-sizer'><\/div><figure class='av-inner-masonry main_color'><div class=\"av-masonry-outerimage-container\"><div class='av-masonry-image-container' style=\"background-image: url(https:\/\/beatrice-mueller.de\/wp-content\/uploads\/2021\/02\/mutmacherschmuck-corona-705x469.jpg);\"  title=\"mutmacherschmuck-corona\" ><\/div><\/div><\/figure><\/a><!--end av-masonry entry--><a href=\"https:\/\/beatrice-mueller.de\/fr\/il-y-a-un-grand-besoin-pourquoi-je-suis-maintenant-aussi-un-mentor\/\"  id='av-masonry-1-item-27061' data-av-masonry-item='27061' class='av-masonry-entry isotope-item post-27061 post type-post status-publish format-standard has-post-thumbnail hentry category-beatrice-mueller-fr  av-masonry-item-with-image' title=\"BM_Homepage-Vorlagen_Headerbild_Speaker_Neu\"   itemscope=\"itemscope\" itemtype=\"https:\/\/schema.org\/CreativeWork\" ><div class='av-inner-masonry-sizer'><\/div><figure class='av-inner-masonry main_color'><div class=\"av-masonry-outerimage-container\"><div class='av-masonry-image-container' style=\"background-image: url(https:\/\/beatrice-mueller.de\/wp-content\/uploads\/2021\/11\/BM_Homepage-Vorlagen_Headerbild_Speaker_Neu-705x397.jpg);\"  title=\"BM_Homepage-Vorlagen_Headerbild_Speaker_Neu\" ><\/div><\/div><\/figure><\/a><!--end av-masonry entry--><a href=\"https:\/\/beatrice-mueller.de\/fr\/ordre-decoratif\/\"  id='av-masonry-1-item-27038' data-av-masonry-item='27038' class='av-masonry-entry isotope-item post-27038 post type-post status-publish format-standard has-post-thumbnail hentry category-atelier-schmuck-design-objets  av-masonry-item-with-image' title=\"Blog-Beatrice-Mueller-Schmuckorden-Glanz-und-Gloria-Liebesorden-Geschenk\"   itemscope=\"itemscope\" itemtype=\"https:\/\/schema.org\/CreativeWork\" ><div class='av-inner-masonry-sizer'><\/div><figure class='av-inner-masonry main_color'><div class=\"av-masonry-outerimage-container\"><div class='av-masonry-image-container' style=\"background-image: url(https:\/\/beatrice-mueller.de\/wp-content\/uploads\/Blog-Beatrice-Mueller-Schmuckorden-Glanz-und-Gloria-Liebesorden-Geschenk-705x705.jpg);\"  title=\"Blog-Beatrice-Mueller-Schmuckorden-Glanz-und-Gloria-Liebesorden-Geschenk\" ><\/div><\/div><\/figure><\/a><!--end av-masonry entry--><a href=\"https:\/\/beatrice-mueller.de\/fr\/la-cle-du-paradis\/\"  id='av-masonry-1-item-27019' data-av-masonry-item='27019' class='av-masonry-entry isotope-item post-27019 post type-post status-publish format-standard has-post-thumbnail hentry category-atelier-schmuck-design-objets category-non-classifiee  av-masonry-item-with-image' title=\"Schl\u00fcssel-Paradies-Liebe-Platin-Brillant-Hochkarat\"   itemscope=\"itemscope\" itemtype=\"https:\/\/schema.org\/CreativeWork\" ><div class='av-inner-masonry-sizer'><\/div><figure class='av-inner-masonry main_color'><div class=\"av-masonry-outerimage-container\"><div class='av-masonry-image-container' style=\"background-image: url(https:\/\/beatrice-mueller.de\/wp-content\/uploads\/1-2-1.jpg);\"  title=\"Schl\u00fcssel-Paradies-Liebe-Platin-Brillant-Hochkarat\" ><\/div><\/div><\/figure><\/a><!--end av-masonry entry--><a href=\"https:\/\/beatrice-mueller.de\/fr\/la-meduse\/\"  id='av-masonry-1-item-27014' data-av-masonry-item='27014' class='av-masonry-entry isotope-item post-27014 post type-post status-publish format-standard has-post-thumbnail hentry category-atelier-schmuck-design-objets category-non-classifiee  av-masonry-item-with-image' title=\"Medusa-Hochkarat-rotgold-Wei\u00dfgold-Brillanten\"   itemscope=\"itemscope\" itemtype=\"https:\/\/schema.org\/CreativeWork\" ><div class='av-inner-masonry-sizer'><\/div><figure class='av-inner-masonry main_color'><div class=\"av-masonry-outerimage-container\"><div class='av-masonry-image-container' style=\"background-image: url(https:\/\/beatrice-mueller.de\/wp-content\/uploads\/Medusa-1-1.jpg);\"  title=\"Medusa-Hochkarat-rotgold-Wei\u00dfgold-Brillanten\" ><\/div><\/div><\/figure><\/a><!--end av-masonry entry--><a href=\"https:\/\/beatrice-mueller.de\/fr\/lachevement\/\"  id='av-masonry-1-item-27001' data-av-masonry-item='27001' class='av-masonry-entry isotope-item post-27001 post type-post status-publish format-standard has-post-thumbnail hentry category-atelier-schmuck-design-objets category-non-classifiee  av-masonry-item-with-image' title=\"Ring-Vollendung-Gelbgold-Brillanten-Hochkarat\"   itemscope=\"itemscope\" itemtype=\"https:\/\/schema.org\/CreativeWork\" ><div class='av-inner-masonry-sizer'><\/div><figure class='av-inner-masonry main_color'><div class=\"av-masonry-outerimage-container\"><div class='av-masonry-image-container' style=\"background-image: url(https:\/\/beatrice-mueller.de\/wp-content\/uploads\/750-GG-068-ct-tw-if-2.jpg);\"  title=\"Ring-Vollendung-Gelbgold-Brillanten-Hochkarat\" ><\/div><\/div><\/figure><\/a><!--end av-masonry entry--><a href=\"https:\/\/beatrice-mueller.de\/fr\/loeil-vigilant\/\"  id='av-masonry-1-item-26986' data-av-masonry-item='26986' class='av-masonry-entry isotope-item post-26986 post type-post status-publish format-standard has-post-thumbnail hentry category-atelier-schmuck-design-objets category-non-classifiee  av-masonry-item-with-image' title=\"Das-wachende-Auge-Gelbgold-Hochkarat-Brillant\"   itemscope=\"itemscope\" itemtype=\"https:\/\/schema.org\/CreativeWork\" ><div class='av-inner-masonry-sizer'><\/div><figure class='av-inner-masonry main_color'><div class=\"av-masonry-outerimage-container\"><div class='av-masonry-image-container' style=\"background-image: url(https:\/\/beatrice-mueller.de\/wp-content\/uploads\/750-GG-068-ct-tw-if-1-1.jpg);\"  title=\"Das-wachende-Auge-Gelbgold-Hochkarat-Brillant\" ><\/div><\/div><\/figure><\/a><!--end av-masonry entry--><a href=\"https:\/\/beatrice-mueller.de\/fr\/le-donneur\/\"  id='av-masonry-1-item-26987' data-av-masonry-item='26987' class='av-masonry-entry isotope-item post-26987 post type-post status-publish format-standard has-post-thumbnail hentry category-atelier-schmuck-design-objets category-non-classifiee  av-masonry-item-with-image' title=\"Der-Geber-Brillant-Gold-Hochkarat\"   itemscope=\"itemscope\" itemtype=\"https:\/\/schema.org\/CreativeWork\" ><div class='av-inner-masonry-sizer'><\/div><figure class='av-inner-masonry main_color'><div class=\"av-masonry-outerimage-container\"><div class='av-masonry-image-container' style=\"background-image: url(https:\/\/beatrice-mueller.de\/wp-content\/uploads\/1-2.jpg);\"  title=\"Der-Geber-Brillant-Gold-Hochkarat\" ><\/div><\/div><\/figure><\/a><!--end av-masonry entry--><\/div><\/div><\/div><\/p>\n","protected":false},"excerpt":{"rendered":"","protected":false},"author":1,"featured_media":0,"parent":0,"menu_order":0,"comment_status":"closed","ping_status":"closed","template":"","meta":{"_glsr_average":0,"_glsr_ranking":0,"_glsr_reviews":0,"footnotes":""},"class_list":["post-19376","page","type-page","status-publish","hentry"],"yoast_head":"<!-- This site is optimized with the Yoast SEO plugin v25.6 - https:\/\/yoast.com\/wordpress\/plugins\/seo\/ -->\n<title>revue - Beatrice M\u00fcller<\/title>\n<meta name=\"description\" content=\"Apprenez-en davantage sur l\u2019art de la conception de bijoux et laissez-vous inspirer. Beatrice M\u00fcller vous tient au courant sur son blog.\" \/>\n<meta name=\"robots\" content=\"index, follow, max-snippet:-1, max-image-preview:large, max-video-preview:-1\" \/>\n<link rel=\"canonical\" href=\"https:\/\/beatrice-mueller.de\/fr\/revue\/\" \/>\n<meta property=\"og:locale\" content=\"fr_FR\" \/>\n<meta property=\"og:type\" content=\"article\" \/>\n<meta property=\"og:title\" content=\"revue - Beatrice M\u00fcller\" \/>\n<meta property=\"og:description\" content=\"Apprenez-en davantage sur l\u2019art de la conception de bijoux et laissez-vous inspirer. Beatrice M\u00fcller vous tient au courant sur son blog.\" \/>\n<meta property=\"og:url\" content=\"https:\/\/beatrice-mueller.de\/fr\/revue\/\" \/>\n<meta property=\"og:site_name\" content=\"Beatrice M\u00fcller\" \/>\n<meta name=\"twitter:card\" content=\"summary_large_image\" \/>\n<meta name=\"twitter:label1\" content=\"Dur\u00e9e de lecture estim\u00e9e\" \/>\n\t<meta name=\"twitter:data1\" content=\"4 minutes\" \/>\n<script type=\"application\/ld+json\" class=\"yoast-schema-graph\">{\"@context\":\"https:\/\/schema.org\",\"@graph\":[{\"@type\":\"WebPage\",\"@id\":\"https:\/\/beatrice-mueller.de\/fr\/revue\/\",\"url\":\"https:\/\/beatrice-mueller.de\/fr\/revue\/\",\"name\":\"revue - Beatrice M\u00fcller\",\"isPartOf\":{\"@id\":\"https:\/\/beatrice-mueller.de\/fr\/#website\"},\"datePublished\":\"2025-02-11T09:38:41+00:00\",\"description\":\"Apprenez-en davantage sur l\u2019art de la conception de bijoux et laissez-vous inspirer. Beatrice M\u00fcller vous tient au courant sur son blog.\",\"breadcrumb\":{\"@id\":\"https:\/\/beatrice-mueller.de\/fr\/revue\/#breadcrumb\"},\"inLanguage\":\"fr-FR\",\"potentialAction\":[{\"@type\":\"ReadAction\",\"target\":[\"https:\/\/beatrice-mueller.de\/fr\/revue\/\"]}]},{\"@type\":\"BreadcrumbList\",\"@id\":\"https:\/\/beatrice-mueller.de\/fr\/revue\/#breadcrumb\",\"itemListElement\":[{\"@type\":\"ListItem\",\"position\":1,\"name\":\"Startseite\",\"item\":\"https:\/\/beatrice-mueller.de\/fr\/\"},{\"@type\":\"ListItem\",\"position\":2,\"name\":\"revue\"}]},{\"@type\":\"WebSite\",\"@id\":\"https:\/\/beatrice-mueller.de\/fr\/#website\",\"url\":\"https:\/\/beatrice-mueller.de\/fr\/\",\"name\":\"Beatrice M\u00fcller\",\"description\":\"Schmuckdesign\",\"potentialAction\":[{\"@type\":\"SearchAction\",\"target\":{\"@type\":\"EntryPoint\",\"urlTemplate\":\"https:\/\/beatrice-mueller.de\/fr\/?s={search_term_string}\"},\"query-input\":{\"@type\":\"PropertyValueSpecification\",\"valueRequired\":true,\"valueName\":\"search_term_string\"}}],\"inLanguage\":\"fr-FR\"}]}<\/script>\n<!-- \/ Yoast SEO plugin. -->","yoast_head_json":{"title":"revue - Beatrice M\u00fcller","description":"Apprenez-en davantage sur l\u2019art de la conception de bijoux et laissez-vous inspirer. Beatrice M\u00fcller vous tient au courant sur son blog.","robots":{"index":"index","follow":"follow","max-snippet":"max-snippet:-1","max-image-preview":"max-image-preview:large","max-video-preview":"max-video-preview:-1"},"canonical":"https:\/\/beatrice-mueller.de\/fr\/revue\/","og_locale":"fr_FR","og_type":"article","og_title":"revue - Beatrice M\u00fcller","og_description":"Apprenez-en davantage sur l\u2019art de la conception de bijoux et laissez-vous inspirer. Beatrice M\u00fcller vous tient au courant sur son blog.","og_url":"https:\/\/beatrice-mueller.de\/fr\/revue\/","og_site_name":"Beatrice M\u00fcller","twitter_card":"summary_large_image","twitter_misc":{"Dur\u00e9e de lecture estim\u00e9e":"4 minutes"},"schema":{"@context":"https:\/\/schema.org","@graph":[{"@type":"WebPage","@id":"https:\/\/beatrice-mueller.de\/fr\/revue\/","url":"https:\/\/beatrice-mueller.de\/fr\/revue\/","name":"revue - Beatrice M\u00fcller","isPartOf":{"@id":"https:\/\/beatrice-mueller.de\/fr\/#website"},"datePublished":"2025-02-11T09:38:41+00:00","description":"Apprenez-en davantage sur l\u2019art de la conception de bijoux et laissez-vous inspirer. Beatrice M\u00fcller vous tient au courant sur son blog.","breadcrumb":{"@id":"https:\/\/beatrice-mueller.de\/fr\/revue\/#breadcrumb"},"inLanguage":"fr-FR","potentialAction":[{"@type":"ReadAction","target":["https:\/\/beatrice-mueller.de\/fr\/revue\/"]}]},{"@type":"BreadcrumbList","@id":"https:\/\/beatrice-mueller.de\/fr\/revue\/#breadcrumb","itemListElement":[{"@type":"ListItem","position":1,"name":"Startseite","item":"https:\/\/beatrice-mueller.de\/fr\/"},{"@type":"ListItem","position":2,"name":"revue"}]},{"@type":"WebSite","@id":"https:\/\/beatrice-mueller.de\/fr\/#website","url":"https:\/\/beatrice-mueller.de\/fr\/","name":"Beatrice M\u00fcller","description":"Schmuckdesign","potentialAction":[{"@type":"SearchAction","target":{"@type":"EntryPoint","urlTemplate":"https:\/\/beatrice-mueller.de\/fr\/?s={search_term_string}"},"query-input":{"@type":"PropertyValueSpecification","valueRequired":true,"valueName":"search_term_string"}}],"inLanguage":"fr-FR"}]}},"_links":{"self":[{"href":"https:\/\/beatrice-mueller.de\/fr\/wp-json\/wp\/v2\/pages\/19376","targetHints":{"allow":["GET"]}}],"collection":[{"href":"https:\/\/beatrice-mueller.de\/fr\/wp-json\/wp\/v2\/pages"}],"about":[{"href":"https:\/\/beatrice-mueller.de\/fr\/wp-json\/wp\/v2\/types\/page"}],"author":[{"embeddable":true,"href":"https:\/\/beatrice-mueller.de\/fr\/wp-json\/wp\/v2\/users\/1"}],"replies":[{"embeddable":true,"href":"https:\/\/beatrice-mueller.de\/fr\/wp-json\/wp\/v2\/comments?post=19376"}],"version-history":[{"count":2,"href":"https:\/\/beatrice-mueller.de\/fr\/wp-json\/wp\/v2\/pages\/19376\/revisions"}],"predecessor-version":[{"id":19378,"href":"https:\/\/beatrice-mueller.de\/fr\/wp-json\/wp\/v2\/pages\/19376\/revisions\/19378"}],"wp:attachment":[{"href":"https:\/\/beatrice-mueller.de\/fr\/wp-json\/wp\/v2\/media?parent=19376"}],"curies":[{"name":"wp","href":"https:\/\/api.w.org\/{rel}","templated":true}]}}