{"id":19386,"date":"2025-02-11T10:38:45","date_gmt":"2025-02-11T09:38:45","guid":{"rendered":"https:\/\/beatrice-mueller.de\/revocation\/"},"modified":"2025-03-20T03:49:06","modified_gmt":"2025-03-20T02:49:06","slug":"revocation","status":"publish","type":"page","link":"https:\/\/beatrice-mueller.de\/fr\/revocation\/","title":{"rendered":"r\u00e9vocation"},"content":{"rendered":"\n<h3 class=\"wp-block-heading\">DROIT DE RETRACTATION POUR LES CONSOMMATEURS<\/h3>\n\n<p>(Le consommateur est toute personne physique qui conclut une transaction juridique \u00e0 des fins qui ne peuvent \u00eatre principalement attribu\u00e9es ni \u00e0 son activit\u00e9 commerciale ni \u00e0 son activit\u00e9 professionnelle ind\u00e9pendante.)<\/p>\n\n<h1 class=\"wp-block-heading\">POLITIQUE D&#8217;ANNULATION<\/h1>\n\n<h3 class=\"wp-block-heading\">DROIT DE RETRACTATION<\/h3>\n\n<p>Vous avez le droit de vous r\u00e9tracter du pr\u00e9sent contrat dans un d\u00e9lai de quatorze jours sans donner de motif.<\/p>\n\n<p>Le d\u00e9lai de r\u00e9tractation est de quatorze jours \u00e0 compter du jour<\/p>\n\n<ul class=\"wp-block-list\"><li>\u00e0 partir de laquelle vous ou un tiers autre que le transporteur d\u00e9sign\u00e9 par vous prenez possession des marchandises, \u00e0 condition que vous ayez command\u00e9 une ou plusieurs marchandises dans le cadre d&#8217;une commande unique et que celles-ci soient livr\u00e9es en un seul article, ou<\/li><li>\u00e0 partir de laquelle vous ou un tiers autre que le transporteur d\u00e9sign\u00e9 par vous avez pris possession des derni\u00e8res marchandises, \u00e0 condition que vous ayez command\u00e9 plusieurs marchandises dans le cadre d&#8217;une seule commande et que celles-ci soient livr\u00e9es s\u00e9par\u00e9ment, ou<\/li><li>\u00e0 partir de laquelle vous ou un tiers autre que le transporteur d\u00e9sign\u00e9 par vous avez pris possession du dernier envoi partiel ou du dernier article, \u00e0 condition que vous ayez command\u00e9 des marchandises qui sont livr\u00e9es en plusieurs envois partiels ou articles, ou<\/li><li>sur lequel vous ou un tiers autre que le transporteur d\u00e9sign\u00e9 par vous avez pris possession des premi\u00e8res marchandises, \u00e0 condition que vous ayez conclu un contrat portant sur la livraison r\u00e9guli\u00e8re de marchandises sur une p\u00e9riode de temps d\u00e9termin\u00e9e.<\/li><\/ul>\n\n<p>Pour exercer votre droit de r\u00e9tractation, vous devez nous informer, Atelier Schmuck Design Objekten Beatrice M\u00fcller, Hauptstra\u00dfe 51, 90547 Stein, Allemagne, num\u00e9ro de t\u00e9l\u00e9phone : <a href=\"tel:0049911674958\">+49 (0)911 67 49 58<\/a> , adresse e-mail : info@beatrice-mueller.de au moyen d&#8217;une d\u00e9claration d\u00e9nu\u00e9e d&#8217;ambigu\u00eft\u00e9 (par exemple, lettre envoy\u00e9e par la poste, e-mail) de votre d\u00e9cision de r\u00e9tractation du pr\u00e9sent contrat. Vous pouvez utiliser le mod\u00e8le de formulaire d\u2019annulation ci-joint, bien que cela ne soit pas obligatoire. <\/p>\n\n<p>Pour respecter le d\u00e9lai de r\u00e9tractation, il suffit que vous transmettiez votre communication relative \u00e0 l\u2019exercice du droit de r\u00e9tractation avant l\u2019expiration du d\u00e9lai de r\u00e9tractation.<\/p>\n\n<h3 class=\"wp-block-heading\">CONS\u00c9QUENCES DE LA R\u00c9VOCATION<\/h3>\n\n<p>En cas de r\u00e9tractation de votre part du pr\u00e9sent contrat, nous vous rembourserons tous les paiements que nous avons re\u00e7us de vous, y compris les frais de livraison (\u00e0 l\u2019exception des frais suppl\u00e9mentaires r\u00e9sultant de votre choix d\u2019un mode de livraison autre que la livraison standard la moins ch\u00e8re propos\u00e9e par nous), sans d\u00e9lai et au plus tard dans les quatorze jours \u00e0 compter du jour o\u00f9 nous avons re\u00e7u la notification de votre r\u00e9tractation du pr\u00e9sent contrat. Pour ce remboursement, nous utiliserons le m\u00eame moyen de paiement que celui que vous avez utilis\u00e9 pour la transaction initiale, sauf si autre chose a \u00e9t\u00e9 express\u00e9ment convenu avec vous ; En aucun cas, des frais ne vous seront factur\u00e9s pour ce remboursement. <\/p>\n\n<p>Nous pouvons refuser le remboursement jusqu&#8217;\u00e0 ce que nous ayons re\u00e7u les marchandises ou jusqu&#8217;\u00e0 ce que vous ayez fourni la preuve que vous avez renvoy\u00e9 les marchandises, selon la premi\u00e8re \u00e9ventualit\u00e9.<\/p>\n\n<p>Vous devez nous renvoyer ou nous rendre les marchandises sans d\u00e9lai et, en tout \u00e9tat de cause, au plus tard quatorze jours \u00e0 compter de la date \u00e0 laquelle vous nous avez notifi\u00e9 votre d\u00e9cision de r\u00e9tractation du pr\u00e9sent contrat. Le d\u00e9lai est respect\u00e9 si vous renvoyez la marchandise avant l&#8217;expiration du d\u00e9lai de quatorze jours. <\/p>\n\n<p>Vous assumerez les frais directs de retour des marchandises.<\/p>\n\n<p>Vous ne devez payer pour toute perte de valeur des marchandises que si cette perte de valeur est due \u00e0 une manipulation des marchandises qui n&#8217;est pas n\u00e9cessaire pour v\u00e9rifier leur qualit\u00e9, leurs propri\u00e9t\u00e9s et leur fonctionnement.<\/p>\n\n<h2 class=\"wp-block-heading\">EXEMPLE DE FORMULAIRE D&#8217;ANNULATION<\/h2>\n\n<p>(Si vous souhaitez annuler le contrat, veuillez remplir ce formulaire et le renvoyer.)<\/p>\n\n<p>&#8211; Un<\/p>\n\n<p>Atelier Schmuck Design Objets Beatrice M\u00fcller<br\/> Rue principale 51<br\/> 90547 Pierre<br\/> Allemagne<\/p>\n\n<p>Num\u00e9ro de t\u00e9l\u00e9phone : <a href=\"tel:0049911674958\">+49 (0)911 67 49 58<\/a><br\/> Adresse e-mail : info@beatrice-mueller.de<\/p>\n\n<p>\u2013 Je\/nous (*) r\u00e9voque\/r\u00e9voquons par la pr\u00e9sente le contrat conclu par moi\/nous (*) pour l\u2019achat des biens suivants (*)\/la fourniture du service suivant (*)<\/p>\n\n<p>\u2013 Command\u00e9 le (*)\/re\u00e7u le (*)<\/p>\n\n<p>\u2013 Nom du\/des consommateur(s)<\/p>\n\n<p>\u2013 Adresse du\/des consommateur(s)<\/p>\n\n<p>\u2013 Signature du\/des consommateur(s) (uniquement si la notification est sur papier)<\/p>\n\n<p>&#8211; Date<\/p>\n\n<p>___________<br\/> (*) Supprimer la mention inutile.<\/p>\n","protected":false},"excerpt":{"rendered":"<p>DROIT DE RETRACTATION POUR LES CONSOMMATEURS (Le consommateur est toute personne physique qui conclut une transaction juridique \u00e0 des fins qui ne peuvent \u00eatre principalement attribu\u00e9es ni \u00e0 son activit\u00e9 commerciale ni \u00e0 son activit\u00e9 professionnelle ind\u00e9pendante.) POLITIQUE D&#8217;ANNULATION DROIT DE RETRACTATION Vous avez le droit de vous r\u00e9tracter du pr\u00e9sent contrat dans un d\u00e9lai [&hellip;]<\/p>\n","protected":false},"author":1,"featured_media":0,"parent":0,"menu_order":0,"comment_status":"closed","ping_status":"closed","template":"","meta":{"_glsr_average":0,"_glsr_ranking":0,"_glsr_reviews":0,"footnotes":""},"class_list":["post-19386","page","type-page","status-publish","hentry"],"yoast_head":"<!-- This site is optimized with the Yoast SEO plugin v25.6 - https:\/\/yoast.com\/wordpress\/plugins\/seo\/ -->\n<title>r\u00e9vocation - Beatrice M\u00fcller<\/title>\n<meta name=\"robots\" content=\"index, follow, max-snippet:-1, max-image-preview:large, max-video-preview:-1\" \/>\n<link rel=\"canonical\" href=\"https:\/\/beatrice-mueller.de\/fr\/revocation\/\" \/>\n<meta property=\"og:locale\" content=\"fr_FR\" \/>\n<meta property=\"og:type\" content=\"article\" \/>\n<meta property=\"og:title\" content=\"r\u00e9vocation - Beatrice M\u00fcller\" \/>\n<meta property=\"og:description\" content=\"DROIT DE RETRACTATION POUR LES CONSOMMATEURS (Le consommateur est toute personne physique qui conclut une transaction juridique \u00e0 des fins qui ne peuvent \u00eatre principalement attribu\u00e9es ni \u00e0 son activit\u00e9 commerciale ni \u00e0 son activit\u00e9 professionnelle ind\u00e9pendante.) POLITIQUE D&#8217;ANNULATION DROIT DE RETRACTATION Vous avez le droit de vous r\u00e9tracter du pr\u00e9sent contrat dans un d\u00e9lai [&hellip;]\" \/>\n<meta property=\"og:url\" content=\"https:\/\/beatrice-mueller.de\/fr\/revocation\/\" \/>\n<meta property=\"og:site_name\" content=\"Beatrice M\u00fcller\" \/>\n<meta property=\"article:modified_time\" content=\"2025-03-20T02:49:06+00:00\" \/>\n<meta name=\"twitter:card\" content=\"summary_large_image\" \/>\n<meta name=\"twitter:label1\" content=\"Dur\u00e9e de lecture estim\u00e9e\" \/>\n\t<meta name=\"twitter:data1\" content=\"4 minutes\" \/>\n<script type=\"application\/ld+json\" class=\"yoast-schema-graph\">{\"@context\":\"https:\/\/schema.org\",\"@graph\":[{\"@type\":\"WebPage\",\"@id\":\"https:\/\/beatrice-mueller.de\/fr\/revocation\/\",\"url\":\"https:\/\/beatrice-mueller.de\/fr\/revocation\/\",\"name\":\"r\u00e9vocation - Beatrice M\u00fcller\",\"isPartOf\":{\"@id\":\"https:\/\/beatrice-mueller.de\/fr\/#website\"},\"datePublished\":\"2025-02-11T09:38:45+00:00\",\"dateModified\":\"2025-03-20T02:49:06+00:00\",\"breadcrumb\":{\"@id\":\"https:\/\/beatrice-mueller.de\/fr\/revocation\/#breadcrumb\"},\"inLanguage\":\"fr-FR\",\"potentialAction\":[{\"@type\":\"ReadAction\",\"target\":[\"https:\/\/beatrice-mueller.de\/fr\/revocation\/\"]}]},{\"@type\":\"BreadcrumbList\",\"@id\":\"https:\/\/beatrice-mueller.de\/fr\/revocation\/#breadcrumb\",\"itemListElement\":[{\"@type\":\"ListItem\",\"position\":1,\"name\":\"Startseite\",\"item\":\"https:\/\/beatrice-mueller.de\/fr\/\"},{\"@type\":\"ListItem\",\"position\":2,\"name\":\"r\u00e9vocation\"}]},{\"@type\":\"WebSite\",\"@id\":\"https:\/\/beatrice-mueller.de\/fr\/#website\",\"url\":\"https:\/\/beatrice-mueller.de\/fr\/\",\"name\":\"Beatrice M\u00fcller\",\"description\":\"Schmuckdesign\",\"potentialAction\":[{\"@type\":\"SearchAction\",\"target\":{\"@type\":\"EntryPoint\",\"urlTemplate\":\"https:\/\/beatrice-mueller.de\/fr\/?s={search_term_string}\"},\"query-input\":{\"@type\":\"PropertyValueSpecification\",\"valueRequired\":true,\"valueName\":\"search_term_string\"}}],\"inLanguage\":\"fr-FR\"}]}<\/script>\n<!-- \/ Yoast SEO plugin. -->","yoast_head_json":{"title":"r\u00e9vocation - Beatrice M\u00fcller","robots":{"index":"index","follow":"follow","max-snippet":"max-snippet:-1","max-image-preview":"max-image-preview:large","max-video-preview":"max-video-preview:-1"},"canonical":"https:\/\/beatrice-mueller.de\/fr\/revocation\/","og_locale":"fr_FR","og_type":"article","og_title":"r\u00e9vocation - Beatrice M\u00fcller","og_description":"DROIT DE RETRACTATION POUR LES CONSOMMATEURS (Le consommateur est toute personne physique qui conclut une transaction juridique \u00e0 des fins qui ne peuvent \u00eatre principalement attribu\u00e9es ni \u00e0 son activit\u00e9 commerciale ni \u00e0 son activit\u00e9 professionnelle ind\u00e9pendante.) POLITIQUE D&#8217;ANNULATION DROIT DE RETRACTATION Vous avez le droit de vous r\u00e9tracter du pr\u00e9sent contrat dans un d\u00e9lai [&hellip;]","og_url":"https:\/\/beatrice-mueller.de\/fr\/revocation\/","og_site_name":"Beatrice M\u00fcller","article_modified_time":"2025-03-20T02:49:06+00:00","twitter_card":"summary_large_image","twitter_misc":{"Dur\u00e9e de lecture estim\u00e9e":"4 minutes"},"schema":{"@context":"https:\/\/schema.org","@graph":[{"@type":"WebPage","@id":"https:\/\/beatrice-mueller.de\/fr\/revocation\/","url":"https:\/\/beatrice-mueller.de\/fr\/revocation\/","name":"r\u00e9vocation - Beatrice M\u00fcller","isPartOf":{"@id":"https:\/\/beatrice-mueller.de\/fr\/#website"},"datePublished":"2025-02-11T09:38:45+00:00","dateModified":"2025-03-20T02:49:06+00:00","breadcrumb":{"@id":"https:\/\/beatrice-mueller.de\/fr\/revocation\/#breadcrumb"},"inLanguage":"fr-FR","potentialAction":[{"@type":"ReadAction","target":["https:\/\/beatrice-mueller.de\/fr\/revocation\/"]}]},{"@type":"BreadcrumbList","@id":"https:\/\/beatrice-mueller.de\/fr\/revocation\/#breadcrumb","itemListElement":[{"@type":"ListItem","position":1,"name":"Startseite","item":"https:\/\/beatrice-mueller.de\/fr\/"},{"@type":"ListItem","position":2,"name":"r\u00e9vocation"}]},{"@type":"WebSite","@id":"https:\/\/beatrice-mueller.de\/fr\/#website","url":"https:\/\/beatrice-mueller.de\/fr\/","name":"Beatrice M\u00fcller","description":"Schmuckdesign","potentialAction":[{"@type":"SearchAction","target":{"@type":"EntryPoint","urlTemplate":"https:\/\/beatrice-mueller.de\/fr\/?s={search_term_string}"},"query-input":{"@type":"PropertyValueSpecification","valueRequired":true,"valueName":"search_term_string"}}],"inLanguage":"fr-FR"}]}},"_links":{"self":[{"href":"https:\/\/beatrice-mueller.de\/fr\/wp-json\/wp\/v2\/pages\/19386","targetHints":{"allow":["GET"]}}],"collection":[{"href":"https:\/\/beatrice-mueller.de\/fr\/wp-json\/wp\/v2\/pages"}],"about":[{"href":"https:\/\/beatrice-mueller.de\/fr\/wp-json\/wp\/v2\/types\/page"}],"author":[{"embeddable":true,"href":"https:\/\/beatrice-mueller.de\/fr\/wp-json\/wp\/v2\/users\/1"}],"replies":[{"embeddable":true,"href":"https:\/\/beatrice-mueller.de\/fr\/wp-json\/wp\/v2\/comments?post=19386"}],"version-history":[{"count":1,"href":"https:\/\/beatrice-mueller.de\/fr\/wp-json\/wp\/v2\/pages\/19386\/revisions"}],"predecessor-version":[{"id":19388,"href":"https:\/\/beatrice-mueller.de\/fr\/wp-json\/wp\/v2\/pages\/19386\/revisions\/19388"}],"wp:attachment":[{"href":"https:\/\/beatrice-mueller.de\/fr\/wp-json\/wp\/v2\/media?parent=19386"}],"curies":[{"name":"wp","href":"https:\/\/api.w.org\/{rel}","templated":true}]}}