{"id":19391,"date":"2025-02-11T10:38:47","date_gmt":"2025-02-11T09:38:47","guid":{"rendered":"https:\/\/beatrice-mueller.de\/termes-et-conditions\/"},"modified":"2025-02-11T10:38:48","modified_gmt":"2025-02-11T09:38:48","slug":"termes-et-conditions","status":"publish","type":"page","link":"https:\/\/beatrice-mueller.de\/fr\/termes-et-conditions\/","title":{"rendered":"Termes et conditions"},"content":{"rendered":"\n<h1 class=\"wp-block-heading\">Conditions g\u00e9n\u00e9rales de vente<\/h1>\n\n<h3 class=\"wp-block-heading\">\u00a7 1 Validit\u00e9, d\u00e9finitions des termes<\/h3>\n\n<p>(1) Atelier Schmuck Design Objekts Beatrice M\u00fcller, Hauptstra\u00dfe 51, 90547 Stein, Allemagne (ci-apr\u00e8s : \u00ab nous \u00bb ou \u00ab Beatrice M\u00fcller \u00bb) exploite une boutique en ligne de marchandises sur le site Web beatrice-mueller.de. Les conditions g\u00e9n\u00e9rales suivantes s&#8217;appliquent \u00e0 toutes les prestations entre nous et nos clients (ci-apr\u00e8s : \u00ab client \u00bb ou \u00ab vous \u00bb) dans la version en vigueur au moment de la commande, sauf convention contraire expresse. <\/p>\n\n<p>(2) \u00ab Consommateur \u00bb au sens des pr\u00e9sentes Conditions g\u00e9n\u00e9rales est toute personne physique qui conclut une transaction juridique \u00e0 des fins qui ne peuvent \u00eatre principalement attribu\u00e9es ni \u00e0 son activit\u00e9 commerciale ni \u00e0 son activit\u00e9 professionnelle ind\u00e9pendante. \u00ab Entrepreneur \u00bb d\u00e9signe une personne physique ou morale ou une soci\u00e9t\u00e9 de personnes dot\u00e9e de la capacit\u00e9 juridique qui, lors de la conclusion d&#8217;un acte juridique, agit dans l&#8217;exercice de son activit\u00e9 professionnelle commerciale ou ind\u00e9pendante, une soci\u00e9t\u00e9 de personnes dot\u00e9e de la capacit\u00e9 juridique \u00e9tant une soci\u00e9t\u00e9 de personnes dot\u00e9e de la capacit\u00e9 d&#8217;acqu\u00e9rir des droits et de contracter des obligations. <\/p>\n\n<h3 class=\"wp-block-heading\">\u00a7 2 Conclusion des contrats, conservation du texte du contrat<\/h3>\n\n<p>(1) Les dispositions suivantes relatives \u00e0 la conclusion du contrat s&#8217;appliquent aux commandes via notre boutique en ligne sur beatrice-mueller.de.<\/p>\n\n<p>(2) Nos pr\u00e9sentations de produits sur Internet ne sont pas contraignantes et ne constituent pas une offre ferme de conclusion d&#8217;un contrat.<\/p>\n\n<p>(3) Lorsqu&#8217;une commande est re\u00e7ue dans notre boutique en ligne, les r\u00e9glementations suivantes s&#8217;appliquent : Le client soumet une offre contractuelle ferme en compl\u00e9tant avec succ\u00e8s le processus de commande pr\u00e9vu dans notre boutique en ligne. La commande s&#8217;effectue selon les \u00e9tapes suivantes : <\/p>\n\n<ol class=\"wp-block-list\"><li>s\u00e9lection des produits souhait\u00e9s,<\/li><li>Ajouter les produits en cliquant sur le bouton correspondant (par exemple \u00ab Ajouter au panier \u00bb, \u00ab Ajouter au panier \u00bb ou similaire),<\/li><li>V\u00e9rification des informations dans le panier,<\/li><li>En appelant l&#8217;aper\u00e7u de la commande en cliquant sur le bouton correspondant (par exemple \u00ab Continuer vers la caisse \u00bb, \u00ab Continuer vers le paiement \u00bb, \u00ab Vers l&#8217;aper\u00e7u de la commande \u00bb ou similaire),<\/li><li>Saisie\/v\u00e9rification de l&#8217;adresse et des coordonn\u00e9es, s\u00e9lection du mode de paiement, confirmation des conditions g\u00e9n\u00e9rales et de la politique d&#8217;annulation,<\/li><li>Terminez la commande en cliquant sur le bouton \u00ab Acheter maintenant \u00bb. Ceci repr\u00e9sente votre commande contraignante. <\/li><li>Le contrat est conclu lorsque vous recevez une confirmation de commande de notre part dans un d\u00e9lai de trois jours ouvrables \u00e0 l&#8217;adresse e-mail indiqu\u00e9e.<\/li><\/ol>\n\n<p>(4) En cas de conclusion du contrat, le contrat est conclu avec Atelier Schmuck Design Objekts Beatrice M\u00fcller, Hauptstra\u00dfe 51, 90547 Stein, Allemagne.<\/p>\n\n<p>(5) Avant de passer commande, les donn\u00e9es du contrat peuvent \u00eatre imprim\u00e9es ou enregistr\u00e9es \u00e9lectroniquement \u00e0 l\u2019aide de la fonction d\u2019impression du navigateur. Le traitement de la commande et la transmission de toutes les informations n\u00e9cessaires \u00e0 la conclusion du contrat, notamment les donn\u00e9es de la commande, les conditions g\u00e9n\u00e9rales et les conditions d&#8217;annulation, s&#8217;effectuent par courrier \u00e9lectronique apr\u00e8s la passation de la commande, en partie automatiquement. Nous ne sauvegardons pas le texte du contrat apr\u00e8s la conclusion du contrat.  <\/p>\n\n<p>(6) Les erreurs de saisie peuvent \u00eatre corrig\u00e9es \u00e0 l&#8217;aide des fonctions habituelles du clavier, de la souris et du navigateur (par exemple le \u00ab bouton retour \u00bb du navigateur). Ils peuvent \u00e9galement \u00eatre corrig\u00e9s en annulant pr\u00e9matur\u00e9ment le processus de commande, en fermant la fen\u00eatre du navigateur et en r\u00e9p\u00e9tant le processus. <\/p>\n\n<p>(7) Le traitement de la commande et la transmission de toutes les informations n\u00e9cessaires \u00e0 la conclusion du contrat sont en partie automatis\u00e9s par courrier \u00e9lectronique. Vous devez donc vous assurer que l&#8217;adresse e-mail que vous nous avez fournie est correcte, que la r\u00e9ception des e-mails est techniquement garantie et, en particulier, qu&#8217;elle n&#8217;est pas emp\u00each\u00e9e par des filtres anti-SPAM. <\/p>\n\n<h3 class=\"wp-block-heading\">\u00a7 3 Objet du contrat et caract\u00e9ristiques essentielles des produits<\/h3>\n\n<p>(1) L&#8217;objet du contrat dans notre boutique en ligne est :<\/p>\n\n<ol class=\"wp-block-list\"><li>La vente de marchandises. Vous pouvez trouver les produits sp\u00e9cifiques propos\u00e9s sur nos pages produits. <\/li><\/ol>\n\n<p>(2) Les caract\u00e9ristiques essentielles des marchandises peuvent \u00eatre trouv\u00e9es dans la description de l&#8217;article.<\/p>\n\n<p>(3) La vente de produits num\u00e9riques est soumise aux restrictions \u00e9nonc\u00e9es dans la description du produit ou d\u00e9coulant des circonstances, notamment en ce qui concerne les exigences mat\u00e9rielles et\/ou logicielles pour l&#8217;environnement cible. Sauf convention expresse contraire, l\u2019objet du contrat est uniquement l\u2019utilisation priv\u00e9e et commerciale des produits sans droit de revente ou de sous-licence. <\/p>\n\n<h3 class=\"wp-block-heading\">\u00a7 4 Prix, frais d&#8217;exp\u00e9dition et livraison<\/h3>\n\n<p>(1) Les prix et frais d&#8217;exp\u00e9dition indiqu\u00e9s dans les offres respectives sont des prix totaux et incluent tous les \u00e9l\u00e9ments de prix, y compris toutes les taxes applicables.<\/p>\n\n<p>(2) Le prix d&#8217;achat respectif doit \u00eatre pay\u00e9 avant la livraison du produit (paiement anticip\u00e9), \u00e0 moins que nous ne proposions express\u00e9ment un achat sur facture. Les modes de paiement \u00e0 votre disposition sont indiqu\u00e9s sous un bouton correspondant dans la boutique en ligne ou dans l&#8217;offre correspondante. Sauf indication contraire pour les diff\u00e9rents modes de paiement, les cr\u00e9ances de paiement sont exigibles imm\u00e9diatement.  <\/p>\n\n<p>(3) En plus des prix indiqu\u00e9s, des frais de port peuvent s&#8217;appliquer pour la livraison des produits, \u00e0 moins que l&#8217;article concern\u00e9 ne soit indiqu\u00e9 comme \u00e9tant exempt de frais de port. Les frais de port vous seront clairement communiqu\u00e9s sur les offres, le cas \u00e9ch\u00e9ant dans le syst\u00e8me de panier et sur le r\u00e9capitulatif de la commande. <\/p>\n\n<p>(4) Tous les produits propos\u00e9s sont, sauf indication contraire claire dans la description du produit, pr\u00eats \u00e0 \u00eatre exp\u00e9di\u00e9s imm\u00e9diatement (d\u00e9lai de livraison : 3 \u00e0 5 jours ouvrables apr\u00e8s r\u00e9ception du paiement).<\/p>\n\n<p>(5) La livraison a lieu dans le monde entier.<\/p>\n\n<h3 class=\"wp-block-heading\">\u00a7 5 Droit de r\u00e9tention, r\u00e9serve de propri\u00e9t\u00e9<\/h3>\n\n<p>(1) Vous ne pouvez exercer un droit de r\u00e9tention que s&#8217;il s&#8217;agit de cr\u00e9ances d\u00e9coulant de la m\u00eame relation contractuelle.<\/p>\n\n<p>(2) Les marchandises restent notre propri\u00e9t\u00e9 jusqu&#8217;au paiement int\u00e9gral du prix d&#8217;achat.<\/p>\n\n<h3 class=\"wp-block-heading\">\u00a7 6 Droit de r\u00e9tractation<\/h3>\n\n<p>En tant que consommateur, vous disposez d&#8217;un droit de r\u00e9tractation. Ceci est bas\u00e9 sur notre <a href=\"http:\/\/kaffee.n19.page\/widerrufsbelehrung\/\">politique d&#8217;annulation<\/a> . <\/p>\n\n<h3 class=\"wp-block-heading\">\u00a7 7 Langue du contrat<\/h3>\n\n<p>La langue du contrat est exclusivement l&#8217;allemand.<\/p>\n\n<h3 class=\"wp-block-heading\">\u00a7 8 Garantie<\/h3>\n\n<p>(1) La garantie est r\u00e9gie par les dispositions l\u00e9gales.<\/p>\n\n<p>(2) Pour les entrepreneurs, la p\u00e9riode de garantie des marchandises livr\u00e9es est de 12 mois.<\/p>\n\n<p>(3) En tant que consommateur, vous \u00eates pri\u00e9 de v\u00e9rifier l&#8217;article\/les biens num\u00e9riques ou le service fourni imm\u00e9diatement apr\u00e8s l&#8217;ex\u00e9cution du contrat pour s&#8217;assurer de l&#8217;int\u00e9gralit\u00e9, des d\u00e9fauts \u00e9vidents et des dommages de transport et de nous signaler, ainsi qu&#8217;au transporteur, toute r\u00e9clamation dans les plus brefs d\u00e9lais. Si vous ne respectez pas cette r\u00e8gle, cela n&#8217;aura bien entendu aucun effet sur vos droits de garantie l\u00e9gaux. <\/p>\n\n<h3 class=\"wp-block-heading\">\u00a7 9 Dispositions finales<\/h3>\n\n<p>(1) Le droit allemand s&#8217;applique. Dans le cas des consommateurs, ce choix de loi ne s\u2019applique que dans la mesure o\u00f9 il ne les prive pas de la protection offerte par les dispositions imp\u00e9ratives de la loi du pays dans lequel le consommateur a sa r\u00e9sidence habituelle (principe de favorabilit\u00e9). <\/p>\n\n<p>(2) Les dispositions de la Convention des Nations Unies sur les contrats de vente internationale de marchandises ne s\u2019appliquent express\u00e9ment pas.<\/p>\n\n<p>(3) Si le client est un commer\u00e7ant, une personne morale de droit public ou un fonds sp\u00e9cial de droit public, le lieu de juridiction pour tous les litiges d\u00e9coulant des relations contractuelles entre le client et le fournisseur est le si\u00e8ge social du fournisseur.<\/p>\n","protected":false},"excerpt":{"rendered":"<p>Conditions g\u00e9n\u00e9rales de vente \u00a7 1 Validit\u00e9, d\u00e9finitions des termes (1) Atelier Schmuck Design Objekts Beatrice M\u00fcller, Hauptstra\u00dfe 51, 90547 Stein, Allemagne (ci-apr\u00e8s : \u00ab nous \u00bb ou \u00ab Beatrice M\u00fcller \u00bb) exploite une boutique en ligne de marchandises sur le site Web beatrice-mueller.de. Les conditions g\u00e9n\u00e9rales suivantes s&#8217;appliquent \u00e0 toutes les prestations entre nous [&hellip;]<\/p>\n","protected":false},"author":1,"featured_media":0,"parent":0,"menu_order":0,"comment_status":"closed","ping_status":"closed","template":"","meta":{"_glsr_average":0,"_glsr_ranking":0,"_glsr_reviews":0,"footnotes":""},"class_list":["post-19391","page","type-page","status-publish","hentry"],"yoast_head":"<!-- This site is optimized with the Yoast SEO plugin v25.6 - https:\/\/yoast.com\/wordpress\/plugins\/seo\/ -->\n<title>Termes et conditions - Beatrice M\u00fcller<\/title>\n<meta name=\"robots\" content=\"index, follow, max-snippet:-1, max-image-preview:large, max-video-preview:-1\" \/>\n<link rel=\"canonical\" href=\"https:\/\/beatrice-mueller.de\/fr\/termes-et-conditions\/\" \/>\n<meta property=\"og:locale\" content=\"fr_FR\" \/>\n<meta property=\"og:type\" content=\"article\" \/>\n<meta property=\"og:title\" content=\"Termes et conditions - Beatrice M\u00fcller\" \/>\n<meta property=\"og:description\" content=\"Conditions g\u00e9n\u00e9rales de vente \u00a7 1 Validit\u00e9, d\u00e9finitions des termes (1) Atelier Schmuck Design Objekts Beatrice M\u00fcller, Hauptstra\u00dfe 51, 90547 Stein, Allemagne (ci-apr\u00e8s : \u00ab nous \u00bb ou \u00ab Beatrice M\u00fcller \u00bb) exploite une boutique en ligne de marchandises sur le site Web beatrice-mueller.de. Les conditions g\u00e9n\u00e9rales suivantes s&#8217;appliquent \u00e0 toutes les prestations entre nous [&hellip;]\" \/>\n<meta property=\"og:url\" content=\"https:\/\/beatrice-mueller.de\/fr\/termes-et-conditions\/\" \/>\n<meta property=\"og:site_name\" content=\"Beatrice M\u00fcller\" \/>\n<meta property=\"article:modified_time\" content=\"2025-02-11T09:38:48+00:00\" \/>\n<meta name=\"twitter:card\" content=\"summary_large_image\" \/>\n<meta name=\"twitter:label1\" content=\"Dur\u00e9e de lecture estim\u00e9e\" \/>\n\t<meta name=\"twitter:data1\" content=\"6 minutes\" \/>\n<script type=\"application\/ld+json\" class=\"yoast-schema-graph\">{\"@context\":\"https:\/\/schema.org\",\"@graph\":[{\"@type\":\"WebPage\",\"@id\":\"https:\/\/beatrice-mueller.de\/fr\/termes-et-conditions\/\",\"url\":\"https:\/\/beatrice-mueller.de\/fr\/termes-et-conditions\/\",\"name\":\"Termes et conditions - Beatrice M\u00fcller\",\"isPartOf\":{\"@id\":\"https:\/\/beatrice-mueller.de\/fr\/#website\"},\"datePublished\":\"2025-02-11T09:38:47+00:00\",\"dateModified\":\"2025-02-11T09:38:48+00:00\",\"breadcrumb\":{\"@id\":\"https:\/\/beatrice-mueller.de\/fr\/termes-et-conditions\/#breadcrumb\"},\"inLanguage\":\"fr-FR\",\"potentialAction\":[{\"@type\":\"ReadAction\",\"target\":[\"https:\/\/beatrice-mueller.de\/fr\/termes-et-conditions\/\"]}]},{\"@type\":\"BreadcrumbList\",\"@id\":\"https:\/\/beatrice-mueller.de\/fr\/termes-et-conditions\/#breadcrumb\",\"itemListElement\":[{\"@type\":\"ListItem\",\"position\":1,\"name\":\"Startseite\",\"item\":\"https:\/\/beatrice-mueller.de\/fr\/\"},{\"@type\":\"ListItem\",\"position\":2,\"name\":\"Termes et conditions\"}]},{\"@type\":\"WebSite\",\"@id\":\"https:\/\/beatrice-mueller.de\/fr\/#website\",\"url\":\"https:\/\/beatrice-mueller.de\/fr\/\",\"name\":\"Beatrice M\u00fcller\",\"description\":\"Schmuckdesign\",\"potentialAction\":[{\"@type\":\"SearchAction\",\"target\":{\"@type\":\"EntryPoint\",\"urlTemplate\":\"https:\/\/beatrice-mueller.de\/fr\/?s={search_term_string}\"},\"query-input\":{\"@type\":\"PropertyValueSpecification\",\"valueRequired\":true,\"valueName\":\"search_term_string\"}}],\"inLanguage\":\"fr-FR\"}]}<\/script>\n<!-- \/ Yoast SEO plugin. -->","yoast_head_json":{"title":"Termes et conditions - Beatrice M\u00fcller","robots":{"index":"index","follow":"follow","max-snippet":"max-snippet:-1","max-image-preview":"max-image-preview:large","max-video-preview":"max-video-preview:-1"},"canonical":"https:\/\/beatrice-mueller.de\/fr\/termes-et-conditions\/","og_locale":"fr_FR","og_type":"article","og_title":"Termes et conditions - Beatrice M\u00fcller","og_description":"Conditions g\u00e9n\u00e9rales de vente \u00a7 1 Validit\u00e9, d\u00e9finitions des termes (1) Atelier Schmuck Design Objekts Beatrice M\u00fcller, Hauptstra\u00dfe 51, 90547 Stein, Allemagne (ci-apr\u00e8s : \u00ab nous \u00bb ou \u00ab Beatrice M\u00fcller \u00bb) exploite une boutique en ligne de marchandises sur le site Web beatrice-mueller.de. Les conditions g\u00e9n\u00e9rales suivantes s&#8217;appliquent \u00e0 toutes les prestations entre nous [&hellip;]","og_url":"https:\/\/beatrice-mueller.de\/fr\/termes-et-conditions\/","og_site_name":"Beatrice M\u00fcller","article_modified_time":"2025-02-11T09:38:48+00:00","twitter_card":"summary_large_image","twitter_misc":{"Dur\u00e9e de lecture estim\u00e9e":"6 minutes"},"schema":{"@context":"https:\/\/schema.org","@graph":[{"@type":"WebPage","@id":"https:\/\/beatrice-mueller.de\/fr\/termes-et-conditions\/","url":"https:\/\/beatrice-mueller.de\/fr\/termes-et-conditions\/","name":"Termes et conditions - Beatrice M\u00fcller","isPartOf":{"@id":"https:\/\/beatrice-mueller.de\/fr\/#website"},"datePublished":"2025-02-11T09:38:47+00:00","dateModified":"2025-02-11T09:38:48+00:00","breadcrumb":{"@id":"https:\/\/beatrice-mueller.de\/fr\/termes-et-conditions\/#breadcrumb"},"inLanguage":"fr-FR","potentialAction":[{"@type":"ReadAction","target":["https:\/\/beatrice-mueller.de\/fr\/termes-et-conditions\/"]}]},{"@type":"BreadcrumbList","@id":"https:\/\/beatrice-mueller.de\/fr\/termes-et-conditions\/#breadcrumb","itemListElement":[{"@type":"ListItem","position":1,"name":"Startseite","item":"https:\/\/beatrice-mueller.de\/fr\/"},{"@type":"ListItem","position":2,"name":"Termes et conditions"}]},{"@type":"WebSite","@id":"https:\/\/beatrice-mueller.de\/fr\/#website","url":"https:\/\/beatrice-mueller.de\/fr\/","name":"Beatrice M\u00fcller","description":"Schmuckdesign","potentialAction":[{"@type":"SearchAction","target":{"@type":"EntryPoint","urlTemplate":"https:\/\/beatrice-mueller.de\/fr\/?s={search_term_string}"},"query-input":{"@type":"PropertyValueSpecification","valueRequired":true,"valueName":"search_term_string"}}],"inLanguage":"fr-FR"}]}},"_links":{"self":[{"href":"https:\/\/beatrice-mueller.de\/fr\/wp-json\/wp\/v2\/pages\/19391","targetHints":{"allow":["GET"]}}],"collection":[{"href":"https:\/\/beatrice-mueller.de\/fr\/wp-json\/wp\/v2\/pages"}],"about":[{"href":"https:\/\/beatrice-mueller.de\/fr\/wp-json\/wp\/v2\/types\/page"}],"author":[{"embeddable":true,"href":"https:\/\/beatrice-mueller.de\/fr\/wp-json\/wp\/v2\/users\/1"}],"replies":[{"embeddable":true,"href":"https:\/\/beatrice-mueller.de\/fr\/wp-json\/wp\/v2\/comments?post=19391"}],"version-history":[{"count":1,"href":"https:\/\/beatrice-mueller.de\/fr\/wp-json\/wp\/v2\/pages\/19391\/revisions"}],"predecessor-version":[{"id":19392,"href":"https:\/\/beatrice-mueller.de\/fr\/wp-json\/wp\/v2\/pages\/19391\/revisions\/19392"}],"wp:attachment":[{"href":"https:\/\/beatrice-mueller.de\/fr\/wp-json\/wp\/v2\/media?parent=19391"}],"curies":[{"name":"wp","href":"https:\/\/api.w.org\/{rel}","templated":true}]}}