{"id":19395,"date":"2025-02-11T10:38:47","date_gmt":"2025-02-11T09:38:47","guid":{"rendered":"https:\/\/beatrice-mueller.de\/livre\/"},"modified":"2025-02-11T10:38:50","modified_gmt":"2025-02-11T09:38:50","slug":"livre","status":"publish","type":"page","link":"https:\/\/beatrice-mueller.de\/fr\/livre\/","title":{"rendered":"Livre"},"content":{"rendered":"\n<style type=\"text\/css\" data-created_by=\"avia_inline_auto\" id=\"style-css-av-kw4u9oce-6d7496b7a1d782697303d6fff449f9f8\">\n.avia-section.av-kw4u9oce-6d7496b7a1d782697303d6fff449f9f8{\nbackground-color:#0a0a0a;\nbackground-image:unset;\n}\n<\/style>\n<div id='av_section_1'  class='avia-section av-kw4u9oce-6d7496b7a1d782697303d6fff449f9f8 main_color avia-section-default avia-no-border-styling  avia-builder-el-0  avia-builder-el-no-sibling  avia-bg-style-scroll container_wrap sidebar_right'  ><div class='container av-section-cont-open' ><main  role=\"main\" itemprop=\"mainContentOfPage\"  class='template-page content  av-content-small alpha units'><div class='post-entry post-entry-type-page post-entry-19395'><div class='entry-content-wrapper clearfix'>\n<div  class='flex_column av-4m8zyw-090b7a1a343de025a6196cb3dd3cd0db av_one_half  avia-builder-el-1  el_before_av_one_half  avia-builder-el-first  first flex_column_div  '     ><style type=\"text\/css\" data-created_by=\"avia_inline_auto\" id=\"style-css-av-kw4ua7v7-cd8107352ff00408ea40066cef866d86\">\n.avia-image-container.av-kw4ua7v7-cd8107352ff00408ea40066cef866d86 img.avia_image{\nbox-shadow:none;\n}\n.avia-image-container.av-kw4ua7v7-cd8107352ff00408ea40066cef866d86 .av-image-caption-overlay-center{\ncolor:#ffffff;\n}\n<\/style>\n<div  class='avia-image-container av-kw4ua7v7-cd8107352ff00408ea40066cef866d86 av-styling- avia-align-center  avia-builder-el-2  avia-builder-el-no-sibling '   itemprop=\"image\" itemscope=\"itemscope\" itemtype=\"https:\/\/schema.org\/ImageObject\" ><div class=\"avia-image-container-inner\"><div class=\"avia-image-overlay-wrap\"><img decoding=\"async\" fetchpriority=\"high\" class='wp-image-27515 avia-img-lazy-loading-not-27515 avia_image ' src=\"https:\/\/beatrice-mueller.de\/wp-content\/uploads\/2020\/10\/beatrice-mueller-buch.jpg\" alt='' title='beatrice-mueller-buch'  height=\"715\" width=\"1030\"  itemprop=\"thumbnailUrl\"  \/><\/div><\/div><\/div><\/div><div  class='flex_column av-1vn6rc-28bbc41443a27737bbb3811c69e53f40 av_one_half  avia-builder-el-3  el_after_av_one_half  avia-builder-el-last  flex_column_div  '     ><p>\n<style type=\"text\/css\" data-created_by=\"avia_inline_auto\" id=\"style-css-av-kw4ubks7-0b3160b63d360b4472bda2bd1b56a33b\">\n#top .av-special-heading.av-kw4ubks7-0b3160b63d360b4472bda2bd1b56a33b{\npadding-bottom:10px;\ncolor:#ffffff;\n}\nbody .av-special-heading.av-kw4ubks7-0b3160b63d360b4472bda2bd1b56a33b .av-special-heading-tag .heading-char{\nfont-size:25px;\n}\n.av-special-heading.av-kw4ubks7-0b3160b63d360b4472bda2bd1b56a33b .special-heading-inner-border{\nborder-color:#ffffff;\n}\n.av-special-heading.av-kw4ubks7-0b3160b63d360b4472bda2bd1b56a33b .av-subheading{\nfont-size:15px;\n}\n<\/style>\n<div  class='av-special-heading av-kw4ubks7-0b3160b63d360b4472bda2bd1b56a33b av-special-heading-h1 custom-color-heading blockquote modern-quote  avia-builder-el-4  el_before_av_hr  avia-builder-el-first '><h1 class='av-special-heading-tag '  itemprop=\"headline\"  >Les bijoux ne sont pas une d\u00e9coration\u2026 et celui qui les porte n\u2019est pas une colonne publicitaire<\/h1><div class='av_custom_color av-subheading av-subheading_below'><p>Le livre de Beatrice M\u00fcller<\/p>\n<\/div><div class=\"special-heading-border\"><div class=\"special-heading-inner-border\"><\/div><\/div><\/div><br \/>\n\n<style type=\"text\/css\" data-created_by=\"avia_inline_auto\" id=\"style-css-av-kw4uferz-3c064cea12fab26998dcfb7ccda7e093\">\n#top .hr.hr-invisible.av-kw4uferz-3c064cea12fab26998dcfb7ccda7e093{\nheight:50px;\n}\n<\/style>\n<div  class='hr av-kw4uferz-3c064cea12fab26998dcfb7ccda7e093 hr-invisible  avia-builder-el-5  el_after_av_heading  el_before_av_textblock '><span class='hr-inner '><span class=\"hr-inner-style\"><\/span><\/span><\/div><br \/>\n\n<style type=\"text\/css\" data-created_by=\"avia_inline_auto\" id=\"style-css-av-kwak7cq4-fa7beb4e8499bc80d8b91510a60fa3b3\">\n#top .av_textblock_section.av-kwak7cq4-fa7beb4e8499bc80d8b91510a60fa3b3 .avia_textblock{\ncolor:#ffffff;\n}\n<\/style>\n<section  class='av_textblock_section av-kwak7cq4-fa7beb4e8499bc80d8b91510a60fa3b3 '   itemscope=\"itemscope\" itemtype=\"https:\/\/schema.org\/CreativeWork\" ><div class='avia_textblock av_inherit_color'  itemprop=\"text\" ><p>Quelle est la signification des bijoux ? Quelle est la signification des bijoux de Beatrice M\u00fcller ? Et d\u2019o\u00f9 vient l\u2019inspiration ? Dans son livre, la cr\u00e9atrice de bijoux et nouvelle auteure apporte des r\u00e9ponses \u00e0 ces questions. Parall\u00e8lement, elle emm\u00e8ne les lecteurs dans un voyage passionnant \u00e0 travers sa vie et sa carri\u00e8re mouvement\u00e9es.<\/p>\n<\/div><\/section><br \/>\n<div  class='avia-button-wrap av-kw4ueq7b-52bfe2406b9efa4542f735dbf0b8c107-wrap avia-button-left  avia-builder-el-7  el_after_av_textblock  avia-builder-el-last '>\n<style type=\"text\/css\" data-created_by=\"avia_inline_auto\" id=\"style-css-av-kw4ueq7b-52bfe2406b9efa4542f735dbf0b8c107\">\n#top #wrap_all .avia-button.av-kw4ueq7b-52bfe2406b9efa4542f735dbf0b8c107:hover{\ncolor:white;\ntransition:all 0.4s ease-in-out;\n}\n<\/style>\n<a href='https:\/\/www.cunz-x.shop\/collections\/das-buch\/products\/das-buch-von-beatrice-muller' class='avia-button av-kw4ueq7b-52bfe2406b9efa4542f735dbf0b8c107 av-link-btn avia-icon_select-yes-left-icon avia-size-medium avia-position-left avia-color-light avia-font-color-theme-color' target=\"_blank\" rel=\"noopener noreferrer\" aria-label=\"plus de d\u00e9tails\"><span class='avia_button_icon avia_button_icon_left' aria-hidden='true' data-av_icon='\ue835' data-av_iconfont='entypo-fontello'><\/span><span class='avia_iconbox_title' >plus de d\u00e9tails<\/span><span class='avia_button_background avia-button avia-color-light' ><\/span><\/a><\/div><\/p><\/div><\/div><\/div><\/main><!-- close content main element --><\/div><\/div><div id='after_section_1'  class='main_color av_default_container_wrap container_wrap sidebar_right'  ><div class='container av-section-cont-open' ><div class='template-page content  av-content-small alpha units'><div class='post-entry post-entry-type-page post-entry-19395'><div class='entry-content-wrapper clearfix'>\n","protected":false},"excerpt":{"rendered":"","protected":false},"author":1,"featured_media":0,"parent":0,"menu_order":0,"comment_status":"closed","ping_status":"closed","template":"","meta":{"_glsr_average":0,"_glsr_ranking":0,"_glsr_reviews":0,"footnotes":""},"class_list":["post-19395","page","type-page","status-publish","hentry"],"yoast_head":"<!-- This site is optimized with the Yoast SEO plugin v25.6 - https:\/\/yoast.com\/wordpress\/plugins\/seo\/ -->\n<title>Livre - Beatrice M\u00fcller<\/title>\n<meta name=\"description\" content=\"Laissez-vous inspirer par le livre de Beatrice M\u00fcller et transportez-vous dans un autre monde.\" \/>\n<meta name=\"robots\" content=\"index, follow, max-snippet:-1, max-image-preview:large, max-video-preview:-1\" \/>\n<link rel=\"canonical\" href=\"https:\/\/beatrice-mueller.de\/fr\/livre\/\" \/>\n<meta property=\"og:locale\" content=\"fr_FR\" \/>\n<meta property=\"og:type\" content=\"article\" \/>\n<meta property=\"og:title\" content=\"Livre - Beatrice M\u00fcller\" \/>\n<meta property=\"og:description\" content=\"Laissez-vous inspirer par le livre de Beatrice M\u00fcller et transportez-vous dans un autre monde.\" \/>\n<meta property=\"og:url\" content=\"https:\/\/beatrice-mueller.de\/fr\/livre\/\" \/>\n<meta property=\"og:site_name\" content=\"Beatrice M\u00fcller\" \/>\n<meta property=\"article:modified_time\" content=\"2025-02-11T09:38:50+00:00\" \/>\n<meta name=\"twitter:card\" content=\"summary_large_image\" \/>\n<meta name=\"twitter:label1\" content=\"Dur\u00e9e de lecture estim\u00e9e\" \/>\n\t<meta name=\"twitter:data1\" content=\"6 minutes\" \/>\n<script type=\"application\/ld+json\" class=\"yoast-schema-graph\">{\"@context\":\"https:\/\/schema.org\",\"@graph\":[{\"@type\":\"WebPage\",\"@id\":\"https:\/\/beatrice-mueller.de\/fr\/livre\/\",\"url\":\"https:\/\/beatrice-mueller.de\/fr\/livre\/\",\"name\":\"Livre - Beatrice M\u00fcller\",\"isPartOf\":{\"@id\":\"https:\/\/beatrice-mueller.de\/fr\/#website\"},\"datePublished\":\"2025-02-11T09:38:47+00:00\",\"dateModified\":\"2025-02-11T09:38:50+00:00\",\"description\":\"Laissez-vous inspirer par le livre de Beatrice M\u00fcller et transportez-vous dans un autre monde.\",\"breadcrumb\":{\"@id\":\"https:\/\/beatrice-mueller.de\/fr\/livre\/#breadcrumb\"},\"inLanguage\":\"fr-FR\",\"potentialAction\":[{\"@type\":\"ReadAction\",\"target\":[\"https:\/\/beatrice-mueller.de\/fr\/livre\/\"]}]},{\"@type\":\"BreadcrumbList\",\"@id\":\"https:\/\/beatrice-mueller.de\/fr\/livre\/#breadcrumb\",\"itemListElement\":[{\"@type\":\"ListItem\",\"position\":1,\"name\":\"Startseite\",\"item\":\"https:\/\/beatrice-mueller.de\/fr\/\"},{\"@type\":\"ListItem\",\"position\":2,\"name\":\"Livre\"}]},{\"@type\":\"WebSite\",\"@id\":\"https:\/\/beatrice-mueller.de\/fr\/#website\",\"url\":\"https:\/\/beatrice-mueller.de\/fr\/\",\"name\":\"Beatrice M\u00fcller\",\"description\":\"Schmuckdesign\",\"potentialAction\":[{\"@type\":\"SearchAction\",\"target\":{\"@type\":\"EntryPoint\",\"urlTemplate\":\"https:\/\/beatrice-mueller.de\/fr\/?s={search_term_string}\"},\"query-input\":{\"@type\":\"PropertyValueSpecification\",\"valueRequired\":true,\"valueName\":\"search_term_string\"}}],\"inLanguage\":\"fr-FR\"}]}<\/script>\n<!-- \/ Yoast SEO plugin. -->","yoast_head_json":{"title":"Livre - Beatrice M\u00fcller","description":"Laissez-vous inspirer par le livre de Beatrice M\u00fcller et transportez-vous dans un autre monde.","robots":{"index":"index","follow":"follow","max-snippet":"max-snippet:-1","max-image-preview":"max-image-preview:large","max-video-preview":"max-video-preview:-1"},"canonical":"https:\/\/beatrice-mueller.de\/fr\/livre\/","og_locale":"fr_FR","og_type":"article","og_title":"Livre - Beatrice M\u00fcller","og_description":"Laissez-vous inspirer par le livre de Beatrice M\u00fcller et transportez-vous dans un autre monde.","og_url":"https:\/\/beatrice-mueller.de\/fr\/livre\/","og_site_name":"Beatrice M\u00fcller","article_modified_time":"2025-02-11T09:38:50+00:00","twitter_card":"summary_large_image","twitter_misc":{"Dur\u00e9e de lecture estim\u00e9e":"6 minutes"},"schema":{"@context":"https:\/\/schema.org","@graph":[{"@type":"WebPage","@id":"https:\/\/beatrice-mueller.de\/fr\/livre\/","url":"https:\/\/beatrice-mueller.de\/fr\/livre\/","name":"Livre - Beatrice M\u00fcller","isPartOf":{"@id":"https:\/\/beatrice-mueller.de\/fr\/#website"},"datePublished":"2025-02-11T09:38:47+00:00","dateModified":"2025-02-11T09:38:50+00:00","description":"Laissez-vous inspirer par le livre de Beatrice M\u00fcller et transportez-vous dans un autre monde.","breadcrumb":{"@id":"https:\/\/beatrice-mueller.de\/fr\/livre\/#breadcrumb"},"inLanguage":"fr-FR","potentialAction":[{"@type":"ReadAction","target":["https:\/\/beatrice-mueller.de\/fr\/livre\/"]}]},{"@type":"BreadcrumbList","@id":"https:\/\/beatrice-mueller.de\/fr\/livre\/#breadcrumb","itemListElement":[{"@type":"ListItem","position":1,"name":"Startseite","item":"https:\/\/beatrice-mueller.de\/fr\/"},{"@type":"ListItem","position":2,"name":"Livre"}]},{"@type":"WebSite","@id":"https:\/\/beatrice-mueller.de\/fr\/#website","url":"https:\/\/beatrice-mueller.de\/fr\/","name":"Beatrice M\u00fcller","description":"Schmuckdesign","potentialAction":[{"@type":"SearchAction","target":{"@type":"EntryPoint","urlTemplate":"https:\/\/beatrice-mueller.de\/fr\/?s={search_term_string}"},"query-input":{"@type":"PropertyValueSpecification","valueRequired":true,"valueName":"search_term_string"}}],"inLanguage":"fr-FR"}]}},"_links":{"self":[{"href":"https:\/\/beatrice-mueller.de\/fr\/wp-json\/wp\/v2\/pages\/19395","targetHints":{"allow":["GET"]}}],"collection":[{"href":"https:\/\/beatrice-mueller.de\/fr\/wp-json\/wp\/v2\/pages"}],"about":[{"href":"https:\/\/beatrice-mueller.de\/fr\/wp-json\/wp\/v2\/types\/page"}],"author":[{"embeddable":true,"href":"https:\/\/beatrice-mueller.de\/fr\/wp-json\/wp\/v2\/users\/1"}],"replies":[{"embeddable":true,"href":"https:\/\/beatrice-mueller.de\/fr\/wp-json\/wp\/v2\/comments?post=19395"}],"version-history":[{"count":1,"href":"https:\/\/beatrice-mueller.de\/fr\/wp-json\/wp\/v2\/pages\/19395\/revisions"}],"predecessor-version":[{"id":19418,"href":"https:\/\/beatrice-mueller.de\/fr\/wp-json\/wp\/v2\/pages\/19395\/revisions\/19418"}],"wp:attachment":[{"href":"https:\/\/beatrice-mueller.de\/fr\/wp-json\/wp\/v2\/media?parent=19395"}],"curies":[{"name":"wp","href":"https:\/\/api.w.org\/{rel}","templated":true}]}}