{"id":19396,"date":"2025-02-11T10:38:47","date_gmt":"2025-02-11T09:38:47","guid":{"rendered":"https:\/\/beatrice-mueller.de\/recueil-de-dictons\/"},"modified":"2025-02-11T10:38:47","modified_gmt":"2025-02-11T09:38:47","slug":"recueil-de-dictons","status":"publish","type":"page","link":"https:\/\/beatrice-mueller.de\/fr\/recueil-de-dictons\/","title":{"rendered":"recueil de dictons"},"content":{"rendered":"","protected":false},"excerpt":{"rendered":"","protected":false},"author":1,"featured_media":0,"parent":0,"menu_order":0,"comment_status":"closed","ping_status":"closed","template":"","meta":{"_glsr_average":0,"_glsr_ranking":0,"_glsr_reviews":0,"footnotes":""},"class_list":["post-19396","page","type-page","status-publish","hentry"],"yoast_head":"<!-- This site is optimized with the Yoast SEO plugin v25.6 - https:\/\/yoast.com\/wordpress\/plugins\/seo\/ -->\n<title>recueil de dictons - Beatrice M\u00fcller<\/title>\n<meta name=\"description\" content=\"L&#039;art na\u00eet de la comp\u00e9tence. Beatrice M\u00fcller le dit \u00e9galement dans son recueil de dictons. Un petit livre divertissant avec des pens\u00e9es et de la sagesse\" \/>\n<meta name=\"robots\" content=\"index, follow, max-snippet:-1, max-image-preview:large, max-video-preview:-1\" \/>\n<link rel=\"canonical\" href=\"https:\/\/beatrice-mueller.de\/fr\/recueil-de-dictons\/\" \/>\n<meta property=\"og:locale\" content=\"fr_FR\" \/>\n<meta property=\"og:type\" content=\"article\" \/>\n<meta property=\"og:title\" content=\"recueil de dictons - Beatrice M\u00fcller\" \/>\n<meta property=\"og:description\" content=\"L&#039;art na\u00eet de la comp\u00e9tence. Beatrice M\u00fcller le dit \u00e9galement dans son recueil de dictons. Un petit livre divertissant avec des pens\u00e9es et de la sagesse\" \/>\n<meta property=\"og:url\" content=\"https:\/\/beatrice-mueller.de\/fr\/recueil-de-dictons\/\" \/>\n<meta property=\"og:site_name\" content=\"Beatrice M\u00fcller\" \/>\n<meta name=\"twitter:card\" content=\"summary_large_image\" \/>\n<script type=\"application\/ld+json\" class=\"yoast-schema-graph\">{\"@context\":\"https:\/\/schema.org\",\"@graph\":[{\"@type\":\"WebPage\",\"@id\":\"https:\/\/beatrice-mueller.de\/fr\/recueil-de-dictons\/\",\"url\":\"https:\/\/beatrice-mueller.de\/fr\/recueil-de-dictons\/\",\"name\":\"recueil de dictons - Beatrice M\u00fcller\",\"isPartOf\":{\"@id\":\"https:\/\/beatrice-mueller.de\/fr\/#website\"},\"datePublished\":\"2025-02-11T09:38:47+00:00\",\"description\":\"L'art na\u00eet de la comp\u00e9tence. Beatrice M\u00fcller le dit \u00e9galement dans son recueil de dictons. Un petit livre divertissant avec des pens\u00e9es et de la sagesse\",\"breadcrumb\":{\"@id\":\"https:\/\/beatrice-mueller.de\/fr\/recueil-de-dictons\/#breadcrumb\"},\"inLanguage\":\"fr-FR\",\"potentialAction\":[{\"@type\":\"ReadAction\",\"target\":[\"https:\/\/beatrice-mueller.de\/fr\/recueil-de-dictons\/\"]}]},{\"@type\":\"BreadcrumbList\",\"@id\":\"https:\/\/beatrice-mueller.de\/fr\/recueil-de-dictons\/#breadcrumb\",\"itemListElement\":[{\"@type\":\"ListItem\",\"position\":1,\"name\":\"Startseite\",\"item\":\"https:\/\/beatrice-mueller.de\/fr\/\"},{\"@type\":\"ListItem\",\"position\":2,\"name\":\"recueil de dictons\"}]},{\"@type\":\"WebSite\",\"@id\":\"https:\/\/beatrice-mueller.de\/fr\/#website\",\"url\":\"https:\/\/beatrice-mueller.de\/fr\/\",\"name\":\"Beatrice M\u00fcller\",\"description\":\"Schmuckdesign\",\"potentialAction\":[{\"@type\":\"SearchAction\",\"target\":{\"@type\":\"EntryPoint\",\"urlTemplate\":\"https:\/\/beatrice-mueller.de\/fr\/?s={search_term_string}\"},\"query-input\":{\"@type\":\"PropertyValueSpecification\",\"valueRequired\":true,\"valueName\":\"search_term_string\"}}],\"inLanguage\":\"fr-FR\"}]}<\/script>\n<!-- \/ Yoast SEO plugin. -->","yoast_head_json":{"title":"recueil de dictons - Beatrice M\u00fcller","description":"L'art na\u00eet de la comp\u00e9tence. Beatrice M\u00fcller le dit \u00e9galement dans son recueil de dictons. Un petit livre divertissant avec des pens\u00e9es et de la sagesse","robots":{"index":"index","follow":"follow","max-snippet":"max-snippet:-1","max-image-preview":"max-image-preview:large","max-video-preview":"max-video-preview:-1"},"canonical":"https:\/\/beatrice-mueller.de\/fr\/recueil-de-dictons\/","og_locale":"fr_FR","og_type":"article","og_title":"recueil de dictons - Beatrice M\u00fcller","og_description":"L'art na\u00eet de la comp\u00e9tence. Beatrice M\u00fcller le dit \u00e9galement dans son recueil de dictons. Un petit livre divertissant avec des pens\u00e9es et de la sagesse","og_url":"https:\/\/beatrice-mueller.de\/fr\/recueil-de-dictons\/","og_site_name":"Beatrice M\u00fcller","twitter_card":"summary_large_image","schema":{"@context":"https:\/\/schema.org","@graph":[{"@type":"WebPage","@id":"https:\/\/beatrice-mueller.de\/fr\/recueil-de-dictons\/","url":"https:\/\/beatrice-mueller.de\/fr\/recueil-de-dictons\/","name":"recueil de dictons - Beatrice M\u00fcller","isPartOf":{"@id":"https:\/\/beatrice-mueller.de\/fr\/#website"},"datePublished":"2025-02-11T09:38:47+00:00","description":"L'art na\u00eet de la comp\u00e9tence. Beatrice M\u00fcller le dit \u00e9galement dans son recueil de dictons. Un petit livre divertissant avec des pens\u00e9es et de la sagesse","breadcrumb":{"@id":"https:\/\/beatrice-mueller.de\/fr\/recueil-de-dictons\/#breadcrumb"},"inLanguage":"fr-FR","potentialAction":[{"@type":"ReadAction","target":["https:\/\/beatrice-mueller.de\/fr\/recueil-de-dictons\/"]}]},{"@type":"BreadcrumbList","@id":"https:\/\/beatrice-mueller.de\/fr\/recueil-de-dictons\/#breadcrumb","itemListElement":[{"@type":"ListItem","position":1,"name":"Startseite","item":"https:\/\/beatrice-mueller.de\/fr\/"},{"@type":"ListItem","position":2,"name":"recueil de dictons"}]},{"@type":"WebSite","@id":"https:\/\/beatrice-mueller.de\/fr\/#website","url":"https:\/\/beatrice-mueller.de\/fr\/","name":"Beatrice M\u00fcller","description":"Schmuckdesign","potentialAction":[{"@type":"SearchAction","target":{"@type":"EntryPoint","urlTemplate":"https:\/\/beatrice-mueller.de\/fr\/?s={search_term_string}"},"query-input":{"@type":"PropertyValueSpecification","valueRequired":true,"valueName":"search_term_string"}}],"inLanguage":"fr-FR"}]}},"_links":{"self":[{"href":"https:\/\/beatrice-mueller.de\/fr\/wp-json\/wp\/v2\/pages\/19396","targetHints":{"allow":["GET"]}}],"collection":[{"href":"https:\/\/beatrice-mueller.de\/fr\/wp-json\/wp\/v2\/pages"}],"about":[{"href":"https:\/\/beatrice-mueller.de\/fr\/wp-json\/wp\/v2\/types\/page"}],"author":[{"embeddable":true,"href":"https:\/\/beatrice-mueller.de\/fr\/wp-json\/wp\/v2\/users\/1"}],"replies":[{"embeddable":true,"href":"https:\/\/beatrice-mueller.de\/fr\/wp-json\/wp\/v2\/comments?post=19396"}],"version-history":[{"count":0,"href":"https:\/\/beatrice-mueller.de\/fr\/wp-json\/wp\/v2\/pages\/19396\/revisions"}],"wp:attachment":[{"href":"https:\/\/beatrice-mueller.de\/fr\/wp-json\/wp\/v2\/media?parent=19396"}],"curies":[{"name":"wp","href":"https:\/\/api.w.org\/{rel}","templated":true}]}}