{"id":19403,"date":"2025-02-11T10:38:48","date_gmt":"2025-02-11T09:38:48","guid":{"rendered":"https:\/\/beatrice-mueller.de\/articles-de-presse-sur-beatrice-mueller\/"},"modified":"2025-02-11T10:38:51","modified_gmt":"2025-02-11T09:38:51","slug":"articles-de-presse-sur-beatrice-mueller","status":"publish","type":"page","link":"https:\/\/beatrice-mueller.de\/fr\/articles-de-presse-sur-beatrice-mueller\/","title":{"rendered":"Articles de presse sur Beatrice M\u00fcller"},"content":{"rendered":"<div  class='flex_column av-4fenyy-e16cf3615c03f5c0f648c65d46101f72 av_one_full  avia-builder-el-0  el_before_av_one_half  avia-builder-el-first  first flex_column_div  '     ><p>\n<style type=\"text\/css\" data-created_by=\"avia_inline_auto\" id=\"style-css-av-kv27qdys-c10e9366ff6d6dcf5aac7d72dd034d84\">\n#top .av-special-heading.av-kv27qdys-c10e9366ff6d6dcf5aac7d72dd034d84{\npadding-bottom:10px;\n}\nbody .av-special-heading.av-kv27qdys-c10e9366ff6d6dcf5aac7d72dd034d84 .av-special-heading-tag .heading-char{\nfont-size:25px;\n}\n.av-special-heading.av-kv27qdys-c10e9366ff6d6dcf5aac7d72dd034d84 .av-subheading{\nfont-size:15px;\n}\n<\/style>\n<div  class='av-special-heading av-kv27qdys-c10e9366ff6d6dcf5aac7d72dd034d84 av-special-heading-h1 blockquote modern-quote modern-centered  avia-builder-el-1  el_before_av_textblock  avia-builder-el-first '><h1 class='av-special-heading-tag '  itemprop=\"headline\"  >Articles de presse sur Beatrice M\u00fcller<\/h1><div class=\"special-heading-border\"><div class=\"special-heading-inner-border\"><\/div><\/div><\/div><br \/>\n<section  class='av_textblock_section av-kv27zy66-192e6c1158e0177c58ae7b13167c2ac0 '   itemscope=\"itemscope\" itemtype=\"https:\/\/schema.org\/CreativeWork\" ><div class='avia_textblock'  itemprop=\"text\" ><p style=\"text-align: center;\">Vous trouverez ici des articles de presse des derni\u00e8res ann\u00e9es. Pour lire, cliquez simplement sur la rubrique correspondante. <\/p>\n<p style=\"text-align: center;\">Si vous avez besoin de mat\u00e9riel de presse de notre part, veuillez nous contacter.<\/p>\n<p style=\"text-align: center;\"><a href=\"https:\/\/beatrice-mueller.de\/kontakt\/\">Vers le formulaire de contact \u27e9<\/a><\/p>\n<\/div><\/section><\/p><\/div><div class='flex_column_table av-5oxolm-5bdc19756757441d7e9b8e816cba79d5 sc-av_one_half av-equal-height-column-flextable'>\n<style type=\"text\/css\" data-created_by=\"avia_inline_auto\" id=\"style-css-av-5oxolm-5bdc19756757441d7e9b8e816cba79d5\">\n.flex_column.av-5oxolm-5bdc19756757441d7e9b8e816cba79d5{\nborder-radius:0px 0px 0px 0px;\npadding:20px 0px 0px 20px;\n}\n<\/style>\n<div  class='flex_column av-5oxolm-5bdc19756757441d7e9b8e816cba79d5 av_one_half  avia-builder-el-3  el_after_av_one_full  el_before_av_one_half  first flex_column_table_cell av-equal-height-column av-align-top  column-top-margin'     ><style type=\"text\/css\" data-created_by=\"avia_inline_auto\" id=\"style-css-av-kv27w9pe-fd88b2f22332a526d3d6c6657e8860f6\">\n.avia-image-container.av-kv27w9pe-fd88b2f22332a526d3d6c6657e8860f6 img.avia_image{\nbox-shadow:none;\n}\n.avia-image-container.av-kv27w9pe-fd88b2f22332a526d3d6c6657e8860f6 .av-image-caption-overlay-center{\ncolor:#ffffff;\n}\n<\/style>\n<div  class='avia-image-container av-kv27w9pe-fd88b2f22332a526d3d6c6657e8860f6 av-styling- avia-align-left  avia-builder-el-4  avia-builder-el-no-sibling '   itemprop=\"image\" itemscope=\"itemscope\" itemtype=\"https:\/\/schema.org\/ImageObject\" ><div class=\"avia-image-container-inner\"><div class=\"avia-image-overlay-wrap\"><img decoding=\"async\" fetchpriority=\"high\" class='wp-image-38617 avia-img-lazy-loading-not-38617 avia_image ' src=\"https:\/\/beatrice-mueller.de\/wp-content\/uploads\/2021\/10\/sdo-presse.jpg\" alt='' title='sdo-presse'  height=\"500\" width=\"800\"  itemprop=\"thumbnailUrl\" srcset=\"https:\/\/beatrice-mueller.de\/wp-content\/uploads\/2021\/10\/sdo-presse.jpg 800w, https:\/\/beatrice-mueller.de\/wp-content\/uploads\/2021\/10\/sdo-presse-600x375.jpg 600w, https:\/\/beatrice-mueller.de\/wp-content\/uploads\/2021\/10\/sdo-presse-300x188.jpg 300w, https:\/\/beatrice-mueller.de\/wp-content\/uploads\/2021\/10\/sdo-presse-768x480.jpg 768w, https:\/\/beatrice-mueller.de\/wp-content\/uploads\/2021\/10\/sdo-presse-705x441.jpg 705w\" sizes=\"(max-width: 800px) 100vw, 800px\" \/><\/div><\/div><\/div><\/div><\/p>\n<div class='av-flex-placeholder'><\/div>\n<style type=\"text\/css\" data-created_by=\"avia_inline_auto\" id=\"style-css-av-55fb3u-10b9c95dfb4db75a031977ba480fea08\">\n.flex_column.av-55fb3u-10b9c95dfb4db75a031977ba480fea08{\nborder-radius:0px 0px 0px 0px;\npadding:20px 0px 0px 20px;\nbackground-color:#f8f8f8;\n}\n<\/style>\n<div  class='flex_column av-55fb3u-10b9c95dfb4db75a031977ba480fea08 av_one_half  avia-builder-el-5  el_after_av_one_half  avia-builder-el-last  flex_column_table_cell av-equal-height-column av-align-top  column-top-margin'     ><section  class='av_textblock_section av-2dzhne-ea27d9be47036d5584a06e62736afbc9 '   itemscope=\"itemscope\" itemtype=\"https:\/\/schema.org\/CreativeWork\" ><div class='avia_textblock'  itemprop=\"text\" ><p><a href=\"https:\/\/www.saarbruecker-zeitung.de\/pr\/presseportal\/aussergewoehnliche-botschaften-fuer-besondere-menschen_aid-79345887\" target=\"_blank\" rel=\"noopener\">Saarbr\u00fcckener Zeitung, Des messages extraordinaires pour des personnes sp\u00e9ciales<\/a><\/p>\n<hr>\n<p><a href=\"https:\/\/www.marktspiegel.de\/landkreis-fuerth\/c-panorama\/hier-20x-anti-corona-schmuckmasken-gewinnen_a68480\" target=\"_blank\" rel=\"noopener\">MarktSpiegel, 12.3.2021 : Bijoux CuNz-x de Beatrice M\u00fcller<\/a><\/p>\n<hr>\n<p><a href=\"https:\/\/beatrice-mueller.de\/wp-content\/uploads\/2021\/11\/SchmuckMagazin-04_2019-komprimiert.pdf\" target=\"_blank\" rel=\"noopener\">Magazine Bijoux &#8211; 12\/2019 &#8211; PDF (370 Ko)<\/a><\/p>\n<hr>\n<p><a href=\"https:\/\/beatrice-mueller.de\/wp-content\/uploads\/2021\/11\/2019-04-03-Presse_Schmuck_Magazin.pdf\" target=\"_blank\" rel=\"noopener\">Magazine Bijoux &#8211; 01\/2019 &#8211; PDF (358 Ko)<\/a><\/p>\n<hr>\n<p><a href=\"https:\/\/beatrice-mueller.de\/wp-content\/uploads\/2021\/11\/HohzeitMagazin_05_2018-komprimiert.pdf\" target=\"_blank\" rel=\"noopener\">Magazine Mariage &#8211; 09\/2018 &#8211; PDF (358 Ko)<\/a><\/p>\n<hr>\n<p><a href=\"https:\/\/beatrice-mueller.de\/wp-content\/uploads\/2021\/11\/HohzeitMagazin_04_2018-komprimiert.pdf\" target=\"_blank\" rel=\"noopener\">Magazine Mariage &#8211; 07\/2018 &#8211; PDF (344 Ko)<\/a><\/p>\n<hr>\n<p><a href=\"https:\/\/beatrice-mueller.de\/wp-content\/uploads\/2021\/11\/Golfaktuell.pdf\" target=\"_blank\" rel=\"noopener\">GOLF Actuel &#8211; 11\/2017 &#8211; PDF (1.100KB)<\/a><\/p>\n<hr>\n<p><a href=\"https:\/\/beatrice-mueller.de\/wp-content\/uploads\/2021\/11\/SchmuckMagazin-03_2017-komprimiert.pdf\" target=\"_blank\" rel=\"noopener\">Magazine Bijoux &#8211; 09\/2017 &#8211; PDF (358 Ko)<\/a><\/p>\n<hr>\n<p><a href=\"https:\/\/beatrice-mueller.de\/wp-content\/uploads\/2021\/11\/SchmuckMagazin-02_2017-komprimiert.pdf\" target=\"_blank\" rel=\"noopener\">Magazine Bijoux &#8211; 06\/2017 &#8211; PDF (321 Ko)<\/a><\/p>\n<\/div><\/section><\/div><\/div><!--close column table wrapper. Autoclose: 1 -->\n","protected":false},"excerpt":{"rendered":"","protected":false},"author":1,"featured_media":0,"parent":0,"menu_order":0,"comment_status":"closed","ping_status":"closed","template":"","meta":{"_glsr_average":0,"_glsr_ranking":0,"_glsr_reviews":0,"footnotes":""},"class_list":["post-19403","page","type-page","status-publish","hentry"],"yoast_head":"<!-- This site is optimized with the Yoast SEO plugin v25.6 - https:\/\/yoast.com\/wordpress\/plugins\/seo\/ -->\n<title>Articles de presse sur Beatrice M\u00fcller - Beatrice M\u00fcller<\/title>\n<meta name=\"description\" content=\"Vous trouverez ici de nombreux articles de presse qui vous int\u00e9resseront tous ! Venez simplement y jeter un oeil.\" \/>\n<meta name=\"robots\" content=\"index, follow, max-snippet:-1, max-image-preview:large, max-video-preview:-1\" \/>\n<link rel=\"canonical\" href=\"https:\/\/beatrice-mueller.de\/fr\/articles-de-presse-sur-beatrice-mueller\/\" \/>\n<meta property=\"og:locale\" content=\"fr_FR\" \/>\n<meta property=\"og:type\" content=\"article\" \/>\n<meta property=\"og:title\" content=\"Articles de presse sur Beatrice M\u00fcller - Beatrice M\u00fcller\" \/>\n<meta property=\"og:description\" content=\"Vous trouverez ici de nombreux articles de presse qui vous int\u00e9resseront tous ! Venez simplement y jeter un oeil.\" \/>\n<meta property=\"og:url\" content=\"https:\/\/beatrice-mueller.de\/fr\/articles-de-presse-sur-beatrice-mueller\/\" \/>\n<meta property=\"og:site_name\" content=\"Beatrice M\u00fcller\" \/>\n<meta property=\"article:modified_time\" content=\"2025-02-11T09:38:51+00:00\" \/>\n<meta name=\"twitter:card\" content=\"summary_large_image\" \/>\n<meta name=\"twitter:label1\" content=\"Dur\u00e9e de lecture estim\u00e9e\" \/>\n\t<meta name=\"twitter:data1\" content=\"6 minutes\" \/>\n<script type=\"application\/ld+json\" class=\"yoast-schema-graph\">{\"@context\":\"https:\/\/schema.org\",\"@graph\":[{\"@type\":\"WebPage\",\"@id\":\"https:\/\/beatrice-mueller.de\/fr\/articles-de-presse-sur-beatrice-mueller\/\",\"url\":\"https:\/\/beatrice-mueller.de\/fr\/articles-de-presse-sur-beatrice-mueller\/\",\"name\":\"Articles de presse sur Beatrice M\u00fcller - Beatrice M\u00fcller\",\"isPartOf\":{\"@id\":\"https:\/\/beatrice-mueller.de\/fr\/#website\"},\"datePublished\":\"2025-02-11T09:38:48+00:00\",\"dateModified\":\"2025-02-11T09:38:51+00:00\",\"description\":\"Vous trouverez ici de nombreux articles de presse qui vous int\u00e9resseront tous ! Venez simplement y jeter un oeil.\",\"breadcrumb\":{\"@id\":\"https:\/\/beatrice-mueller.de\/fr\/articles-de-presse-sur-beatrice-mueller\/#breadcrumb\"},\"inLanguage\":\"fr-FR\",\"potentialAction\":[{\"@type\":\"ReadAction\",\"target\":[\"https:\/\/beatrice-mueller.de\/fr\/articles-de-presse-sur-beatrice-mueller\/\"]}]},{\"@type\":\"BreadcrumbList\",\"@id\":\"https:\/\/beatrice-mueller.de\/fr\/articles-de-presse-sur-beatrice-mueller\/#breadcrumb\",\"itemListElement\":[{\"@type\":\"ListItem\",\"position\":1,\"name\":\"Startseite\",\"item\":\"https:\/\/beatrice-mueller.de\/fr\/\"},{\"@type\":\"ListItem\",\"position\":2,\"name\":\"Articles de presse sur Beatrice M\u00fcller\"}]},{\"@type\":\"WebSite\",\"@id\":\"https:\/\/beatrice-mueller.de\/fr\/#website\",\"url\":\"https:\/\/beatrice-mueller.de\/fr\/\",\"name\":\"Beatrice M\u00fcller\",\"description\":\"Schmuckdesign\",\"potentialAction\":[{\"@type\":\"SearchAction\",\"target\":{\"@type\":\"EntryPoint\",\"urlTemplate\":\"https:\/\/beatrice-mueller.de\/fr\/?s={search_term_string}\"},\"query-input\":{\"@type\":\"PropertyValueSpecification\",\"valueRequired\":true,\"valueName\":\"search_term_string\"}}],\"inLanguage\":\"fr-FR\"}]}<\/script>\n<!-- \/ Yoast SEO plugin. -->","yoast_head_json":{"title":"Articles de presse sur Beatrice M\u00fcller - Beatrice M\u00fcller","description":"Vous trouverez ici de nombreux articles de presse qui vous int\u00e9resseront tous ! Venez simplement y jeter un oeil.","robots":{"index":"index","follow":"follow","max-snippet":"max-snippet:-1","max-image-preview":"max-image-preview:large","max-video-preview":"max-video-preview:-1"},"canonical":"https:\/\/beatrice-mueller.de\/fr\/articles-de-presse-sur-beatrice-mueller\/","og_locale":"fr_FR","og_type":"article","og_title":"Articles de presse sur Beatrice M\u00fcller - Beatrice M\u00fcller","og_description":"Vous trouverez ici de nombreux articles de presse qui vous int\u00e9resseront tous ! Venez simplement y jeter un oeil.","og_url":"https:\/\/beatrice-mueller.de\/fr\/articles-de-presse-sur-beatrice-mueller\/","og_site_name":"Beatrice M\u00fcller","article_modified_time":"2025-02-11T09:38:51+00:00","twitter_card":"summary_large_image","twitter_misc":{"Dur\u00e9e de lecture estim\u00e9e":"6 minutes"},"schema":{"@context":"https:\/\/schema.org","@graph":[{"@type":"WebPage","@id":"https:\/\/beatrice-mueller.de\/fr\/articles-de-presse-sur-beatrice-mueller\/","url":"https:\/\/beatrice-mueller.de\/fr\/articles-de-presse-sur-beatrice-mueller\/","name":"Articles de presse sur Beatrice M\u00fcller - Beatrice M\u00fcller","isPartOf":{"@id":"https:\/\/beatrice-mueller.de\/fr\/#website"},"datePublished":"2025-02-11T09:38:48+00:00","dateModified":"2025-02-11T09:38:51+00:00","description":"Vous trouverez ici de nombreux articles de presse qui vous int\u00e9resseront tous ! Venez simplement y jeter un oeil.","breadcrumb":{"@id":"https:\/\/beatrice-mueller.de\/fr\/articles-de-presse-sur-beatrice-mueller\/#breadcrumb"},"inLanguage":"fr-FR","potentialAction":[{"@type":"ReadAction","target":["https:\/\/beatrice-mueller.de\/fr\/articles-de-presse-sur-beatrice-mueller\/"]}]},{"@type":"BreadcrumbList","@id":"https:\/\/beatrice-mueller.de\/fr\/articles-de-presse-sur-beatrice-mueller\/#breadcrumb","itemListElement":[{"@type":"ListItem","position":1,"name":"Startseite","item":"https:\/\/beatrice-mueller.de\/fr\/"},{"@type":"ListItem","position":2,"name":"Articles de presse sur Beatrice M\u00fcller"}]},{"@type":"WebSite","@id":"https:\/\/beatrice-mueller.de\/fr\/#website","url":"https:\/\/beatrice-mueller.de\/fr\/","name":"Beatrice M\u00fcller","description":"Schmuckdesign","potentialAction":[{"@type":"SearchAction","target":{"@type":"EntryPoint","urlTemplate":"https:\/\/beatrice-mueller.de\/fr\/?s={search_term_string}"},"query-input":{"@type":"PropertyValueSpecification","valueRequired":true,"valueName":"search_term_string"}}],"inLanguage":"fr-FR"}]}},"_links":{"self":[{"href":"https:\/\/beatrice-mueller.de\/fr\/wp-json\/wp\/v2\/pages\/19403","targetHints":{"allow":["GET"]}}],"collection":[{"href":"https:\/\/beatrice-mueller.de\/fr\/wp-json\/wp\/v2\/pages"}],"about":[{"href":"https:\/\/beatrice-mueller.de\/fr\/wp-json\/wp\/v2\/types\/page"}],"author":[{"embeddable":true,"href":"https:\/\/beatrice-mueller.de\/fr\/wp-json\/wp\/v2\/users\/1"}],"replies":[{"embeddable":true,"href":"https:\/\/beatrice-mueller.de\/fr\/wp-json\/wp\/v2\/comments?post=19403"}],"version-history":[{"count":10,"href":"https:\/\/beatrice-mueller.de\/fr\/wp-json\/wp\/v2\/pages\/19403\/revisions"}],"predecessor-version":[{"id":19441,"href":"https:\/\/beatrice-mueller.de\/fr\/wp-json\/wp\/v2\/pages\/19403\/revisions\/19441"}],"wp:attachment":[{"href":"https:\/\/beatrice-mueller.de\/fr\/wp-json\/wp\/v2\/media?parent=19403"}],"curies":[{"name":"wp","href":"https:\/\/api.w.org\/{rel}","templated":true}]}}