{"id":19419,"date":"2025-02-11T10:38:49","date_gmt":"2025-02-11T09:38:49","guid":{"rendered":"https:\/\/beatrice-mueller.de\/atelier-schmuck-design-objets\/"},"modified":"2025-05-23T05:09:09","modified_gmt":"2025-05-23T03:09:09","slug":"atelier-schmuck-design-objets","status":"publish","type":"page","link":"https:\/\/beatrice-mueller.de\/fr\/atelier-schmuck-design-objets\/","title":{"rendered":"Atelier Schmuck Design Objets"},"content":{"rendered":"\n<style type=\"text\/css\" data-created_by=\"avia_inline_auto\" id=\"style-css-av-kw43a28p-b3cf117460df4f2a3cd86a58bbfe2a10\">\n.avia-section.av-kw43a28p-b3cf117460df4f2a3cd86a58bbfe2a10{\nbackground-repeat:no-repeat;\nbackground-image:url(https:\/\/beatrice-mueller.de\/wp-content\/uploads\/2021\/11\/BM_Homepage-Vorlagen_Headerbild_KollektionenAtelier-01.jpg);\nbackground-position:50% 50%;\nbackground-attachment:scroll;\n}\n<\/style>\n<div id='av_section_1'  class='avia-section av-kw43a28p-b3cf117460df4f2a3cd86a58bbfe2a10 main_color avia-section-default avia-no-border-styling  avia-builder-el-0  el_before_av_layout_row  avia-builder-el-first  avia-full-stretch avia-bg-style-scroll av-minimum-height av-minimum-height-75 av-height-75  container_wrap sidebar_right'  data-section-bg-repeat='stretch' data-av_minimum_height_pc='75' data-av_min_height_opt='75'><div class='container av-section-cont-open' ><main  role=\"main\" itemprop=\"mainContentOfPage\"  class='template-page content  av-content-small alpha units'><div class='post-entry post-entry-type-page post-entry-19419'><div class='entry-content-wrapper clearfix'>\n\n<style type=\"text\/css\" data-created_by=\"avia_inline_auto\" id=\"style-css-av-kw43az1i-46768df6830ab5400808fc4a3739252f\">\n#top .av-special-heading.av-kw43az1i-46768df6830ab5400808fc4a3739252f{\npadding-bottom:10px;\n}\nbody .av-special-heading.av-kw43az1i-46768df6830ab5400808fc4a3739252f .av-special-heading-tag .heading-char{\nfont-size:25px;\n}\n.av-special-heading.av-kw43az1i-46768df6830ab5400808fc4a3739252f .av-subheading{\nfont-size:34px;\n}\n<\/style>\n<div  id=\"caption-top\"  class='av-special-heading av-kw43az1i-46768df6830ab5400808fc4a3739252f av-special-heading-h1 blockquote modern-quote modern-centered  avia-builder-el-1  avia-builder-el-no-sibling '><h1 class='av-special-heading-tag '  itemprop=\"headline\"  >ATELIER BIJOUX OBJETS DE DESIGN<\/h1><div class='av-subheading av-subheading_below'><p>PI\u00c8CES UNIQUES FAITES MAIN<br \/>\n PAR BEATRICE M\u00dcLLER<\/p>\n<\/div><div class=\"special-heading-border\"><div class=\"special-heading-inner-border\"><\/div><\/div><\/div>\n\n<\/div><\/div><\/main><!-- close content main element --><\/div><\/div><div id='av-layout-grid-1'  class='av-layout-grid-container av-7n7jcf-3beb4d25687ef2ccec6e0d8221c85e70 entry-content-wrapper main_color av-flex-cells  avia-builder-el-2  el_after_av_section  el_before_av_masonry_gallery  grid-row-not-first  container_wrap sidebar_right'  >\n<div class='flex_cell av-6i175b-8346302d54c6cb5471ecf62aa3d8a3c6 av-gridrow-cell av_one_third no_margin  avia-builder-el-3  el_before_av_cell_one_third  avia-builder-el-first '  ><div class='flex_cell_inner'><\/div><\/div><div class='flex_cell av-4gldof-74d8f8d6934385406247e79b32bebc3e av-gridrow-cell av_one_third no_margin  avia-builder-el-4  el_after_av_cell_one_third  el_before_av_cell_one_third '  ><div class='flex_cell_inner'><section  class='av_textblock_section av-kw43ztao-438c9d47621230263321c2232b79c1c2 '   itemscope=\"itemscope\" itemtype=\"https:\/\/schema.org\/CreativeWork\" ><div class='avia_textblock'  itemprop=\"text\" ><p>Les collections du studio Beatrice Mueller se concentrent toujours sur des bijoux opulents, non conventionnels et parfois dignes d&#8217;un conte de f\u00e9es. Derri\u00e8re chaque cr\u00e9ation il y a un message, une sagesse, une anecdote ou un souhait. Les formes et les mat\u00e9riaux utilis\u00e9s refl\u00e8tent la cr\u00e9ativit\u00e9 et le savoir-faire extraordinaires de Beatrice M\u00fcller. La cr\u00e9atrice de bijoux travaille les m\u00e9taux et pierres les plus fins ainsi que des petites plumes ou du b\u00e9ton.   <\/p>\n<p>Les bijoux des collections du studio sont uniques et disponibles uniquement sur place \u00e0 l&#8217;Atelier Schmuck Design Objekts\u00ae \u00e0 Stein pr\u00e8s de Nuremberg. Chaque pi\u00e8ce est con\u00e7ue individuellement pour le porteur et des d\u00e9tails personnels sont ajout\u00e9s sur demande. Les mat\u00e9riaux et les pierres pr\u00e9cieuses peuvent \u00eatre choisis librement.<\/p>\n<\/div><\/section>\n<\/div><\/div>\n<style type=\"text\/css\" data-created_by=\"avia_inline_auto\" id=\"style-css-av-2cjwan-c93172f89a9adde18865326ed0ccbf17\">\n.flex_cell.av-2cjwan-c93172f89a9adde18865326ed0ccbf17{\nvertical-align:top;\n}\n.responsive #top #wrap_all .flex_cell.av-2cjwan-c93172f89a9adde18865326ed0ccbf17{\npadding:30px 30px 30px 30px !important;\n}\n<\/style>\n<div class='flex_cell av-2cjwan-c93172f89a9adde18865326ed0ccbf17 av-gridrow-cell av_one_third no_margin  avia-builder-el-6  el_after_av_cell_one_third  avia-builder-el-last '  ><div class='flex_cell_inner'><\/div><\/div>\n<\/div>\n<div id='av-masonry-1' class='av-masonry av-av_masonry_gallery-b2c9a2ea8f55d318552f8bab1338976f noHover av-fixed-size av-large-gap av-hover-overlay-active av-masonry-animation-active av-masonry-col-4 av-caption-always av-caption-style- av-masonry-gallery av-orientation-portrait ' data-post_id=\"19419\"><div class=\"av-masonry-container isotope av-js-disabled\"><div class='av-masonry-entry isotope-item av-masonry-item-no-image '><\/div><div id='av-masonry-1-item-38735' data-av-masonry-item='38735' class='av-masonry-entry isotope-item post-38735 attachment type-attachment status-inherit hentry  av-masonry-item-with-image'    itemprop=\"thumbnailUrl\" ><div class='av-inner-masonry-sizer'><\/div><figure class='av-inner-masonry main_color'><div class=\"av-masonry-outerimage-container\"><div class='av-masonry-image-container' style=\"background-image: url(https:\/\/beatrice-mueller.de\/wp-content\/uploads\/2021\/10\/antennen1-705x441.jpg);\"  title=\"antennen1\" ><\/div><\/div><figcaption class='av-inner-masonry-content site-background'><div class='av-inner-masonry-content-pos'><div class='av-inner-masonry-content-pos-content'><div class='avia-arrow'><\/div><div class='av-masonry-entry-content entry-content'  itemprop=\"text\" >Antennen<\/div><\/div><\/div><\/figcaption><\/figure><\/div><!--end av-masonry entry--><div id='av-masonry-1-item-38705' data-av-masonry-item='38705' class='av-masonry-entry isotope-item post-38705 attachment type-attachment status-inherit hentry  av-masonry-item-with-image'    itemprop=\"thumbnailUrl\" ><div class='av-inner-masonry-sizer'><\/div><figure class='av-inner-masonry main_color'><div class=\"av-masonry-outerimage-container\"><div class='av-masonry-image-container' style=\"background-image: url(https:\/\/beatrice-mueller.de\/wp-content\/uploads\/2021\/10\/energetic1-705x441.jpg);\"  title=\"energetic1\" ><\/div><\/div><figcaption class='av-inner-masonry-content site-background'><div class='av-inner-masonry-content-pos'><div class='av-inner-masonry-content-pos-content'><div class='avia-arrow'><\/div><div class='av-masonry-entry-content entry-content'  itemprop=\"text\" >Energetic<\/div><\/div><\/div><\/figcaption><\/figure><\/div><!--end av-masonry entry--><div id='av-masonry-1-item-38757' data-av-masonry-item='38757' class='av-masonry-entry isotope-item post-38757 attachment type-attachment status-inherit hentry  av-masonry-item-with-image'    itemprop=\"thumbnailUrl\" ><div class='av-inner-masonry-sizer'><\/div><figure class='av-inner-masonry main_color'><div class=\"av-masonry-outerimage-container\"><div class='av-masonry-image-container' style=\"background-image: url(https:\/\/beatrice-mueller.de\/wp-content\/uploads\/2021\/10\/filigranus1-705x441.jpg);\"  title=\"filigranus1\" ><\/div><\/div><figcaption class='av-inner-masonry-content site-background'><div class='av-inner-masonry-content-pos'><div class='av-inner-masonry-content-pos-content'><div class='avia-arrow'><\/div><div class='av-masonry-entry-content entry-content'  itemprop=\"text\" >Filigranus<\/div><\/div><\/div><\/figcaption><\/figure><\/div><!--end av-masonry entry--><div id='av-masonry-1-item-38724' data-av-masonry-item='38724' class='av-masonry-entry isotope-item post-38724 attachment type-attachment status-inherit hentry  av-masonry-item-with-image'    itemprop=\"thumbnailUrl\" ><div class='av-inner-masonry-sizer'><\/div><figure class='av-inner-masonry main_color'><div class=\"av-masonry-outerimage-container\"><div class='av-masonry-image-container' style=\"background-image: url(https:\/\/beatrice-mueller.de\/wp-content\/uploads\/2021\/10\/huf1-705x441.jpg);\"  title=\"huf1\" ><\/div><\/div><figcaption class='av-inner-masonry-content site-background'><div class='av-inner-masonry-content-pos'><div class='av-inner-masonry-content-pos-content'><div class='avia-arrow'><\/div><div class='av-masonry-entry-content entry-content'  itemprop=\"text\" >H\u00fclle und F\u00fclle<\/div><\/div><\/div><\/figcaption><\/figure><\/div><!--end av-masonry entry--><div id='av-masonry-1-item-38747' data-av-masonry-item='38747' class='av-masonry-entry isotope-item post-38747 attachment type-attachment status-inherit hentry  av-masonry-item-with-image'    itemprop=\"thumbnailUrl\" ><div class='av-inner-masonry-sizer'><\/div><figure class='av-inner-masonry main_color'><div class=\"av-masonry-outerimage-container\"><div class='av-masonry-image-container' style=\"background-image: url(https:\/\/beatrice-mueller.de\/wp-content\/uploads\/2021\/10\/labyrinth1-705x441.jpg);\"  title=\"labyrinth1\" ><\/div><\/div><figcaption class='av-inner-masonry-content site-background'><div class='av-inner-masonry-content-pos'><div class='av-inner-masonry-content-pos-content'><div class='avia-arrow'><\/div><div class='av-masonry-entry-content entry-content'  itemprop=\"text\" >Labyrinth<\/div><\/div><\/div><\/figcaption><\/figure><\/div><!--end av-masonry entry--><div id='av-masonry-1-item-38769' data-av-masonry-item='38769' class='av-masonry-entry isotope-item post-38769 attachment type-attachment status-inherit hentry  av-masonry-item-with-image'    itemprop=\"thumbnailUrl\" ><div class='av-inner-masonry-sizer'><\/div><figure class='av-inner-masonry main_color'><div class=\"av-masonry-outerimage-container\"><div class='av-masonry-image-container' style=\"background-image: url(https:\/\/beatrice-mueller.de\/wp-content\/uploads\/2021\/10\/meilenstein1-705x441.jpg);\"  title=\"Kampagne Meilenstein 2013\" ><\/div><\/div><figcaption class='av-inner-masonry-content site-background'><div class='av-inner-masonry-content-pos'><div class='av-inner-masonry-content-pos-content'><div class='avia-arrow'><\/div><div class='av-masonry-entry-content entry-content'  itemprop=\"text\" >Kampagne Meilenstein 2013<\/div><\/div><\/div><\/figcaption><\/figure><\/div><!--end av-masonry entry--><div id='av-masonry-1-item-38772' data-av-masonry-item='38772' class='av-masonry-entry isotope-item post-38772 attachment type-attachment status-inherit hentry  av-masonry-item-with-image'    itemprop=\"thumbnailUrl\" ><div class='av-inner-masonry-sizer'><\/div><figure class='av-inner-masonry main_color'><div class=\"av-masonry-outerimage-container\"><div class='av-masonry-image-container' style=\"background-image: url(https:\/\/beatrice-mueller.de\/wp-content\/uploads\/2021\/10\/orden1-705x441.jpg);\"  title=\"orden1\" ><\/div><\/div><figcaption class='av-inner-masonry-content site-background'><div class='av-inner-masonry-content-pos'><div class='av-inner-masonry-content-pos-content'><div class='avia-arrow'><\/div><div class='av-masonry-entry-content entry-content'  itemprop=\"text\" >Orden<\/div><\/div><\/div><\/figcaption><\/figure><\/div><!--end av-masonry entry--><div id='av-masonry-1-item-38779' data-av-masonry-item='38779' class='av-masonry-entry isotope-item post-38779 attachment type-attachment status-inherit hentry  av-masonry-item-with-image'    itemprop=\"thumbnailUrl\" ><div class='av-inner-masonry-sizer'><\/div><figure class='av-inner-masonry main_color'><div class=\"av-masonry-outerimage-container\"><div class='av-masonry-image-container' style=\"background-image: url(https:\/\/beatrice-mueller.de\/wp-content\/uploads\/2021\/10\/optimal1-705x441.jpg);\"  title=\"optimal1\" ><\/div><\/div><figcaption class='av-inner-masonry-content site-background'><div class='av-inner-masonry-content-pos'><div class='av-inner-masonry-content-pos-content'><div class='avia-arrow'><\/div><div class='av-masonry-entry-content entry-content'  itemprop=\"text\" >Optimal<\/div><\/div><\/div><\/figcaption><\/figure><\/div><!--end av-masonry entry--><div id='av-masonry-1-item-38754' data-av-masonry-item='38754' class='av-masonry-entry isotope-item post-38754 attachment type-attachment status-inherit hentry  av-masonry-item-with-image'    itemprop=\"thumbnailUrl\" ><div class='av-inner-masonry-sizer'><\/div><figure class='av-inner-masonry main_color'><div class=\"av-masonry-outerimage-container\"><div class='av-masonry-image-container' style=\"background-image: url(https:\/\/beatrice-mueller.de\/wp-content\/uploads\/2021\/10\/sdo2014-verrueckt-705x441.jpg);\"  title=\"sdo2014-verrueckt\" ><\/div><\/div><figcaption class='av-inner-masonry-content site-background'><div class='av-inner-masonry-content-pos'><div class='av-inner-masonry-content-pos-content'><div class='avia-arrow'><\/div><div class='av-masonry-entry-content entry-content'  itemprop=\"text\" >Verr\u00fcckt<\/div><\/div><\/div><\/figcaption><\/figure><\/div><!--end av-masonry entry--><\/div><\/div>\n","protected":false},"excerpt":{"rendered":"","protected":false},"author":1,"featured_media":0,"parent":0,"menu_order":0,"comment_status":"closed","ping_status":"closed","template":"","meta":{"_glsr_average":0,"_glsr_ranking":0,"_glsr_reviews":0,"footnotes":""},"class_list":["post-19419","page","type-page","status-publish","hentry"],"yoast_head":"<!-- This site is optimized with the Yoast SEO plugin v25.6 - https:\/\/yoast.com\/wordpress\/plugins\/seo\/ -->\n<title>Atelier Schmuck Design Objets - Beatrice M\u00fcller<\/title>\n<meta name=\"description\" content=\"L&#039;atelier de cr\u00e9ation de bijoux et d&#039;objets de Beatrice Mueller se concentre toujours sur des pi\u00e8ces de joaillerie non conventionnelles et parfois f\u00e9eriques.\" \/>\n<meta name=\"robots\" content=\"index, follow, max-snippet:-1, max-image-preview:large, max-video-preview:-1\" \/>\n<link rel=\"canonical\" href=\"https:\/\/beatrice-mueller.de\/fr\/atelier-schmuck-design-objets\/\" \/>\n<meta property=\"og:locale\" content=\"fr_FR\" \/>\n<meta property=\"og:type\" content=\"article\" \/>\n<meta property=\"og:title\" content=\"Atelier Schmuck Design Objets - Beatrice M\u00fcller\" \/>\n<meta property=\"og:description\" content=\"L&#039;atelier de cr\u00e9ation de bijoux et d&#039;objets de Beatrice Mueller se concentre toujours sur des pi\u00e8ces de joaillerie non conventionnelles et parfois f\u00e9eriques.\" \/>\n<meta property=\"og:url\" content=\"https:\/\/beatrice-mueller.de\/fr\/atelier-schmuck-design-objets\/\" \/>\n<meta property=\"og:site_name\" content=\"Beatrice M\u00fcller\" \/>\n<meta property=\"article:modified_time\" content=\"2025-05-23T03:09:09+00:00\" \/>\n<meta name=\"twitter:card\" content=\"summary_large_image\" \/>\n<meta name=\"twitter:label1\" content=\"Dur\u00e9e de lecture estim\u00e9e\" \/>\n\t<meta name=\"twitter:data1\" content=\"1 minute\" \/>\n<script type=\"application\/ld+json\" class=\"yoast-schema-graph\">{\"@context\":\"https:\/\/schema.org\",\"@graph\":[{\"@type\":\"WebPage\",\"@id\":\"https:\/\/beatrice-mueller.de\/fr\/atelier-schmuck-design-objets\/\",\"url\":\"https:\/\/beatrice-mueller.de\/fr\/atelier-schmuck-design-objets\/\",\"name\":\"Atelier Schmuck Design Objets - Beatrice M\u00fcller\",\"isPartOf\":{\"@id\":\"https:\/\/beatrice-mueller.de\/fr\/#website\"},\"datePublished\":\"2025-02-11T09:38:49+00:00\",\"dateModified\":\"2025-05-23T03:09:09+00:00\",\"description\":\"L'atelier de cr\u00e9ation de bijoux et d'objets de Beatrice Mueller se concentre toujours sur des pi\u00e8ces de joaillerie non conventionnelles et parfois f\u00e9eriques.\",\"breadcrumb\":{\"@id\":\"https:\/\/beatrice-mueller.de\/fr\/atelier-schmuck-design-objets\/#breadcrumb\"},\"inLanguage\":\"fr-FR\",\"potentialAction\":[{\"@type\":\"ReadAction\",\"target\":[\"https:\/\/beatrice-mueller.de\/fr\/atelier-schmuck-design-objets\/\"]}]},{\"@type\":\"BreadcrumbList\",\"@id\":\"https:\/\/beatrice-mueller.de\/fr\/atelier-schmuck-design-objets\/#breadcrumb\",\"itemListElement\":[{\"@type\":\"ListItem\",\"position\":1,\"name\":\"Startseite\",\"item\":\"https:\/\/beatrice-mueller.de\/fr\/\"},{\"@type\":\"ListItem\",\"position\":2,\"name\":\"Atelier Schmuck Design Objets\"}]},{\"@type\":\"WebSite\",\"@id\":\"https:\/\/beatrice-mueller.de\/fr\/#website\",\"url\":\"https:\/\/beatrice-mueller.de\/fr\/\",\"name\":\"Beatrice M\u00fcller\",\"description\":\"Schmuckdesign\",\"potentialAction\":[{\"@type\":\"SearchAction\",\"target\":{\"@type\":\"EntryPoint\",\"urlTemplate\":\"https:\/\/beatrice-mueller.de\/fr\/?s={search_term_string}\"},\"query-input\":{\"@type\":\"PropertyValueSpecification\",\"valueRequired\":true,\"valueName\":\"search_term_string\"}}],\"inLanguage\":\"fr-FR\"}]}<\/script>\n<!-- \/ Yoast SEO plugin. -->","yoast_head_json":{"title":"Atelier Schmuck Design Objets - Beatrice M\u00fcller","description":"L'atelier de cr\u00e9ation de bijoux et d'objets de Beatrice Mueller se concentre toujours sur des pi\u00e8ces de joaillerie non conventionnelles et parfois f\u00e9eriques.","robots":{"index":"index","follow":"follow","max-snippet":"max-snippet:-1","max-image-preview":"max-image-preview:large","max-video-preview":"max-video-preview:-1"},"canonical":"https:\/\/beatrice-mueller.de\/fr\/atelier-schmuck-design-objets\/","og_locale":"fr_FR","og_type":"article","og_title":"Atelier Schmuck Design Objets - Beatrice M\u00fcller","og_description":"L'atelier de cr\u00e9ation de bijoux et d'objets de Beatrice Mueller se concentre toujours sur des pi\u00e8ces de joaillerie non conventionnelles et parfois f\u00e9eriques.","og_url":"https:\/\/beatrice-mueller.de\/fr\/atelier-schmuck-design-objets\/","og_site_name":"Beatrice M\u00fcller","article_modified_time":"2025-05-23T03:09:09+00:00","twitter_card":"summary_large_image","twitter_misc":{"Dur\u00e9e de lecture estim\u00e9e":"1 minute"},"schema":{"@context":"https:\/\/schema.org","@graph":[{"@type":"WebPage","@id":"https:\/\/beatrice-mueller.de\/fr\/atelier-schmuck-design-objets\/","url":"https:\/\/beatrice-mueller.de\/fr\/atelier-schmuck-design-objets\/","name":"Atelier Schmuck Design Objets - Beatrice M\u00fcller","isPartOf":{"@id":"https:\/\/beatrice-mueller.de\/fr\/#website"},"datePublished":"2025-02-11T09:38:49+00:00","dateModified":"2025-05-23T03:09:09+00:00","description":"L'atelier de cr\u00e9ation de bijoux et d'objets de Beatrice Mueller se concentre toujours sur des pi\u00e8ces de joaillerie non conventionnelles et parfois f\u00e9eriques.","breadcrumb":{"@id":"https:\/\/beatrice-mueller.de\/fr\/atelier-schmuck-design-objets\/#breadcrumb"},"inLanguage":"fr-FR","potentialAction":[{"@type":"ReadAction","target":["https:\/\/beatrice-mueller.de\/fr\/atelier-schmuck-design-objets\/"]}]},{"@type":"BreadcrumbList","@id":"https:\/\/beatrice-mueller.de\/fr\/atelier-schmuck-design-objets\/#breadcrumb","itemListElement":[{"@type":"ListItem","position":1,"name":"Startseite","item":"https:\/\/beatrice-mueller.de\/fr\/"},{"@type":"ListItem","position":2,"name":"Atelier Schmuck Design Objets"}]},{"@type":"WebSite","@id":"https:\/\/beatrice-mueller.de\/fr\/#website","url":"https:\/\/beatrice-mueller.de\/fr\/","name":"Beatrice M\u00fcller","description":"Schmuckdesign","potentialAction":[{"@type":"SearchAction","target":{"@type":"EntryPoint","urlTemplate":"https:\/\/beatrice-mueller.de\/fr\/?s={search_term_string}"},"query-input":{"@type":"PropertyValueSpecification","valueRequired":true,"valueName":"search_term_string"}}],"inLanguage":"fr-FR"}]}},"_links":{"self":[{"href":"https:\/\/beatrice-mueller.de\/fr\/wp-json\/wp\/v2\/pages\/19419","targetHints":{"allow":["GET"]}}],"collection":[{"href":"https:\/\/beatrice-mueller.de\/fr\/wp-json\/wp\/v2\/pages"}],"about":[{"href":"https:\/\/beatrice-mueller.de\/fr\/wp-json\/wp\/v2\/types\/page"}],"author":[{"embeddable":true,"href":"https:\/\/beatrice-mueller.de\/fr\/wp-json\/wp\/v2\/users\/1"}],"replies":[{"embeddable":true,"href":"https:\/\/beatrice-mueller.de\/fr\/wp-json\/wp\/v2\/comments?post=19419"}],"version-history":[{"count":10,"href":"https:\/\/beatrice-mueller.de\/fr\/wp-json\/wp\/v2\/pages\/19419\/revisions"}],"predecessor-version":[{"id":35492,"href":"https:\/\/beatrice-mueller.de\/fr\/wp-json\/wp\/v2\/pages\/19419\/revisions\/35492"}],"wp:attachment":[{"href":"https:\/\/beatrice-mueller.de\/fr\/wp-json\/wp\/v2\/media?parent=19419"}],"curies":[{"name":"wp","href":"https:\/\/api.w.org\/{rel}","templated":true}]}}