{"id":19434,"date":"2025-02-11T10:38:50","date_gmt":"2025-02-11T09:38:50","guid":{"rendered":"https:\/\/beatrice-mueller.de\/cunz-x-2\/"},"modified":"2025-02-11T10:38:51","modified_gmt":"2025-02-11T09:38:51","slug":"cunz-x-2","status":"publish","type":"page","link":"https:\/\/beatrice-mueller.de\/fr\/cunz-x-2\/","title":{"rendered":"CUNZ-X"},"content":{"rendered":"\n<style type=\"text\/css\" data-created_by=\"avia_inline_auto\" id=\"style-css-av-ku6d9kpb-02713d8f5a6c4eed178af3d8a01b4ef8\">\n.avia-section.av-ku6d9kpb-02713d8f5a6c4eed178af3d8a01b4ef8{\nbackground-repeat:no-repeat;\nbackground-image:url(https:\/\/beatrice-mueller.de\/wp-content\/uploads\/CuNz-2025.webp);\nbackground-position:50% 50%;\nbackground-attachment:scroll;\n}\n<\/style>\n<div id='av_section_1'  class='avia-section av-ku6d9kpb-02713d8f5a6c4eed178af3d8a01b4ef8 main_color avia-section-default avia-no-border-styling  avia-builder-el-0  el_before_av_one_full  avia-builder-el-first  avia-full-stretch avia-bg-style-scroll av-minimum-height av-minimum-height-75 av-height-75  container_wrap sidebar_right'  data-section-bg-repeat='stretch' data-av_minimum_height_pc='75' data-av_min_height_opt='75'><div class='container av-section-cont-open' ><main  role=\"main\" itemprop=\"mainContentOfPage\"  class='template-page content  av-content-small alpha units'><div class='post-entry post-entry-type-page post-entry-19434'><div class='entry-content-wrapper clearfix'>\n\n<style type=\"text\/css\" data-created_by=\"avia_inline_auto\" id=\"style-css-av-ku6d91jh-6d7cbc28486fe0190a7843402d5af5bf\">\n#top .av-special-heading.av-ku6d91jh-6d7cbc28486fe0190a7843402d5af5bf{\npadding-bottom:10px;\ncolor:#ffffff;\n}\nbody .av-special-heading.av-ku6d91jh-6d7cbc28486fe0190a7843402d5af5bf .av-special-heading-tag .heading-char{\nfont-size:25px;\n}\n.av-special-heading.av-ku6d91jh-6d7cbc28486fe0190a7843402d5af5bf .special-heading-inner-border{\nborder-color:#ffffff;\n}\n.av-special-heading.av-ku6d91jh-6d7cbc28486fe0190a7843402d5af5bf .av-subheading{\nfont-size:34px;\n}\n<\/style>\n<div  class='av-special-heading av-ku6d91jh-6d7cbc28486fe0190a7843402d5af5bf av-special-heading-h1 custom-color-heading blockquote modern-quote modern-centered  avia-builder-el-1  avia-builder-el-no-sibling '><h1 class='av-special-heading-tag '  itemprop=\"headline\"  >CUNZ-X<\/h1><div class='av_custom_color av-subheading av-subheading_below'><p>FAIRE DU DRAME UN<br \/>\n FAUSSE LA FACTURE<\/p>\n<\/div><div class=\"special-heading-border\"><div class=\"special-heading-inner-border\"><\/div><\/div><\/div>\n<\/div><\/div><\/main><!-- close content main element --><\/div><\/div><div id='after_section_1'  class='main_color av_default_container_wrap container_wrap sidebar_right'  ><div class='container av-section-cont-open' ><div class='template-page content  av-content-small alpha units'><div class='post-entry post-entry-type-page post-entry-19434'><div class='entry-content-wrapper clearfix'>\n<div  class='flex_column av-nypkq0-ddd01f263293bea81dd63949154cf040 av_one_full  avia-builder-el-2  el_after_av_section  el_before_av_one_half  avia-builder-el-first  first flex_column_div  '     ><p>\n<style type=\"text\/css\" data-created_by=\"avia_inline_auto\" id=\"style-css-av-lzi93cfy-affffcb475f6ba31c40b0eec01661f48\">\n#top .av-special-heading.av-lzi93cfy-affffcb475f6ba31c40b0eec01661f48{\npadding-bottom:10px;\n}\nbody .av-special-heading.av-lzi93cfy-affffcb475f6ba31c40b0eec01661f48 .av-special-heading-tag .heading-char{\nfont-size:25px;\n}\n.av-special-heading.av-lzi93cfy-affffcb475f6ba31c40b0eec01661f48 .av-subheading{\nfont-size:15px;\n}\n<\/style>\n<div  class='av-special-heading av-lzi93cfy-affffcb475f6ba31c40b0eec01661f48 av-special-heading-h2 blockquote modern-quote  avia-builder-el-3  el_before_av_heading  avia-builder-el-first '><h2 class='av-special-heading-tag '  itemprop=\"headline\"  >Comment mettre un terme au drame  <\/h2><div class=\"special-heading-border\"><div class=\"special-heading-inner-border\"><\/div><\/div><\/div><br \/>\n\n<style type=\"text\/css\" data-created_by=\"avia_inline_auto\" id=\"style-css-av-lzi93kr6-26addaa8344a3f99beb621fecf08398e\">\n#top .av-special-heading.av-lzi93kr6-26addaa8344a3f99beb621fecf08398e{\npadding-bottom:10px;\n}\nbody .av-special-heading.av-lzi93kr6-26addaa8344a3f99beb621fecf08398e .av-special-heading-tag .heading-char{\nfont-size:25px;\n}\n.av-special-heading.av-lzi93kr6-26addaa8344a3f99beb621fecf08398e .av-subheading{\nfont-size:15px;\n}\n<\/style>\n<div  class='av-special-heading av-lzi93kr6-26addaa8344a3f99beb621fecf08398e av-special-heading-h2 blockquote modern-quote  avia-builder-el-4  el_after_av_heading  avia-builder-el-last '><h2 class='av-special-heading-tag '  itemprop=\"headline\"  >Voulez-vous contrer la peur ?<\/h2><div class=\"special-heading-border\"><div class=\"special-heading-inner-border\"><\/div><\/div><\/div><\/p><\/div>\n<div  class='flex_column av-mzy2pk-5012dc3c4aa5122c91a0d070b9a8e415 av_one_half  avia-builder-el-5  el_after_av_one_full  el_before_av_one_half  first flex_column_div  column-top-margin'     ><section  class='av_textblock_section av-lzi7mqof-da526e3e7e69769e1d8f5eea8ac0f0a1 '   itemscope=\"itemscope\" itemtype=\"https:\/\/schema.org\/CreativeWork\" ><div class='avia_textblock'  itemprop=\"text\" ><p>Voici notre r\u00e9ponse \u00e0 l&#8217;\u00e9poque folle dans laquelle nous vivons : des bijoux anti-anxi\u00e9t\u00e9 et anti-inqui\u00e9tude, fabriqu\u00e9s \u00e0 la main en laiton. Un mat\u00e9riau connu depuis des milliers d\u2019ann\u00e9es, entre autres pour son effet antiviral. Et ce n\u2019est pas une th\u00e9orie folle \u2013 <a href=\"https:\/\/www.cunz-x.shop\/pages\/messing-ist-ein-ideales-material-fur-schmuck\"><strong>plus d\u2019informations ici<\/strong><\/a><\/p>\n<\/div><\/section><\/div>\n<div  class='flex_column av-l5ddug-e6817a06cf9ebf95a8a252d807df9c35 av_one_half  avia-builder-el-7  el_after_av_one_half  el_before_av_one_full  flex_column_div  column-top-margin'     ><section  class='av_textblock_section av-lzi7n6be-39d709cb86ae5eea63fbda9e69b33803 '   itemscope=\"itemscope\" itemtype=\"https:\/\/schema.org\/CreativeWork\" ><div class='avia_textblock'  itemprop=\"text\" ><p>Les cha\u00eenes CuNz-x avec pendentifs sont un avant-go\u00fbt du temps \u00ab d\u2019apr\u00e8s \u00bb, un mantra protecteur, une croyance \u00e0 porter autour du cou.<\/p>\n<\/div><\/section><\/div>\n<div  class='flex_column av-jp6ye0-d343c34d5ffff8b7508c6725a87e457a av_one_full  avia-builder-el-9  el_after_av_one_half  el_before_av_one_half  first flex_column_div  column-top-margin'     ><style type=\"text\/css\" data-created_by=\"avia_inline_auto\" id=\"style-css-av-lzi9421r-38e29160265bb5e85f2a206206885ba3\">\n#top .av-special-heading.av-lzi9421r-38e29160265bb5e85f2a206206885ba3{\npadding-bottom:10px;\n}\nbody .av-special-heading.av-lzi9421r-38e29160265bb5e85f2a206206885ba3 .av-special-heading-tag .heading-char{\nfont-size:25px;\n}\n.av-special-heading.av-lzi9421r-38e29160265bb5e85f2a206206885ba3 .av-subheading{\nfont-size:15px;\n}\n<\/style>\n<div  class='av-special-heading av-lzi9421r-38e29160265bb5e85f2a206206885ba3 av-special-heading-h2 blockquote modern-quote  avia-builder-el-10  avia-builder-el-no-sibling '><h2 class='av-special-heading-tag '  itemprop=\"headline\"  >En fin de compte, tout est pareil : l\u2019essentiel est de s\u2019\u00e9vader.  <\/h2><div class=\"special-heading-border\"><div class=\"special-heading-inner-border\"><\/div><\/div><\/div><\/div>\n<div  class='flex_column av-hsith4-63a4135318d22d8e570087204303f25c av_one_half  avia-builder-el-11  el_after_av_one_full  el_before_av_one_half  first flex_column_div  column-top-margin'     ><section  class='av_textblock_section av-lzi7x9w6-b3d9acd8d4a98525c9c70fa75885895a '   itemscope=\"itemscope\" itemtype=\"https:\/\/schema.org\/CreativeWork\" ><div class='avia_textblock'  itemprop=\"text\" ><p>Les colliers sont des pi\u00e8ces individuelles faites \u00e0 la main, con\u00e7ues par la cr\u00e9atrice de bijoux et artiste Beatrice M\u00fcller. Bien s\u00fbr, avec beaucoup d\u2019amour et de concept \u2013 vous pouvez trouver plus d\u2019informations ici. Les pendentifs en laiton sont grav\u00e9s individuellement au laser et soigneusement polis ou mats \u00e0 la main.<\/p>\n<\/div><\/section><\/div>\n<div  class='flex_column av-ftonx4-a7a41a4c38b4d7eee1f7366c8133e134 av_one_half  avia-builder-el-13  el_after_av_one_half  el_before_av_one_full  flex_column_div  column-top-margin'     ><section  class='av_textblock_section av-lzi7wx1m-1ad3765b29c0f38dc3bf14832c12c0c9 '   itemscope=\"itemscope\" itemtype=\"https:\/\/schema.org\/CreativeWork\" ><div class='avia_textblock'  itemprop=\"text\" ><p>L&#8217;id\u00e9e est de barrer tout ce qui ne doit pas l&#8217;\u00eatre. Au-dessus se trouve ce que nous souhaitons.<\/p>\n<\/div><\/section><\/div>\n<div  class='flex_column av-en3baw-f08e942b44f9a12b88be814096045344 av_one_full  avia-builder-el-15  el_after_av_one_half  el_before_av_one_half  first flex_column_div  column-top-margin'     ><p>\n<style type=\"text\/css\" data-created_by=\"avia_inline_auto\" id=\"style-css-av-lzi94mla-9538469d6d7400fef4fb5dd2b453c4ad\">\n#top .av-special-heading.av-lzi94mla-9538469d6d7400fef4fb5dd2b453c4ad{\npadding-bottom:10px;\n}\nbody .av-special-heading.av-lzi94mla-9538469d6d7400fef4fb5dd2b453c4ad .av-special-heading-tag .heading-char{\nfont-size:25px;\n}\n.av-special-heading.av-lzi94mla-9538469d6d7400fef4fb5dd2b453c4ad .av-subheading{\nfont-size:15px;\n}\n<\/style>\n<div  class='av-special-heading av-lzi94mla-9538469d6d7400fef4fb5dd2b453c4ad av-special-heading-h2 blockquote modern-quote  avia-builder-el-16  el_before_av_heading  avia-builder-el-first '><h2 class='av-special-heading-tag '  itemprop=\"headline\"  >Que signifie r\u00e9ellement ce CuNz-x ?  <\/h2><div class=\"special-heading-border\"><div class=\"special-heading-inner-border\"><\/div><\/div><\/div><br \/>\n\n<style type=\"text\/css\" data-created_by=\"avia_inline_auto\" id=\"style-css-av-lzi94r2m-e831db9ec581b5ace2a4080f592c2aec\">\n#top .av-special-heading.av-lzi94r2m-e831db9ec581b5ace2a4080f592c2aec{\npadding-bottom:10px;\n}\nbody .av-special-heading.av-lzi94r2m-e831db9ec581b5ace2a4080f592c2aec .av-special-heading-tag .heading-char{\nfont-size:25px;\n}\n.av-special-heading.av-lzi94r2m-e831db9ec581b5ace2a4080f592c2aec .av-subheading{\nfont-size:15px;\n}\n<\/style>\n<div  class='av-special-heading av-lzi94r2m-e831db9ec581b5ace2a4080f592c2aec av-special-heading-h2 blockquote modern-quote  avia-builder-el-17  el_after_av_heading  avia-builder-el-last '><h2 class='av-special-heading-tag '  itemprop=\"headline\"  >Le cuivre est Cu, la formule chimique du zinc est Zn \u2013 mais attendez, avons-nous fait une erreur ?  <\/h2><div class=\"special-heading-border\"><div class=\"special-heading-inner-border\"><\/div><\/div><\/div><\/p><\/div>\n<div  class='flex_column av-4mde0-b825b79d7ecbd29c7c66ce35e45cf76c av_one_half  avia-builder-el-18  el_after_av_one_full  el_before_av_one_half  first flex_column_div  column-top-margin'     ><section  class='av_textblock_section av-aubei0-c4befa46ebd440906931ed6af70de3f5 '   itemscope=\"itemscope\" itemtype=\"https:\/\/schema.org\/CreativeWork\" ><div class='avia_textblock'  itemprop=\"text\" ><p>Non, le d\u00e9calage des lettres est intentionnel \u2013 la formule est en fait CuZn-x. Nous avons compar\u00e9 le pouvoir du laiton au virus &#8211; et avons trouv\u00e9 cette formule folle CuNz-x. Avec cette formule, nous faisons une d\u00e9claration sur ce qui est d\u00e9plac\u00e9 \u2013 en nous et dans notre environnement.<\/p>\n<\/div><\/section><\/div>\n<div  class='flex_column av-9pza9k-4736cc7cf3a4d0be284041f042403651 av_one_half  avia-builder-el-20  el_after_av_one_half  el_before_av_one_full  flex_column_div  column-top-margin'     ><\/div>\n<div  class='flex_column av-6vusvc-bbed8edd51a72cacdb2b616602fdb92c av_one_full  avia-builder-el-21  el_after_av_one_half  el_before_av_one_half  first flex_column_div  column-top-margin'     ><style type=\"text\/css\" data-created_by=\"avia_inline_auto\" id=\"style-css-av-lzi958d2-3ca9bd943a4efe3479ce6a6d5b5d9702\">\n#top .av-special-heading.av-lzi958d2-3ca9bd943a4efe3479ce6a6d5b5d9702{\npadding-bottom:10px;\n}\nbody .av-special-heading.av-lzi958d2-3ca9bd943a4efe3479ce6a6d5b5d9702 .av-special-heading-tag .heading-char{\nfont-size:25px;\n}\n.av-special-heading.av-lzi958d2-3ca9bd943a4efe3479ce6a6d5b5d9702 .av-subheading{\nfont-size:15px;\n}\n<\/style>\n<div  class='av-special-heading av-lzi958d2-3ca9bd943a4efe3479ce6a6d5b5d9702 av-special-heading-h2 blockquote modern-quote  avia-builder-el-22  avia-builder-el-no-sibling '><h2 class='av-special-heading-tag '  itemprop=\"headline\"  >3 faits qui vous montrent que le laiton n\u2019est pas seulement beau<\/h2><div class=\"special-heading-border\"><div class=\"special-heading-inner-border\"><\/div><\/div><\/div><\/div>\n<div  class='flex_column av-5rztx4-525083e167e7f3901fe7736c75efe86a av_one_half  avia-builder-el-23  el_after_av_one_full  el_before_av_one_half  first flex_column_div  column-top-margin'     ><section  class='av_textblock_section av-4bf97c-a2cf287570a1d57ce5d2d73ac54196bc '   itemscope=\"itemscope\" itemtype=\"https:\/\/schema.org\/CreativeWork\" ><div class='avia_textblock'  itemprop=\"text\" ><p>Le laiton est un alliage : du cuivre rouge est m\u00e9lang\u00e9 \u00e0 du zinc gris, ce qui d\u00e9termine la duret\u00e9 et lui donne une belle teinte jaune or chaude. Mais ce n\u2019est pas seulement visuellement attrayant&nbsp;; Une fois que vous aurez commenc\u00e9 \u00e0 travailler avec ce mat\u00e9riau, vous serez \u00e9tonn\u00e9. En voici trois exemples :<\/p>\n<\/div><\/section><\/div>\n<div  class='flex_column av-2639fs-4a149eda9d419383ea7a84d101c5f3b8 av_one_half  avia-builder-el-25  el_after_av_one_half  el_before_av_textblock  flex_column_div  column-top-margin'     ><section  class='av_textblock_section av-lzi7pa0t-c89aac27fcfcfe3137d50b55974e630d '   itemscope=\"itemscope\" itemtype=\"https:\/\/schema.org\/CreativeWork\" ><div class='avia_textblock'  itemprop=\"text\" ><p><strong>x Le laiton est bact\u00e9ricide<\/strong><br \/>\n il tue les bact\u00e9ries. On suppose \u00e9galement que les virus ne peuvent pas survivre sur le laiton ou ne peuvent pas survivre longtemps. C&#8217;est pourquoi les poign\u00e9es de porte dans les h\u00f4pitaux et les b\u00e2timents publics, par exemple, sont souvent en laiton.  <\/p>\n<p><strong>x Les sons se d\u00e9roulent \u00e0 merveille<\/strong><br \/>\n avec ce beau mat\u00e9riau &#8211; c&#8217;est pourquoi de nombreux instruments \u00e0 vent sont fabriqu\u00e9s en laiton.<\/p>\n<p><strong>x Le laiton a une bonne conductivit\u00e9 \u00e9lectrique.<\/strong><br \/>\n En m\u00eame temps, il est non magn\u00e9tique, il ne peut pas \u00eatre influenc\u00e9 par les champs magn\u00e9tiques et ne produit pas d&#8217;\u00e9tincelles.<\/p>\n<p><strong>Derri\u00e8re la beaut\u00e9 visible se cache beaucoup de choses<\/strong> \u2013 et c\u2019est exactement le principe qui sous-tend nos colliers : ils sont beaux et ils sont une piste de marche cach\u00e9e : ils sont votre talisman personnel antiviral en cette p\u00e9riode qui marque l\u2019histoire.<\/p>\n<\/div><\/section><\/div>\n<section  class='av_textblock_section av-kv9gwof8-d90a3afd3123cc492dedd4db5df5ecbf '   itemscope=\"itemscope\" itemtype=\"https:\/\/schema.org\/CreativeWork\" ><div class='avia_textblock'  itemprop=\"text\" ><p><strong>Sources et liens<br \/>\n<\/strong> <a href=\"https:\/\/de.wikipedia.org\/wiki\/Messing\"><em>https:\/\/de.wikipedia.org\/wiki\/Message<\/em><\/a><br \/>\n <a href=\"https:\/\/www.krankenhaushygiene.de\/referate\/3e4eac51d6763b0b3bb25d4ff9e66751.pdf\"><em>https:\/\/www.krankenhaushygiene.de\/referate\/3e4eac51d6763b0b3bb25d4ff9e66751.pdf<\/em><br \/>\n<\/a> <a href=\"https:\/\/www.rime.de\/wiki\/messing\/\"><em>https:\/\/www.rime.de\/wiki\/messing\/<\/em><br \/>\n<\/a><\/p>\n<\/div><\/section>\n<div  class='avia-button-wrap av-kw44cmev-75544175a5dd6e364a347561af99eea5-wrap avia-button-center  avia-builder-el-28  el_after_av_textblock  avia-builder-el-last '><a href='https:\/\/beatrice-mueller.de\/fr\/boutique-cunz-x\/'  class='avia-button av-kw44cmev-75544175a5dd6e364a347561af99eea5 av-link-btn avia-icon_select-yes-left-icon avia-size-medium avia-position-center avia-color-theme-color'   aria-label=\"Vers la boutique en ligne\"><span class='avia_button_icon avia_button_icon_left' aria-hidden='true' data-av_icon='\ue859' data-av_iconfont='entypo-fontello'><\/span><span class='avia_iconbox_title' >Vers la boutique en ligne<\/span><\/a><\/div>\n","protected":false},"excerpt":{"rendered":"","protected":false},"author":1,"featured_media":0,"parent":0,"menu_order":0,"comment_status":"closed","ping_status":"closed","template":"","meta":{"_glsr_average":0,"_glsr_ranking":0,"_glsr_reviews":0,"footnotes":""},"class_list":["post-19434","page","type-page","status-publish","hentry"],"yoast_head":"<!-- This site is optimized with the Yoast SEO plugin v25.6 - https:\/\/yoast.com\/wordpress\/plugins\/seo\/ -->\n<title>CUNZ-X - Beatrice M\u00fcller<\/title>\n<meta name=\"description\" content=\"Avec Cunz, nous vous donnons la r\u00e9ponse aux temps fous dans lesquels nous vivons : des bijoux anti-anxi\u00e9t\u00e9 et anti-inqui\u00e9tudes, fabriqu\u00e9s \u00e0 la main en laiton.\" \/>\n<meta name=\"robots\" content=\"index, follow, max-snippet:-1, max-image-preview:large, max-video-preview:-1\" \/>\n<link rel=\"canonical\" href=\"https:\/\/beatrice-mueller.de\/fr\/cunz-x-2\/\" \/>\n<meta property=\"og:locale\" content=\"fr_FR\" \/>\n<meta property=\"og:type\" content=\"article\" \/>\n<meta property=\"og:title\" content=\"CUNZ-X - Beatrice M\u00fcller\" \/>\n<meta property=\"og:description\" content=\"Avec Cunz, nous vous donnons la r\u00e9ponse aux temps fous dans lesquels nous vivons : des bijoux anti-anxi\u00e9t\u00e9 et anti-inqui\u00e9tudes, fabriqu\u00e9s \u00e0 la main en laiton.\" \/>\n<meta property=\"og:url\" content=\"https:\/\/beatrice-mueller.de\/fr\/cunz-x-2\/\" \/>\n<meta property=\"og:site_name\" content=\"Beatrice M\u00fcller\" \/>\n<meta property=\"article:modified_time\" content=\"2025-02-11T09:38:51+00:00\" \/>\n<meta name=\"twitter:card\" content=\"summary_large_image\" \/>\n<meta name=\"twitter:label1\" content=\"Dur\u00e9e de lecture estim\u00e9e\" \/>\n\t<meta name=\"twitter:data1\" content=\"42 minutes\" \/>\n<script type=\"application\/ld+json\" class=\"yoast-schema-graph\">{\"@context\":\"https:\/\/schema.org\",\"@graph\":[{\"@type\":\"WebPage\",\"@id\":\"https:\/\/beatrice-mueller.de\/fr\/cunz-x-2\/\",\"url\":\"https:\/\/beatrice-mueller.de\/fr\/cunz-x-2\/\",\"name\":\"CUNZ-X - Beatrice M\u00fcller\",\"isPartOf\":{\"@id\":\"https:\/\/beatrice-mueller.de\/fr\/#website\"},\"datePublished\":\"2025-02-11T09:38:50+00:00\",\"dateModified\":\"2025-02-11T09:38:51+00:00\",\"description\":\"Avec Cunz, nous vous donnons la r\u00e9ponse aux temps fous dans lesquels nous vivons : des bijoux anti-anxi\u00e9t\u00e9 et anti-inqui\u00e9tudes, fabriqu\u00e9s \u00e0 la main en laiton.\",\"breadcrumb\":{\"@id\":\"https:\/\/beatrice-mueller.de\/fr\/cunz-x-2\/#breadcrumb\"},\"inLanguage\":\"fr-FR\",\"potentialAction\":[{\"@type\":\"ReadAction\",\"target\":[\"https:\/\/beatrice-mueller.de\/fr\/cunz-x-2\/\"]}]},{\"@type\":\"BreadcrumbList\",\"@id\":\"https:\/\/beatrice-mueller.de\/fr\/cunz-x-2\/#breadcrumb\",\"itemListElement\":[{\"@type\":\"ListItem\",\"position\":1,\"name\":\"Startseite\",\"item\":\"https:\/\/beatrice-mueller.de\/fr\/\"},{\"@type\":\"ListItem\",\"position\":2,\"name\":\"CUNZ-X\"}]},{\"@type\":\"WebSite\",\"@id\":\"https:\/\/beatrice-mueller.de\/fr\/#website\",\"url\":\"https:\/\/beatrice-mueller.de\/fr\/\",\"name\":\"Beatrice M\u00fcller\",\"description\":\"Schmuckdesign\",\"potentialAction\":[{\"@type\":\"SearchAction\",\"target\":{\"@type\":\"EntryPoint\",\"urlTemplate\":\"https:\/\/beatrice-mueller.de\/fr\/?s={search_term_string}\"},\"query-input\":{\"@type\":\"PropertyValueSpecification\",\"valueRequired\":true,\"valueName\":\"search_term_string\"}}],\"inLanguage\":\"fr-FR\"}]}<\/script>\n<!-- \/ Yoast SEO plugin. -->","yoast_head_json":{"title":"CUNZ-X - Beatrice M\u00fcller","description":"Avec Cunz, nous vous donnons la r\u00e9ponse aux temps fous dans lesquels nous vivons : des bijoux anti-anxi\u00e9t\u00e9 et anti-inqui\u00e9tudes, fabriqu\u00e9s \u00e0 la main en laiton.","robots":{"index":"index","follow":"follow","max-snippet":"max-snippet:-1","max-image-preview":"max-image-preview:large","max-video-preview":"max-video-preview:-1"},"canonical":"https:\/\/beatrice-mueller.de\/fr\/cunz-x-2\/","og_locale":"fr_FR","og_type":"article","og_title":"CUNZ-X - Beatrice M\u00fcller","og_description":"Avec Cunz, nous vous donnons la r\u00e9ponse aux temps fous dans lesquels nous vivons : des bijoux anti-anxi\u00e9t\u00e9 et anti-inqui\u00e9tudes, fabriqu\u00e9s \u00e0 la main en laiton.","og_url":"https:\/\/beatrice-mueller.de\/fr\/cunz-x-2\/","og_site_name":"Beatrice M\u00fcller","article_modified_time":"2025-02-11T09:38:51+00:00","twitter_card":"summary_large_image","twitter_misc":{"Dur\u00e9e de lecture estim\u00e9e":"42 minutes"},"schema":{"@context":"https:\/\/schema.org","@graph":[{"@type":"WebPage","@id":"https:\/\/beatrice-mueller.de\/fr\/cunz-x-2\/","url":"https:\/\/beatrice-mueller.de\/fr\/cunz-x-2\/","name":"CUNZ-X - Beatrice M\u00fcller","isPartOf":{"@id":"https:\/\/beatrice-mueller.de\/fr\/#website"},"datePublished":"2025-02-11T09:38:50+00:00","dateModified":"2025-02-11T09:38:51+00:00","description":"Avec Cunz, nous vous donnons la r\u00e9ponse aux temps fous dans lesquels nous vivons : des bijoux anti-anxi\u00e9t\u00e9 et anti-inqui\u00e9tudes, fabriqu\u00e9s \u00e0 la main en laiton.","breadcrumb":{"@id":"https:\/\/beatrice-mueller.de\/fr\/cunz-x-2\/#breadcrumb"},"inLanguage":"fr-FR","potentialAction":[{"@type":"ReadAction","target":["https:\/\/beatrice-mueller.de\/fr\/cunz-x-2\/"]}]},{"@type":"BreadcrumbList","@id":"https:\/\/beatrice-mueller.de\/fr\/cunz-x-2\/#breadcrumb","itemListElement":[{"@type":"ListItem","position":1,"name":"Startseite","item":"https:\/\/beatrice-mueller.de\/fr\/"},{"@type":"ListItem","position":2,"name":"CUNZ-X"}]},{"@type":"WebSite","@id":"https:\/\/beatrice-mueller.de\/fr\/#website","url":"https:\/\/beatrice-mueller.de\/fr\/","name":"Beatrice M\u00fcller","description":"Schmuckdesign","potentialAction":[{"@type":"SearchAction","target":{"@type":"EntryPoint","urlTemplate":"https:\/\/beatrice-mueller.de\/fr\/?s={search_term_string}"},"query-input":{"@type":"PropertyValueSpecification","valueRequired":true,"valueName":"search_term_string"}}],"inLanguage":"fr-FR"}]}},"_links":{"self":[{"href":"https:\/\/beatrice-mueller.de\/fr\/wp-json\/wp\/v2\/pages\/19434","targetHints":{"allow":["GET"]}}],"collection":[{"href":"https:\/\/beatrice-mueller.de\/fr\/wp-json\/wp\/v2\/pages"}],"about":[{"href":"https:\/\/beatrice-mueller.de\/fr\/wp-json\/wp\/v2\/types\/page"}],"author":[{"embeddable":true,"href":"https:\/\/beatrice-mueller.de\/fr\/wp-json\/wp\/v2\/users\/1"}],"replies":[{"embeddable":true,"href":"https:\/\/beatrice-mueller.de\/fr\/wp-json\/wp\/v2\/comments?post=19434"}],"version-history":[{"count":2,"href":"https:\/\/beatrice-mueller.de\/fr\/wp-json\/wp\/v2\/pages\/19434\/revisions"}],"predecessor-version":[{"id":19442,"href":"https:\/\/beatrice-mueller.de\/fr\/wp-json\/wp\/v2\/pages\/19434\/revisions\/19442"}],"wp:attachment":[{"href":"https:\/\/beatrice-mueller.de\/fr\/wp-json\/wp\/v2\/media?parent=19434"}],"curies":[{"name":"wp","href":"https:\/\/api.w.org\/{rel}","templated":true}]}}