{"id":19439,"date":"2025-02-11T10:38:51","date_gmt":"2025-02-11T09:38:51","guid":{"rendered":"https:\/\/beatrice-mueller.de\/x-conception\/"},"modified":"2025-02-11T10:38:51","modified_gmt":"2025-02-11T09:38:51","slug":"x-conception","status":"publish","type":"page","link":"https:\/\/beatrice-mueller.de\/fr\/x-conception\/","title":{"rendered":"X-CONCEPTION"},"content":{"rendered":"\n<style type=\"text\/css\" data-created_by=\"avia_inline_auto\" id=\"style-css-av-ku6d6qrv-10da9eb7df80fd817c1c37caee0c944f\">\n.avia-section.av-ku6d6qrv-10da9eb7df80fd817c1c37caee0c944f{\nbackground-repeat:no-repeat;\nbackground-image:url(https:\/\/beatrice-mueller.de\/wp-content\/uploads\/2021\/09\/BM_Homepage-Vorlagen_Headerbild_XDesign.jpg);\nbackground-position:50% 50%;\nbackground-attachment:scroll;\n}\n<\/style>\n<div id='av_section_1'  class='avia-section av-ku6d6qrv-10da9eb7df80fd817c1c37caee0c944f main_color avia-section-default avia-no-border-styling  avia-builder-el-0  el_before_av_one_half  avia-builder-el-first  avia-full-stretch avia-bg-style-scroll av-minimum-height av-minimum-height-75 av-height-75  container_wrap sidebar_right'  data-section-bg-repeat='stretch' data-av_minimum_height_pc='75' data-av_min_height_opt='75'><div class='container av-section-cont-open' ><main  role=\"main\" itemprop=\"mainContentOfPage\"  class='template-page content  av-content-small alpha units'><div class='post-entry post-entry-type-page post-entry-19439'><div class='entry-content-wrapper clearfix'>\n\n<style type=\"text\/css\" data-created_by=\"avia_inline_auto\" id=\"style-css-av-ku6d78hw-cd2300abba68bb7a48ca716301b09946\">\n#top .av-special-heading.av-ku6d78hw-cd2300abba68bb7a48ca716301b09946{\npadding-bottom:10px;\ncolor:#ffffff;\n}\nbody .av-special-heading.av-ku6d78hw-cd2300abba68bb7a48ca716301b09946 .av-special-heading-tag .heading-char{\nfont-size:25px;\n}\n.av-special-heading.av-ku6d78hw-cd2300abba68bb7a48ca716301b09946 .special-heading-inner-border{\nborder-color:#ffffff;\n}\n.av-special-heading.av-ku6d78hw-cd2300abba68bb7a48ca716301b09946 .av-subheading{\nfont-size:34px;\n}\n<\/style>\n<div  id=\"caption-bottom\"  class='av-special-heading av-ku6d78hw-cd2300abba68bb7a48ca716301b09946 av-special-heading-h1 custom-color-heading blockquote modern-quote modern-centered  avia-builder-el-1  avia-builder-el-no-sibling '><h1 class='av-special-heading-tag '  itemprop=\"headline\"  >X-CONCEPTION<\/h1><div class='av_custom_color av-subheading av-subheading_below'><p>BIJOUX EXCLUSIFS<br \/>\nAVEC UNE GRANDE ATTENTION AUX D\u00c9TAILS<\/p>\n<\/div><div class=\"special-heading-border\"><div class=\"special-heading-inner-border\"><\/div><\/div><\/div>\n<\/div><\/div><\/main><!-- close content main element --><\/div><\/div><div id='after_section_1'  class='main_color av_default_container_wrap container_wrap sidebar_right'  ><div class='container av-section-cont-open' ><div class='template-page content  av-content-small alpha units'><div class='post-entry post-entry-type-page post-entry-19439'><div class='entry-content-wrapper clearfix'>\n<div  class='flex_column av-2ye7ja-3be74cc6772f27ebfb9e3ec2dd4b6a06 av_one_half  avia-builder-el-2  el_after_av_section  el_before_av_one_half  avia-builder-el-first  first flex_column_div  '     ><section  class='av_textblock_section av-lzi78fi9-5d76e5839ee437d871b55a4b21413c52 '   itemscope=\"itemscope\" itemtype=\"https:\/\/schema.org\/CreativeWork\" ><div class='avia_textblock'  itemprop=\"text\" ><p>RESTEZ AU FRAIS ET PAS DE S\u00c9CURIT\u00c9&nbsp;!<br \/>\n Ralentir et \u00eatre conscient !<br \/>\n Jeu cr\u00e9atif avec des mat\u00e9riaux et des th\u00e8mes :<br \/>\n Bijoux, pi\u00e8ces tendance et design avec messages individuels<\/p>\n<\/div><\/section><\/div>\n<div  class='flex_column av-s2ifna-4b526965dcbe36176944276511c6d007 av_one_half  avia-builder-el-4  el_after_av_one_half  el_before_av_one_full  flex_column_div  '     ><div  class='avia-button-wrap av-q6ub12-80c96802d0e78ca0504ecc6e0b8ee88f-wrap avia-button-center  avia-builder-el-5  avia-builder-el-no-sibling '><a href='https:\/\/beatrice-mueller.de\/x-design-shop\/' class='avia-button av-q6ub12-80c96802d0e78ca0504ecc6e0b8ee88f av-link-btn avia-icon_select-yes-left-icon avia-size-medium avia-position-center avia-color-theme-color' target=\"_blank\" rel=\"noopener noreferrer\" aria-label=\"Vers la boutique en ligne\"><span class='avia_button_icon avia_button_icon_left' aria-hidden='true' data-av_icon='\ue859' data-av_iconfont='entypo-fontello'><\/span><span class='avia_iconbox_title' >Vers la boutique en ligne<\/span><\/a><\/div><\/div>\n<div  class='flex_column av-obn3za-dbbf3511eb2c8ed8207d68d7a8a30306 av_one_full  avia-builder-el-6  el_after_av_one_half  el_before_av_one_half  first flex_column_div  column-top-margin'     ><style type=\"text\/css\" data-created_by=\"avia_inline_auto\" id=\"style-css-av-lzi98526-4e2f3149d1928ea71b431b5d307e6a24\">\n#top .av-special-heading.av-lzi98526-4e2f3149d1928ea71b431b5d307e6a24{\npadding-bottom:10px;\n}\nbody .av-special-heading.av-lzi98526-4e2f3149d1928ea71b431b5d307e6a24 .av-special-heading-tag .heading-char{\nfont-size:25px;\n}\n.av-special-heading.av-lzi98526-4e2f3149d1928ea71b431b5d307e6a24 .av-subheading{\nfont-size:15px;\n}\n<\/style>\n<div  class='av-special-heading av-lzi98526-4e2f3149d1928ea71b431b5d307e6a24 av-special-heading-h2 blockquote modern-quote  avia-builder-el-7  avia-builder-el-no-sibling '><h2 class='av-special-heading-tag '  itemprop=\"headline\"  >\u00c0 propos de X-Design<\/h2><div class=\"special-heading-border\"><div class=\"special-heading-inner-border\"><\/div><\/div><\/div><\/div><div  class='flex_column av-mh5f52-8ffd338decee7c2bda4e121f50e9ae90 av_one_half  avia-builder-el-8  el_after_av_one_full  el_before_av_one_half  first flex_column_div  column-top-margin'     ><section  class='av_textblock_section av-lzi796ar-903750f38accdd25598f50ae886b3990 '   itemscope=\"itemscope\" itemtype=\"https:\/\/schema.org\/CreativeWork\" ><div class='avia_textblock'  itemprop=\"text\" ><p>La marque X-Design de Beatrice M\u00fcller est synonyme de bijoux exclusifs hors norme, fabriqu\u00e9s \u00e0 la main \u00e0 partir de mat\u00e9riaux nobles et de haute qualit\u00e9 avec une grande attention aux d\u00e9tails.<br \/>\n L&#8217;interaction entre les bijoux, celui qui les porte et le monde ext\u00e9rieur traverse le travail de Beatrice M\u00fcller comme un fil conducteur, qui entre en jeu dans un double sens chez X-Design.<br \/>\n Pour la marque, les th\u00e8mes et messages de la vie quotidienne et r\u00e9elle sont traduits de mani\u00e8re cr\u00e9ative en bijoux. Les th\u00e8mes principaux sont <a href=\"..\/seminare-erwachsene\/\">le PAS DE STRESS<\/a> , ralentir et \u00eatre conscient au quotidien. Le T torsad\u00e9 sur les produits, mat\u00e9rialis\u00e9 par un fil rouge, montre qu&#8217;un changement d&#8217;orientation suffit \u00e0 retirer la puissance du stress.<\/p>\n<\/div><\/section><\/div><\/p>\n<div  class='flex_column av-kzqu6e-7a8af9800069fb2b6cb477c21bc1bd97 av_one_half  avia-builder-el-10  el_after_av_one_half  el_before_av_one_full  flex_column_div  column-top-margin'     ><section  class='av_textblock_section av-lzi79xgi-b7a471e4715cffa32e65e6748657309c '   itemscope=\"itemscope\" itemtype=\"https:\/\/schema.org\/CreativeWork\" ><div class='avia_textblock'  itemprop=\"text\" ><p>Avec ses bijoux, Beatrice M\u00fcller souhaite donner une forme individuelle aux sentiments et aux souhaits de ses clients ; cette pr\u00e9occupation est \u00e9galement au c\u0153ur de X-Design.<br \/>\n Les bijoux et accessoires de X-Design peuvent \u00eatre personnalis\u00e9s. Nous vous offrons la possibilit\u00e9 de concevoir les bijoux selon vos souhaits, aussi bien dans notre atelier que dans <a href=\"..\/x-design-shop\/\">notre boutique en ligne<\/a> .<\/p>\n<\/div><\/section><\/div>\n<div  class='flex_column av-jbd206-c86b23f42ffabd2d6a4a660ff3355959 av_one_full  avia-builder-el-12  el_after_av_one_half  el_before_av_one_half  first flex_column_div  column-top-margin'     ><style type=\"text\/css\" data-created_by=\"avia_inline_auto\" id=\"style-css-av-lzia4knx-4d22253b286c68227530b2e8a83fca6a\">\n#top .av-special-heading.av-lzia4knx-4d22253b286c68227530b2e8a83fca6a{\npadding-bottom:10px;\n}\nbody .av-special-heading.av-lzia4knx-4d22253b286c68227530b2e8a83fca6a .av-special-heading-tag .heading-char{\nfont-size:25px;\n}\n.av-special-heading.av-lzia4knx-4d22253b286c68227530b2e8a83fca6a .av-subheading{\nfont-size:15px;\n}\n<\/style>\n<div  class='av-special-heading av-lzia4knx-4d22253b286c68227530b2e8a83fca6a av-special-heading-h2 blockquote modern-quote  avia-builder-el-13  avia-builder-el-no-sibling '><h2 class='av-special-heading-tag '  itemprop=\"headline\"  >LA PHILOSOPHIE NO STRESS ET LA QUESTION : COMMENT EXPLOITER LE POUVOIR DU STRESS ?<\/h2><div class=\"special-heading-border\"><div class=\"special-heading-inner-border\"><\/div><\/div><\/div><\/div><div  class='flex_column av-hzivjq-cbfc84f8989b791aa4153de211461955 av_one_half  avia-builder-el-14  el_after_av_one_full  el_before_av_one_half  first flex_column_div  column-top-margin'     ><section  class='av_textblock_section av-giaxs6-47f2a82788b18a22c60fc02ca9891d73 '   itemscope=\"itemscope\" itemtype=\"https:\/\/schema.org\/CreativeWork\" ><div class='avia_textblock'  itemprop=\"text\" ><p>En d\u00e9ployant les cordes rouges pendant le kitesurf, Beatrice M\u00fcller a trouv\u00e9 son propre fil rouge personnel, qui est devenu le symbole directeur de la philosophie NO STRESS et a conduit \u00e0 la fondation de la marque X-Design by Beatrice M\u00fcller.<br \/>\n C&#8217;\u00e9tait en 2015. Beaucoup de choses se sont pass\u00e9es depuis. Beatrice M\u00fcller peut d\u00e9sormais se pr\u00e9valoir de 30 ann\u00e9es de travail ind\u00e9pendant dans le secteur de la bijouterie. Elle devait faire face au stress au quotidien. Que ce soit en tant qu\u2019entrepreneur ou en tant que m\u00e8re de deux enfants. Elle s\u2019est souvent demand\u00e9e comment mieux g\u00e9rer le stress dans la vie quotidienne \u2013 ou m\u00eame comment lui retirer son pouvoir.<br \/>\n Parce que le stress frappe toujours de diff\u00e9rentes directions. Comme les vagues en kite, le stress a la propri\u00e9t\u00e9 de frapper constamment sur notre \u00e9trave. Parfois plus haut, parfois plus bas. Parfois avec plus d&#8217;intensit\u00e9, parfois avec moins.<br \/>\n Cette id\u00e9e est \u00e0 l&#8217;origine du th\u00e8me NO STRESS et de la marque X-Design de Beatrice M\u00fcller. Mais le sujet implique bien plus que cela. Le stress influence et affecte de nombreux domaines de la vie aujourd\u2019hui. De plus en plus de personnes ont le sentiment d\u2019atteindre les limites de leur r\u00e9silience dans la vie quotidienne. Vous \u00eates stress\u00e9 \u2013 le r\u00e9sultat est un d\u00e9s\u00e9quilibre et un d\u00e9s\u00e9quilibre int\u00e9rieur.<\/p>\n<\/div><\/section><\/div><\/p>\n<div  class='flex_column av-e2usg6-9d50c94817b77b939ab8de738171205d av_one_half  avia-builder-el-16  el_after_av_one_half  el_before_av_one_full  flex_column_div  column-top-margin'     ><section  class='av_textblock_section av-lzi7d4no-7d3156ada5d6f15b9255ce0e2040d9a0 '   itemscope=\"itemscope\" itemtype=\"https:\/\/schema.org\/CreativeWork\" ><div class='avia_textblock'  itemprop=\"text\" ><p>Il devient donc de plus en plus important de g\u00e9rer consciemment le stress, car il ne peut \u00eatre \u00e9vit\u00e9. Nous ne pouvons que changer notre attitude \u00e0 son \u00e9gard, lui retirer son sens et son pouvoir. \u00catre conscient que le stress existe ne signifie pas que vous devez l\u2019accepter tout le temps. Vous avez toujours la libert\u00e9 de d\u00e9cider sur quelle vague vous voulez surfer et quand vous voulez revenir \u00e0 la paix int\u00e9rieure.   <\/p>\n<p>PAS DE STRESS\u2026C\u2019EST UNE QUESTION D\u2019ATTITUDE !<br \/>\nNO STRESS signifie que vous \u00eates dans \u00ab votre temps \u00bb et que vous avez conscience de ce que vous faites et quand. Vous ne vous autorisez \u00e0 ressentir du stress que lorsque vous le faites consciemment et lorsque cela est n\u00e9cessaire. En m\u00eame temps, vous pouvez revenir activement \u00e0 la paix int\u00e9rieure.<\/p>\n<\/div><\/section><\/div>\n<div  class='flex_column av-cht19i-b18461fd05697fe982611a47ccaf098f av_one_full  avia-builder-el-18  el_after_av_one_half  el_before_av_one_half  first flex_column_div  column-top-margin'     ><style type=\"text\/css\" data-created_by=\"avia_inline_auto\" id=\"style-css-av-lzia56va-cb24fe8457b08e70e244e81b7bdbc88e\">\n#top .av-special-heading.av-lzia56va-cb24fe8457b08e70e244e81b7bdbc88e{\npadding-bottom:10px;\n}\nbody .av-special-heading.av-lzia56va-cb24fe8457b08e70e244e81b7bdbc88e .av-special-heading-tag .heading-char{\nfont-size:25px;\n}\n.av-special-heading.av-lzia56va-cb24fe8457b08e70e244e81b7bdbc88e .av-subheading{\nfont-size:15px;\n}\n<\/style>\n<div  class='av-special-heading av-lzia56va-cb24fe8457b08e70e244e81b7bdbc88e av-special-heading-h2 blockquote modern-quote  avia-builder-el-19  avia-builder-el-no-sibling '><h2 class='av-special-heading-tag '  itemprop=\"headline\"  >COMMENT CETTE LETTRE EST-ELLE N\u00c9E ?<\/h2><div class=\"special-heading-border\"><div class=\"special-heading-inner-border\"><\/div><\/div><\/div><\/div><div  class='flex_column av-8nx1k6-e5aa5a712a912eb734fb1e58240e6503 av_one_half  avia-builder-el-20  el_after_av_one_full  el_before_av_one_half  first flex_column_div  column-top-margin'     ><section  class='av_textblock_section av-7k4ux2-f17998f25dd80c83cd8da0afb8e3f6fe '   itemscope=\"itemscope\" itemtype=\"https:\/\/schema.org\/CreativeWork\" ><div class='avia_textblock'  itemprop=\"text\" ><p>Lorsque la marque X-Design by Beatrice M\u00fcller et la philosophie NO STRESS associ\u00e9e ont \u00e9t\u00e9 cr\u00e9\u00e9es, la cr\u00e9atrice a r\u00e9alis\u00e9 que \u00ab STRESS \u00bb est un mot bien plus fort que \u00ab NON \u00bb. Cela signifiait que les deux mots avaient des forces diff\u00e9rentes. En tournant le \u00ab T \u00bb, ce ratio a re\u00e7u une pond\u00e9ration diff\u00e9rente. Le \u00ab STRESS \u00bb s\u2019est arr\u00eat\u00e9 et le fil conducteur a pu continuer.<\/p>\n<\/div><\/section><\/div><\/p>\n<div  class='flex_column av-62pf3a-df34d100c6407a4708ee4e96940acc8f av_one_half  avia-builder-el-22  el_after_av_one_half  el_before_av_one_full  flex_column_div  column-top-margin'     ><section  class='av_textblock_section av-lzi7cr4m-638e58f4a21e54228dd1bd187ea78124 '   itemscope=\"itemscope\" itemtype=\"https:\/\/schema.org\/CreativeWork\" ><div class='avia_textblock'  itemprop=\"text\" ><p>\u00ab Le \u00ab T \u00bb couch\u00e9 symbolise que vous pouvez \u00e9liminer le pouvoir du stress gr\u00e2ce \u00e0 de petits changements. \u00ab Le fil conducteur se poursuit \u00bb, explique Beatrice M\u00fcller.<\/p>\n<\/div><\/section><\/div>\n<div  class='flex_column av-4bneeu-686f9f708444986823bc53f8c18ea28e av_one_full  avia-builder-el-24  el_after_av_one_half  el_before_av_one_half  first flex_column_div  column-top-margin'     ><style type=\"text\/css\" data-created_by=\"avia_inline_auto\" id=\"style-css-av-lzia5o59-9c36c966494e80ccee6d02f333837999\">\n#top .av-special-heading.av-lzia5o59-9c36c966494e80ccee6d02f333837999{\npadding-bottom:10px;\n}\nbody .av-special-heading.av-lzia5o59-9c36c966494e80ccee6d02f333837999 .av-special-heading-tag .heading-char{\nfont-size:25px;\n}\n.av-special-heading.av-lzia5o59-9c36c966494e80ccee6d02f333837999 .av-subheading{\nfont-size:15px;\n}\n<\/style>\n<div  class='av-special-heading av-lzia5o59-9c36c966494e80ccee6d02f333837999 av-special-heading-h2 blockquote modern-quote  avia-builder-el-25  avia-builder-el-no-sibling '><h2 class='av-special-heading-tag '  itemprop=\"headline\"  >QUELLE EST L\u2019ID\u00c9E DE BASE DU SUJET ?<\/h2><div class=\"special-heading-border\"><div class=\"special-heading-inner-border\"><\/div><\/div><\/div><\/div><div  class='flex_column av-8frdi-9c0018d3c14e56bf121b16f9fd3490c3 av_one_half  avia-builder-el-26  el_after_av_one_full  el_before_av_button  first flex_column_div  column-top-margin'     ><section  class='av_textblock_section av-lzi7fa1y-adfadf89e329aa2ea2381a7ea138ce63 '   itemscope=\"itemscope\" itemtype=\"https:\/\/schema.org\/CreativeWork\" ><div class='avia_textblock'  itemprop=\"text\" ><p>Le th\u00e8me NO STRESS s&#8217;inscrit dans la continuit\u00e9 des <a href=\"..\/kollektion\/antennen\/\">antennes<\/a> cr\u00e9\u00e9es il y a 15 ans le 11 septembre. Il s\u2019agissait et il s\u2019agit de communication, d\u2019envoi et de r\u00e9ception. Les antennes signifient : \u00ab Ce que j\u2019envoie me revient \u00bb. Avec NO STRESS, c\u2019est tr\u00e8s similaire : \u00ab Si je vis dans la paix int\u00e9rieure, je rencontre la paix ext\u00e9rieure. Si je suis stress\u00e9, le stress vit en moi et autour de moi.<\/p>\n<\/div><\/section><\/div><\/p>\n<div  class='avia-button-wrap av-kw44b8u8-57ed1335befa2d3e4fd48d860931f82b-wrap avia-button-center  avia-builder-el-28  el_after_av_one_half  avia-builder-el-last '><a href='https:\/\/beatrice-mueller.de\/x-design-shop\/' class='avia-button av-kw44b8u8-57ed1335befa2d3e4fd48d860931f82b av-link-btn avia-icon_select-yes-left-icon avia-size-medium avia-position-center avia-color-theme-color' target=\"_blank\" rel=\"noopener noreferrer\" aria-label=\"Vers la boutique en ligne\"><span class='avia_button_icon avia_button_icon_left' aria-hidden='true' data-av_icon='\ue859' data-av_iconfont='entypo-fontello'><\/span><span class='avia_iconbox_title' >Vers la boutique en ligne<\/span><\/a><\/div>\n","protected":false},"excerpt":{"rendered":"","protected":false},"author":1,"featured_media":0,"parent":0,"menu_order":0,"comment_status":"closed","ping_status":"closed","template":"","meta":{"_glsr_average":0,"_glsr_ranking":0,"_glsr_reviews":0,"footnotes":""},"class_list":["post-19439","page","type-page","status-publish","hentry"],"yoast_head":"<!-- This site is optimized with the Yoast SEO plugin v25.6 - https:\/\/yoast.com\/wordpress\/plugins\/seo\/ -->\n<title>X-CONCEPTION - Beatrice M\u00fcller<\/title>\n<meta name=\"description\" content=\"RESTEZ AU FRAIS ET SANS STRESS ! Ralentir et \u00eatre conscient ! Jouer avec les mati\u00e8res et les th\u00e8mes : Bijoux et design avec des messages individuels\" \/>\n<meta name=\"robots\" content=\"index, follow, max-snippet:-1, max-image-preview:large, max-video-preview:-1\" \/>\n<link rel=\"canonical\" href=\"https:\/\/beatrice-mueller.de\/fr\/x-conception\/\" \/>\n<meta property=\"og:locale\" content=\"fr_FR\" \/>\n<meta property=\"og:type\" content=\"article\" \/>\n<meta property=\"og:title\" content=\"X-CONCEPTION - Beatrice M\u00fcller\" \/>\n<meta property=\"og:description\" content=\"RESTEZ AU FRAIS ET SANS STRESS ! Ralentir et \u00eatre conscient ! Jouer avec les mati\u00e8res et les th\u00e8mes : Bijoux et design avec des messages individuels\" \/>\n<meta property=\"og:url\" content=\"https:\/\/beatrice-mueller.de\/fr\/x-conception\/\" \/>\n<meta property=\"og:site_name\" content=\"Beatrice M\u00fcller\" \/>\n<meta name=\"twitter:card\" content=\"summary_large_image\" \/>\n<meta name=\"twitter:label1\" content=\"Dur\u00e9e de lecture estim\u00e9e\" \/>\n\t<meta name=\"twitter:data1\" content=\"44 minutes\" \/>\n<script type=\"application\/ld+json\" class=\"yoast-schema-graph\">{\"@context\":\"https:\/\/schema.org\",\"@graph\":[{\"@type\":\"WebPage\",\"@id\":\"https:\/\/beatrice-mueller.de\/fr\/x-conception\/\",\"url\":\"https:\/\/beatrice-mueller.de\/fr\/x-conception\/\",\"name\":\"X-CONCEPTION - Beatrice M\u00fcller\",\"isPartOf\":{\"@id\":\"https:\/\/beatrice-mueller.de\/fr\/#website\"},\"datePublished\":\"2025-02-11T09:38:51+00:00\",\"description\":\"RESTEZ AU FRAIS ET SANS STRESS ! Ralentir et \u00eatre conscient ! Jouer avec les mati\u00e8res et les th\u00e8mes : Bijoux et design avec des messages individuels\",\"breadcrumb\":{\"@id\":\"https:\/\/beatrice-mueller.de\/fr\/x-conception\/#breadcrumb\"},\"inLanguage\":\"fr-FR\",\"potentialAction\":[{\"@type\":\"ReadAction\",\"target\":[\"https:\/\/beatrice-mueller.de\/fr\/x-conception\/\"]}]},{\"@type\":\"BreadcrumbList\",\"@id\":\"https:\/\/beatrice-mueller.de\/fr\/x-conception\/#breadcrumb\",\"itemListElement\":[{\"@type\":\"ListItem\",\"position\":1,\"name\":\"Startseite\",\"item\":\"https:\/\/beatrice-mueller.de\/fr\/\"},{\"@type\":\"ListItem\",\"position\":2,\"name\":\"X-CONCEPTION\"}]},{\"@type\":\"WebSite\",\"@id\":\"https:\/\/beatrice-mueller.de\/fr\/#website\",\"url\":\"https:\/\/beatrice-mueller.de\/fr\/\",\"name\":\"Beatrice M\u00fcller\",\"description\":\"Schmuckdesign\",\"potentialAction\":[{\"@type\":\"SearchAction\",\"target\":{\"@type\":\"EntryPoint\",\"urlTemplate\":\"https:\/\/beatrice-mueller.de\/fr\/?s={search_term_string}\"},\"query-input\":{\"@type\":\"PropertyValueSpecification\",\"valueRequired\":true,\"valueName\":\"search_term_string\"}}],\"inLanguage\":\"fr-FR\"}]}<\/script>\n<!-- \/ Yoast SEO plugin. -->","yoast_head_json":{"title":"X-CONCEPTION - Beatrice M\u00fcller","description":"RESTEZ AU FRAIS ET SANS STRESS ! Ralentir et \u00eatre conscient ! Jouer avec les mati\u00e8res et les th\u00e8mes : Bijoux et design avec des messages individuels","robots":{"index":"index","follow":"follow","max-snippet":"max-snippet:-1","max-image-preview":"max-image-preview:large","max-video-preview":"max-video-preview:-1"},"canonical":"https:\/\/beatrice-mueller.de\/fr\/x-conception\/","og_locale":"fr_FR","og_type":"article","og_title":"X-CONCEPTION - Beatrice M\u00fcller","og_description":"RESTEZ AU FRAIS ET SANS STRESS ! Ralentir et \u00eatre conscient ! Jouer avec les mati\u00e8res et les th\u00e8mes : Bijoux et design avec des messages individuels","og_url":"https:\/\/beatrice-mueller.de\/fr\/x-conception\/","og_site_name":"Beatrice M\u00fcller","twitter_card":"summary_large_image","twitter_misc":{"Dur\u00e9e de lecture estim\u00e9e":"44 minutes"},"schema":{"@context":"https:\/\/schema.org","@graph":[{"@type":"WebPage","@id":"https:\/\/beatrice-mueller.de\/fr\/x-conception\/","url":"https:\/\/beatrice-mueller.de\/fr\/x-conception\/","name":"X-CONCEPTION - Beatrice M\u00fcller","isPartOf":{"@id":"https:\/\/beatrice-mueller.de\/fr\/#website"},"datePublished":"2025-02-11T09:38:51+00:00","description":"RESTEZ AU FRAIS ET SANS STRESS ! Ralentir et \u00eatre conscient ! Jouer avec les mati\u00e8res et les th\u00e8mes : Bijoux et design avec des messages individuels","breadcrumb":{"@id":"https:\/\/beatrice-mueller.de\/fr\/x-conception\/#breadcrumb"},"inLanguage":"fr-FR","potentialAction":[{"@type":"ReadAction","target":["https:\/\/beatrice-mueller.de\/fr\/x-conception\/"]}]},{"@type":"BreadcrumbList","@id":"https:\/\/beatrice-mueller.de\/fr\/x-conception\/#breadcrumb","itemListElement":[{"@type":"ListItem","position":1,"name":"Startseite","item":"https:\/\/beatrice-mueller.de\/fr\/"},{"@type":"ListItem","position":2,"name":"X-CONCEPTION"}]},{"@type":"WebSite","@id":"https:\/\/beatrice-mueller.de\/fr\/#website","url":"https:\/\/beatrice-mueller.de\/fr\/","name":"Beatrice M\u00fcller","description":"Schmuckdesign","potentialAction":[{"@type":"SearchAction","target":{"@type":"EntryPoint","urlTemplate":"https:\/\/beatrice-mueller.de\/fr\/?s={search_term_string}"},"query-input":{"@type":"PropertyValueSpecification","valueRequired":true,"valueName":"search_term_string"}}],"inLanguage":"fr-FR"}]}},"_links":{"self":[{"href":"https:\/\/beatrice-mueller.de\/fr\/wp-json\/wp\/v2\/pages\/19439","targetHints":{"allow":["GET"]}}],"collection":[{"href":"https:\/\/beatrice-mueller.de\/fr\/wp-json\/wp\/v2\/pages"}],"about":[{"href":"https:\/\/beatrice-mueller.de\/fr\/wp-json\/wp\/v2\/types\/page"}],"author":[{"embeddable":true,"href":"https:\/\/beatrice-mueller.de\/fr\/wp-json\/wp\/v2\/users\/1"}],"replies":[{"embeddable":true,"href":"https:\/\/beatrice-mueller.de\/fr\/wp-json\/wp\/v2\/comments?post=19439"}],"version-history":[{"count":1,"href":"https:\/\/beatrice-mueller.de\/fr\/wp-json\/wp\/v2\/pages\/19439\/revisions"}],"predecessor-version":[{"id":19443,"href":"https:\/\/beatrice-mueller.de\/fr\/wp-json\/wp\/v2\/pages\/19439\/revisions\/19443"}],"wp:attachment":[{"href":"https:\/\/beatrice-mueller.de\/fr\/wp-json\/wp\/v2\/media?parent=19439"}],"curies":[{"name":"wp","href":"https:\/\/api.w.org\/{rel}","templated":true}]}}