{"id":19458,"date":"2025-02-11T10:39:32","date_gmt":"2025-02-11T09:39:32","guid":{"rendered":"https:\/\/beatrice-mueller.de\/culture-de-la-table\/"},"modified":"2025-05-20T03:18:56","modified_gmt":"2025-05-20T01:18:56","slug":"culture-de-la-table","status":"publish","type":"page","link":"https:\/\/beatrice-mueller.de\/fr\/culture-de-la-table\/","title":{"rendered":"culture de la table"},"content":{"rendered":"\n<style type=\"text\/css\" data-created_by=\"avia_inline_auto\" id=\"style-css-av-kv86w9dd-9fcc6c0b6d084be9025824fec6410352\">\n#top .av-special-heading.av-kv86w9dd-9fcc6c0b6d084be9025824fec6410352{\npadding-bottom:10px;\n}\nbody .av-special-heading.av-kv86w9dd-9fcc6c0b6d084be9025824fec6410352 .av-special-heading-tag .heading-char{\nfont-size:25px;\n}\n.av-special-heading.av-kv86w9dd-9fcc6c0b6d084be9025824fec6410352 .av-subheading{\nfont-size:15px;\n}\n<\/style>\n<div  class='av-special-heading av-kv86w9dd-9fcc6c0b6d084be9025824fec6410352 av-special-heading-h1 blockquote modern-quote modern-centered  avia-builder-el-0  el_before_av_textblock  avia-builder-el-first '><h1 class='av-special-heading-tag '  itemprop=\"headline\"  >culture de la table<\/h1><div class=\"special-heading-border\"><div class=\"special-heading-inner-border\"><\/div><\/div><\/div>\n<section  class='av_textblock_section av-kv86wfc1-3ba2f98c79adc0886440a0bbacbd90f3 '   itemscope=\"itemscope\" itemtype=\"https:\/\/schema.org\/CreativeWork\" ><div class='avia_textblock'  itemprop=\"text\" ><p style=\"text-align: center;\">arts de la table, accessoires pour la maison, verre, verres \u00e0 vin, fl\u00fbtes \u00e0 champagne, ap\u00e9ritif, id\u00e9e de cadeau, cadeaux pr\u00e9cieux, cadeaux de tous les jours, cadeaux utiles, r\u00e9cipient \u00e0 boire, set de verres, verre \u00e0 vin individuel, verres personnalisables<\/p>\n<\/div><\/section>\n<div id='av-masonry-1' class='av-masonry av-kv86wxm1-b31a4656bdb0ffdf30731c2d312ff4c2 noHover av-fixed-size av-large-gap av-hover-overlay-grayscale av-masonry-animation-active av-masonry-col-4 av-caption-on-hover av-caption-style- av-masonry-entries av-orientation-portrait ' data-post_id=\"19458\"><div class=\"av-masonry-container isotope av-js-disabled\"><div class='av-masonry-entry isotope-item av-masonry-item-no-image '><\/div><a href=\"https:\/\/beatrice-mueller.de\/fr\/kollektion\/verre-parfait\/\"  id='av-masonry-1-item-34337' data-av-masonry-item='34337' class='av-masonry-entry isotope-item post-34337 portfolio type-portfolio status-publish has-post-thumbnail hentry portfolio_entries-culture-de-la-table  av-masonry-item-with-image' title=\"PERFECT_Glas_Champagnerglas_Fuga_Faber_Castell_StadtStein_F_Startbild-1\"   itemscope=\"itemscope\" itemtype=\"https:\/\/schema.org\/CreativeWork\" ><div class='av-inner-masonry-sizer'><\/div><figure class='av-inner-masonry main_color'><div class=\"av-masonry-outerimage-container\"><div class='av-masonry-image-container' style=\"background-image: url(https:\/\/beatrice-mueller.de\/wp-content\/uploads\/2021\/09\/PERFECT_Glas_Champagnerglas_Fuga_Faber_Castell_StadtStein_F_Startbild-1.jpg);\"  title=\"PERFECT_Glas_Champagnerglas_Fuga_Faber_Castell_StadtStein_F_Startbild-1\" ><\/div><\/div><figcaption class='av-inner-masonry-content site-background'><div class='av-inner-masonry-content-pos'><div class='av-inner-masonry-content-pos-content'><div class='avia-arrow'><\/div><h3 class='av-masonry-entry-title entry-title '  itemprop=\"headline\" >Verre Parfait\u00ae<\/h3><\/div><\/div><\/figcaption><\/figure><\/a><!--end av-masonry entry--><\/div><\/div>\n","protected":false},"excerpt":{"rendered":"","protected":false},"author":1,"featured_media":19459,"parent":0,"menu_order":0,"comment_status":"closed","ping_status":"closed","template":"","meta":{"_glsr_average":0,"_glsr_ranking":0,"_glsr_reviews":0,"footnotes":""},"class_list":["post-19458","page","type-page","status-publish","has-post-thumbnail","hentry"],"yoast_head":"<!-- This site is optimized with the Yoast SEO plugin v25.6 - https:\/\/yoast.com\/wordpress\/plugins\/seo\/ -->\n<title>culture de la table - Beatrice M\u00fcller<\/title>\n<meta name=\"description\" content=\"Divers accessoires pour la maison Art de la table, accessoires pour la maison, verre, verres \u00e0 vin, coupes \u00e0 champagne, ap\u00e9ritif, id\u00e9e cadeau, d\u00e9coration\" \/>\n<meta name=\"robots\" content=\"index, follow, max-snippet:-1, max-image-preview:large, max-video-preview:-1\" \/>\n<link rel=\"canonical\" href=\"https:\/\/beatrice-mueller.de\/fr\/culture-de-la-table\/\" \/>\n<meta property=\"og:locale\" content=\"fr_FR\" \/>\n<meta property=\"og:type\" content=\"article\" \/>\n<meta property=\"og:title\" content=\"La culture de la table par Beatrice M\u00fcller\" \/>\n<meta property=\"og:description\" content=\"set de table, accessoires pour la maison, verre, verres \u00e0 vin, coupes \u00e0 champagne, ap\u00e9ritif, id\u00e9e cadeau, cadeaux pr\u00e9cieux, cadeaux de tous les jours, cadeaux significatifs, r\u00e9cipient \u00e0 boire, ensemble de verres, verre \u00e0 vin individuel, verres individualisables\" \/>\n<meta property=\"og:url\" content=\"https:\/\/beatrice-mueller.de\/fr\/culture-de-la-table\/\" \/>\n<meta property=\"og:site_name\" content=\"Beatrice M\u00fcller\" \/>\n<meta property=\"article:modified_time\" content=\"2025-05-20T01:18:56+00:00\" \/>\n<meta property=\"og:image\" content=\"https:\/\/beatrice-mueller.de\/wp-content\/uploads\/2021\/10\/perfect1.jpg\" \/>\n<meta name=\"twitter:card\" content=\"summary_large_image\" \/>\n<meta name=\"twitter:label1\" content=\"Dur\u00e9e de lecture estim\u00e9e\" \/>\n\t<meta name=\"twitter:data1\" content=\"1 minute\" \/>\n<script type=\"application\/ld+json\" class=\"yoast-schema-graph\">{\"@context\":\"https:\/\/schema.org\",\"@graph\":[{\"@type\":\"WebPage\",\"@id\":\"https:\/\/beatrice-mueller.de\/fr\/culture-de-la-table\/\",\"url\":\"https:\/\/beatrice-mueller.de\/fr\/culture-de-la-table\/\",\"name\":\"culture de la table - Beatrice M\u00fcller\",\"isPartOf\":{\"@id\":\"https:\/\/beatrice-mueller.de\/fr\/#website\"},\"primaryImageOfPage\":{\"@id\":\"https:\/\/beatrice-mueller.de\/fr\/culture-de-la-table\/#primaryimage\"},\"image\":{\"@id\":\"https:\/\/beatrice-mueller.de\/fr\/culture-de-la-table\/#primaryimage\"},\"thumbnailUrl\":\"https:\/\/beatrice-mueller.de\/wp-content\/uploads\/2021\/09\/PERFECT_Glas_Champagnerglas_Fuga_Faber_Castell_StadtStein_F_Startbild-1.jpg\",\"datePublished\":\"2025-02-11T09:39:32+00:00\",\"dateModified\":\"2025-05-20T01:18:56+00:00\",\"description\":\"Divers accessoires pour la maison Art de la table, accessoires pour la maison, verre, verres \u00e0 vin, coupes \u00e0 champagne, ap\u00e9ritif, id\u00e9e cadeau, d\u00e9coration\",\"breadcrumb\":{\"@id\":\"https:\/\/beatrice-mueller.de\/fr\/culture-de-la-table\/#breadcrumb\"},\"inLanguage\":\"fr-FR\",\"potentialAction\":[{\"@type\":\"ReadAction\",\"target\":[\"https:\/\/beatrice-mueller.de\/fr\/culture-de-la-table\/\"]}]},{\"@type\":\"ImageObject\",\"inLanguage\":\"fr-FR\",\"@id\":\"https:\/\/beatrice-mueller.de\/fr\/culture-de-la-table\/#primaryimage\",\"url\":\"https:\/\/beatrice-mueller.de\/wp-content\/uploads\/2021\/09\/PERFECT_Glas_Champagnerglas_Fuga_Faber_Castell_StadtStein_F_Startbild-1.jpg\",\"contentUrl\":\"https:\/\/beatrice-mueller.de\/wp-content\/uploads\/2021\/09\/PERFECT_Glas_Champagnerglas_Fuga_Faber_Castell_StadtStein_F_Startbild-1.jpg\",\"width\":280,\"height\":380},{\"@type\":\"BreadcrumbList\",\"@id\":\"https:\/\/beatrice-mueller.de\/fr\/culture-de-la-table\/#breadcrumb\",\"itemListElement\":[{\"@type\":\"ListItem\",\"position\":1,\"name\":\"Startseite\",\"item\":\"https:\/\/beatrice-mueller.de\/fr\/\"},{\"@type\":\"ListItem\",\"position\":2,\"name\":\"culture de la table\"}]},{\"@type\":\"WebSite\",\"@id\":\"https:\/\/beatrice-mueller.de\/fr\/#website\",\"url\":\"https:\/\/beatrice-mueller.de\/fr\/\",\"name\":\"Beatrice M\u00fcller\",\"description\":\"Schmuckdesign\",\"potentialAction\":[{\"@type\":\"SearchAction\",\"target\":{\"@type\":\"EntryPoint\",\"urlTemplate\":\"https:\/\/beatrice-mueller.de\/fr\/?s={search_term_string}\"},\"query-input\":{\"@type\":\"PropertyValueSpecification\",\"valueRequired\":true,\"valueName\":\"search_term_string\"}}],\"inLanguage\":\"fr-FR\"}]}<\/script>\n<!-- \/ Yoast SEO plugin. -->","yoast_head_json":{"title":"culture de la table - Beatrice M\u00fcller","description":"Divers accessoires pour la maison Art de la table, accessoires pour la maison, verre, verres \u00e0 vin, coupes \u00e0 champagne, ap\u00e9ritif, id\u00e9e cadeau, d\u00e9coration","robots":{"index":"index","follow":"follow","max-snippet":"max-snippet:-1","max-image-preview":"max-image-preview:large","max-video-preview":"max-video-preview:-1"},"canonical":"https:\/\/beatrice-mueller.de\/fr\/culture-de-la-table\/","og_locale":"fr_FR","og_type":"article","og_title":"La culture de la table par Beatrice M\u00fcller","og_description":"set de table, accessoires pour la maison, verre, verres \u00e0 vin, coupes \u00e0 champagne, ap\u00e9ritif, id\u00e9e cadeau, cadeaux pr\u00e9cieux, cadeaux de tous les jours, cadeaux significatifs, r\u00e9cipient \u00e0 boire, ensemble de verres, verre \u00e0 vin individuel, verres individualisables","og_url":"https:\/\/beatrice-mueller.de\/fr\/culture-de-la-table\/","og_site_name":"Beatrice M\u00fcller","article_modified_time":"2025-05-20T01:18:56+00:00","og_image":[{"url":"https:\/\/beatrice-mueller.de\/wp-content\/uploads\/2021\/10\/perfect1.jpg","type":"","width":"","height":""}],"twitter_card":"summary_large_image","twitter_misc":{"Dur\u00e9e de lecture estim\u00e9e":"1 minute"},"schema":{"@context":"https:\/\/schema.org","@graph":[{"@type":"WebPage","@id":"https:\/\/beatrice-mueller.de\/fr\/culture-de-la-table\/","url":"https:\/\/beatrice-mueller.de\/fr\/culture-de-la-table\/","name":"culture de la table - Beatrice M\u00fcller","isPartOf":{"@id":"https:\/\/beatrice-mueller.de\/fr\/#website"},"primaryImageOfPage":{"@id":"https:\/\/beatrice-mueller.de\/fr\/culture-de-la-table\/#primaryimage"},"image":{"@id":"https:\/\/beatrice-mueller.de\/fr\/culture-de-la-table\/#primaryimage"},"thumbnailUrl":"https:\/\/beatrice-mueller.de\/wp-content\/uploads\/2021\/09\/PERFECT_Glas_Champagnerglas_Fuga_Faber_Castell_StadtStein_F_Startbild-1.jpg","datePublished":"2025-02-11T09:39:32+00:00","dateModified":"2025-05-20T01:18:56+00:00","description":"Divers accessoires pour la maison Art de la table, accessoires pour la maison, verre, verres \u00e0 vin, coupes \u00e0 champagne, ap\u00e9ritif, id\u00e9e cadeau, d\u00e9coration","breadcrumb":{"@id":"https:\/\/beatrice-mueller.de\/fr\/culture-de-la-table\/#breadcrumb"},"inLanguage":"fr-FR","potentialAction":[{"@type":"ReadAction","target":["https:\/\/beatrice-mueller.de\/fr\/culture-de-la-table\/"]}]},{"@type":"ImageObject","inLanguage":"fr-FR","@id":"https:\/\/beatrice-mueller.de\/fr\/culture-de-la-table\/#primaryimage","url":"https:\/\/beatrice-mueller.de\/wp-content\/uploads\/2021\/09\/PERFECT_Glas_Champagnerglas_Fuga_Faber_Castell_StadtStein_F_Startbild-1.jpg","contentUrl":"https:\/\/beatrice-mueller.de\/wp-content\/uploads\/2021\/09\/PERFECT_Glas_Champagnerglas_Fuga_Faber_Castell_StadtStein_F_Startbild-1.jpg","width":280,"height":380},{"@type":"BreadcrumbList","@id":"https:\/\/beatrice-mueller.de\/fr\/culture-de-la-table\/#breadcrumb","itemListElement":[{"@type":"ListItem","position":1,"name":"Startseite","item":"https:\/\/beatrice-mueller.de\/fr\/"},{"@type":"ListItem","position":2,"name":"culture de la table"}]},{"@type":"WebSite","@id":"https:\/\/beatrice-mueller.de\/fr\/#website","url":"https:\/\/beatrice-mueller.de\/fr\/","name":"Beatrice M\u00fcller","description":"Schmuckdesign","potentialAction":[{"@type":"SearchAction","target":{"@type":"EntryPoint","urlTemplate":"https:\/\/beatrice-mueller.de\/fr\/?s={search_term_string}"},"query-input":{"@type":"PropertyValueSpecification","valueRequired":true,"valueName":"search_term_string"}}],"inLanguage":"fr-FR"}]}},"_links":{"self":[{"href":"https:\/\/beatrice-mueller.de\/fr\/wp-json\/wp\/v2\/pages\/19458","targetHints":{"allow":["GET"]}}],"collection":[{"href":"https:\/\/beatrice-mueller.de\/fr\/wp-json\/wp\/v2\/pages"}],"about":[{"href":"https:\/\/beatrice-mueller.de\/fr\/wp-json\/wp\/v2\/types\/page"}],"author":[{"embeddable":true,"href":"https:\/\/beatrice-mueller.de\/fr\/wp-json\/wp\/v2\/users\/1"}],"replies":[{"embeddable":true,"href":"https:\/\/beatrice-mueller.de\/fr\/wp-json\/wp\/v2\/comments?post=19458"}],"version-history":[{"count":4,"href":"https:\/\/beatrice-mueller.de\/fr\/wp-json\/wp\/v2\/pages\/19458\/revisions"}],"predecessor-version":[{"id":35255,"href":"https:\/\/beatrice-mueller.de\/fr\/wp-json\/wp\/v2\/pages\/19458\/revisions\/35255"}],"wp:featuredmedia":[{"embeddable":true,"href":"https:\/\/beatrice-mueller.de\/fr\/wp-json\/wp\/v2\/media\/19459"}],"wp:attachment":[{"href":"https:\/\/beatrice-mueller.de\/fr\/wp-json\/wp\/v2\/media?parent=19458"}],"curies":[{"name":"wp","href":"https:\/\/api.w.org\/{rel}","templated":true}]}}