{"id":19464,"date":"2025-02-11T10:39:33","date_gmt":"2025-02-11T09:39:33","guid":{"rendered":"https:\/\/beatrice-mueller.de\/collier\/"},"modified":"2025-02-11T10:39:33","modified_gmt":"2025-02-11T09:39:33","slug":"collier","status":"publish","type":"page","link":"https:\/\/beatrice-mueller.de\/fr\/collier\/","title":{"rendered":"collier"},"content":{"rendered":"\n<style type=\"text\/css\" data-created_by=\"avia_inline_auto\" id=\"style-css-av-kv86lkyr-7f6fee24f603eb6fe5b239104d0278cd\">\n#top .av-special-heading.av-kv86lkyr-7f6fee24f603eb6fe5b239104d0278cd{\npadding-bottom:10px;\n}\nbody .av-special-heading.av-kv86lkyr-7f6fee24f603eb6fe5b239104d0278cd .av-special-heading-tag .heading-char{\nfont-size:25px;\n}\n.av-special-heading.av-kv86lkyr-7f6fee24f603eb6fe5b239104d0278cd .av-subheading{\nfont-size:15px;\n}\n<\/style>\n<div  class='av-special-heading av-kv86lkyr-7f6fee24f603eb6fe5b239104d0278cd av-special-heading-h1 blockquote modern-quote modern-centered  avia-builder-el-0  el_before_av_textblock  avia-builder-el-first '><h1 class='av-special-heading-tag '  itemprop=\"headline\"  >collier<\/h1><div class=\"special-heading-border\"><div class=\"special-heading-inner-border\"><\/div><\/div><\/div>\n<section  class='av_textblock_section av-kv86lqqn-0821fbea0a36aa5cb57e26cc0156df8e '   itemscope=\"itemscope\" itemtype=\"https:\/\/schema.org\/CreativeWork\" ><div class='avia_textblock'  itemprop=\"text\" ><p style=\"text-align: center;\">Cha\u00eene, collier, tour de cou, cha\u00eene \u00e0 pois, cha\u00eene d&#8217;ancre, cordon, corde, perles, or 750, or 18 carats, diamants, quartz rose, bijoux v\u00e9ritables, bijoux de mari\u00e9e, bijoux religieux<\/p>\n<\/div><\/section>\n<div id='av-masonry-1' class='av-masonry av-kv86m1xe-53d3288af9d788028500bd37abe81f96 noHover av-fixed-size av-large-gap av-hover-overlay-grayscale av-masonry-animation-active av-masonry-col-4 av-caption-on-hover av-caption-style- av-masonry-entries av-orientation-portrait ' data-post_id=\"19464\"><div class=\"av-masonry-container isotope av-js-disabled\"><div class='av-masonry-entry isotope-item av-masonry-item-no-image '><\/div><a href=\"https:\/\/beatrice-mueller.de\/fr\/kollektion\/deux-etre-2\/\"  id='av-masonry-1-item-34234' data-av-masonry-item='34234' class='av-masonry-entry isotope-item post-34234 portfolio type-portfolio status-publish has-post-thumbnail hentry tag-deux-etres portfolio_entries-collier  av-masonry-item-with-image' title=\"titelbild_uebersichtsseite_two_be\"   itemscope=\"itemscope\" itemtype=\"https:\/\/schema.org\/CreativeWork\" ><div class='av-inner-masonry-sizer'><\/div><figure class='av-inner-masonry main_color'><div class=\"av-masonry-outerimage-container\"><div class='av-masonry-image-container' style=\"background-image: url(https:\/\/beatrice-mueller.de\/wp-content\/uploads\/2021\/09\/titelbild_uebersichtsseite_two_be.jpg);\"  title=\"titelbild_uebersichtsseite_two_be\" ><\/div><\/div><figcaption class='av-inner-masonry-content site-background'><div class='av-inner-masonry-content-pos'><div class='av-inner-masonry-content-pos-content'><div class='avia-arrow'><\/div><h3 class='av-masonry-entry-title entry-title '  itemprop=\"headline\" >DEUX \u00caTRE<\/h3><\/div><\/div><\/figcaption><\/figure><\/a><!--end av-masonry entry--><a href=\"https:\/\/beatrice-mueller.de\/fr\/kollektion\/energetique\/\"  id='av-masonry-1-item-34242' data-av-masonry-item='34242' class='av-masonry-entry isotope-item post-34242 portfolio type-portfolio status-publish has-post-thumbnail hentry tag-energetique portfolio_entries-collier  av-masonry-item-with-image' title=\"titelbild_uebersichtsseite_energetik\"   itemscope=\"itemscope\" itemtype=\"https:\/\/schema.org\/CreativeWork\" ><div class='av-inner-masonry-sizer'><\/div><figure class='av-inner-masonry main_color'><div class=\"av-masonry-outerimage-container\"><div class='av-masonry-image-container' style=\"background-image: url(https:\/\/beatrice-mueller.de\/wp-content\/uploads\/2021\/09\/titelbild_uebersichtsseite_energetik.jpg);\"  title=\"titelbild_uebersichtsseite_energetik\" ><\/div><\/div><figcaption class='av-inner-masonry-content site-background'><div class='av-inner-masonry-content-pos'><div class='av-inner-masonry-content-pos-content'><div class='avia-arrow'><\/div><h3 class='av-masonry-entry-title entry-title '  itemprop=\"headline\" >\u00c9NERG\u00c9TIQUE<\/h3><\/div><\/div><\/figcaption><\/figure><\/a><!--end av-masonry entry--><a href=\"https:\/\/beatrice-mueller.de\/fr\/kollektion\/perles\/\"  id='av-masonry-1-item-34245' data-av-masonry-item='34245' class='av-masonry-entry isotope-item post-34245 portfolio type-portfolio status-publish has-post-thumbnail hentry tag-perles portfolio_entries-collier  av-masonry-item-with-image' title=\"titelbild_uebersichtsseite_perlen\"   itemscope=\"itemscope\" itemtype=\"https:\/\/schema.org\/CreativeWork\" ><div class='av-inner-masonry-sizer'><\/div><figure class='av-inner-masonry main_color'><div class=\"av-masonry-outerimage-container\"><div class='av-masonry-image-container' style=\"background-image: url(https:\/\/beatrice-mueller.de\/wp-content\/uploads\/2021\/09\/titelbild_uebersichtsseite_perlen.jpg);\"  title=\"titelbild_uebersichtsseite_perlen\" ><\/div><\/div><figcaption class='av-inner-masonry-content site-background'><div class='av-inner-masonry-content-pos'><div class='av-inner-masonry-content-pos-content'><div class='avia-arrow'><\/div><h3 class='av-masonry-entry-title entry-title '  itemprop=\"headline\" >PERLES<\/h3><\/div><\/div><\/figcaption><\/figure><\/a><!--end av-masonry entry--><a href=\"https:\/\/beatrice-mueller.de\/fr\/kollektion\/qui-peut-le-faire-peut\/\"  id='av-masonry-1-item-34250' data-av-masonry-item='34250' class='av-masonry-entry isotope-item post-34250 portfolio type-portfolio status-publish has-post-thumbnail hentry tag-celui-qui-peut-peut portfolio_entries-collier  av-masonry-item-with-image' title=\"titelbild_uebersichtsseite_WKDK\"   itemscope=\"itemscope\" itemtype=\"https:\/\/schema.org\/CreativeWork\" ><div class='av-inner-masonry-sizer'><\/div><figure class='av-inner-masonry main_color'><div class=\"av-masonry-outerimage-container\"><div class='av-masonry-image-container' style=\"background-image: url(https:\/\/beatrice-mueller.de\/wp-content\/uploads\/2021\/09\/titelbild_uebersichtsseite_WKDK-2.jpg);\"  title=\"titelbild_uebersichtsseite_WKDK\" ><\/div><\/div><figcaption class='av-inner-masonry-content site-background'><div class='av-inner-masonry-content-pos'><div class='av-inner-masonry-content-pos-content'><div class='avia-arrow'><\/div><h3 class='av-masonry-entry-title entry-title '  itemprop=\"headline\" >QUI PEUT LE FAIRE, PEUT\u00ae<\/h3><\/div><\/div><\/figcaption><\/figure><\/a><!--end av-masonry entry--><a href=\"https:\/\/beatrice-mueller.de\/fr\/kollektion\/paradis-2\/\"  id='av-masonry-1-item-34255' data-av-masonry-item='34255' class='av-masonry-entry isotope-item post-34255 portfolio type-portfolio status-publish has-post-thumbnail hentry tag-paradis portfolio_entries-collier  av-masonry-item-with-image' title=\"titelbild_uebersichtsseite_paradies-1\"   itemscope=\"itemscope\" itemtype=\"https:\/\/schema.org\/CreativeWork\" ><div class='av-inner-masonry-sizer'><\/div><figure class='av-inner-masonry main_color'><div class=\"av-masonry-outerimage-container\"><div class='av-masonry-image-container' style=\"background-image: url(https:\/\/beatrice-mueller.de\/wp-content\/uploads\/2021\/09\/titelbild_uebersichtsseite_paradies-1.jpg);\"  title=\"titelbild_uebersichtsseite_paradies-1\" ><\/div><\/div><figcaption class='av-inner-masonry-content site-background'><div class='av-inner-masonry-content-pos'><div class='av-inner-masonry-content-pos-content'><div class='avia-arrow'><\/div><h3 class='av-masonry-entry-title entry-title '  itemprop=\"headline\" >PARADIS<\/h3><\/div><\/div><\/figcaption><\/figure><\/a><!--end av-masonry entry--><a href=\"https:\/\/beatrice-mueller.de\/fr\/kollektion\/coeurs-2\/\"  id='av-masonry-1-item-34257' data-av-masonry-item='34257' class='av-masonry-entry isotope-item post-34257 portfolio type-portfolio status-publish has-post-thumbnail hentry portfolio_entries-collier  av-masonry-item-with-image' title=\"titelbild_uebersichtsseite_herzen-1\"   itemscope=\"itemscope\" itemtype=\"https:\/\/schema.org\/CreativeWork\" ><div class='av-inner-masonry-sizer'><\/div><figure class='av-inner-masonry main_color'><div class=\"av-masonry-outerimage-container\"><div class='av-masonry-image-container' style=\"background-image: url(https:\/\/beatrice-mueller.de\/wp-content\/uploads\/2021\/09\/titelbild_uebersichtsseite_herzen-1.jpg);\"  title=\"titelbild_uebersichtsseite_herzen-1\" ><\/div><\/div><figcaption class='av-inner-masonry-content site-background'><div class='av-inner-masonry-content-pos'><div class='av-inner-masonry-content-pos-content'><div class='avia-arrow'><\/div><h3 class='av-masonry-entry-title entry-title '  itemprop=\"headline\" >C\u0152URS<\/h3><\/div><\/div><\/figcaption><\/figure><\/a><!--end av-masonry entry--><a href=\"https:\/\/beatrice-mueller.de\/fr\/kollektion\/couronnes-et-eventails-2\/\"  id='av-masonry-1-item-34263' data-av-masonry-item='34263' class='av-masonry-entry isotope-item post-34263 portfolio type-portfolio status-publish has-post-thumbnail hentry tag-couronne portfolio_entries-collier  av-masonry-item-with-image' title=\"titelbild_oben_kronen_faecher-1\"   itemscope=\"itemscope\" itemtype=\"https:\/\/schema.org\/CreativeWork\" ><div class='av-inner-masonry-sizer'><\/div><figure class='av-inner-masonry main_color'><div class=\"av-masonry-outerimage-container\"><div class='av-masonry-image-container' style=\"background-image: url(https:\/\/beatrice-mueller.de\/wp-content\/uploads\/2021\/09\/titelbild_oben_kronen_faecher-1.jpg);\"  title=\"titelbild_oben_kronen_faecher-1\" ><\/div><\/div><figcaption class='av-inner-masonry-content site-background'><div class='av-inner-masonry-content-pos'><div class='av-inner-masonry-content-pos-content'><div class='avia-arrow'><\/div><h3 class='av-masonry-entry-title entry-title '  itemprop=\"headline\" >COURONNES ET EVENTAILS<\/h3><\/div><\/div><\/figcaption><\/figure><\/a><!--end av-masonry entry--><a href=\"https:\/\/beatrice-mueller.de\/fr\/kollektion\/golf-3\/\"  id='av-masonry-1-item-34268' data-av-masonry-item='34268' class='av-masonry-entry isotope-item post-34268 portfolio type-portfolio status-publish has-post-thumbnail hentry tag-golf-fr portfolio_entries-collier  av-masonry-item-with-image' title=\"titelbild_uebersichtsseite_golf-2\"   itemscope=\"itemscope\" itemtype=\"https:\/\/schema.org\/CreativeWork\" ><div class='av-inner-masonry-sizer'><\/div><figure class='av-inner-masonry main_color'><div class=\"av-masonry-outerimage-container\"><div class='av-masonry-image-container' style=\"background-image: url(https:\/\/beatrice-mueller.de\/wp-content\/uploads\/2021\/09\/titelbild_uebersichtsseite_golf-2.jpg);\"  title=\"titelbild_uebersichtsseite_golf-2\" ><\/div><\/div><figcaption class='av-inner-masonry-content site-background'><div class='av-inner-masonry-content-pos'><div class='av-inner-masonry-content-pos-content'><div class='avia-arrow'><\/div><h3 class='av-masonry-entry-title entry-title '  itemprop=\"headline\" >GOLF<\/h3><\/div><\/div><\/figcaption><\/figure><\/a><!--end av-masonry entry--><a href=\"https:\/\/beatrice-mueller.de\/fr\/kollektion\/chaines\/\"  id='av-masonry-1-item-34274' data-av-masonry-item='34274' class='av-masonry-entry isotope-item post-34274 portfolio type-portfolio status-publish has-post-thumbnail hentry tag-chaines portfolio_entries-collier  av-masonry-item-with-image' title=\"titelbild_uebersichtsseite_kette\"   itemscope=\"itemscope\" itemtype=\"https:\/\/schema.org\/CreativeWork\" ><div class='av-inner-masonry-sizer'><\/div><figure class='av-inner-masonry main_color'><div class=\"av-masonry-outerimage-container\"><div class='av-masonry-image-container' style=\"background-image: url(https:\/\/beatrice-mueller.de\/wp-content\/uploads\/2021\/09\/titelbild_uebersichtsseite_kette.jpg);\"  title=\"titelbild_uebersichtsseite_kette\" ><\/div><\/div><figcaption class='av-inner-masonry-content site-background'><div class='av-inner-masonry-content-pos'><div class='av-inner-masonry-content-pos-content'><div class='avia-arrow'><\/div><h3 class='av-masonry-entry-title entry-title '  itemprop=\"headline\" >CHA\u00ceNES<\/h3><\/div><\/div><\/figcaption><\/figure><\/a><!--end av-masonry entry--><a href=\"https:\/\/beatrice-mueller.de\/fr\/kollektion\/ange-2\/\"  id='av-masonry-1-item-34276' data-av-masonry-item='34276' class='av-masonry-entry isotope-item post-34276 portfolio type-portfolio status-publish has-post-thumbnail hentry tag-ange portfolio_entries-collier  av-masonry-item-with-image' title=\"titelbild_uebersichtsseite_engel-1\"   itemscope=\"itemscope\" itemtype=\"https:\/\/schema.org\/CreativeWork\" ><div class='av-inner-masonry-sizer'><\/div><figure class='av-inner-masonry main_color'><div class=\"av-masonry-outerimage-container\"><div class='av-masonry-image-container' style=\"background-image: url(https:\/\/beatrice-mueller.de\/wp-content\/uploads\/2021\/09\/titelbild_uebersichtsseite_engel-1.jpg);\"  title=\"titelbild_uebersichtsseite_engel-1\" ><\/div><\/div><figcaption class='av-inner-masonry-content site-background'><div class='av-inner-masonry-content-pos'><div class='av-inner-masonry-content-pos-content'><div class='avia-arrow'><\/div><h3 class='av-masonry-entry-title entry-title '  itemprop=\"headline\" >ANGE<\/h3><\/div><\/div><\/figcaption><\/figure><\/a><!--end av-masonry entry--><a href=\"https:\/\/beatrice-mueller.de\/fr\/kollektion\/bande-annonce\/\"  id='av-masonry-1-item-34280' data-av-masonry-item='34280' class='av-masonry-entry isotope-item post-34280 portfolio type-portfolio status-publish has-post-thumbnail hentry portfolio_entries-collier  av-masonry-item-with-image' title=\"titelbild_uebersichtsseite_Anhaenger\"   itemscope=\"itemscope\" itemtype=\"https:\/\/schema.org\/CreativeWork\" ><div class='av-inner-masonry-sizer'><\/div><figure class='av-inner-masonry main_color'><div class=\"av-masonry-outerimage-container\"><div class='av-masonry-image-container' style=\"background-image: url(https:\/\/beatrice-mueller.de\/wp-content\/uploads\/2021\/09\/titelbild_uebersichtsseite_Anhaenger.jpg);\"  title=\"titelbild_uebersichtsseite_Anhaenger\" ><\/div><\/div><figcaption class='av-inner-masonry-content site-background'><div class='av-inner-masonry-content-pos'><div class='av-inner-masonry-content-pos-content'><div class='avia-arrow'><\/div><h3 class='av-masonry-entry-title entry-title '  itemprop=\"headline\" >BANDE-ANNONCE<\/h3><\/div><\/div><\/figcaption><\/figure><\/a><!--end av-masonry entry--><a href=\"https:\/\/beatrice-mueller.de\/fr\/kollektion\/einig-2\/\"  id='av-masonry-1-item-34287' data-av-masonry-item='34287' class='av-masonry-entry isotope-item post-34287 portfolio type-portfolio status-publish has-post-thumbnail hentry tag-convenu portfolio_entries-collier  av-masonry-item-with-image' title=\"titelbild_uebersichtsseite_einig-1\"   itemscope=\"itemscope\" itemtype=\"https:\/\/schema.org\/CreativeWork\" ><div class='av-inner-masonry-sizer'><\/div><figure class='av-inner-masonry main_color'><div class=\"av-masonry-outerimage-container\"><div class='av-masonry-image-container' style=\"background-image: url(https:\/\/beatrice-mueller.de\/wp-content\/uploads\/2021\/09\/titelbild_uebersichtsseite_einig-1.jpg);\"  title=\"titelbild_uebersichtsseite_einig-1\" ><\/div><\/div><figcaption class='av-inner-masonry-content site-background'><div class='av-inner-masonry-content-pos'><div class='av-inner-masonry-content-pos-content'><div class='avia-arrow'><\/div><h3 class='av-masonry-entry-title entry-title '  itemprop=\"headline\" >EINIG\u00ae<\/h3><\/div><\/div><\/figcaption><\/figure><\/a><!--end av-masonry entry--><a href=\"https:\/\/beatrice-mueller.de\/fr\/kollektion\/bendel\/\"  id='av-masonry-1-item-34295' data-av-masonry-item='34295' class='av-masonry-entry isotope-item post-34295 portfolio type-portfolio status-publish has-post-thumbnail hentry tag-bendel-fr portfolio_entries-collier  av-masonry-item-with-image' title=\"titelbild_uebersichtsseite_bendel\"   itemscope=\"itemscope\" itemtype=\"https:\/\/schema.org\/CreativeWork\" ><div class='av-inner-masonry-sizer'><\/div><figure class='av-inner-masonry main_color'><div class=\"av-masonry-outerimage-container\"><div class='av-masonry-image-container' style=\"background-image: url(https:\/\/beatrice-mueller.de\/wp-content\/uploads\/2021\/09\/titelbild_uebersichtsseite_bendel.jpg);\"  title=\"titelbild_uebersichtsseite_bendel\" ><\/div><\/div><figcaption class='av-inner-masonry-content site-background'><div class='av-inner-masonry-content-pos'><div class='av-inner-masonry-content-pos-content'><div class='avia-arrow'><\/div><h3 class='av-masonry-entry-title entry-title '  itemprop=\"headline\" >BENDEL<\/h3><\/div><\/div><\/figcaption><\/figure><\/a><!--end av-masonry entry--><\/div><\/div>\n","protected":false},"excerpt":{"rendered":"","protected":false},"author":1,"featured_media":19465,"parent":0,"menu_order":0,"comment_status":"closed","ping_status":"closed","template":"","meta":{"_glsr_average":0,"_glsr_ranking":0,"_glsr_reviews":0,"footnotes":""},"class_list":["post-19464","page","type-page","status-publish","has-post-thumbnail","hentry"],"yoast_head":"<!-- This site is optimized with the Yoast SEO plugin v25.6 - https:\/\/yoast.com\/wordpress\/plugins\/seo\/ -->\n<title>collier - Beatrice M\u00fcller<\/title>\n<meta name=\"description\" content=\"Le collier qui vous convient, cha\u00eene, collier, collier, bande de culture, cha\u00eene de pois, cha\u00eene d&#039;ancre, cordon, corde, perles, or 750,\" \/>\n<meta name=\"robots\" content=\"index, follow, max-snippet:-1, max-image-preview:large, max-video-preview:-1\" \/>\n<link rel=\"canonical\" href=\"https:\/\/beatrice-mueller.de\/fr\/collier\/\" \/>\n<meta property=\"og:locale\" content=\"fr_FR\" \/>\n<meta property=\"og:type\" content=\"article\" \/>\n<meta property=\"og:title\" content=\"collier - Beatrice M\u00fcller\" \/>\n<meta property=\"og:description\" content=\"Le collier qui vous convient, cha\u00eene, collier, collier, bande de culture, cha\u00eene de pois, cha\u00eene d&#039;ancre, cordon, corde, perles, or 750,\" \/>\n<meta property=\"og:url\" content=\"https:\/\/beatrice-mueller.de\/fr\/collier\/\" \/>\n<meta property=\"og:site_name\" content=\"Beatrice M\u00fcller\" \/>\n<meta property=\"og:image\" content=\"https:\/\/beatrice-mueller.de\/wp-content\/uploads\/2021\/09\/titelbild_uebersichtsseite_paradies-1.jpg\" \/>\n\t<meta property=\"og:image:width\" content=\"280\" \/>\n\t<meta property=\"og:image:height\" content=\"380\" \/>\n\t<meta property=\"og:image:type\" content=\"image\/jpeg\" \/>\n<meta name=\"twitter:card\" content=\"summary_large_image\" \/>\n<meta name=\"twitter:label1\" content=\"Dur\u00e9e de lecture estim\u00e9e\" \/>\n\t<meta name=\"twitter:data1\" content=\"1 minute\" \/>\n<script type=\"application\/ld+json\" class=\"yoast-schema-graph\">{\"@context\":\"https:\/\/schema.org\",\"@graph\":[{\"@type\":\"WebPage\",\"@id\":\"https:\/\/beatrice-mueller.de\/fr\/collier\/\",\"url\":\"https:\/\/beatrice-mueller.de\/fr\/collier\/\",\"name\":\"collier - Beatrice M\u00fcller\",\"isPartOf\":{\"@id\":\"https:\/\/beatrice-mueller.de\/fr\/#website\"},\"primaryImageOfPage\":{\"@id\":\"https:\/\/beatrice-mueller.de\/fr\/collier\/#primaryimage\"},\"image\":{\"@id\":\"https:\/\/beatrice-mueller.de\/fr\/collier\/#primaryimage\"},\"thumbnailUrl\":\"https:\/\/beatrice-mueller.de\/wp-content\/uploads\/2021\/09\/titelbild_uebersichtsseite_paradies-1.jpg\",\"datePublished\":\"2025-02-11T09:39:33+00:00\",\"description\":\"Le collier qui vous convient, cha\u00eene, collier, collier, bande de culture, cha\u00eene de pois, cha\u00eene d'ancre, cordon, corde, perles, or 750,\",\"breadcrumb\":{\"@id\":\"https:\/\/beatrice-mueller.de\/fr\/collier\/#breadcrumb\"},\"inLanguage\":\"fr-FR\",\"potentialAction\":[{\"@type\":\"ReadAction\",\"target\":[\"https:\/\/beatrice-mueller.de\/fr\/collier\/\"]}]},{\"@type\":\"ImageObject\",\"inLanguage\":\"fr-FR\",\"@id\":\"https:\/\/beatrice-mueller.de\/fr\/collier\/#primaryimage\",\"url\":\"https:\/\/beatrice-mueller.de\/wp-content\/uploads\/2021\/09\/titelbild_uebersichtsseite_paradies-1.jpg\",\"contentUrl\":\"https:\/\/beatrice-mueller.de\/wp-content\/uploads\/2021\/09\/titelbild_uebersichtsseite_paradies-1.jpg\",\"width\":280,\"height\":380,\"caption\":\"Paradies\"},{\"@type\":\"BreadcrumbList\",\"@id\":\"https:\/\/beatrice-mueller.de\/fr\/collier\/#breadcrumb\",\"itemListElement\":[{\"@type\":\"ListItem\",\"position\":1,\"name\":\"Startseite\",\"item\":\"https:\/\/beatrice-mueller.de\/fr\/\"},{\"@type\":\"ListItem\",\"position\":2,\"name\":\"collier\"}]},{\"@type\":\"WebSite\",\"@id\":\"https:\/\/beatrice-mueller.de\/fr\/#website\",\"url\":\"https:\/\/beatrice-mueller.de\/fr\/\",\"name\":\"Beatrice M\u00fcller\",\"description\":\"Schmuckdesign\",\"potentialAction\":[{\"@type\":\"SearchAction\",\"target\":{\"@type\":\"EntryPoint\",\"urlTemplate\":\"https:\/\/beatrice-mueller.de\/fr\/?s={search_term_string}\"},\"query-input\":{\"@type\":\"PropertyValueSpecification\",\"valueRequired\":true,\"valueName\":\"search_term_string\"}}],\"inLanguage\":\"fr-FR\"}]}<\/script>\n<!-- \/ Yoast SEO plugin. -->","yoast_head_json":{"title":"collier - Beatrice M\u00fcller","description":"Le collier qui vous convient, cha\u00eene, collier, collier, bande de culture, cha\u00eene de pois, cha\u00eene d'ancre, cordon, corde, perles, or 750,","robots":{"index":"index","follow":"follow","max-snippet":"max-snippet:-1","max-image-preview":"max-image-preview:large","max-video-preview":"max-video-preview:-1"},"canonical":"https:\/\/beatrice-mueller.de\/fr\/collier\/","og_locale":"fr_FR","og_type":"article","og_title":"collier - Beatrice M\u00fcller","og_description":"Le collier qui vous convient, cha\u00eene, collier, collier, bande de culture, cha\u00eene de pois, cha\u00eene d'ancre, cordon, corde, perles, or 750,","og_url":"https:\/\/beatrice-mueller.de\/fr\/collier\/","og_site_name":"Beatrice M\u00fcller","og_image":[{"width":280,"height":380,"url":"https:\/\/beatrice-mueller.de\/wp-content\/uploads\/2021\/09\/titelbild_uebersichtsseite_paradies-1.jpg","type":"image\/jpeg"}],"twitter_card":"summary_large_image","twitter_misc":{"Dur\u00e9e de lecture estim\u00e9e":"1 minute"},"schema":{"@context":"https:\/\/schema.org","@graph":[{"@type":"WebPage","@id":"https:\/\/beatrice-mueller.de\/fr\/collier\/","url":"https:\/\/beatrice-mueller.de\/fr\/collier\/","name":"collier - Beatrice M\u00fcller","isPartOf":{"@id":"https:\/\/beatrice-mueller.de\/fr\/#website"},"primaryImageOfPage":{"@id":"https:\/\/beatrice-mueller.de\/fr\/collier\/#primaryimage"},"image":{"@id":"https:\/\/beatrice-mueller.de\/fr\/collier\/#primaryimage"},"thumbnailUrl":"https:\/\/beatrice-mueller.de\/wp-content\/uploads\/2021\/09\/titelbild_uebersichtsseite_paradies-1.jpg","datePublished":"2025-02-11T09:39:33+00:00","description":"Le collier qui vous convient, cha\u00eene, collier, collier, bande de culture, cha\u00eene de pois, cha\u00eene d'ancre, cordon, corde, perles, or 750,","breadcrumb":{"@id":"https:\/\/beatrice-mueller.de\/fr\/collier\/#breadcrumb"},"inLanguage":"fr-FR","potentialAction":[{"@type":"ReadAction","target":["https:\/\/beatrice-mueller.de\/fr\/collier\/"]}]},{"@type":"ImageObject","inLanguage":"fr-FR","@id":"https:\/\/beatrice-mueller.de\/fr\/collier\/#primaryimage","url":"https:\/\/beatrice-mueller.de\/wp-content\/uploads\/2021\/09\/titelbild_uebersichtsseite_paradies-1.jpg","contentUrl":"https:\/\/beatrice-mueller.de\/wp-content\/uploads\/2021\/09\/titelbild_uebersichtsseite_paradies-1.jpg","width":280,"height":380,"caption":"Paradies"},{"@type":"BreadcrumbList","@id":"https:\/\/beatrice-mueller.de\/fr\/collier\/#breadcrumb","itemListElement":[{"@type":"ListItem","position":1,"name":"Startseite","item":"https:\/\/beatrice-mueller.de\/fr\/"},{"@type":"ListItem","position":2,"name":"collier"}]},{"@type":"WebSite","@id":"https:\/\/beatrice-mueller.de\/fr\/#website","url":"https:\/\/beatrice-mueller.de\/fr\/","name":"Beatrice M\u00fcller","description":"Schmuckdesign","potentialAction":[{"@type":"SearchAction","target":{"@type":"EntryPoint","urlTemplate":"https:\/\/beatrice-mueller.de\/fr\/?s={search_term_string}"},"query-input":{"@type":"PropertyValueSpecification","valueRequired":true,"valueName":"search_term_string"}}],"inLanguage":"fr-FR"}]}},"_links":{"self":[{"href":"https:\/\/beatrice-mueller.de\/fr\/wp-json\/wp\/v2\/pages\/19464","targetHints":{"allow":["GET"]}}],"collection":[{"href":"https:\/\/beatrice-mueller.de\/fr\/wp-json\/wp\/v2\/pages"}],"about":[{"href":"https:\/\/beatrice-mueller.de\/fr\/wp-json\/wp\/v2\/types\/page"}],"author":[{"embeddable":true,"href":"https:\/\/beatrice-mueller.de\/fr\/wp-json\/wp\/v2\/users\/1"}],"replies":[{"embeddable":true,"href":"https:\/\/beatrice-mueller.de\/fr\/wp-json\/wp\/v2\/comments?post=19464"}],"version-history":[{"count":1,"href":"https:\/\/beatrice-mueller.de\/fr\/wp-json\/wp\/v2\/pages\/19464\/revisions"}],"predecessor-version":[{"id":19468,"href":"https:\/\/beatrice-mueller.de\/fr\/wp-json\/wp\/v2\/pages\/19464\/revisions\/19468"}],"wp:featuredmedia":[{"embeddable":true,"href":"https:\/\/beatrice-mueller.de\/fr\/wp-json\/wp\/v2\/media\/19465"}],"wp:attachment":[{"href":"https:\/\/beatrice-mueller.de\/fr\/wp-json\/wp\/v2\/media?parent=19464"}],"curies":[{"name":"wp","href":"https:\/\/api.w.org\/{rel}","templated":true}]}}