{"id":19471,"date":"2025-02-11T10:39:34","date_gmt":"2025-02-11T09:39:34","guid":{"rendered":"https:\/\/beatrice-mueller.de\/anneaux\/"},"modified":"2025-03-20T03:55:32","modified_gmt":"2025-03-20T02:55:32","slug":"anneaux","status":"publish","type":"page","link":"https:\/\/beatrice-mueller.de\/fr\/anneaux\/","title":{"rendered":"anneaux"},"content":{"rendered":"\n<style type=\"text\/css\" data-created_by=\"avia_inline_auto\" id=\"style-css-av-kv85cvyc-3df4a694139ec2d41dd9c7087b14e8c6\">\n#top .av-special-heading.av-kv85cvyc-3df4a694139ec2d41dd9c7087b14e8c6{\npadding-bottom:10px;\n}\nbody .av-special-heading.av-kv85cvyc-3df4a694139ec2d41dd9c7087b14e8c6 .av-special-heading-tag .heading-char{\nfont-size:25px;\n}\n.av-special-heading.av-kv85cvyc-3df4a694139ec2d41dd9c7087b14e8c6 .av-subheading{\nfont-size:15px;\n}\n<\/style>\n<div  class='av-special-heading av-kv85cvyc-3df4a694139ec2d41dd9c7087b14e8c6 av-special-heading-h1 blockquote modern-quote modern-centered  avia-builder-el-0  el_before_av_textblock  avia-builder-el-first '><h1 class='av-special-heading-tag '  itemprop=\"headline\"  >anneaux<\/h1><div class=\"special-heading-border\"><div class=\"special-heading-inner-border\"><\/div><\/div><\/div>\n<section  class='av_textblock_section av-39exb6-4221a1c49f2f19310d0c7059a796506d '   itemscope=\"itemscope\" itemtype=\"https:\/\/schema.org\/CreativeWork\" ><div class='avia_textblock'  itemprop=\"text\" ><p style=\"text-align: center;\">Bagues de fian\u00e7ailles, alliances, bagues de couple, bagues avec pierres pr\u00e9cieuses, bagues avec diamants, bagues pour petites mains, bagues pour grandes mains, bagues pour doigts courts, grandes bagues, solitaire, bagues de collection, bagues individuelles, gravure au laser, bagues \u00e9l\u00e9gantes, bagues intemporelles, bijoux de main<\/p>\n<\/div><\/section>\n<div id='av-masonry-1' class='av-masonry av-kv85dsvc-1c78c4005041c7ea869d3e939adda021 noHover av-fixed-size av-large-gap av-hover-overlay-grayscale av-masonry-animation-active av-masonry-col-4 av-caption-on-hover av-caption-style- av-masonry-entries av-orientation-portrait ' data-post_id=\"19471\"><div class=\"av-masonry-container isotope av-js-disabled\"><div class='av-masonry-entry isotope-item av-masonry-item-no-image '><\/div><a href=\"https:\/\/beatrice-mueller.de\/fr\/kollektion\/anneaux-einig\/\"  id='av-masonry-1-item-34146' data-av-masonry-item='34146' class='av-masonry-entry isotope-item post-34146 portfolio type-portfolio status-publish has-post-thumbnail hentry portfolio_entries-anneaux  av-masonry-item-with-image' title=\"einig-ringe-titel1\"   itemscope=\"itemscope\" itemtype=\"https:\/\/schema.org\/CreativeWork\" ><div class='av-inner-masonry-sizer'><\/div><figure class='av-inner-masonry main_color'><div class=\"av-masonry-outerimage-container\"><div class='av-masonry-image-container' style=\"background-image: url(https:\/\/beatrice-mueller.de\/wp-content\/uploads\/2021\/09\/einig-ringe-titel1-1.jpg);\"  title=\"einig-ringe-titel1\" ><\/div><\/div><figcaption class='av-inner-masonry-content site-background'><div class='av-inner-masonry-content-pos'><div class='av-inner-masonry-content-pos-content'><div class='avia-arrow'><\/div><\/div><\/div><\/figcaption><\/figure><\/a><!--end av-masonry entry--><a href=\"https:\/\/beatrice-mueller.de\/fr\/kollektion\/numero-1\/\"  id='av-masonry-1-item-19598' data-av-masonry-item='19598' class='av-masonry-entry isotope-item post-19598 portfolio type-portfolio status-publish has-post-thumbnail hentry tag-180-degres portfolio_entries-anneaux  av-masonry-item-with-image' title=\"Resume (21 x 29.7 cm) &#8211; 4\"   itemscope=\"itemscope\" itemtype=\"https:\/\/schema.org\/CreativeWork\" ><div class='av-inner-masonry-sizer'><\/div><figure class='av-inner-masonry main_color'><div class=\"av-masonry-outerimage-container\"><div class='av-masonry-image-container' style=\"background-image: url(https:\/\/beatrice-mueller.de\/wp-content\/uploads\/4.1Meteorid-Number1-705x565.jpg);\"  title=\"Resume (21 x 29.7 cm) &#8211; 4\" ><\/div><\/div><figcaption class='av-inner-masonry-content site-background'><div class='av-inner-masonry-content-pos'><div class='av-inner-masonry-content-pos-content'><div class='avia-arrow'><\/div><\/div><\/div><\/figcaption><\/figure><\/a><!--end av-masonry entry--><a href=\"https:\/\/beatrice-mueller.de\/fr\/kollektion\/confortable\/\"  id='av-masonry-1-item-34166' data-av-masonry-item='34166' class='av-masonry-entry isotope-item post-34166 portfolio type-portfolio status-publish has-post-thumbnail hentry tag-bien portfolio_entries-anneaux  av-masonry-item-with-image' title=\"wohlig-title-1\"   itemscope=\"itemscope\" itemtype=\"https:\/\/schema.org\/CreativeWork\" ><div class='av-inner-masonry-sizer'><\/div><figure class='av-inner-masonry main_color'><div class=\"av-masonry-outerimage-container\"><div class='av-masonry-image-container' style=\"background-image: url(https:\/\/beatrice-mueller.de\/wp-content\/uploads\/2021\/09\/wohlig-title-1.jpg);\"  title=\"wohlig-title-1\" ><\/div><\/div><figcaption class='av-inner-masonry-content site-background'><div class='av-inner-masonry-content-pos'><div class='av-inner-masonry-content-pos-content'><div class='avia-arrow'><\/div><\/div><\/div><\/figcaption><\/figure><\/a><!--end av-masonry entry--><a href=\"https:\/\/beatrice-mueller.de\/fr\/kollektion\/deux-etre\/\"  id='av-masonry-1-item-34175' data-av-masonry-item='34175' class='av-masonry-entry isotope-item post-34175 portfolio type-portfolio status-publish has-post-thumbnail hentry portfolio_entries-anneaux  av-masonry-item-with-image' title=\"Two-Be-GG-Titelbild\"   itemscope=\"itemscope\" itemtype=\"https:\/\/schema.org\/CreativeWork\" ><div class='av-inner-masonry-sizer'><\/div><figure class='av-inner-masonry main_color'><div class=\"av-masonry-outerimage-container\"><div class='av-masonry-image-container' style=\"background-image: url(https:\/\/beatrice-mueller.de\/wp-content\/uploads\/2021\/09\/Two-Be-GG-Titelbild.jpg);\"  title=\"Two-Be-GG-Titelbild\" ><\/div><\/div><figcaption class='av-inner-masonry-content site-background'><div class='av-inner-masonry-content-pos'><div class='av-inner-masonry-content-pos-content'><div class='avia-arrow'><\/div><\/div><\/div><\/figcaption><\/figure><\/a><!--end av-masonry entry--><a href=\"https:\/\/beatrice-mueller.de\/fr\/kollektion\/bagues-avec-pierres-colorees\/\"  id='av-masonry-1-item-34180' data-av-masonry-item='34180' class='av-masonry-entry isotope-item post-34180 portfolio type-portfolio status-publish has-post-thumbnail hentry portfolio_entries-anneaux  av-masonry-item-with-image' title=\"titelbild_uebersichtsseite_ringe_mit_farbsteinern\"   itemscope=\"itemscope\" itemtype=\"https:\/\/schema.org\/CreativeWork\" ><div class='av-inner-masonry-sizer'><\/div><figure class='av-inner-masonry main_color'><div class=\"av-masonry-outerimage-container\"><div class='av-masonry-image-container' style=\"background-image: url(https:\/\/beatrice-mueller.de\/wp-content\/uploads\/2021\/09\/titelbild_uebersichtsseite_ringe_mit_farbsteinern.jpg);\"  title=\"titelbild_uebersichtsseite_ringe_mit_farbsteinern\" ><\/div><\/div><figcaption class='av-inner-masonry-content site-background'><div class='av-inner-masonry-content-pos'><div class='av-inner-masonry-content-pos-content'><div class='avia-arrow'><\/div><\/div><\/div><\/figcaption><\/figure><\/a><!--end av-masonry entry--><a href=\"https:\/\/beatrice-mueller.de\/fr\/kollektion\/auto-execution\/\"  id='av-masonry-1-item-34186' data-av-masonry-item='34186' class='av-masonry-entry isotope-item post-34186 portfolio type-portfolio status-publish has-post-thumbnail hentry portfolio_entries-anneaux  av-masonry-item-with-image' title=\"titelbild_uebersichtsseite_selbstlaeufer\"   itemscope=\"itemscope\" itemtype=\"https:\/\/schema.org\/CreativeWork\" ><div class='av-inner-masonry-sizer'><\/div><figure class='av-inner-masonry main_color'><div class=\"av-masonry-outerimage-container\"><div class='av-masonry-image-container' style=\"background-image: url(https:\/\/beatrice-mueller.de\/wp-content\/uploads\/2021\/09\/titelbild_uebersichtsseite_selbstlaeufer.jpg);\"  title=\"titelbild_uebersichtsseite_selbstlaeufer\" ><\/div><\/div><figcaption class='av-inner-masonry-content site-background'><div class='av-inner-masonry-content-pos'><div class='av-inner-masonry-content-pos-content'><div class='avia-arrow'><\/div><\/div><\/div><\/figcaption><\/figure><\/a><!--end av-masonry entry--><a href=\"https:\/\/beatrice-mueller.de\/fr\/kollektion\/bagues-avec-perles\/\"  id='av-masonry-1-item-34191' data-av-masonry-item='34191' class='av-masonry-entry isotope-item post-34191 portfolio type-portfolio status-publish has-post-thumbnail hentry portfolio_entries-anneaux  av-masonry-item-with-image' title=\"titelbild_uebersichtsseite_ringe_mit_perlen\"   itemscope=\"itemscope\" itemtype=\"https:\/\/schema.org\/CreativeWork\" ><div class='av-inner-masonry-sizer'><\/div><figure class='av-inner-masonry main_color'><div class=\"av-masonry-outerimage-container\"><div class='av-masonry-image-container' style=\"background-image: url(https:\/\/beatrice-mueller.de\/wp-content\/uploads\/2021\/09\/titelbild_uebersichtsseite_ringe_mit_perlen.jpg);\"  title=\"titelbild_uebersichtsseite_ringe_mit_perlen\" ><\/div><\/div><figcaption class='av-inner-masonry-content site-background'><div class='av-inner-masonry-content-pos'><div class='av-inner-masonry-content-pos-content'><div class='avia-arrow'><\/div><\/div><\/div><\/figcaption><\/figure><\/a><!--end av-masonry entry--><a href=\"https:\/\/beatrice-mueller.de\/fr\/kollektion\/paradis\/\"  id='av-masonry-1-item-34196' data-av-masonry-item='34196' class='av-masonry-entry isotope-item post-34196 portfolio type-portfolio status-publish has-post-thumbnail hentry tag-paradis portfolio_entries-anneaux  av-masonry-item-with-image' title=\"titelbild_uebersichtsseite_paradies\"   itemscope=\"itemscope\" itemtype=\"https:\/\/schema.org\/CreativeWork\" ><div class='av-inner-masonry-sizer'><\/div><figure class='av-inner-masonry main_color'><div class=\"av-masonry-outerimage-container\"><div class='av-masonry-image-container' style=\"background-image: url(https:\/\/beatrice-mueller.de\/wp-content\/uploads\/2021\/09\/titelbild_uebersichtsseite_paradies.jpg);\"  title=\"titelbild_uebersichtsseite_paradies\" ><\/div><\/div><figcaption class='av-inner-masonry-content site-background'><div class='av-inner-masonry-content-pos'><div class='av-inner-masonry-content-pos-content'><div class='avia-arrow'><\/div><\/div><\/div><\/figcaption><\/figure><\/a><!--end av-masonry entry--><a href=\"https:\/\/beatrice-mueller.de\/fr\/kollektion\/couronne\/\"  id='av-masonry-1-item-34201' data-av-masonry-item='34201' class='av-masonry-entry isotope-item post-34201 portfolio type-portfolio status-publish has-post-thumbnail hentry portfolio_entries-anneaux  av-masonry-item-with-image' title=\"titelbild_uebersichtsseite_kronen\"   itemscope=\"itemscope\" itemtype=\"https:\/\/schema.org\/CreativeWork\" ><div class='av-inner-masonry-sizer'><\/div><figure class='av-inner-masonry main_color'><div class=\"av-masonry-outerimage-container\"><div class='av-masonry-image-container' style=\"background-image: url(https:\/\/beatrice-mueller.de\/wp-content\/uploads\/2021\/09\/titelbild_uebersichtsseite_kronen.jpg);\"  title=\"titelbild_uebersichtsseite_kronen\" ><\/div><\/div><figcaption class='av-inner-masonry-content site-background'><div class='av-inner-masonry-content-pos'><div class='av-inner-masonry-content-pos-content'><div class='avia-arrow'><\/div><\/div><\/div><\/figcaption><\/figure><\/a><!--end av-masonry entry--><a href=\"https:\/\/beatrice-mueller.de\/fr\/kollektion\/ange\/\"  id='av-masonry-1-item-34204' data-av-masonry-item='34204' class='av-masonry-entry isotope-item post-34204 portfolio type-portfolio status-publish has-post-thumbnail hentry tag-ange portfolio_entries-anneaux  av-masonry-item-with-image' title=\"titelbild_uebersichtsseite_engel\"   itemscope=\"itemscope\" itemtype=\"https:\/\/schema.org\/CreativeWork\" ><div class='av-inner-masonry-sizer'><\/div><figure class='av-inner-masonry main_color'><div class=\"av-masonry-outerimage-container\"><div class='av-masonry-image-container' style=\"background-image: url(https:\/\/beatrice-mueller.de\/wp-content\/uploads\/2021\/09\/titelbild_uebersichtsseite_engel.jpg);\"  title=\"titelbild_uebersichtsseite_engel\" ><\/div><\/div><figcaption class='av-inner-masonry-content site-background'><div class='av-inner-masonry-content-pos'><div class='av-inner-masonry-content-pos-content'><div class='avia-arrow'><\/div><\/div><\/div><\/figcaption><\/figure><\/a><!--end av-masonry entry--><a href=\"https:\/\/beatrice-mueller.de\/fr\/kollektion\/coeurs\/\"  id='av-masonry-1-item-34210' data-av-masonry-item='34210' class='av-masonry-entry isotope-item post-34210 portfolio type-portfolio status-publish has-post-thumbnail hentry portfolio_entries-anneaux  av-masonry-item-with-image' title=\"titelbild_uebersichtsseite_herzen\"   itemscope=\"itemscope\" itemtype=\"https:\/\/schema.org\/CreativeWork\" ><div class='av-inner-masonry-sizer'><\/div><figure class='av-inner-masonry main_color'><div class=\"av-masonry-outerimage-container\"><div class='av-masonry-image-container' style=\"background-image: url(https:\/\/beatrice-mueller.de\/wp-content\/uploads\/2021\/09\/titelbild_uebersichtsseite_herzen.jpg);\"  title=\"titelbild_uebersichtsseite_herzen\" ><\/div><\/div><figcaption class='av-inner-masonry-content site-background'><div class='av-inner-masonry-content-pos'><div class='av-inner-masonry-content-pos-content'><div class='avia-arrow'><\/div><\/div><\/div><\/figcaption><\/figure><\/a><!--end av-masonry entry--><a href=\"https:\/\/beatrice-mueller.de\/fr\/kollektion\/180-degres\/\"  id='av-masonry-1-item-34220' data-av-masonry-item='34220' class='av-masonry-entry isotope-item post-34220 portfolio type-portfolio status-publish has-post-thumbnail hentry tag-180-degres portfolio_entries-anneaux  av-masonry-item-with-image' title=\"180grad-title1-1\"   itemscope=\"itemscope\" itemtype=\"https:\/\/schema.org\/CreativeWork\" ><div class='av-inner-masonry-sizer'><\/div><figure class='av-inner-masonry main_color'><div class=\"av-masonry-outerimage-container\"><div class='av-masonry-image-container' style=\"background-image: url(https:\/\/beatrice-mueller.de\/wp-content\/uploads\/2021\/09\/180grad-title1-1.jpg);\"  title=\"180grad-title1-1\" ><\/div><\/div><figcaption class='av-inner-masonry-content site-background'><div class='av-inner-masonry-content-pos'><div class='av-inner-masonry-content-pos-content'><div class='avia-arrow'><\/div><\/div><\/div><\/figcaption><\/figure><\/a><!--end av-masonry entry--><a href=\"https:\/\/beatrice-mueller.de\/fr\/kollektion\/golf-2\/\"  id='av-masonry-1-item-34226' data-av-masonry-item='34226' class='av-masonry-entry isotope-item post-34226 portfolio type-portfolio status-publish has-post-thumbnail hentry tag-golf-fr portfolio_entries-anneaux  av-masonry-item-with-image' title=\"titelbild_uebersichtsseite_golf-1\"   itemscope=\"itemscope\" itemtype=\"https:\/\/schema.org\/CreativeWork\" ><div class='av-inner-masonry-sizer'><\/div><figure class='av-inner-masonry main_color'><div class=\"av-masonry-outerimage-container\"><div class='av-masonry-image-container' style=\"background-image: url(https:\/\/beatrice-mueller.de\/wp-content\/uploads\/2021\/09\/titelbild_uebersichtsseite_golf-1.jpg);\"  title=\"titelbild_uebersichtsseite_golf-1\" ><\/div><\/div><figcaption class='av-inner-masonry-content site-background'><div class='av-inner-masonry-content-pos'><div class='av-inner-masonry-content-pos-content'><div class='avia-arrow'><\/div><\/div><\/div><\/figcaption><\/figure><\/a><!--end av-masonry entry--><a href=\"https:\/\/beatrice-mueller.de\/fr\/kollektion\/qui-peut-il-peut-anneaux\/\"  id='av-masonry-1-item-34301' data-av-masonry-item='34301' class='av-masonry-entry isotope-item post-34301 portfolio type-portfolio status-publish has-post-thumbnail hentry tag-celui-qui-peut-peut portfolio_entries-anneaux  av-masonry-item-with-image' title=\"titelbild_uebersichtsseite_WKDK-1\"   itemscope=\"itemscope\" itemtype=\"https:\/\/schema.org\/CreativeWork\" ><div class='av-inner-masonry-sizer'><\/div><figure class='av-inner-masonry main_color'><div class=\"av-masonry-outerimage-container\"><div class='av-masonry-image-container' style=\"background-image: url(https:\/\/beatrice-mueller.de\/wp-content\/uploads\/2021\/09\/titelbild_uebersichtsseite_WKDK-1.jpg);\"  title=\"titelbild_uebersichtsseite_WKDK-1\" ><\/div><\/div><figcaption class='av-inner-masonry-content site-background'><div class='av-inner-masonry-content-pos'><div class='av-inner-masonry-content-pos-content'><div class='avia-arrow'><\/div><\/div><\/div><\/figcaption><\/figure><\/a><!--end av-masonry entry--><a href=\"https:\/\/beatrice-mueller.de\/fr\/kollektion\/gobelets\/\"  id='av-masonry-1-item-34318' data-av-masonry-item='34318' class='av-masonry-entry isotope-item post-34318 portfolio type-portfolio status-publish has-post-thumbnail hentry tag-calices portfolio_entries-anneaux  av-masonry-item-with-image' title=\"titelbild_uebersichtsseite_kelche\"   itemscope=\"itemscope\" itemtype=\"https:\/\/schema.org\/CreativeWork\" ><div class='av-inner-masonry-sizer'><\/div><figure class='av-inner-masonry main_color'><div class=\"av-masonry-outerimage-container\"><div class='av-masonry-image-container' style=\"background-image: url(https:\/\/beatrice-mueller.de\/wp-content\/uploads\/2021\/09\/titelbild_uebersichtsseite_kelche.jpg);\"  title=\"titelbild_uebersichtsseite_kelche\" ><\/div><\/div><figcaption class='av-inner-masonry-content site-background'><div class='av-inner-masonry-content-pos'><div class='av-inner-masonry-content-pos-content'><div class='avia-arrow'><\/div><\/div><\/div><\/figcaption><\/figure><\/a><!--end av-masonry entry--><\/div><\/div>\n","protected":false},"excerpt":{"rendered":"","protected":false},"author":1,"featured_media":19472,"parent":0,"menu_order":0,"comment_status":"open","ping_status":"open","template":"","meta":{"_glsr_average":0,"_glsr_ranking":0,"_glsr_reviews":0,"footnotes":""},"class_list":["post-19471","page","type-page","status-publish","has-post-thumbnail","hentry"],"yoast_head":"<!-- This site is optimized with the Yoast SEO plugin v25.6 - https:\/\/yoast.com\/wordpress\/plugins\/seo\/ -->\n<title>anneaux - Beatrice M\u00fcller<\/title>\n<meta name=\"description\" content=\"Bagues partenaires, bagues avec pierres pr\u00e9cieuses, bagues avec diamants, bagues pour petites mains, vous trouverez ici des bagues dans une grande vari\u00e9t\u00e9 de variantes.\" \/>\n<meta name=\"robots\" content=\"index, follow, max-snippet:-1, max-image-preview:large, max-video-preview:-1\" \/>\n<link rel=\"canonical\" href=\"https:\/\/beatrice-mueller.de\/fr\/anneaux\/\" \/>\n<meta property=\"og:locale\" content=\"fr_FR\" \/>\n<meta property=\"og:type\" content=\"article\" \/>\n<meta property=\"og:title\" content=\"anneaux - Beatrice M\u00fcller\" \/>\n<meta property=\"og:description\" content=\"Bagues partenaires, bagues avec pierres pr\u00e9cieuses, bagues avec diamants, bagues pour petites mains, vous trouverez ici des bagues dans une grande vari\u00e9t\u00e9 de variantes.\" \/>\n<meta property=\"og:url\" content=\"https:\/\/beatrice-mueller.de\/fr\/anneaux\/\" \/>\n<meta property=\"og:site_name\" content=\"Beatrice M\u00fcller\" \/>\n<meta property=\"article:modified_time\" content=\"2025-03-20T02:55:32+00:00\" \/>\n<meta property=\"og:image\" content=\"https:\/\/beatrice-mueller.de\/wp-content\/uploads\/2021\/09\/titelbild_uebersichtsseite_ringe_mit_farbsteinern.jpg\" \/>\n\t<meta property=\"og:image:width\" content=\"280\" \/>\n\t<meta property=\"og:image:height\" content=\"380\" \/>\n\t<meta property=\"og:image:type\" content=\"image\/jpeg\" \/>\n<meta name=\"twitter:card\" content=\"summary_large_image\" \/>\n<meta name=\"twitter:label1\" content=\"Dur\u00e9e de lecture estim\u00e9e\" \/>\n\t<meta name=\"twitter:data1\" content=\"2 minutes\" \/>\n<script type=\"application\/ld+json\" class=\"yoast-schema-graph\">{\"@context\":\"https:\/\/schema.org\",\"@graph\":[{\"@type\":\"WebPage\",\"@id\":\"https:\/\/beatrice-mueller.de\/fr\/anneaux\/\",\"url\":\"https:\/\/beatrice-mueller.de\/fr\/anneaux\/\",\"name\":\"anneaux - Beatrice M\u00fcller\",\"isPartOf\":{\"@id\":\"https:\/\/beatrice-mueller.de\/fr\/#website\"},\"primaryImageOfPage\":{\"@id\":\"https:\/\/beatrice-mueller.de\/fr\/anneaux\/#primaryimage\"},\"image\":{\"@id\":\"https:\/\/beatrice-mueller.de\/fr\/anneaux\/#primaryimage\"},\"thumbnailUrl\":\"https:\/\/beatrice-mueller.de\/wp-content\/uploads\/2021\/09\/titelbild_uebersichtsseite_ringe_mit_farbsteinern.jpg\",\"datePublished\":\"2025-02-11T09:39:34+00:00\",\"dateModified\":\"2025-03-20T02:55:32+00:00\",\"description\":\"Bagues partenaires, bagues avec pierres pr\u00e9cieuses, bagues avec diamants, bagues pour petites mains, vous trouverez ici des bagues dans une grande vari\u00e9t\u00e9 de variantes.\",\"breadcrumb\":{\"@id\":\"https:\/\/beatrice-mueller.de\/fr\/anneaux\/#breadcrumb\"},\"inLanguage\":\"fr-FR\",\"potentialAction\":[{\"@type\":\"ReadAction\",\"target\":[\"https:\/\/beatrice-mueller.de\/fr\/anneaux\/\"]}]},{\"@type\":\"ImageObject\",\"inLanguage\":\"fr-FR\",\"@id\":\"https:\/\/beatrice-mueller.de\/fr\/anneaux\/#primaryimage\",\"url\":\"https:\/\/beatrice-mueller.de\/wp-content\/uploads\/2021\/09\/titelbild_uebersichtsseite_ringe_mit_farbsteinern.jpg\",\"contentUrl\":\"https:\/\/beatrice-mueller.de\/wp-content\/uploads\/2021\/09\/titelbild_uebersichtsseite_ringe_mit_farbsteinern.jpg\",\"width\":280,\"height\":380},{\"@type\":\"BreadcrumbList\",\"@id\":\"https:\/\/beatrice-mueller.de\/fr\/anneaux\/#breadcrumb\",\"itemListElement\":[{\"@type\":\"ListItem\",\"position\":1,\"name\":\"Startseite\",\"item\":\"https:\/\/beatrice-mueller.de\/fr\/\"},{\"@type\":\"ListItem\",\"position\":2,\"name\":\"anneaux\"}]},{\"@type\":\"WebSite\",\"@id\":\"https:\/\/beatrice-mueller.de\/fr\/#website\",\"url\":\"https:\/\/beatrice-mueller.de\/fr\/\",\"name\":\"Beatrice M\u00fcller\",\"description\":\"Schmuckdesign\",\"potentialAction\":[{\"@type\":\"SearchAction\",\"target\":{\"@type\":\"EntryPoint\",\"urlTemplate\":\"https:\/\/beatrice-mueller.de\/fr\/?s={search_term_string}\"},\"query-input\":{\"@type\":\"PropertyValueSpecification\",\"valueRequired\":true,\"valueName\":\"search_term_string\"}}],\"inLanguage\":\"fr-FR\"}]}<\/script>\n<!-- \/ Yoast SEO plugin. -->","yoast_head_json":{"title":"anneaux - Beatrice M\u00fcller","description":"Bagues partenaires, bagues avec pierres pr\u00e9cieuses, bagues avec diamants, bagues pour petites mains, vous trouverez ici des bagues dans une grande vari\u00e9t\u00e9 de variantes.","robots":{"index":"index","follow":"follow","max-snippet":"max-snippet:-1","max-image-preview":"max-image-preview:large","max-video-preview":"max-video-preview:-1"},"canonical":"https:\/\/beatrice-mueller.de\/fr\/anneaux\/","og_locale":"fr_FR","og_type":"article","og_title":"anneaux - Beatrice M\u00fcller","og_description":"Bagues partenaires, bagues avec pierres pr\u00e9cieuses, bagues avec diamants, bagues pour petites mains, vous trouverez ici des bagues dans une grande vari\u00e9t\u00e9 de variantes.","og_url":"https:\/\/beatrice-mueller.de\/fr\/anneaux\/","og_site_name":"Beatrice M\u00fcller","article_modified_time":"2025-03-20T02:55:32+00:00","og_image":[{"width":280,"height":380,"url":"https:\/\/beatrice-mueller.de\/wp-content\/uploads\/2021\/09\/titelbild_uebersichtsseite_ringe_mit_farbsteinern.jpg","type":"image\/jpeg"}],"twitter_card":"summary_large_image","twitter_misc":{"Dur\u00e9e de lecture estim\u00e9e":"2 minutes"},"schema":{"@context":"https:\/\/schema.org","@graph":[{"@type":"WebPage","@id":"https:\/\/beatrice-mueller.de\/fr\/anneaux\/","url":"https:\/\/beatrice-mueller.de\/fr\/anneaux\/","name":"anneaux - Beatrice M\u00fcller","isPartOf":{"@id":"https:\/\/beatrice-mueller.de\/fr\/#website"},"primaryImageOfPage":{"@id":"https:\/\/beatrice-mueller.de\/fr\/anneaux\/#primaryimage"},"image":{"@id":"https:\/\/beatrice-mueller.de\/fr\/anneaux\/#primaryimage"},"thumbnailUrl":"https:\/\/beatrice-mueller.de\/wp-content\/uploads\/2021\/09\/titelbild_uebersichtsseite_ringe_mit_farbsteinern.jpg","datePublished":"2025-02-11T09:39:34+00:00","dateModified":"2025-03-20T02:55:32+00:00","description":"Bagues partenaires, bagues avec pierres pr\u00e9cieuses, bagues avec diamants, bagues pour petites mains, vous trouverez ici des bagues dans une grande vari\u00e9t\u00e9 de variantes.","breadcrumb":{"@id":"https:\/\/beatrice-mueller.de\/fr\/anneaux\/#breadcrumb"},"inLanguage":"fr-FR","potentialAction":[{"@type":"ReadAction","target":["https:\/\/beatrice-mueller.de\/fr\/anneaux\/"]}]},{"@type":"ImageObject","inLanguage":"fr-FR","@id":"https:\/\/beatrice-mueller.de\/fr\/anneaux\/#primaryimage","url":"https:\/\/beatrice-mueller.de\/wp-content\/uploads\/2021\/09\/titelbild_uebersichtsseite_ringe_mit_farbsteinern.jpg","contentUrl":"https:\/\/beatrice-mueller.de\/wp-content\/uploads\/2021\/09\/titelbild_uebersichtsseite_ringe_mit_farbsteinern.jpg","width":280,"height":380},{"@type":"BreadcrumbList","@id":"https:\/\/beatrice-mueller.de\/fr\/anneaux\/#breadcrumb","itemListElement":[{"@type":"ListItem","position":1,"name":"Startseite","item":"https:\/\/beatrice-mueller.de\/fr\/"},{"@type":"ListItem","position":2,"name":"anneaux"}]},{"@type":"WebSite","@id":"https:\/\/beatrice-mueller.de\/fr\/#website","url":"https:\/\/beatrice-mueller.de\/fr\/","name":"Beatrice M\u00fcller","description":"Schmuckdesign","potentialAction":[{"@type":"SearchAction","target":{"@type":"EntryPoint","urlTemplate":"https:\/\/beatrice-mueller.de\/fr\/?s={search_term_string}"},"query-input":{"@type":"PropertyValueSpecification","valueRequired":true,"valueName":"search_term_string"}}],"inLanguage":"fr-FR"}]}},"_links":{"self":[{"href":"https:\/\/beatrice-mueller.de\/fr\/wp-json\/wp\/v2\/pages\/19471","targetHints":{"allow":["GET"]}}],"collection":[{"href":"https:\/\/beatrice-mueller.de\/fr\/wp-json\/wp\/v2\/pages"}],"about":[{"href":"https:\/\/beatrice-mueller.de\/fr\/wp-json\/wp\/v2\/types\/page"}],"author":[{"embeddable":true,"href":"https:\/\/beatrice-mueller.de\/fr\/wp-json\/wp\/v2\/users\/1"}],"replies":[{"embeddable":true,"href":"https:\/\/beatrice-mueller.de\/fr\/wp-json\/wp\/v2\/comments?post=19471"}],"version-history":[{"count":2,"href":"https:\/\/beatrice-mueller.de\/fr\/wp-json\/wp\/v2\/pages\/19471\/revisions"}],"predecessor-version":[{"id":27576,"href":"https:\/\/beatrice-mueller.de\/fr\/wp-json\/wp\/v2\/pages\/19471\/revisions\/27576"}],"wp:featuredmedia":[{"embeddable":true,"href":"https:\/\/beatrice-mueller.de\/fr\/wp-json\/wp\/v2\/media\/19472"}],"wp:attachment":[{"href":"https:\/\/beatrice-mueller.de\/fr\/wp-json\/wp\/v2\/media?parent=19471"}],"curies":[{"name":"wp","href":"https:\/\/api.w.org\/{rel}","templated":true}]}}