{"id":19473,"date":"2025-02-11T10:39:35","date_gmt":"2025-02-11T09:39:35","guid":{"rendered":"https:\/\/beatrice-mueller.de\/180-degres\/"},"modified":"2025-02-16T12:47:32","modified_gmt":"2025-02-16T11:47:32","slug":"180-degres","status":"publish","type":"page","link":"https:\/\/beatrice-mueller.de\/fr\/180-degres\/","title":{"rendered":"180 degr\u00e9s\u00ae"},"content":{"rendered":"<div id='av-layout-grid-1'  class='av-layout-grid-container av-95llgz-7d4dc799ebdb8b4c6b0b519bbebdac08 entry-content-wrapper main_color av-flex-cells  avia-builder-el-0  el_before_av_masonry_gallery  avia-builder-el-first   container_wrap sidebar_right'  >\n<div class='flex_cell av-7onqcz-0e76f3eaf53c9db3262a705f8b63acec av-gridrow-cell av_one_half no_margin  avia-builder-el-1  el_before_av_cell_one_half  avia-builder-el-first '  ><div class='flex_cell_inner'>\n<style type=\"text\/css\" data-created_by=\"avia_inline_auto\" id=\"style-css-av-6jc19f-f390257837b4739f64a73a92992aa49a\">\n#top .avia-gallery.av-6jc19f-f390257837b4739f64a73a92992aa49a .avia-gallery-thumb a{\nwidth:33.3333%;\n}\n<\/style>\n<div  class='avia-gallery av-6jc19f-f390257837b4739f64a73a92992aa49a avia_animate_when_visible  avia-builder-el-2  avia-builder-el-no-sibling  avia_lazyload av-slideshow-ui av-loop-manual-endless av-control-hidden av-navigate-arrows av-navigate-dots hover-effect av-control-hidden avia-gallery-animate avia-gallery-1'  itemprop=\"image\" itemscope=\"itemscope\" itemtype=\"https:\/\/schema.org\/ImageObject\" ><meta itemprop=\"contentURL\" content=\"https:\/\/beatrice-mueller.de\/fr\/180-degres\/\"><a class='avia-gallery-big fakeLightbox lightbox avia-gallery-big-crop-thumb ' href=\"https:\/\/beatrice-mueller.de\/wp-content\/uploads\/2021\/09\/Ringe_180_GRAD_II_GOLF-1030x1030.jpg\" data-srcset=\"https:\/\/beatrice-mueller.de\/wp-content\/uploads\/2021\/09\/Ringe_180_GRAD_II_GOLF-1030x1030.jpg 1030w, https:\/\/beatrice-mueller.de\/wp-content\/uploads\/2021\/09\/Ringe_180_GRAD_II_GOLF-300x300.jpg 300w, https:\/\/beatrice-mueller.de\/wp-content\/uploads\/2021\/09\/Ringe_180_GRAD_II_GOLF-100x100.jpg 100w, https:\/\/beatrice-mueller.de\/wp-content\/uploads\/2021\/09\/Ringe_180_GRAD_II_GOLF-600x600.jpg 600w, https:\/\/beatrice-mueller.de\/wp-content\/uploads\/2021\/09\/Ringe_180_GRAD_II_GOLF-80x80.jpg 80w, https:\/\/beatrice-mueller.de\/wp-content\/uploads\/2021\/09\/Ringe_180_GRAD_II_GOLF-768x768.jpg 768w, https:\/\/beatrice-mueller.de\/wp-content\/uploads\/2021\/09\/Ringe_180_GRAD_II_GOLF-36x36.jpg 36w, https:\/\/beatrice-mueller.de\/wp-content\/uploads\/2021\/09\/Ringe_180_GRAD_II_GOLF-180x180.jpg 180w, https:\/\/beatrice-mueller.de\/wp-content\/uploads\/2021\/09\/Ringe_180_GRAD_II_GOLF-705x705.jpg 705w, https:\/\/beatrice-mueller.de\/wp-content\/uploads\/2021\/09\/Ringe_180_GRAD_II_GOLF.jpg 1134w\" data-sizes=\"(max-width: 1030px) 100vw, 1030px\"  data-onclick='1' title='Ringe_180_GRAD_II_GOLF' ><span class='avia-gallery-big-inner'  itemprop=\"thumbnailUrl\" ><img decoding=\"async\" fetchpriority=\"high\" class=\"wp-image-36785 avia-img-lazy-loading-not-36785\"  width=\"1134\" height=\"1134\" src=\"https:\/\/beatrice-mueller.de\/wp-content\/uploads\/2021\/09\/Ringe_180_GRAD_II_GOLF.jpg\" title='Ringe_180_GRAD_II_GOLF' alt='' srcset=\"https:\/\/beatrice-mueller.de\/wp-content\/uploads\/2021\/09\/Ringe_180_GRAD_II_GOLF.jpg 1134w, https:\/\/beatrice-mueller.de\/wp-content\/uploads\/2021\/09\/Ringe_180_GRAD_II_GOLF-300x300.jpg 300w, https:\/\/beatrice-mueller.de\/wp-content\/uploads\/2021\/09\/Ringe_180_GRAD_II_GOLF-100x100.jpg 100w, https:\/\/beatrice-mueller.de\/wp-content\/uploads\/2021\/09\/Ringe_180_GRAD_II_GOLF-600x600.jpg 600w, https:\/\/beatrice-mueller.de\/wp-content\/uploads\/2021\/09\/Ringe_180_GRAD_II_GOLF-1030x1030.jpg 1030w, https:\/\/beatrice-mueller.de\/wp-content\/uploads\/2021\/09\/Ringe_180_GRAD_II_GOLF-80x80.jpg 80w, https:\/\/beatrice-mueller.de\/wp-content\/uploads\/2021\/09\/Ringe_180_GRAD_II_GOLF-768x768.jpg 768w, https:\/\/beatrice-mueller.de\/wp-content\/uploads\/2021\/09\/Ringe_180_GRAD_II_GOLF-36x36.jpg 36w, https:\/\/beatrice-mueller.de\/wp-content\/uploads\/2021\/09\/Ringe_180_GRAD_II_GOLF-180x180.jpg 180w, https:\/\/beatrice-mueller.de\/wp-content\/uploads\/2021\/09\/Ringe_180_GRAD_II_GOLF-705x705.jpg 705w\" sizes=\"(max-width: 1134px) 100vw, 1134px\" \/><\/span><\/a><div class='avia-gallery-thumb'><a href=\"https:\/\/beatrice-mueller.de\/wp-content\/uploads\/2021\/09\/Ringe_180_GRAD_II_GOLF-1030x1030.jpg\" data-srcset=\"https:\/\/beatrice-mueller.de\/wp-content\/uploads\/2021\/09\/Ringe_180_GRAD_II_GOLF-1030x1030.jpg 1030w, https:\/\/beatrice-mueller.de\/wp-content\/uploads\/2021\/09\/Ringe_180_GRAD_II_GOLF-300x300.jpg 300w, https:\/\/beatrice-mueller.de\/wp-content\/uploads\/2021\/09\/Ringe_180_GRAD_II_GOLF-100x100.jpg 100w, https:\/\/beatrice-mueller.de\/wp-content\/uploads\/2021\/09\/Ringe_180_GRAD_II_GOLF-600x600.jpg 600w, https:\/\/beatrice-mueller.de\/wp-content\/uploads\/2021\/09\/Ringe_180_GRAD_II_GOLF-80x80.jpg 80w, https:\/\/beatrice-mueller.de\/wp-content\/uploads\/2021\/09\/Ringe_180_GRAD_II_GOLF-768x768.jpg 768w, https:\/\/beatrice-mueller.de\/wp-content\/uploads\/2021\/09\/Ringe_180_GRAD_II_GOLF-36x36.jpg 36w, https:\/\/beatrice-mueller.de\/wp-content\/uploads\/2021\/09\/Ringe_180_GRAD_II_GOLF-180x180.jpg 180w, https:\/\/beatrice-mueller.de\/wp-content\/uploads\/2021\/09\/Ringe_180_GRAD_II_GOLF-705x705.jpg 705w, https:\/\/beatrice-mueller.de\/wp-content\/uploads\/2021\/09\/Ringe_180_GRAD_II_GOLF.jpg 1134w\" data-sizes=\"(max-width: 1030px) 100vw, 1030px\" data-rel='gallery-1' data-prev-img='https:\/\/beatrice-mueller.de\/wp-content\/uploads\/2021\/09\/Ringe_180_GRAD_II_GOLF.jpg' class='first_thumb lightbox ' data-onclick='1' title='Ringe_180_GRAD_II_GOLF'  itemprop=\"thumbnailUrl\"  ><img decoding=\"async\" fetchpriority=\"high\" class=\"wp-image-36785 avia-img-lazy-loading-not-36785\"   src=\"https:\/\/beatrice-mueller.de\/wp-content\/uploads\/2021\/09\/Ringe_180_GRAD_II_GOLF-495x400.jpg\" width=\"495\" height=\"400\"  title='Ringe_180_GRAD_II_GOLF' alt='' srcset=\"https:\/\/beatrice-mueller.de\/wp-content\/uploads\/2021\/09\/Ringe_180_GRAD_II_GOLF-495x400.jpg 495w, https:\/\/beatrice-mueller.de\/wp-content\/uploads\/2021\/09\/Ringe_180_GRAD_II_GOLF-845x684.jpg 845w\" sizes=\"(max-width: 495px) 100vw, 495px\" \/><div class='big-prev-fake'><img decoding=\"async\" loading=\"lazy\" class=\"wp-image-36785 avia-img-lazy-loading-36785\"  width=\"1134\" height=\"1134\" src=\"https:\/\/beatrice-mueller.de\/wp-content\/uploads\/2021\/09\/Ringe_180_GRAD_II_GOLF.jpg\" title='Ringe_180_GRAD_II_GOLF' alt='' srcset=\"https:\/\/beatrice-mueller.de\/wp-content\/uploads\/2021\/09\/Ringe_180_GRAD_II_GOLF.jpg 1134w, https:\/\/beatrice-mueller.de\/wp-content\/uploads\/2021\/09\/Ringe_180_GRAD_II_GOLF-300x300.jpg 300w, https:\/\/beatrice-mueller.de\/wp-content\/uploads\/2021\/09\/Ringe_180_GRAD_II_GOLF-100x100.jpg 100w, https:\/\/beatrice-mueller.de\/wp-content\/uploads\/2021\/09\/Ringe_180_GRAD_II_GOLF-600x600.jpg 600w, https:\/\/beatrice-mueller.de\/wp-content\/uploads\/2021\/09\/Ringe_180_GRAD_II_GOLF-1030x1030.jpg 1030w, https:\/\/beatrice-mueller.de\/wp-content\/uploads\/2021\/09\/Ringe_180_GRAD_II_GOLF-80x80.jpg 80w, https:\/\/beatrice-mueller.de\/wp-content\/uploads\/2021\/09\/Ringe_180_GRAD_II_GOLF-768x768.jpg 768w, https:\/\/beatrice-mueller.de\/wp-content\/uploads\/2021\/09\/Ringe_180_GRAD_II_GOLF-36x36.jpg 36w, https:\/\/beatrice-mueller.de\/wp-content\/uploads\/2021\/09\/Ringe_180_GRAD_II_GOLF-180x180.jpg 180w, https:\/\/beatrice-mueller.de\/wp-content\/uploads\/2021\/09\/Ringe_180_GRAD_II_GOLF-705x705.jpg 705w\" sizes=\"auto, (max-width: 1134px) 100vw, 1134px\" \/><\/div><\/a><a href=\"https:\/\/beatrice-mueller.de\/wp-content\/uploads\/2021\/09\/titelbild_oben_180_Grad.jpg\" data-srcset=\"https:\/\/beatrice-mueller.de\/wp-content\/uploads\/2021\/09\/titelbild_oben_180_Grad.jpg 454w, https:\/\/beatrice-mueller.de\/wp-content\/uploads\/2021\/09\/titelbild_oben_180_Grad-300x180.jpg 300w\" data-sizes=\"(max-width: 454px) 100vw, 454px\" data-rel='gallery-1' data-prev-img='https:\/\/beatrice-mueller.de\/wp-content\/uploads\/2021\/09\/titelbild_oben_180_Grad.jpg' class='lightbox ' data-onclick='2' title='titelbild_oben_180_Grad'  itemprop=\"thumbnailUrl\"  ><img decoding=\"async\" fetchpriority=\"high\" class=\"wp-image-36777 avia-img-lazy-loading-not-36777\"   src=\"https:\/\/beatrice-mueller.de\/wp-content\/uploads\/2021\/09\/titelbild_oben_180_Grad.jpg\" width=\"454\" height=\"273\"  title='titelbild_oben_180_Grad' alt='' srcset=\"https:\/\/beatrice-mueller.de\/wp-content\/uploads\/2021\/09\/titelbild_oben_180_Grad.jpg 454w, https:\/\/beatrice-mueller.de\/wp-content\/uploads\/2021\/09\/titelbild_oben_180_Grad-300x180.jpg 300w\" sizes=\"(max-width: 454px) 100vw, 454px\" \/><div class='big-prev-fake'><img decoding=\"async\" loading=\"lazy\" class=\"wp-image-36777 avia-img-lazy-loading-36777\"  width=\"454\" height=\"273\" src=\"https:\/\/beatrice-mueller.de\/wp-content\/uploads\/2021\/09\/titelbild_oben_180_Grad.jpg\" title='titelbild_oben_180_Grad' alt='' srcset=\"https:\/\/beatrice-mueller.de\/wp-content\/uploads\/2021\/09\/titelbild_oben_180_Grad.jpg 454w, https:\/\/beatrice-mueller.de\/wp-content\/uploads\/2021\/09\/titelbild_oben_180_Grad-300x180.jpg 300w\" sizes=\"auto, (max-width: 454px) 100vw, 454px\" \/><\/div><\/a><a href=\"https:\/\/beatrice-mueller.de\/wp-content\/uploads\/2021\/10\/Manschettenknoepfe_180_GRAD_RG_GG-8-1030x1030.jpg\" data-srcset=\"https:\/\/beatrice-mueller.de\/wp-content\/uploads\/2021\/10\/Manschettenknoepfe_180_GRAD_RG_GG-8-1030x1030.jpg 1030w, https:\/\/beatrice-mueller.de\/wp-content\/uploads\/2021\/10\/Manschettenknoepfe_180_GRAD_RG_GG-8-300x300.jpg 300w, https:\/\/beatrice-mueller.de\/wp-content\/uploads\/2021\/10\/Manschettenknoepfe_180_GRAD_RG_GG-8-100x100.jpg 100w, https:\/\/beatrice-mueller.de\/wp-content\/uploads\/2021\/10\/Manschettenknoepfe_180_GRAD_RG_GG-8-600x600.jpg 600w, https:\/\/beatrice-mueller.de\/wp-content\/uploads\/2021\/10\/Manschettenknoepfe_180_GRAD_RG_GG-8-80x80.jpg 80w, https:\/\/beatrice-mueller.de\/wp-content\/uploads\/2021\/10\/Manschettenknoepfe_180_GRAD_RG_GG-8-768x768.jpg 768w, https:\/\/beatrice-mueller.de\/wp-content\/uploads\/2021\/10\/Manschettenknoepfe_180_GRAD_RG_GG-8-36x36.jpg 36w, https:\/\/beatrice-mueller.de\/wp-content\/uploads\/2021\/10\/Manschettenknoepfe_180_GRAD_RG_GG-8-180x180.jpg 180w, https:\/\/beatrice-mueller.de\/wp-content\/uploads\/2021\/10\/Manschettenknoepfe_180_GRAD_RG_GG-8-705x705.jpg 705w, https:\/\/beatrice-mueller.de\/wp-content\/uploads\/2021\/10\/Manschettenknoepfe_180_GRAD_RG_GG-8.jpg 1134w\" data-sizes=\"(max-width: 1030px) 100vw, 1030px\" data-rel='gallery-1' data-prev-img='https:\/\/beatrice-mueller.de\/wp-content\/uploads\/2021\/10\/Manschettenknoepfe_180_GRAD_RG_GG-8.jpg' class='lightbox ' data-onclick='3' title='Manschettenknoepfe_180_GRAD_RG_GG'  itemprop=\"thumbnailUrl\"  ><img decoding=\"async\" fetchpriority=\"high\" class=\"wp-image-37923 avia-img-lazy-loading-not-37923\"   src=\"https:\/\/beatrice-mueller.de\/wp-content\/uploads\/2021\/10\/Manschettenknoepfe_180_GRAD_RG_GG-8-495x400.jpg\" width=\"495\" height=\"400\"  title='Manschettenknoepfe_180_GRAD_RG_GG' alt='' srcset=\"https:\/\/beatrice-mueller.de\/wp-content\/uploads\/2021\/10\/Manschettenknoepfe_180_GRAD_RG_GG-8-495x400.jpg 495w, https:\/\/beatrice-mueller.de\/wp-content\/uploads\/2021\/10\/Manschettenknoepfe_180_GRAD_RG_GG-8-845x684.jpg 845w\" sizes=\"(max-width: 495px) 100vw, 495px\" \/><div class='big-prev-fake'><img decoding=\"async\" loading=\"lazy\" class=\"wp-image-37923 avia-img-lazy-loading-37923\"  width=\"1134\" height=\"1134\" src=\"https:\/\/beatrice-mueller.de\/wp-content\/uploads\/2021\/10\/Manschettenknoepfe_180_GRAD_RG_GG-8.jpg\" title='Manschettenknoepfe_180_GRAD_RG_GG' alt='' srcset=\"https:\/\/beatrice-mueller.de\/wp-content\/uploads\/2021\/10\/Manschettenknoepfe_180_GRAD_RG_GG-8.jpg 1134w, https:\/\/beatrice-mueller.de\/wp-content\/uploads\/2021\/10\/Manschettenknoepfe_180_GRAD_RG_GG-8-300x300.jpg 300w, https:\/\/beatrice-mueller.de\/wp-content\/uploads\/2021\/10\/Manschettenknoepfe_180_GRAD_RG_GG-8-100x100.jpg 100w, https:\/\/beatrice-mueller.de\/wp-content\/uploads\/2021\/10\/Manschettenknoepfe_180_GRAD_RG_GG-8-600x600.jpg 600w, https:\/\/beatrice-mueller.de\/wp-content\/uploads\/2021\/10\/Manschettenknoepfe_180_GRAD_RG_GG-8-1030x1030.jpg 1030w, https:\/\/beatrice-mueller.de\/wp-content\/uploads\/2021\/10\/Manschettenknoepfe_180_GRAD_RG_GG-8-80x80.jpg 80w, https:\/\/beatrice-mueller.de\/wp-content\/uploads\/2021\/10\/Manschettenknoepfe_180_GRAD_RG_GG-8-768x768.jpg 768w, https:\/\/beatrice-mueller.de\/wp-content\/uploads\/2021\/10\/Manschettenknoepfe_180_GRAD_RG_GG-8-36x36.jpg 36w, https:\/\/beatrice-mueller.de\/wp-content\/uploads\/2021\/10\/Manschettenknoepfe_180_GRAD_RG_GG-8-180x180.jpg 180w, https:\/\/beatrice-mueller.de\/wp-content\/uploads\/2021\/10\/Manschettenknoepfe_180_GRAD_RG_GG-8-705x705.jpg 705w\" sizes=\"auto, (max-width: 1134px) 100vw, 1134px\" \/><\/div><\/a><\/div><\/div>\n<\/div><\/div><div class='flex_cell av-3yy7bn-91387abb851117b4979bba4406295fdf av-gridrow-cell av_one_half no_margin  avia-builder-el-3  el_after_av_cell_one_half  avia-builder-el-last '  ><div class='flex_cell_inner'><p>\n<style type=\"text\/css\" data-created_by=\"avia_inline_auto\" id=\"style-css-av-kv9xwom9-b32057a174e2c168556767e952f4267a\">\n#top .av-special-heading.av-kv9xwom9-b32057a174e2c168556767e952f4267a{\npadding-bottom:10px;\n}\nbody .av-special-heading.av-kv9xwom9-b32057a174e2c168556767e952f4267a .av-special-heading-tag .heading-char{\nfont-size:25px;\n}\n.av-special-heading.av-kv9xwom9-b32057a174e2c168556767e952f4267a .av-subheading{\nfont-size:15px;\n}\n<\/style>\n<div  class='av-special-heading av-kv9xwom9-b32057a174e2c168556767e952f4267a av-special-heading-h1 blockquote modern-quote  avia-builder-el-4  el_before_av_hr  avia-builder-el-first '><h1 class='av-special-heading-tag '  itemprop=\"headline\"  >180 degr\u00e9s <sup>\u00ae<\/sup><\/h1><div class=\"special-heading-border\"><div class=\"special-heading-inner-border\"><\/div><\/div><\/div><br \/>\n<div  class='hr av-2wx177-50feca0bd6117e3beaf15cb4df279cda hr-default  avia-builder-el-5  el_after_av_heading  el_before_av_textblock '><span class='hr-inner '><span class=\"hr-inner-style\"><\/span><\/span><\/div><br \/>\n<section  class='av_textblock_section av-kv9xx2ow-71cf6c1f6888a1b1b246494716838f33 '   itemscope=\"itemscope\" itemtype=\"https:\/\/schema.org\/CreativeWork\" ><div class='avia_textblock'  itemprop=\"text\" ><div id=\"sdo-contentpage-right\">\n<div class=\"product-info\">\n<p>La chevali\u00e8re extravagante 180 GRAD\u00ae est un original de Beatrice M\u00fcller. Les virages \u00e0 180 degr\u00e9s constituent une rupture avec le familier et en m\u00eame temps un d\u00e9part vers la nouveaut\u00e9. <\/p>\n<p>Le double sceau est un symbole des changements que celui qui le porte apporte dans la vie. Le d\u00e9but est la d\u00e9cision active de changer \u2013 tourner la main, dans un sens ou dans l\u2019autre. Le symbole de d\u00e9part de la nouvelle direction : se sceller.  <\/p>\n<p>En m\u00eame temps, la chevali\u00e8re extravagante 180 GRAD\u00ae repr\u00e9sente le pouvoir que vous avez sur votre propre style de vie et la dignit\u00e9 avec laquelle vous vous traitez.<\/p>\n<p>L&#8217;omission consciente de la pierre \u00e0 sceau typique souligne l&#8217;art de l&#8217;orf\u00e8vre et le travail manuel en filigrane. La chevali\u00e8re elle-m\u00eame est disponible dans diff\u00e9rents mod\u00e8les, par ex. B. en motifs pleins ou en motifs filigran\u00e9s. La chevali\u00e8re 180 GRAD\u00ae peut \u00eatre port\u00e9e comme bague pour femme ou comme bague pour homme.  <\/p>\n<p>Cliquez ici pour un article sur la chevali\u00e8re extravagante 180 GRAD\u00ae de Beatrice M\u00fcller : <a href=\"https:\/\/www.shots.media\/accessoires\/2022\/beatrice-mueller-siegelringe-mit-individuellen-botschaften\/89800\">https:\/\/www.shots.media\/accessoires\/2022\/beatrice-mueller-siegelringe-mit-individuellen-botschaften\/89800<\/a><\/p>\n<\/div>\n<\/div>\n<\/div><\/section><\/p>\n<\/div><\/div><\/div><div id='av-masonry-1' class='av-masonry av-kv9y01mi-29106c24b21c83709fda207305b7351e noHover av-fixed-size av-large-gap av-hover-overlay- av-masonry-animation-active av-masonry-col-flexible av-caption-always av-caption-style- av-masonry-gallery av-orientation-portrait ' data-post_id=\"19473\"><div class=\"av-masonry-container isotope av-js-disabled\"><div class='av-masonry-entry isotope-item av-masonry-item-no-image '><\/div><div id='av-masonry-1-item-36779' data-av-masonry-item='36779' class='av-masonry-entry isotope-item post-36779 attachment type-attachment status-inherit hentry  av-masonry-item-with-image'    itemprop=\"thumbnailUrl\" ><div class='av-inner-masonry-sizer'><\/div><figure class='av-inner-masonry main_color'><div class=\"av-masonry-outerimage-container\"><div class='av-masonry-image-container' style=\"background-image: url(https:\/\/beatrice-mueller.de\/wp-content\/uploads\/2021\/09\/Ring_180_GRAD_II_GG_Siege_Krone_180_GRAD_750-705x705.jpg);\"  title=\"Ring_180_GRAD_II_GG_Siege_Krone_180_GRAD_750\" ><\/div><\/div><\/figure><\/div><!--end av-masonry entry--><div id='av-masonry-1-item-36781' data-av-masonry-item='36781' class='av-masonry-entry isotope-item post-36781 attachment type-attachment status-inherit hentry  av-masonry-item-with-image'    itemprop=\"thumbnailUrl\" ><div class='av-inner-masonry-sizer'><\/div><figure class='av-inner-masonry main_color'><div class=\"av-masonry-outerimage-container\"><div class='av-masonry-image-container' style=\"background-image: url(https:\/\/beatrice-mueller.de\/wp-content\/uploads\/2021\/09\/Ring_180_GRAD_II_RG_Siegel_Krone_180_GRAD_750-705x705.jpg);\"  title=\"Ring_180_GRAD_II_RG_Siegel_Krone_180_GRAD_750\" ><\/div><\/div><\/figure><\/div><!--end av-masonry entry--><div id='av-masonry-1-item-36783' data-av-masonry-item='36783' class='av-masonry-entry isotope-item post-36783 attachment type-attachment status-inherit hentry  av-masonry-item-with-image'    itemprop=\"thumbnailUrl\" ><div class='av-inner-masonry-sizer'><\/div><figure class='av-inner-masonry main_color'><div class=\"av-masonry-outerimage-container\"><div class='av-masonry-image-container' style=\"background-image: url(https:\/\/beatrice-mueller.de\/wp-content\/uploads\/2021\/09\/Ring_180_GRAD_II_WG_Siegel_Krone_180_GRAD_750-705x705.jpg);\"  title=\"Ring_180_GRAD_II_WG_Siegel_Krone_180_GRAD_750\" ><\/div><\/div><\/figure><\/div><!--end av-masonry entry--><div id='av-masonry-1-item-36785' data-av-masonry-item='36785' class='av-masonry-entry isotope-item post-36785 attachment type-attachment status-inherit hentry  av-masonry-item-with-image'    itemprop=\"thumbnailUrl\" ><div class='av-inner-masonry-sizer'><\/div><figure class='av-inner-masonry main_color'><div class=\"av-masonry-outerimage-container\"><div class='av-masonry-image-container' style=\"background-image: url(https:\/\/beatrice-mueller.de\/wp-content\/uploads\/2021\/09\/Ringe_180_GRAD_II_GOLF-705x705.jpg);\"  title=\"Ringe_180_GRAD_II_GOLF\" ><\/div><\/div><\/figure><\/div><!--end av-masonry entry--><\/div><\/div><\/p>\n","protected":false},"excerpt":{"rendered":"","protected":false},"author":1,"featured_media":0,"parent":0,"menu_order":0,"comment_status":"closed","ping_status":"closed","template":"","meta":{"_glsr_average":0,"_glsr_ranking":0,"_glsr_reviews":0,"footnotes":""},"class_list":["post-19473","page","type-page","status-publish","hentry"],"yoast_head":"<!-- This site is optimized with the Yoast SEO plugin v25.6 - https:\/\/yoast.com\/wordpress\/plugins\/seo\/ -->\n<title>Beatrice M\u00fcller - 180 degr\u00e9s\u00ae - La chevali\u00e8re extravagante<\/title>\n<meta name=\"description\" content=\"La chevali\u00e8re extravagante de Nuremberg. La chevali\u00e8re 180 GRAD\u00ae poss\u00e8de deux sceaux et est un original de Beatrice M\u00fcller.\" \/>\n<meta name=\"robots\" content=\"index, follow, max-snippet:-1, max-image-preview:large, max-video-preview:-1\" \/>\n<link rel=\"canonical\" href=\"https:\/\/beatrice-mueller.de\/fr\/180-degres\/\" \/>\n<meta property=\"og:locale\" content=\"fr_FR\" \/>\n<meta property=\"og:type\" content=\"article\" \/>\n<meta property=\"og:title\" content=\"Beatrice M\u00fcller - 180 degr\u00e9s\u00ae - La chevali\u00e8re extravagante\" \/>\n<meta property=\"og:description\" content=\"La chevali\u00e8re extravagante de Nuremberg. La chevali\u00e8re 180 GRAD\u00ae poss\u00e8de deux sceaux et est un original de Beatrice M\u00fcller.\" \/>\n<meta property=\"og:url\" content=\"https:\/\/beatrice-mueller.de\/fr\/180-degres\/\" \/>\n<meta property=\"og:site_name\" content=\"Beatrice M\u00fcller\" \/>\n<meta property=\"article:modified_time\" content=\"2025-02-16T11:47:32+00:00\" \/>\n<meta name=\"twitter:card\" content=\"summary_large_image\" \/>\n<meta name=\"twitter:label1\" content=\"Dur\u00e9e de lecture estim\u00e9e\" \/>\n\t<meta name=\"twitter:data1\" content=\"4 minutes\" \/>\n<script type=\"application\/ld+json\" class=\"yoast-schema-graph\">{\"@context\":\"https:\/\/schema.org\",\"@graph\":[{\"@type\":\"WebPage\",\"@id\":\"https:\/\/beatrice-mueller.de\/fr\/180-degres\/\",\"url\":\"https:\/\/beatrice-mueller.de\/fr\/180-degres\/\",\"name\":\"Beatrice M\u00fcller - 180 degr\u00e9s\u00ae - La chevali\u00e8re extravagante\",\"isPartOf\":{\"@id\":\"https:\/\/beatrice-mueller.de\/fr\/#website\"},\"datePublished\":\"2025-02-11T09:39:35+00:00\",\"dateModified\":\"2025-02-16T11:47:32+00:00\",\"description\":\"La chevali\u00e8re extravagante de Nuremberg. La chevali\u00e8re 180 GRAD\u00ae poss\u00e8de deux sceaux et est un original de Beatrice M\u00fcller.\",\"breadcrumb\":{\"@id\":\"https:\/\/beatrice-mueller.de\/fr\/180-degres\/#breadcrumb\"},\"inLanguage\":\"fr-FR\",\"potentialAction\":[{\"@type\":\"ReadAction\",\"target\":[\"https:\/\/beatrice-mueller.de\/fr\/180-degres\/\"]}]},{\"@type\":\"BreadcrumbList\",\"@id\":\"https:\/\/beatrice-mueller.de\/fr\/180-degres\/#breadcrumb\",\"itemListElement\":[{\"@type\":\"ListItem\",\"position\":1,\"name\":\"Startseite\",\"item\":\"https:\/\/beatrice-mueller.de\/fr\/\"},{\"@type\":\"ListItem\",\"position\":2,\"name\":\"180 degr\u00e9s\u00ae\"}]},{\"@type\":\"WebSite\",\"@id\":\"https:\/\/beatrice-mueller.de\/fr\/#website\",\"url\":\"https:\/\/beatrice-mueller.de\/fr\/\",\"name\":\"Beatrice M\u00fcller\",\"description\":\"Schmuckdesign\",\"potentialAction\":[{\"@type\":\"SearchAction\",\"target\":{\"@type\":\"EntryPoint\",\"urlTemplate\":\"https:\/\/beatrice-mueller.de\/fr\/?s={search_term_string}\"},\"query-input\":{\"@type\":\"PropertyValueSpecification\",\"valueRequired\":true,\"valueName\":\"search_term_string\"}}],\"inLanguage\":\"fr-FR\"}]}<\/script>\n<!-- \/ Yoast SEO plugin. -->","yoast_head_json":{"title":"Beatrice M\u00fcller - 180 degr\u00e9s\u00ae - La chevali\u00e8re extravagante","description":"La chevali\u00e8re extravagante de Nuremberg. La chevali\u00e8re 180 GRAD\u00ae poss\u00e8de deux sceaux et est un original de Beatrice M\u00fcller.","robots":{"index":"index","follow":"follow","max-snippet":"max-snippet:-1","max-image-preview":"max-image-preview:large","max-video-preview":"max-video-preview:-1"},"canonical":"https:\/\/beatrice-mueller.de\/fr\/180-degres\/","og_locale":"fr_FR","og_type":"article","og_title":"Beatrice M\u00fcller - 180 degr\u00e9s\u00ae - La chevali\u00e8re extravagante","og_description":"La chevali\u00e8re extravagante de Nuremberg. La chevali\u00e8re 180 GRAD\u00ae poss\u00e8de deux sceaux et est un original de Beatrice M\u00fcller.","og_url":"https:\/\/beatrice-mueller.de\/fr\/180-degres\/","og_site_name":"Beatrice M\u00fcller","article_modified_time":"2025-02-16T11:47:32+00:00","twitter_card":"summary_large_image","twitter_misc":{"Dur\u00e9e de lecture estim\u00e9e":"4 minutes"},"schema":{"@context":"https:\/\/schema.org","@graph":[{"@type":"WebPage","@id":"https:\/\/beatrice-mueller.de\/fr\/180-degres\/","url":"https:\/\/beatrice-mueller.de\/fr\/180-degres\/","name":"Beatrice M\u00fcller - 180 degr\u00e9s\u00ae - La chevali\u00e8re extravagante","isPartOf":{"@id":"https:\/\/beatrice-mueller.de\/fr\/#website"},"datePublished":"2025-02-11T09:39:35+00:00","dateModified":"2025-02-16T11:47:32+00:00","description":"La chevali\u00e8re extravagante de Nuremberg. La chevali\u00e8re 180 GRAD\u00ae poss\u00e8de deux sceaux et est un original de Beatrice M\u00fcller.","breadcrumb":{"@id":"https:\/\/beatrice-mueller.de\/fr\/180-degres\/#breadcrumb"},"inLanguage":"fr-FR","potentialAction":[{"@type":"ReadAction","target":["https:\/\/beatrice-mueller.de\/fr\/180-degres\/"]}]},{"@type":"BreadcrumbList","@id":"https:\/\/beatrice-mueller.de\/fr\/180-degres\/#breadcrumb","itemListElement":[{"@type":"ListItem","position":1,"name":"Startseite","item":"https:\/\/beatrice-mueller.de\/fr\/"},{"@type":"ListItem","position":2,"name":"180 degr\u00e9s\u00ae"}]},{"@type":"WebSite","@id":"https:\/\/beatrice-mueller.de\/fr\/#website","url":"https:\/\/beatrice-mueller.de\/fr\/","name":"Beatrice M\u00fcller","description":"Schmuckdesign","potentialAction":[{"@type":"SearchAction","target":{"@type":"EntryPoint","urlTemplate":"https:\/\/beatrice-mueller.de\/fr\/?s={search_term_string}"},"query-input":{"@type":"PropertyValueSpecification","valueRequired":true,"valueName":"search_term_string"}}],"inLanguage":"fr-FR"}]}},"_links":{"self":[{"href":"https:\/\/beatrice-mueller.de\/fr\/wp-json\/wp\/v2\/pages\/19473","targetHints":{"allow":["GET"]}}],"collection":[{"href":"https:\/\/beatrice-mueller.de\/fr\/wp-json\/wp\/v2\/pages"}],"about":[{"href":"https:\/\/beatrice-mueller.de\/fr\/wp-json\/wp\/v2\/types\/page"}],"author":[{"embeddable":true,"href":"https:\/\/beatrice-mueller.de\/fr\/wp-json\/wp\/v2\/users\/1"}],"replies":[{"embeddable":true,"href":"https:\/\/beatrice-mueller.de\/fr\/wp-json\/wp\/v2\/comments?post=19473"}],"version-history":[{"count":1,"href":"https:\/\/beatrice-mueller.de\/fr\/wp-json\/wp\/v2\/pages\/19473\/revisions"}],"predecessor-version":[{"id":19696,"href":"https:\/\/beatrice-mueller.de\/fr\/wp-json\/wp\/v2\/pages\/19473\/revisions\/19696"}],"wp:attachment":[{"href":"https:\/\/beatrice-mueller.de\/fr\/wp-json\/wp\/v2\/media?parent=19473"}],"curies":[{"name":"wp","href":"https:\/\/api.w.org\/{rel}","templated":true}]}}