{"id":19474,"date":"2025-02-11T10:39:36","date_gmt":"2025-02-11T09:39:36","guid":{"rendered":"https:\/\/beatrice-mueller.de\/bien\/"},"modified":"2025-03-20T03:55:43","modified_gmt":"2025-03-20T02:55:43","slug":"bien","status":"publish","type":"page","link":"https:\/\/beatrice-mueller.de\/fr\/bien\/","title":{"rendered":"Bien"},"content":{"rendered":"<div id='av_section_1'  class='avia-section av-m6olp4y1-2a4d28671bba05817609e5357a4a1407 main_color avia-section-default avia-no-border-styling  avia-builder-el-0  el_before_av_layout_row  avia-builder-el-first  avia-bg-style-scroll av-minimum-height av-minimum-height-custom av-height-custom  av-section-with-video-bg container_wrap sidebar_right'   data-av_minimum_height_px='600' data-section-video-ratio='16:9'><div  class='avia-slideshow av_slideshow_obj-1-69f2e891183e8 avia-slideshow-featured av_slideshow avia-slide-slider av-slideshow-ui av-control-default av-slideshow-manual av-loop-once av-loop-manual-endless av-default-height-applied  av-section-video-bg avia-slideshow-1' data-slideshow-options=\"{&quot;animation&quot;:&quot;slide&quot;,&quot;autoplay&quot;:false,&quot;loop_autoplay&quot;:&quot;once&quot;,&quot;interval&quot;:5,&quot;loop_manual&quot;:&quot;manual-endless&quot;,&quot;autoplay_stopper&quot;:false,&quot;noNavigation&quot;:false,&quot;bg_slider&quot;:false,&quot;keep_padding&quot;:false,&quot;hoverpause&quot;:false,&quot;show_slide_delay&quot;:0}\"  itemprop=\"image\" itemscope=\"itemscope\" itemtype=\"https:\/\/schema.org\/ImageObject\" ><ul class='avia-slideshow-inner ' style='padding-bottom: 28.6666666667%;'><li  data-controls='disabled' data-mute='aviaTBaviaTBvideo_mute' data-loop='1' data-disable-autoplay=''  data-video-ratio='1.77777777778' class='avia-slideshow-slide av_slideshow_obj-1-69f2e891183e8__0  av-video-slide  av-video-service-youtube  av-hide-video-controls av-mute-video av-loop-video  av-single-slide slide-1 slide-odd'><div data-rel='slideshow-1' class='avia-slide-wrap '   ><div class='av-click-overlay'><\/div><div class='mejs-mediaelement'  itemprop=\"video\" itemtype=\"https:\/\/schema.org\/VideoObject\" ><div height='1600' width='900' class='av_youtube_frame' id='player_19474_1379802242_1792237697'  data-autoplay='0'  data-videoid='A5724y5-J5g'  data-hd='1'  data-rel='0'  data-wmode='opaque'  data-loop='0'  data-version='3'  data-autohide='1'  data-color='white'  data-controls='0'  data-iv_load_policy='3'  data-original_url='https:\/\/youtu.be\/A5724y5-J5g' ><\/div><\/div><div class=\"av-click-to-play-overlay\"><div class=\"avia_playpause_icon\"><\/div><\/div><\/div><\/li><\/ul><\/div><div class='container av-section-cont-open' style='height:600px'><main  role=\"main\" itemprop=\"mainContentOfPage\"  class='template-page content  av-content-small alpha units'><div class='post-entry post-entry-type-page post-entry-19474'><div class='entry-content-wrapper clearfix'>\n<\/div><\/div><\/main><!-- close content main element --><\/div><\/div><div id='av-layout-grid-1'  class='av-layout-grid-container av-884tk1-8a33befbd6371d08e6fb492584283c46 entry-content-wrapper main_color av-flex-cells  avia-builder-el-1  el_after_av_section  el_before_av_masonry_gallery  grid-row-not-first  container_wrap sidebar_right'  >\n<div class='flex_cell av-ld25t-e6d46241838c20bb0a24ac209cee2833 av-gridrow-cell av_one_half no_margin  avia-builder-el-2  el_before_av_cell_one_half  avia-builder-el-first '  ><div class='flex_cell_inner'>\n<style type=\"text\/css\" data-created_by=\"avia_inline_auto\" id=\"style-css-av-kv9xsrb3-7dc69ab7313f0294217e852dafde48b1\">\n#top .avia-gallery.av-kv9xsrb3-7dc69ab7313f0294217e852dafde48b1 .avia-gallery-thumb a{\nwidth:33.3333%;\n}\n<\/style>\n<div  class='avia-gallery av-kv9xsrb3-7dc69ab7313f0294217e852dafde48b1 avia_animate_when_visible  avia-builder-el-3  avia-builder-el-no-sibling  avia_lazyload av-slideshow-ui av-loop-manual-endless av-control-hidden av-navigate-arrows av-navigate-dots hover-effect av-control-hidden avia-gallery-animate avia-gallery-1'  itemprop=\"image\" itemscope=\"itemscope\" itemtype=\"https:\/\/schema.org\/ImageObject\" ><meta itemprop=\"contentURL\" content=\"https:\/\/beatrice-mueller.de\/fr\/bien\/\"><a class='avia-gallery-big fakeLightbox lightbox avia-gallery-big-crop-thumb ' href=\"https:\/\/beatrice-mueller.de\/wp-content\/uploads\/2021\/09\/wohlig_titel.jpg\" data-srcset=\"https:\/\/beatrice-mueller.de\/wp-content\/uploads\/2021\/09\/wohlig_titel.jpg 454w, https:\/\/beatrice-mueller.de\/wp-content\/uploads\/2021\/09\/wohlig_titel-300x180.jpg 300w\" data-sizes=\"(max-width: 454px) 100vw, 454px\"  data-onclick='1' title='' ><span class='avia-gallery-big-inner'  itemprop=\"thumbnailUrl\" ><img decoding=\"async\" fetchpriority=\"high\" class=\"wp-image-37119 avia-img-lazy-loading-not-37119\"  width=\"454\" height=\"273\" src=\"https:\/\/beatrice-mueller.de\/wp-content\/uploads\/2021\/09\/wohlig_titel.jpg\" title='wohlig_titel' alt='' srcset=\"https:\/\/beatrice-mueller.de\/wp-content\/uploads\/2021\/09\/wohlig_titel.jpg 454w, https:\/\/beatrice-mueller.de\/wp-content\/uploads\/2021\/09\/wohlig_titel-300x180.jpg 300w\" sizes=\"(max-width: 454px) 100vw, 454px\" \/><\/span><\/a><div class='avia-gallery-thumb'><a href=\"https:\/\/beatrice-mueller.de\/wp-content\/uploads\/2021\/09\/wohlig_titel.jpg\" data-srcset=\"https:\/\/beatrice-mueller.de\/wp-content\/uploads\/2021\/09\/wohlig_titel.jpg 454w, https:\/\/beatrice-mueller.de\/wp-content\/uploads\/2021\/09\/wohlig_titel-300x180.jpg 300w\" data-sizes=\"(max-width: 454px) 100vw, 454px\" data-rel='gallery-1' data-prev-img='https:\/\/beatrice-mueller.de\/wp-content\/uploads\/2021\/09\/wohlig_titel.jpg' class='first_thumb lightbox ' data-onclick='1' title=''  itemprop=\"thumbnailUrl\"  ><img decoding=\"async\" fetchpriority=\"high\" class=\"wp-image-37119 avia-img-lazy-loading-not-37119\"   src=\"https:\/\/beatrice-mueller.de\/wp-content\/uploads\/2021\/09\/wohlig_titel.jpg\" width=\"454\" height=\"273\"  title='wohlig_titel' alt='' srcset=\"https:\/\/beatrice-mueller.de\/wp-content\/uploads\/2021\/09\/wohlig_titel.jpg 454w, https:\/\/beatrice-mueller.de\/wp-content\/uploads\/2021\/09\/wohlig_titel-300x180.jpg 300w\" sizes=\"(max-width: 454px) 100vw, 454px\" \/><div class='big-prev-fake'><img decoding=\"async\" loading=\"lazy\" class=\"wp-image-37119 avia-img-lazy-loading-37119\"  width=\"454\" height=\"273\" src=\"https:\/\/beatrice-mueller.de\/wp-content\/uploads\/2021\/09\/wohlig_titel.jpg\" title='wohlig_titel' alt='' srcset=\"https:\/\/beatrice-mueller.de\/wp-content\/uploads\/2021\/09\/wohlig_titel.jpg 454w, https:\/\/beatrice-mueller.de\/wp-content\/uploads\/2021\/09\/wohlig_titel-300x180.jpg 300w\" sizes=\"auto, (max-width: 454px) 100vw, 454px\" \/><\/div><\/a><a href=\"https:\/\/beatrice-mueller.de\/wp-content\/uploads\/2021\/09\/Ring_Wohlig_II_Saphir_gelb_im_Kissen_WG-1030x1030.jpg\" data-srcset=\"https:\/\/beatrice-mueller.de\/wp-content\/uploads\/2021\/09\/Ring_Wohlig_II_Saphir_gelb_im_Kissen_WG-1030x1030.jpg 1030w, https:\/\/beatrice-mueller.de\/wp-content\/uploads\/2021\/09\/Ring_Wohlig_II_Saphir_gelb_im_Kissen_WG-300x300.jpg 300w, https:\/\/beatrice-mueller.de\/wp-content\/uploads\/2021\/09\/Ring_Wohlig_II_Saphir_gelb_im_Kissen_WG-100x100.jpg 100w, https:\/\/beatrice-mueller.de\/wp-content\/uploads\/2021\/09\/Ring_Wohlig_II_Saphir_gelb_im_Kissen_WG-600x600.jpg 600w, https:\/\/beatrice-mueller.de\/wp-content\/uploads\/2021\/09\/Ring_Wohlig_II_Saphir_gelb_im_Kissen_WG-80x80.jpg 80w, https:\/\/beatrice-mueller.de\/wp-content\/uploads\/2021\/09\/Ring_Wohlig_II_Saphir_gelb_im_Kissen_WG-768x768.jpg 768w, https:\/\/beatrice-mueller.de\/wp-content\/uploads\/2021\/09\/Ring_Wohlig_II_Saphir_gelb_im_Kissen_WG-36x36.jpg 36w, https:\/\/beatrice-mueller.de\/wp-content\/uploads\/2021\/09\/Ring_Wohlig_II_Saphir_gelb_im_Kissen_WG-180x180.jpg 180w, https:\/\/beatrice-mueller.de\/wp-content\/uploads\/2021\/09\/Ring_Wohlig_II_Saphir_gelb_im_Kissen_WG-705x705.jpg 705w, https:\/\/beatrice-mueller.de\/wp-content\/uploads\/2021\/09\/Ring_Wohlig_II_Saphir_gelb_im_Kissen_WG.jpg 1134w\" data-sizes=\"(max-width: 1030px) 100vw, 1030px\" data-rel='gallery-1' data-prev-img='https:\/\/beatrice-mueller.de\/wp-content\/uploads\/2021\/09\/Ring_Wohlig_II_Saphir_gelb_im_Kissen_WG.jpg' class='lightbox ' data-onclick='2' title=''  itemprop=\"thumbnailUrl\"  ><img decoding=\"async\" fetchpriority=\"high\" class=\"wp-image-37125 avia-img-lazy-loading-not-37125\"   src=\"https:\/\/beatrice-mueller.de\/wp-content\/uploads\/2021\/09\/Ring_Wohlig_II_Saphir_gelb_im_Kissen_WG-495x400.jpg\" width=\"495\" height=\"400\"  title='Ring_Wohlig_II_Saphir_gelb_im_Kissen_WG' alt='' srcset=\"https:\/\/beatrice-mueller.de\/wp-content\/uploads\/2021\/09\/Ring_Wohlig_II_Saphir_gelb_im_Kissen_WG-495x400.jpg 495w, https:\/\/beatrice-mueller.de\/wp-content\/uploads\/2021\/09\/Ring_Wohlig_II_Saphir_gelb_im_Kissen_WG-845x684.jpg 845w\" sizes=\"(max-width: 495px) 100vw, 495px\" \/><div class='big-prev-fake'><img decoding=\"async\" loading=\"lazy\" class=\"wp-image-37125 avia-img-lazy-loading-37125\"  width=\"1134\" height=\"1134\" src=\"https:\/\/beatrice-mueller.de\/wp-content\/uploads\/2021\/09\/Ring_Wohlig_II_Saphir_gelb_im_Kissen_WG.jpg\" title='Ring_Wohlig_II_Saphir_gelb_im_Kissen_WG' alt='' srcset=\"https:\/\/beatrice-mueller.de\/wp-content\/uploads\/2021\/09\/Ring_Wohlig_II_Saphir_gelb_im_Kissen_WG.jpg 1134w, https:\/\/beatrice-mueller.de\/wp-content\/uploads\/2021\/09\/Ring_Wohlig_II_Saphir_gelb_im_Kissen_WG-300x300.jpg 300w, https:\/\/beatrice-mueller.de\/wp-content\/uploads\/2021\/09\/Ring_Wohlig_II_Saphir_gelb_im_Kissen_WG-100x100.jpg 100w, https:\/\/beatrice-mueller.de\/wp-content\/uploads\/2021\/09\/Ring_Wohlig_II_Saphir_gelb_im_Kissen_WG-600x600.jpg 600w, https:\/\/beatrice-mueller.de\/wp-content\/uploads\/2021\/09\/Ring_Wohlig_II_Saphir_gelb_im_Kissen_WG-1030x1030.jpg 1030w, https:\/\/beatrice-mueller.de\/wp-content\/uploads\/2021\/09\/Ring_Wohlig_II_Saphir_gelb_im_Kissen_WG-80x80.jpg 80w, https:\/\/beatrice-mueller.de\/wp-content\/uploads\/2021\/09\/Ring_Wohlig_II_Saphir_gelb_im_Kissen_WG-768x768.jpg 768w, https:\/\/beatrice-mueller.de\/wp-content\/uploads\/2021\/09\/Ring_Wohlig_II_Saphir_gelb_im_Kissen_WG-36x36.jpg 36w, https:\/\/beatrice-mueller.de\/wp-content\/uploads\/2021\/09\/Ring_Wohlig_II_Saphir_gelb_im_Kissen_WG-180x180.jpg 180w, https:\/\/beatrice-mueller.de\/wp-content\/uploads\/2021\/09\/Ring_Wohlig_II_Saphir_gelb_im_Kissen_WG-705x705.jpg 705w\" sizes=\"auto, (max-width: 1134px) 100vw, 1134px\" \/><\/div><\/a><a href=\"https:\/\/beatrice-mueller.de\/wp-content\/uploads\/2021\/09\/Ring_Wohlig_I_Amethyst_Cabouchon_Punkt_RG-1030x1030.jpg\" data-srcset=\"https:\/\/beatrice-mueller.de\/wp-content\/uploads\/2021\/09\/Ring_Wohlig_I_Amethyst_Cabouchon_Punkt_RG-1030x1030.jpg 1030w, https:\/\/beatrice-mueller.de\/wp-content\/uploads\/2021\/09\/Ring_Wohlig_I_Amethyst_Cabouchon_Punkt_RG-300x300.jpg 300w, https:\/\/beatrice-mueller.de\/wp-content\/uploads\/2021\/09\/Ring_Wohlig_I_Amethyst_Cabouchon_Punkt_RG-100x100.jpg 100w, https:\/\/beatrice-mueller.de\/wp-content\/uploads\/2021\/09\/Ring_Wohlig_I_Amethyst_Cabouchon_Punkt_RG-600x600.jpg 600w, https:\/\/beatrice-mueller.de\/wp-content\/uploads\/2021\/09\/Ring_Wohlig_I_Amethyst_Cabouchon_Punkt_RG-80x80.jpg 80w, https:\/\/beatrice-mueller.de\/wp-content\/uploads\/2021\/09\/Ring_Wohlig_I_Amethyst_Cabouchon_Punkt_RG-768x768.jpg 768w, https:\/\/beatrice-mueller.de\/wp-content\/uploads\/2021\/09\/Ring_Wohlig_I_Amethyst_Cabouchon_Punkt_RG-36x36.jpg 36w, https:\/\/beatrice-mueller.de\/wp-content\/uploads\/2021\/09\/Ring_Wohlig_I_Amethyst_Cabouchon_Punkt_RG-180x180.jpg 180w, https:\/\/beatrice-mueller.de\/wp-content\/uploads\/2021\/09\/Ring_Wohlig_I_Amethyst_Cabouchon_Punkt_RG-705x705.jpg 705w, https:\/\/beatrice-mueller.de\/wp-content\/uploads\/2021\/09\/Ring_Wohlig_I_Amethyst_Cabouchon_Punkt_RG.jpg 1134w\" data-sizes=\"(max-width: 1030px) 100vw, 1030px\" data-rel='gallery-1' data-prev-img='https:\/\/beatrice-mueller.de\/wp-content\/uploads\/2021\/09\/Ring_Wohlig_I_Amethyst_Cabouchon_Punkt_RG.jpg' class='lightbox ' data-onclick='3' title=''  itemprop=\"thumbnailUrl\"  ><img decoding=\"async\" fetchpriority=\"high\" class=\"wp-image-37123 avia-img-lazy-loading-not-37123\"  data-avia-tooltip='Ringe' src=\"https:\/\/beatrice-mueller.de\/wp-content\/uploads\/2021\/09\/Ring_Wohlig_I_Amethyst_Cabouchon_Punkt_RG-495x400.jpg\" width=\"495\" height=\"400\"  title='Ring_Wohlig_I_Amethyst_Cabouchon_Punkt_RG' alt='' srcset=\"https:\/\/beatrice-mueller.de\/wp-content\/uploads\/2021\/09\/Ring_Wohlig_I_Amethyst_Cabouchon_Punkt_RG-495x400.jpg 495w, https:\/\/beatrice-mueller.de\/wp-content\/uploads\/2021\/09\/Ring_Wohlig_I_Amethyst_Cabouchon_Punkt_RG-845x684.jpg 845w\" sizes=\"(max-width: 495px) 100vw, 495px\" \/><div class='big-prev-fake'><img decoding=\"async\" loading=\"lazy\" class=\"wp-image-37123 avia-img-lazy-loading-37123\"  width=\"1134\" height=\"1134\" src=\"https:\/\/beatrice-mueller.de\/wp-content\/uploads\/2021\/09\/Ring_Wohlig_I_Amethyst_Cabouchon_Punkt_RG.jpg\" title='Ring_Wohlig_I_Amethyst_Cabouchon_Punkt_RG' alt='' srcset=\"https:\/\/beatrice-mueller.de\/wp-content\/uploads\/2021\/09\/Ring_Wohlig_I_Amethyst_Cabouchon_Punkt_RG.jpg 1134w, https:\/\/beatrice-mueller.de\/wp-content\/uploads\/2021\/09\/Ring_Wohlig_I_Amethyst_Cabouchon_Punkt_RG-300x300.jpg 300w, https:\/\/beatrice-mueller.de\/wp-content\/uploads\/2021\/09\/Ring_Wohlig_I_Amethyst_Cabouchon_Punkt_RG-100x100.jpg 100w, https:\/\/beatrice-mueller.de\/wp-content\/uploads\/2021\/09\/Ring_Wohlig_I_Amethyst_Cabouchon_Punkt_RG-600x600.jpg 600w, https:\/\/beatrice-mueller.de\/wp-content\/uploads\/2021\/09\/Ring_Wohlig_I_Amethyst_Cabouchon_Punkt_RG-1030x1030.jpg 1030w, https:\/\/beatrice-mueller.de\/wp-content\/uploads\/2021\/09\/Ring_Wohlig_I_Amethyst_Cabouchon_Punkt_RG-80x80.jpg 80w, https:\/\/beatrice-mueller.de\/wp-content\/uploads\/2021\/09\/Ring_Wohlig_I_Amethyst_Cabouchon_Punkt_RG-768x768.jpg 768w, https:\/\/beatrice-mueller.de\/wp-content\/uploads\/2021\/09\/Ring_Wohlig_I_Amethyst_Cabouchon_Punkt_RG-36x36.jpg 36w, https:\/\/beatrice-mueller.de\/wp-content\/uploads\/2021\/09\/Ring_Wohlig_I_Amethyst_Cabouchon_Punkt_RG-180x180.jpg 180w, https:\/\/beatrice-mueller.de\/wp-content\/uploads\/2021\/09\/Ring_Wohlig_I_Amethyst_Cabouchon_Punkt_RG-705x705.jpg 705w\" sizes=\"auto, (max-width: 1134px) 100vw, 1134px\" \/><\/div><\/a><\/div><\/div>\n<\/div><\/div><div class='flex_cell av-4svnwh-32d7515fbb25af93ba1d97cb2b1d5d1a av-gridrow-cell av_one_half no_margin  avia-builder-el-4  el_after_av_cell_one_half  avia-builder-el-last '  ><div class='flex_cell_inner'><p>\n<style type=\"text\/css\" data-created_by=\"avia_inline_auto\" id=\"style-css-av-kv9xq2yo-4290d316045f5c2cc0efd6499742c8a9\">\n#top .av-special-heading.av-kv9xq2yo-4290d316045f5c2cc0efd6499742c8a9{\npadding-bottom:10px;\n}\nbody .av-special-heading.av-kv9xq2yo-4290d316045f5c2cc0efd6499742c8a9 .av-special-heading-tag .heading-char{\nfont-size:25px;\n}\n.av-special-heading.av-kv9xq2yo-4290d316045f5c2cc0efd6499742c8a9 .av-subheading{\nfont-size:15px;\n}\n<\/style>\n<div  class='av-special-heading av-kv9xq2yo-4290d316045f5c2cc0efd6499742c8a9 av-special-heading-h1 blockquote modern-quote  avia-builder-el-5  el_before_av_hr  avia-builder-el-first '><h1 class='av-special-heading-tag '  itemprop=\"headline\"  >Bien<\/h1><div class=\"special-heading-border\"><div class=\"special-heading-inner-border\"><\/div><\/div><\/div><br \/>\n<div  class='hr av-2xv41t-9f414184e45208dd17418df8c5ee1a82 hr-default  avia-builder-el-6  el_after_av_heading  el_before_av_textblock '><span class='hr-inner '><span class=\"hr-inner-style\"><\/span><\/span><\/div><br \/>\n<section  class='av_textblock_section av-2x5lu9-5fd856d007c4fb3208784f6b3f4bbc6c '   itemscope=\"itemscope\" itemtype=\"https:\/\/schema.org\/CreativeWork\" ><div class='avia_textblock'  itemprop=\"text\" ><p><em>L&#8217;essence du bien-\u00eatre est l&#8217;\u00e9ternel<\/em><\/p>\n<p>Une bague comme un oreiller. Des courbes agr\u00e9ables \u2013 tant \u00e0 l\u2019int\u00e9rieur qu\u2019\u00e0 l\u2019ext\u00e9rieur \u2013 font de cette bague un v\u00e9ritable plaisir \u00e0 tenir. <\/p>\n<p>Le mat\u00e9riau est clairement visible. La transition douce de l&#8217;int\u00e9rieur vers l&#8217;ext\u00e9rieur se termine par un bord lamellaire. Entre les deux se trouvent des coussins fortement courb\u00e9s, enti\u00e8rement sertis de minuscules pierres pr\u00e9cieuses ou accentu\u00e9s par des pierres pr\u00e9cieuses \u00e0 leurs coins.  <\/p>\n<p>La riche palette de pierres pr\u00e9cieuses color\u00e9es permet des combinaisons harmonieuses et audacieuses avec l&#8217;or ou le platine.<\/p>\n<\/div><\/section><\/p>\n<\/div><\/div>\n<\/div>\n<div id='av-masonry-1' class='av-masonry av-kv9xup6p-eebb1118cd14d66d34e7167c1ac849d3 noHover av-fixed-size av-large-gap av-hover-overlay- av-masonry-animation-active av-masonry-col-flexible av-caption-always av-caption-style- av-masonry-gallery av-orientation-portrait ' data-post_id=\"19474\"><div class=\"av-masonry-container isotope av-js-disabled\"><div class='av-masonry-entry isotope-item av-masonry-item-no-image '><\/div><div id='av-masonry-1-item-37123' data-av-masonry-item='37123' class='av-masonry-entry isotope-item post-37123 attachment type-attachment status-inherit hentry  av-masonry-item-with-image'    itemprop=\"thumbnailUrl\" ><div class='av-inner-masonry-sizer'><\/div><figure class='av-inner-masonry main_color'><div class=\"av-masonry-outerimage-container\"><div class='av-masonry-image-container' style=\"background-image: url(https:\/\/beatrice-mueller.de\/wp-content\/uploads\/2021\/09\/Ring_Wohlig_I_Amethyst_Cabouchon_Punkt_RG-705x705.jpg);\"  title=\"Ring_Wohlig_I_Amethyst_Cabouchon_Punkt_RG\" ><\/div><\/div><figcaption class='av-inner-masonry-content site-background'><div class='av-inner-masonry-content-pos'><div class='av-inner-masonry-content-pos-content'><div class='avia-arrow'><\/div><div class='av-masonry-entry-content entry-content'  itemprop=\"text\" >Ringe<\/div><\/div><\/div><\/figcaption><\/figure><\/div><!--end av-masonry entry--><\/div><\/div>\n","protected":false},"excerpt":{"rendered":"","protected":false},"author":1,"featured_media":0,"parent":0,"menu_order":0,"comment_status":"closed","ping_status":"closed","template":"","meta":{"_glsr_average":0,"_glsr_ranking":0,"_glsr_reviews":0,"footnotes":""},"class_list":["post-19474","page","type-page","status-publish","hentry"],"yoast_head":"<!-- This site is optimized with the Yoast SEO plugin v25.6 - https:\/\/yoast.com\/wordpress\/plugins\/seo\/ -->\n<title>Bien - Beatrice M\u00fcller<\/title>\n<meta name=\"robots\" content=\"index, follow, max-snippet:-1, max-image-preview:large, max-video-preview:-1\" \/>\n<link rel=\"canonical\" href=\"https:\/\/beatrice-mueller.de\/fr\/bien\/\" \/>\n<meta property=\"og:locale\" content=\"fr_FR\" \/>\n<meta property=\"og:type\" content=\"article\" \/>\n<meta property=\"og:title\" content=\"Bien - Beatrice M\u00fcller\" \/>\n<meta property=\"og:url\" content=\"https:\/\/beatrice-mueller.de\/fr\/bien\/\" \/>\n<meta property=\"og:site_name\" content=\"Beatrice M\u00fcller\" \/>\n<meta property=\"article:modified_time\" content=\"2025-03-20T02:55:43+00:00\" \/>\n<meta name=\"twitter:card\" content=\"summary_large_image\" \/>\n<meta name=\"twitter:label1\" content=\"Dur\u00e9e de lecture estim\u00e9e\" \/>\n\t<meta name=\"twitter:data1\" content=\"4 minutes\" \/>\n<script type=\"application\/ld+json\" class=\"yoast-schema-graph\">{\"@context\":\"https:\/\/schema.org\",\"@graph\":[{\"@type\":\"WebPage\",\"@id\":\"https:\/\/beatrice-mueller.de\/fr\/bien\/\",\"url\":\"https:\/\/beatrice-mueller.de\/fr\/bien\/\",\"name\":\"Bien - Beatrice M\u00fcller\",\"isPartOf\":{\"@id\":\"https:\/\/beatrice-mueller.de\/fr\/#website\"},\"datePublished\":\"2025-02-11T09:39:36+00:00\",\"dateModified\":\"2025-03-20T02:55:43+00:00\",\"breadcrumb\":{\"@id\":\"https:\/\/beatrice-mueller.de\/fr\/bien\/#breadcrumb\"},\"inLanguage\":\"fr-FR\",\"potentialAction\":[{\"@type\":\"ReadAction\",\"target\":[\"https:\/\/beatrice-mueller.de\/fr\/bien\/\"]}]},{\"@type\":\"BreadcrumbList\",\"@id\":\"https:\/\/beatrice-mueller.de\/fr\/bien\/#breadcrumb\",\"itemListElement\":[{\"@type\":\"ListItem\",\"position\":1,\"name\":\"Startseite\",\"item\":\"https:\/\/beatrice-mueller.de\/fr\/\"},{\"@type\":\"ListItem\",\"position\":2,\"name\":\"Bien\"}]},{\"@type\":\"WebSite\",\"@id\":\"https:\/\/beatrice-mueller.de\/fr\/#website\",\"url\":\"https:\/\/beatrice-mueller.de\/fr\/\",\"name\":\"Beatrice M\u00fcller\",\"description\":\"Schmuckdesign\",\"potentialAction\":[{\"@type\":\"SearchAction\",\"target\":{\"@type\":\"EntryPoint\",\"urlTemplate\":\"https:\/\/beatrice-mueller.de\/fr\/?s={search_term_string}\"},\"query-input\":{\"@type\":\"PropertyValueSpecification\",\"valueRequired\":true,\"valueName\":\"search_term_string\"}}],\"inLanguage\":\"fr-FR\"}]}<\/script>\n<!-- \/ Yoast SEO plugin. -->","yoast_head_json":{"title":"Bien - Beatrice M\u00fcller","robots":{"index":"index","follow":"follow","max-snippet":"max-snippet:-1","max-image-preview":"max-image-preview:large","max-video-preview":"max-video-preview:-1"},"canonical":"https:\/\/beatrice-mueller.de\/fr\/bien\/","og_locale":"fr_FR","og_type":"article","og_title":"Bien - Beatrice M\u00fcller","og_url":"https:\/\/beatrice-mueller.de\/fr\/bien\/","og_site_name":"Beatrice M\u00fcller","article_modified_time":"2025-03-20T02:55:43+00:00","twitter_card":"summary_large_image","twitter_misc":{"Dur\u00e9e de lecture estim\u00e9e":"4 minutes"},"schema":{"@context":"https:\/\/schema.org","@graph":[{"@type":"WebPage","@id":"https:\/\/beatrice-mueller.de\/fr\/bien\/","url":"https:\/\/beatrice-mueller.de\/fr\/bien\/","name":"Bien - Beatrice M\u00fcller","isPartOf":{"@id":"https:\/\/beatrice-mueller.de\/fr\/#website"},"datePublished":"2025-02-11T09:39:36+00:00","dateModified":"2025-03-20T02:55:43+00:00","breadcrumb":{"@id":"https:\/\/beatrice-mueller.de\/fr\/bien\/#breadcrumb"},"inLanguage":"fr-FR","potentialAction":[{"@type":"ReadAction","target":["https:\/\/beatrice-mueller.de\/fr\/bien\/"]}]},{"@type":"BreadcrumbList","@id":"https:\/\/beatrice-mueller.de\/fr\/bien\/#breadcrumb","itemListElement":[{"@type":"ListItem","position":1,"name":"Startseite","item":"https:\/\/beatrice-mueller.de\/fr\/"},{"@type":"ListItem","position":2,"name":"Bien"}]},{"@type":"WebSite","@id":"https:\/\/beatrice-mueller.de\/fr\/#website","url":"https:\/\/beatrice-mueller.de\/fr\/","name":"Beatrice M\u00fcller","description":"Schmuckdesign","potentialAction":[{"@type":"SearchAction","target":{"@type":"EntryPoint","urlTemplate":"https:\/\/beatrice-mueller.de\/fr\/?s={search_term_string}"},"query-input":{"@type":"PropertyValueSpecification","valueRequired":true,"valueName":"search_term_string"}}],"inLanguage":"fr-FR"}]}},"_links":{"self":[{"href":"https:\/\/beatrice-mueller.de\/fr\/wp-json\/wp\/v2\/pages\/19474","targetHints":{"allow":["GET"]}}],"collection":[{"href":"https:\/\/beatrice-mueller.de\/fr\/wp-json\/wp\/v2\/pages"}],"about":[{"href":"https:\/\/beatrice-mueller.de\/fr\/wp-json\/wp\/v2\/types\/page"}],"author":[{"embeddable":true,"href":"https:\/\/beatrice-mueller.de\/fr\/wp-json\/wp\/v2\/users\/1"}],"replies":[{"embeddable":true,"href":"https:\/\/beatrice-mueller.de\/fr\/wp-json\/wp\/v2\/comments?post=19474"}],"version-history":[{"count":10,"href":"https:\/\/beatrice-mueller.de\/fr\/wp-json\/wp\/v2\/pages\/19474\/revisions"}],"predecessor-version":[{"id":27620,"href":"https:\/\/beatrice-mueller.de\/fr\/wp-json\/wp\/v2\/pages\/19474\/revisions\/27620"}],"wp:attachment":[{"href":"https:\/\/beatrice-mueller.de\/fr\/wp-json\/wp\/v2\/media?parent=19474"}],"curies":[{"name":"wp","href":"https:\/\/api.w.org\/{rel}","templated":true}]}}