{"id":19481,"date":"2025-02-11T10:39:38","date_gmt":"2025-02-11T09:39:38","guid":{"rendered":"https:\/\/beatrice-mueller.de\/einig\/"},"modified":"2025-05-23T05:03:17","modified_gmt":"2025-05-23T03:03:17","slug":"einig","status":"publish","type":"page","link":"https:\/\/beatrice-mueller.de\/fr\/einig\/","title":{"rendered":"Einig\u00ae"},"content":{"rendered":"<div id='av-layout-grid-1'  class='av-layout-grid-container av-6stwcn-9b9051f5a3c5b66b763e0b461ecd38eb entry-content-wrapper main_color av-flex-cells  avia-builder-el-0  el_before_av_masonry_gallery  avia-builder-el-first   container_wrap sidebar_right'  >\n<div class='flex_cell av-5j35xz-bc7d90e8abc6895d2a95c96646fdd608 av-gridrow-cell av_one_half no_margin  avia-builder-el-1  el_before_av_cell_one_half  avia-builder-el-first '  ><div class='flex_cell_inner'><div  class='avia-video av-kv9vg5tb-8cb181a64dbb840fd09dc1b87f755994 avia-video-16-9 av-no-preview-image avia-video-load-always av-lazyload-immediate av-lazyload-video-embed'  itemprop=\"video\" itemtype=\"https:\/\/schema.org\/VideoObject\"  data-original_url='https:\/\/youtu.be\/hPPd5EzXsvw'><script type='text\/html' class='av-video-tmpl'><div class='avia-iframe-wrap'><iframe loading=\"lazy\" title=\"Ring Collection EINIG\u00ae\" width=\"1500\" height=\"844\" src=\"https:\/\/www.youtube.com\/embed\/hPPd5EzXsvw?feature=oembed&autoplay=1&loop=1&controls=1&mute=1\" frameborder=\"0\" allow=\"accelerometer; autoplay; clipboard-write; encrypted-media; gyroscope; picture-in-picture; web-share\" referrerpolicy=\"strict-origin-when-cross-origin\" allowfullscreen><\/iframe><\/div><\/script><div class='av-click-to-play-overlay'><div class=\"avia_playpause_icon\"><\/div><\/div><\/div>\n<\/div><\/div><div class='flex_cell av-3tng13-431098535f6382f2079d007e2d7aa3e3 av-gridrow-cell av_one_half no_margin  avia-builder-el-3  el_after_av_cell_one_half  avia-builder-el-last '  ><div class='flex_cell_inner'><p>\n<style type=\"text\/css\" data-created_by=\"avia_inline_auto\" id=\"style-css-av-kv8l3swv-cdf3c282205a86467c0aaf62297f7fcb\">\n#top .av-special-heading.av-kv8l3swv-cdf3c282205a86467c0aaf62297f7fcb{\npadding-bottom:10px;\n}\nbody .av-special-heading.av-kv8l3swv-cdf3c282205a86467c0aaf62297f7fcb .av-special-heading-tag .heading-char{\nfont-size:25px;\n}\n.av-special-heading.av-kv8l3swv-cdf3c282205a86467c0aaf62297f7fcb .av-subheading{\nfont-size:15px;\n}\n<\/style>\n<div  class='av-special-heading av-kv8l3swv-cdf3c282205a86467c0aaf62297f7fcb av-special-heading-h1 blockquote modern-quote  avia-builder-el-4  el_before_av_hr  avia-builder-el-first '><h1 class='av-special-heading-tag '  itemprop=\"headline\"  ><sup>Einig\u00ae<\/sup><\/h1><div class=\"special-heading-border\"><div class=\"special-heading-inner-border\"><\/div><\/div><\/div><br \/>\n<div  class='hr av-2oqbmf-4ae92b10ee32e6c8814d80c4038eed24 hr-default  avia-builder-el-5  el_after_av_heading  el_before_av_textblock '><span class='hr-inner '><span class=\"hr-inner-style\"><\/span><\/span><\/div><br \/>\n<section  class='av_textblock_section av-24o893-41e5cbc65e0395999cd1d57658e55935 '   itemscope=\"itemscope\" itemtype=\"https:\/\/schema.org\/CreativeWork\" ><div class='avia_textblock'  itemprop=\"text\" ><p><strong>Doux, fluide, \u00e9l\u00e9gant. D\u00e9couvrez EINIG\u00ae \u2013 anneau par anneau. <\/strong><\/p>\n<p>Avec EINIG\u00ae, Beatrice M\u00fcller a cr\u00e9\u00e9 un bijou extraordinaire. Une bague qui peut \u00eatre combin\u00e9e et agenc\u00e9e selon les pr\u00e9f\u00e9rences personnelles \u2013 tout comme une goutte d\u2019eau cr\u00e9e des motifs uniques sur une surface. Une bague qui impressionne par sa coupe particuli\u00e8re et convaincante. Trouvez votre EINIG\u00ae &#8230;   <\/p>\n<p>La particularit\u00e9 d\u2019EINIG\u00ae r\u00e9side dans ses diff\u00e9rents visages. Selon la fa\u00e7on dont vous combinez les anneaux de base, vous pouvez cr\u00e9er de belles variations d&#8217;anneaux avec une grande vari\u00e9t\u00e9 de caract\u00e8res : ludiques ou fonctionnels, intemporels ou modernes. <\/p>\n<p>La collection EINIG\u00ae comprend \u00e9galement des bracelets et des colliers. Sur demande individuelle, EINIG\u00ae peut \u00eatre compl\u00e9t\u00e9 par une perle, une couronne, une pierre et de nombreux autres d\u00e9tails. EINIG\u00ae n\u2019a aucune limite : il s\u2019adapte enti\u00e8rement \u00e0 vous.<\/p>\n<\/div><\/section><\/p>\n<\/div><\/div><\/div><div id='av-masonry-1' class='av-masonry av-kv9vsn9t-241cf35e1bf76efc1d0a79c3290f9185 noHover av-fixed-size av-large-gap av-hover-overlay-active av-masonry-animation-active av-masonry-col-flexible av-caption-always av-caption-style- av-masonry-gallery av-orientation-portrait ' data-post_id=\"19481\"><div class=\"av-masonry-container isotope av-js-disabled\"><div class='av-masonry-entry isotope-item av-masonry-item-no-image '><\/div><div id='av-masonry-1-item-36439' data-av-masonry-item='36439' class='av-masonry-entry isotope-item post-36439 attachment type-attachment status-inherit hentry  av-masonry-item-with-image'    itemprop=\"thumbnailUrl\" ><div class='av-inner-masonry-sizer'><\/div><figure class='av-inner-masonry main_color'><div class=\"av-masonry-outerimage-container\"><div class='av-masonry-image-container' style=\"background-image: url(https:\/\/beatrice-mueller.de\/wp-content\/uploads\/2021\/09\/Kette_EINIG_WG-705x705.jpg);\"  title=\"Kette_EINIG_WG\" ><\/div><\/div><figcaption class='av-inner-masonry-content site-background'><div class='av-inner-masonry-content-pos'><div class='av-inner-masonry-content-pos-content'><div class='avia-arrow'><\/div><div class='av-masonry-entry-content entry-content'  itemprop=\"text\" >Halsschmuck<\/div><\/div><\/div><\/figcaption><\/figure><\/div><!--end av-masonry entry--><div id='av-masonry-1-item-37331' data-av-masonry-item='37331' class='av-masonry-entry isotope-item post-37331 attachment type-attachment status-inherit hentry  av-masonry-item-with-image'    itemprop=\"thumbnailUrl\" ><div class='av-inner-masonry-sizer'><\/div><figure class='av-inner-masonry main_color'><div class=\"av-masonry-outerimage-container\"><div class='av-masonry-image-container' style=\"background-image: url(https:\/\/beatrice-mueller.de\/wp-content\/uploads\/2021\/10\/Armkette_EINIG_GG-1.jpg);\"  title=\"Armkette_EINIG_GG\" ><\/div><\/div><figcaption class='av-inner-masonry-content site-background'><div class='av-inner-masonry-content-pos'><div class='av-inner-masonry-content-pos-content'><div class='avia-arrow'><\/div><div class='av-masonry-entry-content entry-content'  itemprop=\"text\" >Armschmuck<\/div><\/div><\/div><\/figcaption><\/figure><\/div><!--end av-masonry entry--><div id='av-masonry-1-item-38810' data-av-masonry-item='38810' class='av-masonry-entry isotope-item post-38810 attachment type-attachment status-inherit hentry  av-masonry-item-with-image'    itemprop=\"thumbnailUrl\" ><div class='av-inner-masonry-sizer'><\/div><figure class='av-inner-masonry main_color'><div class=\"av-masonry-outerimage-container\"><div class='av-masonry-image-container' style=\"background-image: url(https:\/\/beatrice-mueller.de\/wp-content\/uploads\/2021\/10\/Ohrhaenger_II_mit_Diamentenbogen-705x705.jpg);\"  title=\"Ohrhaenger_II_mit_Diamentenbogen\" ><\/div><\/div><figcaption class='av-inner-masonry-content site-background'><div class='av-inner-masonry-content-pos'><div class='av-inner-masonry-content-pos-content'><div class='avia-arrow'><\/div><div class='av-masonry-entry-content entry-content'  itemprop=\"text\" >Ohrschmuck<\/div><\/div><\/div><\/figcaption><\/figure><\/div><!--end av-masonry entry--><div id='av-masonry-1-item-35957' data-av-masonry-item='35957' class='av-masonry-entry isotope-item post-35957 attachment type-attachment status-inherit hentry  av-masonry-item-with-image'    itemprop=\"thumbnailUrl\" ><div class='av-inner-masonry-sizer'><\/div><figure class='av-inner-masonry main_color'><div class=\"av-masonry-outerimage-container\"><div class='av-masonry-image-container' style=\"background-image: url(https:\/\/beatrice-mueller.de\/wp-content\/uploads\/2021\/09\/Ring_EINIG_I_zweifach_mit_Perle_GG-705x705.jpg);\"  title=\"Ring_EINIG_I_zweifach_mit_Perle_GG\" ><\/div><\/div><figcaption class='av-inner-masonry-content site-background'><div class='av-inner-masonry-content-pos'><div class='av-inner-masonry-content-pos-content'><div class='avia-arrow'><\/div><div class='av-masonry-entry-content entry-content'  itemprop=\"text\" >2 Ringe EINIG\u00ae I kombiniert mit S\u00fc\u00dfwasserperle<\/div><\/div><\/div><\/figcaption><\/figure><\/div><!--end av-masonry entry--><\/div><\/div><\/p>\n","protected":false},"excerpt":{"rendered":"","protected":false},"author":1,"featured_media":19482,"parent":0,"menu_order":0,"comment_status":"closed","ping_status":"closed","template":"","meta":{"_glsr_average":0,"_glsr_ranking":0,"_glsr_reviews":0,"footnotes":""},"class_list":["post-19481","page","type-page","status-publish","has-post-thumbnail","hentry"],"yoast_head":"<!-- This site is optimized with the Yoast SEO plugin v25.6 - https:\/\/yoast.com\/wordpress\/plugins\/seo\/ -->\n<title>Einig\u00ae - Beatrice M\u00fcller<\/title>\n<meta name=\"description\" content=\"Doux, fluide, \u00e9l\u00e9gant. D\u00e9couvrez EINIG\u00ae \u2013 anneau par anneau. Avec EINIG\u00ae, Beatrice M\u00fcller a cr\u00e9\u00e9 un bijou exceptionnel.\" \/>\n<meta name=\"robots\" content=\"index, follow, max-snippet:-1, max-image-preview:large, max-video-preview:-1\" \/>\n<link rel=\"canonical\" href=\"https:\/\/beatrice-mueller.de\/fr\/einig\/\" \/>\n<meta property=\"og:locale\" content=\"fr_FR\" \/>\n<meta property=\"og:type\" content=\"article\" \/>\n<meta property=\"og:title\" content=\"Einig\u00ae - Beatrice M\u00fcller\" \/>\n<meta property=\"og:description\" content=\"Doux, fluide, \u00e9l\u00e9gant. D\u00e9couvrez EINIG\u00ae \u2013 anneau par anneau. Avec EINIG\u00ae, Beatrice M\u00fcller a cr\u00e9\u00e9 un bijou exceptionnel.\" \/>\n<meta property=\"og:url\" content=\"https:\/\/beatrice-mueller.de\/fr\/einig\/\" \/>\n<meta property=\"og:site_name\" content=\"Beatrice M\u00fcller\" \/>\n<meta property=\"article:modified_time\" content=\"2025-05-23T03:03:17+00:00\" \/>\n<meta property=\"og:image\" content=\"https:\/\/beatrice-mueller.de\/wp-content\/uploads\/2021\/10\/Armkette_EINIG_GG-4.jpg\" \/>\n\t<meta property=\"og:image:width\" content=\"1134\" \/>\n\t<meta property=\"og:image:height\" content=\"1134\" \/>\n\t<meta property=\"og:image:type\" content=\"image\/jpeg\" \/>\n<meta name=\"twitter:card\" content=\"summary_large_image\" \/>\n<meta name=\"twitter:label1\" content=\"Dur\u00e9e de lecture estim\u00e9e\" \/>\n\t<meta name=\"twitter:data1\" content=\"1 minute\" \/>\n<script type=\"application\/ld+json\" class=\"yoast-schema-graph\">{\"@context\":\"https:\/\/schema.org\",\"@graph\":[{\"@type\":\"WebPage\",\"@id\":\"https:\/\/beatrice-mueller.de\/fr\/einig\/\",\"url\":\"https:\/\/beatrice-mueller.de\/fr\/einig\/\",\"name\":\"Einig\u00ae - Beatrice M\u00fcller\",\"isPartOf\":{\"@id\":\"https:\/\/beatrice-mueller.de\/fr\/#website\"},\"primaryImageOfPage\":{\"@id\":\"https:\/\/beatrice-mueller.de\/fr\/einig\/#primaryimage\"},\"image\":{\"@id\":\"https:\/\/beatrice-mueller.de\/fr\/einig\/#primaryimage\"},\"thumbnailUrl\":\"https:\/\/beatrice-mueller.de\/wp-content\/uploads\/2021\/10\/Armkette_EINIG_GG-4.jpg\",\"datePublished\":\"2025-02-11T09:39:38+00:00\",\"dateModified\":\"2025-05-23T03:03:17+00:00\",\"description\":\"Doux, fluide, \u00e9l\u00e9gant. D\u00e9couvrez EINIG\u00ae \u2013 anneau par anneau. Avec EINIG\u00ae, Beatrice M\u00fcller a cr\u00e9\u00e9 un bijou exceptionnel.\",\"breadcrumb\":{\"@id\":\"https:\/\/beatrice-mueller.de\/fr\/einig\/#breadcrumb\"},\"inLanguage\":\"fr-FR\",\"potentialAction\":[{\"@type\":\"ReadAction\",\"target\":[\"https:\/\/beatrice-mueller.de\/fr\/einig\/\"]}]},{\"@type\":\"ImageObject\",\"inLanguage\":\"fr-FR\",\"@id\":\"https:\/\/beatrice-mueller.de\/fr\/einig\/#primaryimage\",\"url\":\"https:\/\/beatrice-mueller.de\/wp-content\/uploads\/2021\/10\/Armkette_EINIG_GG-4.jpg\",\"contentUrl\":\"https:\/\/beatrice-mueller.de\/wp-content\/uploads\/2021\/10\/Armkette_EINIG_GG-4.jpg\",\"width\":1134,\"height\":1134,\"caption\":\"Armkette EINIG, 750 Gelbgold mit Brillanten\"},{\"@type\":\"BreadcrumbList\",\"@id\":\"https:\/\/beatrice-mueller.de\/fr\/einig\/#breadcrumb\",\"itemListElement\":[{\"@type\":\"ListItem\",\"position\":1,\"name\":\"Startseite\",\"item\":\"https:\/\/beatrice-mueller.de\/fr\/\"},{\"@type\":\"ListItem\",\"position\":2,\"name\":\"Einig\u00ae\"}]},{\"@type\":\"WebSite\",\"@id\":\"https:\/\/beatrice-mueller.de\/fr\/#website\",\"url\":\"https:\/\/beatrice-mueller.de\/fr\/\",\"name\":\"Beatrice M\u00fcller\",\"description\":\"Schmuckdesign\",\"potentialAction\":[{\"@type\":\"SearchAction\",\"target\":{\"@type\":\"EntryPoint\",\"urlTemplate\":\"https:\/\/beatrice-mueller.de\/fr\/?s={search_term_string}\"},\"query-input\":{\"@type\":\"PropertyValueSpecification\",\"valueRequired\":true,\"valueName\":\"search_term_string\"}}],\"inLanguage\":\"fr-FR\"}]}<\/script>\n<!-- \/ Yoast SEO plugin. -->","yoast_head_json":{"title":"Einig\u00ae - Beatrice M\u00fcller","description":"Doux, fluide, \u00e9l\u00e9gant. D\u00e9couvrez EINIG\u00ae \u2013 anneau par anneau. Avec EINIG\u00ae, Beatrice M\u00fcller a cr\u00e9\u00e9 un bijou exceptionnel.","robots":{"index":"index","follow":"follow","max-snippet":"max-snippet:-1","max-image-preview":"max-image-preview:large","max-video-preview":"max-video-preview:-1"},"canonical":"https:\/\/beatrice-mueller.de\/fr\/einig\/","og_locale":"fr_FR","og_type":"article","og_title":"Einig\u00ae - Beatrice M\u00fcller","og_description":"Doux, fluide, \u00e9l\u00e9gant. D\u00e9couvrez EINIG\u00ae \u2013 anneau par anneau. Avec EINIG\u00ae, Beatrice M\u00fcller a cr\u00e9\u00e9 un bijou exceptionnel.","og_url":"https:\/\/beatrice-mueller.de\/fr\/einig\/","og_site_name":"Beatrice M\u00fcller","article_modified_time":"2025-05-23T03:03:17+00:00","og_image":[{"width":1134,"height":1134,"url":"https:\/\/beatrice-mueller.de\/wp-content\/uploads\/2021\/10\/Armkette_EINIG_GG-4.jpg","type":"image\/jpeg"}],"twitter_card":"summary_large_image","twitter_misc":{"Dur\u00e9e de lecture estim\u00e9e":"1 minute"},"schema":{"@context":"https:\/\/schema.org","@graph":[{"@type":"WebPage","@id":"https:\/\/beatrice-mueller.de\/fr\/einig\/","url":"https:\/\/beatrice-mueller.de\/fr\/einig\/","name":"Einig\u00ae - Beatrice M\u00fcller","isPartOf":{"@id":"https:\/\/beatrice-mueller.de\/fr\/#website"},"primaryImageOfPage":{"@id":"https:\/\/beatrice-mueller.de\/fr\/einig\/#primaryimage"},"image":{"@id":"https:\/\/beatrice-mueller.de\/fr\/einig\/#primaryimage"},"thumbnailUrl":"https:\/\/beatrice-mueller.de\/wp-content\/uploads\/2021\/10\/Armkette_EINIG_GG-4.jpg","datePublished":"2025-02-11T09:39:38+00:00","dateModified":"2025-05-23T03:03:17+00:00","description":"Doux, fluide, \u00e9l\u00e9gant. D\u00e9couvrez EINIG\u00ae \u2013 anneau par anneau. Avec EINIG\u00ae, Beatrice M\u00fcller a cr\u00e9\u00e9 un bijou exceptionnel.","breadcrumb":{"@id":"https:\/\/beatrice-mueller.de\/fr\/einig\/#breadcrumb"},"inLanguage":"fr-FR","potentialAction":[{"@type":"ReadAction","target":["https:\/\/beatrice-mueller.de\/fr\/einig\/"]}]},{"@type":"ImageObject","inLanguage":"fr-FR","@id":"https:\/\/beatrice-mueller.de\/fr\/einig\/#primaryimage","url":"https:\/\/beatrice-mueller.de\/wp-content\/uploads\/2021\/10\/Armkette_EINIG_GG-4.jpg","contentUrl":"https:\/\/beatrice-mueller.de\/wp-content\/uploads\/2021\/10\/Armkette_EINIG_GG-4.jpg","width":1134,"height":1134,"caption":"Armkette EINIG, 750 Gelbgold mit Brillanten"},{"@type":"BreadcrumbList","@id":"https:\/\/beatrice-mueller.de\/fr\/einig\/#breadcrumb","itemListElement":[{"@type":"ListItem","position":1,"name":"Startseite","item":"https:\/\/beatrice-mueller.de\/fr\/"},{"@type":"ListItem","position":2,"name":"Einig\u00ae"}]},{"@type":"WebSite","@id":"https:\/\/beatrice-mueller.de\/fr\/#website","url":"https:\/\/beatrice-mueller.de\/fr\/","name":"Beatrice M\u00fcller","description":"Schmuckdesign","potentialAction":[{"@type":"SearchAction","target":{"@type":"EntryPoint","urlTemplate":"https:\/\/beatrice-mueller.de\/fr\/?s={search_term_string}"},"query-input":{"@type":"PropertyValueSpecification","valueRequired":true,"valueName":"search_term_string"}}],"inLanguage":"fr-FR"}]}},"_links":{"self":[{"href":"https:\/\/beatrice-mueller.de\/fr\/wp-json\/wp\/v2\/pages\/19481","targetHints":{"allow":["GET"]}}],"collection":[{"href":"https:\/\/beatrice-mueller.de\/fr\/wp-json\/wp\/v2\/pages"}],"about":[{"href":"https:\/\/beatrice-mueller.de\/fr\/wp-json\/wp\/v2\/types\/page"}],"author":[{"embeddable":true,"href":"https:\/\/beatrice-mueller.de\/fr\/wp-json\/wp\/v2\/users\/1"}],"replies":[{"embeddable":true,"href":"https:\/\/beatrice-mueller.de\/fr\/wp-json\/wp\/v2\/comments?post=19481"}],"version-history":[{"count":5,"href":"https:\/\/beatrice-mueller.de\/fr\/wp-json\/wp\/v2\/pages\/19481\/revisions"}],"predecessor-version":[{"id":35482,"href":"https:\/\/beatrice-mueller.de\/fr\/wp-json\/wp\/v2\/pages\/19481\/revisions\/35482"}],"wp:featuredmedia":[{"embeddable":true,"href":"https:\/\/beatrice-mueller.de\/fr\/wp-json\/wp\/v2\/media\/19482"}],"wp:attachment":[{"href":"https:\/\/beatrice-mueller.de\/fr\/wp-json\/wp\/v2\/media?parent=19481"}],"curies":[{"name":"wp","href":"https:\/\/api.w.org\/{rel}","templated":true}]}}