{"id":19485,"date":"2025-02-11T10:39:38","date_gmt":"2025-02-11T09:39:38","guid":{"rendered":"https:\/\/beatrice-mueller.de\/seminaires-et-ateliers-pour-adultes\/"},"modified":"2025-02-11T10:39:39","modified_gmt":"2025-02-11T09:39:39","slug":"seminaires-et-ateliers-pour-adultes","status":"publish","type":"page","link":"https:\/\/beatrice-mueller.de\/fr\/seminaires-et-ateliers-pour-adultes\/","title":{"rendered":"s\u00e9minaires et ateliers pour adultes"},"content":{"rendered":"<div  class='flex_column av-pig8i-6b2f4cc07cde6ea6e490a8d9eb252e6a av_one_fifth  avia-builder-el-0  el_before_av_three_fifth  avia-builder-el-first  first flex_column_div  '     ><\/div>\n\n<style type=\"text\/css\" data-created_by=\"avia_inline_auto\" id=\"style-css-av-68r5tu-29d106f2cd5c493de9458253d666ea96\">\n.flex_column.av-68r5tu-29d106f2cd5c493de9458253d666ea96{\nborder-radius:0px 0px 0px 0px;\npadding:0px 0px 0px 0px;\n}\n<\/style>\n<div  class='flex_column av-68r5tu-29d106f2cd5c493de9458253d666ea96 av_three_fifth  avia-builder-el-1  el_after_av_one_fifth  el_before_av_one_fifth  flex_column_div av-zero-column-padding  '     ><style type=\"text\/css\" data-created_by=\"avia_inline_auto\" id=\"style-css-av-49t5du-c43c8484d556d65887fd8f9f6f064d5a\">\n.avia-image-container.av-49t5du-c43c8484d556d65887fd8f9f6f064d5a img.avia_image{\nbox-shadow:none;\n}\n.avia-image-container.av-49t5du-c43c8484d556d65887fd8f9f6f064d5a .av-image-caption-overlay-center{\ncolor:#ffffff;\n}\n<\/style>\n<div  class='avia-image-container av-49t5du-c43c8484d556d65887fd8f9f6f064d5a av-styling- avia-align-center  avia-builder-el-2  avia-builder-el-no-sibling '   itemprop=\"image\" itemscope=\"itemscope\" itemtype=\"https:\/\/schema.org\/ImageObject\" ><div class=\"avia-image-container-inner\"><div class=\"avia-image-overlay-wrap\"><img decoding=\"async\" fetchpriority=\"high\" class='wp-image-35554 avia-img-lazy-loading-not-35554 avia_image ' src=\"https:\/\/beatrice-mueller.de\/wp-content\/uploads\/2020\/11\/beatrice-mueller-workshop.png\" alt='' title='beatrice-mueller-workshop'  height=\"932\" width=\"1728\"  itemprop=\"thumbnailUrl\" srcset=\"https:\/\/beatrice-mueller.de\/wp-content\/uploads\/2020\/11\/beatrice-mueller-workshop.png 1728w, https:\/\/beatrice-mueller.de\/wp-content\/uploads\/2020\/11\/beatrice-mueller-workshop-600x324.png 600w, https:\/\/beatrice-mueller.de\/wp-content\/uploads\/2020\/11\/beatrice-mueller-workshop-300x162.png 300w, https:\/\/beatrice-mueller.de\/wp-content\/uploads\/2020\/11\/beatrice-mueller-workshop-1030x556.png 1030w, https:\/\/beatrice-mueller.de\/wp-content\/uploads\/2020\/11\/beatrice-mueller-workshop-768x414.png 768w, https:\/\/beatrice-mueller.de\/wp-content\/uploads\/2020\/11\/beatrice-mueller-workshop-1536x828.png 1536w, https:\/\/beatrice-mueller.de\/wp-content\/uploads\/2020\/11\/beatrice-mueller-workshop-1500x809.png 1500w, https:\/\/beatrice-mueller.de\/wp-content\/uploads\/2020\/11\/beatrice-mueller-workshop-705x380.png 705w\" sizes=\"(max-width: 1728px) 100vw, 1728px\" \/><\/div><\/div><\/div><\/div>\n<div  class='flex_column av-2k0zxu-4be8b2acd34e154c033bd34e10e14c89 av_one_fifth  avia-builder-el-3  el_after_av_three_fifth  el_before_av_one_full  flex_column_div  '     ><\/div>\n<div  class='flex_column av-f9kwy-787352be0a68332890a13108991f8f57 av_one_full  avia-builder-el-4  el_after_av_one_fifth  el_before_av_one_half  first flex_column_div  column-top-margin'     ><style type=\"text\/css\" data-created_by=\"avia_inline_auto\" id=\"style-css-av-kw44menj-71ab864914ff7c8be58302ff28de7e7c\">\n#top .av-special-heading.av-kw44menj-71ab864914ff7c8be58302ff28de7e7c{\npadding-bottom:10px;\n}\nbody .av-special-heading.av-kw44menj-71ab864914ff7c8be58302ff28de7e7c .av-special-heading-tag .heading-char{\nfont-size:25px;\n}\n.av-special-heading.av-kw44menj-71ab864914ff7c8be58302ff28de7e7c .av-subheading{\nfont-size:15px;\n}\n<\/style>\n<div  class='av-special-heading av-kw44menj-71ab864914ff7c8be58302ff28de7e7c av-special-heading-h1 blockquote modern-quote  avia-builder-el-5  avia-builder-el-no-sibling '><h1 class='av-special-heading-tag '  itemprop=\"headline\"  >S\u00c9MINAIRES ET ATELIERS POUR ADULTES<\/h1><div class=\"special-heading-border\"><div class=\"special-heading-inner-border\"><\/div><\/div><\/div><\/div><div  class='flex_column av-5vup5e-8f3742f3152370af499f7bda140549c3 av_one_half  avia-builder-el-6  el_after_av_one_full  el_before_av_one_half  first flex_column_div  column-top-margin'     ><section  class='av_textblock_section av-lzi6v8gw-47c6542b853443c884107fd1b9ad2f80 '   itemscope=\"itemscope\" itemtype=\"https:\/\/schema.org\/CreativeWork\" ><div class='avia_textblock'  itemprop=\"text\" ><p>En tant que ma\u00eetre orf\u00e8vre et cr\u00e9atrice de bijoux renomm\u00e9e, mais aussi en tant qu&#8217;entrepreneuse, m\u00e8re et personne priv\u00e9e, Beatrice M\u00fcller peut se pr\u00e9valoir d&#8217;une carri\u00e8re r\u00e9ussie et exp\u00e9riment\u00e9e. Elle a \u00e9galement d\u00fb trouver un moyen de g\u00e9rer le stress, trouver la mani\u00e8re appropri\u00e9e et positive de communiquer et toujours trouver une nouvelle motivation pour son travail. Elle a trait\u00e9 ces sujets de mani\u00e8re intensive et a d\u00e9velopp\u00e9 des strat\u00e9gies pour identifier et \u00e9liminer les facteurs de stress tant dans la sph\u00e8re professionnelle que priv\u00e9e. L\u2019un de ses secrets de r\u00e9ussite est d\u2019aborder ses t\u00e2ches chaque jour avec \u00e9nergie et joie.   <\/p>\n<p>Beatrice M\u00fcller transmet \u00e9galement ses connaissances, ses strat\u00e9gies et ses exp\u00e9riences sur ces th\u00e8mes lors de s\u00e9minaires.<\/p>\n<p>Un s\u00e9minaire pour tous \u2013 pas avec Beatrice M\u00fcller. Ces deux sujets ne concernent pas uniquement les entrepreneurs. Mais les enfants et les jeunes, les parents et de nombreux groupes professionnels sont \u00e9galement confront\u00e9s quotidiennement \u00e0 des facteurs de stress et ont besoin de trouver une nouvelle motivation. Beatrice M\u00fcller adapte donc toujours le contenu de ses s\u00e9minaires au groupe cible. Mais ce ne sont pas seulement le contenu, mais aussi sa mani\u00e8re engageante et sensible, son lien personnel et ses amis qui partagent leurs connaissances qui font d\u2019un s\u00e9minaire de Beatrice M\u00fcller une exp\u00e9rience \u00ab \u00e9ducative \u00bb et durable.<\/p>\n<\/div><\/section><\/div><div  class='flex_column av-h78mq-62bf7ce239941b17bcde094ec3b761a2 av_one_half  avia-builder-el-8  el_after_av_one_half  el_before_av_one_full  flex_column_div  column-top-margin'     ><section  class='av_textblock_section av-lzi6vo2a-9fb7bb507326bba24efd5d56fa193aed '   itemscope=\"itemscope\" itemtype=\"https:\/\/schema.org\/CreativeWork\" ><div class='avia_textblock'  itemprop=\"text\" ><p><strong>D\u00e9couvrez Beatrice M\u00fcller lors d&#8217;un s\u00e9minaire sur le th\u00e8me :<\/strong><\/p>\n<p> <strong>Beatrice M\u00fcller propose des s\u00e9minaires pour diff\u00e9rents groupes cibles :<\/strong><\/p>\n<p> <strong>Etes-vous int\u00e9ress\u00e9 par un s\u00e9minaire de Beatrice M\u00fcller ?<\/strong><\/p>\n<p> Parlez-nous : nous d\u00e9terminerons avec vous les conditions-cadres qui vous conviennent.<\/p>\n<p> Envoyez un e-mail \u00e0 : info@schmuck-design-objekte.de<\/p>\n<\/div><\/section><\/div><div  class='flex_column av-8d60i-87b05e7629ea5185ad07da8739b2ed80 av_one_full  avia-builder-el-10  el_after_av_one_half  el_before_av_textblock  first flex_column_div  column-top-margin'     ><style type=\"text\/css\" data-created_by=\"avia_inline_auto\" id=\"style-css-av-kw4v8tdu-470692fa5b9e5081807e5d759654c59a\">\n#top .av-special-heading.av-kw4v8tdu-470692fa5b9e5081807e5d759654c59a{\npadding-bottom:10px;\n}\nbody .av-special-heading.av-kw4v8tdu-470692fa5b9e5081807e5d759654c59a .av-special-heading-tag .heading-char{\nfont-size:25px;\n}\n.av-special-heading.av-kw4v8tdu-470692fa5b9e5081807e5d759654c59a .av-subheading{\nfont-size:15px;\n}\n<\/style>\n<div  class='av-special-heading av-kw4v8tdu-470692fa5b9e5081807e5d759654c59a av-special-heading-h2 blockquote modern-quote  avia-builder-el-11  avia-builder-el-no-sibling '><h2 class='av-special-heading-tag '  itemprop=\"headline\"  >Atelier NO STRESS pour enfants et jeunes<\/h2><div class=\"special-heading-border\"><div class=\"special-heading-inner-border\"><\/div><\/div><\/div><\/div><section  class='av_textblock_section av-kw4v9r7g-a6b45022d03cc2646dd054920a012bee '   itemscope=\"itemscope\" itemtype=\"https:\/\/schema.org\/CreativeWork\" ><div class='avia_textblock'  itemprop=\"text\" ><p>Beatrice M\u00fcller apporte AUCUN STRESS dans les \u00e9coles et r\u00e9fl\u00e9chit avec les \u00e9l\u00e8ves sur les causes du stress.<\/p>\n<p>Avec les enfants et les jeunes, vous d\u00e9couvrirez comment cr\u00e9er un \u00e9quilibre face au stress en faisant preuve de calme et de d\u00e9termination \u2013 le stress perdra ainsi son importance et son poids.<\/p>\n<p>Le mentor travaille avec le symbole du fil rouge, qui forme \u00e0 plusieurs reprises des interfaces. Gr\u00e2ce \u00e0 la perception consciente ou \u00e0 la r\u00e9flexion sur sa propre situation de vie, de telles \u00ab interfaces X \u00bb peuvent \u00eatre reconnues et ensuite trait\u00e9es consciemment. <\/p>\n<p>Vous pouvez d\u00e9cider par vous-m\u00eame :<\/p>\n<\/div><\/section><\/p>\n\n<style type=\"text\/css\" data-created_by=\"avia_inline_auto\" id=\"style-css-av-iro89e-cbbd3d903bed98d0bccfa859960a800c\">\n.avia-image-container.av-iro89e-cbbd3d903bed98d0bccfa859960a800c img.avia_image{\nbox-shadow:none;\n}\n.avia-image-container.av-iro89e-cbbd3d903bed98d0bccfa859960a800c .av-image-caption-overlay-center{\ncolor:#ffffff;\n}\n<\/style>\n<div  class='avia-image-container av-iro89e-cbbd3d903bed98d0bccfa859960a800c av-styling- avia-align-center  avia-builder-el-13  el_after_av_textblock  el_before_av_textblock '   itemprop=\"image\" itemscope=\"itemscope\" itemtype=\"https:\/\/schema.org\/ImageObject\" ><div class=\"avia-image-container-inner\"><div class=\"avia-image-overlay-wrap\"><img decoding=\"async\" fetchpriority=\"high\" class='wp-image-35566 avia-img-lazy-loading-not-35566 avia_image ' src=\"https:\/\/beatrice-mueller.de\/wp-content\/uploads\/2020\/11\/no-stress-entscheidung-300x194.png\" alt='' title='no-stress-entscheidung'  height=\"194\" width=\"300\"  itemprop=\"thumbnailUrl\" srcset=\"https:\/\/beatrice-mueller.de\/wp-content\/uploads\/2020\/11\/no-stress-entscheidung-300x194.png 300w, https:\/\/beatrice-mueller.de\/wp-content\/uploads\/2020\/11\/no-stress-entscheidung-600x387.png 600w, https:\/\/beatrice-mueller.de\/wp-content\/uploads\/2020\/11\/no-stress-entscheidung-768x496.png 768w, https:\/\/beatrice-mueller.de\/wp-content\/uploads\/2020\/11\/no-stress-entscheidung-705x455.png 705w, https:\/\/beatrice-mueller.de\/wp-content\/uploads\/2020\/11\/no-stress-entscheidung.png 832w\" sizes=\"(max-width: 300px) 100vw, 300px\" \/><\/div><\/div><\/div>\n<section  class='av_textblock_section av-kw4va6h5-fd6694764eed369947485beed97d6986 '   itemscope=\"itemscope\" itemtype=\"https:\/\/schema.org\/CreativeWork\" ><div class='avia_textblock'  itemprop=\"text\" ><p>X PAS DE STRESS Interfaces :<br \/>\n Si nous suivons consciemment le fil conducteur tout au long de notre vie, nous rencontrerons \u00e0 plusieurs reprises des interfaces X dynamiques qui nous ouvrent de nouveaux chemins, de nouvelles possibilit\u00e9s et de nouvelles situations : \u00e0 ces moments-l\u00e0, nous pouvons nous r\u00e9orienter et d\u00e9cider de changer de direction ou \u2013 tout \u00e0 fait consciemment \u2013 \u200b\u200bde continuer dans la direction dans laquelle nous vivons d\u00e9j\u00e0.<\/p>\n<\/div><\/section>\n<div class='flex_column_table av-1g564i-1d4a0c0b1c9846ada74e8068ca752349 sc-av_one_fifth av-equal-height-column-flextable'>\n<style type=\"text\/css\" data-created_by=\"avia_inline_auto\" id=\"style-css-av-1g564i-1d4a0c0b1c9846ada74e8068ca752349\">\n.flex_column.av-1g564i-1d4a0c0b1c9846ada74e8068ca752349{\nborder-radius:0px 0px 0px 0px;\npadding:0px 0px 0px 0px;\n}\n<\/style>\n<div  class='flex_column av-1g564i-1d4a0c0b1c9846ada74e8068ca752349 av_one_fifth  avia-builder-el-15  el_after_av_textblock  el_before_av_one_fifth  first no_margin flex_column_table_cell av-equal-height-column av-align-top av-zero-column-padding  column-top-margin'     ><style type=\"text\/css\" data-created_by=\"avia_inline_auto\" id=\"style-css-av-98ah42-718a508d3a0984686c208cfb889c0125\">\n.avia-image-container.av-98ah42-718a508d3a0984686c208cfb889c0125 img.avia_image{\nbox-shadow:none;\n}\n.avia-image-container.av-98ah42-718a508d3a0984686c208cfb889c0125 .av-image-caption-overlay-center{\ncolor:#ffffff;\n}\n<\/style>\n<div  class='avia-image-container av-98ah42-718a508d3a0984686c208cfb889c0125 av-styling- av-img-linked avia-align-center  avia-builder-el-16  avia-builder-el-no-sibling '   itemprop=\"image\" itemscope=\"itemscope\" itemtype=\"https:\/\/schema.org\/ImageObject\" ><div class=\"avia-image-container-inner\"><div class=\"avia-image-overlay-wrap\"><a href=\"bo\u00eete lumineuse\" class='avia_image '  ><img decoding=\"async\" fetchpriority=\"high\" class='wp-image- avia-img-lazy-loading-not- avia_image ' src=\"https:\/\/beatrice-mueller.de\/wp-content\/uploads\/no-stress-team-495x400-1.png\" alt='' title=''   itemprop=\"thumbnailUrl\"  \/><\/a><\/div><\/div><\/div><\/div>\n\n<style type=\"text\/css\" data-created_by=\"avia_inline_auto\" id=\"style-css-av-1q8gtu-1eb5b9b5f0ae9169cc3a3e90fdafb5e3\">\n.flex_column.av-1q8gtu-1eb5b9b5f0ae9169cc3a3e90fdafb5e3{\nborder-radius:0px 0px 0px 0px;\npadding:0px 0px 0px 0px;\n}\n<\/style>\n<div  class='flex_column av-1q8gtu-1eb5b9b5f0ae9169cc3a3e90fdafb5e3 av_one_fifth  avia-builder-el-17  el_after_av_one_fifth  el_before_av_one_fifth  no_margin flex_column_table_cell av-equal-height-column av-align-top av-zero-column-padding  column-top-margin'     ><style type=\"text\/css\" data-created_by=\"avia_inline_auto\" id=\"style-css-av-fr9mfm-6d50415d6a623a807be9c3381352d336\">\n.avia-image-container.av-fr9mfm-6d50415d6a623a807be9c3381352d336 img.avia_image{\nbox-shadow:none;\n}\n.avia-image-container.av-fr9mfm-6d50415d6a623a807be9c3381352d336 .av-image-caption-overlay-center{\ncolor:#ffffff;\n}\n<\/style>\n<div  class='avia-image-container av-fr9mfm-6d50415d6a623a807be9c3381352d336 av-styling- av-img-linked avia-align-center  avia-builder-el-18  avia-builder-el-no-sibling '   itemprop=\"image\" itemscope=\"itemscope\" itemtype=\"https:\/\/schema.org\/ImageObject\" ><div class=\"avia-image-container-inner\"><div class=\"avia-image-overlay-wrap\"><a href=\"bo\u00eete lumineuse\" class='avia_image '  aria-label='Workshop-1'><img decoding=\"async\" fetchpriority=\"high\" class='wp-image-35560 avia-img-lazy-loading-not-35560 avia_image ' src=\"https:\/\/beatrice-mueller.de\/wp-content\/uploads\/2020\/11\/Workshop-1-495x400.jpg\" alt='' title='Workshop-1'  height=\"400\" width=\"495\"  itemprop=\"thumbnailUrl\"  \/><\/a><\/div><\/div><\/div><\/div>\n\n<style type=\"text\/css\" data-created_by=\"avia_inline_auto\" id=\"style-css-av-b32vr6-fd8c932686eb3596a8ac4ae14d2afff8\">\n.flex_column.av-b32vr6-fd8c932686eb3596a8ac4ae14d2afff8{\nborder-radius:0px 0px 0px 0px;\npadding:0px 0px 0px 0px;\n}\n<\/style>\n<div  class='flex_column av-b32vr6-fd8c932686eb3596a8ac4ae14d2afff8 av_one_fifth  avia-builder-el-19  el_after_av_one_fifth  el_before_av_one_fifth  no_margin flex_column_table_cell av-equal-height-column av-align-top av-zero-column-padding  column-top-margin'     ><style type=\"text\/css\" data-created_by=\"avia_inline_auto\" id=\"style-css-av-clh1ky-6c91b4e0a4b682100ebf5179f7d97fe1\">\n.avia-image-container.av-clh1ky-6c91b4e0a4b682100ebf5179f7d97fe1 img.avia_image{\nbox-shadow:none;\n}\n.avia-image-container.av-clh1ky-6c91b4e0a4b682100ebf5179f7d97fe1 .av-image-caption-overlay-center{\ncolor:#ffffff;\n}\n<\/style>\n<div  class='avia-image-container av-clh1ky-6c91b4e0a4b682100ebf5179f7d97fe1 av-styling- av-img-linked avia-align-center  avia-builder-el-20  avia-builder-el-no-sibling '   itemprop=\"image\" itemscope=\"itemscope\" itemtype=\"https:\/\/schema.org\/ImageObject\" ><div class=\"avia-image-container-inner\"><div class=\"avia-image-overlay-wrap\"><a href=\"bo\u00eete lumineuse\" class='avia_image '  aria-label='no-stress-team'><img decoding=\"async\" fetchpriority=\"high\" class='wp-image-35564 avia-img-lazy-loading-not-35564 avia_image ' src=\"https:\/\/beatrice-mueller.de\/wp-content\/uploads\/2020\/11\/no-stress-team-495x400.jpg\" alt='' title='no-stress-team'  height=\"400\" width=\"495\"  itemprop=\"thumbnailUrl\" srcset=\"https:\/\/beatrice-mueller.de\/wp-content\/uploads\/2020\/11\/no-stress-team-495x400.jpg 495w, https:\/\/beatrice-mueller.de\/wp-content\/uploads\/2020\/11\/no-stress-team-845x684.jpg 845w\" sizes=\"(max-width: 495px) 100vw, 495px\" \/><\/a><\/div><\/div><\/div><\/div>\n\n<style type=\"text\/css\" data-created_by=\"avia_inline_auto\" id=\"style-css-av-730mia-58bc3092d8fc62cda25bdfb1e9473656\">\n.flex_column.av-730mia-58bc3092d8fc62cda25bdfb1e9473656{\nborder-radius:0px 0px 0px 0px;\npadding:0px 0px 0px 0px;\n}\n<\/style>\n<div  class='flex_column av-730mia-58bc3092d8fc62cda25bdfb1e9473656 av_one_fifth  avia-builder-el-21  el_after_av_one_fifth  el_before_av_one_fifth  no_margin flex_column_table_cell av-equal-height-column av-align-top av-zero-column-padding  column-top-margin'     ><style type=\"text\/css\" data-created_by=\"avia_inline_auto\" id=\"style-css-av-5xxxhe-ca37656b2223801c2035d6d996a7c339\">\n.avia-image-container.av-5xxxhe-ca37656b2223801c2035d6d996a7c339 img.avia_image{\nbox-shadow:none;\n}\n.avia-image-container.av-5xxxhe-ca37656b2223801c2035d6d996a7c339 .av-image-caption-overlay-center{\ncolor:#ffffff;\n}\n<\/style>\n<div  class='avia-image-container av-5xxxhe-ca37656b2223801c2035d6d996a7c339 av-styling- av-img-linked avia-align-center  avia-builder-el-22  avia-builder-el-no-sibling '   itemprop=\"image\" itemscope=\"itemscope\" itemtype=\"https:\/\/schema.org\/ImageObject\" ><div class=\"avia-image-container-inner\"><div class=\"avia-image-overlay-wrap\"><a href=\"bo\u00eete lumineuse\" class='avia_image '  aria-label='Stadt-Verfuerung-1'><img decoding=\"async\" fetchpriority=\"high\" class='wp-image-35558 avia-img-lazy-loading-not-35558 avia_image ' src=\"https:\/\/beatrice-mueller.de\/wp-content\/uploads\/2020\/11\/Stadt-Verfuerung-1-495x400.jpg\" alt='' title='Stadt-Verfuerung-1'  height=\"400\" width=\"495\"  itemprop=\"thumbnailUrl\"  \/><\/a><\/div><\/div><\/div><\/div>\n\n<style type=\"text\/css\" data-created_by=\"avia_inline_auto\" id=\"style-css-av-4d26ci-6f052232319df898ad4cdaa57c02b0c1\">\n.flex_column.av-4d26ci-6f052232319df898ad4cdaa57c02b0c1{\nborder-radius:0px 0px 0px 0px;\npadding:0px 0px 0px 0px;\n}\n<\/style>\n<div  class='flex_column av-4d26ci-6f052232319df898ad4cdaa57c02b0c1 av_one_fifth  avia-builder-el-23  el_after_av_one_fifth  avia-builder-el-last  no_margin flex_column_table_cell av-equal-height-column av-align-top av-zero-column-padding  column-top-margin'     ><style type=\"text\/css\" data-created_by=\"avia_inline_auto\" id=\"style-css-av-1tocpe-3908622406e93f835f039a24f8760903\">\n.avia-image-container.av-1tocpe-3908622406e93f835f039a24f8760903 img.avia_image{\nbox-shadow:none;\n}\n.avia-image-container.av-1tocpe-3908622406e93f835f039a24f8760903 .av-image-caption-overlay-center{\ncolor:#ffffff;\n}\n<\/style>\n<div  class='avia-image-container av-1tocpe-3908622406e93f835f039a24f8760903 av-styling- av-img-linked avia-align-center  avia-builder-el-24  avia-builder-el-no-sibling '   itemprop=\"image\" itemscope=\"itemscope\" itemtype=\"https:\/\/schema.org\/ImageObject\" ><div class=\"avia-image-container-inner\"><div class=\"avia-image-overlay-wrap\"><a href=\"bo\u00eete lumineuse\" class='avia_image '  aria-label='Stadt-Verfuerung'><img decoding=\"async\" fetchpriority=\"high\" class='wp-image-35556 avia-img-lazy-loading-not-35556 avia_image ' src=\"https:\/\/beatrice-mueller.de\/wp-content\/uploads\/2020\/11\/Stadt-Verfuerung-495x400.jpg\" alt='' title='Stadt-Verfuerung'  height=\"400\" width=\"495\"  itemprop=\"thumbnailUrl\" srcset=\"https:\/\/beatrice-mueller.de\/wp-content\/uploads\/2020\/11\/Stadt-Verfuerung-495x400.jpg 495w, https:\/\/beatrice-mueller.de\/wp-content\/uploads\/2020\/11\/Stadt-Verfuerung-845x684.jpg 845w\" sizes=\"(max-width: 495px) 100vw, 495px\" \/><\/a><\/div><\/div><\/div><\/div><\/div><!--close column table wrapper. Autoclose: 1 -->\n","protected":false},"excerpt":{"rendered":"","protected":false},"author":1,"featured_media":0,"parent":0,"menu_order":0,"comment_status":"closed","ping_status":"closed","template":"","meta":{"_glsr_average":0,"_glsr_ranking":0,"_glsr_reviews":0,"footnotes":""},"class_list":["post-19485","page","type-page","status-publish","hentry"],"yoast_head":"<!-- This site is optimized with the Yoast SEO plugin v25.6 - https:\/\/yoast.com\/wordpress\/plugins\/seo\/ -->\n<title>s\u00e9minaires et ateliers pour adultes - Beatrice M\u00fcller<\/title>\n<meta name=\"robots\" content=\"index, follow, max-snippet:-1, max-image-preview:large, max-video-preview:-1\" \/>\n<link rel=\"canonical\" href=\"https:\/\/beatrice-mueller.de\/fr\/seminaires-et-ateliers-pour-adultes\/\" \/>\n<meta property=\"og:locale\" content=\"fr_FR\" \/>\n<meta property=\"og:type\" content=\"article\" \/>\n<meta property=\"og:title\" content=\"s\u00e9minaires et ateliers pour adultes - Beatrice M\u00fcller\" \/>\n<meta property=\"og:url\" content=\"https:\/\/beatrice-mueller.de\/fr\/seminaires-et-ateliers-pour-adultes\/\" \/>\n<meta property=\"og:site_name\" content=\"Beatrice M\u00fcller\" \/>\n<meta property=\"article:modified_time\" content=\"2025-02-11T09:39:39+00:00\" \/>\n<meta name=\"twitter:card\" content=\"summary_large_image\" \/>\n<meta name=\"twitter:label1\" content=\"Dur\u00e9e de lecture estim\u00e9e\" \/>\n\t<meta name=\"twitter:data1\" content=\"25 minutes\" \/>\n<script type=\"application\/ld+json\" class=\"yoast-schema-graph\">{\"@context\":\"https:\/\/schema.org\",\"@graph\":[{\"@type\":\"WebPage\",\"@id\":\"https:\/\/beatrice-mueller.de\/fr\/seminaires-et-ateliers-pour-adultes\/\",\"url\":\"https:\/\/beatrice-mueller.de\/fr\/seminaires-et-ateliers-pour-adultes\/\",\"name\":\"s\u00e9minaires et ateliers pour adultes - Beatrice M\u00fcller\",\"isPartOf\":{\"@id\":\"https:\/\/beatrice-mueller.de\/fr\/#website\"},\"datePublished\":\"2025-02-11T09:39:38+00:00\",\"dateModified\":\"2025-02-11T09:39:39+00:00\",\"breadcrumb\":{\"@id\":\"https:\/\/beatrice-mueller.de\/fr\/seminaires-et-ateliers-pour-adultes\/#breadcrumb\"},\"inLanguage\":\"fr-FR\",\"potentialAction\":[{\"@type\":\"ReadAction\",\"target\":[\"https:\/\/beatrice-mueller.de\/fr\/seminaires-et-ateliers-pour-adultes\/\"]}]},{\"@type\":\"BreadcrumbList\",\"@id\":\"https:\/\/beatrice-mueller.de\/fr\/seminaires-et-ateliers-pour-adultes\/#breadcrumb\",\"itemListElement\":[{\"@type\":\"ListItem\",\"position\":1,\"name\":\"Startseite\",\"item\":\"https:\/\/beatrice-mueller.de\/fr\/\"},{\"@type\":\"ListItem\",\"position\":2,\"name\":\"s\u00e9minaires et ateliers pour adultes\"}]},{\"@type\":\"WebSite\",\"@id\":\"https:\/\/beatrice-mueller.de\/fr\/#website\",\"url\":\"https:\/\/beatrice-mueller.de\/fr\/\",\"name\":\"Beatrice M\u00fcller\",\"description\":\"Schmuckdesign\",\"potentialAction\":[{\"@type\":\"SearchAction\",\"target\":{\"@type\":\"EntryPoint\",\"urlTemplate\":\"https:\/\/beatrice-mueller.de\/fr\/?s={search_term_string}\"},\"query-input\":{\"@type\":\"PropertyValueSpecification\",\"valueRequired\":true,\"valueName\":\"search_term_string\"}}],\"inLanguage\":\"fr-FR\"}]}<\/script>\n<!-- \/ Yoast SEO plugin. -->","yoast_head_json":{"title":"s\u00e9minaires et ateliers pour adultes - Beatrice M\u00fcller","robots":{"index":"index","follow":"follow","max-snippet":"max-snippet:-1","max-image-preview":"max-image-preview:large","max-video-preview":"max-video-preview:-1"},"canonical":"https:\/\/beatrice-mueller.de\/fr\/seminaires-et-ateliers-pour-adultes\/","og_locale":"fr_FR","og_type":"article","og_title":"s\u00e9minaires et ateliers pour adultes - Beatrice M\u00fcller","og_url":"https:\/\/beatrice-mueller.de\/fr\/seminaires-et-ateliers-pour-adultes\/","og_site_name":"Beatrice M\u00fcller","article_modified_time":"2025-02-11T09:39:39+00:00","twitter_card":"summary_large_image","twitter_misc":{"Dur\u00e9e de lecture estim\u00e9e":"25 minutes"},"schema":{"@context":"https:\/\/schema.org","@graph":[{"@type":"WebPage","@id":"https:\/\/beatrice-mueller.de\/fr\/seminaires-et-ateliers-pour-adultes\/","url":"https:\/\/beatrice-mueller.de\/fr\/seminaires-et-ateliers-pour-adultes\/","name":"s\u00e9minaires et ateliers pour adultes - Beatrice M\u00fcller","isPartOf":{"@id":"https:\/\/beatrice-mueller.de\/fr\/#website"},"datePublished":"2025-02-11T09:39:38+00:00","dateModified":"2025-02-11T09:39:39+00:00","breadcrumb":{"@id":"https:\/\/beatrice-mueller.de\/fr\/seminaires-et-ateliers-pour-adultes\/#breadcrumb"},"inLanguage":"fr-FR","potentialAction":[{"@type":"ReadAction","target":["https:\/\/beatrice-mueller.de\/fr\/seminaires-et-ateliers-pour-adultes\/"]}]},{"@type":"BreadcrumbList","@id":"https:\/\/beatrice-mueller.de\/fr\/seminaires-et-ateliers-pour-adultes\/#breadcrumb","itemListElement":[{"@type":"ListItem","position":1,"name":"Startseite","item":"https:\/\/beatrice-mueller.de\/fr\/"},{"@type":"ListItem","position":2,"name":"s\u00e9minaires et ateliers pour adultes"}]},{"@type":"WebSite","@id":"https:\/\/beatrice-mueller.de\/fr\/#website","url":"https:\/\/beatrice-mueller.de\/fr\/","name":"Beatrice M\u00fcller","description":"Schmuckdesign","potentialAction":[{"@type":"SearchAction","target":{"@type":"EntryPoint","urlTemplate":"https:\/\/beatrice-mueller.de\/fr\/?s={search_term_string}"},"query-input":{"@type":"PropertyValueSpecification","valueRequired":true,"valueName":"search_term_string"}}],"inLanguage":"fr-FR"}]}},"_links":{"self":[{"href":"https:\/\/beatrice-mueller.de\/fr\/wp-json\/wp\/v2\/pages\/19485","targetHints":{"allow":["GET"]}}],"collection":[{"href":"https:\/\/beatrice-mueller.de\/fr\/wp-json\/wp\/v2\/pages"}],"about":[{"href":"https:\/\/beatrice-mueller.de\/fr\/wp-json\/wp\/v2\/types\/page"}],"author":[{"embeddable":true,"href":"https:\/\/beatrice-mueller.de\/fr\/wp-json\/wp\/v2\/users\/1"}],"replies":[{"embeddable":true,"href":"https:\/\/beatrice-mueller.de\/fr\/wp-json\/wp\/v2\/comments?post=19485"}],"version-history":[{"count":1,"href":"https:\/\/beatrice-mueller.de\/fr\/wp-json\/wp\/v2\/pages\/19485\/revisions"}],"predecessor-version":[{"id":19488,"href":"https:\/\/beatrice-mueller.de\/fr\/wp-json\/wp\/v2\/pages\/19485\/revisions\/19488"}],"wp:attachment":[{"href":"https:\/\/beatrice-mueller.de\/fr\/wp-json\/wp\/v2\/media?parent=19485"}],"curies":[{"name":"wp","href":"https:\/\/api.w.org\/{rel}","templated":true}]}}