{"id":19489,"date":"2025-02-11T10:39:39","date_gmt":"2025-02-11T09:39:39","guid":{"rendered":"https:\/\/beatrice-mueller.de\/mentor\/"},"modified":"2025-05-06T02:59:55","modified_gmt":"2025-05-06T00:59:55","slug":"mentor","status":"publish","type":"page","link":"https:\/\/beatrice-mueller.de\/fr\/mentor\/","title":{"rendered":"mentor"},"content":{"rendered":"\n<style type=\"text\/css\" data-created_by=\"avia_inline_auto\" id=\"style-css-av-kw4xaas2-dc721bc96a54088a973f71629d2d87c3\">\n.avia-section.av-kw4xaas2-dc721bc96a54088a973f71629d2d87c3{\nbackground-repeat:no-repeat;\nbackground-image:url(https:\/\/beatrice-mueller.de\/wp-content\/uploads\/2021\/11\/BM_Homepage-Vorlagen_Headerbild_MentorinSpeakerin_NEU.jpg);\nbackground-position:100% 50%;\nbackground-attachment:scroll;\n}\n<\/style>\n<div id='av_section_1'  class='avia-section av-kw4xaas2-dc721bc96a54088a973f71629d2d87c3 main_color avia-section-default avia-no-border-styling  avia-builder-el-0  el_before_av_one_half  avia-builder-el-first  avia-full-stretch avia-bg-style-scroll av-minimum-height av-minimum-height-75 av-height-75  container_wrap sidebar_right'  data-section-bg-repeat='stretch' data-av_minimum_height_pc='75' data-av_min_height_opt='75'><div class='container av-section-cont-open' ><main  role=\"main\" itemprop=\"mainContentOfPage\"  class='template-page content  av-content-small alpha units'><div class='post-entry post-entry-type-page post-entry-19489'><div class='entry-content-wrapper clearfix'>\n\n<style type=\"text\/css\" data-created_by=\"avia_inline_auto\" id=\"style-css-av-8r3ji-000cbc7e70d4eaa55e58045aeac1eb6a\">\n#top .av-special-heading.av-8r3ji-000cbc7e70d4eaa55e58045aeac1eb6a{\npadding-bottom:10px;\ncolor:#ffffff;\n}\nbody .av-special-heading.av-8r3ji-000cbc7e70d4eaa55e58045aeac1eb6a .av-special-heading-tag .heading-char{\nfont-size:25px;\n}\n.av-special-heading.av-8r3ji-000cbc7e70d4eaa55e58045aeac1eb6a .special-heading-inner-border{\nborder-color:#ffffff;\n}\n.av-special-heading.av-8r3ji-000cbc7e70d4eaa55e58045aeac1eb6a .av-subheading{\nfont-size:34px;\n}\n<\/style>\n<div  class='av-special-heading av-8r3ji-000cbc7e70d4eaa55e58045aeac1eb6a av-special-heading-h1 custom-color-heading blockquote modern-quote modern-centered  avia-builder-el-1  avia-builder-el-no-sibling '><h1 class='av-special-heading-tag '  itemprop=\"headline\"  >COACHING &#8211;<\/h1><div class='av_custom_color av-subheading av-subheading_below'><p>IL EST TEMPS DE NOUS DONNER DE LA VISIBILIT\u00c9<br \/>\n A LOUER!<\/p>\n<\/div><div class=\"special-heading-border\"><div class=\"special-heading-inner-border\"><\/div><\/div><\/div>\n<\/div><\/div><\/main><!-- close content main element --><\/div><\/div><div id='after_section_1'  class='main_color av_default_container_wrap container_wrap sidebar_right'  ><div class='container av-section-cont-open' ><div class='template-page content  av-content-small alpha units'><div class='post-entry post-entry-type-page post-entry-19489'><div class='entry-content-wrapper clearfix'><div  class='flex_column av-3ren26-93d9d155e30df5a489a52a920276d8cc av_one_half  avia-builder-el-2  el_after_av_section  el_before_av_one_half  avia-builder-el-first  first flex_column_div  '     ><section  class='av_textblock_section av-lzi4d45i-f73651d57eb3d028b9b23e4c1a4a1bd6 '   itemscope=\"itemscope\" itemtype=\"https:\/\/schema.org\/CreativeWork\" ><div class='avia_textblock'  itemprop=\"text\" ><p>\u00ab Je sens ce qui fait bouger les gens, je reconnais leurs besoins et leur potentiel. En tant qu&#8217;artiste, j&#8217;en fais des bijoux, en tant que mentor, je montre la voie \u00e0 suivre. \u00bb<\/p>\n<p>Beatrice M\u00fcller<\/p>\n<p>O\u00f9 vous situez-vous en tant que personne et en tant qu\u2019entrepreneur ? O\u00f9 souhaites-tu aller ? Quels sont vos dons et vos capacit\u00e9s ? O\u00f9 sont le potentiel inexploit\u00e9 et les opportunit\u00e9s cach\u00e9es ? O\u00f9 sont les obstacles et comment peuvent-ils \u00eatre \u00e9limin\u00e9s ?    <\/p>\n<p>Beatrice M\u00fcller \u00e9laborera tout cela avec vous en tant que mentor. Elle analyse d\u2019abord en d\u00e9tail votre situation personnelle et professionnelle, en extrait \u00e9tape par \u00e9tape les objectifs et les chemins de votre r\u00e9ussite et vous accompagne sur ce chemin.<\/p>\n<\/div><\/section><\/div><\/p>\n<div  class='flex_column av-23xv5q-7dac96f31ba0eca5b7b9c1140228524d av_one_half  avia-builder-el-4  el_after_av_one_half  el_before_av_textblock  flex_column_div  '     ><section  class='av_textblock_section av-lzi4cnzr-0a3edb4af7ad0c117a6d8ca84712a9c9 '   itemscope=\"itemscope\" itemtype=\"https:\/\/schema.org\/CreativeWork\" ><div class='avia_textblock'  itemprop=\"text\" ><p><strong>Aper\u00e7u des services :<\/strong><\/p>\n<p> \u2022 Analyse personnelle et professionnelle actuelle et cibl\u00e9e<\/p>\n<p> \u2022 Conseils sur le potentiel et les perspectives personnelles et entrepreneuriales<\/p>\n<p> \u2022 Gestion du changement personnel et corporatif<\/p>\n<p> \u2022 Conseils sur les facteurs de stress et la gestion du stress<\/p>\n<p> \u2022 Conseils en d\u00e9veloppement cr\u00e9atif dans le domaine personnel et au niveau produit<\/p>\n<\/div><\/section><\/div>\n<section  class='av_textblock_section av-2le2we-54ed797f89f95c1613c55f68bedc1927 '   itemscope=\"itemscope\" itemtype=\"https:\/\/schema.org\/CreativeWork\" ><div class='avia_textblock'  itemprop=\"text\" ><\/div><\/section>\n","protected":false},"excerpt":{"rendered":"","protected":false},"author":1,"featured_media":0,"parent":0,"menu_order":0,"comment_status":"closed","ping_status":"closed","template":"","meta":{"_glsr_average":0,"_glsr_ranking":0,"_glsr_reviews":0,"footnotes":""},"class_list":["post-19489","page","type-page","status-publish","hentry"],"yoast_head":"<!-- This site is optimized with the Yoast SEO plugin v25.6 - https:\/\/yoast.com\/wordpress\/plugins\/seo\/ -->\n<title>mentor - Beatrice M\u00fcller<\/title>\n<meta name=\"description\" content=\"\u00ab Je sens ce qui fait bouger les gens, je reconnais leurs besoins et leur potentiel. En tant qu\u2019artiste, j\u2019en fais des bijoux, en tant que mentor\u2026\" \/>\n<meta name=\"robots\" content=\"index, follow, max-snippet:-1, max-image-preview:large, max-video-preview:-1\" \/>\n<link rel=\"canonical\" href=\"https:\/\/beatrice-mueller.de\/fr\/mentor\/\" \/>\n<meta property=\"og:locale\" content=\"fr_FR\" \/>\n<meta property=\"og:type\" content=\"article\" \/>\n<meta property=\"og:title\" content=\"mentor - Beatrice M\u00fcller\" \/>\n<meta property=\"og:description\" content=\"\u00ab Je sens ce qui fait bouger les gens, je reconnais leurs besoins et leur potentiel. En tant qu\u2019artiste, j\u2019en fais des bijoux, en tant que mentor\u2026\" \/>\n<meta property=\"og:url\" content=\"https:\/\/beatrice-mueller.de\/fr\/mentor\/\" \/>\n<meta property=\"og:site_name\" content=\"Beatrice M\u00fcller\" \/>\n<meta property=\"article:modified_time\" content=\"2025-05-06T00:59:55+00:00\" \/>\n<meta name=\"twitter:card\" content=\"summary_large_image\" \/>\n<meta name=\"twitter:label1\" content=\"Dur\u00e9e de lecture estim\u00e9e\" \/>\n\t<meta name=\"twitter:data1\" content=\"9 minutes\" \/>\n<script type=\"application\/ld+json\" class=\"yoast-schema-graph\">{\"@context\":\"https:\/\/schema.org\",\"@graph\":[{\"@type\":\"WebPage\",\"@id\":\"https:\/\/beatrice-mueller.de\/fr\/mentor\/\",\"url\":\"https:\/\/beatrice-mueller.de\/fr\/mentor\/\",\"name\":\"mentor - Beatrice M\u00fcller\",\"isPartOf\":{\"@id\":\"https:\/\/beatrice-mueller.de\/fr\/#website\"},\"datePublished\":\"2025-02-11T09:39:39+00:00\",\"dateModified\":\"2025-05-06T00:59:55+00:00\",\"description\":\"\u00ab Je sens ce qui fait bouger les gens, je reconnais leurs besoins et leur potentiel. En tant qu\u2019artiste, j\u2019en fais des bijoux, en tant que mentor\u2026\",\"breadcrumb\":{\"@id\":\"https:\/\/beatrice-mueller.de\/fr\/mentor\/#breadcrumb\"},\"inLanguage\":\"fr-FR\",\"potentialAction\":[{\"@type\":\"ReadAction\",\"target\":[\"https:\/\/beatrice-mueller.de\/fr\/mentor\/\"]}]},{\"@type\":\"BreadcrumbList\",\"@id\":\"https:\/\/beatrice-mueller.de\/fr\/mentor\/#breadcrumb\",\"itemListElement\":[{\"@type\":\"ListItem\",\"position\":1,\"name\":\"Startseite\",\"item\":\"https:\/\/beatrice-mueller.de\/fr\/\"},{\"@type\":\"ListItem\",\"position\":2,\"name\":\"mentor\"}]},{\"@type\":\"WebSite\",\"@id\":\"https:\/\/beatrice-mueller.de\/fr\/#website\",\"url\":\"https:\/\/beatrice-mueller.de\/fr\/\",\"name\":\"Beatrice M\u00fcller\",\"description\":\"Schmuckdesign\",\"potentialAction\":[{\"@type\":\"SearchAction\",\"target\":{\"@type\":\"EntryPoint\",\"urlTemplate\":\"https:\/\/beatrice-mueller.de\/fr\/?s={search_term_string}\"},\"query-input\":{\"@type\":\"PropertyValueSpecification\",\"valueRequired\":true,\"valueName\":\"search_term_string\"}}],\"inLanguage\":\"fr-FR\"}]}<\/script>\n<!-- \/ Yoast SEO plugin. -->","yoast_head_json":{"title":"mentor - Beatrice M\u00fcller","description":"\u00ab Je sens ce qui fait bouger les gens, je reconnais leurs besoins et leur potentiel. En tant qu\u2019artiste, j\u2019en fais des bijoux, en tant que mentor\u2026","robots":{"index":"index","follow":"follow","max-snippet":"max-snippet:-1","max-image-preview":"max-image-preview:large","max-video-preview":"max-video-preview:-1"},"canonical":"https:\/\/beatrice-mueller.de\/fr\/mentor\/","og_locale":"fr_FR","og_type":"article","og_title":"mentor - Beatrice M\u00fcller","og_description":"\u00ab Je sens ce qui fait bouger les gens, je reconnais leurs besoins et leur potentiel. En tant qu\u2019artiste, j\u2019en fais des bijoux, en tant que mentor\u2026","og_url":"https:\/\/beatrice-mueller.de\/fr\/mentor\/","og_site_name":"Beatrice M\u00fcller","article_modified_time":"2025-05-06T00:59:55+00:00","twitter_card":"summary_large_image","twitter_misc":{"Dur\u00e9e de lecture estim\u00e9e":"9 minutes"},"schema":{"@context":"https:\/\/schema.org","@graph":[{"@type":"WebPage","@id":"https:\/\/beatrice-mueller.de\/fr\/mentor\/","url":"https:\/\/beatrice-mueller.de\/fr\/mentor\/","name":"mentor - Beatrice M\u00fcller","isPartOf":{"@id":"https:\/\/beatrice-mueller.de\/fr\/#website"},"datePublished":"2025-02-11T09:39:39+00:00","dateModified":"2025-05-06T00:59:55+00:00","description":"\u00ab Je sens ce qui fait bouger les gens, je reconnais leurs besoins et leur potentiel. En tant qu\u2019artiste, j\u2019en fais des bijoux, en tant que mentor\u2026","breadcrumb":{"@id":"https:\/\/beatrice-mueller.de\/fr\/mentor\/#breadcrumb"},"inLanguage":"fr-FR","potentialAction":[{"@type":"ReadAction","target":["https:\/\/beatrice-mueller.de\/fr\/mentor\/"]}]},{"@type":"BreadcrumbList","@id":"https:\/\/beatrice-mueller.de\/fr\/mentor\/#breadcrumb","itemListElement":[{"@type":"ListItem","position":1,"name":"Startseite","item":"https:\/\/beatrice-mueller.de\/fr\/"},{"@type":"ListItem","position":2,"name":"mentor"}]},{"@type":"WebSite","@id":"https:\/\/beatrice-mueller.de\/fr\/#website","url":"https:\/\/beatrice-mueller.de\/fr\/","name":"Beatrice M\u00fcller","description":"Schmuckdesign","potentialAction":[{"@type":"SearchAction","target":{"@type":"EntryPoint","urlTemplate":"https:\/\/beatrice-mueller.de\/fr\/?s={search_term_string}"},"query-input":{"@type":"PropertyValueSpecification","valueRequired":true,"valueName":"search_term_string"}}],"inLanguage":"fr-FR"}]}},"_links":{"self":[{"href":"https:\/\/beatrice-mueller.de\/fr\/wp-json\/wp\/v2\/pages\/19489","targetHints":{"allow":["GET"]}}],"collection":[{"href":"https:\/\/beatrice-mueller.de\/fr\/wp-json\/wp\/v2\/pages"}],"about":[{"href":"https:\/\/beatrice-mueller.de\/fr\/wp-json\/wp\/v2\/types\/page"}],"author":[{"embeddable":true,"href":"https:\/\/beatrice-mueller.de\/fr\/wp-json\/wp\/v2\/users\/1"}],"replies":[{"embeddable":true,"href":"https:\/\/beatrice-mueller.de\/fr\/wp-json\/wp\/v2\/comments?post=19489"}],"version-history":[{"count":2,"href":"https:\/\/beatrice-mueller.de\/fr\/wp-json\/wp\/v2\/pages\/19489\/revisions"}],"predecessor-version":[{"id":34658,"href":"https:\/\/beatrice-mueller.de\/fr\/wp-json\/wp\/v2\/pages\/19489\/revisions\/34658"}],"wp:attachment":[{"href":"https:\/\/beatrice-mueller.de\/fr\/wp-json\/wp\/v2\/media?parent=19489"}],"curies":[{"name":"wp","href":"https:\/\/api.w.org\/{rel}","templated":true}]}}