{"id":27004,"date":"2025-03-20T03:47:10","date_gmt":"2025-03-20T02:47:10","guid":{"rendered":"https:\/\/beatrice-mueller.de\/gestion-du-bureau-daffaires\/"},"modified":"2025-09-17T15:20:39","modified_gmt":"2025-09-17T13:20:39","slug":"gestion-du-bureau-daffaires","status":"publish","type":"page","link":"https:\/\/beatrice-mueller.de\/fr\/gestion-du-bureau-daffaires\/","title":{"rendered":"Gestion du bureau d&#8217;affaires"},"content":{"rendered":"<div id='av_section_1'  class='avia-section av-85t0lgn-ebb4926a26c8d4761e0a6f554dfb2540 main_color avia-section-default avia-no-border-styling  avia-builder-el-0  el_before_av_section  avia-builder-el-first  avia-bg-style-scroll container_wrap sidebar_right'  ><div class='container av-section-cont-open' ><main  role=\"main\" itemprop=\"mainContentOfPage\"  class='template-page content  av-content-small alpha units'><div class='post-entry post-entry-type-page post-entry-27004'><div class='entry-content-wrapper clearfix'>\n<div class='flex_column_table av-7f2j8x3-77dbd67136e5382d407cd0be7dd1ea27 sc-av_one_full av-equal-height-column-flextable'>\n<style type=\"text\/css\" data-created_by=\"avia_inline_auto\" id=\"style-css-av-7f2j8x3-77dbd67136e5382d407cd0be7dd1ea27\">\n#top .flex_column_table.av-equal-height-column-flextable.av-7f2j8x3-77dbd67136e5382d407cd0be7dd1ea27{\nmargin-top:0px;\nmargin-bottom:0px;\n}\n.flex_column.av-7f2j8x3-77dbd67136e5382d407cd0be7dd1ea27{\npadding:0 30px 0 30px;\n}\n<\/style>\n<div  class='flex_column av-7f2j8x3-77dbd67136e5382d407cd0be7dd1ea27 av_one_full  avia-builder-el-1  el_before_av_two_third  avia-builder-el-first  first no_margin flex_column_table_cell av-equal-height-column av-align-top  '     ><style type=\"text\/css\" data-created_by=\"avia_inline_auto\" id=\"style-css-av-56u971j-a1edeb373d4ded1cf3bfa6fb7d8e45bd\">\n#top .av-special-heading.av-56u971j-a1edeb373d4ded1cf3bfa6fb7d8e45bd{\npadding-bottom:10px;\n}\nbody .av-special-heading.av-56u971j-a1edeb373d4ded1cf3bfa6fb7d8e45bd .av-special-heading-tag .heading-char{\nfont-size:25px;\n}\n.av-special-heading.av-56u971j-a1edeb373d4ded1cf3bfa6fb7d8e45bd .av-subheading{\nfont-size:15px;\n}\n<\/style>\n<div  class='av-special-heading av-56u971j-a1edeb373d4ded1cf3bfa6fb7d8e45bd av-special-heading-h1 blockquote modern-quote  avia-builder-el-2  avia-builder-el-no-sibling '><h1 class='av-special-heading-tag '  itemprop=\"headline\"  >Administrateur d\u2019entreprise \u2013 Assistant de direction \/ Secr\u00e9tariat (h\/f\/d)<\/h1><div class=\"special-heading-border\"><div class=\"special-heading-inner-border\"><\/div><\/div><\/div><\/div><\/div><!--close column table wrapper. Autoclose: 1 --><div class='flex_column_table av-5m9bmbr-e1e6bf50320cc2fec940ac561ae9903b sc-av_two_third av-equal-height-column-flextable'>\n<style type=\"text\/css\" data-created_by=\"avia_inline_auto\" id=\"style-css-av-5m9bmbr-e1e6bf50320cc2fec940ac561ae9903b\">\n.flex_column.av-5m9bmbr-e1e6bf50320cc2fec940ac561ae9903b{\nwidth:65.6666666667%;\nmargin-left:0;\npadding:0 30px 30px 30px;\n}\n#top .flex_column_table.av-equal-height-column-flextable.av-5m9bmbr-e1e6bf50320cc2fec940ac561ae9903b .av-flex-placeholder{\nwidth:3%;\n}\n<\/style>\n<div  class='flex_column av-5m9bmbr-e1e6bf50320cc2fec940ac561ae9903b av_two_third  avia-builder-el-3  el_after_av_one_full  el_before_av_one_third  first flex_column_table_cell av-equal-height-column av-align-top  column-top-margin'     ><p><section  class='av_textblock_section av-78sgyiv-c2b6dabcaa03e972f3f9e31cd8318c32 '   itemscope=\"itemscope\" itemtype=\"https:\/\/schema.org\/CreativeWork\" ><div class='avia_textblock'  itemprop=\"text\" ><p>Pour agrandir notre \u00e9quipe, nous recherchons un Administrateur d&#8217;Affaires &#8211; Gestion de Bureau<br \/>\n Assistant d&#8217;\u00e9quipe \/ Secr\u00e9taire (h\/f\/d)<\/p>\n<\/div><\/section><br \/>\n\n<style type=\"text\/css\" data-created_by=\"avia_inline_auto\" id=\"style-css-av-6s1ppon-f29efe63fc19b312a50e8996a93edea9\">\n#top .av-special-heading.av-6s1ppon-f29efe63fc19b312a50e8996a93edea9{\npadding-bottom:10px;\n}\nbody .av-special-heading.av-6s1ppon-f29efe63fc19b312a50e8996a93edea9 .av-special-heading-tag .heading-char{\nfont-size:25px;\n}\n.av-special-heading.av-6s1ppon-f29efe63fc19b312a50e8996a93edea9 .av-subheading{\nfont-size:15px;\n}\n<\/style>\n<div  class='av-special-heading av-6s1ppon-f29efe63fc19b312a50e8996a93edea9 av-special-heading-h2 blockquote modern-quote  avia-builder-el-5  el_after_av_textblock  el_before_av_textblock '><h2 class='av-special-heading-tag '  itemprop=\"headline\"  >Vos t\u00e2ches<\/h2><div class=\"special-heading-border\"><div class=\"special-heading-inner-border\"><\/div><\/div><\/div><br \/>\n<section  class='av_textblock_section av-m88263rp-5644f30a6859a30de4c2455e544bf1ad '   itemscope=\"itemscope\" itemtype=\"https:\/\/schema.org\/CreativeWork\" ><div class='avia_textblock'  itemprop=\"text\" ><ul>\n<li>Accompagnement et soulagement de la direction dans les activit\u00e9s quotidiennes<\/li>\n<li>Rendez-vous et planification structur\u00e9e des processus<\/li>\n<li>Accompagner l&#8217;\u00e9quipe dans la pr\u00e9paration des espaces de vente, notamment l&#8217;accueil des clients, la propret\u00e9 g\u00e9n\u00e9rale<\/li>\n<li>Si n\u00e9cessaire, mener des discussions commerciales (sera form\u00e9 si n\u00e9cessaire), cr\u00e9er des statistiques et des pr\u00e9sentations<\/li>\n<li>Travail de bureau g\u00e9n\u00e9ral, recherche sur Internet, maintenance de bases de donn\u00e9es<\/li>\n<li>Cr\u00e9ation de formulaires et de documents \u00e9galement dans Excel<\/li>\n<\/ul>\n<\/div><\/section><br \/>\n\n<style type=\"text\/css\" data-created_by=\"avia_inline_auto\" id=\"style-css-av-m88230no-bea6581c1b2f93badf2afdcfb8cae4fb\">\n#top .av-special-heading.av-m88230no-bea6581c1b2f93badf2afdcfb8cae4fb{\npadding-bottom:10px;\n}\nbody .av-special-heading.av-m88230no-bea6581c1b2f93badf2afdcfb8cae4fb .av-special-heading-tag .heading-char{\nfont-size:25px;\n}\n.av-special-heading.av-m88230no-bea6581c1b2f93badf2afdcfb8cae4fb .av-subheading{\nfont-size:15px;\n}\n<\/style>\n<div  class='av-special-heading av-m88230no-bea6581c1b2f93badf2afdcfb8cae4fb av-special-heading-h2 blockquote modern-quote  avia-builder-el-7  el_after_av_textblock  el_before_av_textblock '><h2 class='av-special-heading-tag '  itemprop=\"headline\"  >Votre profil<\/h2><div class=\"special-heading-border\"><div class=\"special-heading-inner-border\"><\/div><\/div><\/div><br \/>\n<section  class='av_textblock_section av-m8826vgn-b4283637221cf4f977419a2e7ede30e6 '   itemscope=\"itemscope\" itemtype=\"https:\/\/schema.org\/CreativeWork\" ><div class='avia_textblock'  itemprop=\"text\" ><ul>\n<li>Formation commerciale termin\u00e9e avec succ\u00e8s<\/li>\n<li>Connaissance de Word, Excel et Outlook<\/li>\n<li>Tr\u00e8s bonnes comp\u00e9tences \u00e9crites et orales en allemand, la connaissance de l&#8217;anglais est un avantage<\/li>\n<li>convivialit\u00e9 envers le client<\/li>\n<li>Sens de l&#8217;esth\u00e9tique<\/li>\n<li>Travail pr\u00e9cis, d\u00e9taill\u00e9, tr\u00e8s structur\u00e9 et compr\u00e9hensible<\/li>\n<li>apparence soign\u00e9e, vous \u00eates le repr\u00e9sentant de notre entreprise<\/li>\n<li>travail ind\u00e9pendant, fiable et capable de travailler en \u00e9quipe<\/li>\n<\/ul>\n<\/div><\/section><\/p><\/div><div class='av-flex-placeholder'><\/div>\n<style type=\"text\/css\" data-created_by=\"avia_inline_auto\" id=\"style-css-av-4l0nqbr-afb41838e9fe80498a83258f79b12723\">\n.flex_column.av-4l0nqbr-afb41838e9fe80498a83258f79b12723{\nwidth:31.3333333333%;\nmargin-left:0;\npadding:30px 30px 30px 30px;\nbackground-color:#f8f8f8;\n}\n#top .flex_column_table.av-equal-height-column-flextable.av-4l0nqbr-afb41838e9fe80498a83258f79b12723 .av-flex-placeholder{\nwidth:3%;\n}\n<\/style>\n<div  class='flex_column av-4l0nqbr-afb41838e9fe80498a83258f79b12723 av_one_third  avia-builder-el-9  el_after_av_two_third  avia-builder-el-last  flex_column_table_cell av-equal-height-column av-align-top  column-top-margin'     ><p>\n<style type=\"text\/css\" data-created_by=\"avia_inline_auto\" id=\"style-css-av-4qsv0kn-7d48fce52f8ecb8455a2d725949ebd08\">\n#top .av-special-heading.av-4qsv0kn-7d48fce52f8ecb8455a2d725949ebd08{\npadding-bottom:10px;\n}\nbody .av-special-heading.av-4qsv0kn-7d48fce52f8ecb8455a2d725949ebd08 .av-special-heading-tag .heading-char{\nfont-size:25px;\n}\n.av-special-heading.av-4qsv0kn-7d48fce52f8ecb8455a2d725949ebd08 .av-subheading{\nfont-size:15px;\n}\n<\/style>\n<div  class='av-special-heading av-4qsv0kn-7d48fce52f8ecb8455a2d725949ebd08 av-special-heading-h2 blockquote modern-quote  avia-builder-el-10  el_before_av_textblock  avia-builder-el-first '><h2 class='av-special-heading-tag '  itemprop=\"headline\"  >Faits<\/h2><div class=\"special-heading-border\"><div class=\"special-heading-inner-border\"><\/div><\/div><\/div><br \/>\n<section  class='av_textblock_section av-m8823qw6-d69981356bcba2c342bbbe16d9f88e26 '   itemscope=\"itemscope\" itemtype=\"https:\/\/schema.org\/CreativeWork\" ><div class='avia_textblock'  itemprop=\"text\" ><p><strong>relation de travail<\/strong><\/p>\n<p>\u00c0 temps plein<\/p>\n<hr>\n<p><strong>D\u00e9but de l&#8217;emploi<\/strong><\/p>\n<p>D\u00e8s que possible<\/p>\n<hr>\n<p><strong>Dur\u00e9e de l&#8217;emploi<\/strong><\/p>\n<p>permanent<\/p>\n<hr>\n<p><strong>Lieu de travail<\/strong><\/p>\n<p>Stein pr\u00e8s de Nuremberg<\/p>\n<hr>\n<\/div><\/section><br \/>\n<div  class='avia-button-wrap av-m8833r79-12a667907bbbfd37f66b567d0b4eb1ec-wrap avia-button-left  avia-builder-el-12  el_after_av_textblock  avia-builder-el-last '><a href='#bewerben'  class='avia-button av-m8833r79-12a667907bbbfd37f66b567d0b4eb1ec av-link-btn avia-icon_select-no avia-size-large avia-position-left avia-color-theme-color'   aria-label=\"Postulez en ligne\"><span class='avia_iconbox_title' >Postulez en ligne<\/span><\/a><\/div><\/p><\/div><\/div><!--close column table wrapper. Autoclose: 1 -->\n\n<\/div><\/div><\/main><!-- close content main element --><\/div><\/div>\n<style type=\"text\/css\" data-created_by=\"avia_inline_auto\" id=\"style-css-av-63wxzrb-20667e5955210c40b5da41bcb9ecb186\">\n.avia-section.av-63wxzrb-20667e5955210c40b5da41bcb9ecb186{\nmargin-top:0px;\nmargin-bottom:0px;\n}\n<\/style>\n<div id='av_section_2'  class='avia-section av-63wxzrb-20667e5955210c40b5da41bcb9ecb186 main_color avia-section-no-padding avia-no-border-styling  avia-builder-el-13  el_after_av_section  el_before_av_section  avia-bg-style-scroll container_wrap sidebar_right'  ><div class='container av-section-cont-open' ><div class='template-page content  av-content-small alpha units'><div class='post-entry post-entry-type-page post-entry-27004'><div class='entry-content-wrapper clearfix'>\n<div class='flex_column_table av-5wyy2uf-19a3573d73d792ef537fb7b512374825 sc-av_three_fifth av-equal-height-column-flextable'>\n<style type=\"text\/css\" data-created_by=\"avia_inline_auto\" id=\"style-css-av-5wyy2uf-19a3573d73d792ef537fb7b512374825\">\n.flex_column.av-5wyy2uf-19a3573d73d792ef537fb7b512374825{\nwidth:58.8%;\nmargin-left:0;\npadding:20px 20px 20px 20px;\n}\n#top .flex_column_table.av-equal-height-column-flextable.av-5wyy2uf-19a3573d73d792ef537fb7b512374825 .av-flex-placeholder{\nwidth:3%;\n}\n<\/style>\n<div  class='flex_column av-5wyy2uf-19a3573d73d792ef537fb7b512374825 av_three_fifth  avia-builder-el-14  el_before_av_two_fifth  avia-builder-el-first  first flex_column_table_cell av-equal-height-column av-align-middle  '     ><p>\n<style type=\"text\/css\" data-created_by=\"avia_inline_auto\" id=\"style-css-av-if7azr-a8176671aaf91bafe3b566692c13153c\">\n#top .av-special-heading.av-if7azr-a8176671aaf91bafe3b566692c13153c{\npadding-bottom:0;\n}\nbody .av-special-heading.av-if7azr-a8176671aaf91bafe3b566692c13153c .av-special-heading-tag .heading-char{\nfont-size:25px;\n}\n.av-special-heading.av-if7azr-a8176671aaf91bafe3b566692c13153c .av-subheading{\nfont-size:15px;\n}\n<\/style>\n<div  class='av-special-heading av-if7azr-a8176671aaf91bafe3b566692c13153c av-special-heading-h2 blockquote modern-quote  avia-builder-el-15  el_before_av_textblock  avia-builder-el-first '><h2 class='av-special-heading-tag '  itemprop=\"headline\"  >\u00c0 propos de l\u2019Atelier Bijoux Objets de Design<\/h2><div class=\"special-heading-border\"><div class=\"special-heading-inner-border\"><\/div><\/div><\/div><br \/>\n<section  class='av_textblock_section av-m8824dr0-b311b28f9b37a6abd04a5e719c52ef50 '   itemscope=\"itemscope\" itemtype=\"https:\/\/schema.org\/CreativeWork\" ><div class='avia_textblock'  itemprop=\"text\" ><p>Une orf\u00e8vrerie proposant des bijoux uniques et des cr\u00e9ations sp\u00e9ciales avec un fort accent sur l&#8217;artisanat, bas\u00e9e \u00e0 Stein, en Moyenne-Franconie. Dans notre studio et atelier, les bijoux sont fabriqu\u00e9s selon des sp\u00e9cifications individuelles. Avec nos marques GLANZ UND GLORIA de Beatrice M\u00fcller et X-Design de Beatrice M\u00fcller et CuNz-x la Mutmachercollection, nous sommes repr\u00e9sent\u00e9s dans le monde entier dans des galeries et bijouteries s\u00e9lectionn\u00e9es.<\/p>\n<\/div><\/section><\/p><\/div><div class='av-flex-placeholder'><\/div>\n<style type=\"text\/css\" data-created_by=\"avia_inline_auto\" id=\"style-css-av-4y7j2fb-1794d11dfa2b156ace914035a5352b0c\">\n.flex_column.av-4y7j2fb-1794d11dfa2b156ace914035a5352b0c{\nwidth:38.2%;\nmargin-left:0;\npadding:20px 20px 20px 20px;\nbackground:url(https:\/\/beatrice-mueller.de\/wp-content\/uploads\/2020\/05\/j4588x3348-9252-2000x1459-1.png) 50% 50% no-repeat scroll #f8f8f8;\n}\n#top .flex_column_table.av-equal-height-column-flextable.av-4y7j2fb-1794d11dfa2b156ace914035a5352b0c .av-flex-placeholder{\nwidth:3%;\n}\n<\/style>\n<div  class='flex_column av-4y7j2fb-1794d11dfa2b156ace914035a5352b0c av_two_fifth  avia-builder-el-17  el_after_av_three_fifth  avia-builder-el-last  flex_column_table_cell av-equal-height-column av-align-middle avia-full-stretch  '     ><\/div><\/div><!--close column table wrapper. Autoclose: 1 -->\n\n<\/div><\/div><\/div><!-- close content main div --><\/div><\/div><div id='bewerben'  class='avia-section av-m88341nz-a61c211772418f2430817b504b1a27db main_color avia-section-default avia-no-border-styling  avia-builder-el-18  el_after_av_section  avia-builder-el-last  avia-bg-style-scroll container_wrap sidebar_right'  ><div class='container av-section-cont-open' ><div class='template-page content  av-content-small alpha units'><div class='post-entry post-entry-type-page post-entry-27004'><div class='entry-content-wrapper clearfix'>\n<div class='flex_column_table av-4an032f-4b6f85193b4e4cb2b3c4d269c49fe423 sc-av_one_half av-equal-height-column-flextable'>\n<style type=\"text\/css\" data-created_by=\"avia_inline_auto\" id=\"style-css-av-4an032f-4b6f85193b4e4cb2b3c4d269c49fe423\">\n.flex_column.av-4an032f-4b6f85193b4e4cb2b3c4d269c49fe423{\nwidth:48.5%;\nmargin-left:0;\npadding:30px 30px 30px 30px;\nbackground-color:#646363;\n}\n#top .flex_column_table.av-equal-height-column-flextable.av-4an032f-4b6f85193b4e4cb2b3c4d269c49fe423 .av-flex-placeholder{\nwidth:3%;\n}\n<\/style>\n<div  class='flex_column av-4an032f-4b6f85193b4e4cb2b3c4d269c49fe423 av_one_half  avia-builder-el-19  el_before_av_one_half  avia-builder-el-first  first flex_column_table_cell av-equal-height-column av-align-top  '     ><p>\n<style type=\"text\/css\" data-created_by=\"avia_inline_auto\" id=\"style-css-av-3usge1z-454abd54ac1746a384299614c359d017\">\n#top .av-special-heading.av-3usge1z-454abd54ac1746a384299614c359d017{\npadding-bottom:10px;\ncolor:#ffffff;\n}\nbody .av-special-heading.av-3usge1z-454abd54ac1746a384299614c359d017 .av-special-heading-tag .heading-char{\nfont-size:25px;\n}\n.av-special-heading.av-3usge1z-454abd54ac1746a384299614c359d017 .special-heading-inner-border{\nborder-color:#ffffff;\n}\n.av-special-heading.av-3usge1z-454abd54ac1746a384299614c359d017 .av-subheading{\nfont-size:15px;\n}\n<\/style>\n<div  class='av-special-heading av-3usge1z-454abd54ac1746a384299614c359d017 av-special-heading-h2 custom-color-heading blockquote modern-quote  avia-builder-el-20  el_before_av_textblock  avia-builder-el-first '><h2 class='av-special-heading-tag '  itemprop=\"headline\"  >Votre candidature en studio<\/h2><div class=\"special-heading-border\"><div class=\"special-heading-inner-border\"><\/div><\/div><\/div><br \/>\n\n<style type=\"text\/css\" data-created_by=\"avia_inline_auto\" id=\"style-css-av-3d8vrjb-28643c9c747354cfddd1e7cbb0e91c43\">\n#top .av_textblock_section.av-3d8vrjb-28643c9c747354cfddd1e7cbb0e91c43 .avia_textblock{\ncolor:#ffffff;\n}\n<\/style>\n<section  class='av_textblock_section av-3d8vrjb-28643c9c747354cfddd1e7cbb0e91c43 '   itemscope=\"itemscope\" itemtype=\"https:\/\/schema.org\/CreativeWork\" ><div class='avia_textblock av_inherit_color'  itemprop=\"text\" ><p>Vous \u00eates motiv\u00e9 et avez des int\u00e9r\u00eats vari\u00e9s ? Dans notre studio, vous avez la possibilit\u00e9 d&#8217;exercer un m\u00e9tier vari\u00e9. Nos clients sont des consommateurs finaux et des entrepreneurs. <\/p>\n<p>Souhaitez-vous devenir membre de notre \u00e9quipe dynamique et cr\u00e9ative? Nous attendons avec impatience de recevoir votre candidature par e-mail : <a href=\"mailto:team@schmuck-design-objekte.de\">team@schmuck-design-objekte.de<\/a> ou via notre formulaire de candidature.<\/p>\n<\/div><\/section><br \/>\n<div  class='avia-button-wrap av-30c2nk7-99f3795d5054c88cb0ed3a9a750d217e-wrap avia-button-left  avia-builder-el-22  el_after_av_textblock  avia-builder-el-last '>\n<style type=\"text\/css\" data-created_by=\"avia_inline_auto\" id=\"style-css-av-30c2nk7-99f3795d5054c88cb0ed3a9a750d217e\">\n#top #wrap_all .avia-button.av-30c2nk7-99f3795d5054c88cb0ed3a9a750d217e:hover{\ncolor:white;\ntransition:all 0.4s ease-in-out;\n}\n<\/style>\n<a href='mailto:team@schmuck-design-objekte.de'  class='avia-button av-30c2nk7-99f3795d5054c88cb0ed3a9a750d217e av-link-btn avia-icon_select-no avia-size-large avia-position-left avia-color-theme-color-subtle avia-font-color-theme-color-subtle'   aria-label=\"Candidature par email\"><span class='avia_iconbox_title' >Candidature par email<\/span><span class='avia_button_background avia-button avia-color-theme-color-highlight' ><\/span><\/a><\/div><\/p><\/div><div class='av-flex-placeholder'><\/div>\n<style type=\"text\/css\" data-created_by=\"avia_inline_auto\" id=\"style-css-av-9ict3b-91f79222a784016986f9b0e325a7daec\">\n.flex_column.av-9ict3b-91f79222a784016986f9b0e325a7daec{\nwidth:48.5%;\nmargin-left:0;\npadding:30px 30px 30px 30px;\nbackground-color:#646363;\n}\n#top .flex_column_table.av-equal-height-column-flextable.av-9ict3b-91f79222a784016986f9b0e325a7daec .av-flex-placeholder{\nwidth:3%;\n}\n<\/style>\n<div  class='flex_column av-9ict3b-91f79222a784016986f9b0e325a7daec av_one_half  avia-builder-el-23  el_after_av_one_half  avia-builder-el-last  flex_column_table_cell av-equal-height-column av-align-top  '     ><form action=\"https:\/\/beatrice-mueller.de\/fr\/gestion-du-bureau-daffaires\/\" method=\"post\" data-fields-with-error=\"Erreurs trouv\u00e9es dans les champs suivants :\" class=\"avia_ajax_form av-form-labels-hidden   avia-builder-el-24  avia-builder-el-no-sibling  av-custom-form-color av-light-form \" data-avia-form-id=\"1\" data-avia-redirect=''  aria-label='Kontaktformular' ><fieldset><p class='  first_form  form_element form_fullwidth' id='element_avia_1_1'><label for=\"avia_1_1\">Nom <abbr class=\"required\" title=\"requis(e)\">*<\/abbr><\/label> <input name=\"avia_1_1\" class=\"text_input is_empty\" type=\"text\" id=\"avia_1_1\" value=\"\"  placeholder='Nom*'\/><\/p><p class='  first_form  form_element form_fullwidth' id='element_avia_2_1'><label for=\"avia_2_1\">e-mail <abbr class=\"required\" title=\"requis(e)\">*<\/abbr><\/label> <input name=\"avia_2_1\" class=\"text_input is_email\" type=\"text\" id=\"avia_2_1\" value=\"\"  placeholder='e-mail*'\/><\/p><p class='  first_form  form_element form_fullwidth' id='element_avia_3_1'><label for=\"avia_3_1\" class=\"textare_label hidden textare_label_avia_3_1\">Nouvelles <abbr class=\"required\" title=\"requis(e)\">*<\/abbr><\/label><textarea  placeholder='Nouvelles*' name=\"avia_3_1\" class=\"text_area is_empty\" cols=\"40\" rows=\"7\" id=\"avia_3_1\" ><\/textarea><\/p><p class=\"hidden\"><input type=\"text\" name=\"avia_4_1\" class=\"hidden \" id=\"avia_4_1\" value=\"\" \/><\/p><p class=' av_form_privacy_check av_contact_privacy_check first_form  form_element form_fullwidth' id='element_avia_5_1'><input  name=\"avia_5_1\" class=\"input_checkbox is_empty\" type=\"checkbox\" id=\"avia_5_1\" value=\"true\"\/><label class=\"input_checkbox_label\" for=\"avia_5_1\">J'ai lu et j'accepte la <a href='https:\/\/beatrice-mueller.de\/datenschutzerklaerung\/' target='_blank' rel=\"noopener\">d\u00e9claration de confidentialit\u00e9<\/a>. <abbr class=\"required\" title=\"requis(e)\">*<\/abbr><\/label><\/p><p class=\"form_element \"><input type=\"hidden\" value=\"1\" name=\"avia_generated_form1\" \/><input type=\"submit\" value=\"Envoyer\" class=\"button\"  data-sending-label=\"Envoi\"\/><\/p><\/fieldset><\/form><div id=\"ajaxresponse_1\" class=\"ajaxresponse ajaxresponse_1 hidden\"><\/div><\/div><\/div><!--close column table wrapper. Autoclose: 1 --><\/div><\/div><\/div><!-- close content main div --><\/div><\/div><div id='after_section_3'  class='main_color av_default_container_wrap container_wrap sidebar_right'  ><div class='container av-section-cont-open' ><div class='template-page content  av-content-small alpha units'><div class='post-entry post-entry-type-page post-entry-27004'><div class='entry-content-wrapper clearfix'>\n","protected":false},"excerpt":{"rendered":"","protected":false},"author":1,"featured_media":0,"parent":0,"menu_order":0,"comment_status":"closed","ping_status":"closed","template":"","meta":{"_glsr_average":0,"_glsr_ranking":0,"_glsr_reviews":0,"footnotes":""},"class_list":["post-27004","page","type-page","status-publish","hentry"],"yoast_head":"<!-- This site is optimized with the Yoast SEO plugin v25.6 - https:\/\/yoast.com\/wordpress\/plugins\/seo\/ -->\n<title>Gestion du bureau d&#039;affaires - Beatrice M\u00fcller<\/title>\n<meta name=\"robots\" content=\"index, follow, max-snippet:-1, max-image-preview:large, max-video-preview:-1\" \/>\n<link rel=\"canonical\" href=\"https:\/\/beatrice-mueller.de\/fr\/gestion-du-bureau-daffaires\/\" \/>\n<meta property=\"og:locale\" content=\"fr_FR\" \/>\n<meta property=\"og:type\" content=\"article\" \/>\n<meta property=\"og:title\" content=\"Gestion du bureau d&#039;affaires - Beatrice M\u00fcller\" \/>\n<meta property=\"og:url\" content=\"https:\/\/beatrice-mueller.de\/fr\/gestion-du-bureau-daffaires\/\" \/>\n<meta property=\"og:site_name\" content=\"Beatrice M\u00fcller\" \/>\n<meta property=\"article:modified_time\" content=\"2025-09-17T13:20:39+00:00\" \/>\n<meta name=\"twitter:card\" content=\"summary_large_image\" \/>\n<meta name=\"twitter:label1\" content=\"Dur\u00e9e de lecture estim\u00e9e\" \/>\n\t<meta name=\"twitter:data1\" content=\"36 minutes\" \/>\n<script type=\"application\/ld+json\" class=\"yoast-schema-graph\">{\"@context\":\"https:\/\/schema.org\",\"@graph\":[{\"@type\":\"WebPage\",\"@id\":\"https:\/\/beatrice-mueller.de\/fr\/gestion-du-bureau-daffaires\/\",\"url\":\"https:\/\/beatrice-mueller.de\/fr\/gestion-du-bureau-daffaires\/\",\"name\":\"Gestion du bureau d'affaires - Beatrice M\u00fcller\",\"isPartOf\":{\"@id\":\"https:\/\/beatrice-mueller.de\/fr\/#website\"},\"datePublished\":\"2025-03-20T02:47:10+00:00\",\"dateModified\":\"2025-09-17T13:20:39+00:00\",\"breadcrumb\":{\"@id\":\"https:\/\/beatrice-mueller.de\/fr\/gestion-du-bureau-daffaires\/#breadcrumb\"},\"inLanguage\":\"fr-FR\",\"potentialAction\":[{\"@type\":\"ReadAction\",\"target\":[\"https:\/\/beatrice-mueller.de\/fr\/gestion-du-bureau-daffaires\/\"]}]},{\"@type\":\"BreadcrumbList\",\"@id\":\"https:\/\/beatrice-mueller.de\/fr\/gestion-du-bureau-daffaires\/#breadcrumb\",\"itemListElement\":[{\"@type\":\"ListItem\",\"position\":1,\"name\":\"Startseite\",\"item\":\"https:\/\/beatrice-mueller.de\/fr\/\"},{\"@type\":\"ListItem\",\"position\":2,\"name\":\"Gestion du bureau d&#8217;affaires\"}]},{\"@type\":\"WebSite\",\"@id\":\"https:\/\/beatrice-mueller.de\/fr\/#website\",\"url\":\"https:\/\/beatrice-mueller.de\/fr\/\",\"name\":\"Beatrice M\u00fcller\",\"description\":\"Schmuckdesign\",\"potentialAction\":[{\"@type\":\"SearchAction\",\"target\":{\"@type\":\"EntryPoint\",\"urlTemplate\":\"https:\/\/beatrice-mueller.de\/fr\/?s={search_term_string}\"},\"query-input\":{\"@type\":\"PropertyValueSpecification\",\"valueRequired\":true,\"valueName\":\"search_term_string\"}}],\"inLanguage\":\"fr-FR\"}]}<\/script>\n<!-- \/ Yoast SEO plugin. -->","yoast_head_json":{"title":"Gestion du bureau d'affaires - Beatrice M\u00fcller","robots":{"index":"index","follow":"follow","max-snippet":"max-snippet:-1","max-image-preview":"max-image-preview:large","max-video-preview":"max-video-preview:-1"},"canonical":"https:\/\/beatrice-mueller.de\/fr\/gestion-du-bureau-daffaires\/","og_locale":"fr_FR","og_type":"article","og_title":"Gestion du bureau d'affaires - Beatrice M\u00fcller","og_url":"https:\/\/beatrice-mueller.de\/fr\/gestion-du-bureau-daffaires\/","og_site_name":"Beatrice M\u00fcller","article_modified_time":"2025-09-17T13:20:39+00:00","twitter_card":"summary_large_image","twitter_misc":{"Dur\u00e9e de lecture estim\u00e9e":"36 minutes"},"schema":{"@context":"https:\/\/schema.org","@graph":[{"@type":"WebPage","@id":"https:\/\/beatrice-mueller.de\/fr\/gestion-du-bureau-daffaires\/","url":"https:\/\/beatrice-mueller.de\/fr\/gestion-du-bureau-daffaires\/","name":"Gestion du bureau d'affaires - Beatrice M\u00fcller","isPartOf":{"@id":"https:\/\/beatrice-mueller.de\/fr\/#website"},"datePublished":"2025-03-20T02:47:10+00:00","dateModified":"2025-09-17T13:20:39+00:00","breadcrumb":{"@id":"https:\/\/beatrice-mueller.de\/fr\/gestion-du-bureau-daffaires\/#breadcrumb"},"inLanguage":"fr-FR","potentialAction":[{"@type":"ReadAction","target":["https:\/\/beatrice-mueller.de\/fr\/gestion-du-bureau-daffaires\/"]}]},{"@type":"BreadcrumbList","@id":"https:\/\/beatrice-mueller.de\/fr\/gestion-du-bureau-daffaires\/#breadcrumb","itemListElement":[{"@type":"ListItem","position":1,"name":"Startseite","item":"https:\/\/beatrice-mueller.de\/fr\/"},{"@type":"ListItem","position":2,"name":"Gestion du bureau d&#8217;affaires"}]},{"@type":"WebSite","@id":"https:\/\/beatrice-mueller.de\/fr\/#website","url":"https:\/\/beatrice-mueller.de\/fr\/","name":"Beatrice M\u00fcller","description":"Schmuckdesign","potentialAction":[{"@type":"SearchAction","target":{"@type":"EntryPoint","urlTemplate":"https:\/\/beatrice-mueller.de\/fr\/?s={search_term_string}"},"query-input":{"@type":"PropertyValueSpecification","valueRequired":true,"valueName":"search_term_string"}}],"inLanguage":"fr-FR"}]}},"_links":{"self":[{"href":"https:\/\/beatrice-mueller.de\/fr\/wp-json\/wp\/v2\/pages\/27004","targetHints":{"allow":["GET"]}}],"collection":[{"href":"https:\/\/beatrice-mueller.de\/fr\/wp-json\/wp\/v2\/pages"}],"about":[{"href":"https:\/\/beatrice-mueller.de\/fr\/wp-json\/wp\/v2\/types\/page"}],"author":[{"embeddable":true,"href":"https:\/\/beatrice-mueller.de\/fr\/wp-json\/wp\/v2\/users\/1"}],"replies":[{"embeddable":true,"href":"https:\/\/beatrice-mueller.de\/fr\/wp-json\/wp\/v2\/comments?post=27004"}],"version-history":[{"count":7,"href":"https:\/\/beatrice-mueller.de\/fr\/wp-json\/wp\/v2\/pages\/27004\/revisions"}],"predecessor-version":[{"id":40515,"href":"https:\/\/beatrice-mueller.de\/fr\/wp-json\/wp\/v2\/pages\/27004\/revisions\/40515"}],"wp:attachment":[{"href":"https:\/\/beatrice-mueller.de\/fr\/wp-json\/wp\/v2\/media?parent=27004"}],"curies":[{"name":"wp","href":"https:\/\/api.w.org\/{rel}","templated":true}]}}