{"id":34687,"date":"2025-05-06T03:25:31","date_gmt":"2025-05-06T01:25:31","guid":{"rendered":"https:\/\/beatrice-mueller.de\/textile-2\/"},"modified":"2025-05-20T03:40:10","modified_gmt":"2025-05-20T01:40:10","slug":"textile-2","status":"publish","type":"page","link":"https:\/\/beatrice-mueller.de\/fr\/textile-2\/","title":{"rendered":"Textile"},"content":{"rendered":"\n<style type=\"text\/css\" data-created_by=\"avia_inline_auto\" id=\"style-css-av-kv870ixm-366fd9bd026a57167032b10dd2ac161f\">\n#top .av-special-heading.av-kv870ixm-366fd9bd026a57167032b10dd2ac161f{\npadding-bottom:10px;\n}\nbody .av-special-heading.av-kv870ixm-366fd9bd026a57167032b10dd2ac161f .av-special-heading-tag .heading-char{\nfont-size:25px;\n}\n.av-special-heading.av-kv870ixm-366fd9bd026a57167032b10dd2ac161f .av-subheading{\nfont-size:15px;\n}\n<\/style>\n<div  class='av-special-heading av-kv870ixm-366fd9bd026a57167032b10dd2ac161f av-special-heading-h1 blockquote modern-quote modern-centered  avia-builder-el-0  el_before_av_textblock  avia-builder-el-first '><h1 class='av-special-heading-tag '  itemprop=\"headline\"  >Textile<\/h1><div class=\"special-heading-border\"><div class=\"special-heading-inner-border\"><\/div><\/div><\/div>\n<section  class='av_textblock_section av-kv870mqa-52746ede04bb3687df10a84aeb784c3e '   itemscope=\"itemscope\" itemtype=\"https:\/\/schema.org\/CreativeWork\" ><div class='avia_textblock'  itemprop=\"text\" ><p style=\"text-align: center;\">Mode, T-shirt, d\u00e9bardeur, Wolford, seconde peau, design de mode<\/p>\n<\/div><\/section>\n<div id='av-masonry-1' class='av-masonry av-kv870vwv-2992f3a61e76acc840dc209e474b43c0 noHover av-fixed-size av-large-gap av-hover-overlay-grayscale av-masonry-animation-active av-masonry-col-4 av-caption-on-hover av-caption-style- av-masonry-entries av-orientation-portrait ' data-post_id=\"34687\"><div class=\"av-masonry-container isotope av-js-disabled\"><div class='av-masonry-entry isotope-item av-masonry-item-no-image '><\/div><a href=\"https:\/\/beatrice-mueller.de\/fr\/kollektion\/seconde-peau-2\/\"  id='av-masonry-1-item-34351' data-av-masonry-item='34351' class='av-masonry-entry isotope-item post-34351 portfolio type-portfolio status-publish has-post-thumbnail hentry portfolio_entries-textile-fr  av-masonry-item-with-image' title=\"header-secondskin-1\"   itemscope=\"itemscope\" itemtype=\"https:\/\/schema.org\/CreativeWork\" ><div class='av-inner-masonry-sizer'><\/div><figure class='av-inner-masonry main_color'><div class=\"av-masonry-outerimage-container\"><div class='av-masonry-image-container' style=\"background-image: url(https:\/\/beatrice-mueller.de\/wp-content\/uploads\/2021\/09\/header-secondskin-1.jpg);\"  title=\"header-secondskin-1\" ><\/div><\/div><figcaption class='av-inner-masonry-content site-background'><div class='av-inner-masonry-content-pos'><div class='av-inner-masonry-content-pos-content'><div class='avia-arrow'><\/div><h3 class='av-masonry-entry-title entry-title '  itemprop=\"headline\" >Seconde Peau\u00ae<\/h3><\/div><\/div><\/figcaption><\/figure><\/a><!--end av-masonry entry--><\/div><\/div>\n","protected":false},"excerpt":{"rendered":"","protected":false},"author":1,"featured_media":19450,"parent":0,"menu_order":0,"comment_status":"open","ping_status":"open","template":"","meta":{"_glsr_average":0,"_glsr_ranking":0,"_glsr_reviews":0,"footnotes":""},"class_list":["post-34687","page","type-page","status-publish","has-post-thumbnail","hentry"],"yoast_head":"<!-- This site is optimized with the Yoast SEO plugin v25.6 - https:\/\/yoast.com\/wordpress\/plugins\/seo\/ -->\n<title>Textile - Beatrice M\u00fcller<\/title>\n<meta name=\"description\" content=\"D\u00e9couvrez nos textiles : Mode, T-shirt, d\u00e9bardeur, Wolford, seconde peau, design de mode\" \/>\n<meta name=\"robots\" content=\"index, follow, max-snippet:-1, max-image-preview:large, max-video-preview:-1\" \/>\n<link rel=\"canonical\" href=\"https:\/\/beatrice-mueller.de\/fr\/textile-2\/\" \/>\n<meta property=\"og:locale\" content=\"fr_FR\" \/>\n<meta property=\"og:type\" content=\"article\" \/>\n<meta property=\"og:title\" content=\"Textile - Beatrice M\u00fcller\" \/>\n<meta property=\"og:description\" content=\"D\u00e9couvrez nos textiles : Mode, T-shirt, d\u00e9bardeur, Wolford, seconde peau, design de mode\" \/>\n<meta property=\"og:url\" content=\"https:\/\/beatrice-mueller.de\/fr\/textile-2\/\" \/>\n<meta property=\"og:site_name\" content=\"Beatrice M\u00fcller\" \/>\n<meta property=\"article:modified_time\" content=\"2025-05-20T01:40:10+00:00\" \/>\n<meta property=\"og:image\" content=\"https:\/\/beatrice-mueller.de\/wp-content\/uploads\/2021\/09\/titelbild_uebersichtsseite_textil.jpg\" \/>\n\t<meta property=\"og:image:width\" content=\"280\" \/>\n\t<meta property=\"og:image:height\" content=\"380\" \/>\n\t<meta property=\"og:image:type\" content=\"image\/jpeg\" \/>\n<meta name=\"twitter:card\" content=\"summary_large_image\" \/>\n<meta name=\"twitter:label1\" content=\"Dur\u00e9e de lecture estim\u00e9e\" \/>\n\t<meta name=\"twitter:data1\" content=\"1 minute\" \/>\n<script type=\"application\/ld+json\" class=\"yoast-schema-graph\">{\"@context\":\"https:\/\/schema.org\",\"@graph\":[{\"@type\":\"WebPage\",\"@id\":\"https:\/\/beatrice-mueller.de\/fr\/textile-2\/\",\"url\":\"https:\/\/beatrice-mueller.de\/fr\/textile-2\/\",\"name\":\"Textile - Beatrice M\u00fcller\",\"isPartOf\":{\"@id\":\"https:\/\/beatrice-mueller.de\/fr\/#website\"},\"primaryImageOfPage\":{\"@id\":\"https:\/\/beatrice-mueller.de\/fr\/textile-2\/#primaryimage\"},\"image\":{\"@id\":\"https:\/\/beatrice-mueller.de\/fr\/textile-2\/#primaryimage\"},\"thumbnailUrl\":\"https:\/\/beatrice-mueller.de\/wp-content\/uploads\/2021\/09\/titelbild_uebersichtsseite_textil.jpg\",\"datePublished\":\"2025-05-06T01:25:31+00:00\",\"dateModified\":\"2025-05-20T01:40:10+00:00\",\"description\":\"D\u00e9couvrez nos textiles : Mode, T-shirt, d\u00e9bardeur, Wolford, seconde peau, design de mode\",\"breadcrumb\":{\"@id\":\"https:\/\/beatrice-mueller.de\/fr\/textile-2\/#breadcrumb\"},\"inLanguage\":\"fr-FR\",\"potentialAction\":[{\"@type\":\"ReadAction\",\"target\":[\"https:\/\/beatrice-mueller.de\/fr\/textile-2\/\"]}]},{\"@type\":\"ImageObject\",\"inLanguage\":\"fr-FR\",\"@id\":\"https:\/\/beatrice-mueller.de\/fr\/textile-2\/#primaryimage\",\"url\":\"https:\/\/beatrice-mueller.de\/wp-content\/uploads\/2021\/09\/titelbild_uebersichtsseite_textil.jpg\",\"contentUrl\":\"https:\/\/beatrice-mueller.de\/wp-content\/uploads\/2021\/09\/titelbild_uebersichtsseite_textil.jpg\",\"width\":280,\"height\":380},{\"@type\":\"BreadcrumbList\",\"@id\":\"https:\/\/beatrice-mueller.de\/fr\/textile-2\/#breadcrumb\",\"itemListElement\":[{\"@type\":\"ListItem\",\"position\":1,\"name\":\"Startseite\",\"item\":\"https:\/\/beatrice-mueller.de\/fr\/\"},{\"@type\":\"ListItem\",\"position\":2,\"name\":\"Textile\"}]},{\"@type\":\"WebSite\",\"@id\":\"https:\/\/beatrice-mueller.de\/fr\/#website\",\"url\":\"https:\/\/beatrice-mueller.de\/fr\/\",\"name\":\"Beatrice M\u00fcller\",\"description\":\"Schmuckdesign\",\"potentialAction\":[{\"@type\":\"SearchAction\",\"target\":{\"@type\":\"EntryPoint\",\"urlTemplate\":\"https:\/\/beatrice-mueller.de\/fr\/?s={search_term_string}\"},\"query-input\":{\"@type\":\"PropertyValueSpecification\",\"valueRequired\":true,\"valueName\":\"search_term_string\"}}],\"inLanguage\":\"fr-FR\"}]}<\/script>\n<!-- \/ Yoast SEO plugin. -->","yoast_head_json":{"title":"Textile - Beatrice M\u00fcller","description":"D\u00e9couvrez nos textiles : Mode, T-shirt, d\u00e9bardeur, Wolford, seconde peau, design de mode","robots":{"index":"index","follow":"follow","max-snippet":"max-snippet:-1","max-image-preview":"max-image-preview:large","max-video-preview":"max-video-preview:-1"},"canonical":"https:\/\/beatrice-mueller.de\/fr\/textile-2\/","og_locale":"fr_FR","og_type":"article","og_title":"Textile - Beatrice M\u00fcller","og_description":"D\u00e9couvrez nos textiles : Mode, T-shirt, d\u00e9bardeur, Wolford, seconde peau, design de mode","og_url":"https:\/\/beatrice-mueller.de\/fr\/textile-2\/","og_site_name":"Beatrice M\u00fcller","article_modified_time":"2025-05-20T01:40:10+00:00","og_image":[{"width":280,"height":380,"url":"https:\/\/beatrice-mueller.de\/wp-content\/uploads\/2021\/09\/titelbild_uebersichtsseite_textil.jpg","type":"image\/jpeg"}],"twitter_card":"summary_large_image","twitter_misc":{"Dur\u00e9e de lecture estim\u00e9e":"1 minute"},"schema":{"@context":"https:\/\/schema.org","@graph":[{"@type":"WebPage","@id":"https:\/\/beatrice-mueller.de\/fr\/textile-2\/","url":"https:\/\/beatrice-mueller.de\/fr\/textile-2\/","name":"Textile - Beatrice M\u00fcller","isPartOf":{"@id":"https:\/\/beatrice-mueller.de\/fr\/#website"},"primaryImageOfPage":{"@id":"https:\/\/beatrice-mueller.de\/fr\/textile-2\/#primaryimage"},"image":{"@id":"https:\/\/beatrice-mueller.de\/fr\/textile-2\/#primaryimage"},"thumbnailUrl":"https:\/\/beatrice-mueller.de\/wp-content\/uploads\/2021\/09\/titelbild_uebersichtsseite_textil.jpg","datePublished":"2025-05-06T01:25:31+00:00","dateModified":"2025-05-20T01:40:10+00:00","description":"D\u00e9couvrez nos textiles : Mode, T-shirt, d\u00e9bardeur, Wolford, seconde peau, design de mode","breadcrumb":{"@id":"https:\/\/beatrice-mueller.de\/fr\/textile-2\/#breadcrumb"},"inLanguage":"fr-FR","potentialAction":[{"@type":"ReadAction","target":["https:\/\/beatrice-mueller.de\/fr\/textile-2\/"]}]},{"@type":"ImageObject","inLanguage":"fr-FR","@id":"https:\/\/beatrice-mueller.de\/fr\/textile-2\/#primaryimage","url":"https:\/\/beatrice-mueller.de\/wp-content\/uploads\/2021\/09\/titelbild_uebersichtsseite_textil.jpg","contentUrl":"https:\/\/beatrice-mueller.de\/wp-content\/uploads\/2021\/09\/titelbild_uebersichtsseite_textil.jpg","width":280,"height":380},{"@type":"BreadcrumbList","@id":"https:\/\/beatrice-mueller.de\/fr\/textile-2\/#breadcrumb","itemListElement":[{"@type":"ListItem","position":1,"name":"Startseite","item":"https:\/\/beatrice-mueller.de\/fr\/"},{"@type":"ListItem","position":2,"name":"Textile"}]},{"@type":"WebSite","@id":"https:\/\/beatrice-mueller.de\/fr\/#website","url":"https:\/\/beatrice-mueller.de\/fr\/","name":"Beatrice M\u00fcller","description":"Schmuckdesign","potentialAction":[{"@type":"SearchAction","target":{"@type":"EntryPoint","urlTemplate":"https:\/\/beatrice-mueller.de\/fr\/?s={search_term_string}"},"query-input":{"@type":"PropertyValueSpecification","valueRequired":true,"valueName":"search_term_string"}}],"inLanguage":"fr-FR"}]}},"_links":{"self":[{"href":"https:\/\/beatrice-mueller.de\/fr\/wp-json\/wp\/v2\/pages\/34687","targetHints":{"allow":["GET"]}}],"collection":[{"href":"https:\/\/beatrice-mueller.de\/fr\/wp-json\/wp\/v2\/pages"}],"about":[{"href":"https:\/\/beatrice-mueller.de\/fr\/wp-json\/wp\/v2\/types\/page"}],"author":[{"embeddable":true,"href":"https:\/\/beatrice-mueller.de\/fr\/wp-json\/wp\/v2\/users\/1"}],"replies":[{"embeddable":true,"href":"https:\/\/beatrice-mueller.de\/fr\/wp-json\/wp\/v2\/comments?post=34687"}],"version-history":[{"count":4,"href":"https:\/\/beatrice-mueller.de\/fr\/wp-json\/wp\/v2\/pages\/34687\/revisions"}],"predecessor-version":[{"id":35271,"href":"https:\/\/beatrice-mueller.de\/fr\/wp-json\/wp\/v2\/pages\/34687\/revisions\/35271"}],"wp:featuredmedia":[{"embeddable":true,"href":"https:\/\/beatrice-mueller.de\/fr\/wp-json\/wp\/v2\/media\/19450"}],"wp:attachment":[{"href":"https:\/\/beatrice-mueller.de\/fr\/wp-json\/wp\/v2\/media?parent=34687"}],"curies":[{"name":"wp","href":"https:\/\/api.w.org\/{rel}","templated":true}]}}