{"id":20649,"date":"2025-02-16T12:56:11","date_gmt":"2025-02-16T11:56:11","guid":{"rendered":"https:\/\/beatrice-mueller.de\/produkt\/bracelet-rose-argent-925-plaque-palladium-blanc-plaque-or-jaune-platine-plaque-or-rose-platine\/"},"modified":"2025-02-16T12:56:11","modified_gmt":"2025-02-16T11:56:11","slug":"bracelet-rose-argent-925-plaque-palladium-blanc-plaque-or-jaune-platine-plaque-or-rose-platine","status":"publish","type":"product","link":"https:\/\/beatrice-mueller.de\/fr\/produit\/bracelet-rose-argent-925-plaque-palladium-blanc-plaque-or-jaune-platine-plaque-or-rose-platine\/","title":{"rendered":"Bracelet ROSE argent 925 plaqu\u00e9 palladium blanc \/ plaqu\u00e9 or jaune platine \/ plaqu\u00e9 or rose platine"},"content":{"rendered":"<p>Noble et d\u00e9licatement parfum\u00e9e, la rose est l&#8217;une des fleurs les plus appr\u00e9ci\u00e9es. Elle est le symbole de la beaut\u00e9 et de l\u2019amour, et elle est toujours magnifique \u00e0 regarder. Ce pendentif fait main n&#8217;est en aucun cas inf\u00e9rieur \u00e0 l&#8217;original et est parfait comme bijou \u00e9l\u00e9gant.  <\/p>\n<div class=\"product--description\">\n<p>&nbsp;<\/p>\n<p><span style=\"text-decoration: underline\">Caract\u00e9ristiques:<\/span><\/p>\n<p><span style=\"color: #ff0000\">\u2718<\/span> Aspect naturel et unique avec des p\u00e9tales filigran\u00e9s forg\u00e9s \u00e0 la main.<\/p>\n<p><span style=\"color: #ff0000\">\u2718<\/span> Accroch\u00e9 au dos pour que la rose puisse \u00eatre enti\u00e8rement expos\u00e9e.<\/p>\n<p><span style=\"color: #ff0000\">\u2718<\/span> Surface lisse et hautement polie pour une sensation de confort.<\/p>\n<table border=\"0\">\n<tbody>\n<tr>\n<td><span data-mce-mark=\"1\"><strong>plaquettes de mat\u00e9riaux<br \/>\n<\/strong><\/span><\/td>\n<td><span data-mce-mark=\"1\">Argent 925 plaqu\u00e9 palladium blanc \/ or jaune \/ or rose plaqu\u00e9 platine<\/span><\/td>\n<\/tr>\n<tr>\n<td><span data-mce-mark=\"1\"><strong>surface<\/strong><\/span><\/td>\n<td><span data-mce-mark=\"1\">brillant<\/span><\/td>\n<\/tr>\n<tr>\n<td><span data-mce-mark=\"1\"><strong>groupe<\/strong><\/span><\/td>\n<td><span data-mce-mark=\"1\">fil industriel, r\u00e9sistant \u00e0 la d\u00e9chirure<br \/>\n<\/span><\/td>\n<\/tr>\n<\/tbody>\n<\/table>\n<\/div>\n","protected":false},"excerpt":{"rendered":"<p>Noble et d\u00e9licatement parfum\u00e9e, la rose est l&#8217;une des fleurs les plus appr\u00e9ci\u00e9es. Elle est le symbole de la beaut\u00e9 et de l\u2019amour, et elle est toujours magnifique \u00e0 regarder. Ce pendentif fait main n&#8217;est en aucun cas inf\u00e9rieur \u00e0 l&#8217;original et est parfait comme bijou \u00e9l\u00e9gant. &nbsp; Caract\u00e9ristiques: \u2718 Aspect naturel et unique avec [&hellip;]<\/p>\n","protected":false},"featured_media":20719,"comment_status":"closed","ping_status":"closed","template":"","meta":{"_glsr_average":0,"_glsr_ranking":0,"_glsr_reviews":0},"product_brand":[],"product_cat":[570],"product_tag":[571,563],"class_list":{"0":"post-20649","1":"product","2":"type-product","3":"status-publish","4":"has-post-thumbnail","6":"product_cat-bracelet","7":"product_tag-bracelets","8":"product_tag-conception-x","9":"pa_fadenfarbe-amethyste","10":"pa_fadenfarbe-beige-fr","11":"pa_fadenfarbe-bleu","12":"pa_fadenfarbe-bleu-fonce","13":"pa_fadenfarbe-gris","14":"pa_fadenfarbe-jaune","15":"pa_fadenfarbe-noir","16":"pa_fadenfarbe-olive-fr","17":"pa_fadenfarbe-rose-fonce","18":"pa_fadenfarbe-rouge","19":"pa_fadenfarbe-rouge-corail","20":"pa_fadenfarbe-rouge-grenat","21":"pa_fadenfarbe-turquoise","22":"pa_fadenfarbe-vert","23":"pa_fadenfarbe-vert-de-chasse","24":"pa_fadenfarbe-violet","25":"pa_marke-x-design-fr","26":"pa_material-925-silber-gelb-platiniert-fr","27":"pa_material-925-silber-rot-platiniert-fr","28":"pa_material-925-silber-weiss-palladiniert-fr","30":"first","31":"instock","32":"taxable","33":"shipping-taxable","34":"purchasable","35":"product-type-variable"},"exclude_global_add_ons":[],"addons":[],"yoast_head":"<!-- This site is optimized with the Yoast SEO plugin v25.6 - https:\/\/yoast.com\/wordpress\/plugins\/seo\/ -->\n<title>Bracelet ROSE argent 925 plaqu\u00e9 palladium blanc \/ plaqu\u00e9 or jaune platine \/ plaqu\u00e9 or rose platine - Beatrice M\u00fcller<\/title>\n<meta name=\"robots\" content=\"index, follow, max-snippet:-1, max-image-preview:large, max-video-preview:-1\" \/>\n<link rel=\"canonical\" href=\"https:\/\/beatrice-mueller.de\/fr\/produit\/bracelet-rose-argent-925-plaque-palladium-blanc-plaque-or-jaune-platine-plaque-or-rose-platine\/\" \/>\n<meta property=\"og:locale\" content=\"fr_FR\" \/>\n<meta property=\"og:type\" content=\"article\" \/>\n<meta property=\"og:title\" content=\"Bracelet ROSE argent 925 plaqu\u00e9 palladium blanc \/ plaqu\u00e9 or jaune platine \/ plaqu\u00e9 or rose platine - Beatrice M\u00fcller\" \/>\n<meta property=\"og:description\" content=\"Noble et d\u00e9licatement parfum\u00e9e, la rose est l&#8217;une des fleurs les plus appr\u00e9ci\u00e9es. Elle est le symbole de la beaut\u00e9 et de l\u2019amour, et elle est toujours magnifique \u00e0 regarder. Ce pendentif fait main n&#8217;est en aucun cas inf\u00e9rieur \u00e0 l&#8217;original et est parfait comme bijou \u00e9l\u00e9gant. &nbsp; Caract\u00e9ristiques: \u2718 Aspect naturel et unique avec [&hellip;]\" \/>\n<meta property=\"og:url\" content=\"https:\/\/beatrice-mueller.de\/fr\/produit\/bracelet-rose-argent-925-plaque-palladium-blanc-plaque-or-jaune-platine-plaque-or-rose-platine\/\" \/>\n<meta property=\"og:site_name\" content=\"Beatrice M\u00fcller\" \/>\n<meta property=\"og:image\" content=\"https:\/\/beatrice-mueller.de\/wp-content\/uploads\/2022\/02\/X-Design_Armkette_rose_grau_gold_65301e27-3e1b-4730-8d57-953e2197b3e0.jpg\" \/>\n\t<meta property=\"og:image:width\" content=\"850\" \/>\n\t<meta property=\"og:image:height\" content=\"850\" \/>\n\t<meta property=\"og:image:type\" content=\"image\/jpeg\" \/>\n<meta name=\"twitter:card\" content=\"summary_large_image\" \/>\n<meta name=\"twitter:label1\" content=\"Dur\u00e9e de lecture estim\u00e9e\" \/>\n\t<meta name=\"twitter:data1\" content=\"1 minute\" \/>\n<script type=\"application\/ld+json\" class=\"yoast-schema-graph\">{\"@context\":\"https:\/\/schema.org\",\"@graph\":[{\"@type\":\"WebPage\",\"@id\":\"https:\/\/beatrice-mueller.de\/fr\/produit\/bracelet-rose-argent-925-plaque-palladium-blanc-plaque-or-jaune-platine-plaque-or-rose-platine\/\",\"url\":\"https:\/\/beatrice-mueller.de\/fr\/produit\/bracelet-rose-argent-925-plaque-palladium-blanc-plaque-or-jaune-platine-plaque-or-rose-platine\/\",\"name\":\"Bracelet ROSE argent 925 plaqu\u00e9 palladium blanc \/ plaqu\u00e9 or jaune platine \/ plaqu\u00e9 or rose platine - Beatrice M\u00fcller\",\"isPartOf\":{\"@id\":\"https:\/\/beatrice-mueller.de\/fr\/#website\"},\"primaryImageOfPage\":{\"@id\":\"https:\/\/beatrice-mueller.de\/fr\/produit\/bracelet-rose-argent-925-plaque-palladium-blanc-plaque-or-jaune-platine-plaque-or-rose-platine\/#primaryimage\"},\"image\":{\"@id\":\"https:\/\/beatrice-mueller.de\/fr\/produit\/bracelet-rose-argent-925-plaque-palladium-blanc-plaque-or-jaune-platine-plaque-or-rose-platine\/#primaryimage\"},\"thumbnailUrl\":\"https:\/\/beatrice-mueller.de\/wp-content\/uploads\/2022\/02\/X-Design_Armkette_rose_grau_gold_65301e27-3e1b-4730-8d57-953e2197b3e0.jpg\",\"datePublished\":\"2025-02-16T11:56:11+00:00\",\"breadcrumb\":{\"@id\":\"https:\/\/beatrice-mueller.de\/fr\/produit\/bracelet-rose-argent-925-plaque-palladium-blanc-plaque-or-jaune-platine-plaque-or-rose-platine\/#breadcrumb\"},\"inLanguage\":\"fr-FR\",\"potentialAction\":[{\"@type\":\"ReadAction\",\"target\":[\"https:\/\/beatrice-mueller.de\/fr\/produit\/bracelet-rose-argent-925-plaque-palladium-blanc-plaque-or-jaune-platine-plaque-or-rose-platine\/\"]}]},{\"@type\":\"ImageObject\",\"inLanguage\":\"fr-FR\",\"@id\":\"https:\/\/beatrice-mueller.de\/fr\/produit\/bracelet-rose-argent-925-plaque-palladium-blanc-plaque-or-jaune-platine-plaque-or-rose-platine\/#primaryimage\",\"url\":\"https:\/\/beatrice-mueller.de\/wp-content\/uploads\/2022\/02\/X-Design_Armkette_rose_grau_gold_65301e27-3e1b-4730-8d57-953e2197b3e0.jpg\",\"contentUrl\":\"https:\/\/beatrice-mueller.de\/wp-content\/uploads\/2022\/02\/X-Design_Armkette_rose_grau_gold_65301e27-3e1b-4730-8d57-953e2197b3e0.jpg\",\"width\":850,\"height\":850},{\"@type\":\"BreadcrumbList\",\"@id\":\"https:\/\/beatrice-mueller.de\/fr\/produit\/bracelet-rose-argent-925-plaque-palladium-blanc-plaque-or-jaune-platine-plaque-or-rose-platine\/#breadcrumb\",\"itemListElement\":[{\"@type\":\"ListItem\",\"position\":1,\"name\":\"Startseite\",\"item\":\"https:\/\/beatrice-mueller.de\/fr\/\"},{\"@type\":\"ListItem\",\"position\":2,\"name\":\"Boutique\",\"item\":\"https:\/\/beatrice-mueller.de\/fr\/boutique-2\/\"},{\"@type\":\"ListItem\",\"position\":3,\"name\":\"Bracelet ROSE argent 925 plaqu\u00e9 palladium blanc \/ plaqu\u00e9 or jaune platine \/ plaqu\u00e9 or rose platine\"}]},{\"@type\":\"WebSite\",\"@id\":\"https:\/\/beatrice-mueller.de\/fr\/#website\",\"url\":\"https:\/\/beatrice-mueller.de\/fr\/\",\"name\":\"Beatrice M\u00fcller\",\"description\":\"Schmuckdesign\",\"potentialAction\":[{\"@type\":\"SearchAction\",\"target\":{\"@type\":\"EntryPoint\",\"urlTemplate\":\"https:\/\/beatrice-mueller.de\/fr\/?s={search_term_string}\"},\"query-input\":{\"@type\":\"PropertyValueSpecification\",\"valueRequired\":true,\"valueName\":\"search_term_string\"}}],\"inLanguage\":\"fr-FR\"}]}<\/script>\n<!-- \/ Yoast SEO plugin. -->","yoast_head_json":{"title":"Bracelet ROSE argent 925 plaqu\u00e9 palladium blanc \/ plaqu\u00e9 or jaune platine \/ plaqu\u00e9 or rose platine - Beatrice M\u00fcller","robots":{"index":"index","follow":"follow","max-snippet":"max-snippet:-1","max-image-preview":"max-image-preview:large","max-video-preview":"max-video-preview:-1"},"canonical":"https:\/\/beatrice-mueller.de\/fr\/produit\/bracelet-rose-argent-925-plaque-palladium-blanc-plaque-or-jaune-platine-plaque-or-rose-platine\/","og_locale":"fr_FR","og_type":"article","og_title":"Bracelet ROSE argent 925 plaqu\u00e9 palladium blanc \/ plaqu\u00e9 or jaune platine \/ plaqu\u00e9 or rose platine - Beatrice M\u00fcller","og_description":"Noble et d\u00e9licatement parfum\u00e9e, la rose est l&#8217;une des fleurs les plus appr\u00e9ci\u00e9es. Elle est le symbole de la beaut\u00e9 et de l\u2019amour, et elle est toujours magnifique \u00e0 regarder. Ce pendentif fait main n&#8217;est en aucun cas inf\u00e9rieur \u00e0 l&#8217;original et est parfait comme bijou \u00e9l\u00e9gant. &nbsp; Caract\u00e9ristiques: \u2718 Aspect naturel et unique avec [&hellip;]","og_url":"https:\/\/beatrice-mueller.de\/fr\/produit\/bracelet-rose-argent-925-plaque-palladium-blanc-plaque-or-jaune-platine-plaque-or-rose-platine\/","og_site_name":"Beatrice M\u00fcller","og_image":[{"width":850,"height":850,"url":"https:\/\/beatrice-mueller.de\/wp-content\/uploads\/2022\/02\/X-Design_Armkette_rose_grau_gold_65301e27-3e1b-4730-8d57-953e2197b3e0.jpg","type":"image\/jpeg"}],"twitter_card":"summary_large_image","twitter_misc":{"Dur\u00e9e de lecture estim\u00e9e":"1 minute"},"schema":{"@context":"https:\/\/schema.org","@graph":[{"@type":"WebPage","@id":"https:\/\/beatrice-mueller.de\/fr\/produit\/bracelet-rose-argent-925-plaque-palladium-blanc-plaque-or-jaune-platine-plaque-or-rose-platine\/","url":"https:\/\/beatrice-mueller.de\/fr\/produit\/bracelet-rose-argent-925-plaque-palladium-blanc-plaque-or-jaune-platine-plaque-or-rose-platine\/","name":"Bracelet ROSE argent 925 plaqu\u00e9 palladium blanc \/ plaqu\u00e9 or jaune platine \/ plaqu\u00e9 or rose platine - Beatrice M\u00fcller","isPartOf":{"@id":"https:\/\/beatrice-mueller.de\/fr\/#website"},"primaryImageOfPage":{"@id":"https:\/\/beatrice-mueller.de\/fr\/produit\/bracelet-rose-argent-925-plaque-palladium-blanc-plaque-or-jaune-platine-plaque-or-rose-platine\/#primaryimage"},"image":{"@id":"https:\/\/beatrice-mueller.de\/fr\/produit\/bracelet-rose-argent-925-plaque-palladium-blanc-plaque-or-jaune-platine-plaque-or-rose-platine\/#primaryimage"},"thumbnailUrl":"https:\/\/beatrice-mueller.de\/wp-content\/uploads\/2022\/02\/X-Design_Armkette_rose_grau_gold_65301e27-3e1b-4730-8d57-953e2197b3e0.jpg","datePublished":"2025-02-16T11:56:11+00:00","breadcrumb":{"@id":"https:\/\/beatrice-mueller.de\/fr\/produit\/bracelet-rose-argent-925-plaque-palladium-blanc-plaque-or-jaune-platine-plaque-or-rose-platine\/#breadcrumb"},"inLanguage":"fr-FR","potentialAction":[{"@type":"ReadAction","target":["https:\/\/beatrice-mueller.de\/fr\/produit\/bracelet-rose-argent-925-plaque-palladium-blanc-plaque-or-jaune-platine-plaque-or-rose-platine\/"]}]},{"@type":"ImageObject","inLanguage":"fr-FR","@id":"https:\/\/beatrice-mueller.de\/fr\/produit\/bracelet-rose-argent-925-plaque-palladium-blanc-plaque-or-jaune-platine-plaque-or-rose-platine\/#primaryimage","url":"https:\/\/beatrice-mueller.de\/wp-content\/uploads\/2022\/02\/X-Design_Armkette_rose_grau_gold_65301e27-3e1b-4730-8d57-953e2197b3e0.jpg","contentUrl":"https:\/\/beatrice-mueller.de\/wp-content\/uploads\/2022\/02\/X-Design_Armkette_rose_grau_gold_65301e27-3e1b-4730-8d57-953e2197b3e0.jpg","width":850,"height":850},{"@type":"BreadcrumbList","@id":"https:\/\/beatrice-mueller.de\/fr\/produit\/bracelet-rose-argent-925-plaque-palladium-blanc-plaque-or-jaune-platine-plaque-or-rose-platine\/#breadcrumb","itemListElement":[{"@type":"ListItem","position":1,"name":"Startseite","item":"https:\/\/beatrice-mueller.de\/fr\/"},{"@type":"ListItem","position":2,"name":"Boutique","item":"https:\/\/beatrice-mueller.de\/fr\/boutique-2\/"},{"@type":"ListItem","position":3,"name":"Bracelet ROSE argent 925 plaqu\u00e9 palladium blanc \/ plaqu\u00e9 or jaune platine \/ plaqu\u00e9 or rose platine"}]},{"@type":"WebSite","@id":"https:\/\/beatrice-mueller.de\/fr\/#website","url":"https:\/\/beatrice-mueller.de\/fr\/","name":"Beatrice M\u00fcller","description":"Schmuckdesign","potentialAction":[{"@type":"SearchAction","target":{"@type":"EntryPoint","urlTemplate":"https:\/\/beatrice-mueller.de\/fr\/?s={search_term_string}"},"query-input":{"@type":"PropertyValueSpecification","valueRequired":true,"valueName":"search_term_string"}}],"inLanguage":"fr-FR"}]}},"_links":{"self":[{"href":"https:\/\/beatrice-mueller.de\/fr\/wp-json\/wp\/v2\/product\/20649","targetHints":{"allow":["GET"]}}],"collection":[{"href":"https:\/\/beatrice-mueller.de\/fr\/wp-json\/wp\/v2\/product"}],"about":[{"href":"https:\/\/beatrice-mueller.de\/fr\/wp-json\/wp\/v2\/types\/product"}],"replies":[{"embeddable":true,"href":"https:\/\/beatrice-mueller.de\/fr\/wp-json\/wp\/v2\/comments?post=20649"}],"wp:featuredmedia":[{"embeddable":true,"href":"https:\/\/beatrice-mueller.de\/fr\/wp-json\/wp\/v2\/media\/20719"}],"wp:attachment":[{"href":"https:\/\/beatrice-mueller.de\/fr\/wp-json\/wp\/v2\/media?parent=20649"}],"wp:term":[{"taxonomy":"product_brand","embeddable":true,"href":"https:\/\/beatrice-mueller.de\/fr\/wp-json\/wp\/v2\/product_brand?post=20649"},{"taxonomy":"product_cat","embeddable":true,"href":"https:\/\/beatrice-mueller.de\/fr\/wp-json\/wp\/v2\/product_cat?post=20649"},{"taxonomy":"product_tag","embeddable":true,"href":"https:\/\/beatrice-mueller.de\/fr\/wp-json\/wp\/v2\/product_tag?post=20649"}],"curies":[{"name":"wp","href":"https:\/\/api.w.org\/{rel}","templated":true}]}}