{"id":20681,"date":"2022-03-17T08:19:56","date_gmt":"2025-02-16T11:56:12","guid":{"rendered":"https:\/\/beatrice-mueller.de\/produkt\/bracelet-qr-code-i-love-you-en-argent-925-plaque-palladium-blanc\/"},"modified":"2025-02-16T12:56:12","modified_gmt":"2025-02-16T11:56:12","slug":"bracelet-qr-code-i-love-you-en-argent-925-plaque-palladium-blanc","status":"publish","type":"product","link":"https:\/\/beatrice-mueller.de\/fr\/produit\/bracelet-qr-code-i-love-you-en-argent-925-plaque-palladium-blanc\/","title":{"rendered":"Bracelet QR-Code I LOVE YOU en argent 925 plaqu\u00e9 palladium blanc"},"content":{"rendered":"<p>Les codes QR sont un signe de notre temps. Ils peuvent \u00eatre utilis\u00e9s pour crypter des messages ou des messages qui deviennent visibles lors de la num\u00e9risation. Avec une mission personnelle, vous pouvez d\u00e9finir un tel signe et ainsi le rendre portable.  <\/p>\n<p>Notre code QR est fait pour une personne tr\u00e8s sp\u00e9ciale. Offrez \u00e0 vos proches ce bracelet unique. Scannez le code QR sur notre site et visualisez le message.  <\/p>\n<p>Si vous souhaitez offrir votre propre message en cadeau ou l&#8217;emporter avec vous, veuillez nous indiquer le message souhait\u00e9. Offrez-le en cadeau ou portez-le vous-m\u00eame comme un bracelet interactif pour vous-m\u00eame, votre partenaire, un ami, un membre de votre famille ou&#8230; <\/p>\n<p>Cr\u00e9ez un code QR avec votre propre lien, envoyez-nous le code et nous vous enverrons votre bracelet interactif individuel. N&#8217;h\u00e9sitez pas \u00e0 nous contacter personnellement. <\/p>\n<p>Tout est possible !<\/p>\n<p><u>Caract\u00e9ristiques:<\/u><\/p>\n<p><span style=\"color: #ff0000\">\u2718<\/span> Le cordon est disponible en 16 couleurs diff\u00e9rentes.<\/p>\n<p><span style=\"color: #ff0000\">\u2718<\/span> S&#8217;adapte \u00e0 tous les poignets gr\u00e2ce au cube coulissant.<\/p>\n<p><span style=\"color: #ff0000\">\u2718<\/span> Le bracelet pr\u00e9f\u00e9r\u00e9 est disponible en trois surfaces<\/p>\n<div class=\"product--description\">\n<table border=\"0\">\n<tbody>\n<tr>\n<td><span data-mce-mark=\"1\"><strong>plaquettes de mat\u00e9riaux<br \/>\n<\/strong><\/span><\/td>\n<td><span data-mce-mark=\"1\">Argent 925 plaqu\u00e9 palladium blanc<\/span><\/td>\n<\/tr>\n<tr>\n<td><span data-mce-mark=\"1\"><strong>surface<\/strong><\/span><\/td>\n<td><span data-mce-mark=\"1\">poli \/ mat fluide \/ mat diamant\u00e9<\/span><\/td>\n<\/tr>\n<tr>\n<td><span data-mce-mark=\"1\"><strong>plaque \u00f8<\/strong><\/span><\/td>\n<td><span data-mce-mark=\"1\">14,9 mm<\/span><\/td>\n<\/tr>\n<tr>\n<td><span data-mce-mark=\"1\"><strong>\u00e9paisseur du mat\u00e9riau de la plaque<\/strong><\/span><\/td>\n<td><span data-mce-mark=\"1\">0,9 mm<\/span><\/td>\n<\/tr>\n<tr>\n<td><span data-mce-mark=\"1\"><strong>groupe<\/strong><\/span><\/td>\n<td><span data-mce-mark=\"1\">fil industriel, r\u00e9sistant \u00e0 la d\u00e9chirure<br \/>\n<\/span><\/td>\n<\/tr>\n<\/tbody>\n<\/table>\n<\/div>\n","protected":false},"excerpt":{"rendered":"<p>Les codes QR sont un signe de notre temps. Ils peuvent \u00eatre utilis\u00e9s pour crypter des messages ou des messages qui deviennent visibles lors de la num\u00e9risation. Avec une mission personnelle, vous pouvez d\u00e9finir un tel signe et ainsi le rendre portable. Notre code QR est fait pour une personne tr\u00e8s sp\u00e9ciale. Offrez \u00e0 vos [&hellip;]<\/p>\n","protected":false},"featured_media":20734,"comment_status":"closed","ping_status":"closed","template":"","meta":{"_glsr_average":0,"_glsr_ranking":0,"_glsr_reviews":0},"product_brand":[],"product_cat":[570],"product_tag":[571,563],"class_list":{"0":"post-20681","1":"product","2":"type-product","3":"status-publish","4":"has-post-thumbnail","6":"product_cat-bracelet","7":"product_tag-bracelets","8":"product_tag-conception-x","9":"pa_fadenfarbe-amethyste","10":"pa_fadenfarbe-beige-fr","11":"pa_fadenfarbe-bleu","12":"pa_fadenfarbe-bleu-fonce","13":"pa_fadenfarbe-gris","14":"pa_fadenfarbe-jaune","15":"pa_fadenfarbe-noir","16":"pa_fadenfarbe-olive-fr","17":"pa_fadenfarbe-rose-fonce","18":"pa_fadenfarbe-rouge","19":"pa_fadenfarbe-rouge-corail","20":"pa_fadenfarbe-rouge-grenat","21":"pa_fadenfarbe-turquoise","22":"pa_fadenfarbe-vert","23":"pa_fadenfarbe-vert-de-chasse","24":"pa_fadenfarbe-violet","25":"pa_marke-x-design-fr","26":"pa_oberflaeche-plaettchen-diamantmatt-fr","27":"pa_oberflaeche-plaettchen-fliessmatt-fr","28":"pa_oberflaeche-plaettchen-poliert-fr","30":"first","31":"instock","32":"taxable","33":"shipping-taxable","34":"purchasable","35":"product-type-variable"},"exclude_global_add_ons":[],"addons":[],"yoast_head":"<!-- This site is optimized with the Yoast SEO plugin v25.6 - https:\/\/yoast.com\/wordpress\/plugins\/seo\/ -->\n<title>Bracelet QR-Code I LOVE YOU en argent 925 plaqu\u00e9 palladium blanc - Beatrice M\u00fcller<\/title>\n<meta name=\"robots\" content=\"index, follow, max-snippet:-1, max-image-preview:large, max-video-preview:-1\" \/>\n<link rel=\"canonical\" href=\"https:\/\/beatrice-mueller.de\/fr\/produit\/bracelet-qr-code-i-love-you-en-argent-925-plaque-palladium-blanc\/\" \/>\n<meta property=\"og:locale\" content=\"fr_FR\" \/>\n<meta property=\"og:type\" content=\"article\" \/>\n<meta property=\"og:title\" content=\"Bracelet QR-Code I LOVE YOU en argent 925 plaqu\u00e9 palladium blanc - Beatrice M\u00fcller\" \/>\n<meta property=\"og:description\" content=\"Les codes QR sont un signe de notre temps. Ils peuvent \u00eatre utilis\u00e9s pour crypter des messages ou des messages qui deviennent visibles lors de la num\u00e9risation. Avec une mission personnelle, vous pouvez d\u00e9finir un tel signe et ainsi le rendre portable. Notre code QR est fait pour une personne tr\u00e8s sp\u00e9ciale. Offrez \u00e0 vos [&hellip;]\" \/>\n<meta property=\"og:url\" content=\"https:\/\/beatrice-mueller.de\/fr\/produit\/bracelet-qr-code-i-love-you-en-argent-925-plaque-palladium-blanc\/\" \/>\n<meta property=\"og:site_name\" content=\"Beatrice M\u00fcller\" \/>\n<meta property=\"og:image\" content=\"https:\/\/beatrice-mueller.de\/wp-content\/uploads\/2022\/02\/x-Design-Qr_Code_Armband_ganz_weiss_poliert_grau.jpg\" \/>\n\t<meta property=\"og:image:width\" content=\"938\" \/>\n\t<meta property=\"og:image:height\" content=\"986\" \/>\n\t<meta property=\"og:image:type\" content=\"image\/jpeg\" \/>\n<meta name=\"twitter:card\" content=\"summary_large_image\" \/>\n<meta name=\"twitter:label1\" content=\"Dur\u00e9e de lecture estim\u00e9e\" \/>\n\t<meta name=\"twitter:data1\" content=\"1 minute\" \/>\n<script type=\"application\/ld+json\" class=\"yoast-schema-graph\">{\"@context\":\"https:\/\/schema.org\",\"@graph\":[{\"@type\":\"WebPage\",\"@id\":\"https:\/\/beatrice-mueller.de\/fr\/produit\/bracelet-qr-code-i-love-you-en-argent-925-plaque-palladium-blanc\/\",\"url\":\"https:\/\/beatrice-mueller.de\/fr\/produit\/bracelet-qr-code-i-love-you-en-argent-925-plaque-palladium-blanc\/\",\"name\":\"Bracelet QR-Code I LOVE YOU en argent 925 plaqu\u00e9 palladium blanc - Beatrice M\u00fcller\",\"isPartOf\":{\"@id\":\"https:\/\/beatrice-mueller.de\/fr\/#website\"},\"primaryImageOfPage\":{\"@id\":\"https:\/\/beatrice-mueller.de\/fr\/produit\/bracelet-qr-code-i-love-you-en-argent-925-plaque-palladium-blanc\/#primaryimage\"},\"image\":{\"@id\":\"https:\/\/beatrice-mueller.de\/fr\/produit\/bracelet-qr-code-i-love-you-en-argent-925-plaque-palladium-blanc\/#primaryimage\"},\"thumbnailUrl\":\"https:\/\/beatrice-mueller.de\/wp-content\/uploads\/2022\/02\/x-Design-Qr_Code_Armband_ganz_weiss_poliert_grau.jpg\",\"datePublished\":\"2025-02-16T11:56:12+00:00\",\"breadcrumb\":{\"@id\":\"https:\/\/beatrice-mueller.de\/fr\/produit\/bracelet-qr-code-i-love-you-en-argent-925-plaque-palladium-blanc\/#breadcrumb\"},\"inLanguage\":\"fr-FR\",\"potentialAction\":[{\"@type\":\"ReadAction\",\"target\":[\"https:\/\/beatrice-mueller.de\/fr\/produit\/bracelet-qr-code-i-love-you-en-argent-925-plaque-palladium-blanc\/\"]}]},{\"@type\":\"ImageObject\",\"inLanguage\":\"fr-FR\",\"@id\":\"https:\/\/beatrice-mueller.de\/fr\/produit\/bracelet-qr-code-i-love-you-en-argent-925-plaque-palladium-blanc\/#primaryimage\",\"url\":\"https:\/\/beatrice-mueller.de\/wp-content\/uploads\/2022\/02\/x-Design-Qr_Code_Armband_ganz_weiss_poliert_grau.jpg\",\"contentUrl\":\"https:\/\/beatrice-mueller.de\/wp-content\/uploads\/2022\/02\/x-Design-Qr_Code_Armband_ganz_weiss_poliert_grau.jpg\",\"width\":938,\"height\":986},{\"@type\":\"BreadcrumbList\",\"@id\":\"https:\/\/beatrice-mueller.de\/fr\/produit\/bracelet-qr-code-i-love-you-en-argent-925-plaque-palladium-blanc\/#breadcrumb\",\"itemListElement\":[{\"@type\":\"ListItem\",\"position\":1,\"name\":\"Startseite\",\"item\":\"https:\/\/beatrice-mueller.de\/fr\/\"},{\"@type\":\"ListItem\",\"position\":2,\"name\":\"Boutique\",\"item\":\"https:\/\/beatrice-mueller.de\/fr\/boutique-2\/\"},{\"@type\":\"ListItem\",\"position\":3,\"name\":\"Bracelet QR-Code I LOVE YOU en argent 925 plaqu\u00e9 palladium blanc\"}]},{\"@type\":\"WebSite\",\"@id\":\"https:\/\/beatrice-mueller.de\/fr\/#website\",\"url\":\"https:\/\/beatrice-mueller.de\/fr\/\",\"name\":\"Beatrice M\u00fcller\",\"description\":\"Schmuckdesign\",\"potentialAction\":[{\"@type\":\"SearchAction\",\"target\":{\"@type\":\"EntryPoint\",\"urlTemplate\":\"https:\/\/beatrice-mueller.de\/fr\/?s={search_term_string}\"},\"query-input\":{\"@type\":\"PropertyValueSpecification\",\"valueRequired\":true,\"valueName\":\"search_term_string\"}}],\"inLanguage\":\"fr-FR\"}]}<\/script>\n<!-- \/ Yoast SEO plugin. -->","yoast_head_json":{"title":"Bracelet QR-Code I LOVE YOU en argent 925 plaqu\u00e9 palladium blanc - Beatrice M\u00fcller","robots":{"index":"index","follow":"follow","max-snippet":"max-snippet:-1","max-image-preview":"max-image-preview:large","max-video-preview":"max-video-preview:-1"},"canonical":"https:\/\/beatrice-mueller.de\/fr\/produit\/bracelet-qr-code-i-love-you-en-argent-925-plaque-palladium-blanc\/","og_locale":"fr_FR","og_type":"article","og_title":"Bracelet QR-Code I LOVE YOU en argent 925 plaqu\u00e9 palladium blanc - Beatrice M\u00fcller","og_description":"Les codes QR sont un signe de notre temps. Ils peuvent \u00eatre utilis\u00e9s pour crypter des messages ou des messages qui deviennent visibles lors de la num\u00e9risation. Avec une mission personnelle, vous pouvez d\u00e9finir un tel signe et ainsi le rendre portable. Notre code QR est fait pour une personne tr\u00e8s sp\u00e9ciale. Offrez \u00e0 vos [&hellip;]","og_url":"https:\/\/beatrice-mueller.de\/fr\/produit\/bracelet-qr-code-i-love-you-en-argent-925-plaque-palladium-blanc\/","og_site_name":"Beatrice M\u00fcller","og_image":[{"width":938,"height":986,"url":"https:\/\/beatrice-mueller.de\/wp-content\/uploads\/2022\/02\/x-Design-Qr_Code_Armband_ganz_weiss_poliert_grau.jpg","type":"image\/jpeg"}],"twitter_card":"summary_large_image","twitter_misc":{"Dur\u00e9e de lecture estim\u00e9e":"1 minute"},"schema":{"@context":"https:\/\/schema.org","@graph":[{"@type":"WebPage","@id":"https:\/\/beatrice-mueller.de\/fr\/produit\/bracelet-qr-code-i-love-you-en-argent-925-plaque-palladium-blanc\/","url":"https:\/\/beatrice-mueller.de\/fr\/produit\/bracelet-qr-code-i-love-you-en-argent-925-plaque-palladium-blanc\/","name":"Bracelet QR-Code I LOVE YOU en argent 925 plaqu\u00e9 palladium blanc - Beatrice M\u00fcller","isPartOf":{"@id":"https:\/\/beatrice-mueller.de\/fr\/#website"},"primaryImageOfPage":{"@id":"https:\/\/beatrice-mueller.de\/fr\/produit\/bracelet-qr-code-i-love-you-en-argent-925-plaque-palladium-blanc\/#primaryimage"},"image":{"@id":"https:\/\/beatrice-mueller.de\/fr\/produit\/bracelet-qr-code-i-love-you-en-argent-925-plaque-palladium-blanc\/#primaryimage"},"thumbnailUrl":"https:\/\/beatrice-mueller.de\/wp-content\/uploads\/2022\/02\/x-Design-Qr_Code_Armband_ganz_weiss_poliert_grau.jpg","datePublished":"2025-02-16T11:56:12+00:00","breadcrumb":{"@id":"https:\/\/beatrice-mueller.de\/fr\/produit\/bracelet-qr-code-i-love-you-en-argent-925-plaque-palladium-blanc\/#breadcrumb"},"inLanguage":"fr-FR","potentialAction":[{"@type":"ReadAction","target":["https:\/\/beatrice-mueller.de\/fr\/produit\/bracelet-qr-code-i-love-you-en-argent-925-plaque-palladium-blanc\/"]}]},{"@type":"ImageObject","inLanguage":"fr-FR","@id":"https:\/\/beatrice-mueller.de\/fr\/produit\/bracelet-qr-code-i-love-you-en-argent-925-plaque-palladium-blanc\/#primaryimage","url":"https:\/\/beatrice-mueller.de\/wp-content\/uploads\/2022\/02\/x-Design-Qr_Code_Armband_ganz_weiss_poliert_grau.jpg","contentUrl":"https:\/\/beatrice-mueller.de\/wp-content\/uploads\/2022\/02\/x-Design-Qr_Code_Armband_ganz_weiss_poliert_grau.jpg","width":938,"height":986},{"@type":"BreadcrumbList","@id":"https:\/\/beatrice-mueller.de\/fr\/produit\/bracelet-qr-code-i-love-you-en-argent-925-plaque-palladium-blanc\/#breadcrumb","itemListElement":[{"@type":"ListItem","position":1,"name":"Startseite","item":"https:\/\/beatrice-mueller.de\/fr\/"},{"@type":"ListItem","position":2,"name":"Boutique","item":"https:\/\/beatrice-mueller.de\/fr\/boutique-2\/"},{"@type":"ListItem","position":3,"name":"Bracelet QR-Code I LOVE YOU en argent 925 plaqu\u00e9 palladium blanc"}]},{"@type":"WebSite","@id":"https:\/\/beatrice-mueller.de\/fr\/#website","url":"https:\/\/beatrice-mueller.de\/fr\/","name":"Beatrice M\u00fcller","description":"Schmuckdesign","potentialAction":[{"@type":"SearchAction","target":{"@type":"EntryPoint","urlTemplate":"https:\/\/beatrice-mueller.de\/fr\/?s={search_term_string}"},"query-input":{"@type":"PropertyValueSpecification","valueRequired":true,"valueName":"search_term_string"}}],"inLanguage":"fr-FR"}]}},"_links":{"self":[{"href":"https:\/\/beatrice-mueller.de\/fr\/wp-json\/wp\/v2\/product\/20681","targetHints":{"allow":["GET"]}}],"collection":[{"href":"https:\/\/beatrice-mueller.de\/fr\/wp-json\/wp\/v2\/product"}],"about":[{"href":"https:\/\/beatrice-mueller.de\/fr\/wp-json\/wp\/v2\/types\/product"}],"replies":[{"embeddable":true,"href":"https:\/\/beatrice-mueller.de\/fr\/wp-json\/wp\/v2\/comments?post=20681"}],"wp:featuredmedia":[{"embeddable":true,"href":"https:\/\/beatrice-mueller.de\/fr\/wp-json\/wp\/v2\/media\/20734"}],"wp:attachment":[{"href":"https:\/\/beatrice-mueller.de\/fr\/wp-json\/wp\/v2\/media?parent=20681"}],"wp:term":[{"taxonomy":"product_brand","embeddable":true,"href":"https:\/\/beatrice-mueller.de\/fr\/wp-json\/wp\/v2\/product_brand?post=20681"},{"taxonomy":"product_cat","embeddable":true,"href":"https:\/\/beatrice-mueller.de\/fr\/wp-json\/wp\/v2\/product_cat?post=20681"},{"taxonomy":"product_tag","embeddable":true,"href":"https:\/\/beatrice-mueller.de\/fr\/wp-json\/wp\/v2\/product_tag?post=20681"}],"curies":[{"name":"wp","href":"https:\/\/api.w.org\/{rel}","templated":true}]}}