{"id":21083,"date":"2025-02-16T12:56:17","date_gmt":"2025-02-16T11:56:17","guid":{"rendered":"https:\/\/beatrice-mueller.de\/produkt\/bracelet-cheval-en-argent-925-plaque-palladium-blanc\/"},"modified":"2025-02-16T12:56:17","modified_gmt":"2025-02-16T11:56:17","slug":"bracelet-cheval-en-argent-925-plaque-palladium-blanc","status":"publish","type":"product","link":"https:\/\/beatrice-mueller.de\/fr\/produit\/bracelet-cheval-en-argent-925-plaque-palladium-blanc\/","title":{"rendered":"Bracelet CHEVAL en argent 925 plaqu\u00e9 palladium blanc"},"content":{"rendered":"<p>\u00ab Le bonheur de la terre repose sur le dos du cheval. \u00bb Ce bracelet avec une t\u00eate de cheval, pr\u00e9sent\u00e9 de mani\u00e8re moderne dans des lignes l\u00e9g\u00e8res, est fait pour les amoureux des chevaux de tous \u00e2ges. <\/p>\n<p style=\"text-align: left\"><span style=\"text-decoration: underline\">Caract\u00e9ristiques:<\/span><\/p>\n<p style=\"text-align: left\"><span data-mce-mark=\"1\"><span style=\"color: #ff0000\">\u2718<\/span> Disponible en brillant, mat fluide et mat diamant.<br \/>\n<\/span><\/p>\n<p style=\"text-align: left\"><span style=\"color: #ff0000\">\u2718<\/span> Gr\u00e2ce au m\u00e9canisme coulissant, le bracelet peut \u00eatre ajust\u00e9 pour s&#8217;adapter \u00e0 n&#8217;importe quel poignet.<\/p>\n<p style=\"text-align: left\"><span style=\"color: #ff0000\">\u2718<\/span> Fabriqu\u00e9 dans notre propre atelier &#8211; qualit\u00e9 test\u00e9e \u00e0 la main.<\/p>\n<p>&nbsp;<\/p>\n<div class=\"product--description\">\n<table border=\"0\">\n<tbody>\n<tr>\n<td><strong>Bijoux en mat\u00e9riaux<\/strong><\/td>\n<td>Argent 925 plaqu\u00e9 platine blanc<\/td>\n<\/tr>\n<tr>\n<td><strong>surface<\/strong><\/td>\n<td>poli \/ mat fluide \/ mat diamant\u00e9<\/td>\n<\/tr>\n<tr>\n<td><strong>plaque \u00f8<\/strong><\/td>\n<td>14,9 mm<\/td>\n<\/tr>\n<tr>\n<td><strong>\u00e9paisseur du mat\u00e9riau<br \/>\n plaquettes<\/strong><\/td>\n<td>0,9 mm<\/td>\n<\/tr>\n<tr>\n<td><strong>groupe<\/strong><\/td>\n<td>fil industriel, r\u00e9sistant \u00e0 la d\u00e9chirure<\/td>\n<\/tr>\n<\/tbody>\n<\/table>\n<\/div>\n","protected":false},"excerpt":{"rendered":"<p>\u00ab Le bonheur de la terre repose sur le dos du cheval. \u00bb Ce bracelet avec une t\u00eate de cheval, pr\u00e9sent\u00e9 de mani\u00e8re moderne dans des lignes l\u00e9g\u00e8res, est fait pour les amoureux des chevaux de tous \u00e2ges. Caract\u00e9ristiques: \u2718 Disponible en brillant, mat fluide et mat diamant. \u2718 Gr\u00e2ce au m\u00e9canisme coulissant, le bracelet [&hellip;]<\/p>\n","protected":false},"featured_media":21134,"comment_status":"closed","ping_status":"closed","template":"","meta":{"_glsr_average":0,"_glsr_ranking":0,"_glsr_reviews":0},"product_brand":[],"product_cat":[570],"product_tag":[571,563],"class_list":{"0":"post-21083","1":"product","2":"type-product","3":"status-publish","4":"has-post-thumbnail","6":"product_cat-bracelet","7":"product_tag-bracelets","8":"product_tag-conception-x","9":"pa_fadenfarbe-amethyste","10":"pa_fadenfarbe-beige-fr","11":"pa_fadenfarbe-bleu","12":"pa_fadenfarbe-bleu-fonce","13":"pa_fadenfarbe-gris","14":"pa_fadenfarbe-jaune","15":"pa_fadenfarbe-noir","16":"pa_fadenfarbe-olive-fr","17":"pa_fadenfarbe-rose-fonce","18":"pa_fadenfarbe-rouge","19":"pa_fadenfarbe-rouge-corail","20":"pa_fadenfarbe-rouge-grenat","21":"pa_fadenfarbe-turquoise","22":"pa_fadenfarbe-vert","23":"pa_fadenfarbe-vert-de-chasse","24":"pa_fadenfarbe-vert-jade","25":"pa_fadenfarbe-violet","26":"pa_marke-x-design-fr","27":"pa_oberflaeche-diamantmatt-fr","28":"pa_oberflaeche-fliessmatt-fr","29":"pa_oberflaeche-poliert-fr","31":"first","32":"instock","33":"taxable","34":"shipping-taxable","35":"purchasable","36":"product-type-variable"},"exclude_global_add_ons":[],"addons":[],"yoast_head":"<!-- This site is optimized with the Yoast SEO plugin v25.6 - https:\/\/yoast.com\/wordpress\/plugins\/seo\/ -->\n<title>Bracelet CHEVAL en argent 925 plaqu\u00e9 palladium blanc - Beatrice M\u00fcller<\/title>\n<meta name=\"robots\" content=\"index, follow, max-snippet:-1, max-image-preview:large, max-video-preview:-1\" \/>\n<link rel=\"canonical\" href=\"https:\/\/beatrice-mueller.de\/fr\/produit\/bracelet-cheval-en-argent-925-plaque-palladium-blanc\/\" \/>\n<meta property=\"og:locale\" content=\"fr_FR\" \/>\n<meta property=\"og:type\" content=\"article\" \/>\n<meta property=\"og:title\" content=\"Bracelet CHEVAL en argent 925 plaqu\u00e9 palladium blanc - Beatrice M\u00fcller\" \/>\n<meta property=\"og:description\" content=\"\u00ab Le bonheur de la terre repose sur le dos du cheval. \u00bb Ce bracelet avec une t\u00eate de cheval, pr\u00e9sent\u00e9 de mani\u00e8re moderne dans des lignes l\u00e9g\u00e8res, est fait pour les amoureux des chevaux de tous \u00e2ges. Caract\u00e9ristiques: \u2718 Disponible en brillant, mat fluide et mat diamant. \u2718 Gr\u00e2ce au m\u00e9canisme coulissant, le bracelet [&hellip;]\" \/>\n<meta property=\"og:url\" content=\"https:\/\/beatrice-mueller.de\/fr\/produit\/bracelet-cheval-en-argent-925-plaque-palladium-blanc\/\" \/>\n<meta property=\"og:site_name\" content=\"Beatrice M\u00fcller\" \/>\n<meta property=\"og:image\" content=\"https:\/\/beatrice-mueller.de\/wp-content\/uploads\/2022\/02\/X-Design_Armkette_Horse_schwarz_silber_poliert.png\" \/>\n\t<meta property=\"og:image:width\" content=\"2000\" \/>\n\t<meta property=\"og:image:height\" content=\"2000\" \/>\n\t<meta property=\"og:image:type\" content=\"image\/png\" \/>\n<meta name=\"twitter:card\" content=\"summary_large_image\" \/>\n<meta name=\"twitter:label1\" content=\"Dur\u00e9e de lecture estim\u00e9e\" \/>\n\t<meta name=\"twitter:data1\" content=\"1 minute\" \/>\n<script type=\"application\/ld+json\" class=\"yoast-schema-graph\">{\"@context\":\"https:\/\/schema.org\",\"@graph\":[{\"@type\":\"WebPage\",\"@id\":\"https:\/\/beatrice-mueller.de\/fr\/produit\/bracelet-cheval-en-argent-925-plaque-palladium-blanc\/\",\"url\":\"https:\/\/beatrice-mueller.de\/fr\/produit\/bracelet-cheval-en-argent-925-plaque-palladium-blanc\/\",\"name\":\"Bracelet CHEVAL en argent 925 plaqu\u00e9 palladium blanc - Beatrice M\u00fcller\",\"isPartOf\":{\"@id\":\"https:\/\/beatrice-mueller.de\/fr\/#website\"},\"primaryImageOfPage\":{\"@id\":\"https:\/\/beatrice-mueller.de\/fr\/produit\/bracelet-cheval-en-argent-925-plaque-palladium-blanc\/#primaryimage\"},\"image\":{\"@id\":\"https:\/\/beatrice-mueller.de\/fr\/produit\/bracelet-cheval-en-argent-925-plaque-palladium-blanc\/#primaryimage\"},\"thumbnailUrl\":\"https:\/\/beatrice-mueller.de\/wp-content\/uploads\/2022\/02\/X-Design_Armkette_Horse_schwarz_silber_poliert.png\",\"datePublished\":\"2025-02-16T11:56:17+00:00\",\"breadcrumb\":{\"@id\":\"https:\/\/beatrice-mueller.de\/fr\/produit\/bracelet-cheval-en-argent-925-plaque-palladium-blanc\/#breadcrumb\"},\"inLanguage\":\"fr-FR\",\"potentialAction\":[{\"@type\":\"ReadAction\",\"target\":[\"https:\/\/beatrice-mueller.de\/fr\/produit\/bracelet-cheval-en-argent-925-plaque-palladium-blanc\/\"]}]},{\"@type\":\"ImageObject\",\"inLanguage\":\"fr-FR\",\"@id\":\"https:\/\/beatrice-mueller.de\/fr\/produit\/bracelet-cheval-en-argent-925-plaque-palladium-blanc\/#primaryimage\",\"url\":\"https:\/\/beatrice-mueller.de\/wp-content\/uploads\/2022\/02\/X-Design_Armkette_Horse_schwarz_silber_poliert.png\",\"contentUrl\":\"https:\/\/beatrice-mueller.de\/wp-content\/uploads\/2022\/02\/X-Design_Armkette_Horse_schwarz_silber_poliert.png\",\"width\":2000,\"height\":2000},{\"@type\":\"BreadcrumbList\",\"@id\":\"https:\/\/beatrice-mueller.de\/fr\/produit\/bracelet-cheval-en-argent-925-plaque-palladium-blanc\/#breadcrumb\",\"itemListElement\":[{\"@type\":\"ListItem\",\"position\":1,\"name\":\"Startseite\",\"item\":\"https:\/\/beatrice-mueller.de\/fr\/\"},{\"@type\":\"ListItem\",\"position\":2,\"name\":\"Boutique\",\"item\":\"https:\/\/beatrice-mueller.de\/fr\/boutique-2\/\"},{\"@type\":\"ListItem\",\"position\":3,\"name\":\"Bracelet CHEVAL en argent 925 plaqu\u00e9 palladium blanc\"}]},{\"@type\":\"WebSite\",\"@id\":\"https:\/\/beatrice-mueller.de\/fr\/#website\",\"url\":\"https:\/\/beatrice-mueller.de\/fr\/\",\"name\":\"Beatrice M\u00fcller\",\"description\":\"Schmuckdesign\",\"potentialAction\":[{\"@type\":\"SearchAction\",\"target\":{\"@type\":\"EntryPoint\",\"urlTemplate\":\"https:\/\/beatrice-mueller.de\/fr\/?s={search_term_string}\"},\"query-input\":{\"@type\":\"PropertyValueSpecification\",\"valueRequired\":true,\"valueName\":\"search_term_string\"}}],\"inLanguage\":\"fr-FR\"}]}<\/script>\n<!-- \/ Yoast SEO plugin. -->","yoast_head_json":{"title":"Bracelet CHEVAL en argent 925 plaqu\u00e9 palladium blanc - Beatrice M\u00fcller","robots":{"index":"index","follow":"follow","max-snippet":"max-snippet:-1","max-image-preview":"max-image-preview:large","max-video-preview":"max-video-preview:-1"},"canonical":"https:\/\/beatrice-mueller.de\/fr\/produit\/bracelet-cheval-en-argent-925-plaque-palladium-blanc\/","og_locale":"fr_FR","og_type":"article","og_title":"Bracelet CHEVAL en argent 925 plaqu\u00e9 palladium blanc - Beatrice M\u00fcller","og_description":"\u00ab Le bonheur de la terre repose sur le dos du cheval. \u00bb Ce bracelet avec une t\u00eate de cheval, pr\u00e9sent\u00e9 de mani\u00e8re moderne dans des lignes l\u00e9g\u00e8res, est fait pour les amoureux des chevaux de tous \u00e2ges. Caract\u00e9ristiques: \u2718 Disponible en brillant, mat fluide et mat diamant. \u2718 Gr\u00e2ce au m\u00e9canisme coulissant, le bracelet [&hellip;]","og_url":"https:\/\/beatrice-mueller.de\/fr\/produit\/bracelet-cheval-en-argent-925-plaque-palladium-blanc\/","og_site_name":"Beatrice M\u00fcller","og_image":[{"width":2000,"height":2000,"url":"https:\/\/beatrice-mueller.de\/wp-content\/uploads\/2022\/02\/X-Design_Armkette_Horse_schwarz_silber_poliert.png","type":"image\/png"}],"twitter_card":"summary_large_image","twitter_misc":{"Dur\u00e9e de lecture estim\u00e9e":"1 minute"},"schema":{"@context":"https:\/\/schema.org","@graph":[{"@type":"WebPage","@id":"https:\/\/beatrice-mueller.de\/fr\/produit\/bracelet-cheval-en-argent-925-plaque-palladium-blanc\/","url":"https:\/\/beatrice-mueller.de\/fr\/produit\/bracelet-cheval-en-argent-925-plaque-palladium-blanc\/","name":"Bracelet CHEVAL en argent 925 plaqu\u00e9 palladium blanc - Beatrice M\u00fcller","isPartOf":{"@id":"https:\/\/beatrice-mueller.de\/fr\/#website"},"primaryImageOfPage":{"@id":"https:\/\/beatrice-mueller.de\/fr\/produit\/bracelet-cheval-en-argent-925-plaque-palladium-blanc\/#primaryimage"},"image":{"@id":"https:\/\/beatrice-mueller.de\/fr\/produit\/bracelet-cheval-en-argent-925-plaque-palladium-blanc\/#primaryimage"},"thumbnailUrl":"https:\/\/beatrice-mueller.de\/wp-content\/uploads\/2022\/02\/X-Design_Armkette_Horse_schwarz_silber_poliert.png","datePublished":"2025-02-16T11:56:17+00:00","breadcrumb":{"@id":"https:\/\/beatrice-mueller.de\/fr\/produit\/bracelet-cheval-en-argent-925-plaque-palladium-blanc\/#breadcrumb"},"inLanguage":"fr-FR","potentialAction":[{"@type":"ReadAction","target":["https:\/\/beatrice-mueller.de\/fr\/produit\/bracelet-cheval-en-argent-925-plaque-palladium-blanc\/"]}]},{"@type":"ImageObject","inLanguage":"fr-FR","@id":"https:\/\/beatrice-mueller.de\/fr\/produit\/bracelet-cheval-en-argent-925-plaque-palladium-blanc\/#primaryimage","url":"https:\/\/beatrice-mueller.de\/wp-content\/uploads\/2022\/02\/X-Design_Armkette_Horse_schwarz_silber_poliert.png","contentUrl":"https:\/\/beatrice-mueller.de\/wp-content\/uploads\/2022\/02\/X-Design_Armkette_Horse_schwarz_silber_poliert.png","width":2000,"height":2000},{"@type":"BreadcrumbList","@id":"https:\/\/beatrice-mueller.de\/fr\/produit\/bracelet-cheval-en-argent-925-plaque-palladium-blanc\/#breadcrumb","itemListElement":[{"@type":"ListItem","position":1,"name":"Startseite","item":"https:\/\/beatrice-mueller.de\/fr\/"},{"@type":"ListItem","position":2,"name":"Boutique","item":"https:\/\/beatrice-mueller.de\/fr\/boutique-2\/"},{"@type":"ListItem","position":3,"name":"Bracelet CHEVAL en argent 925 plaqu\u00e9 palladium blanc"}]},{"@type":"WebSite","@id":"https:\/\/beatrice-mueller.de\/fr\/#website","url":"https:\/\/beatrice-mueller.de\/fr\/","name":"Beatrice M\u00fcller","description":"Schmuckdesign","potentialAction":[{"@type":"SearchAction","target":{"@type":"EntryPoint","urlTemplate":"https:\/\/beatrice-mueller.de\/fr\/?s={search_term_string}"},"query-input":{"@type":"PropertyValueSpecification","valueRequired":true,"valueName":"search_term_string"}}],"inLanguage":"fr-FR"}]}},"_links":{"self":[{"href":"https:\/\/beatrice-mueller.de\/fr\/wp-json\/wp\/v2\/product\/21083","targetHints":{"allow":["GET"]}}],"collection":[{"href":"https:\/\/beatrice-mueller.de\/fr\/wp-json\/wp\/v2\/product"}],"about":[{"href":"https:\/\/beatrice-mueller.de\/fr\/wp-json\/wp\/v2\/types\/product"}],"replies":[{"embeddable":true,"href":"https:\/\/beatrice-mueller.de\/fr\/wp-json\/wp\/v2\/comments?post=21083"}],"wp:featuredmedia":[{"embeddable":true,"href":"https:\/\/beatrice-mueller.de\/fr\/wp-json\/wp\/v2\/media\/21134"}],"wp:attachment":[{"href":"https:\/\/beatrice-mueller.de\/fr\/wp-json\/wp\/v2\/media?parent=21083"}],"wp:term":[{"taxonomy":"product_brand","embeddable":true,"href":"https:\/\/beatrice-mueller.de\/fr\/wp-json\/wp\/v2\/product_brand?post=21083"},{"taxonomy":"product_cat","embeddable":true,"href":"https:\/\/beatrice-mueller.de\/fr\/wp-json\/wp\/v2\/product_cat?post=21083"},{"taxonomy":"product_tag","embeddable":true,"href":"https:\/\/beatrice-mueller.de\/fr\/wp-json\/wp\/v2\/product_tag?post=21083"}],"curies":[{"name":"wp","href":"https:\/\/api.w.org\/{rel}","templated":true}]}}