{"id":21138,"date":"2022-03-17T08:20:32","date_gmt":"2025-02-16T11:56:22","guid":{"rendered":"https:\/\/beatrice-mueller.de\/produkt\/chaussettes-courtes-no-stress\/"},"modified":"2025-03-20T03:54:42","modified_gmt":"2025-03-20T02:54:42","slug":"chaussettes-courtes-no-stress","status":"publish","type":"product","link":"https:\/\/beatrice-mueller.de\/fr\/produit\/chaussettes-courtes-no-stress\/","title":{"rendered":"chaussettes courtes NO STRESS"},"content":{"rendered":"<div class=\"content--title\">Nos chaussettes confortables en coton rendent votre tenue sp\u00e9ciale et montrent votre personnalit\u00e9. D\u00e9tendez-vous avec eux ou offrez un superbe cadeau \u00e0 vos proches. Vous vous sentirez \u00e0 l&#8217;aise partout avec ces chaussettes sans stress.  <\/div>\n<p>&nbsp;<\/p>\n<p>Le logo tricot\u00e9 NO STRESS montre ce que vous repr\u00e9sentez et avec quoi vous marchez \ud83d\ude42<\/p>\n<p><span style=\"text-decoration: underline;\">Caract\u00e9ristiques:<\/span><\/p>\n<p><span style=\"color: #ff0000;\">\u2718<\/span> Teneur \u00e9lev\u00e9e en coton, flatte le pied et le laisse respirer.<\/p>\n<p><span style=\"color: #ff0000;\">\u2718<\/span> Disponible en deux tailles diff\u00e9rentes, soit gris clair soit gris fonc\u00e9.<\/p>\n<p><span style=\"color: #ff0000;\">\u2718<\/span> Lavable en machine.<\/p>\n<table border=\"0\" frame=\"box\">\n<tbody>\n<tr>\n<td><strong>mat\u00e9riel<\/strong><\/td>\n<\/tr>\n<tr>\n<td>78% coton<\/td>\n<\/tr>\n<tr>\n<td>19% polyamide<\/td>\n<\/tr>\n<tr>\n<td>3% d&#8217;\u00e9lasthanne<\/td>\n<\/tr>\n<\/tbody>\n<\/table>\n","protected":false},"excerpt":{"rendered":"<p>Nos chaussettes confortables en coton rendent votre tenue sp\u00e9ciale et montrent votre personnalit\u00e9. D\u00e9tendez-vous avec eux ou offrez un superbe cadeau \u00e0 vos proches. Vous vous sentirez \u00e0 l&#8217;aise partout avec ces chaussettes sans stress. &nbsp; Le logo tricot\u00e9 NO STRESS montre ce que vous repr\u00e9sentez et avec quoi vous marchez \ud83d\ude42 Caract\u00e9ristiques: \u2718 Teneur [&hellip;]<\/p>\n","protected":false},"featured_media":21139,"comment_status":"closed","ping_status":"closed","template":"","meta":{"_glsr_average":0,"_glsr_ranking":0,"_glsr_reviews":0},"product_brand":[],"product_cat":[574],"product_tag":[1564,563,575],"class_list":{"0":"post-21138","1":"product","2":"type-product","3":"status-publish","4":"has-post-thumbnail","6":"product_cat-vetements","7":"product_tag-cadeau","8":"product_tag-conception-x","9":"product_tag-vetements","10":"pa_farbe-gris-clair","11":"pa_farbe-gris-fonce","12":"pa_groesse-35-38-fr","13":"pa_groesse-39-42-fr-2","14":"pa_marke-x-design-fr","16":"first","17":"instock","18":"taxable","19":"shipping-taxable","20":"purchasable","21":"product-type-variable"},"exclude_global_add_ons":[],"addons":[],"yoast_head":"<!-- This site is optimized with the Yoast SEO plugin v25.6 - https:\/\/yoast.com\/wordpress\/plugins\/seo\/ -->\n<title>chaussettes courtes NO STRESS - Beatrice M\u00fcller<\/title>\n<meta name=\"robots\" content=\"index, follow, max-snippet:-1, max-image-preview:large, max-video-preview:-1\" \/>\n<link rel=\"canonical\" href=\"https:\/\/beatrice-mueller.de\/fr\/produit\/chaussettes-courtes-no-stress\/\" \/>\n<meta property=\"og:locale\" content=\"fr_FR\" \/>\n<meta property=\"og:type\" content=\"article\" \/>\n<meta property=\"og:title\" content=\"chaussettes courtes NO STRESS - Beatrice M\u00fcller\" \/>\n<meta property=\"og:description\" content=\"Nos chaussettes confortables en coton rendent votre tenue sp\u00e9ciale et montrent votre personnalit\u00e9. D\u00e9tendez-vous avec eux ou offrez un superbe cadeau \u00e0 vos proches. Vous vous sentirez \u00e0 l&#8217;aise partout avec ces chaussettes sans stress. &nbsp; Le logo tricot\u00e9 NO STRESS montre ce que vous repr\u00e9sentez et avec quoi vous marchez \ud83d\ude42 Caract\u00e9ristiques: \u2718 Teneur [&hellip;]\" \/>\n<meta property=\"og:url\" content=\"https:\/\/beatrice-mueller.de\/fr\/produit\/chaussettes-courtes-no-stress\/\" \/>\n<meta property=\"og:site_name\" content=\"Beatrice M\u00fcller\" \/>\n<meta property=\"article:modified_time\" content=\"2025-03-20T02:54:42+00:00\" \/>\n<meta property=\"og:image\" content=\"https:\/\/beatrice-mueller.de\/wp-content\/uploads\/2022\/02\/NO-STRESS-Socken-Dunkelgrau_39-42.jpg\" \/>\n\t<meta property=\"og:image:width\" content=\"827\" \/>\n\t<meta property=\"og:image:height\" content=\"766\" \/>\n\t<meta property=\"og:image:type\" content=\"image\/jpeg\" \/>\n<meta name=\"twitter:card\" content=\"summary_large_image\" \/>\n<script type=\"application\/ld+json\" class=\"yoast-schema-graph\">{\"@context\":\"https:\/\/schema.org\",\"@graph\":[{\"@type\":\"WebPage\",\"@id\":\"https:\/\/beatrice-mueller.de\/fr\/produit\/chaussettes-courtes-no-stress\/\",\"url\":\"https:\/\/beatrice-mueller.de\/fr\/produit\/chaussettes-courtes-no-stress\/\",\"name\":\"chaussettes courtes NO STRESS - Beatrice M\u00fcller\",\"isPartOf\":{\"@id\":\"https:\/\/beatrice-mueller.de\/fr\/#website\"},\"primaryImageOfPage\":{\"@id\":\"https:\/\/beatrice-mueller.de\/fr\/produit\/chaussettes-courtes-no-stress\/#primaryimage\"},\"image\":{\"@id\":\"https:\/\/beatrice-mueller.de\/fr\/produit\/chaussettes-courtes-no-stress\/#primaryimage\"},\"thumbnailUrl\":\"https:\/\/beatrice-mueller.de\/wp-content\/uploads\/2022\/02\/NO-STRESS-Socken-Dunkelgrau_39-42.jpg\",\"datePublished\":\"2025-02-16T11:56:22+00:00\",\"dateModified\":\"2025-03-20T02:54:42+00:00\",\"breadcrumb\":{\"@id\":\"https:\/\/beatrice-mueller.de\/fr\/produit\/chaussettes-courtes-no-stress\/#breadcrumb\"},\"inLanguage\":\"fr-FR\",\"potentialAction\":[{\"@type\":\"ReadAction\",\"target\":[\"https:\/\/beatrice-mueller.de\/fr\/produit\/chaussettes-courtes-no-stress\/\"]}]},{\"@type\":\"ImageObject\",\"inLanguage\":\"fr-FR\",\"@id\":\"https:\/\/beatrice-mueller.de\/fr\/produit\/chaussettes-courtes-no-stress\/#primaryimage\",\"url\":\"https:\/\/beatrice-mueller.de\/wp-content\/uploads\/2022\/02\/NO-STRESS-Socken-Dunkelgrau_39-42.jpg\",\"contentUrl\":\"https:\/\/beatrice-mueller.de\/wp-content\/uploads\/2022\/02\/NO-STRESS-Socken-Dunkelgrau_39-42.jpg\",\"width\":827,\"height\":766},{\"@type\":\"BreadcrumbList\",\"@id\":\"https:\/\/beatrice-mueller.de\/fr\/produit\/chaussettes-courtes-no-stress\/#breadcrumb\",\"itemListElement\":[{\"@type\":\"ListItem\",\"position\":1,\"name\":\"Startseite\",\"item\":\"https:\/\/beatrice-mueller.de\/fr\/\"},{\"@type\":\"ListItem\",\"position\":2,\"name\":\"Boutique\",\"item\":\"https:\/\/beatrice-mueller.de\/fr\/boutique-2\/\"},{\"@type\":\"ListItem\",\"position\":3,\"name\":\"chaussettes courtes NO STRESS\"}]},{\"@type\":\"WebSite\",\"@id\":\"https:\/\/beatrice-mueller.de\/fr\/#website\",\"url\":\"https:\/\/beatrice-mueller.de\/fr\/\",\"name\":\"Beatrice M\u00fcller\",\"description\":\"Schmuckdesign\",\"potentialAction\":[{\"@type\":\"SearchAction\",\"target\":{\"@type\":\"EntryPoint\",\"urlTemplate\":\"https:\/\/beatrice-mueller.de\/fr\/?s={search_term_string}\"},\"query-input\":{\"@type\":\"PropertyValueSpecification\",\"valueRequired\":true,\"valueName\":\"search_term_string\"}}],\"inLanguage\":\"fr-FR\"}]}<\/script>\n<!-- \/ Yoast SEO plugin. -->","yoast_head_json":{"title":"chaussettes courtes NO STRESS - Beatrice M\u00fcller","robots":{"index":"index","follow":"follow","max-snippet":"max-snippet:-1","max-image-preview":"max-image-preview:large","max-video-preview":"max-video-preview:-1"},"canonical":"https:\/\/beatrice-mueller.de\/fr\/produit\/chaussettes-courtes-no-stress\/","og_locale":"fr_FR","og_type":"article","og_title":"chaussettes courtes NO STRESS - Beatrice M\u00fcller","og_description":"Nos chaussettes confortables en coton rendent votre tenue sp\u00e9ciale et montrent votre personnalit\u00e9. D\u00e9tendez-vous avec eux ou offrez un superbe cadeau \u00e0 vos proches. Vous vous sentirez \u00e0 l&#8217;aise partout avec ces chaussettes sans stress. &nbsp; Le logo tricot\u00e9 NO STRESS montre ce que vous repr\u00e9sentez et avec quoi vous marchez \ud83d\ude42 Caract\u00e9ristiques: \u2718 Teneur [&hellip;]","og_url":"https:\/\/beatrice-mueller.de\/fr\/produit\/chaussettes-courtes-no-stress\/","og_site_name":"Beatrice M\u00fcller","article_modified_time":"2025-03-20T02:54:42+00:00","og_image":[{"width":827,"height":766,"url":"https:\/\/beatrice-mueller.de\/wp-content\/uploads\/2022\/02\/NO-STRESS-Socken-Dunkelgrau_39-42.jpg","type":"image\/jpeg"}],"twitter_card":"summary_large_image","schema":{"@context":"https:\/\/schema.org","@graph":[{"@type":"WebPage","@id":"https:\/\/beatrice-mueller.de\/fr\/produit\/chaussettes-courtes-no-stress\/","url":"https:\/\/beatrice-mueller.de\/fr\/produit\/chaussettes-courtes-no-stress\/","name":"chaussettes courtes NO STRESS - Beatrice M\u00fcller","isPartOf":{"@id":"https:\/\/beatrice-mueller.de\/fr\/#website"},"primaryImageOfPage":{"@id":"https:\/\/beatrice-mueller.de\/fr\/produit\/chaussettes-courtes-no-stress\/#primaryimage"},"image":{"@id":"https:\/\/beatrice-mueller.de\/fr\/produit\/chaussettes-courtes-no-stress\/#primaryimage"},"thumbnailUrl":"https:\/\/beatrice-mueller.de\/wp-content\/uploads\/2022\/02\/NO-STRESS-Socken-Dunkelgrau_39-42.jpg","datePublished":"2025-02-16T11:56:22+00:00","dateModified":"2025-03-20T02:54:42+00:00","breadcrumb":{"@id":"https:\/\/beatrice-mueller.de\/fr\/produit\/chaussettes-courtes-no-stress\/#breadcrumb"},"inLanguage":"fr-FR","potentialAction":[{"@type":"ReadAction","target":["https:\/\/beatrice-mueller.de\/fr\/produit\/chaussettes-courtes-no-stress\/"]}]},{"@type":"ImageObject","inLanguage":"fr-FR","@id":"https:\/\/beatrice-mueller.de\/fr\/produit\/chaussettes-courtes-no-stress\/#primaryimage","url":"https:\/\/beatrice-mueller.de\/wp-content\/uploads\/2022\/02\/NO-STRESS-Socken-Dunkelgrau_39-42.jpg","contentUrl":"https:\/\/beatrice-mueller.de\/wp-content\/uploads\/2022\/02\/NO-STRESS-Socken-Dunkelgrau_39-42.jpg","width":827,"height":766},{"@type":"BreadcrumbList","@id":"https:\/\/beatrice-mueller.de\/fr\/produit\/chaussettes-courtes-no-stress\/#breadcrumb","itemListElement":[{"@type":"ListItem","position":1,"name":"Startseite","item":"https:\/\/beatrice-mueller.de\/fr\/"},{"@type":"ListItem","position":2,"name":"Boutique","item":"https:\/\/beatrice-mueller.de\/fr\/boutique-2\/"},{"@type":"ListItem","position":3,"name":"chaussettes courtes NO STRESS"}]},{"@type":"WebSite","@id":"https:\/\/beatrice-mueller.de\/fr\/#website","url":"https:\/\/beatrice-mueller.de\/fr\/","name":"Beatrice M\u00fcller","description":"Schmuckdesign","potentialAction":[{"@type":"SearchAction","target":{"@type":"EntryPoint","urlTemplate":"https:\/\/beatrice-mueller.de\/fr\/?s={search_term_string}"},"query-input":{"@type":"PropertyValueSpecification","valueRequired":true,"valueName":"search_term_string"}}],"inLanguage":"fr-FR"}]}},"_links":{"self":[{"href":"https:\/\/beatrice-mueller.de\/fr\/wp-json\/wp\/v2\/product\/21138","targetHints":{"allow":["GET"]}}],"collection":[{"href":"https:\/\/beatrice-mueller.de\/fr\/wp-json\/wp\/v2\/product"}],"about":[{"href":"https:\/\/beatrice-mueller.de\/fr\/wp-json\/wp\/v2\/types\/product"}],"replies":[{"embeddable":true,"href":"https:\/\/beatrice-mueller.de\/fr\/wp-json\/wp\/v2\/comments?post=21138"}],"wp:featuredmedia":[{"embeddable":true,"href":"https:\/\/beatrice-mueller.de\/fr\/wp-json\/wp\/v2\/media\/21139"}],"wp:attachment":[{"href":"https:\/\/beatrice-mueller.de\/fr\/wp-json\/wp\/v2\/media?parent=21138"}],"wp:term":[{"taxonomy":"product_brand","embeddable":true,"href":"https:\/\/beatrice-mueller.de\/fr\/wp-json\/wp\/v2\/product_brand?post=21138"},{"taxonomy":"product_cat","embeddable":true,"href":"https:\/\/beatrice-mueller.de\/fr\/wp-json\/wp\/v2\/product_cat?post=21138"},{"taxonomy":"product_tag","embeddable":true,"href":"https:\/\/beatrice-mueller.de\/fr\/wp-json\/wp\/v2\/product_tag?post=21138"}],"curies":[{"name":"wp","href":"https:\/\/api.w.org\/{rel}","templated":true}]}}