{"id":21146,"date":"2025-02-16T12:56:24","date_gmt":"2025-02-16T11:56:24","guid":{"rendered":"https:\/\/beatrice-mueller.de\/produkt\/chaussettes-avec-pendentif-du-zodiaque-en-argent-925\/"},"modified":"2025-02-16T12:56:24","modified_gmt":"2025-02-16T11:56:24","slug":"chaussettes-avec-pendentif-du-zodiaque-en-argent-925","status":"publish","type":"product","link":"https:\/\/beatrice-mueller.de\/fr\/produit\/chaussettes-avec-pendentif-du-zodiaque-en-argent-925\/","title":{"rendered":"Chaussettes avec PENDENTIF DU ZODIAQUE en Argent 925"},"content":{"rendered":"<div class=\"product--description\">D\u00e9corez-vous avec des chaussettes d&#8217;un genre sp\u00e9cial ! Chaque paire est dot\u00e9e d&#8217;un pendentif du zodiaque qui peut \u00eatre d\u00e9plac\u00e9. Cela affine vos pieds et attire d\u00e9finitivement l&#8217;attention.  <\/div>\n<div class=\"product--description\"><\/div>\n<div class=\"product--description\">Nos bijoux pour chaussettes sont disponibles dans le package suivant : Une paire noire avec le signe du zodiaque de votre choix, solidement mont\u00e9e sur une chaussette.<\/div>\n<div class=\"product--description\">\n<strong>Attention : les bijoux et les chaussettes sont indissociables.<\/strong><\/p>\n<p><span style=\"text-decoration: underline;\">Caract\u00e9ristiques:<\/span><\/p>\n<p><span style=\"color: #ff0000;\">\u2718Peut<\/span> \u00e9galement \u00eatre personnalis\u00e9, demandez simplement \u00e0 notre \u00e9quipe !<\/p>\n<p><span style=\"color: #ff0000;\">\u2718<\/span> Convient \u00e0 la machine \u00e0 laver.<\/p>\n<p><span style=\"color: #ff0000;\">\u2718<\/span> Le pendentif est attach\u00e9 sur le c\u00f4t\u00e9 droit de la chaussette.<\/p>\n<table border=\"0\" frame=\"box\">\n<tbody>\n<tr>\n<td><span data-mce-mark=\"1\"><strong>Bijoux en mat\u00e9riaux<\/strong><\/span><\/td>\n<td><span data-mce-mark=\"1\">Argent 925<\/span><\/td>\n<\/tr>\n<tr>\n<td><span data-mce-mark=\"1\"><strong>surface<\/strong><\/span><\/td>\n<td><span data-mce-mark=\"1\">brillant<\/span><\/td>\n<\/tr>\n<tr>\n<td><span data-mce-mark=\"1\"><strong>taille signe du zodiaque<br \/>\n<\/strong><\/span><\/td>\n<td><span data-mce-mark=\"1\">10 mm<\/span><\/td>\n<\/tr>\n<\/tbody>\n<\/table>\n<\/div>\n","protected":false},"excerpt":{"rendered":"<p>D\u00e9corez-vous avec des chaussettes d&#8217;un genre sp\u00e9cial ! Chaque paire est dot\u00e9e d&#8217;un pendentif du zodiaque qui peut \u00eatre d\u00e9plac\u00e9. Cela affine vos pieds et attire d\u00e9finitivement l&#8217;attention. Nos bijoux pour chaussettes sont disponibles dans le package suivant : Une paire noire avec le signe du zodiaque de votre choix, solidement mont\u00e9e sur une chaussette. [&hellip;]<\/p>\n","protected":false},"featured_media":21156,"comment_status":"closed","ping_status":"closed","template":"","meta":{"_glsr_average":0,"_glsr_ranking":0,"_glsr_reviews":0},"product_brand":[],"product_cat":[576,574],"product_tag":[577,563,575],"class_list":{"0":"post-21146","1":"product","2":"type-product","3":"status-publish","4":"has-post-thumbnail","6":"product_cat-signe-du-zodiaque","7":"product_cat-vetements","8":"product_tag-bijoux-du-zodiaque","9":"product_tag-conception-x","10":"product_tag-vetements","11":"pa_marke-x-design-fr","12":"pa_sternzeichen-fische-fr-2","13":"pa_sternzeichen-jungfrau-fr-2","14":"pa_sternzeichen-krebs-fr-2","15":"pa_sternzeichen-loewe-fr-2","16":"pa_sternzeichen-schuetze-fr","17":"pa_sternzeichen-skorpion-fr-2","18":"pa_sternzeichen-steinbock-fr-2","19":"pa_sternzeichen-stier-fr","20":"pa_sternzeichen-waage-fr-2","21":"pa_sternzeichen-wassermann-fr-2","22":"pa_sternzeichen-widder-fr","23":"pa_sternzeichen-zwillinge-fr","25":"first","26":"instock","27":"taxable","28":"shipping-taxable","29":"purchasable","30":"product-type-variable"},"exclude_global_add_ons":[],"addons":[],"yoast_head":"<!-- This site is optimized with the Yoast SEO plugin v25.6 - https:\/\/yoast.com\/wordpress\/plugins\/seo\/ -->\n<title>Chaussettes avec PENDENTIF DU ZODIAQUE en Argent 925 - Beatrice M\u00fcller<\/title>\n<meta name=\"robots\" content=\"index, follow, max-snippet:-1, max-image-preview:large, max-video-preview:-1\" \/>\n<link rel=\"canonical\" href=\"https:\/\/beatrice-mueller.de\/fr\/produit\/chaussettes-avec-pendentif-du-zodiaque-en-argent-925\/\" \/>\n<meta property=\"og:locale\" content=\"fr_FR\" \/>\n<meta property=\"og:type\" content=\"article\" \/>\n<meta property=\"og:title\" content=\"Chaussettes avec PENDENTIF DU ZODIAQUE en Argent 925 - Beatrice M\u00fcller\" \/>\n<meta property=\"og:description\" content=\"D\u00e9corez-vous avec des chaussettes d&#8217;un genre sp\u00e9cial ! Chaque paire est dot\u00e9e d&#8217;un pendentif du zodiaque qui peut \u00eatre d\u00e9plac\u00e9. Cela affine vos pieds et attire d\u00e9finitivement l&#8217;attention. Nos bijoux pour chaussettes sont disponibles dans le package suivant : Une paire noire avec le signe du zodiaque de votre choix, solidement mont\u00e9e sur une chaussette. [&hellip;]\" \/>\n<meta property=\"og:url\" content=\"https:\/\/beatrice-mueller.de\/fr\/produit\/chaussettes-avec-pendentif-du-zodiaque-en-argent-925\/\" \/>\n<meta property=\"og:site_name\" content=\"Beatrice M\u00fcller\" \/>\n<meta property=\"og:image\" content=\"https:\/\/beatrice-mueller.de\/wp-content\/uploads\/2022\/02\/X-Design_Steinbock-Niete_Socken.jpg\" \/>\n\t<meta property=\"og:image:width\" content=\"850\" \/>\n\t<meta property=\"og:image:height\" content=\"850\" \/>\n\t<meta property=\"og:image:type\" content=\"image\/jpeg\" \/>\n<meta name=\"twitter:card\" content=\"summary_large_image\" \/>\n<meta name=\"twitter:label1\" content=\"Dur\u00e9e de lecture estim\u00e9e\" \/>\n\t<meta name=\"twitter:data1\" content=\"1 minute\" \/>\n<script type=\"application\/ld+json\" class=\"yoast-schema-graph\">{\"@context\":\"https:\/\/schema.org\",\"@graph\":[{\"@type\":\"WebPage\",\"@id\":\"https:\/\/beatrice-mueller.de\/fr\/produit\/chaussettes-avec-pendentif-du-zodiaque-en-argent-925\/\",\"url\":\"https:\/\/beatrice-mueller.de\/fr\/produit\/chaussettes-avec-pendentif-du-zodiaque-en-argent-925\/\",\"name\":\"Chaussettes avec PENDENTIF DU ZODIAQUE en Argent 925 - Beatrice M\u00fcller\",\"isPartOf\":{\"@id\":\"https:\/\/beatrice-mueller.de\/fr\/#website\"},\"primaryImageOfPage\":{\"@id\":\"https:\/\/beatrice-mueller.de\/fr\/produit\/chaussettes-avec-pendentif-du-zodiaque-en-argent-925\/#primaryimage\"},\"image\":{\"@id\":\"https:\/\/beatrice-mueller.de\/fr\/produit\/chaussettes-avec-pendentif-du-zodiaque-en-argent-925\/#primaryimage\"},\"thumbnailUrl\":\"https:\/\/beatrice-mueller.de\/wp-content\/uploads\/2022\/02\/X-Design_Steinbock-Niete_Socken.jpg\",\"datePublished\":\"2025-02-16T11:56:24+00:00\",\"breadcrumb\":{\"@id\":\"https:\/\/beatrice-mueller.de\/fr\/produit\/chaussettes-avec-pendentif-du-zodiaque-en-argent-925\/#breadcrumb\"},\"inLanguage\":\"fr-FR\",\"potentialAction\":[{\"@type\":\"ReadAction\",\"target\":[\"https:\/\/beatrice-mueller.de\/fr\/produit\/chaussettes-avec-pendentif-du-zodiaque-en-argent-925\/\"]}]},{\"@type\":\"ImageObject\",\"inLanguage\":\"fr-FR\",\"@id\":\"https:\/\/beatrice-mueller.de\/fr\/produit\/chaussettes-avec-pendentif-du-zodiaque-en-argent-925\/#primaryimage\",\"url\":\"https:\/\/beatrice-mueller.de\/wp-content\/uploads\/2022\/02\/X-Design_Steinbock-Niete_Socken.jpg\",\"contentUrl\":\"https:\/\/beatrice-mueller.de\/wp-content\/uploads\/2022\/02\/X-Design_Steinbock-Niete_Socken.jpg\",\"width\":850,\"height\":850},{\"@type\":\"BreadcrumbList\",\"@id\":\"https:\/\/beatrice-mueller.de\/fr\/produit\/chaussettes-avec-pendentif-du-zodiaque-en-argent-925\/#breadcrumb\",\"itemListElement\":[{\"@type\":\"ListItem\",\"position\":1,\"name\":\"Startseite\",\"item\":\"https:\/\/beatrice-mueller.de\/fr\/\"},{\"@type\":\"ListItem\",\"position\":2,\"name\":\"Boutique\",\"item\":\"https:\/\/beatrice-mueller.de\/fr\/boutique-2\/\"},{\"@type\":\"ListItem\",\"position\":3,\"name\":\"Chaussettes avec PENDENTIF DU ZODIAQUE en Argent 925\"}]},{\"@type\":\"WebSite\",\"@id\":\"https:\/\/beatrice-mueller.de\/fr\/#website\",\"url\":\"https:\/\/beatrice-mueller.de\/fr\/\",\"name\":\"Beatrice M\u00fcller\",\"description\":\"Schmuckdesign\",\"potentialAction\":[{\"@type\":\"SearchAction\",\"target\":{\"@type\":\"EntryPoint\",\"urlTemplate\":\"https:\/\/beatrice-mueller.de\/fr\/?s={search_term_string}\"},\"query-input\":{\"@type\":\"PropertyValueSpecification\",\"valueRequired\":true,\"valueName\":\"search_term_string\"}}],\"inLanguage\":\"fr-FR\"}]}<\/script>\n<!-- \/ Yoast SEO plugin. -->","yoast_head_json":{"title":"Chaussettes avec PENDENTIF DU ZODIAQUE en Argent 925 - Beatrice M\u00fcller","robots":{"index":"index","follow":"follow","max-snippet":"max-snippet:-1","max-image-preview":"max-image-preview:large","max-video-preview":"max-video-preview:-1"},"canonical":"https:\/\/beatrice-mueller.de\/fr\/produit\/chaussettes-avec-pendentif-du-zodiaque-en-argent-925\/","og_locale":"fr_FR","og_type":"article","og_title":"Chaussettes avec PENDENTIF DU ZODIAQUE en Argent 925 - Beatrice M\u00fcller","og_description":"D\u00e9corez-vous avec des chaussettes d&#8217;un genre sp\u00e9cial ! Chaque paire est dot\u00e9e d&#8217;un pendentif du zodiaque qui peut \u00eatre d\u00e9plac\u00e9. Cela affine vos pieds et attire d\u00e9finitivement l&#8217;attention. Nos bijoux pour chaussettes sont disponibles dans le package suivant : Une paire noire avec le signe du zodiaque de votre choix, solidement mont\u00e9e sur une chaussette. [&hellip;]","og_url":"https:\/\/beatrice-mueller.de\/fr\/produit\/chaussettes-avec-pendentif-du-zodiaque-en-argent-925\/","og_site_name":"Beatrice M\u00fcller","og_image":[{"width":850,"height":850,"url":"https:\/\/beatrice-mueller.de\/wp-content\/uploads\/2022\/02\/X-Design_Steinbock-Niete_Socken.jpg","type":"image\/jpeg"}],"twitter_card":"summary_large_image","twitter_misc":{"Dur\u00e9e de lecture estim\u00e9e":"1 minute"},"schema":{"@context":"https:\/\/schema.org","@graph":[{"@type":"WebPage","@id":"https:\/\/beatrice-mueller.de\/fr\/produit\/chaussettes-avec-pendentif-du-zodiaque-en-argent-925\/","url":"https:\/\/beatrice-mueller.de\/fr\/produit\/chaussettes-avec-pendentif-du-zodiaque-en-argent-925\/","name":"Chaussettes avec PENDENTIF DU ZODIAQUE en Argent 925 - Beatrice M\u00fcller","isPartOf":{"@id":"https:\/\/beatrice-mueller.de\/fr\/#website"},"primaryImageOfPage":{"@id":"https:\/\/beatrice-mueller.de\/fr\/produit\/chaussettes-avec-pendentif-du-zodiaque-en-argent-925\/#primaryimage"},"image":{"@id":"https:\/\/beatrice-mueller.de\/fr\/produit\/chaussettes-avec-pendentif-du-zodiaque-en-argent-925\/#primaryimage"},"thumbnailUrl":"https:\/\/beatrice-mueller.de\/wp-content\/uploads\/2022\/02\/X-Design_Steinbock-Niete_Socken.jpg","datePublished":"2025-02-16T11:56:24+00:00","breadcrumb":{"@id":"https:\/\/beatrice-mueller.de\/fr\/produit\/chaussettes-avec-pendentif-du-zodiaque-en-argent-925\/#breadcrumb"},"inLanguage":"fr-FR","potentialAction":[{"@type":"ReadAction","target":["https:\/\/beatrice-mueller.de\/fr\/produit\/chaussettes-avec-pendentif-du-zodiaque-en-argent-925\/"]}]},{"@type":"ImageObject","inLanguage":"fr-FR","@id":"https:\/\/beatrice-mueller.de\/fr\/produit\/chaussettes-avec-pendentif-du-zodiaque-en-argent-925\/#primaryimage","url":"https:\/\/beatrice-mueller.de\/wp-content\/uploads\/2022\/02\/X-Design_Steinbock-Niete_Socken.jpg","contentUrl":"https:\/\/beatrice-mueller.de\/wp-content\/uploads\/2022\/02\/X-Design_Steinbock-Niete_Socken.jpg","width":850,"height":850},{"@type":"BreadcrumbList","@id":"https:\/\/beatrice-mueller.de\/fr\/produit\/chaussettes-avec-pendentif-du-zodiaque-en-argent-925\/#breadcrumb","itemListElement":[{"@type":"ListItem","position":1,"name":"Startseite","item":"https:\/\/beatrice-mueller.de\/fr\/"},{"@type":"ListItem","position":2,"name":"Boutique","item":"https:\/\/beatrice-mueller.de\/fr\/boutique-2\/"},{"@type":"ListItem","position":3,"name":"Chaussettes avec PENDENTIF DU ZODIAQUE en Argent 925"}]},{"@type":"WebSite","@id":"https:\/\/beatrice-mueller.de\/fr\/#website","url":"https:\/\/beatrice-mueller.de\/fr\/","name":"Beatrice M\u00fcller","description":"Schmuckdesign","potentialAction":[{"@type":"SearchAction","target":{"@type":"EntryPoint","urlTemplate":"https:\/\/beatrice-mueller.de\/fr\/?s={search_term_string}"},"query-input":{"@type":"PropertyValueSpecification","valueRequired":true,"valueName":"search_term_string"}}],"inLanguage":"fr-FR"}]}},"_links":{"self":[{"href":"https:\/\/beatrice-mueller.de\/fr\/wp-json\/wp\/v2\/product\/21146","targetHints":{"allow":["GET"]}}],"collection":[{"href":"https:\/\/beatrice-mueller.de\/fr\/wp-json\/wp\/v2\/product"}],"about":[{"href":"https:\/\/beatrice-mueller.de\/fr\/wp-json\/wp\/v2\/types\/product"}],"replies":[{"embeddable":true,"href":"https:\/\/beatrice-mueller.de\/fr\/wp-json\/wp\/v2\/comments?post=21146"}],"wp:featuredmedia":[{"embeddable":true,"href":"https:\/\/beatrice-mueller.de\/fr\/wp-json\/wp\/v2\/media\/21156"}],"wp:attachment":[{"href":"https:\/\/beatrice-mueller.de\/fr\/wp-json\/wp\/v2\/media?parent=21146"}],"wp:term":[{"taxonomy":"product_brand","embeddable":true,"href":"https:\/\/beatrice-mueller.de\/fr\/wp-json\/wp\/v2\/product_brand?post=21146"},{"taxonomy":"product_cat","embeddable":true,"href":"https:\/\/beatrice-mueller.de\/fr\/wp-json\/wp\/v2\/product_cat?post=21146"},{"taxonomy":"product_tag","embeddable":true,"href":"https:\/\/beatrice-mueller.de\/fr\/wp-json\/wp\/v2\/product_tag?post=21146"}],"curies":[{"name":"wp","href":"https:\/\/api.w.org\/{rel}","templated":true}]}}