{"id":21226,"date":"2025-02-16T12:56:30","date_gmt":"2025-02-16T11:56:30","guid":{"rendered":"https:\/\/beatrice-mueller.de\/produkt\/broche-no-stress-argent-925\/"},"modified":"2025-02-16T12:56:30","modified_gmt":"2025-02-16T11:56:30","slug":"broche-no-stress-argent-925","status":"publish","type":"product","link":"https:\/\/beatrice-mueller.de\/fr\/produit\/broche-no-stress-argent-925\/","title":{"rendered":"Broche NO STRESS Argent 925"},"content":{"rendered":"<div class=\"product--description\"><\/div>\n<div class=\"product--description\">Un accessoire discret avec un design accrocheur &#8211; adapt\u00e9 \u00e0 toutes les occasions. L&#8217;argent utilis\u00e9 donne \u00e0 la broche une belle brillance. L&#8217;\u00e9pingle d\u00e9core sacs, vestes ou pantalons et vous encourage \u00e0 g\u00e9rer consciemment les situations stressantes.  <\/div>\n<p>&nbsp;<\/p>\n<div class=\"product--description\">\n<p><span style=\"color: #ff0000;\">\u2718<\/span> Disponible poli ou mat<\/p>\n<p> <span style=\"color: #ff0000;\">\u2718<\/span> disponible en quatre couleurs.<\/p>\n<\/div>\n<p>&nbsp;<\/p>\n<table border=\"0\">\n<tbody>\n<tr>\n<td><strong>Bijoux en mat\u00e9riaux<\/strong><\/td>\n<td>Argent 925<\/td>\n<\/tr>\n<tr>\n<td><strong>surface<\/strong><\/td>\n<td>poli \/ mat fluide \/ mat diamant\u00e9<\/td>\n<\/tr>\n<tr>\n<td><strong>Couleur<\/strong><\/td>\n<td>or \/ argent \/ rose \/ noir<\/td>\n<\/tr>\n<tr>\n<td><strong>Taille<br \/>\n<\/strong><\/td>\n<td>10 mm x 10 mm<\/td>\n<\/tr>\n<\/tbody>\n<\/table>\n","protected":false},"excerpt":{"rendered":"<p>Un accessoire discret avec un design accrocheur &#8211; adapt\u00e9 \u00e0 toutes les occasions. L&#8217;argent utilis\u00e9 donne \u00e0 la broche une belle brillance. L&#8217;\u00e9pingle d\u00e9core sacs, vestes ou pantalons et vous encourage \u00e0 g\u00e9rer consciemment les situations stressantes. &nbsp; \u2718 Disponible poli ou mat \u2718 disponible en quatre couleurs. &nbsp; Bijoux en mat\u00e9riaux Argent 925 surface [&hellip;]<\/p>\n","protected":false},"featured_media":21233,"comment_status":"closed","ping_status":"closed","template":"","meta":{"_glsr_average":0,"_glsr_ranking":0,"_glsr_reviews":0},"product_brand":[],"product_cat":[580],"product_tag":[581,563],"class_list":{"0":"post-21226","1":"product","2":"type-product","3":"status-publish","4":"has-post-thumbnail","6":"product_cat-accessoires-fr","7":"product_tag-accessoires-fr","8":"product_tag-conception-x","9":"pa_farbe-argent-noir-rhodie","10":"pa_farbe-argent-plaque-platine-jaune","11":"pa_farbe-argent-plaque-platine-rouge","12":"pa_farbe-palladine-blanc-argente","13":"pa_marke-x-design-fr","14":"pa_material-diamantmatt-fr-2","15":"pa_material-fliessmatt-fr-2","16":"pa_material-poliert-fr","18":"first","19":"instock","20":"taxable","21":"shipping-taxable","22":"purchasable","23":"product-type-variable"},"exclude_global_add_ons":[],"addons":[],"yoast_head":"<!-- This site is optimized with the Yoast SEO plugin v25.6 - https:\/\/yoast.com\/wordpress\/plugins\/seo\/ -->\n<title>Broche NO STRESS Argent 925 - Beatrice M\u00fcller<\/title>\n<meta name=\"robots\" content=\"index, follow, max-snippet:-1, max-image-preview:large, max-video-preview:-1\" \/>\n<link rel=\"canonical\" href=\"https:\/\/beatrice-mueller.de\/fr\/produit\/broche-no-stress-argent-925\/\" \/>\n<meta property=\"og:locale\" content=\"fr_FR\" \/>\n<meta property=\"og:type\" content=\"article\" \/>\n<meta property=\"og:title\" content=\"Broche NO STRESS Argent 925 - Beatrice M\u00fcller\" \/>\n<meta property=\"og:description\" content=\"Un accessoire discret avec un design accrocheur &#8211; adapt\u00e9 \u00e0 toutes les occasions. L&#8217;argent utilis\u00e9 donne \u00e0 la broche une belle brillance. L&#8217;\u00e9pingle d\u00e9core sacs, vestes ou pantalons et vous encourage \u00e0 g\u00e9rer consciemment les situations stressantes. &nbsp; \u2718 Disponible poli ou mat \u2718 disponible en quatre couleurs. &nbsp; Bijoux en mat\u00e9riaux Argent 925 surface [&hellip;]\" \/>\n<meta property=\"og:url\" content=\"https:\/\/beatrice-mueller.de\/fr\/produit\/broche-no-stress-argent-925\/\" \/>\n<meta property=\"og:site_name\" content=\"Beatrice M\u00fcller\" \/>\n<meta property=\"og:image\" content=\"https:\/\/beatrice-mueller.de\/wp-content\/uploads\/2022\/02\/Sticker-Gold-NS-2.jpg\" \/>\n\t<meta property=\"og:image:width\" content=\"794\" \/>\n\t<meta property=\"og:image:height\" content=\"794\" \/>\n\t<meta property=\"og:image:type\" content=\"image\/jpeg\" \/>\n<meta name=\"twitter:card\" content=\"summary_large_image\" \/>\n<script type=\"application\/ld+json\" class=\"yoast-schema-graph\">{\"@context\":\"https:\/\/schema.org\",\"@graph\":[{\"@type\":\"WebPage\",\"@id\":\"https:\/\/beatrice-mueller.de\/fr\/produit\/broche-no-stress-argent-925\/\",\"url\":\"https:\/\/beatrice-mueller.de\/fr\/produit\/broche-no-stress-argent-925\/\",\"name\":\"Broche NO STRESS Argent 925 - Beatrice M\u00fcller\",\"isPartOf\":{\"@id\":\"https:\/\/beatrice-mueller.de\/fr\/#website\"},\"primaryImageOfPage\":{\"@id\":\"https:\/\/beatrice-mueller.de\/fr\/produit\/broche-no-stress-argent-925\/#primaryimage\"},\"image\":{\"@id\":\"https:\/\/beatrice-mueller.de\/fr\/produit\/broche-no-stress-argent-925\/#primaryimage\"},\"thumbnailUrl\":\"https:\/\/beatrice-mueller.de\/wp-content\/uploads\/2022\/02\/Sticker-Gold-NS-2.jpg\",\"datePublished\":\"2025-02-16T11:56:30+00:00\",\"breadcrumb\":{\"@id\":\"https:\/\/beatrice-mueller.de\/fr\/produit\/broche-no-stress-argent-925\/#breadcrumb\"},\"inLanguage\":\"fr-FR\",\"potentialAction\":[{\"@type\":\"ReadAction\",\"target\":[\"https:\/\/beatrice-mueller.de\/fr\/produit\/broche-no-stress-argent-925\/\"]}]},{\"@type\":\"ImageObject\",\"inLanguage\":\"fr-FR\",\"@id\":\"https:\/\/beatrice-mueller.de\/fr\/produit\/broche-no-stress-argent-925\/#primaryimage\",\"url\":\"https:\/\/beatrice-mueller.de\/wp-content\/uploads\/2022\/02\/Sticker-Gold-NS-2.jpg\",\"contentUrl\":\"https:\/\/beatrice-mueller.de\/wp-content\/uploads\/2022\/02\/Sticker-Gold-NS-2.jpg\",\"width\":794,\"height\":794},{\"@type\":\"BreadcrumbList\",\"@id\":\"https:\/\/beatrice-mueller.de\/fr\/produit\/broche-no-stress-argent-925\/#breadcrumb\",\"itemListElement\":[{\"@type\":\"ListItem\",\"position\":1,\"name\":\"Startseite\",\"item\":\"https:\/\/beatrice-mueller.de\/fr\/\"},{\"@type\":\"ListItem\",\"position\":2,\"name\":\"Boutique\",\"item\":\"https:\/\/beatrice-mueller.de\/fr\/boutique-2\/\"},{\"@type\":\"ListItem\",\"position\":3,\"name\":\"Broche NO STRESS Argent 925\"}]},{\"@type\":\"WebSite\",\"@id\":\"https:\/\/beatrice-mueller.de\/fr\/#website\",\"url\":\"https:\/\/beatrice-mueller.de\/fr\/\",\"name\":\"Beatrice M\u00fcller\",\"description\":\"Schmuckdesign\",\"potentialAction\":[{\"@type\":\"SearchAction\",\"target\":{\"@type\":\"EntryPoint\",\"urlTemplate\":\"https:\/\/beatrice-mueller.de\/fr\/?s={search_term_string}\"},\"query-input\":{\"@type\":\"PropertyValueSpecification\",\"valueRequired\":true,\"valueName\":\"search_term_string\"}}],\"inLanguage\":\"fr-FR\"}]}<\/script>\n<!-- \/ Yoast SEO plugin. -->","yoast_head_json":{"title":"Broche NO STRESS Argent 925 - Beatrice M\u00fcller","robots":{"index":"index","follow":"follow","max-snippet":"max-snippet:-1","max-image-preview":"max-image-preview:large","max-video-preview":"max-video-preview:-1"},"canonical":"https:\/\/beatrice-mueller.de\/fr\/produit\/broche-no-stress-argent-925\/","og_locale":"fr_FR","og_type":"article","og_title":"Broche NO STRESS Argent 925 - Beatrice M\u00fcller","og_description":"Un accessoire discret avec un design accrocheur &#8211; adapt\u00e9 \u00e0 toutes les occasions. L&#8217;argent utilis\u00e9 donne \u00e0 la broche une belle brillance. L&#8217;\u00e9pingle d\u00e9core sacs, vestes ou pantalons et vous encourage \u00e0 g\u00e9rer consciemment les situations stressantes. &nbsp; \u2718 Disponible poli ou mat \u2718 disponible en quatre couleurs. &nbsp; Bijoux en mat\u00e9riaux Argent 925 surface [&hellip;]","og_url":"https:\/\/beatrice-mueller.de\/fr\/produit\/broche-no-stress-argent-925\/","og_site_name":"Beatrice M\u00fcller","og_image":[{"width":794,"height":794,"url":"https:\/\/beatrice-mueller.de\/wp-content\/uploads\/2022\/02\/Sticker-Gold-NS-2.jpg","type":"image\/jpeg"}],"twitter_card":"summary_large_image","schema":{"@context":"https:\/\/schema.org","@graph":[{"@type":"WebPage","@id":"https:\/\/beatrice-mueller.de\/fr\/produit\/broche-no-stress-argent-925\/","url":"https:\/\/beatrice-mueller.de\/fr\/produit\/broche-no-stress-argent-925\/","name":"Broche NO STRESS Argent 925 - Beatrice M\u00fcller","isPartOf":{"@id":"https:\/\/beatrice-mueller.de\/fr\/#website"},"primaryImageOfPage":{"@id":"https:\/\/beatrice-mueller.de\/fr\/produit\/broche-no-stress-argent-925\/#primaryimage"},"image":{"@id":"https:\/\/beatrice-mueller.de\/fr\/produit\/broche-no-stress-argent-925\/#primaryimage"},"thumbnailUrl":"https:\/\/beatrice-mueller.de\/wp-content\/uploads\/2022\/02\/Sticker-Gold-NS-2.jpg","datePublished":"2025-02-16T11:56:30+00:00","breadcrumb":{"@id":"https:\/\/beatrice-mueller.de\/fr\/produit\/broche-no-stress-argent-925\/#breadcrumb"},"inLanguage":"fr-FR","potentialAction":[{"@type":"ReadAction","target":["https:\/\/beatrice-mueller.de\/fr\/produit\/broche-no-stress-argent-925\/"]}]},{"@type":"ImageObject","inLanguage":"fr-FR","@id":"https:\/\/beatrice-mueller.de\/fr\/produit\/broche-no-stress-argent-925\/#primaryimage","url":"https:\/\/beatrice-mueller.de\/wp-content\/uploads\/2022\/02\/Sticker-Gold-NS-2.jpg","contentUrl":"https:\/\/beatrice-mueller.de\/wp-content\/uploads\/2022\/02\/Sticker-Gold-NS-2.jpg","width":794,"height":794},{"@type":"BreadcrumbList","@id":"https:\/\/beatrice-mueller.de\/fr\/produit\/broche-no-stress-argent-925\/#breadcrumb","itemListElement":[{"@type":"ListItem","position":1,"name":"Startseite","item":"https:\/\/beatrice-mueller.de\/fr\/"},{"@type":"ListItem","position":2,"name":"Boutique","item":"https:\/\/beatrice-mueller.de\/fr\/boutique-2\/"},{"@type":"ListItem","position":3,"name":"Broche NO STRESS Argent 925"}]},{"@type":"WebSite","@id":"https:\/\/beatrice-mueller.de\/fr\/#website","url":"https:\/\/beatrice-mueller.de\/fr\/","name":"Beatrice M\u00fcller","description":"Schmuckdesign","potentialAction":[{"@type":"SearchAction","target":{"@type":"EntryPoint","urlTemplate":"https:\/\/beatrice-mueller.de\/fr\/?s={search_term_string}"},"query-input":{"@type":"PropertyValueSpecification","valueRequired":true,"valueName":"search_term_string"}}],"inLanguage":"fr-FR"}]}},"_links":{"self":[{"href":"https:\/\/beatrice-mueller.de\/fr\/wp-json\/wp\/v2\/product\/21226","targetHints":{"allow":["GET"]}}],"collection":[{"href":"https:\/\/beatrice-mueller.de\/fr\/wp-json\/wp\/v2\/product"}],"about":[{"href":"https:\/\/beatrice-mueller.de\/fr\/wp-json\/wp\/v2\/types\/product"}],"replies":[{"embeddable":true,"href":"https:\/\/beatrice-mueller.de\/fr\/wp-json\/wp\/v2\/comments?post=21226"}],"wp:featuredmedia":[{"embeddable":true,"href":"https:\/\/beatrice-mueller.de\/fr\/wp-json\/wp\/v2\/media\/21233"}],"wp:attachment":[{"href":"https:\/\/beatrice-mueller.de\/fr\/wp-json\/wp\/v2\/media?parent=21226"}],"wp:term":[{"taxonomy":"product_brand","embeddable":true,"href":"https:\/\/beatrice-mueller.de\/fr\/wp-json\/wp\/v2\/product_brand?post=21226"},{"taxonomy":"product_cat","embeddable":true,"href":"https:\/\/beatrice-mueller.de\/fr\/wp-json\/wp\/v2\/product_cat?post=21226"},{"taxonomy":"product_tag","embeddable":true,"href":"https:\/\/beatrice-mueller.de\/fr\/wp-json\/wp\/v2\/product_tag?post=21226"}],"curies":[{"name":"wp","href":"https:\/\/api.w.org\/{rel}","templated":true}]}}