{"id":21246,"date":"2025-02-16T12:56:32","date_gmt":"2025-02-16T11:56:32","guid":{"rendered":"https:\/\/beatrice-mueller.de\/produkt\/chemise-a-manches-trois-quarts-no-stress\/"},"modified":"2025-02-16T12:56:32","modified_gmt":"2025-02-16T11:56:32","slug":"chemise-a-manches-trois-quarts-no-stress","status":"publish","type":"product","link":"https:\/\/beatrice-mueller.de\/fr\/produit\/chemise-a-manches-trois-quarts-no-stress\/","title":{"rendered":"chemise \u00e0 manches trois-quarts NO STRESS"},"content":{"rendered":"<p>NO STRESS est une attitude de vie dont b\u00e9n\u00e9ficient \u00e9galement ceux qui vous entourent. Infectez les autres avec une devise de vie positive et diffusez l&#8217;id\u00e9e avec ce t-shirt. De cette fa\u00e7on, vous pouvez passer la journ\u00e9e d\u00e9tendu et sans stress.  <\/p>\n<p>Toutes les applications sont brod\u00e9es et tiss\u00e9es de haute qualit\u00e9. Chaque pi\u00e8ce est fabriqu\u00e9e \u00e0 la main avec amour et est fabriqu\u00e9e en Allemagne. <\/p>\n<p><span style=\"text-decoration: underline;\">Caract\u00e9ristiques:<\/span><\/p>\n<p><span style=\"color: #ff0000;\">\u2718<\/span> Confortable et agr\u00e9able \u00e0 porter &#8211; pur coton.<\/p>\n<p><span style=\"color: #ff0000;\">\u2718<\/span> Pour changer de perspective, le slogan est plac\u00e9 sur le c\u00f4t\u00e9.<\/p>\n<p><span style=\"color: #ff0000;\">\u2718<\/span> Lavable en machine et repassable.<\/p>\n<p>&nbsp;<\/p>\n<table border=\"0\">\n<tbody>\n<tr>\n<td><span data-mce-mark=\"1\"><strong>mat\u00e9riel<\/strong><\/span><\/td>\n<td><span data-mce-mark=\"1\">100% coton<\/span><\/td>\n<\/tr>\n<tr>\n<td><strong>Taille<\/strong><\/td>\n<td><span data-mce-mark=\"1\">S \/ M \/ L \/ XL<\/span><\/td>\n<\/tr>\n<tr>\n<td><span data-mce-mark=\"1\"><strong>encolure<\/strong><\/span><\/td>\n<td>autour<\/td>\n<\/tr>\n<\/tbody>\n<\/table>\n","protected":false},"excerpt":{"rendered":"<p>NO STRESS est une attitude de vie dont b\u00e9n\u00e9ficient \u00e9galement ceux qui vous entourent. Infectez les autres avec une devise de vie positive et diffusez l&#8217;id\u00e9e avec ce t-shirt. De cette fa\u00e7on, vous pouvez passer la journ\u00e9e d\u00e9tendu et sans stress. Toutes les applications sont brod\u00e9es et tiss\u00e9es de haute qualit\u00e9. Chaque pi\u00e8ce est fabriqu\u00e9e [&hellip;]<\/p>\n","protected":false},"featured_media":21247,"comment_status":"closed","ping_status":"closed","template":"","meta":{"_glsr_average":0,"_glsr_ranking":0,"_glsr_reviews":0},"product_brand":[],"product_cat":[574],"product_tag":[563,575],"class_list":{"0":"post-21246","1":"product","2":"type-product","3":"status-publish","4":"has-post-thumbnail","6":"product_cat-vetements","7":"product_tag-conception-x","8":"product_tag-vetements","9":"pa_groesse-l-fr","10":"pa_groesse-m-fr","11":"pa_groesse-s-fr","12":"pa_groesse-xl-fr","13":"pa_marke-x-design-fr","15":"first","16":"instock","17":"taxable","18":"shipping-taxable","19":"product-type-variable"},"exclude_global_add_ons":[],"addons":[],"yoast_head":"<!-- This site is optimized with the Yoast SEO plugin v25.6 - https:\/\/yoast.com\/wordpress\/plugins\/seo\/ -->\n<title>chemise \u00e0 manches trois-quarts NO STRESS - Beatrice M\u00fcller<\/title>\n<meta name=\"robots\" content=\"index, follow, max-snippet:-1, max-image-preview:large, max-video-preview:-1\" \/>\n<link rel=\"canonical\" href=\"https:\/\/beatrice-mueller.de\/fr\/produit\/chemise-a-manches-trois-quarts-no-stress\/\" \/>\n<meta property=\"og:locale\" content=\"fr_FR\" \/>\n<meta property=\"og:type\" content=\"article\" \/>\n<meta property=\"og:title\" content=\"chemise \u00e0 manches trois-quarts NO STRESS - Beatrice M\u00fcller\" \/>\n<meta property=\"og:description\" content=\"NO STRESS est une attitude de vie dont b\u00e9n\u00e9ficient \u00e9galement ceux qui vous entourent. Infectez les autres avec une devise de vie positive et diffusez l&#8217;id\u00e9e avec ce t-shirt. De cette fa\u00e7on, vous pouvez passer la journ\u00e9e d\u00e9tendu et sans stress. Toutes les applications sont brod\u00e9es et tiss\u00e9es de haute qualit\u00e9. Chaque pi\u00e8ce est fabriqu\u00e9e [&hellip;]\" \/>\n<meta property=\"og:url\" content=\"https:\/\/beatrice-mueller.de\/fr\/produit\/chemise-a-manches-trois-quarts-no-stress\/\" \/>\n<meta property=\"og:site_name\" content=\"Beatrice M\u00fcller\" \/>\n<meta property=\"og:image\" content=\"https:\/\/beatrice-mueller.de\/wp-content\/uploads\/2022\/02\/1_d1249776-2e0c-45e7-bcd9-b09f10bb4e35.jpg\" \/>\n\t<meta property=\"og:image:width\" content=\"800\" \/>\n\t<meta property=\"og:image:height\" content=\"800\" \/>\n\t<meta property=\"og:image:type\" content=\"image\/jpeg\" \/>\n<meta name=\"twitter:card\" content=\"summary_large_image\" \/>\n<meta name=\"twitter:label1\" content=\"Dur\u00e9e de lecture estim\u00e9e\" \/>\n\t<meta name=\"twitter:data1\" content=\"1 minute\" \/>\n<script type=\"application\/ld+json\" class=\"yoast-schema-graph\">{\"@context\":\"https:\/\/schema.org\",\"@graph\":[{\"@type\":\"WebPage\",\"@id\":\"https:\/\/beatrice-mueller.de\/fr\/produit\/chemise-a-manches-trois-quarts-no-stress\/\",\"url\":\"https:\/\/beatrice-mueller.de\/fr\/produit\/chemise-a-manches-trois-quarts-no-stress\/\",\"name\":\"chemise \u00e0 manches trois-quarts NO STRESS - Beatrice M\u00fcller\",\"isPartOf\":{\"@id\":\"https:\/\/beatrice-mueller.de\/fr\/#website\"},\"primaryImageOfPage\":{\"@id\":\"https:\/\/beatrice-mueller.de\/fr\/produit\/chemise-a-manches-trois-quarts-no-stress\/#primaryimage\"},\"image\":{\"@id\":\"https:\/\/beatrice-mueller.de\/fr\/produit\/chemise-a-manches-trois-quarts-no-stress\/#primaryimage\"},\"thumbnailUrl\":\"https:\/\/beatrice-mueller.de\/wp-content\/uploads\/2022\/02\/1_d1249776-2e0c-45e7-bcd9-b09f10bb4e35.jpg\",\"datePublished\":\"2025-02-16T11:56:32+00:00\",\"breadcrumb\":{\"@id\":\"https:\/\/beatrice-mueller.de\/fr\/produit\/chemise-a-manches-trois-quarts-no-stress\/#breadcrumb\"},\"inLanguage\":\"fr-FR\",\"potentialAction\":[{\"@type\":\"ReadAction\",\"target\":[\"https:\/\/beatrice-mueller.de\/fr\/produit\/chemise-a-manches-trois-quarts-no-stress\/\"]}]},{\"@type\":\"ImageObject\",\"inLanguage\":\"fr-FR\",\"@id\":\"https:\/\/beatrice-mueller.de\/fr\/produit\/chemise-a-manches-trois-quarts-no-stress\/#primaryimage\",\"url\":\"https:\/\/beatrice-mueller.de\/wp-content\/uploads\/2022\/02\/1_d1249776-2e0c-45e7-bcd9-b09f10bb4e35.jpg\",\"contentUrl\":\"https:\/\/beatrice-mueller.de\/wp-content\/uploads\/2022\/02\/1_d1249776-2e0c-45e7-bcd9-b09f10bb4e35.jpg\",\"width\":800,\"height\":800},{\"@type\":\"BreadcrumbList\",\"@id\":\"https:\/\/beatrice-mueller.de\/fr\/produit\/chemise-a-manches-trois-quarts-no-stress\/#breadcrumb\",\"itemListElement\":[{\"@type\":\"ListItem\",\"position\":1,\"name\":\"Startseite\",\"item\":\"https:\/\/beatrice-mueller.de\/fr\/\"},{\"@type\":\"ListItem\",\"position\":2,\"name\":\"Boutique\",\"item\":\"https:\/\/beatrice-mueller.de\/fr\/boutique-2\/\"},{\"@type\":\"ListItem\",\"position\":3,\"name\":\"chemise \u00e0 manches trois-quarts NO STRESS\"}]},{\"@type\":\"WebSite\",\"@id\":\"https:\/\/beatrice-mueller.de\/fr\/#website\",\"url\":\"https:\/\/beatrice-mueller.de\/fr\/\",\"name\":\"Beatrice M\u00fcller\",\"description\":\"Schmuckdesign\",\"potentialAction\":[{\"@type\":\"SearchAction\",\"target\":{\"@type\":\"EntryPoint\",\"urlTemplate\":\"https:\/\/beatrice-mueller.de\/fr\/?s={search_term_string}\"},\"query-input\":{\"@type\":\"PropertyValueSpecification\",\"valueRequired\":true,\"valueName\":\"search_term_string\"}}],\"inLanguage\":\"fr-FR\"}]}<\/script>\n<!-- \/ Yoast SEO plugin. -->","yoast_head_json":{"title":"chemise \u00e0 manches trois-quarts NO STRESS - Beatrice M\u00fcller","robots":{"index":"index","follow":"follow","max-snippet":"max-snippet:-1","max-image-preview":"max-image-preview:large","max-video-preview":"max-video-preview:-1"},"canonical":"https:\/\/beatrice-mueller.de\/fr\/produit\/chemise-a-manches-trois-quarts-no-stress\/","og_locale":"fr_FR","og_type":"article","og_title":"chemise \u00e0 manches trois-quarts NO STRESS - Beatrice M\u00fcller","og_description":"NO STRESS est une attitude de vie dont b\u00e9n\u00e9ficient \u00e9galement ceux qui vous entourent. Infectez les autres avec une devise de vie positive et diffusez l&#8217;id\u00e9e avec ce t-shirt. De cette fa\u00e7on, vous pouvez passer la journ\u00e9e d\u00e9tendu et sans stress. Toutes les applications sont brod\u00e9es et tiss\u00e9es de haute qualit\u00e9. Chaque pi\u00e8ce est fabriqu\u00e9e [&hellip;]","og_url":"https:\/\/beatrice-mueller.de\/fr\/produit\/chemise-a-manches-trois-quarts-no-stress\/","og_site_name":"Beatrice M\u00fcller","og_image":[{"width":800,"height":800,"url":"https:\/\/beatrice-mueller.de\/wp-content\/uploads\/2022\/02\/1_d1249776-2e0c-45e7-bcd9-b09f10bb4e35.jpg","type":"image\/jpeg"}],"twitter_card":"summary_large_image","twitter_misc":{"Dur\u00e9e de lecture estim\u00e9e":"1 minute"},"schema":{"@context":"https:\/\/schema.org","@graph":[{"@type":"WebPage","@id":"https:\/\/beatrice-mueller.de\/fr\/produit\/chemise-a-manches-trois-quarts-no-stress\/","url":"https:\/\/beatrice-mueller.de\/fr\/produit\/chemise-a-manches-trois-quarts-no-stress\/","name":"chemise \u00e0 manches trois-quarts NO STRESS - Beatrice M\u00fcller","isPartOf":{"@id":"https:\/\/beatrice-mueller.de\/fr\/#website"},"primaryImageOfPage":{"@id":"https:\/\/beatrice-mueller.de\/fr\/produit\/chemise-a-manches-trois-quarts-no-stress\/#primaryimage"},"image":{"@id":"https:\/\/beatrice-mueller.de\/fr\/produit\/chemise-a-manches-trois-quarts-no-stress\/#primaryimage"},"thumbnailUrl":"https:\/\/beatrice-mueller.de\/wp-content\/uploads\/2022\/02\/1_d1249776-2e0c-45e7-bcd9-b09f10bb4e35.jpg","datePublished":"2025-02-16T11:56:32+00:00","breadcrumb":{"@id":"https:\/\/beatrice-mueller.de\/fr\/produit\/chemise-a-manches-trois-quarts-no-stress\/#breadcrumb"},"inLanguage":"fr-FR","potentialAction":[{"@type":"ReadAction","target":["https:\/\/beatrice-mueller.de\/fr\/produit\/chemise-a-manches-trois-quarts-no-stress\/"]}]},{"@type":"ImageObject","inLanguage":"fr-FR","@id":"https:\/\/beatrice-mueller.de\/fr\/produit\/chemise-a-manches-trois-quarts-no-stress\/#primaryimage","url":"https:\/\/beatrice-mueller.de\/wp-content\/uploads\/2022\/02\/1_d1249776-2e0c-45e7-bcd9-b09f10bb4e35.jpg","contentUrl":"https:\/\/beatrice-mueller.de\/wp-content\/uploads\/2022\/02\/1_d1249776-2e0c-45e7-bcd9-b09f10bb4e35.jpg","width":800,"height":800},{"@type":"BreadcrumbList","@id":"https:\/\/beatrice-mueller.de\/fr\/produit\/chemise-a-manches-trois-quarts-no-stress\/#breadcrumb","itemListElement":[{"@type":"ListItem","position":1,"name":"Startseite","item":"https:\/\/beatrice-mueller.de\/fr\/"},{"@type":"ListItem","position":2,"name":"Boutique","item":"https:\/\/beatrice-mueller.de\/fr\/boutique-2\/"},{"@type":"ListItem","position":3,"name":"chemise \u00e0 manches trois-quarts NO STRESS"}]},{"@type":"WebSite","@id":"https:\/\/beatrice-mueller.de\/fr\/#website","url":"https:\/\/beatrice-mueller.de\/fr\/","name":"Beatrice M\u00fcller","description":"Schmuckdesign","potentialAction":[{"@type":"SearchAction","target":{"@type":"EntryPoint","urlTemplate":"https:\/\/beatrice-mueller.de\/fr\/?s={search_term_string}"},"query-input":{"@type":"PropertyValueSpecification","valueRequired":true,"valueName":"search_term_string"}}],"inLanguage":"fr-FR"}]}},"_links":{"self":[{"href":"https:\/\/beatrice-mueller.de\/fr\/wp-json\/wp\/v2\/product\/21246","targetHints":{"allow":["GET"]}}],"collection":[{"href":"https:\/\/beatrice-mueller.de\/fr\/wp-json\/wp\/v2\/product"}],"about":[{"href":"https:\/\/beatrice-mueller.de\/fr\/wp-json\/wp\/v2\/types\/product"}],"replies":[{"embeddable":true,"href":"https:\/\/beatrice-mueller.de\/fr\/wp-json\/wp\/v2\/comments?post=21246"}],"wp:featuredmedia":[{"embeddable":true,"href":"https:\/\/beatrice-mueller.de\/fr\/wp-json\/wp\/v2\/media\/21247"}],"wp:attachment":[{"href":"https:\/\/beatrice-mueller.de\/fr\/wp-json\/wp\/v2\/media?parent=21246"}],"wp:term":[{"taxonomy":"product_brand","embeddable":true,"href":"https:\/\/beatrice-mueller.de\/fr\/wp-json\/wp\/v2\/product_brand?post=21246"},{"taxonomy":"product_cat","embeddable":true,"href":"https:\/\/beatrice-mueller.de\/fr\/wp-json\/wp\/v2\/product_cat?post=21246"},{"taxonomy":"product_tag","embeddable":true,"href":"https:\/\/beatrice-mueller.de\/fr\/wp-json\/wp\/v2\/product_tag?post=21246"}],"curies":[{"name":"wp","href":"https:\/\/api.w.org\/{rel}","templated":true}]}}