{"id":21257,"date":"2022-03-17T08:20:37","date_gmt":"2025-02-16T11:56:33","guid":{"rendered":"https:\/\/beatrice-mueller.de\/produkt\/bague-no-stress-avec-fil-rouge-en-argent-925\/"},"modified":"2025-03-20T03:54:45","modified_gmt":"2025-03-20T02:54:45","slug":"bague-no-stress-avec-fil-rouge-en-argent-925","status":"publish","type":"product","link":"https:\/\/beatrice-mueller.de\/fr\/produit\/bague-no-stress-avec-fil-rouge-en-argent-925\/","title":{"rendered":"Bague NO STRESS avec fil rouge en argent 925"},"content":{"rendered":"<div>\n<div  class='avia-video av-j9qkf2-f1f3764748900eff0780d6097becb08b avia-video-16-9 av-no-preview-image avia-video-load-always avia-video-html5'  itemprop=\"video\" itemtype=\"https:\/\/schema.org\/VideoObject\"  data-original_url='https:\/\/beatrice-mueller.de\/wp-content\/uploads\/No-Stress_01-1.mp4'><video class='avia_video'    preload=\"auto\"  controls id='player_21257_1729516072_1985530898'><source src='https:\/\/beatrice-mueller.de\/wp-content\/uploads\/No-Stress_01-1.mp4' type='video\/mp4' \/><\/video><\/div>\n<\/div>\n<div><\/div>\n<div class=\"product--description\"><span data-mce-mark=\"1\">Ein Ring aus feinstem Sterlingsilber f\u00fcr Damen und Herren. Die moderne, matte Optik gepaart mit dem roten Faden ist ein Blickfang und passt zu l\u00e4ssiger wie auch eleganter Kleidung. Mit dem NO STRESS-Slogan erinnert er zudem daran, was wirklich wichtig ist.<\/span><\/div>\n<p><span style=\"text-decoration: underline;\">Eigenschaften:<\/span><\/p>\n<p><span style=\"color: #ff0000;\">\u2718<\/span> Mit Zertifikat! Die Echtheitsstempel befinden sich auf der Ringinnenschiene.<\/p>\n<p><span style=\"color: #ff0000;\">\u2718<\/span> Frei w\u00e4hlbare Breite von 6 mm bis 12mm<\/p>\n<p><span style=\"color: #ff0000;\">\u2718<\/span> Handwerkskunst aus eigenem Hause &#8211; handgepr\u00fcfte Qualit\u00e4t<\/p>\n<div class=\"product--description\">\n<table border=\"0\">\n<tbody>\n<tr>\n<td><span data-mce-mark=\"1\"><strong>Material Schmuck<\/strong><\/span><\/td>\n<td><span data-mce-mark=\"1\">925\u00a0Silber<br \/>\n<\/span><\/td>\n<\/tr>\n<tr>\n<td><span data-mce-mark=\"1\"><strong>Oberfl\u00e4che<\/strong><\/span><\/td>\n<td><span data-mce-mark=\"1\">diamantmatt\u00a0<\/span><\/td>\n<\/tr>\n<tr>\n<td><span data-mce-mark=\"1\"><strong>H\u00f6he<\/strong><\/span><\/td>\n<td><span data-mce-mark=\"1\">3,7 mm<\/span><\/td>\n<\/tr>\n<tr>\n<td><strong>Breite<\/strong><\/td>\n<td><span data-mce-mark=\"1\">8\u00a0mm &#8211; 12 mm<\/span><\/td>\n<\/tr>\n<\/tbody>\n<\/table>\n<p><strong>DIE RICHTIGE RINGGR\u00d6SSE ERMITTELN<\/strong><\/p>\n<p>Die Ringgr\u00f6\u00dfe von NO STRESS Ringen wird anhand des inneren Ringumfangs ermittelt. Um den richtigen Ringumfang herauszufinden, ben\u00f6tigst du lediglich einen Faden oder ein St\u00fcck Papier.<\/p>\n<p><span data-mce-mark=\"1\">Wickle den Faden oder das Papier um die Stelle an dem Finger, an welchem du den Ring tragen m\u00f6chtest und messe im Anschluss die L\u00e4nge.\u00a0Die gemessenen Millimeter spiegeln den inneren Ringumfang wieder.<\/span><span data-mce-mark=\"1\">\u00a0<\/span><\/p>\n<table border=\"0\">\n<tbody>\n<tr>\n<td><span data-mce-mark=\"1\"><strong>gemessener Umfang Ringma\u00df (mm)<\/strong><\/span><\/td>\n<td><span data-mce-mark=\"1\"><strong>Durchmesser Ringma\u00df (mm)<\/strong><\/span><\/td>\n<\/tr>\n<tr>\n<td><span data-mce-mark=\"1\">52<\/span><\/td>\n<td><span data-mce-mark=\"1\">16.5<\/span><\/td>\n<\/tr>\n<tr>\n<td><span data-mce-mark=\"1\">53<\/span><\/td>\n<td><span data-mce-mark=\"1\">17<\/span><\/td>\n<\/tr>\n<tr>\n<td><span data-mce-mark=\"1\">54<\/span><\/td>\n<td><span data-mce-mark=\"1\">17,25<\/span><\/td>\n<\/tr>\n<tr>\n<td><span data-mce-mark=\"1\">55<\/span><\/td>\n<td><span data-mce-mark=\"1\">17,5<\/span><\/td>\n<\/tr>\n<tr>\n<td><span data-mce-mark=\"1\">56<\/span><\/td>\n<td><span data-mce-mark=\"1\">18<\/span><\/td>\n<\/tr>\n<tr>\n<td><span data-mce-mark=\"1\">57<\/span><\/td>\n<td><span data-mce-mark=\"1\">18,25<\/span><\/td>\n<\/tr>\n<tr>\n<td><span data-mce-mark=\"1\">58<\/span><\/td>\n<td><span data-mce-mark=\"1\">18,5<\/span><\/td>\n<\/tr>\n<tr>\n<td><span data-mce-mark=\"1\">59<\/span><\/td>\n<td><span data-mce-mark=\"1\">19<\/span><\/td>\n<\/tr>\n<tr>\n<td><span data-mce-mark=\"1\">60<\/span><\/td>\n<td><span data-mce-mark=\"1\">19,25<\/span><\/td>\n<\/tr>\n<tr>\n<td><span data-mce-mark=\"1\">61<\/span><\/td>\n<td><span data-mce-mark=\"1\">19,5<\/span><\/td>\n<\/tr>\n<tr>\n<td><span data-mce-mark=\"1\">62<\/span><\/td>\n<td><span data-mce-mark=\"1\">19,75<\/span><\/td>\n<\/tr>\n<tr>\n<td><span data-mce-mark=\"1\">63<\/span><\/td>\n<td><span data-mce-mark=\"1\">20<\/span><\/td>\n<\/tr>\n<tr>\n<td><span data-mce-mark=\"1\">64<\/span><\/td>\n<td><span data-mce-mark=\"1\">20,25<\/span><\/td>\n<\/tr>\n<tr>\n<td><span data-mce-mark=\"1\">65<\/span><\/td>\n<td><span data-mce-mark=\"1\">20,5<br \/>\n<\/span><\/td>\n<\/tr>\n<\/tbody>\n<\/table>\n<\/div>\n","protected":false},"excerpt":{"rendered":"<p>Ein Ring aus feinstem Sterlingsilber f\u00fcr Damen und Herren. Die moderne, matte Optik gepaart mit dem roten Faden ist ein Blickfang und passt zu l\u00e4ssiger wie auch eleganter Kleidung. Mit dem NO STRESS-Slogan erinnert er zudem daran, was wirklich wichtig ist. Eigenschaften: \u2718 Mit Zertifikat! Die Echtheitsstempel befinden sich auf der Ringinnenschiene. \u2718 Frei w\u00e4hlbare [&hellip;]<\/p>\n","protected":false},"featured_media":21265,"comment_status":"closed","ping_status":"closed","template":"","meta":{"_glsr_average":0,"_glsr_ranking":0,"_glsr_reviews":0},"product_brand":[],"product_cat":[586],"product_tag":[587,563],"class_list":{"0":"post-21257","1":"product","2":"type-product","3":"status-publish","4":"has-post-thumbnail","6":"product_cat-anneau","7":"product_tag-anneaux","8":"product_tag-conception-x","9":"pa_groesse-52-16-5-o-fr","10":"pa_groesse-53-17-0-o-fr","11":"pa_groesse-54-17-25-o-fr","12":"pa_groesse-55-17-5-o-fr","13":"pa_groesse-56-18-0-o-fr","14":"pa_groesse-57-18-25-o-fr","15":"pa_groesse-58-18-5-o-fr","16":"pa_groesse-59-19-0-o-fr","17":"pa_groesse-60-19-25-o-fr","18":"pa_groesse-61-19-5-o-fr","19":"pa_groesse-62-19-75-o-fr","20":"pa_groesse-63-20-0-o-fr","21":"pa_groesse-64-20-25-o-fr","22":"pa_groesse-65-20-5-o-fr","23":"pa_marke-x-design-fr","24":"pa_ringbreite-10mm-fr","25":"pa_ringbreite-12-mm-fr","26":"pa_ringbreite-8-mm-fr","28":"first","29":"instock","30":"taxable","31":"shipping-taxable","32":"purchasable","33":"product-type-variable"},"exclude_global_add_ons":[],"addons":[],"yoast_head":"<!-- This site is optimized with the Yoast SEO plugin v25.6 - https:\/\/yoast.com\/wordpress\/plugins\/seo\/ -->\n<title>Bague NO STRESS avec fil rouge en argent 925 - Beatrice M\u00fcller<\/title>\n<meta name=\"robots\" content=\"index, follow, max-snippet:-1, max-image-preview:large, max-video-preview:-1\" \/>\n<link rel=\"canonical\" href=\"https:\/\/beatrice-mueller.de\/fr\/produit\/bague-no-stress-avec-fil-rouge-en-argent-925\/\" \/>\n<meta property=\"og:locale\" content=\"fr_FR\" \/>\n<meta property=\"og:type\" content=\"article\" \/>\n<meta property=\"og:title\" content=\"Bague NO STRESS avec fil rouge en argent 925 - Beatrice M\u00fcller\" \/>\n<meta property=\"og:description\" content=\"Ein Ring aus feinstem Sterlingsilber f\u00fcr Damen und Herren. Die moderne, matte Optik gepaart mit dem roten Faden ist ein Blickfang und passt zu l\u00e4ssiger wie auch eleganter Kleidung. Mit dem NO STRESS-Slogan erinnert er zudem daran, was wirklich wichtig ist. Eigenschaften: \u2718 Mit Zertifikat! Die Echtheitsstempel befinden sich auf der Ringinnenschiene. \u2718 Frei w\u00e4hlbare [&hellip;]\" \/>\n<meta property=\"og:url\" content=\"https:\/\/beatrice-mueller.de\/fr\/produit\/bague-no-stress-avec-fil-rouge-en-argent-925\/\" \/>\n<meta property=\"og:site_name\" content=\"Beatrice M\u00fcller\" \/>\n<meta property=\"article:modified_time\" content=\"2025-03-20T02:54:45+00:00\" \/>\n<meta property=\"og:image\" content=\"https:\/\/beatrice-mueller.de\/wp-content\/uploads\/2022\/02\/X-Design_Ring_No_Stress_mit_rotem_faden.jpg\" \/>\n\t<meta property=\"og:image:width\" content=\"800\" \/>\n\t<meta property=\"og:image:height\" content=\"800\" \/>\n\t<meta property=\"og:image:type\" content=\"image\/jpeg\" \/>\n<meta name=\"twitter:card\" content=\"summary_large_image\" \/>\n<meta name=\"twitter:label1\" content=\"Dur\u00e9e de lecture estim\u00e9e\" \/>\n\t<meta name=\"twitter:data1\" content=\"1 minute\" \/>\n<script type=\"application\/ld+json\" class=\"yoast-schema-graph\">{\"@context\":\"https:\/\/schema.org\",\"@graph\":[{\"@type\":\"WebPage\",\"@id\":\"https:\/\/beatrice-mueller.de\/fr\/produit\/bague-no-stress-avec-fil-rouge-en-argent-925\/\",\"url\":\"https:\/\/beatrice-mueller.de\/fr\/produit\/bague-no-stress-avec-fil-rouge-en-argent-925\/\",\"name\":\"Bague NO STRESS avec fil rouge en argent 925 - Beatrice M\u00fcller\",\"isPartOf\":{\"@id\":\"https:\/\/beatrice-mueller.de\/fr\/#website\"},\"primaryImageOfPage\":{\"@id\":\"https:\/\/beatrice-mueller.de\/fr\/produit\/bague-no-stress-avec-fil-rouge-en-argent-925\/#primaryimage\"},\"image\":{\"@id\":\"https:\/\/beatrice-mueller.de\/fr\/produit\/bague-no-stress-avec-fil-rouge-en-argent-925\/#primaryimage\"},\"thumbnailUrl\":\"https:\/\/beatrice-mueller.de\/wp-content\/uploads\/2022\/02\/X-Design_Ring_No_Stress_mit_rotem_faden.jpg\",\"datePublished\":\"2025-02-16T11:56:33+00:00\",\"dateModified\":\"2025-03-20T02:54:45+00:00\",\"breadcrumb\":{\"@id\":\"https:\/\/beatrice-mueller.de\/fr\/produit\/bague-no-stress-avec-fil-rouge-en-argent-925\/#breadcrumb\"},\"inLanguage\":\"fr-FR\",\"potentialAction\":[{\"@type\":\"ReadAction\",\"target\":[\"https:\/\/beatrice-mueller.de\/fr\/produit\/bague-no-stress-avec-fil-rouge-en-argent-925\/\"]}]},{\"@type\":\"ImageObject\",\"inLanguage\":\"fr-FR\",\"@id\":\"https:\/\/beatrice-mueller.de\/fr\/produit\/bague-no-stress-avec-fil-rouge-en-argent-925\/#primaryimage\",\"url\":\"https:\/\/beatrice-mueller.de\/wp-content\/uploads\/2022\/02\/X-Design_Ring_No_Stress_mit_rotem_faden.jpg\",\"contentUrl\":\"https:\/\/beatrice-mueller.de\/wp-content\/uploads\/2022\/02\/X-Design_Ring_No_Stress_mit_rotem_faden.jpg\",\"width\":800,\"height\":800},{\"@type\":\"BreadcrumbList\",\"@id\":\"https:\/\/beatrice-mueller.de\/fr\/produit\/bague-no-stress-avec-fil-rouge-en-argent-925\/#breadcrumb\",\"itemListElement\":[{\"@type\":\"ListItem\",\"position\":1,\"name\":\"Startseite\",\"item\":\"https:\/\/beatrice-mueller.de\/fr\/\"},{\"@type\":\"ListItem\",\"position\":2,\"name\":\"Boutique\",\"item\":\"https:\/\/beatrice-mueller.de\/fr\/boutique-2\/\"},{\"@type\":\"ListItem\",\"position\":3,\"name\":\"Bague NO STRESS avec fil rouge en argent 925\"}]},{\"@type\":\"WebSite\",\"@id\":\"https:\/\/beatrice-mueller.de\/fr\/#website\",\"url\":\"https:\/\/beatrice-mueller.de\/fr\/\",\"name\":\"Beatrice M\u00fcller\",\"description\":\"Schmuckdesign\",\"potentialAction\":[{\"@type\":\"SearchAction\",\"target\":{\"@type\":\"EntryPoint\",\"urlTemplate\":\"https:\/\/beatrice-mueller.de\/fr\/?s={search_term_string}\"},\"query-input\":{\"@type\":\"PropertyValueSpecification\",\"valueRequired\":true,\"valueName\":\"search_term_string\"}}],\"inLanguage\":\"fr-FR\"}]}<\/script>\n<!-- \/ Yoast SEO plugin. -->","yoast_head_json":{"title":"Bague NO STRESS avec fil rouge en argent 925 - Beatrice M\u00fcller","robots":{"index":"index","follow":"follow","max-snippet":"max-snippet:-1","max-image-preview":"max-image-preview:large","max-video-preview":"max-video-preview:-1"},"canonical":"https:\/\/beatrice-mueller.de\/fr\/produit\/bague-no-stress-avec-fil-rouge-en-argent-925\/","og_locale":"fr_FR","og_type":"article","og_title":"Bague NO STRESS avec fil rouge en argent 925 - Beatrice M\u00fcller","og_description":"Ein Ring aus feinstem Sterlingsilber f\u00fcr Damen und Herren. Die moderne, matte Optik gepaart mit dem roten Faden ist ein Blickfang und passt zu l\u00e4ssiger wie auch eleganter Kleidung. Mit dem NO STRESS-Slogan erinnert er zudem daran, was wirklich wichtig ist. Eigenschaften: \u2718 Mit Zertifikat! Die Echtheitsstempel befinden sich auf der Ringinnenschiene. \u2718 Frei w\u00e4hlbare [&hellip;]","og_url":"https:\/\/beatrice-mueller.de\/fr\/produit\/bague-no-stress-avec-fil-rouge-en-argent-925\/","og_site_name":"Beatrice M\u00fcller","article_modified_time":"2025-03-20T02:54:45+00:00","og_image":[{"width":800,"height":800,"url":"https:\/\/beatrice-mueller.de\/wp-content\/uploads\/2022\/02\/X-Design_Ring_No_Stress_mit_rotem_faden.jpg","type":"image\/jpeg"}],"twitter_card":"summary_large_image","twitter_misc":{"Dur\u00e9e de lecture estim\u00e9e":"1 minute"},"schema":{"@context":"https:\/\/schema.org","@graph":[{"@type":"WebPage","@id":"https:\/\/beatrice-mueller.de\/fr\/produit\/bague-no-stress-avec-fil-rouge-en-argent-925\/","url":"https:\/\/beatrice-mueller.de\/fr\/produit\/bague-no-stress-avec-fil-rouge-en-argent-925\/","name":"Bague NO STRESS avec fil rouge en argent 925 - Beatrice M\u00fcller","isPartOf":{"@id":"https:\/\/beatrice-mueller.de\/fr\/#website"},"primaryImageOfPage":{"@id":"https:\/\/beatrice-mueller.de\/fr\/produit\/bague-no-stress-avec-fil-rouge-en-argent-925\/#primaryimage"},"image":{"@id":"https:\/\/beatrice-mueller.de\/fr\/produit\/bague-no-stress-avec-fil-rouge-en-argent-925\/#primaryimage"},"thumbnailUrl":"https:\/\/beatrice-mueller.de\/wp-content\/uploads\/2022\/02\/X-Design_Ring_No_Stress_mit_rotem_faden.jpg","datePublished":"2025-02-16T11:56:33+00:00","dateModified":"2025-03-20T02:54:45+00:00","breadcrumb":{"@id":"https:\/\/beatrice-mueller.de\/fr\/produit\/bague-no-stress-avec-fil-rouge-en-argent-925\/#breadcrumb"},"inLanguage":"fr-FR","potentialAction":[{"@type":"ReadAction","target":["https:\/\/beatrice-mueller.de\/fr\/produit\/bague-no-stress-avec-fil-rouge-en-argent-925\/"]}]},{"@type":"ImageObject","inLanguage":"fr-FR","@id":"https:\/\/beatrice-mueller.de\/fr\/produit\/bague-no-stress-avec-fil-rouge-en-argent-925\/#primaryimage","url":"https:\/\/beatrice-mueller.de\/wp-content\/uploads\/2022\/02\/X-Design_Ring_No_Stress_mit_rotem_faden.jpg","contentUrl":"https:\/\/beatrice-mueller.de\/wp-content\/uploads\/2022\/02\/X-Design_Ring_No_Stress_mit_rotem_faden.jpg","width":800,"height":800},{"@type":"BreadcrumbList","@id":"https:\/\/beatrice-mueller.de\/fr\/produit\/bague-no-stress-avec-fil-rouge-en-argent-925\/#breadcrumb","itemListElement":[{"@type":"ListItem","position":1,"name":"Startseite","item":"https:\/\/beatrice-mueller.de\/fr\/"},{"@type":"ListItem","position":2,"name":"Boutique","item":"https:\/\/beatrice-mueller.de\/fr\/boutique-2\/"},{"@type":"ListItem","position":3,"name":"Bague NO STRESS avec fil rouge en argent 925"}]},{"@type":"WebSite","@id":"https:\/\/beatrice-mueller.de\/fr\/#website","url":"https:\/\/beatrice-mueller.de\/fr\/","name":"Beatrice M\u00fcller","description":"Schmuckdesign","potentialAction":[{"@type":"SearchAction","target":{"@type":"EntryPoint","urlTemplate":"https:\/\/beatrice-mueller.de\/fr\/?s={search_term_string}"},"query-input":{"@type":"PropertyValueSpecification","valueRequired":true,"valueName":"search_term_string"}}],"inLanguage":"fr-FR"}]}},"_links":{"self":[{"href":"https:\/\/beatrice-mueller.de\/fr\/wp-json\/wp\/v2\/product\/21257","targetHints":{"allow":["GET"]}}],"collection":[{"href":"https:\/\/beatrice-mueller.de\/fr\/wp-json\/wp\/v2\/product"}],"about":[{"href":"https:\/\/beatrice-mueller.de\/fr\/wp-json\/wp\/v2\/types\/product"}],"replies":[{"embeddable":true,"href":"https:\/\/beatrice-mueller.de\/fr\/wp-json\/wp\/v2\/comments?post=21257"}],"wp:featuredmedia":[{"embeddable":true,"href":"https:\/\/beatrice-mueller.de\/fr\/wp-json\/wp\/v2\/media\/21265"}],"wp:attachment":[{"href":"https:\/\/beatrice-mueller.de\/fr\/wp-json\/wp\/v2\/media?parent=21257"}],"wp:term":[{"taxonomy":"product_brand","embeddable":true,"href":"https:\/\/beatrice-mueller.de\/fr\/wp-json\/wp\/v2\/product_brand?post=21257"},{"taxonomy":"product_cat","embeddable":true,"href":"https:\/\/beatrice-mueller.de\/fr\/wp-json\/wp\/v2\/product_cat?post=21257"},{"taxonomy":"product_tag","embeddable":true,"href":"https:\/\/beatrice-mueller.de\/fr\/wp-json\/wp\/v2\/product_tag?post=21257"}],"curies":[{"name":"wp","href":"https:\/\/api.w.org\/{rel}","templated":true}]}}