{"id":21307,"date":"2025-02-16T12:56:39","date_gmt":"2025-02-16T11:56:39","guid":{"rendered":"https:\/\/beatrice-mueller.de\/produkt\/bague-i-like-you-en-acier-inoxydable\/"},"modified":"2025-02-16T12:56:39","modified_gmt":"2025-02-16T11:56:39","slug":"bague-i-like-you-en-acier-inoxydable","status":"publish","type":"product","link":"https:\/\/beatrice-mueller.de\/fr\/produit\/bague-i-like-you-en-acier-inoxydable\/","title":{"rendered":"Bague I LIKE YOU en acier inoxydable"},"content":{"rendered":"<p>Les v\u00e9ritables amiti\u00e9s enrichissent la vie. Ils apportent r\u00e9confort, chaleur et joie dans les bons comme dans les mauvais moments. Offrez \u00e0 la personne proche de vous un beau gage d\u2019amiti\u00e9 et faites-lui savoir \u00e0 quel point elle est sp\u00e9ciale pour vous.  <\/p>\n<p>Avec cette bague, vous n&#8217;acqu\u00e9rez pas seulement un bijou extraordinaire, mais vous d\u00e9fendez \u00e9galement la volont\u00e9 : tout vient de l&#8217;int\u00e9rieur et commence par chaque individu.<\/p>\n<p><u>Caract\u00e9ristiques:<\/u><\/p>\n<p><span style=\"color: #ff0000;\">\u2718<\/span> Gravure laser &#8220;Je t&#8217;aime&#8230;tu es diff\u00e9rent&#8221;<\/p>\n<p><span style=\"color: #ff0000;\">\u2718<\/span> L&#8217;anneau en acier inoxydable robuste et brillant peut r\u00e9sister \u00e0 toutes les situations.<\/p>\n<p><span style=\"color: #ff0000;\">\u2718<\/span> Production et contr\u00f4le qualit\u00e9 dans notre propre atelier.<\/p>\n<p>&nbsp;<\/p>\n<div class=\"product--description\">\n<table border=\"0\" frame=\"box\">\n<tbody>\n<tr>\n<td><span data-mce-mark=\"1\"><strong>Bijoux en mat\u00e9riaux<\/strong><\/span><\/td>\n<td><span data-mce-mark=\"1\">acier inoxydable<\/span><\/td>\n<\/tr>\n<tr>\n<td><span data-mce-mark=\"1\"><strong>surface<\/strong><\/span><\/td>\n<td><span data-mce-mark=\"1\">poli \/ mat<\/span><\/td>\n<\/tr>\n<\/tbody>\n<\/table>\n<p><strong>D\u00c9TERMINER LA BONNE TAILLE DE BAGUE<\/strong><\/p>\n<p>La taille de la bague des bagues NO STRESS est d\u00e9termin\u00e9e en fonction de la circonf\u00e9rence de la bague int\u00e9rieure. Pour conna\u00eetre la circonf\u00e9rence correcte de la bague, il vous suffit d&#8217;un fil ou d&#8217;un morceau de papier. <\/p>\n<p>Enroulez le fil ou le papier autour de la partie du doigt o\u00f9 vous souhaitez porter la bague, puis mesurez la longueur. Les millim\u00e8tres mesur\u00e9s refl\u00e8tent la circonf\u00e9rence de la bague int\u00e9rieure. <\/p>\n<p>&nbsp;<\/p>\n<table border=\"0\">\n<tbody>\n<tr>\n<td><span data-mce-mark=\"1\"><strong>circonf\u00e9rence mesur\u00e9e de la bague de jauge (mm)<\/strong><\/span><\/td>\n<td><span data-mce-mark=\"1\"><strong>Diam\u00e8tre de la bague de calibrage (mm)<\/strong><\/span><\/td>\n<\/tr>\n<tr>\n<td><span data-mce-mark=\"1\">52<\/span><\/td>\n<td><span data-mce-mark=\"1\">16,5<\/span><\/td>\n<\/tr>\n<tr>\n<td><span data-mce-mark=\"1\">53<\/span><\/td>\n<td><span data-mce-mark=\"1\">17<\/span><\/td>\n<\/tr>\n<tr>\n<td><span data-mce-mark=\"1\">54<\/span><\/td>\n<td><span data-mce-mark=\"1\">17.25<\/span><\/td>\n<\/tr>\n<tr>\n<td><span data-mce-mark=\"1\">55<\/span><\/td>\n<td><span data-mce-mark=\"1\">17,5<\/span><\/td>\n<\/tr>\n<tr>\n<td><span data-mce-mark=\"1\">56<\/span><\/td>\n<td><span data-mce-mark=\"1\">18<\/span><\/td>\n<\/tr>\n<tr>\n<td><span data-mce-mark=\"1\">57<\/span><\/td>\n<td><span data-mce-mark=\"1\">18.25<\/span><\/td>\n<\/tr>\n<tr>\n<td><span data-mce-mark=\"1\">58<\/span><\/td>\n<td><span data-mce-mark=\"1\">18,5<\/span><\/td>\n<\/tr>\n<tr>\n<td><span data-mce-mark=\"1\">59<\/span><\/td>\n<td><span data-mce-mark=\"1\">19<\/span><\/td>\n<\/tr>\n<tr>\n<td><span data-mce-mark=\"1\">60<\/span><\/td>\n<td><span data-mce-mark=\"1\">19.25<\/span><\/td>\n<\/tr>\n<tr>\n<td><span data-mce-mark=\"1\">61<\/span><\/td>\n<td><span data-mce-mark=\"1\">19,5<\/span><\/td>\n<\/tr>\n<tr>\n<td><span data-mce-mark=\"1\">62<\/span><\/td>\n<td><span data-mce-mark=\"1\">19,75<\/span><\/td>\n<\/tr>\n<tr>\n<td><span data-mce-mark=\"1\">63<\/span><\/td>\n<td><span data-mce-mark=\"1\">20<\/span><\/td>\n<\/tr>\n<tr>\n<td><span data-mce-mark=\"1\">64<\/span><\/td>\n<td><span data-mce-mark=\"1\">20.25<\/span><\/td>\n<\/tr>\n<tr>\n<td><span data-mce-mark=\"1\">65<\/span><\/td>\n<td><span data-mce-mark=\"1\">20,5<\/span><\/td>\n<\/tr>\n<\/tbody>\n<\/table>\n<p>&nbsp;<\/p>\n<\/div>\n","protected":false},"excerpt":{"rendered":"<p>Les v\u00e9ritables amiti\u00e9s enrichissent la vie. Ils apportent r\u00e9confort, chaleur et joie dans les bons comme dans les mauvais moments. Offrez \u00e0 la personne proche de vous un beau gage d\u2019amiti\u00e9 et faites-lui savoir \u00e0 quel point elle est sp\u00e9ciale pour vous. Avec cette bague, vous n&#8217;acqu\u00e9rez pas seulement un bijou extraordinaire, mais vous d\u00e9fendez [&hellip;]<\/p>\n","protected":false},"featured_media":21313,"comment_status":"closed","ping_status":"closed","template":"","meta":{"_glsr_average":0,"_glsr_ranking":0,"_glsr_reviews":0},"product_brand":[],"product_cat":[586],"product_tag":[587,563],"class_list":{"0":"post-21307","1":"product","2":"type-product","3":"status-publish","4":"has-post-thumbnail","6":"product_cat-anneau","7":"product_tag-anneaux","8":"product_tag-conception-x","9":"pa_groesse-52-16-5-o-fr","10":"pa_groesse-53-17-0-o-fr","11":"pa_groesse-54-17-25-o-fr","12":"pa_groesse-55-17-5-o-fr","13":"pa_groesse-56-18-0-o-fr","14":"pa_groesse-57-18-25-o-fr","15":"pa_groesse-58-18-5-o-fr","16":"pa_groesse-59-19-0-o-fr","17":"pa_groesse-60-19-25-o-fr","18":"pa_groesse-61-19-5-o-fr","19":"pa_groesse-62-19-75-o-fr","20":"pa_groesse-63-20-0-o-fr","21":"pa_groesse-64-20-25-o-fr","22":"pa_groesse-65-20-5-o-fr","23":"pa_marke-x-design-fr","24":"pa_oberflaeche-mattiert-fr","25":"pa_oberflaeche-poliert-fr","27":"first","28":"instock","29":"taxable","30":"shipping-taxable","31":"purchasable","32":"product-type-variable"},"exclude_global_add_ons":[],"addons":[],"yoast_head":"<!-- This site is optimized with the Yoast SEO plugin v25.6 - https:\/\/yoast.com\/wordpress\/plugins\/seo\/ -->\n<title>Bague I LIKE YOU en acier inoxydable - Beatrice M\u00fcller<\/title>\n<meta name=\"robots\" content=\"index, follow, max-snippet:-1, max-image-preview:large, max-video-preview:-1\" \/>\n<link rel=\"canonical\" href=\"https:\/\/beatrice-mueller.de\/fr\/produit\/bague-i-like-you-en-acier-inoxydable\/\" \/>\n<meta property=\"og:locale\" content=\"fr_FR\" \/>\n<meta property=\"og:type\" content=\"article\" \/>\n<meta property=\"og:title\" content=\"Bague I LIKE YOU en acier inoxydable - Beatrice M\u00fcller\" \/>\n<meta property=\"og:description\" content=\"Les v\u00e9ritables amiti\u00e9s enrichissent la vie. Ils apportent r\u00e9confort, chaleur et joie dans les bons comme dans les mauvais moments. Offrez \u00e0 la personne proche de vous un beau gage d\u2019amiti\u00e9 et faites-lui savoir \u00e0 quel point elle est sp\u00e9ciale pour vous. Avec cette bague, vous n&#8217;acqu\u00e9rez pas seulement un bijou extraordinaire, mais vous d\u00e9fendez [&hellip;]\" \/>\n<meta property=\"og:url\" content=\"https:\/\/beatrice-mueller.de\/fr\/produit\/bague-i-like-you-en-acier-inoxydable\/\" \/>\n<meta property=\"og:site_name\" content=\"Beatrice M\u00fcller\" \/>\n<meta property=\"og:image\" content=\"https:\/\/beatrice-mueller.de\/wp-content\/uploads\/2022\/02\/X-Design_Ring_i_like_you.jpg\" \/>\n\t<meta property=\"og:image:width\" content=\"800\" \/>\n\t<meta property=\"og:image:height\" content=\"800\" \/>\n\t<meta property=\"og:image:type\" content=\"image\/jpeg\" \/>\n<meta name=\"twitter:card\" content=\"summary_large_image\" \/>\n<meta name=\"twitter:label1\" content=\"Dur\u00e9e de lecture estim\u00e9e\" \/>\n\t<meta name=\"twitter:data1\" content=\"1 minute\" \/>\n<script type=\"application\/ld+json\" class=\"yoast-schema-graph\">{\"@context\":\"https:\/\/schema.org\",\"@graph\":[{\"@type\":\"WebPage\",\"@id\":\"https:\/\/beatrice-mueller.de\/fr\/produit\/bague-i-like-you-en-acier-inoxydable\/\",\"url\":\"https:\/\/beatrice-mueller.de\/fr\/produit\/bague-i-like-you-en-acier-inoxydable\/\",\"name\":\"Bague I LIKE YOU en acier inoxydable - Beatrice M\u00fcller\",\"isPartOf\":{\"@id\":\"https:\/\/beatrice-mueller.de\/fr\/#website\"},\"primaryImageOfPage\":{\"@id\":\"https:\/\/beatrice-mueller.de\/fr\/produit\/bague-i-like-you-en-acier-inoxydable\/#primaryimage\"},\"image\":{\"@id\":\"https:\/\/beatrice-mueller.de\/fr\/produit\/bague-i-like-you-en-acier-inoxydable\/#primaryimage\"},\"thumbnailUrl\":\"https:\/\/beatrice-mueller.de\/wp-content\/uploads\/2022\/02\/X-Design_Ring_i_like_you.jpg\",\"datePublished\":\"2025-02-16T11:56:39+00:00\",\"breadcrumb\":{\"@id\":\"https:\/\/beatrice-mueller.de\/fr\/produit\/bague-i-like-you-en-acier-inoxydable\/#breadcrumb\"},\"inLanguage\":\"fr-FR\",\"potentialAction\":[{\"@type\":\"ReadAction\",\"target\":[\"https:\/\/beatrice-mueller.de\/fr\/produit\/bague-i-like-you-en-acier-inoxydable\/\"]}]},{\"@type\":\"ImageObject\",\"inLanguage\":\"fr-FR\",\"@id\":\"https:\/\/beatrice-mueller.de\/fr\/produit\/bague-i-like-you-en-acier-inoxydable\/#primaryimage\",\"url\":\"https:\/\/beatrice-mueller.de\/wp-content\/uploads\/2022\/02\/X-Design_Ring_i_like_you.jpg\",\"contentUrl\":\"https:\/\/beatrice-mueller.de\/wp-content\/uploads\/2022\/02\/X-Design_Ring_i_like_you.jpg\",\"width\":800,\"height\":800},{\"@type\":\"BreadcrumbList\",\"@id\":\"https:\/\/beatrice-mueller.de\/fr\/produit\/bague-i-like-you-en-acier-inoxydable\/#breadcrumb\",\"itemListElement\":[{\"@type\":\"ListItem\",\"position\":1,\"name\":\"Startseite\",\"item\":\"https:\/\/beatrice-mueller.de\/fr\/\"},{\"@type\":\"ListItem\",\"position\":2,\"name\":\"Boutique\",\"item\":\"https:\/\/beatrice-mueller.de\/fr\/boutique-2\/\"},{\"@type\":\"ListItem\",\"position\":3,\"name\":\"Bague I LIKE YOU en acier inoxydable\"}]},{\"@type\":\"WebSite\",\"@id\":\"https:\/\/beatrice-mueller.de\/fr\/#website\",\"url\":\"https:\/\/beatrice-mueller.de\/fr\/\",\"name\":\"Beatrice M\u00fcller\",\"description\":\"Schmuckdesign\",\"potentialAction\":[{\"@type\":\"SearchAction\",\"target\":{\"@type\":\"EntryPoint\",\"urlTemplate\":\"https:\/\/beatrice-mueller.de\/fr\/?s={search_term_string}\"},\"query-input\":{\"@type\":\"PropertyValueSpecification\",\"valueRequired\":true,\"valueName\":\"search_term_string\"}}],\"inLanguage\":\"fr-FR\"}]}<\/script>\n<!-- \/ Yoast SEO plugin. -->","yoast_head_json":{"title":"Bague I LIKE YOU en acier inoxydable - Beatrice M\u00fcller","robots":{"index":"index","follow":"follow","max-snippet":"max-snippet:-1","max-image-preview":"max-image-preview:large","max-video-preview":"max-video-preview:-1"},"canonical":"https:\/\/beatrice-mueller.de\/fr\/produit\/bague-i-like-you-en-acier-inoxydable\/","og_locale":"fr_FR","og_type":"article","og_title":"Bague I LIKE YOU en acier inoxydable - Beatrice M\u00fcller","og_description":"Les v\u00e9ritables amiti\u00e9s enrichissent la vie. Ils apportent r\u00e9confort, chaleur et joie dans les bons comme dans les mauvais moments. Offrez \u00e0 la personne proche de vous un beau gage d\u2019amiti\u00e9 et faites-lui savoir \u00e0 quel point elle est sp\u00e9ciale pour vous. Avec cette bague, vous n&#8217;acqu\u00e9rez pas seulement un bijou extraordinaire, mais vous d\u00e9fendez [&hellip;]","og_url":"https:\/\/beatrice-mueller.de\/fr\/produit\/bague-i-like-you-en-acier-inoxydable\/","og_site_name":"Beatrice M\u00fcller","og_image":[{"width":800,"height":800,"url":"https:\/\/beatrice-mueller.de\/wp-content\/uploads\/2022\/02\/X-Design_Ring_i_like_you.jpg","type":"image\/jpeg"}],"twitter_card":"summary_large_image","twitter_misc":{"Dur\u00e9e de lecture estim\u00e9e":"1 minute"},"schema":{"@context":"https:\/\/schema.org","@graph":[{"@type":"WebPage","@id":"https:\/\/beatrice-mueller.de\/fr\/produit\/bague-i-like-you-en-acier-inoxydable\/","url":"https:\/\/beatrice-mueller.de\/fr\/produit\/bague-i-like-you-en-acier-inoxydable\/","name":"Bague I LIKE YOU en acier inoxydable - Beatrice M\u00fcller","isPartOf":{"@id":"https:\/\/beatrice-mueller.de\/fr\/#website"},"primaryImageOfPage":{"@id":"https:\/\/beatrice-mueller.de\/fr\/produit\/bague-i-like-you-en-acier-inoxydable\/#primaryimage"},"image":{"@id":"https:\/\/beatrice-mueller.de\/fr\/produit\/bague-i-like-you-en-acier-inoxydable\/#primaryimage"},"thumbnailUrl":"https:\/\/beatrice-mueller.de\/wp-content\/uploads\/2022\/02\/X-Design_Ring_i_like_you.jpg","datePublished":"2025-02-16T11:56:39+00:00","breadcrumb":{"@id":"https:\/\/beatrice-mueller.de\/fr\/produit\/bague-i-like-you-en-acier-inoxydable\/#breadcrumb"},"inLanguage":"fr-FR","potentialAction":[{"@type":"ReadAction","target":["https:\/\/beatrice-mueller.de\/fr\/produit\/bague-i-like-you-en-acier-inoxydable\/"]}]},{"@type":"ImageObject","inLanguage":"fr-FR","@id":"https:\/\/beatrice-mueller.de\/fr\/produit\/bague-i-like-you-en-acier-inoxydable\/#primaryimage","url":"https:\/\/beatrice-mueller.de\/wp-content\/uploads\/2022\/02\/X-Design_Ring_i_like_you.jpg","contentUrl":"https:\/\/beatrice-mueller.de\/wp-content\/uploads\/2022\/02\/X-Design_Ring_i_like_you.jpg","width":800,"height":800},{"@type":"BreadcrumbList","@id":"https:\/\/beatrice-mueller.de\/fr\/produit\/bague-i-like-you-en-acier-inoxydable\/#breadcrumb","itemListElement":[{"@type":"ListItem","position":1,"name":"Startseite","item":"https:\/\/beatrice-mueller.de\/fr\/"},{"@type":"ListItem","position":2,"name":"Boutique","item":"https:\/\/beatrice-mueller.de\/fr\/boutique-2\/"},{"@type":"ListItem","position":3,"name":"Bague I LIKE YOU en acier inoxydable"}]},{"@type":"WebSite","@id":"https:\/\/beatrice-mueller.de\/fr\/#website","url":"https:\/\/beatrice-mueller.de\/fr\/","name":"Beatrice M\u00fcller","description":"Schmuckdesign","potentialAction":[{"@type":"SearchAction","target":{"@type":"EntryPoint","urlTemplate":"https:\/\/beatrice-mueller.de\/fr\/?s={search_term_string}"},"query-input":{"@type":"PropertyValueSpecification","valueRequired":true,"valueName":"search_term_string"}}],"inLanguage":"fr-FR"}]}},"_links":{"self":[{"href":"https:\/\/beatrice-mueller.de\/fr\/wp-json\/wp\/v2\/product\/21307","targetHints":{"allow":["GET"]}}],"collection":[{"href":"https:\/\/beatrice-mueller.de\/fr\/wp-json\/wp\/v2\/product"}],"about":[{"href":"https:\/\/beatrice-mueller.de\/fr\/wp-json\/wp\/v2\/types\/product"}],"replies":[{"embeddable":true,"href":"https:\/\/beatrice-mueller.de\/fr\/wp-json\/wp\/v2\/comments?post=21307"}],"wp:featuredmedia":[{"embeddable":true,"href":"https:\/\/beatrice-mueller.de\/fr\/wp-json\/wp\/v2\/media\/21313"}],"wp:attachment":[{"href":"https:\/\/beatrice-mueller.de\/fr\/wp-json\/wp\/v2\/media?parent=21307"}],"wp:term":[{"taxonomy":"product_brand","embeddable":true,"href":"https:\/\/beatrice-mueller.de\/fr\/wp-json\/wp\/v2\/product_brand?post=21307"},{"taxonomy":"product_cat","embeddable":true,"href":"https:\/\/beatrice-mueller.de\/fr\/wp-json\/wp\/v2\/product_cat?post=21307"},{"taxonomy":"product_tag","embeddable":true,"href":"https:\/\/beatrice-mueller.de\/fr\/wp-json\/wp\/v2\/product_tag?post=21307"}],"curies":[{"name":"wp","href":"https:\/\/api.w.org\/{rel}","templated":true}]}}