{"id":21330,"date":"2025-02-16T12:56:41","date_gmt":"2025-02-16T11:56:41","guid":{"rendered":"https:\/\/beatrice-mueller.de\/produkt\/bague-sun-en-acier-inoxydable\/"},"modified":"2025-02-16T12:56:41","modified_gmt":"2025-02-16T11:56:41","slug":"bague-sun-en-acier-inoxydable","status":"publish","type":"product","link":"https:\/\/beatrice-mueller.de\/fr\/produit\/bague-sun-en-acier-inoxydable\/","title":{"rendered":"Bague SUN en acier inoxydable"},"content":{"rendered":"<div class=\"content--title\">\n<div class=\"content--title\">Le soleil nous donne tout ce dont nous avons besoin pour vivre : chaleur, lumi\u00e8re et bonne humeur. Cela provoque l\u2019\u00e9closion des fleurs et l\u2019\u00e9veil du monde animal. Cette bague convient aux adorateurs du soleil, aux amoureux de l&#8217;air frais et aux \u00e2mes joyeuses du monde entier et vous permet de briller.  <\/div>\n<p>&nbsp;<\/p>\n<p><strong>Voulez-vous concevoir votre propre bague ?  <a title=\"Envoyer un courrier \u00e0 X-Design\" href=\"mailto:info@x-design.shop\" target=\"_blank\" rel=\"noopener noreferrer\">\u00c9crivez-nous simplement un e-mail.<\/a><\/strong><\/p>\n<p><span style=\"text-decoration: underline\">Caract\u00e9ristiques:<\/span><\/p>\n<p><span style=\"color: #ff0000\">\u2718<\/span> La bague est fabriqu\u00e9e en acier inoxydable 316L de haute qualit\u00e9 et robuste.<\/p>\n<p><span style=\"color: #ff0000\">\u2718<\/span> Peut \u00eatre grav\u00e9 \u00e0 l&#8217;int\u00e9rieur et \u00e0 l&#8217;ext\u00e9rieur.<\/p>\n<p><span style=\"color: #ff0000\">\u2718<\/span> Fabriqu\u00e9 \u00e0 la main et qualit\u00e9 test\u00e9e dans notre propre atelier.<\/p>\n<table border=\"0\">\n<tbody>\n<tr>\n<td><span data-mce-mark=\"1\"><strong>Bijoux en mat\u00e9riaux<\/strong><\/span><\/td>\n<td><span data-mce-mark=\"1\">acier inoxydable<\/span><\/td>\n<\/tr>\n<tr>\n<td><span data-mce-mark=\"1\"><strong>surface<\/strong><\/span><\/td>\n<td><span data-mce-mark=\"1\">tapis fluide<\/span><\/td>\n<\/tr>\n<tr>\n<td><span data-mce-mark=\"1\"><strong>Caract\u00e9ristiques sp\u00e9ciales<\/strong><\/span><\/td>\n<td><span data-mce-mark=\"1\">gravure au laser<br \/>\n<\/span><\/td>\n<\/tr>\n<\/tbody>\n<\/table>\n<p><strong>D\u00c9TERMINER LA BONNE TAILLE DE BAGUE<\/strong><\/p>\n<p>La taille de la bague des bagues NO STRESS est d\u00e9termin\u00e9e en fonction de la circonf\u00e9rence de la bague int\u00e9rieure. Pour conna\u00eetre la circonf\u00e9rence correcte de la bague, il vous suffit d&#8217;un fil ou d&#8217;un morceau de papier. <\/p>\n<p>Enroulez le fil ou le papier autour de la partie du doigt o\u00f9 vous souhaitez porter la bague, puis mesurez la longueur. Les millim\u00e8tres mesur\u00e9s refl\u00e8tent la circonf\u00e9rence de la bague int\u00e9rieure. <\/p>\n<table border=\"0\">\n<tbody>\n<tr>\n<td><span data-mce-mark=\"1\"><strong>circonf\u00e9rence mesur\u00e9e de la bague de jauge (mm)<\/strong><\/span><\/td>\n<td><span data-mce-mark=\"1\"><strong>Diam\u00e8tre de la bague de calibrage (mm)<\/strong><\/span><\/td>\n<\/tr>\n<tr>\n<td><span data-mce-mark=\"1\">52<\/span><\/td>\n<td><span data-mce-mark=\"1\">16,5<\/span><\/td>\n<\/tr>\n<tr>\n<td><span data-mce-mark=\"1\">53<\/span><\/td>\n<td><span data-mce-mark=\"1\">17<\/span><\/td>\n<\/tr>\n<tr>\n<td><span data-mce-mark=\"1\">54<\/span><\/td>\n<td><span data-mce-mark=\"1\">17.25<\/span><\/td>\n<\/tr>\n<tr>\n<td><span data-mce-mark=\"1\">55<\/span><\/td>\n<td><span data-mce-mark=\"1\">17,5<\/span><\/td>\n<\/tr>\n<tr>\n<td><span data-mce-mark=\"1\">56<\/span><\/td>\n<td><span data-mce-mark=\"1\">18<\/span><\/td>\n<\/tr>\n<tr>\n<td><span data-mce-mark=\"1\">57<\/span><\/td>\n<td><span data-mce-mark=\"1\">18.25<\/span><\/td>\n<\/tr>\n<tr>\n<td><span data-mce-mark=\"1\">58<\/span><\/td>\n<td><span data-mce-mark=\"1\">18,5<\/span><\/td>\n<\/tr>\n<tr>\n<td><span data-mce-mark=\"1\">59<\/span><\/td>\n<td><span data-mce-mark=\"1\">19<\/span><\/td>\n<\/tr>\n<tr>\n<td><span data-mce-mark=\"1\">60<\/span><\/td>\n<td><span data-mce-mark=\"1\">19.25<\/span><\/td>\n<\/tr>\n<tr>\n<td><span data-mce-mark=\"1\">61<\/span><\/td>\n<td><span data-mce-mark=\"1\">19,5<\/span><\/td>\n<\/tr>\n<tr>\n<td><span data-mce-mark=\"1\">62<\/span><\/td>\n<td><span data-mce-mark=\"1\">19,75<\/span><\/td>\n<\/tr>\n<tr>\n<td><span data-mce-mark=\"1\">63<\/span><\/td>\n<td><span data-mce-mark=\"1\">20<\/span><\/td>\n<\/tr>\n<tr>\n<td><span data-mce-mark=\"1\">64<\/span><\/td>\n<td><span data-mce-mark=\"1\">20.25<\/span><\/td>\n<\/tr>\n<tr>\n<td><span data-mce-mark=\"1\">65<\/span><\/td>\n<td><span data-mce-mark=\"1\">20,5<br \/>\n<\/span><\/td>\n<\/tr>\n<\/tbody>\n<\/table>\n<\/div>\n","protected":false},"excerpt":{"rendered":"<p>Le soleil nous donne tout ce dont nous avons besoin pour vivre : chaleur, lumi\u00e8re et bonne humeur. Cela provoque l\u2019\u00e9closion des fleurs et l\u2019\u00e9veil du monde animal. Cette bague convient aux adorateurs du soleil, aux amoureux de l&#8217;air frais et aux \u00e2mes joyeuses du monde entier et vous permet de briller. &nbsp; Voulez-vous concevoir [&hellip;]<\/p>\n","protected":false},"featured_media":21337,"comment_status":"closed","ping_status":"closed","template":"","meta":{"_glsr_average":0,"_glsr_ranking":0,"_glsr_reviews":0},"product_brand":[],"product_cat":[586],"product_tag":[587,563],"class_list":{"0":"post-21330","1":"product","2":"type-product","3":"status-publish","4":"has-post-thumbnail","6":"product_cat-anneau","7":"product_tag-anneaux","8":"product_tag-conception-x","9":"pa_groesse-52-16-5-o-fr","10":"pa_groesse-53-17-0-o-fr","11":"pa_groesse-54-17-25-o-fr","12":"pa_groesse-55-17-5-o-fr","13":"pa_groesse-56-18-0-o-fr","14":"pa_groesse-57-18-25-o-fr","15":"pa_groesse-58-18-5-o-fr","16":"pa_groesse-59-19-0-o-fr","17":"pa_groesse-60-19-25-o-fr","18":"pa_groesse-61-19-5-o-fr","19":"pa_groesse-62-19-75-o-fr","20":"pa_groesse-63-20-0-o-fr","21":"pa_groesse-64-20-25-o-fr","22":"pa_groesse-65-20-5-o-fr","23":"pa_marke-x-design-fr","25":"first","26":"instock","27":"taxable","28":"shipping-taxable","29":"purchasable","30":"product-type-variable"},"exclude_global_add_ons":[],"addons":[],"yoast_head":"<!-- This site is optimized with the Yoast SEO plugin v25.6 - https:\/\/yoast.com\/wordpress\/plugins\/seo\/ -->\n<title>Bague SUN en acier inoxydable - Beatrice M\u00fcller<\/title>\n<meta name=\"robots\" content=\"index, follow, max-snippet:-1, max-image-preview:large, max-video-preview:-1\" \/>\n<link rel=\"canonical\" href=\"https:\/\/beatrice-mueller.de\/fr\/produit\/bague-sun-en-acier-inoxydable\/\" \/>\n<meta property=\"og:locale\" content=\"fr_FR\" \/>\n<meta property=\"og:type\" content=\"article\" \/>\n<meta property=\"og:title\" content=\"Bague SUN en acier inoxydable - Beatrice M\u00fcller\" \/>\n<meta property=\"og:description\" content=\"Le soleil nous donne tout ce dont nous avons besoin pour vivre : chaleur, lumi\u00e8re et bonne humeur. Cela provoque l\u2019\u00e9closion des fleurs et l\u2019\u00e9veil du monde animal. Cette bague convient aux adorateurs du soleil, aux amoureux de l&#8217;air frais et aux \u00e2mes joyeuses du monde entier et vous permet de briller. &nbsp; Voulez-vous concevoir [&hellip;]\" \/>\n<meta property=\"og:url\" content=\"https:\/\/beatrice-mueller.de\/fr\/produit\/bague-sun-en-acier-inoxydable\/\" \/>\n<meta property=\"og:site_name\" content=\"Beatrice M\u00fcller\" \/>\n<meta property=\"og:image\" content=\"https:\/\/beatrice-mueller.de\/wp-content\/uploads\/2022\/02\/x-design_Ring-Sonne.png\" \/>\n\t<meta property=\"og:image:width\" content=\"671\" \/>\n\t<meta property=\"og:image:height\" content=\"635\" \/>\n\t<meta property=\"og:image:type\" content=\"image\/png\" \/>\n<meta name=\"twitter:card\" content=\"summary_large_image\" \/>\n<meta name=\"twitter:label1\" content=\"Dur\u00e9e de lecture estim\u00e9e\" \/>\n\t<meta name=\"twitter:data1\" content=\"1 minute\" \/>\n<script type=\"application\/ld+json\" class=\"yoast-schema-graph\">{\"@context\":\"https:\/\/schema.org\",\"@graph\":[{\"@type\":\"WebPage\",\"@id\":\"https:\/\/beatrice-mueller.de\/fr\/produit\/bague-sun-en-acier-inoxydable\/\",\"url\":\"https:\/\/beatrice-mueller.de\/fr\/produit\/bague-sun-en-acier-inoxydable\/\",\"name\":\"Bague SUN en acier inoxydable - Beatrice M\u00fcller\",\"isPartOf\":{\"@id\":\"https:\/\/beatrice-mueller.de\/fr\/#website\"},\"primaryImageOfPage\":{\"@id\":\"https:\/\/beatrice-mueller.de\/fr\/produit\/bague-sun-en-acier-inoxydable\/#primaryimage\"},\"image\":{\"@id\":\"https:\/\/beatrice-mueller.de\/fr\/produit\/bague-sun-en-acier-inoxydable\/#primaryimage\"},\"thumbnailUrl\":\"https:\/\/beatrice-mueller.de\/wp-content\/uploads\/2022\/02\/x-design_Ring-Sonne.png\",\"datePublished\":\"2025-02-16T11:56:41+00:00\",\"breadcrumb\":{\"@id\":\"https:\/\/beatrice-mueller.de\/fr\/produit\/bague-sun-en-acier-inoxydable\/#breadcrumb\"},\"inLanguage\":\"fr-FR\",\"potentialAction\":[{\"@type\":\"ReadAction\",\"target\":[\"https:\/\/beatrice-mueller.de\/fr\/produit\/bague-sun-en-acier-inoxydable\/\"]}]},{\"@type\":\"ImageObject\",\"inLanguage\":\"fr-FR\",\"@id\":\"https:\/\/beatrice-mueller.de\/fr\/produit\/bague-sun-en-acier-inoxydable\/#primaryimage\",\"url\":\"https:\/\/beatrice-mueller.de\/wp-content\/uploads\/2022\/02\/x-design_Ring-Sonne.png\",\"contentUrl\":\"https:\/\/beatrice-mueller.de\/wp-content\/uploads\/2022\/02\/x-design_Ring-Sonne.png\",\"width\":671,\"height\":635},{\"@type\":\"BreadcrumbList\",\"@id\":\"https:\/\/beatrice-mueller.de\/fr\/produit\/bague-sun-en-acier-inoxydable\/#breadcrumb\",\"itemListElement\":[{\"@type\":\"ListItem\",\"position\":1,\"name\":\"Startseite\",\"item\":\"https:\/\/beatrice-mueller.de\/fr\/\"},{\"@type\":\"ListItem\",\"position\":2,\"name\":\"Boutique\",\"item\":\"https:\/\/beatrice-mueller.de\/fr\/boutique-2\/\"},{\"@type\":\"ListItem\",\"position\":3,\"name\":\"Bague SUN en acier inoxydable\"}]},{\"@type\":\"WebSite\",\"@id\":\"https:\/\/beatrice-mueller.de\/fr\/#website\",\"url\":\"https:\/\/beatrice-mueller.de\/fr\/\",\"name\":\"Beatrice M\u00fcller\",\"description\":\"Schmuckdesign\",\"potentialAction\":[{\"@type\":\"SearchAction\",\"target\":{\"@type\":\"EntryPoint\",\"urlTemplate\":\"https:\/\/beatrice-mueller.de\/fr\/?s={search_term_string}\"},\"query-input\":{\"@type\":\"PropertyValueSpecification\",\"valueRequired\":true,\"valueName\":\"search_term_string\"}}],\"inLanguage\":\"fr-FR\"}]}<\/script>\n<!-- \/ Yoast SEO plugin. -->","yoast_head_json":{"title":"Bague SUN en acier inoxydable - Beatrice M\u00fcller","robots":{"index":"index","follow":"follow","max-snippet":"max-snippet:-1","max-image-preview":"max-image-preview:large","max-video-preview":"max-video-preview:-1"},"canonical":"https:\/\/beatrice-mueller.de\/fr\/produit\/bague-sun-en-acier-inoxydable\/","og_locale":"fr_FR","og_type":"article","og_title":"Bague SUN en acier inoxydable - Beatrice M\u00fcller","og_description":"Le soleil nous donne tout ce dont nous avons besoin pour vivre : chaleur, lumi\u00e8re et bonne humeur. Cela provoque l\u2019\u00e9closion des fleurs et l\u2019\u00e9veil du monde animal. Cette bague convient aux adorateurs du soleil, aux amoureux de l&#8217;air frais et aux \u00e2mes joyeuses du monde entier et vous permet de briller. &nbsp; Voulez-vous concevoir [&hellip;]","og_url":"https:\/\/beatrice-mueller.de\/fr\/produit\/bague-sun-en-acier-inoxydable\/","og_site_name":"Beatrice M\u00fcller","og_image":[{"width":671,"height":635,"url":"https:\/\/beatrice-mueller.de\/wp-content\/uploads\/2022\/02\/x-design_Ring-Sonne.png","type":"image\/png"}],"twitter_card":"summary_large_image","twitter_misc":{"Dur\u00e9e de lecture estim\u00e9e":"1 minute"},"schema":{"@context":"https:\/\/schema.org","@graph":[{"@type":"WebPage","@id":"https:\/\/beatrice-mueller.de\/fr\/produit\/bague-sun-en-acier-inoxydable\/","url":"https:\/\/beatrice-mueller.de\/fr\/produit\/bague-sun-en-acier-inoxydable\/","name":"Bague SUN en acier inoxydable - Beatrice M\u00fcller","isPartOf":{"@id":"https:\/\/beatrice-mueller.de\/fr\/#website"},"primaryImageOfPage":{"@id":"https:\/\/beatrice-mueller.de\/fr\/produit\/bague-sun-en-acier-inoxydable\/#primaryimage"},"image":{"@id":"https:\/\/beatrice-mueller.de\/fr\/produit\/bague-sun-en-acier-inoxydable\/#primaryimage"},"thumbnailUrl":"https:\/\/beatrice-mueller.de\/wp-content\/uploads\/2022\/02\/x-design_Ring-Sonne.png","datePublished":"2025-02-16T11:56:41+00:00","breadcrumb":{"@id":"https:\/\/beatrice-mueller.de\/fr\/produit\/bague-sun-en-acier-inoxydable\/#breadcrumb"},"inLanguage":"fr-FR","potentialAction":[{"@type":"ReadAction","target":["https:\/\/beatrice-mueller.de\/fr\/produit\/bague-sun-en-acier-inoxydable\/"]}]},{"@type":"ImageObject","inLanguage":"fr-FR","@id":"https:\/\/beatrice-mueller.de\/fr\/produit\/bague-sun-en-acier-inoxydable\/#primaryimage","url":"https:\/\/beatrice-mueller.de\/wp-content\/uploads\/2022\/02\/x-design_Ring-Sonne.png","contentUrl":"https:\/\/beatrice-mueller.de\/wp-content\/uploads\/2022\/02\/x-design_Ring-Sonne.png","width":671,"height":635},{"@type":"BreadcrumbList","@id":"https:\/\/beatrice-mueller.de\/fr\/produit\/bague-sun-en-acier-inoxydable\/#breadcrumb","itemListElement":[{"@type":"ListItem","position":1,"name":"Startseite","item":"https:\/\/beatrice-mueller.de\/fr\/"},{"@type":"ListItem","position":2,"name":"Boutique","item":"https:\/\/beatrice-mueller.de\/fr\/boutique-2\/"},{"@type":"ListItem","position":3,"name":"Bague SUN en acier inoxydable"}]},{"@type":"WebSite","@id":"https:\/\/beatrice-mueller.de\/fr\/#website","url":"https:\/\/beatrice-mueller.de\/fr\/","name":"Beatrice M\u00fcller","description":"Schmuckdesign","potentialAction":[{"@type":"SearchAction","target":{"@type":"EntryPoint","urlTemplate":"https:\/\/beatrice-mueller.de\/fr\/?s={search_term_string}"},"query-input":{"@type":"PropertyValueSpecification","valueRequired":true,"valueName":"search_term_string"}}],"inLanguage":"fr-FR"}]}},"_links":{"self":[{"href":"https:\/\/beatrice-mueller.de\/fr\/wp-json\/wp\/v2\/product\/21330","targetHints":{"allow":["GET"]}}],"collection":[{"href":"https:\/\/beatrice-mueller.de\/fr\/wp-json\/wp\/v2\/product"}],"about":[{"href":"https:\/\/beatrice-mueller.de\/fr\/wp-json\/wp\/v2\/types\/product"}],"replies":[{"embeddable":true,"href":"https:\/\/beatrice-mueller.de\/fr\/wp-json\/wp\/v2\/comments?post=21330"}],"wp:featuredmedia":[{"embeddable":true,"href":"https:\/\/beatrice-mueller.de\/fr\/wp-json\/wp\/v2\/media\/21337"}],"wp:attachment":[{"href":"https:\/\/beatrice-mueller.de\/fr\/wp-json\/wp\/v2\/media?parent=21330"}],"wp:term":[{"taxonomy":"product_brand","embeddable":true,"href":"https:\/\/beatrice-mueller.de\/fr\/wp-json\/wp\/v2\/product_brand?post=21330"},{"taxonomy":"product_cat","embeddable":true,"href":"https:\/\/beatrice-mueller.de\/fr\/wp-json\/wp\/v2\/product_cat?post=21330"},{"taxonomy":"product_tag","embeddable":true,"href":"https:\/\/beatrice-mueller.de\/fr\/wp-json\/wp\/v2\/product_tag?post=21330"}],"curies":[{"name":"wp","href":"https:\/\/api.w.org\/{rel}","templated":true}]}}