{"id":21365,"date":"2025-02-16T12:56:46","date_gmt":"2025-02-16T11:56:46","guid":{"rendered":"https:\/\/beatrice-mueller.de\/produkt\/collier-no-stress-en-argent-925-plaque-platine-rouge\/"},"modified":"2025-02-16T12:56:46","modified_gmt":"2025-02-16T11:56:46","slug":"collier-no-stress-en-argent-925-plaque-platine-rouge","status":"publish","type":"product","link":"https:\/\/beatrice-mueller.de\/fr\/produit\/collier-no-stress-en-argent-925-plaque-platine-rouge\/","title":{"rendered":"Collier NO STRESS en argent 925 plaqu\u00e9 platine rouge"},"content":{"rendered":"<p>L\u2019agitation constante de la vie quotidienne n\u2019a pas lieu d\u2019\u00eatre&nbsp;! Choisissez votre collier pr\u00e9f\u00e9r\u00e9 et int\u00e9grez la pens\u00e9e NO STRESS dans votre vie. <\/p>\n<p>Vous l&#8217;aimez color\u00e9 ? Combinez ensuite deux couleurs ensemble ! <\/p>\n<p><u>Caract\u00e9ristiques:<\/u><\/p>\n<p><span style=\"color: #ff0000\">\u2718<\/span> Les deux cordons sont disponibles en 16 couleurs diff\u00e9rentes.<\/p>\n<p><span style=\"color: #ff0000\">\u2718<\/span> S&#8217;adapte \u00e0 la forme du cou gr\u00e2ce au cube coulissant.<\/p>\n<p><span style=\"color: #ff0000\">\u2718<\/span> Surface argent poli ou mat sur demande.<\/p>\n<p>&nbsp;<\/p>\n<div class=\"product--description\">\n<table border=\"0\">\n<tbody>\n<tr>\n<td><span data-mce-mark=\"1\"><strong>Bijoux en mat\u00e9riaux<\/strong><\/span><\/td>\n<td><span data-mce-mark=\"1\">Argent 925 plaqu\u00e9 platine rouge<\/span><\/td>\n<\/tr>\n<tr>\n<td><span data-mce-mark=\"1\"><strong>surface<\/strong><\/span><\/td>\n<td><span data-mce-mark=\"1\">poli \/ mat \/ diamant mat<\/span><\/td>\n<\/tr>\n<tr>\n<td><span data-mce-mark=\"1\"><strong>plaque \u00f8<\/strong><\/span><\/td>\n<td><span data-mce-mark=\"1\">14,9 mm<\/span><\/td>\n<\/tr>\n<tr>\n<td><span data-mce-mark=\"1\"><strong>\u00e9paisseur du mat\u00e9riau de la plaque<\/strong><\/span><\/td>\n<td><span data-mce-mark=\"1\">0,8 mm<\/span><\/td>\n<\/tr>\n<tr>\n<td><span data-mce-mark=\"1\"><strong>groupe<\/strong><\/span><\/td>\n<td>fil industriel, r\u00e9sistant \u00e0 la d\u00e9chirure<\/td>\n<\/tr>\n<\/tbody>\n<\/table>\n<\/div>\n","protected":false},"excerpt":{"rendered":"<p>L\u2019agitation constante de la vie quotidienne n\u2019a pas lieu d\u2019\u00eatre&nbsp;! Choisissez votre collier pr\u00e9f\u00e9r\u00e9 et int\u00e9grez la pens\u00e9e NO STRESS dans votre vie. Vous l&#8217;aimez color\u00e9 ? Combinez ensuite deux couleurs ensemble ! Caract\u00e9ristiques: \u2718 Les deux cordons sont disponibles en 16 couleurs diff\u00e9rentes. \u2718 S&#8217;adapte \u00e0 la forme du cou gr\u00e2ce au cube coulissant. [&hellip;]<\/p>\n","protected":false},"featured_media":21368,"comment_status":"closed","ping_status":"closed","template":"","meta":{"_glsr_average":0,"_glsr_ranking":0,"_glsr_reviews":0},"product_brand":[],"product_cat":[562],"product_tag":[566,567,563],"class_list":{"0":"post-21365","1":"product","2":"type-product","3":"status-publish","4":"has-post-thumbnail","6":"product_cat-colliers","7":"product_tag-chaines","8":"product_tag-collier-anti-stress","9":"product_tag-conception-x","10":"pa_farbe-band-1-amethyst-fr","11":"pa_farbe-band-1-beige-fr","12":"pa_farbe-band-1-blau-fr","13":"pa_farbe-band-1-dunkelblau-fr","14":"pa_farbe-band-1-dunkelrosa-fr","15":"pa_farbe-band-1-gelb-fr","16":"pa_farbe-band-1-granatrot-fr","17":"pa_farbe-band-1-grau-fr","18":"pa_farbe-band-1-gruen-fr","19":"pa_farbe-band-1-hellgelb-fr","20":"pa_farbe-band-1-jadegruen-fr","21":"pa_farbe-band-1-jagdegruen-fr","22":"pa_farbe-band-1-korallrot-fr","23":"pa_farbe-band-1-lila-fr","24":"pa_farbe-band-1-olive-fr","25":"pa_farbe-band-1-rot-fr","26":"pa_farbe-band-1-schwarz-fr","27":"pa_farbe-band-1-tuerkis-fr","28":"pa_farbe-band-2-amethyst-fr-2","29":"pa_farbe-band-2-beige-fr-2","30":"pa_farbe-band-2-blau-fr","31":"pa_farbe-band-2-dunkelblau-fr-2","32":"pa_farbe-band-2-gelb-fr","33":"pa_farbe-band-2-granatrot-fr","34":"pa_farbe-band-2-grau-fr","35":"pa_farbe-band-2-gruen-fr-2","36":"pa_farbe-band-2-hellgelb-fr-2","37":"pa_farbe-band-2-jadegruen-fr-2","38":"pa_farbe-band-2-jagdegruen-fr-2","39":"pa_farbe-band-2-korallrot-fr","40":"pa_farbe-band-2-lila-fr","41":"pa_farbe-band-2-olive-fr-2","42":"pa_farbe-band-2-rot-fr","43":"pa_farbe-band-2-schwarz-fr-2","44":"pa_farbe-band-2-tuerkis-fr-2","45":"pa_marke-x-design-fr","46":"pa_oberflaeche-plaettchen-diamantmatt-fr","47":"pa_oberflaeche-plaettchen-fliessmatt-fr","48":"pa_oberflaeche-plaettchen-poliert-fr","50":"first","51":"instock","52":"taxable","53":"shipping-taxable","54":"purchasable","55":"product-type-variable"},"exclude_global_add_ons":[],"addons":[],"yoast_head":"<!-- This site is optimized with the Yoast SEO plugin v25.6 - https:\/\/yoast.com\/wordpress\/plugins\/seo\/ -->\n<title>Collier NO STRESS en argent 925 plaqu\u00e9 platine rouge - Beatrice M\u00fcller<\/title>\n<meta name=\"robots\" content=\"index, follow, max-snippet:-1, max-image-preview:large, max-video-preview:-1\" \/>\n<link rel=\"canonical\" href=\"https:\/\/beatrice-mueller.de\/fr\/produit\/collier-no-stress-en-argent-925-plaque-platine-rouge\/\" \/>\n<meta property=\"og:locale\" content=\"fr_FR\" \/>\n<meta property=\"og:type\" content=\"article\" \/>\n<meta property=\"og:title\" content=\"Collier NO STRESS en argent 925 plaqu\u00e9 platine rouge - Beatrice M\u00fcller\" \/>\n<meta property=\"og:description\" content=\"L\u2019agitation constante de la vie quotidienne n\u2019a pas lieu d\u2019\u00eatre&nbsp;! Choisissez votre collier pr\u00e9f\u00e9r\u00e9 et int\u00e9grez la pens\u00e9e NO STRESS dans votre vie. Vous l&#8217;aimez color\u00e9 ? Combinez ensuite deux couleurs ensemble ! Caract\u00e9ristiques: \u2718 Les deux cordons sont disponibles en 16 couleurs diff\u00e9rentes. \u2718 S&#8217;adapte \u00e0 la forme du cou gr\u00e2ce au cube coulissant. [&hellip;]\" \/>\n<meta property=\"og:url\" content=\"https:\/\/beatrice-mueller.de\/fr\/produit\/collier-no-stress-en-argent-925-plaque-platine-rouge\/\" \/>\n<meta property=\"og:site_name\" content=\"Beatrice M\u00fcller\" \/>\n<meta property=\"og:image\" content=\"https:\/\/beatrice-mueller.de\/wp-content\/uploads\/2022\/02\/1_8a30941b-0841-4032-b709-aad59c899d0a.jpg\" \/>\n\t<meta property=\"og:image:width\" content=\"800\" \/>\n\t<meta property=\"og:image:height\" content=\"800\" \/>\n\t<meta property=\"og:image:type\" content=\"image\/jpeg\" \/>\n<meta name=\"twitter:card\" content=\"summary_large_image\" \/>\n<script type=\"application\/ld+json\" class=\"yoast-schema-graph\">{\"@context\":\"https:\/\/schema.org\",\"@graph\":[{\"@type\":\"WebPage\",\"@id\":\"https:\/\/beatrice-mueller.de\/fr\/produit\/collier-no-stress-en-argent-925-plaque-platine-rouge\/\",\"url\":\"https:\/\/beatrice-mueller.de\/fr\/produit\/collier-no-stress-en-argent-925-plaque-platine-rouge\/\",\"name\":\"Collier NO STRESS en argent 925 plaqu\u00e9 platine rouge - Beatrice M\u00fcller\",\"isPartOf\":{\"@id\":\"https:\/\/beatrice-mueller.de\/fr\/#website\"},\"primaryImageOfPage\":{\"@id\":\"https:\/\/beatrice-mueller.de\/fr\/produit\/collier-no-stress-en-argent-925-plaque-platine-rouge\/#primaryimage\"},\"image\":{\"@id\":\"https:\/\/beatrice-mueller.de\/fr\/produit\/collier-no-stress-en-argent-925-plaque-platine-rouge\/#primaryimage\"},\"thumbnailUrl\":\"https:\/\/beatrice-mueller.de\/wp-content\/uploads\/2022\/02\/1_8a30941b-0841-4032-b709-aad59c899d0a.jpg\",\"datePublished\":\"2025-02-16T11:56:46+00:00\",\"breadcrumb\":{\"@id\":\"https:\/\/beatrice-mueller.de\/fr\/produit\/collier-no-stress-en-argent-925-plaque-platine-rouge\/#breadcrumb\"},\"inLanguage\":\"fr-FR\",\"potentialAction\":[{\"@type\":\"ReadAction\",\"target\":[\"https:\/\/beatrice-mueller.de\/fr\/produit\/collier-no-stress-en-argent-925-plaque-platine-rouge\/\"]}]},{\"@type\":\"ImageObject\",\"inLanguage\":\"fr-FR\",\"@id\":\"https:\/\/beatrice-mueller.de\/fr\/produit\/collier-no-stress-en-argent-925-plaque-platine-rouge\/#primaryimage\",\"url\":\"https:\/\/beatrice-mueller.de\/wp-content\/uploads\/2022\/02\/1_8a30941b-0841-4032-b709-aad59c899d0a.jpg\",\"contentUrl\":\"https:\/\/beatrice-mueller.de\/wp-content\/uploads\/2022\/02\/1_8a30941b-0841-4032-b709-aad59c899d0a.jpg\",\"width\":800,\"height\":800},{\"@type\":\"BreadcrumbList\",\"@id\":\"https:\/\/beatrice-mueller.de\/fr\/produit\/collier-no-stress-en-argent-925-plaque-platine-rouge\/#breadcrumb\",\"itemListElement\":[{\"@type\":\"ListItem\",\"position\":1,\"name\":\"Startseite\",\"item\":\"https:\/\/beatrice-mueller.de\/fr\/\"},{\"@type\":\"ListItem\",\"position\":2,\"name\":\"Boutique\",\"item\":\"https:\/\/beatrice-mueller.de\/fr\/boutique-2\/\"},{\"@type\":\"ListItem\",\"position\":3,\"name\":\"Collier NO STRESS en argent 925 plaqu\u00e9 platine rouge\"}]},{\"@type\":\"WebSite\",\"@id\":\"https:\/\/beatrice-mueller.de\/fr\/#website\",\"url\":\"https:\/\/beatrice-mueller.de\/fr\/\",\"name\":\"Beatrice M\u00fcller\",\"description\":\"Schmuckdesign\",\"potentialAction\":[{\"@type\":\"SearchAction\",\"target\":{\"@type\":\"EntryPoint\",\"urlTemplate\":\"https:\/\/beatrice-mueller.de\/fr\/?s={search_term_string}\"},\"query-input\":{\"@type\":\"PropertyValueSpecification\",\"valueRequired\":true,\"valueName\":\"search_term_string\"}}],\"inLanguage\":\"fr-FR\"}]}<\/script>\n<!-- \/ Yoast SEO plugin. -->","yoast_head_json":{"title":"Collier NO STRESS en argent 925 plaqu\u00e9 platine rouge - Beatrice M\u00fcller","robots":{"index":"index","follow":"follow","max-snippet":"max-snippet:-1","max-image-preview":"max-image-preview:large","max-video-preview":"max-video-preview:-1"},"canonical":"https:\/\/beatrice-mueller.de\/fr\/produit\/collier-no-stress-en-argent-925-plaque-platine-rouge\/","og_locale":"fr_FR","og_type":"article","og_title":"Collier NO STRESS en argent 925 plaqu\u00e9 platine rouge - Beatrice M\u00fcller","og_description":"L\u2019agitation constante de la vie quotidienne n\u2019a pas lieu d\u2019\u00eatre&nbsp;! Choisissez votre collier pr\u00e9f\u00e9r\u00e9 et int\u00e9grez la pens\u00e9e NO STRESS dans votre vie. Vous l&#8217;aimez color\u00e9 ? Combinez ensuite deux couleurs ensemble ! Caract\u00e9ristiques: \u2718 Les deux cordons sont disponibles en 16 couleurs diff\u00e9rentes. \u2718 S&#8217;adapte \u00e0 la forme du cou gr\u00e2ce au cube coulissant. [&hellip;]","og_url":"https:\/\/beatrice-mueller.de\/fr\/produit\/collier-no-stress-en-argent-925-plaque-platine-rouge\/","og_site_name":"Beatrice M\u00fcller","og_image":[{"width":800,"height":800,"url":"https:\/\/beatrice-mueller.de\/wp-content\/uploads\/2022\/02\/1_8a30941b-0841-4032-b709-aad59c899d0a.jpg","type":"image\/jpeg"}],"twitter_card":"summary_large_image","schema":{"@context":"https:\/\/schema.org","@graph":[{"@type":"WebPage","@id":"https:\/\/beatrice-mueller.de\/fr\/produit\/collier-no-stress-en-argent-925-plaque-platine-rouge\/","url":"https:\/\/beatrice-mueller.de\/fr\/produit\/collier-no-stress-en-argent-925-plaque-platine-rouge\/","name":"Collier NO STRESS en argent 925 plaqu\u00e9 platine rouge - Beatrice M\u00fcller","isPartOf":{"@id":"https:\/\/beatrice-mueller.de\/fr\/#website"},"primaryImageOfPage":{"@id":"https:\/\/beatrice-mueller.de\/fr\/produit\/collier-no-stress-en-argent-925-plaque-platine-rouge\/#primaryimage"},"image":{"@id":"https:\/\/beatrice-mueller.de\/fr\/produit\/collier-no-stress-en-argent-925-plaque-platine-rouge\/#primaryimage"},"thumbnailUrl":"https:\/\/beatrice-mueller.de\/wp-content\/uploads\/2022\/02\/1_8a30941b-0841-4032-b709-aad59c899d0a.jpg","datePublished":"2025-02-16T11:56:46+00:00","breadcrumb":{"@id":"https:\/\/beatrice-mueller.de\/fr\/produit\/collier-no-stress-en-argent-925-plaque-platine-rouge\/#breadcrumb"},"inLanguage":"fr-FR","potentialAction":[{"@type":"ReadAction","target":["https:\/\/beatrice-mueller.de\/fr\/produit\/collier-no-stress-en-argent-925-plaque-platine-rouge\/"]}]},{"@type":"ImageObject","inLanguage":"fr-FR","@id":"https:\/\/beatrice-mueller.de\/fr\/produit\/collier-no-stress-en-argent-925-plaque-platine-rouge\/#primaryimage","url":"https:\/\/beatrice-mueller.de\/wp-content\/uploads\/2022\/02\/1_8a30941b-0841-4032-b709-aad59c899d0a.jpg","contentUrl":"https:\/\/beatrice-mueller.de\/wp-content\/uploads\/2022\/02\/1_8a30941b-0841-4032-b709-aad59c899d0a.jpg","width":800,"height":800},{"@type":"BreadcrumbList","@id":"https:\/\/beatrice-mueller.de\/fr\/produit\/collier-no-stress-en-argent-925-plaque-platine-rouge\/#breadcrumb","itemListElement":[{"@type":"ListItem","position":1,"name":"Startseite","item":"https:\/\/beatrice-mueller.de\/fr\/"},{"@type":"ListItem","position":2,"name":"Boutique","item":"https:\/\/beatrice-mueller.de\/fr\/boutique-2\/"},{"@type":"ListItem","position":3,"name":"Collier NO STRESS en argent 925 plaqu\u00e9 platine rouge"}]},{"@type":"WebSite","@id":"https:\/\/beatrice-mueller.de\/fr\/#website","url":"https:\/\/beatrice-mueller.de\/fr\/","name":"Beatrice M\u00fcller","description":"Schmuckdesign","potentialAction":[{"@type":"SearchAction","target":{"@type":"EntryPoint","urlTemplate":"https:\/\/beatrice-mueller.de\/fr\/?s={search_term_string}"},"query-input":{"@type":"PropertyValueSpecification","valueRequired":true,"valueName":"search_term_string"}}],"inLanguage":"fr-FR"}]}},"_links":{"self":[{"href":"https:\/\/beatrice-mueller.de\/fr\/wp-json\/wp\/v2\/product\/21365","targetHints":{"allow":["GET"]}}],"collection":[{"href":"https:\/\/beatrice-mueller.de\/fr\/wp-json\/wp\/v2\/product"}],"about":[{"href":"https:\/\/beatrice-mueller.de\/fr\/wp-json\/wp\/v2\/types\/product"}],"replies":[{"embeddable":true,"href":"https:\/\/beatrice-mueller.de\/fr\/wp-json\/wp\/v2\/comments?post=21365"}],"wp:featuredmedia":[{"embeddable":true,"href":"https:\/\/beatrice-mueller.de\/fr\/wp-json\/wp\/v2\/media\/21368"}],"wp:attachment":[{"href":"https:\/\/beatrice-mueller.de\/fr\/wp-json\/wp\/v2\/media?parent=21365"}],"wp:term":[{"taxonomy":"product_brand","embeddable":true,"href":"https:\/\/beatrice-mueller.de\/fr\/wp-json\/wp\/v2\/product_brand?post=21365"},{"taxonomy":"product_cat","embeddable":true,"href":"https:\/\/beatrice-mueller.de\/fr\/wp-json\/wp\/v2\/product_cat?post=21365"},{"taxonomy":"product_tag","embeddable":true,"href":"https:\/\/beatrice-mueller.de\/fr\/wp-json\/wp\/v2\/product_tag?post=21365"}],"curies":[{"name":"wp","href":"https:\/\/api.w.org\/{rel}","templated":true}]}}