{"id":21411,"date":"2025-02-16T12:56:49","date_gmt":"2025-02-16T11:56:49","guid":{"rendered":"https:\/\/beatrice-mueller.de\/produkt\/pendentif-signes-du-zodiaque-en-acier-inoxydable\/"},"modified":"2025-02-16T12:56:49","modified_gmt":"2025-02-16T11:56:49","slug":"pendentif-signes-du-zodiaque-en-acier-inoxydable","status":"publish","type":"product","link":"https:\/\/beatrice-mueller.de\/fr\/produit\/pendentif-signes-du-zodiaque-en-acier-inoxydable\/","title":{"rendered":"Pendentif SIGNES DU ZODIAQUE en acier inoxydable"},"content":{"rendered":"<div class=\"content--title\"><span style=\"display: inline-block;width: 0px;overflow: hidden;line-height: 0\" data-mce-type=\"bookmark\" class=\"mce_SELRES_start\"><\/span><span style=\"display: inline-block;width: 0px;overflow: hidden;line-height: 0\" data-mce-type=\"bookmark\" class=\"mce_SELRES_start\"><\/span><\/p>\n<p>&nbsp;<\/p>\n<div class=\"content--title\" style=\"text-align: left\">Ayez toujours votre signe du zodiaque avec vous ! La plaque en acier inoxydable mat est inoxydable et peut \u00eatre port\u00e9e sans h\u00e9sitation pendant la natation et le bain. Id\u00e9al pour les bracelets et les colliers, mais convient \u00e9galement comme d\u00e9coration pour les porte-cl\u00e9s, etc.  <\/div>\n<div class=\"content--title\" style=\"text-align: left\"><\/div>\n<div class=\"content--title\" style=\"text-align: left\"><span style=\"text-decoration: underline\">Caract\u00e9ristiques:<\/span><\/div>\n<div class=\"product--description\"><\/div>\n<div class=\"product--description\">\n<p style=\"text-align: left\"><span style=\"color: #ff0000\">\u2718<\/span> Pendentif double face avec constellation et p\u00e9riode correspondante au dos.<\/p>\n<p style=\"text-align: left\"><span data-mce-mark=\"1\"><span style=\"color: #ff0000\">\u2718<\/span> Tr\u00e8s bonne mobilit\u00e9 gr\u00e2ce \u00e0 la suspension sur anneau en acier.<\/span><\/p>\n<p style=\"text-align: left\"><span data-mce-mark=\"1\"><span style=\"color: #ff0000\">\u2718<\/span> Fabriqu\u00e9 dans notre propre atelier &#8211; qualit\u00e9 test\u00e9e \u00e0 la main.<\/span><\/p>\n<\/div>\n<p>&nbsp;<\/p>\n<div class=\"product--description\">\n<table style=\"width: 551px\" border=\"0\">\n<tbody>\n<tr>\n<td style=\"width: 297px\"><span data-mce-mark=\"1\"><strong>plaquettes de mat\u00e9riaux<\/strong><\/span><\/td>\n<td style=\"width: 238px\"><span data-mce-mark=\"1\">acier inoxydable<\/span><\/td>\n<\/tr>\n<tr>\n<td style=\"width: 297px\"><span data-mce-mark=\"1\"><strong>gravure laser couleur<\/strong><\/span><\/td>\n<td style=\"width: 238px\"><span data-mce-mark=\"1\">noir<\/span><\/td>\n<\/tr>\n<tr>\n<td style=\"width: 297px\"><span data-mce-mark=\"1\"><strong>plaque \u00f8<\/strong><\/span><\/td>\n<td style=\"width: 238px\"><span data-mce-mark=\"1\">16,5 mm<\/span><\/td>\n<\/tr>\n<tr>\n<td style=\"width: 297px\"><span data-mce-mark=\"1\"><strong>\u00e9paisseur du mat\u00e9riau de la plaque<\/strong><\/span><\/td>\n<td style=\"width: 238px\">0,9 mm<\/td>\n<\/tr>\n<\/tbody>\n<\/table>\n<\/div>\n<\/div>\n","protected":false},"excerpt":{"rendered":"<p>&nbsp; Ayez toujours votre signe du zodiaque avec vous ! La plaque en acier inoxydable mat est inoxydable et peut \u00eatre port\u00e9e sans h\u00e9sitation pendant la natation et le bain. Id\u00e9al pour les bracelets et les colliers, mais convient \u00e9galement comme d\u00e9coration pour les porte-cl\u00e9s, etc. Caract\u00e9ristiques: \u2718 Pendentif double face avec constellation et p\u00e9riode [&hellip;]<\/p>\n","protected":false},"featured_media":21416,"comment_status":"closed","ping_status":"closed","template":"","meta":{"_glsr_average":0,"_glsr_ranking":0,"_glsr_reviews":0},"product_brand":[],"product_cat":[595,576],"product_tag":[577,563],"class_list":{"0":"post-21411","1":"product","2":"type-product","3":"status-publish","4":"has-post-thumbnail","6":"product_cat-bande-annonce","7":"product_cat-signe-du-zodiaque","8":"product_tag-bijoux-du-zodiaque","9":"product_tag-conception-x","10":"pa_marke-x-design-fr","11":"pa_sternzeichen-fische-fr-2","12":"pa_sternzeichen-jungfrau-fr-2","13":"pa_sternzeichen-krebs-fr-2","14":"pa_sternzeichen-loewe-fr-2","15":"pa_sternzeichen-schuetze-fr","16":"pa_sternzeichen-skorpion-fr-2","17":"pa_sternzeichen-steinbock-fr-2","18":"pa_sternzeichen-stier-fr","19":"pa_sternzeichen-waage-fr-2","20":"pa_sternzeichen-wassermann-fr-2","21":"pa_sternzeichen-widder-fr","22":"pa_sternzeichen-zwillinge-fr","24":"first","25":"instock","26":"taxable","27":"shipping-taxable","28":"purchasable","29":"product-type-variable"},"exclude_global_add_ons":[],"addons":[],"yoast_head":"<!-- This site is optimized with the Yoast SEO plugin v25.6 - https:\/\/yoast.com\/wordpress\/plugins\/seo\/ -->\n<title>Pendentif SIGNES DU ZODIAQUE en acier inoxydable - Beatrice M\u00fcller<\/title>\n<meta name=\"robots\" content=\"index, follow, max-snippet:-1, max-image-preview:large, max-video-preview:-1\" \/>\n<link rel=\"canonical\" href=\"https:\/\/beatrice-mueller.de\/fr\/produit\/pendentif-signes-du-zodiaque-en-acier-inoxydable\/\" \/>\n<meta property=\"og:locale\" content=\"fr_FR\" \/>\n<meta property=\"og:type\" content=\"article\" \/>\n<meta property=\"og:title\" content=\"Pendentif SIGNES DU ZODIAQUE en acier inoxydable - Beatrice M\u00fcller\" \/>\n<meta property=\"og:description\" content=\"&nbsp; Ayez toujours votre signe du zodiaque avec vous ! La plaque en acier inoxydable mat est inoxydable et peut \u00eatre port\u00e9e sans h\u00e9sitation pendant la natation et le bain. Id\u00e9al pour les bracelets et les colliers, mais convient \u00e9galement comme d\u00e9coration pour les porte-cl\u00e9s, etc. Caract\u00e9ristiques: \u2718 Pendentif double face avec constellation et p\u00e9riode [&hellip;]\" \/>\n<meta property=\"og:url\" content=\"https:\/\/beatrice-mueller.de\/fr\/produit\/pendentif-signes-du-zodiaque-en-acier-inoxydable\/\" \/>\n<meta property=\"og:site_name\" content=\"Beatrice M\u00fcller\" \/>\n<meta property=\"og:image\" content=\"https:\/\/beatrice-mueller.de\/wp-content\/uploads\/2022\/02\/x-design_sternzeichen_fisch_front.jpg\" \/>\n\t<meta property=\"og:image:width\" content=\"1199\" \/>\n\t<meta property=\"og:image:height\" content=\"1200\" \/>\n\t<meta property=\"og:image:type\" content=\"image\/jpeg\" \/>\n<meta name=\"twitter:card\" content=\"summary_large_image\" \/>\n<meta name=\"twitter:label1\" content=\"Dur\u00e9e de lecture estim\u00e9e\" \/>\n\t<meta name=\"twitter:data1\" content=\"1 minute\" \/>\n<script type=\"application\/ld+json\" class=\"yoast-schema-graph\">{\"@context\":\"https:\/\/schema.org\",\"@graph\":[{\"@type\":\"WebPage\",\"@id\":\"https:\/\/beatrice-mueller.de\/fr\/produit\/pendentif-signes-du-zodiaque-en-acier-inoxydable\/\",\"url\":\"https:\/\/beatrice-mueller.de\/fr\/produit\/pendentif-signes-du-zodiaque-en-acier-inoxydable\/\",\"name\":\"Pendentif SIGNES DU ZODIAQUE en acier inoxydable - Beatrice M\u00fcller\",\"isPartOf\":{\"@id\":\"https:\/\/beatrice-mueller.de\/fr\/#website\"},\"primaryImageOfPage\":{\"@id\":\"https:\/\/beatrice-mueller.de\/fr\/produit\/pendentif-signes-du-zodiaque-en-acier-inoxydable\/#primaryimage\"},\"image\":{\"@id\":\"https:\/\/beatrice-mueller.de\/fr\/produit\/pendentif-signes-du-zodiaque-en-acier-inoxydable\/#primaryimage\"},\"thumbnailUrl\":\"https:\/\/beatrice-mueller.de\/wp-content\/uploads\/2022\/02\/x-design_sternzeichen_fisch_front.jpg\",\"datePublished\":\"2025-02-16T11:56:49+00:00\",\"breadcrumb\":{\"@id\":\"https:\/\/beatrice-mueller.de\/fr\/produit\/pendentif-signes-du-zodiaque-en-acier-inoxydable\/#breadcrumb\"},\"inLanguage\":\"fr-FR\",\"potentialAction\":[{\"@type\":\"ReadAction\",\"target\":[\"https:\/\/beatrice-mueller.de\/fr\/produit\/pendentif-signes-du-zodiaque-en-acier-inoxydable\/\"]}]},{\"@type\":\"ImageObject\",\"inLanguage\":\"fr-FR\",\"@id\":\"https:\/\/beatrice-mueller.de\/fr\/produit\/pendentif-signes-du-zodiaque-en-acier-inoxydable\/#primaryimage\",\"url\":\"https:\/\/beatrice-mueller.de\/wp-content\/uploads\/2022\/02\/x-design_sternzeichen_fisch_front.jpg\",\"contentUrl\":\"https:\/\/beatrice-mueller.de\/wp-content\/uploads\/2022\/02\/x-design_sternzeichen_fisch_front.jpg\",\"width\":1199,\"height\":1200},{\"@type\":\"BreadcrumbList\",\"@id\":\"https:\/\/beatrice-mueller.de\/fr\/produit\/pendentif-signes-du-zodiaque-en-acier-inoxydable\/#breadcrumb\",\"itemListElement\":[{\"@type\":\"ListItem\",\"position\":1,\"name\":\"Startseite\",\"item\":\"https:\/\/beatrice-mueller.de\/fr\/\"},{\"@type\":\"ListItem\",\"position\":2,\"name\":\"Boutique\",\"item\":\"https:\/\/beatrice-mueller.de\/fr\/boutique-2\/\"},{\"@type\":\"ListItem\",\"position\":3,\"name\":\"Pendentif SIGNES DU ZODIAQUE en acier inoxydable\"}]},{\"@type\":\"WebSite\",\"@id\":\"https:\/\/beatrice-mueller.de\/fr\/#website\",\"url\":\"https:\/\/beatrice-mueller.de\/fr\/\",\"name\":\"Beatrice M\u00fcller\",\"description\":\"Schmuckdesign\",\"potentialAction\":[{\"@type\":\"SearchAction\",\"target\":{\"@type\":\"EntryPoint\",\"urlTemplate\":\"https:\/\/beatrice-mueller.de\/fr\/?s={search_term_string}\"},\"query-input\":{\"@type\":\"PropertyValueSpecification\",\"valueRequired\":true,\"valueName\":\"search_term_string\"}}],\"inLanguage\":\"fr-FR\"}]}<\/script>\n<!-- \/ Yoast SEO plugin. -->","yoast_head_json":{"title":"Pendentif SIGNES DU ZODIAQUE en acier inoxydable - Beatrice M\u00fcller","robots":{"index":"index","follow":"follow","max-snippet":"max-snippet:-1","max-image-preview":"max-image-preview:large","max-video-preview":"max-video-preview:-1"},"canonical":"https:\/\/beatrice-mueller.de\/fr\/produit\/pendentif-signes-du-zodiaque-en-acier-inoxydable\/","og_locale":"fr_FR","og_type":"article","og_title":"Pendentif SIGNES DU ZODIAQUE en acier inoxydable - Beatrice M\u00fcller","og_description":"&nbsp; Ayez toujours votre signe du zodiaque avec vous ! La plaque en acier inoxydable mat est inoxydable et peut \u00eatre port\u00e9e sans h\u00e9sitation pendant la natation et le bain. Id\u00e9al pour les bracelets et les colliers, mais convient \u00e9galement comme d\u00e9coration pour les porte-cl\u00e9s, etc. Caract\u00e9ristiques: \u2718 Pendentif double face avec constellation et p\u00e9riode [&hellip;]","og_url":"https:\/\/beatrice-mueller.de\/fr\/produit\/pendentif-signes-du-zodiaque-en-acier-inoxydable\/","og_site_name":"Beatrice M\u00fcller","og_image":[{"width":1199,"height":1200,"url":"https:\/\/beatrice-mueller.de\/wp-content\/uploads\/2022\/02\/x-design_sternzeichen_fisch_front.jpg","type":"image\/jpeg"}],"twitter_card":"summary_large_image","twitter_misc":{"Dur\u00e9e de lecture estim\u00e9e":"1 minute"},"schema":{"@context":"https:\/\/schema.org","@graph":[{"@type":"WebPage","@id":"https:\/\/beatrice-mueller.de\/fr\/produit\/pendentif-signes-du-zodiaque-en-acier-inoxydable\/","url":"https:\/\/beatrice-mueller.de\/fr\/produit\/pendentif-signes-du-zodiaque-en-acier-inoxydable\/","name":"Pendentif SIGNES DU ZODIAQUE en acier inoxydable - Beatrice M\u00fcller","isPartOf":{"@id":"https:\/\/beatrice-mueller.de\/fr\/#website"},"primaryImageOfPage":{"@id":"https:\/\/beatrice-mueller.de\/fr\/produit\/pendentif-signes-du-zodiaque-en-acier-inoxydable\/#primaryimage"},"image":{"@id":"https:\/\/beatrice-mueller.de\/fr\/produit\/pendentif-signes-du-zodiaque-en-acier-inoxydable\/#primaryimage"},"thumbnailUrl":"https:\/\/beatrice-mueller.de\/wp-content\/uploads\/2022\/02\/x-design_sternzeichen_fisch_front.jpg","datePublished":"2025-02-16T11:56:49+00:00","breadcrumb":{"@id":"https:\/\/beatrice-mueller.de\/fr\/produit\/pendentif-signes-du-zodiaque-en-acier-inoxydable\/#breadcrumb"},"inLanguage":"fr-FR","potentialAction":[{"@type":"ReadAction","target":["https:\/\/beatrice-mueller.de\/fr\/produit\/pendentif-signes-du-zodiaque-en-acier-inoxydable\/"]}]},{"@type":"ImageObject","inLanguage":"fr-FR","@id":"https:\/\/beatrice-mueller.de\/fr\/produit\/pendentif-signes-du-zodiaque-en-acier-inoxydable\/#primaryimage","url":"https:\/\/beatrice-mueller.de\/wp-content\/uploads\/2022\/02\/x-design_sternzeichen_fisch_front.jpg","contentUrl":"https:\/\/beatrice-mueller.de\/wp-content\/uploads\/2022\/02\/x-design_sternzeichen_fisch_front.jpg","width":1199,"height":1200},{"@type":"BreadcrumbList","@id":"https:\/\/beatrice-mueller.de\/fr\/produit\/pendentif-signes-du-zodiaque-en-acier-inoxydable\/#breadcrumb","itemListElement":[{"@type":"ListItem","position":1,"name":"Startseite","item":"https:\/\/beatrice-mueller.de\/fr\/"},{"@type":"ListItem","position":2,"name":"Boutique","item":"https:\/\/beatrice-mueller.de\/fr\/boutique-2\/"},{"@type":"ListItem","position":3,"name":"Pendentif SIGNES DU ZODIAQUE en acier inoxydable"}]},{"@type":"WebSite","@id":"https:\/\/beatrice-mueller.de\/fr\/#website","url":"https:\/\/beatrice-mueller.de\/fr\/","name":"Beatrice M\u00fcller","description":"Schmuckdesign","potentialAction":[{"@type":"SearchAction","target":{"@type":"EntryPoint","urlTemplate":"https:\/\/beatrice-mueller.de\/fr\/?s={search_term_string}"},"query-input":{"@type":"PropertyValueSpecification","valueRequired":true,"valueName":"search_term_string"}}],"inLanguage":"fr-FR"}]}},"_links":{"self":[{"href":"https:\/\/beatrice-mueller.de\/fr\/wp-json\/wp\/v2\/product\/21411","targetHints":{"allow":["GET"]}}],"collection":[{"href":"https:\/\/beatrice-mueller.de\/fr\/wp-json\/wp\/v2\/product"}],"about":[{"href":"https:\/\/beatrice-mueller.de\/fr\/wp-json\/wp\/v2\/types\/product"}],"replies":[{"embeddable":true,"href":"https:\/\/beatrice-mueller.de\/fr\/wp-json\/wp\/v2\/comments?post=21411"}],"wp:featuredmedia":[{"embeddable":true,"href":"https:\/\/beatrice-mueller.de\/fr\/wp-json\/wp\/v2\/media\/21416"}],"wp:attachment":[{"href":"https:\/\/beatrice-mueller.de\/fr\/wp-json\/wp\/v2\/media?parent=21411"}],"wp:term":[{"taxonomy":"product_brand","embeddable":true,"href":"https:\/\/beatrice-mueller.de\/fr\/wp-json\/wp\/v2\/product_brand?post=21411"},{"taxonomy":"product_cat","embeddable":true,"href":"https:\/\/beatrice-mueller.de\/fr\/wp-json\/wp\/v2\/product_cat?post=21411"},{"taxonomy":"product_tag","embeddable":true,"href":"https:\/\/beatrice-mueller.de\/fr\/wp-json\/wp\/v2\/product_tag?post=21411"}],"curies":[{"name":"wp","href":"https:\/\/api.w.org\/{rel}","templated":true}]}}